{"id":50665,"date":"2024-04-06T01:24:32","date_gmt":"2024-04-05T23:24:32","guid":{"rendered":"https:\/\/obera.fr\/na-2-2-mobil-islak-toz-toplayici\/"},"modified":"2025-06-27T15:38:59","modified_gmt":"2025-06-27T13:38:59","slug":"na-2-2-depoussiereur-a-voie-humide","status":"publish","type":"page","link":"https:\/\/obera.fr\/tr\/produits\/depoussiereurs-industriels\/mobiles\/na-2-2-depoussiereur-a-voie-humide\/","title":{"rendered":"NA 2.2 : mobil \u0131slak toz toplay\u0131c\u0131"},"content":{"rendered":"\n<p>At\u00f6lyelerinizde olu\u015fan yap\u0131\u015fkan maddeleri ve orak etkisi yaratan tozlar\u0131 vakumlamak i\u00e7in NA 2.2 \u0131slak toz toplay\u0131c\u0131y\u0131 ke\u015ffedin.<\/p>\n\n<h2 class=\"wp-block-heading\">NA 2.2 \u0131slak toz toplay\u0131c\u0131: \u00e7al\u0131\u015ft\u0131rma ve kullan\u0131m<\/h2>\n\n<div class=\"wp-block-columns is-layout-flex wp-container-core-columns-is-layout-28f84493 wp-block-columns-is-layout-flex\">\n<div class=\"wp-block-column is-layout-flow wp-block-column-is-layout-flow\" style=\"flex-basis:33.33%\">\n<figure class=\"wp-block-image aligncenter size-full\"><img decoding=\"async\" width=\"600\" height=\"600\" src=\"https:\/\/obera.fr\/wp-content\/uploads\/2024\/04\/obera-na-2-2-depoussiereur-a-voie-humide-mobile.jpg\" alt=\"NA 2.2 : mobil &#x131;slak toz toplay&#x131;c&#x131;\" class=\"wp-image-29475\" srcset=\"https:\/\/obera.fr\/wp-content\/uploads\/2024\/04\/obera-na-2-2-depoussiereur-a-voie-humide-mobile.jpg 600w, https:\/\/obera.fr\/wp-content\/uploads\/2024\/04\/obera-na-2-2-depoussiereur-a-voie-humide-mobile-300x300.jpg 300w, https:\/\/obera.fr\/wp-content\/uploads\/2024\/04\/obera-na-2-2-depoussiereur-a-voie-humide-mobile-150x150.jpg 150w\" sizes=\"(max-width: 600px) 100vw, 600px\" \/><\/figure>\n<\/div>\n\n\n\n<div class=\"wp-block-column is-layout-flow wp-block-column-is-layout-flow\" style=\"flex-basis:66.66%\">\n<p>Islak toz toplay\u0131c\u0131larda kullan\u0131lan filtreleme sistemi, filtreleme ortam\u0131 olarak su kullan\u0131larak merkezka\u00e7 kuvveti prensibine dayan\u0131r. Pratik anlamda, ince partik\u00fcller ve toz y\u00fckl\u00fc hava, dahili fan taraf\u0131ndan toz toplay\u0131c\u0131da tutulur. Hava daha sonra p\u00fcsk\u00fcrtme nozullar\u0131 arac\u0131l\u0131\u011f\u0131yla suyla doyurulur, bu da tozu topakla\u015ft\u0131r\u0131r ve yakalanmas\u0131n\u0131 kolayla\u015ft\u0131r\u0131r. Par\u00e7ac\u0131klar\u0131 ay\u0131rmak i\u00e7in hava ve su y\u00fcksek h\u0131zda d\u00f6nerek onlar\u0131 toz toplay\u0131c\u0131n\u0131n duvar\u0131na do\u011fru f\u0131rlat\u0131r (girdap prensibi). Temiz hava, santrif\u00fcjl\u00fc ekstraksiyon fan\u0131 taraf\u0131ndan \u00e7ekilir ve atmosfere sal\u0131n\u0131r.<\/p>\n\n\n\n<p>Testere ile kesme ve dilimlemenin yan\u0131 s\u0131ra ta\u015flama, parlatma, tala\u015f kald\u0131rma, frezeleme, bo\u015faltma, doldurma ve kar\u0131\u015ft\u0131rma i\u00e7in de idealdir. ATEX versiyonu opsiyonel olarak mevcuttur.<\/p>\n\n\n\n<p>Hangi kullan\u0131mlar i\u00e7in? NA 2.2 \u0131slak toz toplay\u0131c\u0131, \u00f6zellikle yap\u0131\u015fkan maddelerin vakumlanmas\u0131 ve g\u00fc\u00e7l\u00fc k\u0131v\u0131lc\u0131m olu\u015fturan i\u015flemler s\u0131ras\u0131nda iyi performans g\u00f6sterir. Metal tozlar\u0131n\u0131, yap\u0131\u015fkan tozlar\u0131 ve yan\u0131c\u0131 tozlar\u0131 \u00e7\u0131karmak i\u00e7in idealdir. Bu da onu g\u0131da i\u015fleme ve metal i\u015fleme end\u00fcstrilerinde kullan\u0131m i\u00e7in ideal hale getirir.<\/p>\n\n\n\n<div class=\"wp-block-columns is-layout-flex wp-container-core-columns-is-layout-28f84493 wp-block-columns-is-layout-flex\">\n<div class=\"wp-block-column is-layout-flow wp-block-column-is-layout-flow\">\n<div class=\"wp-block-buttons is-layout-flex wp-block-buttons-is-layout-flex\">\n<div class=\"wp-block-button\"><a class=\"wp-block-button__link wp-element-button\" href=\"https:\/\/obera.fr\/wp-content\/uploads\/2025\/04\/brochure-na-2.2-fr.pdf\">Bro\u015f\u00fcr\u00fc indirin<\/a><\/div>\n<\/div>\n<\/div>\n\n\n\n<div class=\"wp-block-column is-layout-flow wp-block-column-is-layout-flow\">\n<div class=\"wp-block-buttons is-layout-flex wp-block-buttons-is-layout-flex\">\n<div class=\"wp-block-button\"><a class=\"wp-block-button__link wp-element-button\" href=\"https:\/\/obera.fr\/contact\/\">Ki\u015fiselle\u015ftirilmi\u015f tavsiyeye mi ihtiyac\u0131n\u0131z var?<\/a><\/div>\n<\/div>\n<\/div>\n\n\n\n<div class=\"wp-block-column is-layout-flow wp-block-column-is-layout-flow\">\n<div class=\"wp-block-buttons is-content-justification-center is-layout-flex wp-container-core-buttons-is-layout-a89b3969 wp-block-buttons-is-layout-flex\">\n<div class=\"wp-block-button btn-devis-source\"><a class=\"wp-block-button__link wp-element-button\" href=\"https:\/\/obera.fr\/tr\/devis\/\">Fiyat teklifi isteyin<\/a><\/div>\n<\/div>\n\n\n<script>\r\ndocument.addEventListener('DOMContentLoaded', function() {\r\n    \/\/ 1. On cherche le titre H1 de la page\r\n    var h1 = document.querySelector('h1');\r\n    var productTitle = h1 ? h1.innerText.trim() : \"\";\r\n\r\n    \/\/ 2. On cherche les boutons via la classe CSS .btn-devis-source\r\n    var buttons = document.querySelectorAll('.btn-devis-source a');\r\n\r\n    \/\/ 3. Si on a le titre et les boutons, on ajoute le param\u00e8tre\r\n    if (buttons.length > 0 && productTitle !== \"\") {\r\n        var encodedTitle = encodeURIComponent(productTitle);\r\n\r\n        buttons.forEach(function(btn) {\r\n            var currentHref = btn.getAttribute('href');\r\n            \r\n            \/\/ S\u00e9curit\u00e9 pour ne pas ajouter le param\u00e8tre 2 fois\r\n            if (currentHref.indexOf('sujet=') === -1) {\r\n                var separator = currentHref.indexOf('?') !== -1 ? '&' : '?';\r\n                var newLink = currentHref + separator + 'sujet=' + encodedTitle;\r\n                \r\n                btn.setAttribute('href', newLink);\r\n            }\r\n        });\r\n    }\r\n});\r\n<\/script><\/div>\n<\/div>\n<\/div>\n<\/div>\n\n<h2 class=\"wp-block-heading\">NA 2.2 \u0131slak toz toplay\u0131c\u0131n\u0131n \u00f6zellikleri<\/h2>\n\n<p>Son derece mobil olmas\u0131n\u0131n yan\u0131 s\u0131ra, tasar\u0131m\u0131 da NA cihazlar\u0131nda daha \u00f6nce hi\u00e7 g\u00f6r\u00fclmemi\u015f bir \u015fey sunuyor: kompakt, yerden tasarruf sa\u011flayan bir tasar\u0131m. \u015eimdiye kadar, su separat\u00f6rleri geni\u015f bir uygulama yelpazesini kapsayacak \u015fekilde daha b\u00fcy\u00fck bir ayak izi (\u00e7ok daha b\u00fcy\u00fck boyutlar) ile sadece sabit olabilirdi. NA toz toplay\u0131c\u0131lar\u0131 art\u0131k performans ve kullan\u0131m kolayl\u0131\u011f\u0131n\u0131 esnek, kompakt mobil \u00fcnitelerle birle\u015ftirmeyi ba\u015farm\u0131\u015ft\u0131r. Ayr\u0131ca NA ekipman\u0131, cihaz\u0131n i\u00e7 k\u0131sm\u0131na kolay eri\u015fim i\u00e7in her zaman e\u011filebilir bir \u00fcst b\u00f6l\u00fcmle donat\u0131lm\u0131\u015ft\u0131r.<\/p>\n\n<p>NA serisi ayr\u0131ca \u00e7ok az g\u00fcr\u00fclt\u00fc yayar: 68 dB(A). Bu, operat\u00f6rleri rahats\u0131z etmeden do\u011frudan \u00e7e\u015fitli i\u015f istasyonlar\u0131nda kullan\u0131labilece\u011fi anlam\u0131na gelir.<\/p>\n\n<blockquote class=\"wp-block-quote is-layout-flow wp-block-quote-is-layout-flow\">\n<p>Se\u00e7enekler: NA 2.2 \u0131slak toz toplay\u0131c\u0131, 50 mm hortum \u00e7ap\u0131na sahip bir temizleme s\u00fcp\u00fcrgesi olarak da mevcuttur. \u0130nce ve organik toz \u00fcreten ve s\u0131k\u0131 hijyen ve g\u0131da g\u00fcvenli\u011fi d\u00fczenlemelerine tabi olan g\u0131da end\u00fcstrisinin gereksinimlerini kar\u015f\u0131lamak i\u00e7in paslanmaz \u00e7elik versiyonu mevcuttur. Potansiyel olarak patlay\u0131c\u0131 alanlarda (B\u00f6lge 22) faaliyet g\u00f6steren end\u00fcstriler i\u00e7in bir ba\u015fka \u00f6nemli se\u00e7enek: kuru, yan\u0131c\u0131, iletken olmayan tozlar\u0131n g\u00fcvenli bir \u015fekilde \u00e7\u0131kar\u0131lmas\u0131 i\u00e7in ATEX versiyonu.<\/p>\n<\/blockquote>\n\n<h3 class=\"wp-block-heading has-text-align-center\">END\u00dcSTR\u0130LER<\/h3>\n\n<div class=\"wp-block-columns is-layout-flex wp-container-core-columns-is-layout-28f84493 wp-block-columns-is-layout-flex\">\n<div class=\"wp-block-column is-layout-flow wp-block-column-is-layout-flow\">\n<hr class=\"wp-block-separator has-alpha-channel-opacity\"\/>\n\n\n\n<div class=\"wp-block-columns is-layout-flex wp-container-core-columns-is-layout-28f84493 wp-block-columns-is-layout-flex\">\n<div class=\"wp-block-column is-layout-flow wp-block-column-is-layout-flow\">\n<figure class=\"wp-block-image aligncenter size-thumbnail is-resized\"><img decoding=\"async\" width=\"150\" height=\"150\" src=\"https:\/\/obera.fr\/wp-content\/uploads\/2022\/02\/Metalurgie-150x150.png\" alt=\"METALURJ&#x130;\" class=\"wp-image-8857\"\/><figcaption class=\"wp-element-caption\">Metalurji<\/figcaption><\/figure>\n<\/div>\n\n\n\n<div class=\"wp-block-column is-layout-flow wp-block-column-is-layout-flow\">\n<figure class=\"wp-block-image aligncenter size-thumbnail is-resized\"><img decoding=\"async\" width=\"150\" height=\"150\" src=\"https:\/\/obera.fr\/wp-content\/uploads\/2022\/02\/AGROALIMENTAIRE-150x150.png\" alt=\"tar&#x131;msal g&#x131;da\" class=\"wp-image-8844\"\/><figcaption class=\"wp-element-caption\">G\u0131da end\u00fcstrisi<\/figcaption><\/figure>\n<\/div>\n<\/div>\n<\/div>\n\n\n\n<div class=\"wp-block-column is-layout-flow wp-block-column-is-layout-flow\">\n<hr class=\"wp-block-separator has-alpha-channel-opacity\"\/>\n\n\n\n<div class=\"wp-block-columns is-layout-flex wp-container-core-columns-is-layout-28f84493 wp-block-columns-is-layout-flex\">\n<div class=\"wp-block-column is-layout-flow wp-block-column-is-layout-flow\"><\/div>\n\n\n\n<div class=\"wp-block-column is-layout-flow wp-block-column-is-layout-flow\"><\/div>\n<\/div>\n<\/div>\n<\/div>\n\n<table id=\"tablepress-201\" class=\"tablepress tablepress-id-201\">\n<tbody class=\"row-striping row-hover\">\n<tr class=\"row-1\">\n\t<td class=\"column-1\">Volume d\u2019air max. D\u00e9bit d\u2019air<\/td><td class=\"column-2\">M3\/h<\/td><td class=\"column-3\">300<\/td>\n<\/tr>\n<tr class=\"row-2\">\n\t<td class=\"column-1\">Diam\u00e8tre d\u2019entr\u00e9e\/de sortie<\/td><td class=\"column-2\">mm<\/td><td class=\"column-3\">50\/-<\/td>\n<\/tr>\n<tr class=\"row-3\">\n\t<td class=\"column-1\">Pression d\u2019air max. D\u00e9pression<\/td><td class=\"column-2\">Pa<\/td><td class=\"column-3\">21.000<\/td>\n<\/tr>\n<tr class=\"row-4\">\n\t<td class=\"column-1\">Puissance d\u2019entra\u00eenement<\/td><td class=\"column-2\">kW<\/td><td class=\"column-3\">2.2<\/td>\n<\/tr>\n<tr class=\"row-5\">\n\t<td class=\"column-1\">Contenu en eau<\/td><td class=\"column-2\">L<\/td><td class=\"column-3\">40<\/td>\n<\/tr>\n<tr class=\"row-6\">\n\t<td class=\"column-1\">R\u00e9servoir de collecte de volume<\/td><td class=\"column-2\">L<\/td><td class=\"column-3\">100<\/td>\n<\/tr>\n<tr class=\"row-7\">\n\t<td class=\"column-1\">Dimensions (L\/l\/h)<\/td><td class=\"column-2\">mm<\/td><td class=\"column-3\">1.260x630x1.560<\/td>\n<\/tr>\n<tr class=\"row-8\">\n\t<td class=\"column-1\">Poids (sans eau)<\/td><td class=\"column-2\">kg<\/td><td class=\"column-3\">130<\/td>\n<\/tr>\n<tr class=\"row-9\">\n\t<td class=\"column-1\">\u00c9missions sonores<\/td><td class=\"column-2\">dB(A)<\/td><td class=\"column-3\">68<\/td>\n<\/tr>\n<\/tbody>\n<\/table>\n\n\n<div class=\"wp-block-buttons is-content-justification-center is-layout-flex wp-container-core-buttons-is-layout-a89b3969 wp-block-buttons-is-layout-flex\">\n<div class=\"wp-block-button\"><a class=\"wp-block-button__link wp-element-button\" href=\"https:\/\/obera.fr\/wp-content\/uploads\/2025\/04\/brochure-na-2.2-de.pdf\">\u00dcR\u00dcN VERI\u0307 SAYFASINI I\u0307NDI\u0307RI\u0307N<\/a><\/div>\n<\/div>\n\n<figure class=\"wp-block-table\"><table class=\"has-fixed-layout\"><tbody><tr><td>Maks. hava hacmi Hava ak\u0131\u015f h\u0131z\u0131<\/td><td>M3\/h<\/td><td>300<\/td><\/tr><tr><td>Giri\u015f\/\u00e7\u0131k\u0131\u015f \u00e7ap\u0131<\/td><td>mm<\/td><td>50\/-<\/td><\/tr><tr><td>Maks. hava bas\u0131nc\u0131 Depresyon<\/td><td>Pa<\/td><td>21.000<\/td><\/tr><tr><td>S\u00fcr\u00fcc\u00fc g\u00fcc\u00fc<\/td><td>kW<\/td><td>2.2<\/td><\/tr><tr><td>Su i\u00e7eri\u011fi<\/td><td>L<\/td><td>40<\/td><\/tr><tr><td>Hacim toplama tank\u0131<\/td><td>L<\/td><td>100<\/td><\/tr><tr><td>Boyutlar (L\/W\/H)<\/td><td>mm<\/td><td>1,260x630x1,560 cm<\/td><\/tr><tr><td>A\u011f\u0131rl\u0131k (susuz)<\/td><td>kg<\/td><td>130<\/td><\/tr><tr><td>G\u00fcr\u00fclt\u00fc emisyonlar\u0131<\/td><td>dB(A)<\/td><td>68<\/td><\/tr><\/tbody><\/table><\/figure>\n\n<div style=\"height:34px\" aria-hidden=\"true\" class=\"wp-block-spacer\"><\/div>\n\n<h2 class=\"wp-block-heading\">NA 2.2 \u0131slak toz toplay\u0131c\u0131n\u0131n avantajlar\u0131 nelerdir?<\/h2>\n\n<p>Islak toz toplay\u0131c\u0131, \u00fcretim tesislerinde optimum hava kalitesini sa\u011flamak i\u00e7in filtreleme teknolojisini kullan\u0131r. Ekiplerinizin sa\u011fl\u0131\u011f\u0131n\u0131 koruman\u0131n yan\u0131 s\u0131ra, makine ve ekipmanlar\u0131n\u0131z\u0131n ar\u0131zalanma ve hasar g\u00f6rme riskini de azalt\u0131rs\u0131n\u0131z.<\/p>\n\n<p>Mobil ve esnek NA 2.2 \u0131slak toz toplay\u0131c\u0131n\u0131n yumu\u015fak tekerlekleri sayesinde manevra yapmas\u0131 kolayd\u0131r. Maksimum kullan\u0131c\u0131 konforu i\u00e7in s\u0131k yer de\u011fi\u015ftirmeye ideal \u015fekilde uygundur. Ayr\u0131ca az yer kaplayan kompakt bir yap\u0131ya sahiptir.<\/p>\n\n<p>NA 2.2 \u0131slak toz toplay\u0131c\u0131, maksimum kullan\u0131c\u0131 konforu i\u00e7in otomatik su seviyesi kontrol\u00fc veya \u00fcniteye otomatik olarak su sa\u011flamak i\u00e7in bir solenoid valf gibi di\u011fer ekipmanlarla birle\u015ftirilebilir.<\/p>\n\n<div class=\"wp-block-columns is-layout-flex wp-container-core-columns-is-layout-28f84493 wp-block-columns-is-layout-flex\">\n<div class=\"wp-block-column is-layout-flow wp-block-column-is-layout-flow\" style=\"flex-basis:33.34%\">\n<h3 class=\"wp-block-heading\">Avantajlar :<\/h3>\n\n\n\n<ul class=\"wp-block-list\">\n<li>Sessiz ve kompakt;<\/li>\n\n\n\n<li>Esnek uygulama olanaklar\u0131.<\/li>\n<\/ul>\n<\/div>\n\n\n\n<div class=\"wp-block-column is-layout-flow wp-block-column-is-layout-flow\" style=\"flex-basis:33.34%\">\n<h3 class=\"wp-block-heading\">\u00d6zel \u00f6zellikler:<\/h3>\n\n\n\n<ul class=\"wp-block-list\">\n<li>Yap\u0131\u015fkan tozlar\u0131n emilmesi, k\u0131v\u0131lc\u0131m projeksiyonu i\u015f s\u00fcre\u00e7leri i\u00e7in uygundur;<\/li>\n\n\n\n<li>Temizlik s\u00fcp\u00fcrgesi olarak mevcuttur.<\/li>\n<\/ul>\n\n\n\n<div style=\"height:26px\" aria-hidden=\"true\" class=\"wp-block-spacer\"><\/div>\n<\/div>\n\n\n\n<div class=\"wp-block-column is-layout-flow wp-block-column-is-layout-flow\" style=\"flex-basis:33.33%\">\n<h3 class=\"wp-block-heading\">\u00d6zellikler :<\/h3>\n\n\n\n<ul class=\"wp-block-list\">\n<li>\u0130ste\u011fe ba\u011fl\u0131 <a href=\"https:\/\/obera.fr\/tr\/produits\/atex\/\" data-type=\"page\" data-id=\"372\">ATEX<\/a> versiyonu ;<\/li>\n\n\n\n<li>Paslanmaz \u00e7elik olarak mevcuttur.<\/li>\n<\/ul>\n<\/div>\n<\/div>\n\n<div class=\"wp-block-buttons is-content-justification-center is-layout-flex wp-container-core-buttons-is-layout-a89b3969 wp-block-buttons-is-layout-flex\">\n<div class=\"wp-block-button\"><a class=\"wp-block-button__link wp-element-button\" href=\"https:\/\/obera.fr\/tr\/contact\/\">NA 2.2 TOZ TOPLAYICININ TEST EDI\u0307LMESI\u0307<\/a><\/div>\n<\/div>\n\n<div style=\"height:25px\" aria-hidden=\"true\" class=\"wp-block-spacer\"><\/div>\n\n<h2 class=\"wp-block-heading\">OberA markas\u0131n\u0131n di\u011fer mobil toz toplay\u0131c\u0131lar\u0131<\/h2>\n\n<div class=\"wp-block-columns is-layout-flex wp-container-core-columns-is-layout-28f84493 wp-block-columns-is-layout-flex\">\n<div class=\"wp-block-column is-layout-flow wp-block-column-is-layout-flow\">\n<figure class=\"wp-block-image aligncenter size-medium\"><a href=\"https:\/\/obera.fr\/produits\/depoussiereurs-industriels\/mobiles\/srf-k\/\"><img decoding=\"async\" width=\"300\" height=\"300\" src=\"https:\/\/obera.fr\/wp-content\/uploads\/2020\/10\/SRF-K-SF-300x300.png\" alt=\"Srf K Sf\" class=\"wp-image-1309\" srcset=\"https:\/\/obera.fr\/wp-content\/uploads\/2020\/10\/SRF-K-SF-300x300.png 300w, https:\/\/obera.fr\/wp-content\/uploads\/2020\/10\/SRF-K-SF-150x150.png 150w, https:\/\/obera.fr\/wp-content\/uploads\/2020\/10\/SRF-K-SF.png 600w\" sizes=\"(max-width: 300px) 100vw, 300px\" \/><\/a><figcaption class=\"wp-element-caption\">SRF-K<\/figcaption><\/figure>\n<\/div>\n\n\n\n<div class=\"wp-block-column is-layout-flow wp-block-column-is-layout-flow\">\n<figure class=\"wp-block-image aligncenter size-medium\"><a href=\"https:\/\/obera.fr\/produits\/depoussiereurs-industriels\/mobiles\/aspiration-poussiere-dustomat-10\/\"><img decoding=\"async\" width=\"300\" height=\"300\" src=\"https:\/\/obera.fr\/wp-content\/uploads\/2020\/10\/extracteur-poussiere-mobile-DUSTOMAT-10-300x300.png\" alt=\"Dustomat 10 Mobil Toz Emici\" class=\"wp-image-1306\" srcset=\"https:\/\/obera.fr\/wp-content\/uploads\/2020\/10\/extracteur-poussiere-mobile-DUSTOMAT-10-300x300.png 300w, https:\/\/obera.fr\/wp-content\/uploads\/2020\/10\/extracteur-poussiere-mobile-DUSTOMAT-10-150x150.png 150w, https:\/\/obera.fr\/wp-content\/uploads\/2020\/10\/extracteur-poussiere-mobile-DUSTOMAT-10.png 600w\" sizes=\"(max-width: 300px) 100vw, 300px\" \/><\/a><figcaption class=\"wp-element-caption\">DUSTOMAT 10<\/figcaption><\/figure>\n<\/div>\n\n\n\n<div class=\"wp-block-column is-layout-flow wp-block-column-is-layout-flow\">\n<figure class=\"wp-block-image aligncenter size-medium\"><a href=\"https:\/\/obera.fr\/produits\/depoussiereurs-industriels\/mobiles\/extracteur-poussiere-pulverulente-dustomat-16m\/\"><img decoding=\"async\" width=\"300\" height=\"300\" src=\"https:\/\/obera.fr\/wp-content\/uploads\/2020\/10\/extracteur-poussiere-pulverulente-DUSTOMAT-16-300x300.png\" alt=\"Pulverulent Toz Emici Dustomat 16\" class=\"wp-image-1307\" srcset=\"https:\/\/obera.fr\/wp-content\/uploads\/2020\/10\/extracteur-poussiere-pulverulente-DUSTOMAT-16-300x300.png 300w, https:\/\/obera.fr\/wp-content\/uploads\/2020\/10\/extracteur-poussiere-pulverulente-DUSTOMAT-16-150x150.png 150w, https:\/\/obera.fr\/wp-content\/uploads\/2020\/10\/extracteur-poussiere-pulverulente-DUSTOMAT-16.png 600w\" sizes=\"(max-width: 300px) 100vw, 300px\" \/><\/a><figcaption class=\"wp-element-caption\">DUSTOMAT 16<\/figcaption><\/figure>\n<\/div>\n\n\n\n<div class=\"wp-block-column is-layout-flow wp-block-column-is-layout-flow\">\n<figure class=\"wp-block-image aligncenter size-medium\"><a href=\"https:\/\/obera.fr\/produits\/depoussiereurs-industriels\/mobiles\/extracteur-poussiere-dustomat-4\/\"><img decoding=\"async\" width=\"300\" height=\"300\" src=\"https:\/\/obera.fr\/wp-content\/uploads\/2023\/02\/dustomat-4-300x300.png\" alt=\"Dustomat 4 Toz Emici\" class=\"wp-image-19008\" srcset=\"https:\/\/obera.fr\/wp-content\/uploads\/2023\/02\/dustomat-4-300x300.png 300w, https:\/\/obera.fr\/wp-content\/uploads\/2023\/02\/dustomat-4-150x150.png 150w, https:\/\/obera.fr\/wp-content\/uploads\/2023\/02\/dustomat-4.png 500w\" sizes=\"(max-width: 300px) 100vw, 300px\" \/><\/a><figcaption class=\"wp-element-caption\">Dustomat 4<\/figcaption><\/figure>\n<\/div>\n<\/div>\n\n<div class=\"wp-block-columns is-layout-flex wp-container-core-columns-is-layout-28f84493 wp-block-columns-is-layout-flex\">\n<div class=\"wp-block-column is-layout-flow wp-block-column-is-layout-flow\">\n<figure class=\"wp-block-image aligncenter size-medium is-resized\"><a href=\"https:\/\/obera.fr\/produits\/depoussiereurs-industriels\/mobiles\/extracteur-de-poussiere-dustomat-dry\/#more-24274\"><img decoding=\"async\" width=\"300\" height=\"300\" src=\"https:\/\/obera.fr\/wp-content\/uploads\/2023\/09\/dustomat-dry-300x300.png\" alt=\"dustomat kuru\" class=\"wp-image-24355\" style=\"width:auto;height:250px\" srcset=\"https:\/\/obera.fr\/wp-content\/uploads\/2023\/09\/dustomat-dry-300x300.png 300w, https:\/\/obera.fr\/wp-content\/uploads\/2023\/09\/dustomat-dry-150x150.png 150w, https:\/\/obera.fr\/wp-content\/uploads\/2023\/09\/dustomat-dry.png 320w\" sizes=\"(max-width: 300px) 100vw, 300px\" \/><\/a><figcaption class=\"wp-element-caption\">DUSTOMAT DRY<\/figcaption><\/figure>\n<\/div>\n\n\n\n<div class=\"wp-block-column is-layout-flow wp-block-column-is-layout-flow\"><\/div>\n<\/div>\n","protected":false},"excerpt":{"rendered":"<p>At\u00f6lyelerinizde olu\u015fan yap\u0131\u015fkan maddeleri ve orak etkisi yaratan tozlar\u0131 vakumlamak i\u00e7in NA 2.2 \u0131slak toz toplay\u0131c\u0131y\u0131 ke\u015ffedin. NA 2.2 \u0131slak toz toplay\u0131c\u0131: \u00e7al\u0131\u015ft\u0131rma ve kullan\u0131m Islak toz toplay\u0131c\u0131larda kullan\u0131lan filtreleme sistemi, filtreleme ortam\u0131 olarak su kullan\u0131larak merkezka\u00e7 kuvveti prensibine dayan\u0131r. Pratik anlamda, ince partik\u00fcller ve toz y\u00fckl\u00fc hava, dahili fan taraf\u0131ndan toz toplay\u0131c\u0131da tutulur. Hava daha sonra p\u00fcsk\u00fcrtme nozullar\u0131 arac\u0131l\u0131\u011f\u0131yla suyla doyurulur, bu da tozu topakla\u015ft\u0131r\u0131r ve yakalanmas\u0131n\u0131 kolayla\u015ft\u0131r\u0131r. Par\u00e7ac\u0131klar\u0131 ay\u0131rmak i\u00e7in hava ve su y\u00fcksek h\u0131zda d\u00f6nerek onlar\u0131 toz toplay\u0131c\u0131n\u0131n duvar\u0131na do\u011fru f\u0131rlat\u0131r (girdap prensibi). Temiz hava, santrif\u00fcjl\u00fc ekstraksiyon fan\u0131 taraf\u0131ndan \u00e7ekilir ve atmosfere sal\u0131n\u0131r. Testere ile kesme ve &#8230; <\/p>\n<p class=\"read-more-container\"><a title=\"NA 2.2 : mobil \u0131slak toz toplay\u0131c\u0131\" class=\"read-more button\" href=\"https:\/\/obera.fr\/tr\/produits\/depoussiereurs-industriels\/mobiles\/na-2-2-depoussiereur-a-voie-humide\/#more-50665\" aria-label=\"Read more about NA 2.2 : mobil \u0131slak toz toplay\u0131c\u0131\">Lire la suite<\/a><\/p>\n","protected":false},"author":4,"featured_media":83752,"parent":52062,"menu_order":0,"comment_status":"closed","ping_status":"closed","template":"","meta":{"_acf_changed":false,"_seopress_robots_primary_cat":"","_seopress_titles_title":"","_seopress_titles_desc":"","_seopress_robots_index":"","footnotes":""},"class_list":{"0":"post-50665","1":"page","2":"type-page","3":"status-publish","4":"has-post-thumbnail","6":"no-featured-image-padding","7":"resize-featured-image"},"acf":[],"_links":{"self":[{"href":"https:\/\/obera.fr\/tr\/wp-json\/wp\/v2\/pages\/50665","targetHints":{"allow":["GET"]}}],"collection":[{"href":"https:\/\/obera.fr\/tr\/wp-json\/wp\/v2\/pages"}],"about":[{"href":"https:\/\/obera.fr\/tr\/wp-json\/wp\/v2\/types\/page"}],"author":[{"embeddable":true,"href":"https:\/\/obera.fr\/tr\/wp-json\/wp\/v2\/users\/4"}],"replies":[{"embeddable":true,"href":"https:\/\/obera.fr\/tr\/wp-json\/wp\/v2\/comments?post=50665"}],"version-history":[{"count":7,"href":"https:\/\/obera.fr\/tr\/wp-json\/wp\/v2\/pages\/50665\/revisions"}],"predecessor-version":[{"id":117245,"href":"https:\/\/obera.fr\/tr\/wp-json\/wp\/v2\/pages\/50665\/revisions\/117245"}],"up":[{"embeddable":true,"href":"https:\/\/obera.fr\/tr\/wp-json\/wp\/v2\/pages\/52062"}],"wp:featuredmedia":[{"embeddable":true,"href":"https:\/\/obera.fr\/tr\/wp-json\/wp\/v2\/media\/83752"}],"wp:attachment":[{"href":"https:\/\/obera.fr\/tr\/wp-json\/wp\/v2\/media?parent=50665"}],"curies":[{"name":"wp","href":"https:\/\/api.w.org\/{rel}","templated":true}]}}