{"id":50689,"date":"2024-04-05T22:55:29","date_gmt":"2024-04-05T20:55:29","guid":{"rendered":"https:\/\/obera.fr\/w2-xr-endustriyel-supurge\/"},"modified":"2025-06-03T10:20:23","modified_gmt":"2025-06-03T08:20:23","slug":"w2-xr-atex-22","status":"publish","type":"page","link":"https:\/\/obera.fr\/tr\/produits\/aspirateurs-industriels\/w2-xr-atex-22\/","title":{"rendered":"W2 XR end\u00fcstriyel s\u00fcp\u00fcrge"},"content":{"rendered":"\n<p>Kat\u0131 ve s\u0131v\u0131lar\u0131n patlamaya dayan\u0131kl\u0131 \u015fekilde emilmesi i\u00e7in W2 XR end\u00fcstriyel s\u00fcp\u00fcrgeyi ke\u015ffedin. \u00dcretim birimlerinizdeki tutu\u015fma ve patlama riskini azaltmak i\u00e7in kompakt, mobil, y\u00fcksek performansl\u0131 ekipman.<\/p>\n\n\n\n<h2 class=\"wp-block-heading\">ATEX Zone 22 sertifikal\u0131 W2 XR end\u00fcstriyel s\u00fcp\u00fcrge: prensip ve uygulama<\/h2>\n\n\n\n<div class=\"wp-block-columns is-layout-flex wp-container-core-columns-is-layout-28f84493 wp-block-columns-is-layout-flex\">\n<div class=\"wp-block-column is-layout-flow wp-block-column-is-layout-flow\" style=\"flex-basis:33.33%\">\n<figure class=\"wp-block-image size-full is-resized\"><img decoding=\"async\" width=\"566\" height=\"671\" src=\"https:\/\/obera.fr\/wp-content\/uploads\/2024\/10\/w2-xr-2.png\" alt=\"End\u00fcstriyel s\u00fcp\u00fcrgeler\" class=\"wp-image-35431\" style=\"object-fit:cover;width:300px;height:300px\" srcset=\"https:\/\/obera.fr\/wp-content\/uploads\/2024\/10\/w2-xr-2.png 566w, https:\/\/obera.fr\/wp-content\/uploads\/2024\/10\/w2-xr-2-253x300.png 253w\" sizes=\"(max-width: 566px) 100vw, 566px\" \/><\/figure>\n<\/div>\n\n\n\n<div class=\"wp-block-column is-layout-flow wp-block-column-is-layout-flow\" style=\"flex-basis:66.66%\">\n<p><strong>W2 XR \u0131slak ve kuru end\u00fcstriyel s\u00fcp\u00fcrge<\/strong>, patlamaya dayan\u0131kl\u0131 kat\u0131 ve s\u0131v\u0131lar\u0131 vakumlamak i\u00e7in tasarlanm\u0131\u015ft\u0131r. Yap\u0131s\u0131, anti-statik polyester torba filtresi (filtre \u00fcnitesi korumas\u0131) sayesinde statik elektrik olu\u015fumunu \u00f6nleyecek \u015fekilde tasarlanm\u0131\u015ft\u0131r. A\u015f\u0131r\u0131 \u0131s\u0131nmay\u0131 \u00f6nlemek i\u00e7in \u00fcnite, f\u0131r\u00e7al\u0131 bir motora g\u00f6re daha az \u0131s\u0131 ve s\u00fcrt\u00fcnme \u00fcreten tek fazl\u0131 f\u0131r\u00e7as\u0131z bir motorla donat\u0131lm\u0131\u015ft\u0131r. Bu tasar\u0131m, S\u0131n\u0131f 22 b\u00f6lgeleri i\u00e7in ATEX d\u00fczenlemelerine tamamen uygundur.   <\/p>\n\n\n\n<p>Hangi kullan\u0131mlar i\u00e7in? W2 XR Serisi patlay\u0131c\u0131 ortamlardaki riskleri en aza indirmek i\u00e7in kalibre edilmi\u015ftir: kimyasal \u00fcretim tesisleri, g\u0131da i\u015fleme tesisleri, ah\u015fap \u00fcretim tesisleri, metal \u00fcretim tesisleri, enerji \u00fcretim tesisleri vb. W2 XR end\u00fcstriyel s\u00fcp\u00fcrge, operat\u00f6rlerin sa\u011fl\u0131\u011f\u0131 i\u00e7in de zararl\u0131 olan yan\u0131c\u0131 toz \u00fcreten her t\u00fcrl\u00fc end\u00fcstrinin gereksinimlerini kar\u015f\u0131lar. <\/p>\n\n\n\n<div class=\"wp-block-columns is-layout-flex wp-container-core-columns-is-layout-28f84493 wp-block-columns-is-layout-flex\">\n<div class=\"wp-block-column is-layout-flow wp-block-column-is-layout-flow\">\n<div class=\"wp-block-buttons is-layout-flex wp-block-buttons-is-layout-flex\">\n<div class=\"wp-block-button\"><a class=\"wp-block-button__link wp-element-button\" href=\"https:\/\/obera.fr\/wp-content\/uploads\/2025\/06\/brochure-w2-xr-en.pdf\">BRO\u015e\u00dcR\u00dc INDIRIN<\/a><\/div>\n<\/div>\n<\/div>\n\n\n\n<div class=\"wp-block-column is-layout-flow wp-block-column-is-layout-flow\">\n<div class=\"wp-block-buttons is-layout-flex wp-block-buttons-is-layout-flex\">\n<div class=\"wp-block-button\"><a class=\"wp-block-button__link wp-element-button\" href=\"https:\/\/obera.fr\/contact\/\">KI\u015eISELLE\u015eTIRILMI\u015e TAVSIYEYE MI IHTIYACINIZ VAR?<\/a><\/div>\n<\/div>\n<\/div>\n\n\n\n<div class=\"wp-block-column is-layout-flow wp-block-column-is-layout-flow\">\n<div class=\"wp-block-buttons is-content-justification-center is-layout-flex wp-container-core-buttons-is-layout-a89b3969 wp-block-buttons-is-layout-flex\">\n<div class=\"wp-block-button btn-devis-source\"><a class=\"wp-block-button__link wp-element-button\" href=\"https:\/\/obera.fr\/tr\/devis\/\">Fiyat teklifi isteyin<\/a><\/div>\n<\/div>\n\n\n<script>\r\ndocument.addEventListener('DOMContentLoaded', function() {\r\n    \/\/ 1. On cherche le titre H1 de la page\r\n    var h1 = document.querySelector('h1');\r\n    var productTitle = h1 ? h1.innerText.trim() : \"\";\r\n\r\n    \/\/ 2. On cherche les boutons via la classe CSS .btn-devis-source\r\n    var buttons = document.querySelectorAll('.btn-devis-source a');\r\n\r\n    \/\/ 3. Si on a le titre et les boutons, on ajoute le param\u00e8tre\r\n    if (buttons.length > 0 && productTitle !== \"\") {\r\n        var encodedTitle = encodeURIComponent(productTitle);\r\n\r\n        buttons.forEach(function(btn) {\r\n            var currentHref = btn.getAttribute('href');\r\n            \r\n            \/\/ S\u00e9curit\u00e9 pour ne pas ajouter le param\u00e8tre 2 fois\r\n            if (currentHref.indexOf('sujet=') === -1) {\r\n                var separator = currentHref.indexOf('?') !== -1 ? '&' : '?';\r\n                var newLink = currentHref + separator + 'sujet=' + encodedTitle;\r\n                \r\n                btn.setAttribute('href', newLink);\r\n            }\r\n        });\r\n    }\r\n});\r\n<\/script><\/div>\n<\/div>\n<\/div>\n<\/div>\n\n\n\n<h2 class=\"wp-block-heading\">W2 XR end\u00fcstriyel s\u00fcp\u00fcrgenin teknik \u00f6zellikleri nelerdir?<\/h2>\n\n\n\n<p>W2 XR end\u00fcstriyel s\u00fcp\u00fcrge, 215 m3\/saate kadar hava ak\u0131\u015f\u0131 ve 1,1 kW g\u00fc\u00e7 de\u011feri \u00fcreterek y\u00fcksek emi\u015f kapasitesi sa\u011flar. Temizli\u011fi kolayla\u015ft\u0131rmak ve maksimum hizmet \u00f6mr\u00fc sa\u011flamak i\u00e7in dikey deplasmanl\u0131 bir temizleme sistemi ile donat\u0131lm\u0131\u015ft\u0131r. <a href=\"https:\/\/obera.fr\/tr\/produits\/aspirateurs-industriels\/\" data-type=\"page\" data-id=\"41\">S\u00fcp\u00fcrgenin<\/a> 40 litrelik bir deposu ve \u00e7\u00f6p kutusunu at\u0131k bertaraf noktas\u0131na ta\u015f\u0131mak i\u00e7in \u00e7\u0131kar\u0131labilir bir bo\u015faltma sistemi vard\u0131r. T\u00fcm end\u00fcstrilerin gereksinimlerini kar\u015f\u0131lamak i\u00e7in emme, filtreleme ve toplama \u00fcniteleri paslanmaz \u00e7elikten yap\u0131lm\u0131\u015ft\u0131r.  <\/p>\n\n\n\n<p>\u0130\u00e7 k\u0131s\u0131mdaki emi\u015f \u00fcnitesi ses yal\u0131t\u0131ml\u0131d\u0131r ve filtre \u00fcnitesi antistatik polyester torba filtre ile korunmaktad\u0131r. Emme sistemi, filtrenin alt\u0131na yerle\u015ftirilmi\u015f 50 \u00e7apl\u0131 bir giri\u015fe sahiptir ve bu sayede toz, kat\u0131 ve s\u0131v\u0131lar\u0131 ayn\u0131 anda emebilir.<\/p>\n\n\n\n<p>Temizlik profesyonelleri i\u00e7in bonus: S\u00fcp\u00fcrge esnek emi\u015f hortumu, teleskopik \u00e7ubuk, f\u0131r\u00e7alar ve aral\u0131k a\u00e7ma aleti gibi aksesuarlarla birlikte gelir.<\/p>\n\n\n\n<blockquote class=\"wp-block-quote is-layout-flow wp-block-quote-is-layout-flow\">\n<p>Se\u00e7enekler nelerdir? W2 XR elektrikli s\u00fcp\u00fcrgenin ATEX versiyonu ihtiya\u00e7lar\u0131n\u0131za uygun bir dizi se\u00e7ene\u011fe sahiptir: nomex filtre (250\u00b0&#8217;ye kadar \u0131s\u0131ya dayan\u0131kl\u0131), Hepa H14 mutlak filtre, aksesuar sepeti, M s\u0131n\u0131f\u0131 filtre, M PTFE, M su-oleofobik Teflon, L ve M s\u0131n\u0131f\u0131 antistatik, paslanmaz \u00e7elik kap ve filtre haznesi, topraklama. Sekt\u00f6r\u00fcn\u00fcz i\u00e7in en uygun se\u00e7enekler konusunda ekiplerimizden tavsiye isteyin.<\/p>\n<\/blockquote>\n\n\n\n<h3 class=\"wp-block-heading has-text-align-center\">END\u00dcSTR\u0130LER<\/h3>\n\n\n\n<div class=\"wp-block-columns is-layout-flex wp-container-core-columns-is-layout-28f84493 wp-block-columns-is-layout-flex\">\n<div class=\"wp-block-column is-layout-flow wp-block-column-is-layout-flow\">\n<hr class=\"wp-block-separator has-alpha-channel-opacity\"\/>\n\n\n\n<div class=\"wp-block-columns is-layout-flex wp-container-core-columns-is-layout-28f84493 wp-block-columns-is-layout-flex\">\n<div class=\"wp-block-column is-layout-flow wp-block-column-is-layout-flow\">\n<figure class=\"wp-block-image aligncenter size-thumbnail is-resized\"><img decoding=\"async\" width=\"150\" height=\"150\" src=\"https:\/\/obera.fr\/wp-content\/uploads\/2022\/02\/Textile-150x150.png\" alt=\"teksti\u0307l\" class=\"wp-image-8855\"\/><figcaption class=\"wp-element-caption\">Tekstil<\/figcaption><\/figure>\n\n\n\n<figure class=\"wp-block-image aligncenter size-thumbnail is-resized\"><img decoding=\"async\" width=\"150\" height=\"150\" src=\"https:\/\/obera.fr\/wp-content\/uploads\/2022\/02\/Plastique-150x150.png\" alt=\"plastik\" class=\"wp-image-8854\"\/><figcaption class=\"wp-element-caption\">Plastik<\/figcaption><\/figure>\n<\/div>\n\n\n\n<div class=\"wp-block-column is-layout-flow wp-block-column-is-layout-flow\">\n<figure class=\"wp-block-image aligncenter size-thumbnail is-resized\"><img decoding=\"async\" width=\"150\" height=\"150\" src=\"https:\/\/obera.fr\/wp-content\/uploads\/2022\/02\/MINERAIS-150x150.png\" alt=\"cevherler\" class=\"wp-image-8847\"\/><figcaption class=\"wp-element-caption\">Mineraller<\/figcaption><\/figure>\n\n\n\n<figure class=\"wp-block-image aligncenter size-thumbnail is-resized\"><img decoding=\"async\" width=\"150\" height=\"150\" src=\"https:\/\/obera.fr\/wp-content\/uploads\/2022\/02\/Metalurgie-150x150.png\" alt=\"METALURJ\u0130\" class=\"wp-image-8857\"\/><figcaption class=\"wp-element-caption\">Metalurji<\/figcaption><\/figure>\n\n\n\n<figure class=\"wp-block-image aligncenter size-thumbnail is-resized\"><img decoding=\"async\" width=\"150\" height=\"150\" src=\"https:\/\/obera.fr\/wp-content\/uploads\/2023\/02\/sans-titre-2023-02-14t102211.641-150x150.png\" alt=\"Tar\u0131m\" class=\"wp-image-18828\"\/><figcaption class=\"wp-element-caption\">Tar\u0131m<\/figcaption><\/figure>\n<\/div>\n<\/div>\n<\/div>\n\n\n\n<div class=\"wp-block-column is-layout-flow wp-block-column-is-layout-flow\">\n<hr class=\"wp-block-separator has-alpha-channel-opacity\"\/>\n\n\n\n<div class=\"wp-block-columns is-layout-flex wp-container-core-columns-is-layout-28f84493 wp-block-columns-is-layout-flex\">\n<div class=\"wp-block-column is-layout-flow wp-block-column-is-layout-flow\">\n<figure class=\"wp-block-image aligncenter size-thumbnail is-resized\"><img decoding=\"async\" width=\"150\" height=\"150\" src=\"https:\/\/obera.fr\/wp-content\/uploads\/2022\/02\/Chimie-150x150.png\" alt=\"K\u0130MYA\" class=\"wp-image-8846\"\/><figcaption class=\"wp-element-caption\">Kimya<\/figcaption><\/figure>\n\n\n\n<figure class=\"wp-block-image aligncenter size-thumbnail is-resized\"><img decoding=\"async\" width=\"150\" height=\"150\" src=\"https:\/\/obera.fr\/wp-content\/uploads\/2022\/02\/Travail-du-bois-150x150.png\" alt=\"a\u011fa\u00e7 i\u0307\u015fleri\u0307\" class=\"wp-image-8856\"\/><figcaption class=\"wp-element-caption\">A\u011fa\u00e7 \u0130\u015fleri<\/figcaption><\/figure>\n\n\n\n<figure class=\"wp-block-image aligncenter size-thumbnail is-resized\"><img decoding=\"async\" width=\"150\" height=\"150\" src=\"https:\/\/obera.fr\/wp-content\/uploads\/2023\/02\/sans-titre-2023-02-14t101920.185-150x150.png\" alt=\"Havac\u0131l\u0131k\" class=\"wp-image-18831\"\/><figcaption class=\"wp-element-caption\">Havac\u0131l\u0131k<\/figcaption><\/figure>\n<\/div>\n\n\n\n<div class=\"wp-block-column is-layout-flow wp-block-column-is-layout-flow\">\n<figure class=\"wp-block-image aligncenter size-thumbnail is-resized\"><img decoding=\"async\" width=\"150\" height=\"150\" src=\"https:\/\/obera.fr\/wp-content\/uploads\/2022\/02\/AGROALIMENTAIRE-150x150.png\" alt=\"tar\u0131msal g\u0131da\" class=\"wp-image-8844\"\/><figcaption class=\"wp-element-caption\">G\u0131da end\u00fcstrisi<\/figcaption><\/figure>\n\n\n\n<figure class=\"wp-block-image aligncenter size-thumbnail is-resized\"><img decoding=\"async\" width=\"150\" height=\"150\" src=\"https:\/\/obera.fr\/wp-content\/uploads\/2022\/02\/Papier-carton-150x150.png\" alt=\"ka\u011f\u0131t ve karton\" class=\"wp-image-8853\"\/><figcaption class=\"wp-element-caption\">Ka\u011f\u0131t\/Karton<\/figcaption><\/figure>\n\n\n\n<figure class=\"wp-block-image aligncenter size-thumbnail is-resized\"><img decoding=\"async\" width=\"150\" height=\"150\" src=\"https:\/\/obera.fr\/wp-content\/uploads\/2023\/02\/sans-titre-2023-02-14t101712.416-150x150.png\" alt=\"Otomotiv\" class=\"wp-image-18834\"\/><figcaption class=\"wp-element-caption\">Otomotiv<\/figcaption><\/figure>\n<\/div>\n<\/div>\n<\/div>\n<\/div>\n\n\n\n<table id=\"tablepress-198\" class=\"tablepress tablepress-id-198\">\n<tbody class=\"row-striping row-hover\">\n<tr class=\"row-1\">\n\t<td class=\"column-1\">Zones ATEX<\/td><td class=\"column-2\"><\/td><td class=\"column-3\">22<\/td>\n<\/tr>\n<tr class=\"row-2\">\n\t<td class=\"column-1\">Marquage<\/td><td class=\"column-2\"><\/td><td class=\"column-3\">EX II 3D Ex tc IIIB T135\u00b0C X Dc<\/td>\n<\/tr>\n<tr class=\"row-3\">\n\t<td class=\"column-1\">Tension<\/td><td class=\"column-2\">V-HZ<\/td><td class=\"column-3\">230<\/td>\n<\/tr>\n<tr class=\"row-4\">\n\t<td class=\"column-1\">Puissance<\/td><td class=\"column-2\">kW<\/td><td class=\"column-3\">1.1<\/td>\n<\/tr>\n<tr class=\"row-5\">\n\t<td class=\"column-1\">Protection \u00e9lectrique<\/td><td class=\"column-2\">IP<\/td><td class=\"column-3\">55<\/td>\n<\/tr>\n<tr class=\"row-6\">\n\t<td class=\"column-1\">D\u00e9pression maximum<\/td><td class=\"column-2\">Pa<\/td><td class=\"column-3\">2.250 Pa<\/td>\n<\/tr>\n<tr class=\"row-7\">\n\t<td class=\"column-1\">D\u00e9bit d\u2019air max<\/td><td class=\"column-2\">m3\/h<\/td><td class=\"column-3\">215<\/td>\n<\/tr>\n<tr class=\"row-8\">\n\t<td class=\"column-1\">Diam\u00e8tre embouchure<\/td><td class=\"column-2\">mm<\/td><td class=\"column-3\">50<\/td>\n<\/tr>\n<tr class=\"row-9\">\n\t<td class=\"column-1\">Type de filtre<\/td><td class=\"column-2\"><\/td><td class=\"column-3\">\u00c0 poches en \u00e9toile<\/td>\n<\/tr>\n<tr class=\"row-10\">\n\t<td class=\"column-1\">Surface<\/td><td class=\"column-2\">cm2<\/td><td class=\"column-3\">20.000<\/td>\n<\/tr>\n<tr class=\"row-11\">\n\t<td class=\"column-1\">Syst\u00e8me de nettoyage<\/td><td class=\"column-2\"><\/td><td class=\"column-3\">Manuel<\/td>\n<\/tr>\n<tr class=\"row-12\">\n\t<td class=\"column-1\">Bac de r\u00e9colte<\/td><td class=\"column-2\"><\/td><td class=\"column-3\">Acier<\/td>\n<\/tr>\n<tr class=\"row-13\">\n\t<td class=\"column-1\">Syst\u00e8me de vidange<\/td><td class=\"column-2\"><\/td><td class=\"column-3\">Bac d\u00e9crochable<\/td>\n<\/tr>\n<tr class=\"row-14\">\n\t<td class=\"column-1\">Capacit\u00e9<\/td><td class=\"column-2\">litre<\/td><td class=\"column-3\">40<\/td>\n<\/tr>\n<tr class=\"row-15\">\n\t<td class=\"column-1\">Dimensions<\/td><td class=\"column-2\">cm<\/td><td class=\"column-3\">55x63x124<\/td>\n<\/tr>\n<\/tbody>\n<\/table>\n\n\n\n\n<div class=\"wp-block-buttons is-content-justification-center is-layout-flex wp-container-core-buttons-is-layout-a89b3969 wp-block-buttons-is-layout-flex\">\n<div class=\"wp-block-button\"><a class=\"wp-block-button__link wp-element-button\" href=\"https:\/\/obera.fr\/wp-content\/uploads\/2024\/04\/obera_brochure-w2-xr-fr.pdf\">\u00dcR\u00dcN VERI\u0307 SAYFASINI I\u0307NDI\u0307RI\u0307N<\/a><\/div>\n<\/div>\n\n\n\n<h2 class=\"wp-block-heading\">W2 XR elektrikli s\u00fcp\u00fcrge: kompakt, y\u00fcksek filtreli bir elektrikli s\u00fcp\u00fcrgenin avantajlar\u0131<\/h2>\n\n\n\n<p>W2 XR end\u00fcstriyel s\u00fcp\u00fcrge, W2 serisinin t\u00fcm avantajlar\u0131n\u0131, yani operat\u00f6rler taraf\u0131ndan kolay ve rahat kullan\u0131m i\u00e7in y\u00fcksek hareket kabiliyeti sunar. G\u00fcr\u00fclt\u00fcy\u00fc m\u00fcmk\u00fcn oldu\u011funca azaltmak ve m\u00fcrettebat\u0131n rahats\u0131z olmas\u0131n\u0131 \u00f6nlemek i\u00e7in motorun etraf\u0131nda ses emici bir kaplama.  <\/p>\n\n\n\n<p>\u00c7ok y\u00f6nl\u00fcl\u00fc\u011f\u00fc sanayiciler i\u00e7in \u00f6nemli bir kriterdir, \u00e7\u00fcnk\u00fc \u0131slak-kuru teknolojisi ATEX uyumlulu\u011fu ile birle\u015fti\u011finde toz, kat\u0131 maddeler ve patlamaya dayan\u0131kl\u0131 s\u0131v\u0131larla \u00e7al\u0131\u015fabilir. Temizli\u011fi \u00e7ocuk oyunca\u011f\u0131 haline getiren dahili filtre \u00e7alkalay\u0131c\u0131 sayesinde bak\u0131m\u0131 da kolayd\u0131r. Operat\u00f6r\u00fcn tek yapmas\u0131 gereken, an\u0131nda manuel temizlik i\u00e7in \u00e7alkalay\u0131c\u0131 kolunu etkinle\u015ftirmektir.<\/p>\n\n\n\n<p>Son olarak, W2 XR Serisinin ana avantaj\u0131 ATEX Zone 22 sertifikas\u0131na sahip olmas\u0131d\u0131r. Bu end\u00fcstriyel s\u00fcp\u00fcrge ile uyumluluk y\u00fck\u00fcml\u00fcl\u00fcklerinizi yerine getirirsiniz. ATEX Zone 22 sertifikal\u0131 bir s\u00fcp\u00fcrge kullanmak, ekiplerinizin ve m\u00fclk\u00fcn\u00fcz\u00fcn g\u00fcvenli\u011fini garanti alt\u0131na almak i\u00e7in \u00e7ok \u00f6nemlidir.  <\/p>\n\n\n\n<div class=\"wp-block-columns is-layout-flex wp-container-core-columns-is-layout-28f84493 wp-block-columns-is-layout-flex\">\n<div class=\"wp-block-column is-layout-flow wp-block-column-is-layout-flow\" style=\"flex-basis:33.34%\">\n<h3 class=\"wp-block-heading\">Avantajlar :<\/h3>\n\n\n\n<ul class=\"wp-block-list\">\n<li>Kompakt ve mobil s\u00fcp\u00fcrge;<\/li>\n\n\n\n<li>Alerji ve solunum yolu hastal\u0131klar\u0131 riskinde azalma;<\/li>\n\n\n\n<li>ATEX y\u00f6netmeliklerinin gerekliliklerini kar\u015f\u0131lar.<\/li>\n<\/ul>\n<\/div>\n\n\n\n<div class=\"wp-block-column is-layout-flow wp-block-column-is-layout-flow\" style=\"flex-basis:33.34%\">\n<h3 class=\"wp-block-heading\">\u00d6zel \u00f6zellikler:<\/h3>\n\n\n\n<ul class=\"wp-block-list\">\n<li>ATEX Zone 22 uyumlu, partik\u00fcllerin, kat\u0131lar\u0131n ve s\u0131v\u0131lar\u0131n patlamaya dayan\u0131kl\u0131 emi\u015fi.<\/li>\n<\/ul>\n<\/div>\n\n\n\n<div class=\"wp-block-column is-layout-flow wp-block-column-is-layout-flow\" style=\"flex-basis:33.33%\">\n<h3 class=\"wp-block-heading\">\u00d6zellikler :<\/h3>\n\n\n\n<ul class=\"wp-block-list\">\n<li>Antistatik polyester torba filtre;<\/li>\n\n\n\n<li>Tek fazl\u0131 f\u0131r\u00e7as\u0131z motor ;<\/li>\n\n\n\n<li>G\u00f6sterge \u0131\u015f\u0131kl\u0131 t\u0131kanma sistemi.<\/li>\n<\/ul>\n<\/div>\n<\/div>\n\n\n\n<h2 class=\"wp-block-heading\">W2 XR elektrikli s\u00fcp\u00fcrgenin sekt\u00f6r\u00fcn\u00fcz i\u00e7in verimlili\u011fi konusunda hala \u015f\u00fcpheleriniz mi var?<\/h2>\n\n\n\n<p>OberA&#8217;da, 22. b\u00f6lgede patlama riski seviyesinin bir dizi fakt\u00f6re g\u00f6re de\u011fi\u015fti\u011fini biliyoruz: toz t\u00fcr\u00fc, miktar\u0131, tutu\u015fma kaynaklar\u0131 vb. Do\u011fru ekstraksiyon \u00e7\u00f6z\u00fcm\u00fcn\u00fc benimsemek i\u00e7in at\u00f6lyelerinizde bir te\u015fhis ger\u00e7ekle\u015ftiriyor ve size sat\u0131n alma se\u00e7ene\u011fiyle birlikte bir ekipman testi sunuyoruz.<\/p>\n\n\n\n<div class=\"wp-block-buttons is-content-justification-center is-layout-flex wp-container-core-buttons-is-layout-a89b3969 wp-block-buttons-is-layout-flex\">\n<div class=\"wp-block-button\"><a class=\"wp-block-button__link wp-element-button\" href=\"https:\/\/obera.fr\/tr\/contact\/\">W2 XR S\u00dcP\u00dcRGEYI\u0307 TEST EDI\u0307N<\/a><\/div>\n<\/div>\n\n\n\n<h2 class=\"wp-block-heading\">Serideki di\u011fer end\u00fcstriyel s\u00fcp\u00fcrgeler<\/h2>\n\n\n\n<div class=\"wp-block-columns is-layout-flex wp-container-core-columns-is-layout-28f84493 wp-block-columns-is-layout-flex\">\n<div class=\"wp-block-column is-layout-flow wp-block-column-is-layout-flow\">\n<figure class=\"wp-block-image aligncenter size-full is-resized\"><a href=\"https:\/\/obera.fr\/produits\/aspirateurs-industriels\/ventilateurs-aspiration-gamme-eurosog-rg-100-800\/\"><img decoding=\"async\" width=\"600\" height=\"600\" src=\"https:\/\/obera.fr\/wp-content\/uploads\/2024\/04\/obera-ventilateur-aspiration-rg-300-400.jpg\" alt=\"obera emi\u0307\u015f fani rg 300 400\" class=\"wp-image-29437\" style=\"width:349px;height:auto\" srcset=\"https:\/\/obera.fr\/wp-content\/uploads\/2024\/04\/obera-ventilateur-aspiration-rg-300-400.jpg 600w, https:\/\/obera.fr\/wp-content\/uploads\/2024\/04\/obera-ventilateur-aspiration-rg-300-400-300x300.jpg 300w, https:\/\/obera.fr\/wp-content\/uploads\/2024\/04\/obera-ventilateur-aspiration-rg-300-400-150x150.jpg 150w\" sizes=\"(max-width: 600px) 100vw, 600px\" \/><\/a><figcaption class=\"wp-element-caption\">RG 300\/400<\/figcaption><\/figure>\n<\/div>\n\n\n\n<div class=\"wp-block-column is-layout-flow wp-block-column-is-layout-flow\">\n<figure class=\"wp-block-image aligncenter size-full is-resized\"><a href=\"https:\/\/obera.fr\/produits\/aspirateurs-industriels\/w2-haute-filtration-polyvalence\/\"><img decoding=\"async\" width=\"711\" height=\"622\" src=\"https:\/\/obera.fr\/wp-content\/uploads\/2024\/10\/w2.png\" alt=\"End\u00fcstriyel s\u00fcp\u00fcrgeler\" class=\"wp-image-35424\" style=\"object-fit:cover;width:300px;height:300px\" srcset=\"https:\/\/obera.fr\/wp-content\/uploads\/2024\/10\/w2.png 711w, https:\/\/obera.fr\/wp-content\/uploads\/2024\/10\/w2-300x262.png 300w\" sizes=\"(max-width: 711px) 100vw, 711px\" \/><\/a><figcaption class=\"wp-element-caption\">W2<\/figcaption><\/figure>\n<\/div>\n\n\n\n<div class=\"wp-block-column is-layout-flow wp-block-column-is-layout-flow\">\n<figure class=\"wp-block-image aligncenter size-full is-resized\"><a href=\"https:\/\/obera.fr\/produits\/aspirateurs-industriels\/w3-pour-nettoyage-general\/\"><img decoding=\"async\" width=\"658\" height=\"652\" src=\"https:\/\/obera.fr\/wp-content\/uploads\/2024\/10\/w3.png\" alt=\"w3\" class=\"wp-image-35427\" style=\"object-fit:cover;width:300px;height:300px\" srcset=\"https:\/\/obera.fr\/wp-content\/uploads\/2024\/10\/w3.png 658w, https:\/\/obera.fr\/wp-content\/uploads\/2024\/10\/w3-300x297.png 300w, https:\/\/obera.fr\/wp-content\/uploads\/2024\/10\/w3-150x150.png 150w, https:\/\/obera.fr\/wp-content\/uploads\/2024\/10\/w3-24x24.png 24w, https:\/\/obera.fr\/wp-content\/uploads\/2024\/10\/w3-48x48.png 48w, https:\/\/obera.fr\/wp-content\/uploads\/2024\/10\/w3-96x96.png 96w\" sizes=\"(max-width: 658px) 100vw, 658px\" \/><\/a><figcaption class=\"wp-element-caption\">W3<\/figcaption><\/figure>\n<\/div>\n<\/div>\n","protected":false},"excerpt":{"rendered":"<p>Kat\u0131 ve s\u0131v\u0131lar\u0131n patlamaya dayan\u0131kl\u0131 \u015fekilde emilmesi i\u00e7in W2 XR end\u00fcstriyel s\u00fcp\u00fcrgeyi ke\u015ffedin. \u00dcretim birimlerinizdeki tutu\u015fma ve patlama riskini azaltmak i\u00e7in kompakt, mobil, y\u00fcksek performansl\u0131 ekipman. ATEX Zone 22 sertifikal\u0131 W2 XR end\u00fcstriyel s\u00fcp\u00fcrge: prensip ve uygulama W2 XR \u0131slak ve kuru end\u00fcstriyel s\u00fcp\u00fcrge, patlamaya dayan\u0131kl\u0131 kat\u0131 ve s\u0131v\u0131lar\u0131 vakumlamak i\u00e7in tasarlanm\u0131\u015ft\u0131r. Yap\u0131s\u0131, anti-statik polyester torba filtresi (filtre \u00fcnitesi korumas\u0131) sayesinde statik elektrik olu\u015fumunu \u00f6nleyecek \u015fekilde tasarlanm\u0131\u015ft\u0131r. A\u015f\u0131r\u0131 \u0131s\u0131nmay\u0131 \u00f6nlemek i\u00e7in \u00fcnite, f\u0131r\u00e7al\u0131 bir motora g\u00f6re daha az \u0131s\u0131 ve s\u00fcrt\u00fcnme \u00fcreten tek fazl\u0131 f\u0131r\u00e7as\u0131z bir motorla donat\u0131lm\u0131\u015ft\u0131r. Bu tasar\u0131m, S\u0131n\u0131f 22 b\u00f6lgeleri i\u00e7in ATEX d\u00fczenlemelerine tamamen uygundur. Hangi kullan\u0131mlar &#8230; <\/p>\n<p class=\"read-more-container\"><a title=\"W2 XR end\u00fcstriyel s\u00fcp\u00fcrge\" class=\"read-more button\" href=\"https:\/\/obera.fr\/tr\/produits\/aspirateurs-industriels\/w2-xr-atex-22\/#more-50689\" aria-label=\"Read more about W2 XR end\u00fcstriyel s\u00fcp\u00fcrge\">Lire la suite<\/a><\/p>\n","protected":false},"author":4,"featured_media":83752,"parent":52207,"menu_order":0,"comment_status":"closed","ping_status":"closed","template":"","meta":{"_acf_changed":false,"_seopress_robots_primary_cat":"","_seopress_titles_title":"End\u00fcstriyel s\u00fcp\u00fcrge W2 XR ATEX 22 oberA","_seopress_titles_desc":"Kompakt ve y\u00fcksek performansl\u0131, kat\u0131lar\u0131 ve patlamaya dayan\u0131kl\u0131 s\u0131v\u0131lar\u0131 vakumlamak i\u00e7in W2 XR Serisini ke\u015ffedin. OberA sayesinde sat\u0131n alma se\u00e7ene\u011fi ile test edebilece\u011finiz ekipmanlar.","_seopress_robots_index":"","footnotes":""},"class_list":{"0":"post-50689","1":"page","2":"type-page","3":"status-publish","4":"has-post-thumbnail","6":"no-featured-image-padding","7":"resize-featured-image"},"acf":[],"_links":{"self":[{"href":"https:\/\/obera.fr\/tr\/wp-json\/wp\/v2\/pages\/50689","targetHints":{"allow":["GET"]}}],"collection":[{"href":"https:\/\/obera.fr\/tr\/wp-json\/wp\/v2\/pages"}],"about":[{"href":"https:\/\/obera.fr\/tr\/wp-json\/wp\/v2\/types\/page"}],"author":[{"embeddable":true,"href":"https:\/\/obera.fr\/tr\/wp-json\/wp\/v2\/users\/4"}],"replies":[{"embeddable":true,"href":"https:\/\/obera.fr\/tr\/wp-json\/wp\/v2\/comments?post=50689"}],"version-history":[{"count":8,"href":"https:\/\/obera.fr\/tr\/wp-json\/wp\/v2\/pages\/50689\/revisions"}],"predecessor-version":[{"id":107253,"href":"https:\/\/obera.fr\/tr\/wp-json\/wp\/v2\/pages\/50689\/revisions\/107253"}],"up":[{"embeddable":true,"href":"https:\/\/obera.fr\/tr\/wp-json\/wp\/v2\/pages\/52207"}],"wp:featuredmedia":[{"embeddable":true,"href":"https:\/\/obera.fr\/tr\/wp-json\/wp\/v2\/media\/83752"}],"wp:attachment":[{"href":"https:\/\/obera.fr\/tr\/wp-json\/wp\/v2\/media?parent=50689"}],"curies":[{"name":"wp","href":"https:\/\/api.w.org\/{rel}","templated":true}]}}