{"id":50698,"date":"2024-04-05T22:42:52","date_gmt":"2024-04-05T20:42:52","guid":{"rendered":"https:\/\/obera.fr\/w2-endustriyel-supurge\/"},"modified":"2025-06-03T10:40:54","modified_gmt":"2025-06-03T08:40:54","slug":"w2-haute-filtration-polyvalence","status":"publish","type":"page","link":"https:\/\/obera.fr\/tr\/produits\/aspirateurs-industriels\/w2-haute-filtration-polyvalence\/","title":{"rendered":"W2 end\u00fcstriyel s\u00fcp\u00fcrge"},"content":{"rendered":"\n<p>Kompakt ve mobil W2<a href=\"https:\/\/obera.fr\/tr\/produits\/aspirateurs-industriels\/\" data-type=\"page\" data-id=\"41\">end\u00fcstriyel s\u00fcp\u00fcrge<\/a>, sa\u011flaml\u0131\u011f\u0131, y\u00fcksek filtreleme kapasitesi ve performans\u0131yla tan\u0131nan, piyasadaki en verimli ekipmanlardan biridir.<\/p>\n\n\n\n<h2 class=\"wp-block-heading\">W2 \u0131slak ve kuru end\u00fcstriyel s\u00fcp\u00fcrgeler: nas\u0131l \u00e7al\u0131\u015f\u0131rlar ve nerede kullan\u0131l\u0131rlar?<\/h2>\n\n\n\n<div class=\"wp-block-columns is-layout-flex wp-container-core-columns-is-layout-28f84493 wp-block-columns-is-layout-flex\">\n<div class=\"wp-block-column is-layout-flow wp-block-column-is-layout-flow\" style=\"flex-basis:33.33%\">\n<figure class=\"wp-block-image size-full is-resized\"><img decoding=\"async\" width=\"711\" height=\"622\" src=\"https:\/\/obera.fr\/wp-content\/uploads\/2024\/10\/w2.png\" alt=\"End\u00fcstriyel s\u00fcp\u00fcrgeler\" class=\"wp-image-35424\" style=\"object-fit:cover;width:300px;height:300px\" srcset=\"https:\/\/obera.fr\/wp-content\/uploads\/2024\/10\/w2.png 711w, https:\/\/obera.fr\/wp-content\/uploads\/2024\/10\/w2-300x262.png 300w\" sizes=\"(max-width: 711px) 100vw, 711px\" \/><\/figure>\n<\/div>\n\n\n\n<div class=\"wp-block-column is-layout-flow wp-block-column-is-layout-flow\" style=\"flex-basis:66.66%\">\n<p><strong>W2 \u0131slak ve kuru end\u00fcstriyel s\u00fcp\u00fcrgenin<\/strong> ana avantaj\u0131 \u00e7ok y\u00f6nl\u00fcl\u00fc\u011f\u00fcd\u00fcr. Emi\u015f g\u00fcc\u00fc, kat\u0131 ve s\u0131v\u0131 maddeleri ayn\u0131 anda kald\u0131rabilece\u011fi ve vakumlayabilece\u011fi anlam\u0131na gelir. Sa\u011flam bir \u00e7elik motor kafas\u0131 ile korunan ve i\u00e7i ses yal\u0131t\u0131ml\u0131 iki adet tek fazl\u0131 by-pass motora sahiptir. S\u00fcp\u00fcrge, s\u0131v\u0131lar\u0131 kuru par\u00e7ac\u0131klardan filtrelemek i\u00e7in bir su\/toz ay\u0131rma sistemi ile donat\u0131lm\u0131\u015ft\u0131r. Vakumlanan toz partik\u00fclleri \u00e7elik bir haznede depolan\u0131rken, s\u0131v\u0131lar bir tankta toplan\u0131r.    <\/p>\n\n\n\n<p>W2 end\u00fcstriyel s\u00fcp\u00fcrge, <strong>k\u00fc\u00e7\u00fck ve orta miktarlarda tozun<\/strong> <strong>temizlenmesi<\/strong> ve <strong>ta\u015f\u0131nmas\u0131<\/strong> i\u00e7in idealdir. Ayr\u0131ca kat\u0131 ve s\u0131v\u0131lar\u0131n emilmesinde de etkilidir. \u00c7ok y\u00f6nl\u00fcl\u00fc\u011f\u00fc onu her t\u00fcr end\u00fcstri i\u00e7in m\u00fckemmel k\u0131lar. \u00d6zellikle kimya, ila\u00e7, g\u0131da ve de\u011firmencilik end\u00fcstrilerinin yan\u0131 s\u0131ra f\u0131r\u0131nlarda ve f\u0131r\u0131n temizli\u011finde etkilidir.   <\/p>\n\n\n\n<div class=\"wp-block-columns is-layout-flex wp-container-core-columns-is-layout-28f84493 wp-block-columns-is-layout-flex\">\n<div class=\"wp-block-column is-layout-flow wp-block-column-is-layout-flow\">\n<div class=\"wp-block-buttons is-layout-flex wp-block-buttons-is-layout-flex\">\n<div class=\"wp-block-button\"><a class=\"wp-block-button__link wp-element-button\" href=\"https:\/\/obera.fr\/wp-content\/uploads\/2025\/06\/brochure-w2-en.pdf\">BRO\u015e\u00dcR\u00dc INDIRIN<\/a><\/div>\n<\/div>\n<\/div>\n\n\n\n<div class=\"wp-block-column is-layout-flow wp-block-column-is-layout-flow\">\n<div class=\"wp-block-buttons is-horizontal is-content-justification-center is-layout-flex wp-container-core-buttons-is-layout-03627597 wp-block-buttons-is-layout-flex\">\n<div class=\"wp-block-button has-custom-width wp-block-button__width-100\"><a class=\"wp-block-button__link wp-element-button\" href=\"https:\/\/obera.fr\/tr\/bize-ulasin\/\">Daha fazla bilgi edin<\/a><\/div>\n<\/div>\n<\/div>\n\n\n\n<div class=\"wp-block-column is-layout-flow wp-block-column-is-layout-flow\">\n<div class=\"wp-block-buttons is-content-justification-center is-layout-flex wp-container-core-buttons-is-layout-a89b3969 wp-block-buttons-is-layout-flex\">\n<div class=\"wp-block-button btn-devis-source\"><a class=\"wp-block-button__link wp-element-button\" href=\"https:\/\/obera.fr\/tr\/devis\/\">Fiyat teklifi isteyin<\/a><\/div>\n<\/div>\n\n\n<script>\r\ndocument.addEventListener('DOMContentLoaded', function() {\r\n    \/\/ 1. On cherche le titre H1 de la page\r\n    var h1 = document.querySelector('h1');\r\n    var productTitle = h1 ? h1.innerText.trim() : \"\";\r\n\r\n    \/\/ 2. On cherche les boutons via la classe CSS .btn-devis-source\r\n    var buttons = document.querySelectorAll('.btn-devis-source a');\r\n\r\n    \/\/ 3. Si on a le titre et les boutons, on ajoute le param\u00e8tre\r\n    if (buttons.length > 0 && productTitle !== \"\") {\r\n        var encodedTitle = encodeURIComponent(productTitle);\r\n\r\n        buttons.forEach(function(btn) {\r\n            var currentHref = btn.getAttribute('href');\r\n            \r\n            \/\/ S\u00e9curit\u00e9 pour ne pas ajouter le param\u00e8tre 2 fois\r\n            if (currentHref.indexOf('sujet=') === -1) {\r\n                var separator = currentHref.indexOf('?') !== -1 ? '&' : '?';\r\n                var newLink = currentHref + separator + 'sujet=' + encodedTitle;\r\n                \r\n                btn.setAttribute('href', newLink);\r\n            }\r\n        });\r\n    }\r\n});\r\n<\/script><\/div>\n<\/div>\n<\/div>\n<\/div>\n\n\n\n<h2 class=\"wp-block-heading\">W2 end\u00fcstriyel s\u00fcp\u00fcrge: y\u00fcksek filtreleme, y\u00fcksek hareket kabiliyeti&#8230; t\u00fcm teknik \u00f6zellikleri<\/h2>\n\n\n\n<p>W2 end\u00fcstriyel s\u00fcp\u00fcrgenin daha b\u00fcy\u00fck modellerden k\u0131skan\u0131lacak hi\u00e7bir yan\u0131 yoktur:<strong> emi\u015f g\u00fcc\u00fc ve 20.000 cm2 filtreleme y\u00fczeyi<\/strong> bu ekipmana y\u00fcksek filtreleme ve y\u00fcksek hareket kabiliyeti sa\u011flar. Saatte 360 m3 hava ak\u0131\u015f h\u0131z\u0131na sahip s\u00fcp\u00fcrge, etraf\u0131n\u0131zdaki havan\u0131n kalitesini art\u0131rmak ve kirleri daha h\u0131zl\u0131 temizlemek i\u00e7in geli\u015fmi\u015f filtreleme sa\u011flar.   <\/p>\n\n\n\n<p>420 mm polyester torba filtreye ve end\u00fcstriyel \u00e7elik tasar\u0131ma (motor, filtre haznesi, konteyner ve \u00e7er\u00e7eve) sahip olan ekipman maksimum dayan\u0131kl\u0131l\u0131k sunar. \u0130ki tek fazl\u0131 motoru 7\/24 s\u00fcrekli \u00e7al\u0131\u015fma i\u00e7in derecelendirilmi\u015ftir. Di\u011fer bir avantaj\u0131 ise, s\u00fcp\u00fcrgenin biriken maddeleri temizlemek ve cihaz\u0131n t\u0131kanmas\u0131n\u0131 \u00f6nlemek i\u00e7in bir t\u0131kan\u0131kl\u0131k a\u00e7ma sistemine sahip olmas\u0131d\u0131r.<\/p>\n\n\n\n<p>Bir di\u011fer \u00f6nemli teknik \u00f6zellik: 3 mikrona kadar filtreleme verimlili\u011fi ve y\u00fcksek toz tutma sa\u011flayan cep filtresi, W2 s\u00fcp\u00fcrgenin \u00e7\u0131kard\u0131\u011f\u0131 havan\u0131n safl\u0131\u011f\u0131n\u0131 garanti eder.<\/p>\n\n\n\n<p>W2 \u0131slak ve kuru s\u00fcp\u00fcrge, <strong>temizlik profesyonelleri i\u00e7in tasarlanm\u0131\u015f aksesuarlarla<\/strong> birlikte gelir (esnek emi\u015f hortumu, f\u0131r\u00e7alar, nozul, adapt\u00f6rler).<\/p>\n\n\n\n<blockquote class=\"wp-block-quote is-layout-flow wp-block-quote-is-layout-flow\">\n<p>Se\u00e7enekler: W2 end\u00fcstriyel s\u00fcp\u00fcrgenin patlay\u0131c\u0131 toz \u00fcreten ortamlarda g\u00fcvenli temizlik i\u00e7in <strong>ATEX 22 b\u00f6lgesi<\/strong> versiyonu mevcuttur. Ayr\u0131ca nomex filtreler (250\u00b0&#8217;ye kadar \u0131s\u0131ya dayan\u0131kl\u0131), Hepa H14, M s\u0131n\u0131f\u0131 PTFE, L, M veya M s\u0131n\u0131f\u0131 su-oleofobik Teflon ile donat\u0131labilir. Sekt\u00f6r\u00fcn\u00fcze ba\u011fl\u0131 olarak, ekiplerimiz \u00fcretim birimlerinize en uygun filtre konusunda size tavsiyelerde bulunacakt\u0131r.  <\/p>\n<\/blockquote>\n\n\n\n<h3 class=\"wp-block-heading has-text-align-center\">END\u00dcSTR\u0130LER<\/h3>\n\n\n\n<div class=\"wp-block-columns is-layout-flex wp-container-core-columns-is-layout-28f84493 wp-block-columns-is-layout-flex\">\n<div class=\"wp-block-column is-layout-flow wp-block-column-is-layout-flow\">\n<hr class=\"wp-block-separator has-alpha-channel-opacity\"\/>\n\n\n\n<div class=\"wp-block-columns is-layout-flex wp-container-core-columns-is-layout-28f84493 wp-block-columns-is-layout-flex\">\n<div class=\"wp-block-column is-layout-flow wp-block-column-is-layout-flow\">\n<figure class=\"wp-block-image aligncenter size-thumbnail is-resized\"><img decoding=\"async\" width=\"150\" height=\"150\" src=\"https:\/\/obera.fr\/wp-content\/uploads\/2022\/02\/Textile-150x150.png\" alt=\"teksti\u0307l\" class=\"wp-image-8855\"\/><figcaption class=\"wp-element-caption\">Tekstil<\/figcaption><\/figure>\n\n\n\n<figure class=\"wp-block-image aligncenter size-thumbnail is-resized\"><img decoding=\"async\" width=\"150\" height=\"150\" src=\"https:\/\/obera.fr\/wp-content\/uploads\/2022\/02\/Plastique-150x150.png\" alt=\"plastik\" class=\"wp-image-8854\"\/><figcaption class=\"wp-element-caption\">Plastik<\/figcaption><\/figure>\n<\/div>\n\n\n\n<div class=\"wp-block-column is-layout-flow wp-block-column-is-layout-flow\">\n<figure class=\"wp-block-image aligncenter size-thumbnail is-resized\"><img decoding=\"async\" width=\"150\" height=\"150\" src=\"https:\/\/obera.fr\/wp-content\/uploads\/2022\/02\/MINERAIS-150x150.png\" alt=\"cevherler\" class=\"wp-image-8847\"\/><figcaption class=\"wp-element-caption\">Mineraller<\/figcaption><\/figure>\n\n\n\n<figure class=\"wp-block-image aligncenter size-thumbnail is-resized\"><img decoding=\"async\" width=\"150\" height=\"150\" src=\"https:\/\/obera.fr\/wp-content\/uploads\/2022\/02\/Metalurgie-150x150.png\" alt=\"METALURJ\u0130\" class=\"wp-image-8857\"\/><figcaption class=\"wp-element-caption\">Metalurji<\/figcaption><\/figure>\n\n\n\n<figure class=\"wp-block-image aligncenter size-thumbnail is-resized\"><img decoding=\"async\" width=\"150\" height=\"150\" src=\"https:\/\/obera.fr\/wp-content\/uploads\/2023\/02\/sans-titre-2023-02-14t102211.641-150x150.png\" alt=\"Tar\u0131m\" class=\"wp-image-18828\"\/><figcaption class=\"wp-element-caption\">Tar\u0131m<\/figcaption><\/figure>\n<\/div>\n<\/div>\n<\/div>\n\n\n\n<div class=\"wp-block-column is-layout-flow wp-block-column-is-layout-flow\">\n<hr class=\"wp-block-separator has-alpha-channel-opacity\"\/>\n\n\n\n<div class=\"wp-block-columns is-layout-flex wp-container-core-columns-is-layout-28f84493 wp-block-columns-is-layout-flex\">\n<div class=\"wp-block-column is-layout-flow wp-block-column-is-layout-flow\">\n<figure class=\"wp-block-image aligncenter size-thumbnail is-resized\"><img decoding=\"async\" width=\"150\" height=\"150\" src=\"https:\/\/obera.fr\/wp-content\/uploads\/2022\/02\/Chimie-150x150.png\" alt=\"K\u0130MYA\" class=\"wp-image-8846\"\/><figcaption class=\"wp-element-caption\">Kimya<\/figcaption><\/figure>\n\n\n\n<figure class=\"wp-block-image aligncenter size-thumbnail is-resized\"><img decoding=\"async\" width=\"150\" height=\"150\" src=\"https:\/\/obera.fr\/wp-content\/uploads\/2022\/02\/Travail-du-bois-150x150.png\" alt=\"a\u011fa\u00e7 i\u0307\u015fleri\u0307\" class=\"wp-image-8856\"\/><figcaption class=\"wp-element-caption\">A\u011fa\u00e7 \u0130\u015fleri<\/figcaption><\/figure>\n\n\n\n<figure class=\"wp-block-image aligncenter size-thumbnail is-resized\"><img decoding=\"async\" width=\"150\" height=\"150\" src=\"https:\/\/obera.fr\/wp-content\/uploads\/2023\/02\/sans-titre-2023-02-14t101920.185-150x150.png\" alt=\"Havac\u0131l\u0131k\" class=\"wp-image-18831\"\/><figcaption class=\"wp-element-caption\">Havac\u0131l\u0131k<\/figcaption><\/figure>\n<\/div>\n\n\n\n<div class=\"wp-block-column is-layout-flow wp-block-column-is-layout-flow\">\n<figure class=\"wp-block-image aligncenter size-thumbnail is-resized\"><img decoding=\"async\" width=\"150\" height=\"150\" src=\"https:\/\/obera.fr\/wp-content\/uploads\/2022\/02\/AGROALIMENTAIRE-150x150.png\" alt=\"tar\u0131msal g\u0131da\" class=\"wp-image-8844\"\/><figcaption class=\"wp-element-caption\">G\u0131da end\u00fcstrisi<\/figcaption><\/figure>\n\n\n\n<figure class=\"wp-block-image aligncenter size-thumbnail is-resized\"><img decoding=\"async\" width=\"150\" height=\"150\" src=\"https:\/\/obera.fr\/wp-content\/uploads\/2022\/02\/Papier-carton-150x150.png\" alt=\"ka\u011f\u0131t ve karton\" class=\"wp-image-8853\"\/><figcaption class=\"wp-element-caption\">Ka\u011f\u0131t\/Karton<\/figcaption><\/figure>\n\n\n\n<figure class=\"wp-block-image aligncenter size-thumbnail is-resized\"><img decoding=\"async\" width=\"150\" height=\"150\" src=\"https:\/\/obera.fr\/wp-content\/uploads\/2023\/02\/sans-titre-2023-02-14t101712.416-150x150.png\" alt=\"Otomotiv\" class=\"wp-image-18834\"\/><figcaption class=\"wp-element-caption\">Otomotiv<\/figcaption><\/figure>\n<\/div>\n<\/div>\n<\/div>\n<\/div>\n\n\n\n<figure class=\"wp-block-table\"><table class=\"has-fixed-layout\"><tbody><tr><td>Gerilim<\/td><td>V-HZ<\/td><td>230-50<\/td><\/tr><tr><td>G\u00fc\u00e7<\/td><td>kW<\/td><td>2&#215;1.1<\/td><\/tr><tr><td>Maksimum depresyon<\/td><td>Pa<\/td><td>2,400 Pa<\/td><\/tr><tr><td>Maksimum hava ak\u0131\u015f\u0131<\/td><td>m3\/h<\/td><td>360<\/td><\/tr><tr><td>A\u011f\u0131zl\u0131k \u00e7ap\u0131<\/td><td>mm<\/td><td>50<\/td><\/tr><tr><td>Filtre tipi<\/td><td><\/td><td>Y\u0131ld\u0131z cepli<\/td><\/tr><tr><td>Y\u00fczey<\/td><td>cm2<\/td><td>20.000<\/td><\/tr><tr><td>Temizlik sistemi<\/td><td><\/td><td>Manuel<\/td><\/tr><tr><td>Hasat kutusu<\/td><td><\/td><td>\u00c7elik<\/td><\/tr><tr><td>Tahliye sistemi<\/td><td><\/td><td>\u00c7\u0131kar\u0131labilir \u00e7\u00f6p kutusu<\/td><\/tr><tr><td>Kapasite<\/td><td>litre<\/td><td>40<\/td><\/tr><tr><td>Boyutlar<\/td><td>cm<\/td><td>55x63x115<\/td><\/tr><\/tbody><\/table><\/figure>\n\n\n\n<div class=\"wp-block-buttons is-content-justification-center is-layout-flex wp-container-core-buttons-is-layout-a89b3969 wp-block-buttons-is-layout-flex\">\n<div class=\"wp-block-button\"><a class=\"wp-block-button__link wp-element-button\" href=\"https:\/\/obera.fr\/wp-content\/uploads\/2024\/04\/obera_brochure-w2-fr.pdf\">\u00dcR\u00dcN VERI\u0307 SAYFASINI I\u0307NDI\u0307RI\u0307N<\/a><\/div>\n<\/div>\n\n\n\n<h2 class=\"wp-block-heading\">G\u00fc\u00e7l\u00fc ve \u00e7ok y\u00f6nl\u00fc: W2 elektrikli s\u00fcp\u00fcrgenin t\u00fcm avantajlar\u0131<\/h2>\n\n\n\n<p>W2, kompakt bir makinenin kullan\u0131m kolayl\u0131\u011f\u0131 ile end\u00fcstriyel bir s\u00fcp\u00fcrgenin g\u00fcc\u00fcn\u00fc bir araya getirir. Y\u00fcksek hareket kabiliyeti ve emme performans\u0131na ek olarak, ses yal\u0131t\u0131ml\u0131 kaplamas\u0131, operat\u00f6r\u00fc veya at\u00f6lyedeki di\u011fer \u00e7al\u0131\u015fanlar\u0131 rahats\u0131z etmemek i\u00e7in kullan\u0131m s\u0131ras\u0131nda g\u00fcr\u00fclt\u00fcy\u00fc en aza indirir. Ayr\u0131ca kullan\u0131m kolayl\u0131\u011f\u0131 i\u00e7in a\u015fa\u011f\u0131 bakan \u00e7\u0131k\u0131\u015f\u0131, tozun y\u00fczeyde kar\u0131\u015fmas\u0131n\u0131 ve operat\u00f6r\u00fcn yoluna \u00e7\u0131kmas\u0131n\u0131 \u00f6nler.<\/p>\n\n\n\n<p>S\u00fcp\u00fcrge bak\u0131m gerektirmez ve doygunlu\u011fu \u00f6nlemek ve her \u015feyden \u00f6nce manuel olarak temizlemeyi kolayla\u015ft\u0131rmak i\u00e7in dikey bir filtre \u00e7alkalay\u0131c\u0131 ile donat\u0131lm\u0131\u015ft\u0131r.<\/p>\n\n\n\n<p>Son olarak, \u00e7ok y\u00f6nl\u00fcl\u00fc\u011f\u00fc ana avantaj\u0131d\u0131r, \u00e7\u00fcnk\u00fc kat\u0131 ve s\u0131v\u0131 malzemelerin emilmesi, \u00e7ok say\u0131da ama\u00e7 i\u00e7in kullan\u0131labilece\u011fi anlam\u0131na gelir: zeminlerin, duvarlar\u0131n, \u015fantiyelerin, at\u00f6lyelerin, makinelerin, catering ekipmanlar\u0131n\u0131n vb. temizlenmesi.<\/p>\n\n\n\n<div class=\"wp-block-columns is-layout-flex wp-container-core-columns-is-layout-28f84493 wp-block-columns-is-layout-flex\">\n<div class=\"wp-block-column is-layout-flow wp-block-column-is-layout-flow\" style=\"flex-basis:33.34%\">\n<h3 class=\"wp-block-heading\">Avantajlar :<\/h3>\n\n\n\n<ul class=\"wp-block-list\">\n<li>Kat\u0131 ve s\u0131v\u0131 tozu ayn\u0131 anda ay\u0131klamak i\u00e7in y\u00fcksek filtreleme sistemi;<\/li>\n\n\n\n<li>Ultra kompakt ve mobil;<\/li>\n\n\n\n<li>Kullan\u0131mda \u00e7ok sessiz.  <\/li>\n<\/ul>\n<\/div>\n\n\n\n<div class=\"wp-block-column is-layout-flow wp-block-column-is-layout-flow\" style=\"flex-basis:33.34%\">\n<h3 class=\"wp-block-heading\">\u00d6zel \u00f6zellikler:<\/h3>\n\n\n\n<ul class=\"wp-block-list\">\n<li>Ba\u011f\u0131ms\u0131z \u015falterli iki tek fazl\u0131 motor;<\/li>\n\n\n\n<li>Opsiyonel: Hepa H14 filtre, M, L, M s\u0131n\u0131f\u0131 su-oleofobik Teflon, M PTFE, nomex filtre;<\/li>\n\n\n\n<li>ATEX Zone 22 versiyonu mevcuttur.<\/li>\n<\/ul>\n<\/div>\n\n\n\n<div class=\"wp-block-column is-layout-flow wp-block-column-is-layout-flow\" style=\"flex-basis:33.33%\">\n<h3 class=\"wp-block-heading\">\u00d6zellikler :<\/h3>\n\n\n\n<ul class=\"wp-block-list\">\n<li>T\u0131kal\u0131 filtre g\u00f6sterge \u0131\u015f\u0131\u011f\u0131 ;<\/li>\n\n\n\n<li>Y\u0131ld\u0131z filtresi (polyester) ile emi\u015f \u00fcnitesinin korunmas\u0131.<\/li>\n<\/ul>\n<\/div>\n<\/div>\n\n\n\n<h2 class=\"wp-block-heading\">W2 end\u00fcstriyel s\u00fcp\u00fcrgeyi \u00fcretim sahan\u0131zda test etmek ister misiniz?<\/h2>\n\n\n\n<p>\u00c7\u00f6z\u00fcm\u00fc at\u00f6lyelerinizde test edin! T\u00fcm \u00e7\u00f6z\u00fcmlerimiz i\u00e7in, ortalama 1 ayl\u0131k bir s\u00fcre boyunca sat\u0131n alma se\u00e7ene\u011fiyle birlikte bir test a\u015famas\u0131 sunuyoruz. Testin sonunda ya siz bu \u00e7\u00f6z\u00fcm\u00fc benimsersiniz ya da biz ihtiya\u00e7lar\u0131n\u0131za daha uygun bir \u00e7\u00f6z\u00fcm \u00f6neririz.<\/p>\n\n\n\n<div class=\"wp-block-buttons is-content-justification-center is-layout-flex wp-container-core-buttons-is-layout-a89b3969 wp-block-buttons-is-layout-flex\">\n<div class=\"wp-block-button\"><a class=\"wp-block-button__link wp-element-button\" href=\"https:\/\/obera.fr\/tr\/contact\/\">W2 S\u00dcP\u00dcRGEYI\u0307 TEST EDI\u0307N<\/a><\/div>\n<\/div>\n\n\n\n<h2 class=\"wp-block-heading\">Serideki di\u011fer end\u00fcstriyel s\u00fcp\u00fcrgeler<\/h2>\n\n\n\n<div class=\"wp-block-columns is-layout-flex wp-container-core-columns-is-layout-28f84493 wp-block-columns-is-layout-flex\">\n<div class=\"wp-block-column is-layout-flow wp-block-column-is-layout-flow\">\n<figure class=\"wp-block-image aligncenter size-full is-resized\"><a href=\"https:\/\/obera.fr\/produits\/aspirateurs-industriels\/w2-xr-atex-22\/\"><img decoding=\"async\" width=\"566\" height=\"671\" src=\"https:\/\/obera.fr\/wp-content\/uploads\/2024\/10\/w2-xr-2.png\" alt=\"End\u00fcstriyel s\u00fcp\u00fcrgeler\" class=\"wp-image-35431\" style=\"object-fit:cover;width:300px;height:300px\" srcset=\"https:\/\/obera.fr\/wp-content\/uploads\/2024\/10\/w2-xr-2.png 566w, https:\/\/obera.fr\/wp-content\/uploads\/2024\/10\/w2-xr-2-253x300.png 253w\" sizes=\"(max-width: 566px) 100vw, 566px\" \/><\/a><figcaption class=\"wp-element-caption\">W2 XR<\/figcaption><\/figure>\n<\/div>\n\n\n\n<div class=\"wp-block-column is-layout-flow wp-block-column-is-layout-flow\">\n<figure class=\"wp-block-image aligncenter size-full\"><a href=\"https:\/\/obera.fr\/produits\/aspirateurs-industriels\/ventilateurs-aspiration-gamme-eurosog-rg-100-800\/\"><img decoding=\"async\" width=\"600\" height=\"600\" src=\"https:\/\/obera.fr\/wp-content\/uploads\/2024\/04\/obera-ventilateur-aspiration-rg-300-400.jpg\" alt=\"obera emi\u0307\u015f fani rg 300 400\" class=\"wp-image-29437\" srcset=\"https:\/\/obera.fr\/wp-content\/uploads\/2024\/04\/obera-ventilateur-aspiration-rg-300-400.jpg 600w, https:\/\/obera.fr\/wp-content\/uploads\/2024\/04\/obera-ventilateur-aspiration-rg-300-400-300x300.jpg 300w, https:\/\/obera.fr\/wp-content\/uploads\/2024\/04\/obera-ventilateur-aspiration-rg-300-400-150x150.jpg 150w\" sizes=\"(max-width: 600px) 100vw, 600px\" \/><\/a><figcaption class=\"wp-element-caption\">RG 300\/400<\/figcaption><\/figure>\n<\/div>\n\n\n\n<div class=\"wp-block-column is-layout-flow wp-block-column-is-layout-flow\">\n<figure class=\"wp-block-image aligncenter size-full is-resized\"><a href=\"https:\/\/obera.fr\/produits\/aspirateurs-industriels\/w3-pour-nettoyage-general\/\"><img decoding=\"async\" width=\"658\" height=\"652\" src=\"https:\/\/obera.fr\/wp-content\/uploads\/2024\/10\/w3.png\" alt=\"w3\" class=\"wp-image-35427\" style=\"object-fit:cover;width:300px;height:300px\" srcset=\"https:\/\/obera.fr\/wp-content\/uploads\/2024\/10\/w3.png 658w, https:\/\/obera.fr\/wp-content\/uploads\/2024\/10\/w3-300x297.png 300w, https:\/\/obera.fr\/wp-content\/uploads\/2024\/10\/w3-150x150.png 150w, https:\/\/obera.fr\/wp-content\/uploads\/2024\/10\/w3-24x24.png 24w, https:\/\/obera.fr\/wp-content\/uploads\/2024\/10\/w3-48x48.png 48w, https:\/\/obera.fr\/wp-content\/uploads\/2024\/10\/w3-96x96.png 96w\" sizes=\"(max-width: 658px) 100vw, 658px\" \/><\/a><figcaption class=\"wp-element-caption\">W3<\/figcaption><\/figure>\n<\/div>\n<\/div>\n","protected":false},"excerpt":{"rendered":"<p>Kompakt ve mobil W2end\u00fcstriyel s\u00fcp\u00fcrge, sa\u011flaml\u0131\u011f\u0131, y\u00fcksek filtreleme kapasitesi ve performans\u0131yla tan\u0131nan, piyasadaki en verimli ekipmanlardan biridir. W2 \u0131slak ve kuru end\u00fcstriyel s\u00fcp\u00fcrgeler: nas\u0131l \u00e7al\u0131\u015f\u0131rlar ve nerede kullan\u0131l\u0131rlar? W2 \u0131slak ve kuru end\u00fcstriyel s\u00fcp\u00fcrgenin ana avantaj\u0131 \u00e7ok y\u00f6nl\u00fcl\u00fc\u011f\u00fcd\u00fcr. Emi\u015f g\u00fcc\u00fc, kat\u0131 ve s\u0131v\u0131 maddeleri ayn\u0131 anda kald\u0131rabilece\u011fi ve vakumlayabilece\u011fi anlam\u0131na gelir. Sa\u011flam bir \u00e7elik motor kafas\u0131 ile korunan ve i\u00e7i ses yal\u0131t\u0131ml\u0131 iki adet tek fazl\u0131 by-pass motora sahiptir. S\u00fcp\u00fcrge, s\u0131v\u0131lar\u0131 kuru par\u00e7ac\u0131klardan filtrelemek i\u00e7in bir su\/toz ay\u0131rma sistemi ile donat\u0131lm\u0131\u015ft\u0131r. Vakumlanan toz partik\u00fclleri \u00e7elik bir haznede depolan\u0131rken, s\u0131v\u0131lar bir tankta toplan\u0131r. W2 end\u00fcstriyel s\u00fcp\u00fcrge, k\u00fc\u00e7\u00fck ve orta miktarlarda tozun &#8230; <\/p>\n<p class=\"read-more-container\"><a title=\"W2 end\u00fcstriyel s\u00fcp\u00fcrge\" class=\"read-more button\" href=\"https:\/\/obera.fr\/tr\/produits\/aspirateurs-industriels\/w2-haute-filtration-polyvalence\/#more-50698\" aria-label=\"Read more about W2 end\u00fcstriyel s\u00fcp\u00fcrge\">Lire la suite<\/a><\/p>\n","protected":false},"author":4,"featured_media":83752,"parent":52207,"menu_order":0,"comment_status":"closed","ping_status":"closed","template":"","meta":{"_acf_changed":false,"_seopress_robots_primary_cat":"","_seopress_titles_title":"W2 end\u00fcstriyel s\u00fcp\u00fcrge: y\u00fcksek filtreleme ve \u00e7ok y\u00f6nl\u00fcl\u00fck","_seopress_titles_desc":"Kat\u0131 ve s\u0131v\u0131 tozun ayn\u0131 anda emilmesi i\u00e7in y\u00fcksek filtreleme sistemine sahip W2 Serisini se\u00e7in.","_seopress_robots_index":"","footnotes":""},"class_list":{"0":"post-50698","1":"page","2":"type-page","3":"status-publish","4":"has-post-thumbnail","6":"no-featured-image-padding","7":"resize-featured-image"},"acf":[],"_links":{"self":[{"href":"https:\/\/obera.fr\/tr\/wp-json\/wp\/v2\/pages\/50698","targetHints":{"allow":["GET"]}}],"collection":[{"href":"https:\/\/obera.fr\/tr\/wp-json\/wp\/v2\/pages"}],"about":[{"href":"https:\/\/obera.fr\/tr\/wp-json\/wp\/v2\/types\/page"}],"author":[{"embeddable":true,"href":"https:\/\/obera.fr\/tr\/wp-json\/wp\/v2\/users\/4"}],"replies":[{"embeddable":true,"href":"https:\/\/obera.fr\/tr\/wp-json\/wp\/v2\/comments?post=50698"}],"version-history":[{"count":10,"href":"https:\/\/obera.fr\/tr\/wp-json\/wp\/v2\/pages\/50698\/revisions"}],"predecessor-version":[{"id":107410,"href":"https:\/\/obera.fr\/tr\/wp-json\/wp\/v2\/pages\/50698\/revisions\/107410"}],"up":[{"embeddable":true,"href":"https:\/\/obera.fr\/tr\/wp-json\/wp\/v2\/pages\/52207"}],"wp:featuredmedia":[{"embeddable":true,"href":"https:\/\/obera.fr\/tr\/wp-json\/wp\/v2\/media\/83752"}],"wp:attachment":[{"href":"https:\/\/obera.fr\/tr\/wp-json\/wp\/v2\/media?parent=50698"}],"curies":[{"name":"wp","href":"https:\/\/api.w.org\/{rel}","templated":true}]}}