{"id":50798,"date":"2024-04-05T23:01:46","date_gmt":"2024-04-05T21:01:46","guid":{"rendered":"https:\/\/obera.fr\/w3-endustriyel-supurge\/"},"modified":"2025-06-03T11:17:37","modified_gmt":"2025-06-03T09:17:37","slug":"w3-pour-nettoyage-general","status":"publish","type":"page","link":"https:\/\/obera.fr\/tr\/produits\/aspirateurs-industriels\/w3-pour-nettoyage-general\/","title":{"rendered":"W3 end\u00fcstriyel s\u00fcp\u00fcrge"},"content":{"rendered":"\n<p>Y\u00fcksek performansl\u0131, kullan\u0131m\u0131 kolay bir <a href=\"https:\/\/obera.fr\/tr\/produits\/aspirateurs-industriels\/\" data-type=\"page\" data-id=\"41\">vakum \u00e7\u00f6z\u00fcm\u00fc<\/a> olan W3 end\u00fcstriyel s\u00fcp\u00fcrge, her ihtiyaca g\u00f6re uyarlanabilen bir genel temizlik \u00fcr\u00fcn\u00fcd\u00fcr.<\/p>\n\n\n\n<h2 class=\"wp-block-heading\">W3 end\u00fcstriyel s\u00fcp\u00fcrgenin prensibi ve uygulamas\u0131<\/h2>\n\n\n\n<div class=\"wp-block-columns is-layout-flex wp-container-core-columns-is-layout-28f84493 wp-block-columns-is-layout-flex\">\n<div class=\"wp-block-column is-layout-flow wp-block-column-is-layout-flow\" style=\"flex-basis:33.33%\">\n<figure class=\"wp-block-image aligncenter size-full is-resized\"><img decoding=\"async\" width=\"658\" height=\"652\" src=\"https:\/\/obera.fr\/wp-content\/uploads\/2024\/10\/w3.png\" alt=\"End\u00fcstriyel s\u00fcp\u00fcrgeler\" class=\"wp-image-35427\" style=\"object-fit:cover;width:300px;height:300px\" srcset=\"https:\/\/obera.fr\/wp-content\/uploads\/2024\/10\/w3.png 658w, https:\/\/obera.fr\/wp-content\/uploads\/2024\/10\/w3-300x297.png 300w, https:\/\/obera.fr\/wp-content\/uploads\/2024\/10\/w3-150x150.png 150w, https:\/\/obera.fr\/wp-content\/uploads\/2024\/10\/w3-24x24.png 24w, https:\/\/obera.fr\/wp-content\/uploads\/2024\/10\/w3-48x48.png 48w, https:\/\/obera.fr\/wp-content\/uploads\/2024\/10\/w3-96x96.png 96w\" sizes=\"(max-width: 658px) 100vw, 658px\" \/><\/figure>\n<\/div>\n\n\n\n<div class=\"wp-block-column is-layout-flow wp-block-column-is-layout-flow\" style=\"flex-basis:66.66%\">\n<p><strong>W3 end\u00fcstriyel s\u00fcp\u00fcrge<\/strong>, \u00e7ok y\u00f6nl\u00fcl\u00fc\u011f\u00fc ve sessiz \u00e7al\u0131\u015fmas\u0131yla \u00fcnl\u00fcd\u00fcr. Havay\u0131 emen ve iki ak\u0131\u015fa b\u00f6len \u00fc\u00e7 g\u00fc\u00e7l\u00fc by-pass motoruna sahiptir: bir ak\u0131\u015f motoru so\u011futmak i\u00e7in, ikincisi ise toz ve kat\u0131 maddeleri emmek i\u00e7in kullan\u0131l\u0131r. Bu emme sistemi sadece motorun t\u0131kanmas\u0131n\u0131 \u00f6nlemekle kalmaz, ayn\u0131 zamanda hava ak\u0131\u015f\u0131n\u0131 toz filtresinden ge\u00e7irerek ince partik\u00fclleri de tutar. W3 Serisi by-pass motorlar y\u00fcksek emi\u015f g\u00fcc\u00fc, daha az bak\u0131m ve daha uzun ekipman \u00f6mr\u00fc (daha az a\u015f\u0131r\u0131 \u0131s\u0131nma ve t\u0131kanma riski) sunar.   <\/p>\n\n\n\n<p>Ne i\u00e7in kullan\u0131l\u0131r? \u00c7ok y\u00f6nl\u00fc, \u00e7evik ve pratik olan W3 tek fazl\u0131 elektrikli s\u00fcp\u00fcrge genel temizlik i\u00e7in idealdir: zeminlerin, duvarlar\u0131n, \u015fantiyelerin, at\u00f6lyelerin, \u00fcretim makinelerinin vb. temizlenmesi. Ayr\u0131ca ince toz ve alerjen partik\u00fclleri emmek i\u00e7in de m\u00fckemmel bir se\u00e7imdir. Yap\u0131s\u0131 ve \u00e7ok \u00e7e\u015fitli \u00f6zelle\u015ftirme se\u00e7enekleri, end\u00fcstrinin t\u00fcm sekt\u00f6rlerine uyum sa\u011flamas\u0131n\u0131 kolayla\u015ft\u0131r\u0131r. \u00d6zellikle mekanik at\u00f6lyeler, g\u0131da i\u015fleme \u015firketleri, do\u011frama at\u00f6lyeleri, el sanatlar\u0131 at\u00f6lyeleri, kumlama, \u00e7imento i\u015fleri ve y\u00fczey i\u015flemede toz ve kat\u0131 maddelerin emilmesi i\u00e7in etkilidir.   <\/p>\n\n\n\n<div class=\"wp-block-columns is-layout-flex wp-container-core-columns-is-layout-28f84493 wp-block-columns-is-layout-flex\">\n<div class=\"wp-block-column is-layout-flow wp-block-column-is-layout-flow\">\n<div class=\"wp-block-buttons is-layout-flex wp-block-buttons-is-layout-flex\">\n<div class=\"wp-block-button\"><a class=\"wp-block-button__link wp-element-button\" href=\"https:\/\/obera.fr\/wp-content\/uploads\/2025\/06\/brochure-w3-en.pdf\">BRO\u015e\u00dcR\u00dc INDIRIN<\/a><\/div>\n<\/div>\n<\/div>\n\n\n\n<div class=\"wp-block-column is-layout-flow wp-block-column-is-layout-flow\">\n<div class=\"wp-block-buttons is-layout-flex wp-block-buttons-is-layout-flex\">\n<div class=\"wp-block-button\"><a class=\"wp-block-button__link wp-element-button\" href=\"https:\/\/obera.fr\/contact\/\">KI\u015eISELLE\u015eTIRILMI\u015e TAVSIYEYE MI IHTIYACINIZ VAR?<\/a><\/div>\n<\/div>\n<\/div>\n\n\n\n<div class=\"wp-block-column is-layout-flow wp-block-column-is-layout-flow\">\n<div class=\"wp-block-buttons is-content-justification-center is-layout-flex wp-container-core-buttons-is-layout-a89b3969 wp-block-buttons-is-layout-flex\">\n<div class=\"wp-block-button btn-devis-source\"><a class=\"wp-block-button__link wp-element-button\" href=\"https:\/\/obera.fr\/tr\/devis\/\">Fiyat teklifi isteyin<\/a><\/div>\n<\/div>\n\n\n<script>\r\ndocument.addEventListener('DOMContentLoaded', function() {\r\n    \/\/ 1. On cherche le titre H1 de la page\r\n    var h1 = document.querySelector('h1');\r\n    var productTitle = h1 ? h1.innerText.trim() : \"\";\r\n\r\n    \/\/ 2. On cherche les boutons via la classe CSS .btn-devis-source\r\n    var buttons = document.querySelectorAll('.btn-devis-source a');\r\n\r\n    \/\/ 3. Si on a le titre et les boutons, on ajoute le param\u00e8tre\r\n    if (buttons.length > 0 && productTitle !== \"\") {\r\n        var encodedTitle = encodeURIComponent(productTitle);\r\n\r\n        buttons.forEach(function(btn) {\r\n            var currentHref = btn.getAttribute('href');\r\n            \r\n            \/\/ S\u00e9curit\u00e9 pour ne pas ajouter le param\u00e8tre 2 fois\r\n            if (currentHref.indexOf('sujet=') === -1) {\r\n                var separator = currentHref.indexOf('?') !== -1 ? '&' : '?';\r\n                var newLink = currentHref + separator + 'sujet=' + encodedTitle;\r\n                \r\n                btn.setAttribute('href', newLink);\r\n            }\r\n        });\r\n    }\r\n});\r\n<\/script><\/div>\n<\/div>\n<\/div>\n<\/div>\n\n\n\n<h2 class=\"wp-block-heading\">Genel temizlik: W3 elektrikli s\u00fcp\u00fcrgenin \u00f6zellikleri<\/h2>\n\n\n\n<p>W3 end\u00fcstriyel s\u00fcp\u00fcrgenin iki versiyonu mevcuttur. 65 litrelik versiyonda 1,1 kW ve 100 litrelik versiyonda 1,3 kW&#8217;l\u0131k 3 adet tek fazl\u0131 motorla donat\u0131lm\u0131\u015ft\u0131r. Bu teknik \u00f6zellik, makineyi \u00f6zellikle y\u00fcksek \u00f6zg\u00fcl a\u011f\u0131rl\u0131\u011fa sahip malzemelerin (\u00e7ak\u0131l, kum, \u00e7ivi, vida, cam d\u00f6k\u00fcnt\u00fcleri) vakumlanmas\u0131nda etkili k\u0131lmaktad\u0131r. S\u00fcp\u00fcrge, se\u00e7ilen versiyona ba\u011fl\u0131 olarak 2.400 ile 3.600 Pa aras\u0131nda maksimum vakum ve 540 m3\/sa ile 450 m3\/sa aras\u0131nda maksimum ak\u0131\u015f h\u0131z\u0131 sunar.<\/p>\n\n\n\n<p>3 by-pass motoruna ra\u011fmen W3 end\u00fcstriyel s\u00fcp\u00fcrge sessizdir. Emme \u00fcnitesi, g\u00fcr\u00fclt\u00fcy\u00fc en aza indirmek i\u00e7in ses yal\u0131t\u0131ml\u0131d\u0131r.<\/p>\n\n\n\n<p>Sa\u011flam emme cihaz\u0131, sa\u011flam \u00e7elik bir ba\u015fl\u0131\u011fa sahiptir. Filtre \u00fcnitesi de tekerlekli tepsisi ve \u015fasisi gibi paslanmaz \u00e7elikten yap\u0131lm\u0131\u015ft\u0131r (filtre haznesi).  <\/p>\n\n\n\n<p>Son olarak, filtre \u00fcnitesi koruma ve y\u00fcksek toz tutma i\u00e7in polyester torba filtre ile donat\u0131lm\u0131\u015ft\u0131r. Geni\u015f 2m2 y\u00fczey alan\u0131 ve y\u00fcksek filtreleme verimlili\u011fi (3 mikron) de \u00e7\u0131kan havan\u0131n safl\u0131\u011f\u0131n\u0131 garanti eder.<\/p>\n\n\n\n<p>W3 elektrikli s\u00fcp\u00fcrge, temizlik profesyonellerine \u00f6zel aksesuarlar i\u00e7erir: esnek emi\u015f hortumu, f\u0131r\u00e7alar, aral\u0131k a\u00e7ma aleti vb.<\/p>\n\n\n\n<blockquote class=\"wp-block-quote is-layout-flow wp-block-quote-is-layout-flow\">\n<p>Mevcut versiyonlar: W3 end\u00fcstriyel s\u00fcp\u00fcrgenin iki versiyonu mevcuttur! Biri 65 litre kapasiteli, ikincisi 100 litre kapasiteli. Ayr\u0131ca, y\u00fcksek \u00f6zg\u00fcl a\u011f\u0131rl\u0131\u011fa sahip malzemelerin emilmesini sa\u011flamak i\u00e7in 3 adet tek fazl\u0131, 3 kademeli motor da mevcuttur.<\/p>\n<\/blockquote>\n\n\n\n<h3 class=\"wp-block-heading has-text-align-center\">Opsiyonel<\/h3>\n\n\n\n<div class=\"wp-block-columns is-layout-flex wp-container-core-columns-is-layout-28f84493 wp-block-columns-is-layout-flex\">\n<div class=\"wp-block-column is-layout-flow wp-block-column-is-layout-flow\" style=\"flex-basis:50%\">\n<ul class=\"wp-block-list\">\n<li>Nomex filtre &#8211; 250\u00b0&#8217;ye kadar \u0131s\u0131ya dayan\u0131kl\u0131;<\/li>\n\n\n\n<li>Hepa H14 mutlak filtre ;<\/li>\n\n\n\n<li>M S\u0131n\u0131f\u0131 PTFE filtre ;<\/li>\n\n\n\n<li>M s\u0131n\u0131f\u0131 su-oleofobik Teflon filtre;  <\/li>\n\n\n\n<li>M s\u0131n\u0131f\u0131 antistatik filtre ;<\/li>\n<\/ul>\n<\/div>\n\n\n\n<div class=\"wp-block-column is-layout-flow wp-block-column-is-layout-flow\" style=\"flex-basis:50%\">\n<ul class=\"wp-block-list\">\n<li>Paslanmaz \u00e7elik kap ve filtre haznesi;<\/li>\n\n\n\n<li>Topraklama ;<\/li>\n\n\n\n<li>Bo\u015faltma valfli ve seviye g\u00f6stergeli \u0131zgara sepet;<\/li>\n\n\n\n<li>Torbalama konteyneri uzun mat 20mt;<\/li>\n\n\n\n<li>Filtre korumas\u0131 i\u00e7in siklon.<\/li>\n<\/ul>\n<\/div>\n<\/div>\n\n\n\n<h3 class=\"wp-block-heading has-text-align-center\">END\u00dcSTR\u0130LER<\/h3>\n\n\n\n<div class=\"wp-block-columns is-layout-flex wp-container-core-columns-is-layout-28f84493 wp-block-columns-is-layout-flex\">\n<div class=\"wp-block-column is-layout-flow wp-block-column-is-layout-flow\">\n<hr class=\"wp-block-separator has-alpha-channel-opacity\"\/>\n\n\n\n<div class=\"wp-block-columns is-layout-flex wp-container-core-columns-is-layout-28f84493 wp-block-columns-is-layout-flex\">\n<div class=\"wp-block-column is-layout-flow wp-block-column-is-layout-flow\">\n<figure class=\"wp-block-image aligncenter size-thumbnail is-resized\"><img decoding=\"async\" width=\"150\" height=\"150\" src=\"https:\/\/obera.fr\/wp-content\/uploads\/2022\/02\/Textile-150x150.png\" alt=\"teksti\u0307l\" class=\"wp-image-8855\"\/><figcaption class=\"wp-element-caption\">Tekstil<\/figcaption><\/figure>\n\n\n\n<figure class=\"wp-block-image aligncenter size-thumbnail is-resized\"><img decoding=\"async\" width=\"150\" height=\"150\" src=\"https:\/\/obera.fr\/wp-content\/uploads\/2022\/02\/Plastique-150x150.png\" alt=\"plastik\" class=\"wp-image-8854\"\/><figcaption class=\"wp-element-caption\">Plastik<\/figcaption><\/figure>\n<\/div>\n\n\n\n<div class=\"wp-block-column is-layout-flow wp-block-column-is-layout-flow\">\n<figure class=\"wp-block-image aligncenter size-thumbnail is-resized\"><img decoding=\"async\" width=\"150\" height=\"150\" src=\"https:\/\/obera.fr\/wp-content\/uploads\/2022\/02\/MINERAIS-150x150.png\" alt=\"cevherler\" class=\"wp-image-8847\"\/><figcaption class=\"wp-element-caption\">Mineraller<\/figcaption><\/figure>\n\n\n\n<figure class=\"wp-block-image aligncenter size-thumbnail is-resized\"><img decoding=\"async\" width=\"150\" height=\"150\" src=\"https:\/\/obera.fr\/wp-content\/uploads\/2022\/02\/Metalurgie-150x150.png\" alt=\"METALURJ\u0130\" class=\"wp-image-8857\"\/><figcaption class=\"wp-element-caption\">Metalurji<\/figcaption><\/figure>\n\n\n\n<figure class=\"wp-block-image aligncenter size-thumbnail is-resized\"><img decoding=\"async\" width=\"150\" height=\"150\" src=\"https:\/\/obera.fr\/wp-content\/uploads\/2023\/02\/sans-titre-2023-02-14t102211.641-150x150.png\" alt=\"Tar\u0131m\" class=\"wp-image-18828\"\/><figcaption class=\"wp-element-caption\">Tar\u0131m<\/figcaption><\/figure>\n<\/div>\n<\/div>\n<\/div>\n\n\n\n<div class=\"wp-block-column is-layout-flow wp-block-column-is-layout-flow\">\n<hr class=\"wp-block-separator has-alpha-channel-opacity\"\/>\n\n\n\n<div class=\"wp-block-columns is-layout-flex wp-container-core-columns-is-layout-28f84493 wp-block-columns-is-layout-flex\">\n<div class=\"wp-block-column is-layout-flow wp-block-column-is-layout-flow\">\n<figure class=\"wp-block-image aligncenter size-thumbnail is-resized\"><img decoding=\"async\" width=\"150\" height=\"150\" src=\"https:\/\/obera.fr\/wp-content\/uploads\/2022\/02\/Chimie-150x150.png\" alt=\"K\u0130MYA\" class=\"wp-image-8846\"\/><figcaption class=\"wp-element-caption\">Kimya<\/figcaption><\/figure>\n\n\n\n<figure class=\"wp-block-image aligncenter size-thumbnail is-resized\"><img decoding=\"async\" width=\"150\" height=\"150\" src=\"https:\/\/obera.fr\/wp-content\/uploads\/2022\/02\/Travail-du-bois-150x150.png\" alt=\"a\u011fa\u00e7 i\u0307\u015fleri\u0307\" class=\"wp-image-8856\"\/><figcaption class=\"wp-element-caption\">A\u011fa\u00e7 \u0130\u015fleri<\/figcaption><\/figure>\n\n\n\n<figure class=\"wp-block-image aligncenter size-thumbnail is-resized\"><img decoding=\"async\" width=\"150\" height=\"150\" src=\"https:\/\/obera.fr\/wp-content\/uploads\/2023\/02\/sans-titre-2023-02-14t101920.185-150x150.png\" alt=\"Havac\u0131l\u0131k\" class=\"wp-image-18831\"\/><figcaption class=\"wp-element-caption\">Havac\u0131l\u0131k<\/figcaption><\/figure>\n<\/div>\n\n\n\n<div class=\"wp-block-column is-layout-flow wp-block-column-is-layout-flow\">\n<figure class=\"wp-block-image aligncenter size-thumbnail is-resized\"><img decoding=\"async\" width=\"150\" height=\"150\" src=\"https:\/\/obera.fr\/wp-content\/uploads\/2022\/02\/AGROALIMENTAIRE-150x150.png\" alt=\"tar\u0131msal g\u0131da\" class=\"wp-image-8844\"\/><figcaption class=\"wp-element-caption\">G\u0131da end\u00fcstrisi<\/figcaption><\/figure>\n\n\n\n<figure class=\"wp-block-image aligncenter size-thumbnail is-resized\"><img decoding=\"async\" width=\"150\" height=\"150\" src=\"https:\/\/obera.fr\/wp-content\/uploads\/2022\/02\/Papier-carton-150x150.png\" alt=\"ka\u011f\u0131t ve karton\" class=\"wp-image-8853\"\/><figcaption class=\"wp-element-caption\">Ka\u011f\u0131t\/Karton<\/figcaption><\/figure>\n\n\n\n<figure class=\"wp-block-image aligncenter size-thumbnail is-resized\"><img decoding=\"async\" width=\"150\" height=\"150\" src=\"https:\/\/obera.fr\/wp-content\/uploads\/2023\/02\/sans-titre-2023-02-14t101712.416-150x150.png\" alt=\"Otomotiv\" class=\"wp-image-18834\"\/><figcaption class=\"wp-element-caption\">Otomotiv<\/figcaption><\/figure>\n<\/div>\n<\/div>\n<\/div>\n<\/div>\n\n\n\n<figure class=\"wp-block-table\"><table class=\"has-fixed-layout\"><tbody><tr><td>Gerilim<\/td><td>V-HZ<\/td><td>230<\/td><td>230-50<\/td><\/tr><tr><td>G\u00fc\u00e7<\/td><td>kW<\/td><td>3&#215;1.1<\/td><td>3&#215;1.3<\/td><\/tr><tr><td>Maksimum depresyon<\/td><td>Pa<\/td><td>2,400 Pa<\/td><td>3,600 Pa<\/td><\/tr><tr><td>Maksimum hava ak\u0131\u015f\u0131<\/td><td>m3\/h<\/td><td>540<\/td><td>450<\/td><\/tr><tr><td>A\u011f\u0131zl\u0131k \u00e7ap\u0131<\/td><td>mm<\/td><td>80<\/td><td>80<\/td><\/tr><tr><td>Filtre tipi<\/td><td><\/td><td>Y\u0131ld\u0131z cepli<\/td><td>Y\u0131ld\u0131z cepli<\/td><\/tr><tr><td>Y\u00fczey<\/td><td>cm2<\/td><td>20.000<\/td><td>20.000<\/td><\/tr><tr><td>Temizlik sistemi<\/td><td><\/td><td>Manuel<\/td><td>Manuel<\/td><\/tr><tr><td>Hasat kutusu<\/td><td><\/td><td>\u00c7elik<\/td><td>\u00c7elik<\/td><\/tr><tr><td>Tahliye sistemi<\/td><td><\/td><td>\u00c7\u0131kar\u0131labilir \u00e7\u00f6p kutusu<\/td><td>\u00c7\u0131kar\u0131labilir \u00e7\u00f6p kutusu<\/td><\/tr><tr><td>Kapasite<\/td><td>litre<\/td><td>65\/100<\/td><td>65\/100<\/td><\/tr><tr><td>Boyutlar<\/td><td>cm<\/td><td>58x60x135cm<\/td><td>58x60x145cm<\/td><\/tr><tr><td>Filtreleme ekipman\u0131 &#8211; s\u0131n\u0131f<\/td><td><\/td><td><\/td><td>Polyester-L<\/td><\/tr><\/tbody><\/table><\/figure>\n\n\n\n<div class=\"wp-block-buttons is-content-justification-center is-layout-flex wp-container-core-buttons-is-layout-a89b3969 wp-block-buttons-is-layout-flex\">\n<div class=\"wp-block-button\"><a class=\"wp-block-button__link wp-element-button\" href=\"https:\/\/obera.fr\/wp-content\/uploads\/2024\/04\/obera_brochure-w3-fr.pdf\">\u00dcR\u00dcN VERI\u0307 SAYFASINI I\u0307NDI\u0307RI\u0307N<\/a><\/div>\n<\/div>\n\n\n\n<h2 class=\"wp-block-heading\">W3 s\u00fcp\u00fcrgenin faydalar\u0131<\/h2>\n\n\n\n<p>W3 Serisi \u00f6zellikle kullan\u0131m kolayl\u0131\u011f\u0131 a\u00e7\u0131s\u0131ndan pop\u00fclerdir. Her \u015fey operat\u00f6r\u00fcn genel temizlik hizmetini m\u00fcmk\u00fcn oldu\u011funca basitle\u015ftirmek i\u00e7in tasarlanm\u0131\u015ft\u0131r. Herhangi bir filtre doygunlu\u011funu tespit etmek i\u00e7in g\u00f6sterge \u0131\u015f\u0131kl\u0131 bir vakum g\u00f6stergesine sahiptir. Filtreyi de\u011fi\u015ftirirken kolay kald\u0131rmak i\u00e7in motor kafas\u0131nda iki tutamak vard\u0131r. Tek fazl\u0131 s\u00fcp\u00fcrgede ayr\u0131ca, y\u00fczey teknisyenlerinin maksimum vakumlama performans\u0131ndan yararlanabilmesi i\u00e7in bir d\u00fc\u011fmeye bas\u0131larak etkinle\u015ftirilebilen manuel bir t\u0131kan\u0131kl\u0131k a\u00e7ma sistemi bulunur.<\/p>\n\n\n\n<div class=\"wp-block-columns is-layout-flex wp-container-core-columns-is-layout-28f84493 wp-block-columns-is-layout-flex\">\n<div class=\"wp-block-column is-layout-flow wp-block-column-is-layout-flow\" style=\"flex-basis:33.34%\">\n<h3 class=\"wp-block-heading\">Avantajlar :<\/h3>\n\n\n\n<ul class=\"wp-block-list\">\n<li>Filtre doygunlu\u011funu tahmin etmek i\u00e7in g\u00f6sterge \u0131\u015f\u0131kl\u0131 vakum g\u00f6stergesi;<\/li>\n\n\n\n<li>A\u015fa\u011f\u0131 do\u011fru hava tahliyesi ;<\/li>\n\n\n\n<li>Kompakt, mobil ve kullan\u0131m\u0131 kolay;<\/li>\n\n\n\n<li>\u00c7ok y\u00f6nl\u00fc ve sessiz.<\/li>\n<\/ul>\n<\/div>\n\n\n\n<div class=\"wp-block-column is-layout-flow wp-block-column-is-layout-flow\" style=\"flex-basis:33.34%\">\n<h3 class=\"wp-block-heading\">\u00d6zel \u00f6zellikler:<\/h3>\n\n\n\n<ul class=\"wp-block-list\">\n<li>Ba\u011f\u0131ms\u0131z anahtarlara sahip \u00fc\u00e7 adet tek fazl\u0131 \u015f\u00f6nt motor;<\/li>\n\n\n\n<li>Polyester y\u0131ld\u0131z filtre ;<\/li>\n\n\n\n<li>Geni\u015f filtre yelpazesi mevcuttur.<\/li>\n<\/ul>\n<\/div>\n\n\n\n<div class=\"wp-block-column is-layout-flow wp-block-column-is-layout-flow\" style=\"flex-basis:33.33%\">\n<h3 class=\"wp-block-heading\">\u00d6zellikler :<\/h3>\n\n\n\n<ul class=\"wp-block-list\">\n<li>65 litrelik veya 100 litrelik versiyonlar\u0131 mevcuttur;<\/li>\n\n\n\n<li>3 a\u015famal\u0131 versiyon mevcuttur;<\/li>\n\n\n\n<li>Y\u0131ld\u0131z filtresi (polyester) ile emi\u015f \u00fcnitesinin korunmas\u0131.<\/li>\n<\/ul>\n<\/div>\n<\/div>\n\n\n\n<h2 class=\"wp-block-heading\">Genel temizlik i\u00e7in tek fazl\u0131 end\u00fcstriyel s\u00fcp\u00fcrgeyi test edin<\/h2>\n\n\n\n<p>At\u00f6lyelerinizde ortalama 1 ayl\u0131k bir s\u00fcre boyunca sat\u0131n alma se\u00e7ene\u011fi ile tam \u00f6l\u00e7ekli bir test sunuyoruz.<\/p>\n\n\n\n<div class=\"wp-block-buttons is-content-justification-center is-layout-flex wp-container-core-buttons-is-layout-a89b3969 wp-block-buttons-is-layout-flex\">\n<div class=\"wp-block-button\"><a class=\"wp-block-button__link wp-element-button\" href=\"https:\/\/obera.fr\/tr\/contact\/\">W2 S\u00dcP\u00dcRGEYI\u0307 TEST EDI\u0307N<\/a><\/div>\n<\/div>\n\n\n\n<h2 class=\"wp-block-heading\">Serideki di\u011fer end\u00fcstriyel s\u00fcp\u00fcrgeler<\/h2>\n\n\n\n<div class=\"wp-block-columns is-layout-flex wp-container-core-columns-is-layout-28f84493 wp-block-columns-is-layout-flex\">\n<div class=\"wp-block-column is-layout-flow wp-block-column-is-layout-flow\">\n<figure class=\"wp-block-image aligncenter size-full is-resized\"><a href=\"https:\/\/obera.fr\/produits\/aspirateurs-industriels\/w2-xr-atex-22\/\"><img decoding=\"async\" width=\"566\" height=\"671\" src=\"https:\/\/obera.fr\/wp-content\/uploads\/2024\/10\/w2-xr-2.png\" alt=\"End\u00fcstriyel s\u00fcp\u00fcrgeler\" class=\"wp-image-35431\" style=\"object-fit:cover;width:300px;height:300px\" srcset=\"https:\/\/obera.fr\/wp-content\/uploads\/2024\/10\/w2-xr-2.png 566w, https:\/\/obera.fr\/wp-content\/uploads\/2024\/10\/w2-xr-2-253x300.png 253w\" sizes=\"(max-width: 566px) 100vw, 566px\" \/><\/a><figcaption class=\"wp-element-caption\">W2 XR<\/figcaption><\/figure>\n<\/div>\n\n\n\n<div class=\"wp-block-column is-layout-flow wp-block-column-is-layout-flow\">\n<figure class=\"wp-block-image aligncenter size-full is-resized\"><a href=\"https:\/\/obera.fr\/produits\/aspirateurs-industriels\/w2-haute-filtration-polyvalence\/\"><img decoding=\"async\" width=\"711\" height=\"622\" src=\"https:\/\/obera.fr\/wp-content\/uploads\/2024\/10\/w2.png\" alt=\"End\u00fcstriyel s\u00fcp\u00fcrgeler\" class=\"wp-image-35424\" style=\"width:343px;height:auto\" srcset=\"https:\/\/obera.fr\/wp-content\/uploads\/2024\/10\/w2.png 711w, https:\/\/obera.fr\/wp-content\/uploads\/2024\/10\/w2-300x262.png 300w\" sizes=\"(max-width: 711px) 100vw, 711px\" \/><\/a><figcaption class=\"wp-element-caption\">W2<\/figcaption><\/figure>\n<\/div>\n\n\n\n<div class=\"wp-block-column is-layout-flow wp-block-column-is-layout-flow\">\n<figure class=\"wp-block-image aligncenter size-full is-resized\"><a href=\"https:\/\/obera.fr\/produits\/aspirateurs-industriels\/ventilateurs-aspiration-gamme-eurosog-rg-100-800\/\"><img decoding=\"async\" width=\"600\" height=\"600\" src=\"https:\/\/obera.fr\/wp-content\/uploads\/2024\/04\/obera-ventilateur-aspiration-rg-300-400.jpg\" alt=\"obera emi\u0307\u015f fani rg 300 400\" class=\"wp-image-29437\" style=\"object-fit:cover;width:300px;height:300px\" srcset=\"https:\/\/obera.fr\/wp-content\/uploads\/2024\/04\/obera-ventilateur-aspiration-rg-300-400.jpg 600w, https:\/\/obera.fr\/wp-content\/uploads\/2024\/04\/obera-ventilateur-aspiration-rg-300-400-300x300.jpg 300w, https:\/\/obera.fr\/wp-content\/uploads\/2024\/04\/obera-ventilateur-aspiration-rg-300-400-150x150.jpg 150w\" sizes=\"(max-width: 600px) 100vw, 600px\" \/><\/a><figcaption class=\"wp-element-caption\">RG 300\/400<\/figcaption><\/figure>\n<\/div>\n<\/div>\n","protected":false},"excerpt":{"rendered":"<p>Y\u00fcksek performansl\u0131, kullan\u0131m\u0131 kolay bir vakum \u00e7\u00f6z\u00fcm\u00fc olan W3 end\u00fcstriyel s\u00fcp\u00fcrge, her ihtiyaca g\u00f6re uyarlanabilen bir genel temizlik \u00fcr\u00fcn\u00fcd\u00fcr. W3 end\u00fcstriyel s\u00fcp\u00fcrgenin prensibi ve uygulamas\u0131 W3 end\u00fcstriyel s\u00fcp\u00fcrge, \u00e7ok y\u00f6nl\u00fcl\u00fc\u011f\u00fc ve sessiz \u00e7al\u0131\u015fmas\u0131yla \u00fcnl\u00fcd\u00fcr. Havay\u0131 emen ve iki ak\u0131\u015fa b\u00f6len \u00fc\u00e7 g\u00fc\u00e7l\u00fc by-pass motoruna sahiptir: bir ak\u0131\u015f motoru so\u011futmak i\u00e7in, ikincisi ise toz ve kat\u0131 maddeleri emmek i\u00e7in kullan\u0131l\u0131r. Bu emme sistemi sadece motorun t\u0131kanmas\u0131n\u0131 \u00f6nlemekle kalmaz, ayn\u0131 zamanda hava ak\u0131\u015f\u0131n\u0131 toz filtresinden ge\u00e7irerek ince partik\u00fclleri de tutar. W3 Serisi by-pass motorlar y\u00fcksek emi\u015f g\u00fcc\u00fc, daha az bak\u0131m ve daha uzun ekipman \u00f6mr\u00fc (daha az a\u015f\u0131r\u0131 \u0131s\u0131nma ve t\u0131kanma riski) &#8230; <\/p>\n<p class=\"read-more-container\"><a title=\"W3 end\u00fcstriyel s\u00fcp\u00fcrge\" class=\"read-more button\" href=\"https:\/\/obera.fr\/tr\/produits\/aspirateurs-industriels\/w3-pour-nettoyage-general\/#more-50798\" aria-label=\"Read more about W3 end\u00fcstriyel s\u00fcp\u00fcrge\">Lire la suite<\/a><\/p>\n","protected":false},"author":4,"featured_media":83752,"parent":52207,"menu_order":0,"comment_status":"closed","ping_status":"closed","template":"","meta":{"_acf_changed":false,"_seopress_robots_primary_cat":"","_seopress_titles_title":"Genel temizlik i\u00e7in W3 end\u00fcstriyel s\u00fcp\u00fcrge OberA","_seopress_titles_desc":"Genel temizlik i\u00e7in vazge\u00e7ilmez olan W3 Serisi, performans ve kullan\u0131m kolayl\u0131\u011f\u0131n\u0131 birle\u015ftirmek i\u00e7in 3 adet tek fazl\u0131 motora sahiptir.","_seopress_robots_index":"","footnotes":""},"class_list":{"0":"post-50798","1":"page","2":"type-page","3":"status-publish","4":"has-post-thumbnail","6":"no-featured-image-padding","7":"resize-featured-image"},"acf":[],"_links":{"self":[{"href":"https:\/\/obera.fr\/tr\/wp-json\/wp\/v2\/pages\/50798","targetHints":{"allow":["GET"]}}],"collection":[{"href":"https:\/\/obera.fr\/tr\/wp-json\/wp\/v2\/pages"}],"about":[{"href":"https:\/\/obera.fr\/tr\/wp-json\/wp\/v2\/types\/page"}],"author":[{"embeddable":true,"href":"https:\/\/obera.fr\/tr\/wp-json\/wp\/v2\/users\/4"}],"replies":[{"embeddable":true,"href":"https:\/\/obera.fr\/tr\/wp-json\/wp\/v2\/comments?post=50798"}],"version-history":[{"count":9,"href":"https:\/\/obera.fr\/tr\/wp-json\/wp\/v2\/pages\/50798\/revisions"}],"predecessor-version":[{"id":107549,"href":"https:\/\/obera.fr\/tr\/wp-json\/wp\/v2\/pages\/50798\/revisions\/107549"}],"up":[{"embeddable":true,"href":"https:\/\/obera.fr\/tr\/wp-json\/wp\/v2\/pages\/52207"}],"wp:featuredmedia":[{"embeddable":true,"href":"https:\/\/obera.fr\/tr\/wp-json\/wp\/v2\/media\/83752"}],"wp:attachment":[{"href":"https:\/\/obera.fr\/tr\/wp-json\/wp\/v2\/media?parent=50798"}],"curies":[{"name":"wp","href":"https:\/\/api.w.org\/{rel}","templated":true}]}}