{"id":50806,"date":"2024-04-01T13:32:19","date_gmt":"2024-04-01T11:32:19","guid":{"rendered":"https:\/\/obera.fr\/ic22-evaporatif-filtre-hava-sogutucusu\/"},"modified":"2025-04-24T12:29:11","modified_gmt":"2025-04-24T10:29:11","slug":"ic22-filtrant-par-evaporation","status":"publish","type":"page","link":"https:\/\/obera.fr\/tr\/produits\/rafraichisseurs-air\/rafraichisseurs-par-evaporation-ic\/ic22-filtrant-par-evaporation\/","title":{"rendered":"IC22 evaporatif filtre hava so\u011futucusu"},"content":{"rendered":"\n<p>Ekolojik ve ekonomik olan <strong>evaporatif filtreli<\/strong> oda spreyi, \u00e7al\u0131\u015fma alanlar\u0131n\u0131zda yakla\u015f\u0131k 10 ila 20\u00b0C daha serin hava olu\u015fturmak i\u00e7in idealdir.<\/p>\n\n\n\n<h2 class=\"wp-block-heading\">OberA evaporatif filtre hava so\u011futucusu: nas\u0131l \u00e7al\u0131\u015f\u0131r?<\/h2>\n\n\n\n<div class=\"wp-block-columns is-layout-flex wp-container-core-columns-is-layout-28f84493 wp-block-columns-is-layout-flex\">\n<div class=\"wp-block-column is-vertically-aligned-top is-layout-flow wp-block-column-is-layout-flow\" style=\"flex-basis:50%\">\n<figure class=\"wp-block-image aligncenter size-full is-resized\"><img decoding=\"async\" width=\"600\" height=\"600\" src=\"https:\/\/obera.fr\/wp-content\/uploads\/2024\/02\/ic22-carre.jpg\" alt=\"IC22 evaporatif filtre hava so\u011futucusu\" class=\"wp-image-28148\" style=\"width:370px;height:auto\" srcset=\"https:\/\/obera.fr\/wp-content\/uploads\/2024\/02\/ic22-carre.jpg 600w, https:\/\/obera.fr\/wp-content\/uploads\/2024\/02\/ic22-carre-300x300.jpg 300w, https:\/\/obera.fr\/wp-content\/uploads\/2024\/02\/ic22-carre-150x150.jpg 150w\" sizes=\"(max-width: 600px) 100vw, 600px\" \/><figcaption class=\"wp-element-caption\">IC 22<\/figcaption><\/figure>\n<\/div>\n\n\n\n<div class=\"wp-block-column is-vertically-aligned-center is-layout-flow wp-block-column-is-layout-flow\" style=\"flex-basis:66.66%\">\n<p>IC22 serisi evaporatif hava so\u011futucular, s\u00fcrekli olarak su ile \u0131slat\u0131lan petek panellere sahiptir. \u00dcnitenin arkas\u0131ndaki eksenel sarmal fan s\u0131cak havay\u0131 \u00e7eker ve so\u011futma panellerinden ge\u00e7irir. S\u0131cak hava su ile temas etti\u011finde buharla\u015f\u0131r ve so\u011fur. Bu olay <strong>&#8220;so\u011futma etkisi<\/strong> &#8221; olarak bilinir ve i\u00e7eri \u00e7ekilen havan\u0131n s\u0131cakl\u0131\u011f\u0131n\u0131 20\u00b0C&#8217;ye kadar d\u00fc\u015f\u00fcr\u00fcr. Daha so\u011fuk, filtrelenmi\u015f hava daha sonra \u00fcniteden itilir ve \u00e7al\u0131\u015fma alan\u0131n\u0131n etraf\u0131nda dola\u015ft\u0131r\u0131l\u0131r. Havan\u0131n d\u00fczg\u00fcn bir \u015fekilde dola\u015f\u0131m\u0131n\u0131 sa\u011flamak, nemi tahliye etmek ve <strong>mobil so\u011futucu<\/strong> taraf\u0131ndan filtrelenecek yeni s\u0131cak havay\u0131 getirmek i\u00e7in odan\u0131n havaland\u0131r\u0131lmas\u0131 hala \u00e7ok \u00f6nemlidir. K\u0131sacas\u0131, hava ne kadar s\u0131caksa, so\u011futma o kadar iyi olur.      <\/p>\n\n\n\n<p><a href=\"https:\/\/obera.fr\/tr\/produits\/rafraichisseurs-air\/rafraichisseurs-par-evaporation-ic\/\" data-type=\"page\" data-id=\"18698\">IC adyabatik hava so\u011futucusu<\/a>, <strong>t\u00fcm<\/strong> end\u00fcstri <strong>sekt\u00f6rlerinde<\/strong>, lojistik depolar\u0131nda ve tar\u0131mda kullan\u0131lmak \u00fczere tasarlanm\u0131\u015ft\u0131r. \u00c7al\u0131\u015fanlar\u0131n i\u015f istasyonlar\u0131n\u0131 veya binalar\u0131n\u0131 so\u011futmak i\u00e7in kullan\u0131labilir. \u00d6zellikle fabrikalarda, garajlarda, depolarda, at\u00f6lyelerde, seralarda ve antrepolarda pop\u00fclerdir.  <\/p>\n\n\n\n<div class=\"wp-block-columns is-layout-flex wp-container-core-columns-is-layout-28f84493 wp-block-columns-is-layout-flex\">\n<div class=\"wp-block-column is-layout-flow wp-block-column-is-layout-flow\" style=\"flex-basis:33.33%\">\n<div class=\"wp-block-buttons is-layout-flex wp-block-buttons-is-layout-flex\">\n<div class=\"wp-block-button\"><a class=\"wp-block-button__link wp-element-button\" href=\"https:\/\/obera.fr\/wp-content\/uploads\/2025\/04\/brochure-ic-22-en.pdf\">BRO\u015e\u00dcR\u00dc INDIRIN<\/a><\/div>\n<\/div>\n<\/div>\n\n\n\n<div class=\"wp-block-column is-layout-flow wp-block-column-is-layout-flow\" style=\"flex-basis:33.34%\">\n<div class=\"wp-block-buttons is-horizontal is-content-justification-center is-layout-flex wp-container-core-buttons-is-layout-03627597 wp-block-buttons-is-layout-flex\">\n<div class=\"wp-block-button has-custom-width wp-block-button__width-100\"><a class=\"wp-block-button__link wp-element-button\" href=\"https:\/\/obera.fr\/tr\/bize-ulasin\/\">Daha fazla bilgi edin<\/a><\/div>\n<\/div>\n\n\n\n<p><\/p>\n<\/div>\n\n\n\n<div class=\"wp-block-column is-layout-flow wp-block-column-is-layout-flow\" style=\"flex-basis:33.34%\">\n<div class=\"wp-block-buttons is-content-justification-center is-layout-flex wp-container-core-buttons-is-layout-a89b3969 wp-block-buttons-is-layout-flex\">\n<div class=\"wp-block-button btn-devis-source\"><a class=\"wp-block-button__link wp-element-button\" href=\"https:\/\/obera.fr\/tr\/devis\/\">Fiyat teklifi isteyin<\/a><\/div>\n<\/div>\n\n\n<script>\r\ndocument.addEventListener('DOMContentLoaded', function() {\r\n    \/\/ 1. On cherche le titre H1 de la page\r\n    var h1 = document.querySelector('h1');\r\n    var productTitle = h1 ? h1.innerText.trim() : \"\";\r\n\r\n    \/\/ 2. On cherche les boutons via la classe CSS .btn-devis-source\r\n    var buttons = document.querySelectorAll('.btn-devis-source a');\r\n\r\n    \/\/ 3. Si on a le titre et les boutons, on ajoute le param\u00e8tre\r\n    if (buttons.length > 0 && productTitle !== \"\") {\r\n        var encodedTitle = encodeURIComponent(productTitle);\r\n\r\n        buttons.forEach(function(btn) {\r\n            var currentHref = btn.getAttribute('href');\r\n            \r\n            \/\/ S\u00e9curit\u00e9 pour ne pas ajouter le param\u00e8tre 2 fois\r\n            if (currentHref.indexOf('sujet=') === -1) {\r\n                var separator = currentHref.indexOf('?') !== -1 ? '&' : '?';\r\n                var newLink = currentHref + separator + 'sujet=' + encodedTitle;\r\n                \r\n                btn.setAttribute('href', newLink);\r\n            }\r\n        });\r\n    }\r\n});\r\n<\/script><\/div>\n<\/div>\n<\/div>\n<\/div>\n\n\n\n<div class=\"wp-block-columns is-layout-flex wp-container-core-columns-is-layout-28f84493 wp-block-columns-is-layout-flex\">\n<div class=\"wp-block-column is-layout-flow wp-block-column-is-layout-flow\" style=\"flex-basis:25%\"><\/div>\n\n\n\n<div class=\"wp-block-column is-layout-flow wp-block-column-is-layout-flow\" style=\"flex-basis:50%\">\n<figure class=\"wp-block-embed is-type-video is-provider-youtube wp-block-embed-youtube wp-embed-aspect-16-9 wp-has-aspect-ratio\"><div class=\"wp-block-embed__wrapper\">\n<iframe title=\"Rafraichisseur d&#039;air - Gamme IC - OberA\" width=\"1200\" height=\"675\" src=\"https:\/\/www.youtube.com\/embed\/NG-Ssy2oM70?feature=oembed\" frameborder=\"0\" allow=\"accelerometer; autoplay; clipboard-write; encrypted-media; gyroscope; picture-in-picture; web-share\" referrerpolicy=\"strict-origin-when-cross-origin\" allowfullscreen><\/iframe>\n<\/div><\/figure>\n\n\n\n<p><\/p>\n<\/div>\n\n\n\n<div class=\"wp-block-column is-layout-flow wp-block-column-is-layout-flow\" style=\"flex-basis:25%\"><\/div>\n<\/div>\n\n\n\n<h2 class=\"wp-block-heading\">IC22 hava so\u011futucunun \u00f6zellikleri nelerdir?<\/h2>\n\n\n\n<p>IC22 mobil evaporatif oda spreyi, g\u00fcc\u00fc kontrol alt\u0131nda tutmak ve ekiplerin ihtiya\u00e7lar\u0131na uyum sa\u011flamak i\u00e7in 3 h\u0131za sahiptir. Kontrol paneli, \u00fcnitenin hava ak\u0131\u015f\u0131n\u0131n y\u00f6n\u00fcn\u00fc, bir iyonla\u015ft\u0131r\u0131c\u0131 arac\u0131l\u0131\u011f\u0131yla su ar\u0131t\u0131m\u0131n\u0131 ve filtre ortam\u0131 \u00fczerinden su ak\u0131\u015f\u0131n\u0131n etkinle\u015ftirilmesini yap\u0131land\u0131rmak i\u00e7in kullan\u0131labilir. <\/p>\n\n\n\n<p>Bu g\u00fc\u00e7l\u00fc \u00fcnite, 250 m2&#8217;ye kadar bir alan\u0131 so\u011futmak i\u00e7in yeterli olan 22.000 m3\/saat ak\u0131\u015f h\u0131z\u0131na sahiptir. Su tank\u0131 130 litreye kadar su depolayabilir ve geni\u015f bir alanda kesintisiz \u00e7al\u0131\u015fmay\u0131 garanti eder. <\/p>\n\n\n\n<p>Bir di\u011fer teknik avantaj ve en \u00f6nemlisi de <strong>hava so\u011futucunun \u00e7ok az su ve elektrik gerektirmesidir<\/strong>. Su t\u00fcketimi saatte 10 ila 15 litre aras\u0131ndad\u0131r. Geni\u015f alanlar\u0131 so\u011futmak i\u00e7in bir hava nemlendiriciden veya havaland\u0131rma sisteminden \u00e7ok daha verimlidir.  <\/p>\n\n\n\n<p>Son olarak, IC22 hava so\u011futucu mobil ve sabittir. <strong>50 kg<\/strong> a\u011f\u0131rl\u0131\u011f\u0131ndad\u0131r ve yumu\u015fak tekerleklere sahiptir, b\u00f6ylece istedi\u011finiz gibi hareket ettirebilirsiniz. Kolay uzaktan kumanda i\u00e7in bir uzaktan kumanda dahildir.  <\/p>\n\n\n\n<blockquote class=\"wp-block-quote is-layout-flow wp-block-quote-is-layout-flow\">\n<figure class=\"wp-block-image aligncenter size-full\"><img decoding=\"async\" width=\"290\" height=\"98\" src=\"https:\/\/obera.fr\/wp-content\/uploads\/2025\/02\/green-modern-marketing-logo.png\" alt=\"ye\u015fil modern pazarlama logosu\" class=\"wp-image-61494\"\/><\/figure>\n\n\n\n<p>G4 filtre: IC22 evaporatif hava so\u011futucu, hava kalitesini art\u0131rmak i\u00e7in bir G4 hava filtresi ile donat\u0131lm\u0131\u015ft\u0131r. Bu, \u00e7al\u0131\u015fan sa\u011fl\u0131\u011f\u0131 ve makine performans\u0131n\u0131 garanti etmek i\u00e7in kesin bir avantajd\u0131r. Ayr\u0131ca kir ve tozla daha az t\u0131kand\u0131\u011f\u0131 i\u00e7in so\u011futucunun \u00f6mr\u00fcn\u00fc de uzat\u0131r.  <\/p>\n<\/blockquote>\n\n\n\n<div class=\"wp-block-columns is-layout-flex wp-container-core-columns-is-layout-28f84493 wp-block-columns-is-layout-flex\">\n<div class=\"wp-block-column is-layout-flow wp-block-column-is-layout-flow\"><\/div>\n\n\n\n<div class=\"wp-block-column is-layout-flow wp-block-column-is-layout-flow\"><\/div>\n\n\n\n<div class=\"wp-block-column is-layout-flow wp-block-column-is-layout-flow\"><\/div>\n<\/div>\n\n\n\n<h3 class=\"wp-block-heading has-text-align-center\">END\u00dcSTR\u0130LER<\/h3>\n\n\n\n<div class=\"wp-block-columns is-layout-flex wp-container-core-columns-is-layout-28f84493 wp-block-columns-is-layout-flex\">\n<div class=\"wp-block-column is-layout-flow wp-block-column-is-layout-flow\">\n<hr class=\"wp-block-separator has-alpha-channel-opacity\"\/>\n\n\n\n<div class=\"wp-block-columns is-layout-flex wp-container-core-columns-is-layout-28f84493 wp-block-columns-is-layout-flex\">\n<div class=\"wp-block-column is-layout-flow wp-block-column-is-layout-flow\">\n<figure class=\"wp-block-image aligncenter size-thumbnail is-resized\"><img decoding=\"async\" width=\"150\" height=\"150\" src=\"https:\/\/obera.fr\/wp-content\/uploads\/2022\/02\/Textile-150x150.png\" alt=\"teksti\u0307l\" class=\"wp-image-8855\"\/><figcaption class=\"wp-element-caption\">Tekstil<\/figcaption><\/figure>\n\n\n\n<figure class=\"wp-block-image aligncenter size-thumbnail is-resized\"><img decoding=\"async\" width=\"150\" height=\"150\" src=\"https:\/\/obera.fr\/wp-content\/uploads\/2022\/02\/Plastique-150x150.png\" alt=\"plastik\" class=\"wp-image-8854\"\/><figcaption class=\"wp-element-caption\">Plastik<\/figcaption><\/figure>\n\n\n\n<figure class=\"wp-block-image aligncenter size-thumbnail is-resized\"><img decoding=\"async\" width=\"150\" height=\"150\" src=\"https:\/\/obera.fr\/wp-content\/uploads\/2023\/02\/sans-titre-2023-02-14t104609.147-150x150.png\" alt=\"Lojistik\" class=\"wp-image-18825\"\/><figcaption class=\"wp-element-caption\">Lojistik<\/figcaption><\/figure>\n<\/div>\n\n\n\n<div class=\"wp-block-column is-layout-flow wp-block-column-is-layout-flow\">\n<figure class=\"wp-block-image aligncenter size-thumbnail is-resized\"><img decoding=\"async\" width=\"150\" height=\"150\" src=\"https:\/\/obera.fr\/wp-content\/uploads\/2022\/02\/MINERAIS-150x150.png\" alt=\"cevherler\" class=\"wp-image-8847\"\/><figcaption class=\"wp-element-caption\">Mineraller<\/figcaption><\/figure>\n\n\n\n<figure class=\"wp-block-image aligncenter size-thumbnail is-resized\"><img decoding=\"async\" width=\"150\" height=\"150\" src=\"https:\/\/obera.fr\/wp-content\/uploads\/2022\/02\/Metalurgie-150x150.png\" alt=\"METALURJ\u0130\" class=\"wp-image-8857\"\/><figcaption class=\"wp-element-caption\">Metalurji<\/figcaption><\/figure>\n\n\n\n<figure class=\"wp-block-image aligncenter size-thumbnail is-resized\"><img decoding=\"async\" width=\"150\" height=\"150\" src=\"https:\/\/obera.fr\/wp-content\/uploads\/2023\/02\/sans-titre-2023-02-14t102211.641-150x150.png\" alt=\"Tar\u0131m\" class=\"wp-image-18828\"\/><figcaption class=\"wp-element-caption\">Tar\u0131m<\/figcaption><\/figure>\n<\/div>\n<\/div>\n<\/div>\n\n\n\n<div class=\"wp-block-column is-layout-flow wp-block-column-is-layout-flow\">\n<hr class=\"wp-block-separator has-alpha-channel-opacity\"\/>\n\n\n\n<div class=\"wp-block-columns is-layout-flex wp-container-core-columns-is-layout-28f84493 wp-block-columns-is-layout-flex\">\n<div class=\"wp-block-column is-layout-flow wp-block-column-is-layout-flow\">\n<figure class=\"wp-block-image aligncenter size-thumbnail is-resized\"><img decoding=\"async\" width=\"150\" height=\"150\" src=\"https:\/\/obera.fr\/wp-content\/uploads\/2022\/02\/Chimie-150x150.png\" alt=\"K\u0130MYA\" class=\"wp-image-8846\"\/><figcaption class=\"wp-element-caption\">Kimya<\/figcaption><\/figure>\n\n\n\n<figure class=\"wp-block-image aligncenter size-thumbnail is-resized\"><img decoding=\"async\" width=\"150\" height=\"150\" src=\"https:\/\/obera.fr\/wp-content\/uploads\/2022\/02\/Travail-du-bois-150x150.png\" alt=\"a\u011fa\u00e7 i\u0307\u015fleri\u0307\" class=\"wp-image-8856\"\/><figcaption class=\"wp-element-caption\">A\u011fa\u00e7 \u0130\u015fleri<\/figcaption><\/figure>\n\n\n\n<figure class=\"wp-block-image aligncenter size-thumbnail is-resized\"><img decoding=\"async\" width=\"150\" height=\"150\" src=\"https:\/\/obera.fr\/wp-content\/uploads\/2023\/02\/sans-titre-2023-02-14t101920.185-150x150.png\" alt=\"Havac\u0131l\u0131k\" class=\"wp-image-18831\"\/><figcaption class=\"wp-element-caption\">Havac\u0131l\u0131k<\/figcaption><\/figure>\n<\/div>\n\n\n\n<div class=\"wp-block-column is-layout-flow wp-block-column-is-layout-flow\">\n<figure class=\"wp-block-image aligncenter size-thumbnail is-resized\"><img decoding=\"async\" width=\"150\" height=\"150\" src=\"https:\/\/obera.fr\/wp-content\/uploads\/2022\/02\/AGROALIMENTAIRE-150x150.png\" alt=\"tar\u0131msal g\u0131da\" class=\"wp-image-8844\"\/><figcaption class=\"wp-element-caption\">G\u0131da end\u00fcstrisi<\/figcaption><\/figure>\n\n\n\n<figure class=\"wp-block-image aligncenter size-thumbnail is-resized\"><img decoding=\"async\" width=\"150\" height=\"150\" src=\"https:\/\/obera.fr\/wp-content\/uploads\/2022\/02\/Papier-carton-150x150.png\" alt=\"ka\u011f\u0131t ve karton\" class=\"wp-image-8853\"\/><figcaption class=\"wp-element-caption\">Ka\u011f\u0131t\/Karton<\/figcaption><\/figure>\n\n\n\n<figure class=\"wp-block-image aligncenter size-thumbnail is-resized\"><img decoding=\"async\" width=\"150\" height=\"150\" src=\"https:\/\/obera.fr\/wp-content\/uploads\/2023\/02\/sans-titre-2023-02-14t101712.416-150x150.png\" alt=\"Otomotiv\" class=\"wp-image-18834\"\/><figcaption class=\"wp-element-caption\">Otomotiv<\/figcaption><\/figure>\n<\/div>\n<\/div>\n<\/div>\n<\/div>\n\n\n\n<figure class=\"wp-block-table\"><table class=\"has-fixed-layout\"><tbody><tr><td>Ak\u0131\u015f<\/td><td>m3\/h<\/td><td>22 000<\/td><\/tr><tr><td>H\u0131z say\u0131s\u0131<\/td><td><\/td><td>3<\/td><\/tr><tr><td>Gerilim<\/td><td>V<\/td><td>230<\/td><\/tr><tr><td>Nominal ak\u0131m<\/td><td>A<\/td><td>2.8<\/td><\/tr><tr><td>G\u00fc\u00e7<\/td><td>W<\/td><td>640<\/td><\/tr><tr><td>Boyutlar<\/td><td>l\/L\/h (mm)<\/td><td>1120 x 640 x 1600<\/td><\/tr><tr><td>A\u011f\u0131rl\u0131k<\/td><td>kg<\/td><td>50<\/td><\/tr><tr><td>G\u00fcr\u00fclt\u00fc seviyesi<\/td><td>dB(A)<\/td><td>58\/64\/68<\/td><\/tr><tr><td>Y\u00fczey i\u015fleme<\/td><td>m\u00b2<\/td><td>150 \u00e0 250<\/td><\/tr><tr><td>Tank kapasitesi<\/td><td>L<\/td><td>130<\/td><\/tr><tr><td>Su t\u00fcketimi<\/td><td>L\/h<\/td><td>10 \u00e0 15<\/td><\/tr><\/tbody><\/table><\/figure>\n\n\n\n<div class=\"wp-block-columns is-layout-flex wp-container-core-columns-is-layout-28f84493 wp-block-columns-is-layout-flex\">\n<div class=\"wp-block-column is-layout-flow wp-block-column-is-layout-flow\">\n<div class=\"wp-block-buttons is-content-justification-center is-layout-flex wp-container-core-buttons-is-layout-a89b3969 wp-block-buttons-is-layout-flex\">\n<div class=\"wp-block-button\"><a class=\"wp-block-button__link wp-element-button\" href=\"https:\/\/obera.fr\/wp-content\/uploads\/2025\/04\/brochure-ic-22-en.pdf\">BRO\u015e\u00dcR\u00dc INDIRIN<\/a><\/div>\n<\/div>\n<\/div>\n\n\n\n<div class=\"wp-block-column is-layout-flow wp-block-column-is-layout-flow\">\n<div class=\"wp-block-buttons is-horizontal is-content-justification-center is-layout-flex wp-container-core-buttons-is-layout-03627597 wp-block-buttons-is-layout-flex\">\n<div class=\"wp-block-button has-custom-width wp-block-button__width-100\"><a class=\"wp-block-button__link wp-element-button\" href=\"https:\/\/obera.fr\/tr\/bize-ulasin\/\">Daha fazla bilgi edin<\/a><\/div>\n<\/div>\n<\/div>\n<\/div>\n\n\n\n<blockquote class=\"wp-block-quote is-layout-flow wp-block-quote-is-layout-flow\">\n<p>Bilmekte fayda var: <strong>OberA hem yeni hem de kullan\u0131lm\u0131\u015f cihazlar\u0131 sat\u0131\u015fa sunmaktad\u0131r<\/strong>. \u0130kinci el \u00fcr\u00fcnler onar\u0131l\u0131r, elden ge\u00e7irilir ve yenilenir ve bir y\u0131l garantilidir. Her ikinci el \u00fcr\u00fcn\u00fcn bir s\u0131n\u0131fland\u0131rmas\u0131 vard\u0131r: A s\u0131n\u0131f\u0131 (neredeyse yeni), B s\u0131n\u0131f\u0131 (hafif a\u015f\u0131nma belirtileri olan orta durum) ve C s\u0131n\u0131f\u0131 (sadece kozmetik olarak bozulmu\u015f durum). Online ma\u011fazam\u0131z g\u00fcvenli \u00f6deme ve \u00fcr\u00fcnlerin h\u0131zl\u0131 teslimat\u0131n\u0131 garanti eder.   <\/p>\n<\/blockquote>\n\n\n\n<h2 class=\"wp-block-heading\">Evaporatif so\u011futucular: IC22 modelinin avantajlar\u0131<\/h2>\n\n\n\n<p>IC22 oda spreyinin tasar\u0131m\u0131, <strong>personeliniz i\u00e7in<\/strong> \u00f6zellikle <strong>konforlu<\/strong> olmas\u0131n\u0131 sa\u011flar. Herhangi bir \u00fc\u015f\u00fctme etkisi olmadan temiz hava yayarak onlar\u0131n refah\u0131na b\u00fcy\u00fck katk\u0131da bulunur. Cihaz, 66 dB(A) ses seviyesi ile performanstan \u00f6d\u00fcn vermeden sessiz \u00e7al\u0131\u015f\u0131r. Ve kullan\u0131m\u0131 \u00e7ok kolay oldu\u011fu i\u00e7in, personeliniz ho\u015f havan\u0131n tad\u0131n\u0131 \u00e7\u0131karmak i\u00e7in onu istedikleri yere ta\u015f\u0131yabilir.   <\/p>\n\n\n\n<p>Havada olu\u015fan nem seviyesi de (%5 ila %10) ekipman\u0131n\u0131z\u0131n korunmas\u0131na yard\u0131mc\u0131 olur. Bu \u00f6zellik, \u00f6zellikle \u0131s\u0131ya ve kuru havaya duyarl\u0131 ekipman ve \u00fcr\u00fcnlerin bulundu\u011fu <strong>seralar veya tar\u0131m tesisleri i\u00e7in uygundur<\/strong>. <\/p>\n\n\n\n<p>Yat\u0131r\u0131m a\u00e7\u0131s\u0131ndan, bu <a href=\"https:\/\/obera.fr\/tr\/produits\/rafraichisseurs-air\/\" data-type=\"page\" data-id=\"368\">adyabatik hava so\u011futucusu<\/a> geleneksel bir klimaya g\u00f6re %80&#8217;e kadar daha az enerji t\u00fcketir. Elektrik t\u00fcketimine ek olarak, <strong>bir chiller ortam havas\u0131n\u0131 so\u011futmak i\u00e7in bir kompres\u00f6r ve so\u011futucu ak\u0131\u015fkan kullan\u0131r<\/strong>, bu da daha az \u00e7evre dostu bir bile\u015fendir. <\/p>\n\n\n\n<div class=\"wp-block-columns is-layout-flex wp-container-core-columns-is-layout-28f84493 wp-block-columns-is-layout-flex\">\n<div class=\"wp-block-column is-layout-flow wp-block-column-is-layout-flow\">\n<h3 class=\"wp-block-heading\">Avantajlar :<\/h3>\n\n\n\n<ul class=\"wp-block-list\">\n<li>\u00c7evre dostu;<\/li>\n\n\n\n<li>Kullan\u0131m\u0131 kolay mobil ekipman;<\/li>\n\n\n\n<li>Ak\u0131\u015f h\u0131z\u0131 250 m2&#8217;lik alanlar\u0131 so\u011futabilir;<\/li>\n\n\n\n<li>Tak ve \u00e7al\u0131\u015ft\u0131r.<\/li>\n<\/ul>\n<\/div>\n\n\n\n<div class=\"wp-block-column is-layout-flow wp-block-column-is-layout-flow\">\n<h3 class=\"wp-block-heading\">\u00d6zel \u00f6zellikler:<\/h3>\n\n\n\n<ul class=\"wp-block-list\">\n<li>Enerji tasarruflu (su ve elektrik) ;<\/li>\n\n\n\n<li>Toz filtreleme (G4 filtre) ;<\/li>\n\n\n\n<li>Otomatik ba\u015flatma ve durdurma i\u00e7in zamanlay\u0131c\u0131 fonksiyonu<\/li>\n\n\n\n<li>Boru tesisat\u0131 veya emi\u015f kanal\u0131 kurulumu yok;<\/li>\n\n\n\n<li>Kurulum maliyeti yok.<\/li>\n<\/ul>\n<\/div>\n\n\n\n<div class=\"wp-block-column is-layout-flow wp-block-column-is-layout-flow\">\n<h3 class=\"wp-block-heading\">\u00d6zellikler :<\/h3>\n\n\n\n<ul class=\"wp-block-list\">\n<li>&#8220;So\u011fuk hava dalgas\u0131&#8221; etkisi yok;<\/li>\n\n\n\n<li>Hava ak\u0131\u015f\u0131 sal\u0131n\u0131m modu ;<\/li>\n\n\n\n<li>Optimum nem seviyelerini korur.<\/li>\n<\/ul>\n<\/div>\n<\/div>\n\n\n\n<h2 class=\"wp-block-heading\">IC22 hava so\u011futucumuzu test edin<\/h2>\n\n\n\n<p>At\u00f6lyenizde neredeyse an\u0131nda deneme i\u00e7in h\u0131zl\u0131 teslimatla<strong> bu ekipman\u0131 ortalama bir ayl\u0131\u011f\u0131na kiralama\/test etme se\u00e7ene\u011fi<\/strong> sunuyoruz. \u00c7\u00f6z\u00fcm\u00fc onaylamaya karar verirseniz, herhangi bir fark \u00f6demezsiniz! Aksi takdirde, ekipman\u0131n performans\u0131n\u0131 de\u011ferlendirecek ve ihtiya\u00e7lar\u0131n\u0131za ve teknik \u00f6zelliklerinize daha uygun bir so\u011futucu \u00f6nerece\u011fiz.  <\/p>\n\n\n\n<div class=\"wp-block-buttons is-content-justification-center is-layout-flex wp-container-core-buttons-is-layout-a89b3969 wp-block-buttons-is-layout-flex\">\n<div class=\"wp-block-button\"><a class=\"wp-block-button__link wp-element-button\" href=\"https:\/\/obera.fr\/tr\/contact\/\">B\u0130ZE ULA\u015eIN<\/a><\/div>\n<\/div>\n","protected":false},"excerpt":{"rendered":"<p>Ekolojik ve ekonomik olan evaporatif filtreli oda spreyi, \u00e7al\u0131\u015fma alanlar\u0131n\u0131zda yakla\u015f\u0131k 10 ila 20\u00b0C daha serin hava olu\u015fturmak i\u00e7in idealdir. OberA evaporatif filtre hava so\u011futucusu: nas\u0131l \u00e7al\u0131\u015f\u0131r? IC22 serisi evaporatif hava so\u011futucular, s\u00fcrekli olarak su ile \u0131slat\u0131lan petek panellere sahiptir. \u00dcnitenin arkas\u0131ndaki eksenel sarmal fan s\u0131cak havay\u0131 \u00e7eker ve so\u011futma panellerinden ge\u00e7irir. S\u0131cak hava su ile temas etti\u011finde buharla\u015f\u0131r ve so\u011fur. Bu olay &#8220;so\u011futma etkisi &#8221; olarak bilinir ve i\u00e7eri \u00e7ekilen havan\u0131n s\u0131cakl\u0131\u011f\u0131n\u0131 20\u00b0C&#8217;ye kadar d\u00fc\u015f\u00fcr\u00fcr. Daha so\u011fuk, filtrelenmi\u015f hava daha sonra \u00fcniteden itilir ve \u00e7al\u0131\u015fma alan\u0131n\u0131n etraf\u0131nda dola\u015ft\u0131r\u0131l\u0131r. Havan\u0131n d\u00fczg\u00fcn bir \u015fekilde dola\u015f\u0131m\u0131n\u0131 sa\u011flamak, nemi tahliye etmek ve mobil &#8230; <\/p>\n<p class=\"read-more-container\"><a title=\"IC22 evaporatif filtre hava so\u011futucusu\" class=\"read-more button\" href=\"https:\/\/obera.fr\/tr\/produits\/rafraichisseurs-air\/rafraichisseurs-par-evaporation-ic\/ic22-filtrant-par-evaporation\/#more-50806\" aria-label=\"Read more about IC22 evaporatif filtre hava so\u011futucusu\">Lire la suite<\/a><\/p>\n","protected":false},"author":4,"featured_media":83752,"parent":51064,"menu_order":0,"comment_status":"closed","ping_status":"closed","template":"","meta":{"_acf_changed":false,"_seopress_robots_primary_cat":"","_seopress_titles_title":"IC22, Evaporatif filtreli end\u00fcstriyel hava so\u011futucu","_seopress_titles_desc":"Ekolojik ve ekonomik IC22 evaporatif filtreli oda spreyi, \u00e7al\u0131\u015fma alanlar\u0131n\u0131zda yakla\u015f\u0131k 10 ila 20\u00b0C daha so\u011fuk hava \u00fcretmek i\u00e7in idealdir.","_seopress_robots_index":"","footnotes":""},"class_list":{"0":"post-50806","1":"page","2":"type-page","3":"status-publish","4":"has-post-thumbnail","6":"no-featured-image-padding","7":"resize-featured-image"},"acf":[],"_links":{"self":[{"href":"https:\/\/obera.fr\/tr\/wp-json\/wp\/v2\/pages\/50806","targetHints":{"allow":["GET"]}}],"collection":[{"href":"https:\/\/obera.fr\/tr\/wp-json\/wp\/v2\/pages"}],"about":[{"href":"https:\/\/obera.fr\/tr\/wp-json\/wp\/v2\/types\/page"}],"author":[{"embeddable":true,"href":"https:\/\/obera.fr\/tr\/wp-json\/wp\/v2\/users\/4"}],"replies":[{"embeddable":true,"href":"https:\/\/obera.fr\/tr\/wp-json\/wp\/v2\/comments?post=50806"}],"version-history":[{"count":8,"href":"https:\/\/obera.fr\/tr\/wp-json\/wp\/v2\/pages\/50806\/revisions"}],"predecessor-version":[{"id":88723,"href":"https:\/\/obera.fr\/tr\/wp-json\/wp\/v2\/pages\/50806\/revisions\/88723"}],"up":[{"embeddable":true,"href":"https:\/\/obera.fr\/tr\/wp-json\/wp\/v2\/pages\/51064"}],"wp:featuredmedia":[{"embeddable":true,"href":"https:\/\/obera.fr\/tr\/wp-json\/wp\/v2\/media\/83752"}],"wp:attachment":[{"href":"https:\/\/obera.fr\/tr\/wp-json\/wp\/v2\/media?parent=50806"}],"curies":[{"name":"wp","href":"https:\/\/api.w.org\/{rel}","templated":true}]}}