{"id":50888,"date":"2022-11-23T11:48:48","date_gmt":"2022-11-23T09:48:48","guid":{"rendered":"https:\/\/obera.fr\/dustomat-hydro-sabit-islak-toz-toplayici\/"},"modified":"2025-04-25T14:51:51","modified_gmt":"2025-04-25T12:51:51","slug":"depoussiereur-a-voie-humide-dustomat-hydro","status":"publish","type":"page","link":"https:\/\/obera.fr\/tr\/produits\/depoussiereurs-industriels\/fixes\/depoussiereur-a-voie-humide-dustomat-hydro\/","title":{"rendered":"DUSTOMAT HYDRO : sabit \u0131slak toz toplay\u0131c\u0131"},"content":{"rendered":"\n<p>Y\u00fcksek derecede yan\u0131c\u0131 maddelerin emilmesi i\u00e7in performans ve verimlili\u011fi bir araya getiren <strong>DUSTOMAT HYDRO \u0131slak toz toplay\u0131c\u0131<\/strong> serimizi ke\u015ffedin.<\/p>\n\n\n\n<h2 class=\"wp-block-heading\">DUSTOMAT HYDRO end\u00fcstriyel toz toplay\u0131c\u0131 : nas\u0131l \u00e7al\u0131\u015f\u0131r ve nas\u0131l kullan\u0131l\u0131r ?<\/h2>\n\n\n\n<div class=\"wp-block-columns is-layout-flex wp-container-core-columns-is-layout-28f84493 wp-block-columns-is-layout-flex\">\n<div class=\"wp-block-column is-layout-flow wp-block-column-is-layout-flow\" style=\"flex-basis:33.33%\">\n<figure class=\"wp-block-image aligncenter size-full is-resized\"><img decoding=\"async\" width=\"600\" height=\"600\" src=\"https:\/\/obera.fr\/wp-content\/uploads\/2022\/11\/dustomat-hydro-1.png\" alt=\"dustomat hidro 1\" class=\"wp-image-15989\" style=\"width:300px;height:300px\" srcset=\"https:\/\/obera.fr\/wp-content\/uploads\/2022\/11\/dustomat-hydro-1.png 600w, https:\/\/obera.fr\/wp-content\/uploads\/2022\/11\/dustomat-hydro-1-300x300.png 300w, https:\/\/obera.fr\/wp-content\/uploads\/2022\/11\/dustomat-hydro-1-150x150.png 150w\" sizes=\"(max-width: 600px) 100vw, 600px\" \/><\/figure>\n<\/div>\n\n\n\n<div class=\"wp-block-column is-vertically-aligned-center is-layout-flow wp-block-column-is-layout-flow\" style=\"flex-basis:66.66%\">\n<p>DUSTOMAT HYDRO serisinin ana g\u00fcc\u00fc, <strong>toz ve k\u0131v\u0131lc\u0131mlar\u0131 yakalamak i\u00e7in yenilik\u00e7i \u00e7ok a\u015famal\u0131 ay\u0131rma teknolojisidir<\/strong>. Kirli hava, toz toplay\u0131c\u0131n\u0131n i\u00e7ine yerle\u015ftirilmi\u015f bir fan taraf\u0131ndan \u00e7ekilir. Hava h\u0131z\u0131 d\u00fc\u015f\u00fcr\u00fclerek a\u011f\u0131r partik\u00fcllerin bir geri kazan\u0131m tank\u0131na d\u00fc\u015fmesi sa\u011flan\u0131r: bu, partik\u00fcllerin \u00f6n ayr\u0131\u015ft\u0131r\u0131lmas\u0131nda ilk a\u015famad\u0131r. Hava daha sonra ince partik\u00fclleri sudan ay\u0131rmak i\u00e7in santrif\u00fcj kuvveti kullanan bir <strong>hidrosiklondan<\/strong> ge\u00e7er. Bu partik\u00fcller suda tutulur ve k\u0131v\u0131lc\u0131mlar so\u011futularak zarars\u0131z hale getirilir. Son bir filtreleme a\u015famas\u0131 son ince partik\u00fclleri de yakalayarak havay\u0131 temiz b\u0131rak\u0131r. Bu filtreleme teknolojisi %99,995&#8217;e varan y\u00fcksek ay\u0131rma verimlili\u011fini garanti eder.      <\/p>\n\n\n\n<p>Ne i\u00e7in kullan\u0131l\u0131rlar? DUSTOMAT HYDRO serisi <strong>\u0131slak separat\u00f6rler<\/strong>, y\u00fcksek derecede yan\u0131c\u0131 maddelerin emilmesi veya k\u0131v\u0131lc\u0131ml\u0131 i\u015f s\u00fcre\u00e7leri i\u00e7in tasarlanm\u0131\u015ft\u0131r. \u00d6rne\u011fin <strong>ta\u015flama<\/strong>, <strong>f\u0131r\u00e7alama<\/strong> ve <strong>cilalama<\/strong> s\u0131ras\u0131nda metal tozlar\u0131 i\u00e7in tek veya \u00e7ok istasyonlu ekstraksiyon sistemleri i\u00e7in uygundurlar. DUSTOMAT HYDRO, patlay\u0131c\u0131 ortamlarda g\u00fcvenli ve etkili kullan\u0131m i\u00e7in ATEX standard\u0131na da uygundur. Asl\u0131nda, bu <a href=\"https:\/\/obera.fr\/tr\/produits\/depoussiereurs-industriels\/fixes\/\" data-type=\"page\" data-id=\"389\">sabit \u0131slak toz toplay\u0131c\u0131lar<\/a><strong>metal<\/strong>, <strong>kimya<\/strong> ve <strong>g\u0131da<\/strong><strong>end\u00fcstrilerinin<\/strong> yan\u0131 s\u0131ra <strong>ah\u015fap ve el sanatlar\u0131 end\u00fcstrilerinde<\/strong> de \u00e7ok pop\u00fclerdir.    <\/p>\n\n\n\n<div class=\"wp-block-columns is-layout-flex wp-container-core-columns-is-layout-28f84493 wp-block-columns-is-layout-flex\">\n<div class=\"wp-block-column is-layout-flow wp-block-column-is-layout-flow\" style=\"flex-basis:33.33%\">\n<div class=\"wp-block-buttons is-layout-flex wp-block-buttons-is-layout-flex\">\n<div class=\"wp-block-button\"><a class=\"wp-block-button__link wp-element-button\" href=\"https:\/\/obera.fr\/wp-content\/uploads\/2025\/04\/brochure-dustomat-hydro-en.pdf\">BRO\u015e\u00dcR\u00dc INDIRIN<\/a><\/div>\n<\/div>\n<\/div>\n\n\n\n<div class=\"wp-block-column is-layout-flow wp-block-column-is-layout-flow\" style=\"flex-basis:33.34%\">\n<div class=\"wp-block-buttons is-horizontal is-content-justification-center is-layout-flex wp-container-core-buttons-is-layout-03627597 wp-block-buttons-is-layout-flex\">\n<div class=\"wp-block-button has-custom-width wp-block-button__width-100\"><a class=\"wp-block-button__link wp-element-button\" href=\"https:\/\/obera.fr\/tr\/bize-ulasin\/\">Daha fazla bilgi edin<\/a><\/div>\n<\/div>\n<\/div>\n\n\n\n<div class=\"wp-block-column is-layout-flow wp-block-column-is-layout-flow\" style=\"flex-basis:33.34%\">\n<div class=\"wp-block-buttons is-content-justification-center is-layout-flex wp-container-core-buttons-is-layout-a89b3969 wp-block-buttons-is-layout-flex\">\n<div class=\"wp-block-button btn-devis-source\"><a class=\"wp-block-button__link wp-element-button\" href=\"https:\/\/obera.fr\/tr\/devis\/\">Fiyat teklifi isteyin<\/a><\/div>\n<\/div>\n\n\n<script>\r\ndocument.addEventListener('DOMContentLoaded', function() {\r\n    \/\/ 1. On cherche le titre H1 de la page\r\n    var h1 = document.querySelector('h1');\r\n    var productTitle = h1 ? h1.innerText.trim() : \"\";\r\n\r\n    \/\/ 2. On cherche les boutons via la classe CSS .btn-devis-source\r\n    var buttons = document.querySelectorAll('.btn-devis-source a');\r\n\r\n    \/\/ 3. Si on a le titre et les boutons, on ajoute le param\u00e8tre\r\n    if (buttons.length > 0 && productTitle !== \"\") {\r\n        var encodedTitle = encodeURIComponent(productTitle);\r\n\r\n        buttons.forEach(function(btn) {\r\n            var currentHref = btn.getAttribute('href');\r\n            \r\n            \/\/ S\u00e9curit\u00e9 pour ne pas ajouter le param\u00e8tre 2 fois\r\n            if (currentHref.indexOf('sujet=') === -1) {\r\n                var separator = currentHref.indexOf('?') !== -1 ? '&' : '?';\r\n                var newLink = currentHref + separator + 'sujet=' + encodedTitle;\r\n                \r\n                btn.setAttribute('href', newLink);\r\n            }\r\n        });\r\n    }\r\n});\r\n<\/script><\/div>\n<\/div>\n<\/div>\n<\/div>\n\n\n\n<div style=\"height:30px\" aria-hidden=\"true\" class=\"wp-block-spacer\"><\/div>\n\n\n\n<h2 class=\"wp-block-heading\">DUSTOMAT HYDRO \u0131slak toz toplay\u0131c\u0131lar\u0131n \u00f6zellikleri<\/h2>\n\n\n\n<p>DUSTOMAT HYDRO serisi, kapasiteleri <strong>2.300 ila 10.000 m3\/saat<\/strong> aras\u0131nda de\u011fi\u015fen <strong>4 model<\/strong> \u0131slak <strong>toz toplay\u0131c\u0131<\/strong> i\u00e7erir. Bunlar\u0131n hepsi metal tala\u015flar\u0131, kaynak dumanlar\u0131, al\u00fcminyum, \u00e7elik ve titanyum tozlar\u0131n\u0131n yan\u0131 s\u0131ra patlay\u0131c\u0131 maddelerin <a href=\"https:\/\/obera.fr\/conseils\/zone-atex-norme-atex-bases-protection-contre-risque-explosion\/\" data-type=\"post\" data-id=\"17925\">(iste\u011fe ba\u011fl\u0131 olarak ATEX uyumlu<\/a>) ve k\u0131v\u0131lc\u0131m olu\u015fturan metal tozlar\u0131n\u0131n \u00e7\u0131kar\u0131lmas\u0131 i\u00e7in geni\u015f bir uygulama yelpazesi sunar. Bu serinin \u00e7ok y\u00f6nl\u00fcl\u00fc\u011f\u00fc, z\u0131mparalama, cilalama, testere ile kesme, frezeleme ve kaynak i\u015flemlerinden kaynaklanan partik\u00fcllerin emilmesinde \u00f6zellikle etkili olmas\u0131n\u0131 sa\u011flar.  <\/p>\n\n\n\n<p>Ayr\u0131ca DUSTOMAT HYDRO, end\u00fcstrinin ihtiya\u00e7lar\u0131na ger\u00e7ek anlamda uyarlanabilen bir toz toplay\u0131c\u0131d\u0131r. ATEX uyumlu olmas\u0131n\u0131n yan\u0131 s\u0131ra, \u00f6zel boya ve de\u011fi\u015fken <strong>emi\u015f nozulu<\/strong> konumu se\u00e7enekleriyle birlikte gelir. Ayr\u0131ca filtre ortam\u0131 se\u00e7ene\u011finiz de vard\u0131r (\u00f6rne\u011fin kanserojen partik\u00fcller i\u00e7in HEPA H 14 filtre). Buna ek olarak <strong><a href=\"https:\/\/obera.fr\/tr\/produits\/depoussiereurs-industriels\/\" data-type=\"page\" data-id=\"31\">end\u00fcstri\u0307yel toz toplayicilar<\/a><\/strong> Bu seride iki g\u00fc\u00e7 seviyesi, yap\u0131land\u0131r\u0131labilir bir filtreleme sistemi (4 filtreleme seviyesine kadar) ve su dolumunu otomatik olarak d\u00fczenleyen sens\u00f6rler bulunmaktad\u0131r.   <\/p>\n\n\n\n<p>DUSTOMAT HYDRO serisinin bir di\u011fer \u00f6zelli\u011fi de, ince partik\u00fcl filtreleme sistemi ak\u0131\u015f a\u015fa\u011f\u0131 konumland\u0131r\u0131ld\u0131\u011f\u0131 i\u00e7in <strong>bak\u0131m maliyetlerinin d\u00fc\u015f\u00fck<\/strong> olmas\u0131d\u0131r.<\/p>\n\n\n\n<blockquote class=\"wp-block-quote is-layout-flow wp-block-quote-is-layout-flow\">\n<p>Yenilik\u00e7i DUSTOMAT HYDRO teknolojisi: Hidrosiklona dayal\u0131 ay\u0131rma sistemi, ilk filtreleme seviyesinden itibaren k\u0131v\u0131lc\u0131mlar\u0131 ve yan\u0131c\u0131 tozlar\u0131 neredeyse tamamen zarars\u0131z hale getirir (%98,7 ay\u0131rma oran\u0131). OberA&#8217;n\u0131n \u00f6n ay\u0131rma kalitesini yeni bir seviyeye ta\u015f\u0131mas\u0131n\u0131 sa\u011flayan \u2265 15 \u00b5m&#8217;lik en k\u00fc\u00e7\u00fck partik\u00fcl fraksiyonlar\u0131 bile su t\u00fcrb\u00fclans odas\u0131nda g\u00fcvenli bir \u015fekilde ba\u011flan\u0131r. Kullan\u0131c\u0131lar \u00f6nemli bir etkiden faydalan\u0131r: sonraki kuru ay\u0131rma sistemindeki filtre medyas\u0131 korunur, bu da daha uzun bir hizmet \u00f6mr\u00fc ve daha d\u00fc\u015f\u00fck sonraki maliyetlerle sonu\u00e7lan\u0131r.  <\/p>\n<\/blockquote>\n\n\n\n<div class=\"wp-block-columns is-layout-flex wp-container-core-columns-is-layout-28f84493 wp-block-columns-is-layout-flex\">\n<div class=\"wp-block-column is-layout-flow wp-block-column-is-layout-flow\">\n<h3 class=\"wp-block-heading has-text-align-center\" id=\"industries\">End\u00fcstriler<\/h3>\n\n\n\n<hr class=\"wp-block-separator has-css-opacity is-style-wide\"\/>\n\n\n\n<div class=\"wp-block-columns is-layout-flex wp-container-core-columns-is-layout-28f84493 wp-block-columns-is-layout-flex\">\n<div class=\"wp-block-column is-layout-flow wp-block-column-is-layout-flow\">\n<figure class=\"wp-block-image aligncenter size-full\"><img decoding=\"async\" width=\"150\" height=\"150\" src=\"https:\/\/obera.fr\/wp-content\/uploads\/2022\/02\/Metalurgie.png\" alt=\"metal i\u0307\u015fleme\" class=\"wp-image-8857\"\/><figcaption class=\"wp-element-caption\">Metal \u0130\u015fleme<\/figcaption><\/figure>\n\n\n\n<figure class=\"wp-block-image aligncenter size-full\"><img decoding=\"async\" width=\"150\" height=\"150\" src=\"https:\/\/obera.fr\/wp-content\/uploads\/2022\/02\/Textile.png\" alt=\"teksti\u0307l\" class=\"wp-image-8855\"\/><figcaption class=\"wp-element-caption\">Tekstil<\/figcaption><\/figure>\n<\/div>\n\n\n\n<div class=\"wp-block-column is-layout-flow wp-block-column-is-layout-flow\">\n<figure class=\"wp-block-image aligncenter size-full\"><img decoding=\"async\" width=\"150\" height=\"150\" src=\"https:\/\/obera.fr\/wp-content\/uploads\/2022\/02\/Chimie.png\" alt=\"K\u0130MYA\" class=\"wp-image-8846\"\/><figcaption class=\"wp-element-caption\">Kimya<\/figcaption><\/figure>\n\n\n\n<figure class=\"wp-block-image aligncenter size-full\"><img decoding=\"async\" width=\"150\" height=\"150\" src=\"https:\/\/obera.fr\/wp-content\/uploads\/2022\/02\/Plastique.png\" alt=\"plastik\" class=\"wp-image-8854\"\/><figcaption class=\"wp-element-caption\">Plastik<\/figcaption><\/figure>\n<\/div>\n\n\n\n<div class=\"wp-block-column is-layout-flow wp-block-column-is-layout-flow\">\n<figure class=\"wp-block-image aligncenter size-full\"><img decoding=\"async\" width=\"150\" height=\"150\" src=\"https:\/\/obera.fr\/wp-content\/uploads\/2022\/02\/MINERAIS.png\" alt=\"cevherler\" class=\"wp-image-8847\"\/><figcaption class=\"wp-element-caption\">Mineraller<\/figcaption><\/figure>\n\n\n\n<figure class=\"wp-block-image aligncenter size-full\"><img decoding=\"async\" width=\"150\" height=\"150\" src=\"https:\/\/obera.fr\/wp-content\/uploads\/2022\/02\/Papier-carton.png\" alt=\"ka\u011f\u0131t ve karton\" class=\"wp-image-8853\"\/><figcaption class=\"wp-element-caption\">Ka\u011f\u0131t\/karton<\/figcaption><\/figure>\n<\/div>\n\n\n\n<div class=\"wp-block-column is-layout-flow wp-block-column-is-layout-flow\">\n<figure class=\"wp-block-image aligncenter size-full\"><img decoding=\"async\" width=\"150\" height=\"150\" src=\"https:\/\/obera.fr\/wp-content\/uploads\/2022\/02\/AGROALIMENTAIRE.png\" alt=\"tar\u0131msal g\u0131da\" class=\"wp-image-8844\"\/><figcaption class=\"wp-element-caption\">G\u0131da end\u00fcstrisi<\/figcaption><\/figure>\n<\/div>\n<\/div>\n<\/div>\n<\/div>\n\n\n\n<figure class=\"wp-block-table\"><table class=\"has-fixed-layout\"><tbody><tr><td><\/td><td><\/td><td><strong>DUSTOMAT HYDRO 2300<\/strong><\/td><td><strong>DUSTOMAT HYDRO 3500<\/strong><\/td><td><strong>DUSTOMAT HYDRO 6000<\/strong><\/td><td><strong>DUSTOMAT HYDRO 10000<\/strong><\/td><\/tr><tr><td>Ak\u0131\u015f<\/td><td>m3\/h<\/td><td>2 300<\/td><td>3 500<\/td><td>6 000<\/td><td>10 000<\/td><\/tr><tr><td>Maks. vakum<\/td><td>Pa<\/td><td>2 500<\/td><td>3 400<\/td><td>3 950<\/td><td>4 800<\/td><\/tr><tr><td>G\u00fc\u00e7<\/td><td>kW<\/td><td>3<\/td><td>5,5<\/td><td>7.5<\/td><td>15<\/td><\/tr><tr><td>Giri\u015f \u00e7ap\u0131<\/td><td>mm<\/td><td>180<\/td><td>224<\/td><td>280<\/td><td>400<\/td><\/tr><tr><td>Su ba\u011flant\u0131s\u0131<\/td><td>\u0130n\u00e7<\/td><td>3\/4<\/td><td>3\/4<\/td><td>3\/4<\/td><td>3\/4<\/td><\/tr><tr><td>Boyutlar<\/td><td>l\/L\/h (mm)<\/td><td>850x850x2600<\/td><td>850x850x2600<\/td><td>1350 x 1550 x 3400<\/td><td>1350 x 1550 x 3400<\/td><\/tr><tr><td>G\u00fcr\u00fclt\u00fc seviyesi<\/td><td>dB(A)<\/td><td>70*<\/td><td>72*<\/td><td>73.4<\/td><td>76.1<\/td><\/tr><tr><td>A\u011f\u0131rl\u0131k<\/td><td>kg<\/td><td>340<\/td><td>380<\/td><td>750<\/td><td>870<\/td><\/tr><\/tbody><\/table><\/figure>\n\n\n\n<p>* ses yal\u0131t\u0131m paketi olmadan: 75 db(A)<\/p>\n\n\n\n<div class=\"wp-block-columns is-layout-flex wp-container-core-columns-is-layout-28f84493 wp-block-columns-is-layout-flex\">\n<div class=\"wp-block-column is-layout-flow wp-block-column-is-layout-flow\"><\/div>\n\n\n\n<div class=\"wp-block-column is-layout-flow wp-block-column-is-layout-flow\">\n<div class=\"wp-block-buttons is-content-justification-center is-layout-flex wp-container-core-buttons-is-layout-a89b3969 wp-block-buttons-is-layout-flex\">\n<div class=\"wp-block-button btn-devis-source\"><a class=\"wp-block-button__link wp-element-button\" href=\"https:\/\/obera.fr\/tr\/devis\/\">Fiyat teklifi isteyin<\/a><\/div>\n<\/div>\n\n\n<script>\r\ndocument.addEventListener('DOMContentLoaded', function() {\r\n    \/\/ 1. On cherche le titre H1 de la page\r\n    var h1 = document.querySelector('h1');\r\n    var productTitle = h1 ? h1.innerText.trim() : \"\";\r\n\r\n    \/\/ 2. On cherche les boutons via la classe CSS .btn-devis-source\r\n    var buttons = document.querySelectorAll('.btn-devis-source a');\r\n\r\n    \/\/ 3. Si on a le titre et les boutons, on ajoute le param\u00e8tre\r\n    if (buttons.length > 0 && productTitle !== \"\") {\r\n        var encodedTitle = encodeURIComponent(productTitle);\r\n\r\n        buttons.forEach(function(btn) {\r\n            var currentHref = btn.getAttribute('href');\r\n            \r\n            \/\/ S\u00e9curit\u00e9 pour ne pas ajouter le param\u00e8tre 2 fois\r\n            if (currentHref.indexOf('sujet=') === -1) {\r\n                var separator = currentHref.indexOf('?') !== -1 ? '&' : '?';\r\n                var newLink = currentHref + separator + 'sujet=' + encodedTitle;\r\n                \r\n                btn.setAttribute('href', newLink);\r\n            }\r\n        });\r\n    }\r\n});\r\n<\/script><\/div>\n\n\n\n<div class=\"wp-block-column is-layout-flow wp-block-column-is-layout-flow\">\n<div class=\"wp-block-buttons is-content-justification-center is-layout-flex wp-container-core-buttons-is-layout-a89b3969 wp-block-buttons-is-layout-flex\">\n<div class=\"wp-block-button\"><a class=\"wp-block-button__link wp-element-button\" href=\"https:\/\/obera.fr\/wp-content\/uploads\/2025\/04\/brochure-dustomat-hydro-en.pdf\">Bro\u015f\u00fcr\u00fc indirin<\/a><\/div>\n<\/div>\n<\/div>\n\n\n\n<div class=\"wp-block-column is-layout-flow wp-block-column-is-layout-flow\"><\/div>\n<\/div>\n\n\n\n<h2 class=\"wp-block-heading\">DUSTOMAT HYDRO: Avantajlar\u0131 nelerdir?  <\/h2>\n\n\n\n<p>DUSTOMAT HYDRO serisi toz toplay\u0131c\u0131lar, \u00fcretim ekiplerinin sa\u011fl\u0131\u011f\u0131n\u0131 ve g\u00fcvenli\u011fini iyile\u015ftirerek <strong>end\u00fcstrideki birincil hava kalitesi sorununa<\/strong> yan\u0131t verir. <strong>\u0130nce toz<\/strong> ve kirleticilere <strong>maruz kalmay\u0131 azaltmak<\/strong>, at\u00f6lyedeki hava kalitesini iyile\u015ftirmek&#8230; Islak bir toz toplay\u0131c\u0131y\u0131 tercih etmek, daha sa\u011fl\u0131kl\u0131, daha keyifli bir \u00e7al\u0131\u015fma ortam\u0131 yaratman\u0131n yan\u0131 s\u0131ra mevcut \u00e7evre standartlar\u0131na uymak anlam\u0131na gelir. Kullan\u0131c\u0131 konforunu art\u0131rmak i\u00e7in bu serideki modeller kompakt ve sessizdir. Yer sorunu varsa, \u00fcnite i\u00e7eriye veya d\u0131\u015far\u0131ya monte edilebilir.  <\/p>\n\n\n\n<p>G\u00fcvenlik a\u00e7\u0131s\u0131ndan, yenilik\u00e7i hidrosiklon teknolojisi <strong>i\u015f istasyonlar\u0131n\u0131<\/strong> iki \u015fekilde <strong>m\u00fcmk\u00fcn oldu\u011funca g\u00fcvenli hale getirir<\/strong>: tozun neden oldu\u011fu yang\u0131n riskini azaltarak ve ayr\u0131ca tozun ekipman \u00fczerinde birikmesini ve makinelere zarar vermesini \u00f6nleyerek.<\/p>\n\n\n\n<p>\u00dcreticilerin ihtiya\u00e7 duydu\u011fu yat\u0131r\u0131m s\u00f6z konusu oldu\u011funda, <strong>sistem \u00e7ok az su enerjisi t\u00fcketecek \u015fekilde tasarlanm\u0131\u015ft\u0131r<\/strong>, bu da enerji faturan\u0131zda tasarruf anlam\u0131na gelir.<\/p>\n\n\n\n<div class=\"wp-block-columns is-layout-flex wp-container-core-columns-is-layout-28f84493 wp-block-columns-is-layout-flex\">\n<div class=\"wp-block-column is-layout-flow wp-block-column-is-layout-flow\">\n<h3 class=\"wp-block-heading\">Avantajlar :<\/h3>\n\n\n\n<ul class=\"wp-block-list\">\n<li>Patlay\u0131c\u0131 ortamlarda bile art\u0131r\u0131lm\u0131\u015f g\u00fcvenlik;<\/li>\n\n\n\n<li>Su reg\u00fclasyonu sayesinde d\u00fc\u015f\u00fck enerji ve su t\u00fcketimi;<\/li>\n\n\n\n<li>Dokunmatik ekran\u0131 ile kullan\u0131m\u0131 kolayd\u0131r;<\/li>\n\n\n\n<li><strong> <\/strong>Kullan\u0131m\u0131 ve bak\u0131m\u0131 kolay, d\u00fc\u015f\u00fck i\u015fletme maliyetleri.<\/li>\n<\/ul>\n<\/div>\n\n\n\n<div class=\"wp-block-column is-layout-flow wp-block-column-is-layout-flow\">\n<h3 class=\"wp-block-heading\">\u00d6zel \u00f6zellikler:<\/h3>\n\n\n\n<ul class=\"wp-block-list\">\n<li>\u0130nce toz, yan\u0131c\u0131 toz ve k\u0131v\u0131lc\u0131mlar i\u00e7in y\u00fcksek performansl\u0131, \u00e7ok a\u015famal\u0131 bir ay\u0131rma sistemi;<\/li>\n\n\n\n<li>99,995&#8217;e varan ay\u0131rma verimlili\u011fi;<\/li>\n\n\n\n<li>Tek veya \u00e7ok istasyonlu ekstraksiyon.<\/li>\n<\/ul>\n<\/div>\n\n\n\n<div class=\"wp-block-column is-layout-flow wp-block-column-is-layout-flow\">\n<h3 class=\"wp-block-heading\">\u00d6zellikler :<\/h3>\n\n\n\n<ul class=\"wp-block-list\">\n<li>ATEX standard\u0131 ile uyumludur;<\/li>\n\n\n\n<li>Sessiz \u00e7al\u0131\u015fma ;<\/li>\n\n\n\n<li>\u0130ste\u011fe ba\u011fl\u0131: devridaim i\u015fletimi (\u0131s\u0131tma maliyetlerini azalt\u0131r).<\/li>\n<\/ul>\n<\/div>\n<\/div>\n\n\n\n<div class=\"wp-block-columns is-layout-flex wp-container-core-columns-is-layout-28f84493 wp-block-columns-is-layout-flex\">\n<div class=\"wp-block-column is-layout-flow wp-block-column-is-layout-flow\">\n<figure class=\"wp-block-image size-full is-resized\"><img decoding=\"async\" width=\"600\" height=\"600\" src=\"https:\/\/obera.fr\/wp-content\/uploads\/2022\/11\/norme-atex.jpg\" alt=\"atex standard\u0131\" class=\"wp-image-15992\" style=\"width:300px;height:300px\" srcset=\"https:\/\/obera.fr\/wp-content\/uploads\/2022\/11\/norme-atex.jpg 600w, https:\/\/obera.fr\/wp-content\/uploads\/2022\/11\/norme-atex-300x300.jpg 300w, https:\/\/obera.fr\/wp-content\/uploads\/2022\/11\/norme-atex-150x150.jpg 150w\" sizes=\"(max-width: 600px) 100vw, 600px\" \/><\/figure>\n<\/div>\n\n\n\n<div class=\"wp-block-column is-layout-flow wp-block-column-is-layout-flow\">\n<figure class=\"wp-block-image size-full is-resized\"><img decoding=\"async\" width=\"600\" height=\"600\" src=\"https:\/\/obera.fr\/wp-content\/uploads\/2022\/11\/dustomat-hydro-2.jpg\" alt=\"dustomat hydro 2\" class=\"wp-image-15995\" style=\"width:300px;height:300px\" srcset=\"https:\/\/obera.fr\/wp-content\/uploads\/2022\/11\/dustomat-hydro-2.jpg 600w, https:\/\/obera.fr\/wp-content\/uploads\/2022\/11\/dustomat-hydro-2-300x300.jpg 300w, https:\/\/obera.fr\/wp-content\/uploads\/2022\/11\/dustomat-hydro-2-150x150.jpg 150w\" sizes=\"(max-width: 600px) 100vw, 600px\" \/><\/figure>\n<\/div>\n\n\n\n<div class=\"wp-block-column is-layout-flow wp-block-column-is-layout-flow\">\n<figure class=\"wp-block-image size-full is-resized\"><img decoding=\"async\" width=\"600\" height=\"600\" src=\"https:\/\/obera.fr\/wp-content\/uploads\/2022\/11\/vanne-de-vidange.jpg\" alt=\"tahliye vanas\u0131\" class=\"wp-image-15998\" style=\"width:300px;height:300px\" srcset=\"https:\/\/obera.fr\/wp-content\/uploads\/2022\/11\/vanne-de-vidange.jpg 600w, https:\/\/obera.fr\/wp-content\/uploads\/2022\/11\/vanne-de-vidange-300x300.jpg 300w, https:\/\/obera.fr\/wp-content\/uploads\/2022\/11\/vanne-de-vidange-150x150.jpg 150w\" sizes=\"(max-width: 600px) 100vw, 600px\" \/><\/figure>\n<\/div>\n<\/div>\n\n\n\n<div class=\"wp-block-buttons is-content-justification-center is-layout-flex wp-container-core-buttons-is-layout-a89b3969 wp-block-buttons-is-layout-flex\">\n<div class=\"wp-block-button\"><a class=\"wp-block-button__link wp-element-button\" href=\"https:\/\/obera.fr\/tr\/contact\/\">DUSTOMAT HYDRO&#8217;nun test edilmesi<\/a><\/div>\n<\/div>\n","protected":false},"excerpt":{"rendered":"<p>Y\u00fcksek derecede yan\u0131c\u0131 maddelerin emilmesi i\u00e7in performans ve verimlili\u011fi bir araya getiren DUSTOMAT HYDRO \u0131slak toz toplay\u0131c\u0131 serimizi ke\u015ffedin. DUSTOMAT HYDRO end\u00fcstriyel toz toplay\u0131c\u0131 : nas\u0131l \u00e7al\u0131\u015f\u0131r ve nas\u0131l kullan\u0131l\u0131r ? DUSTOMAT HYDRO serisinin ana g\u00fcc\u00fc, toz ve k\u0131v\u0131lc\u0131mlar\u0131 yakalamak i\u00e7in yenilik\u00e7i \u00e7ok a\u015famal\u0131 ay\u0131rma teknolojisidir. Kirli hava, toz toplay\u0131c\u0131n\u0131n i\u00e7ine yerle\u015ftirilmi\u015f bir fan taraf\u0131ndan \u00e7ekilir. Hava h\u0131z\u0131 d\u00fc\u015f\u00fcr\u00fclerek a\u011f\u0131r partik\u00fcllerin bir geri kazan\u0131m tank\u0131na d\u00fc\u015fmesi sa\u011flan\u0131r: bu, partik\u00fcllerin \u00f6n ayr\u0131\u015ft\u0131r\u0131lmas\u0131nda ilk a\u015famad\u0131r. Hava daha sonra ince partik\u00fclleri sudan ay\u0131rmak i\u00e7in santrif\u00fcj kuvveti kullanan bir hidrosiklondan ge\u00e7er. Bu partik\u00fcller suda tutulur ve k\u0131v\u0131lc\u0131mlar so\u011futularak zarars\u0131z hale getirilir. Son bir filtreleme &#8230; <\/p>\n<p class=\"read-more-container\"><a title=\"DUSTOMAT HYDRO : sabit \u0131slak toz toplay\u0131c\u0131\" class=\"read-more button\" href=\"https:\/\/obera.fr\/tr\/produits\/depoussiereurs-industriels\/fixes\/depoussiereur-a-voie-humide-dustomat-hydro\/#more-50888\" aria-label=\"Read more about DUSTOMAT HYDRO : sabit \u0131slak toz toplay\u0131c\u0131\">Lire la suite<\/a><\/p>\n","protected":false},"author":4,"featured_media":83752,"parent":52125,"menu_order":0,"comment_status":"closed","ping_status":"closed","template":"","meta":{"_acf_changed":false,"_seopress_robots_primary_cat":"","_seopress_titles_title":"oberA taraf\u0131ndan DUSTOMAT HYDRO \u0131slak y\u0131kama makinesi","_seopress_titles_desc":"Y\u00fcksek derecede yan\u0131c\u0131 maddelerin emilmesi i\u00e7in performans ve verimlili\u011fi bir araya getiren DUSTOMAT HYDRO \u0131slak toz toplay\u0131c\u0131 serimizi ke\u015ffedin.","_seopress_robots_index":"","footnotes":""},"class_list":{"0":"post-50888","1":"page","2":"type-page","3":"status-publish","4":"has-post-thumbnail","6":"no-featured-image-padding","7":"resize-featured-image"},"acf":[],"_links":{"self":[{"href":"https:\/\/obera.fr\/tr\/wp-json\/wp\/v2\/pages\/50888","targetHints":{"allow":["GET"]}}],"collection":[{"href":"https:\/\/obera.fr\/tr\/wp-json\/wp\/v2\/pages"}],"about":[{"href":"https:\/\/obera.fr\/tr\/wp-json\/wp\/v2\/types\/page"}],"author":[{"embeddable":true,"href":"https:\/\/obera.fr\/tr\/wp-json\/wp\/v2\/users\/4"}],"replies":[{"embeddable":true,"href":"https:\/\/obera.fr\/tr\/wp-json\/wp\/v2\/comments?post=50888"}],"version-history":[{"count":11,"href":"https:\/\/obera.fr\/tr\/wp-json\/wp\/v2\/pages\/50888\/revisions"}],"predecessor-version":[{"id":92000,"href":"https:\/\/obera.fr\/tr\/wp-json\/wp\/v2\/pages\/50888\/revisions\/92000"}],"up":[{"embeddable":true,"href":"https:\/\/obera.fr\/tr\/wp-json\/wp\/v2\/pages\/52125"}],"wp:featuredmedia":[{"embeddable":true,"href":"https:\/\/obera.fr\/tr\/wp-json\/wp\/v2\/media\/83752"}],"wp:attachment":[{"href":"https:\/\/obera.fr\/tr\/wp-json\/wp\/v2\/media?parent=50888"}],"curies":[{"name":"wp","href":"https:\/\/api.w.org\/{rel}","templated":true}]}}