{"id":51267,"date":"2022-10-10T09:41:03","date_gmt":"2022-10-10T07:41:03","guid":{"rendered":"https:\/\/obera.fr\/epur150-fresh-ferahlatici-hava-temizleyici\/"},"modified":"2025-05-27T15:23:51","modified_gmt":"2025-05-27T13:23:51","slug":"purificateur-rafraichisseur-epur150-fresh","status":"publish","type":"page","link":"https:\/\/obera.fr\/tr\/produits\/purificateurs-air\/purificateur-rafraichisseur-epur150-fresh\/","title":{"rendered":"ePUR150 FRESH ferahlat\u0131c\u0131 hava temizleyici"},"content":{"rendered":"\n<h2 class=\"wp-block-heading\">Ar\u0131nd\u0131r\u0131n ve tazeleyin<\/h2>\n\n<p><strong>ePUR150 FRESH<\/strong> ferahlat\u0131c\u0131 end\u00fcstriyel hava temizleyici, her t\u00fcrl\u00fc \u00e7al\u0131\u015fma alan\u0131n\u0131, end\u00fcstriyel salonlar\u0131, s\u0131cak noktalar\u0131 vb. d\u00fc\u015f\u00fck enerji t\u00fcketimiyle tamamen do\u011fal bir \u015fekilde temizlemek ve so\u011futmak i\u00e7in idealdir.<\/p>\n\n<h2 class=\"wp-block-heading\">Nas\u0131l \u00e7al\u0131\u015f\u0131yor?<\/h2>\n\n<div class=\"wp-block-columns is-layout-flex wp-container-core-columns-is-layout-28f84493 wp-block-columns-is-layout-flex\">\n<div class=\"wp-block-column is-vertically-aligned-top is-layout-flow wp-block-column-is-layout-flow\" style=\"flex-basis:33.33%\">\n<figure class=\"wp-block-image aligncenter size-full is-resized\"><img decoding=\"async\" width=\"700\" height=\"700\" src=\"https:\/\/obera.fr\/wp-content\/uploads\/2023\/04\/epur150-fresh-3.png\" alt=\"epur150 taze 3\" class=\"wp-image-22417\" style=\"width:350px\" srcset=\"https:\/\/obera.fr\/wp-content\/uploads\/2023\/04\/epur150-fresh-3.png 700w, https:\/\/obera.fr\/wp-content\/uploads\/2023\/04\/epur150-fresh-3-300x300.png 300w, https:\/\/obera.fr\/wp-content\/uploads\/2023\/04\/epur150-fresh-3-150x150.png 150w\" sizes=\"(max-width: 700px) 100vw, 700px\" \/><\/figure>\n\n\n\n<div class=\"wp-block-columns is-layout-flex wp-container-core-columns-is-layout-28f84493 wp-block-columns-is-layout-flex\">\n<div class=\"wp-block-column is-layout-flow wp-block-column-is-layout-flow\">\n<figure class=\"wp-block-image alignright size-thumbnail is-resized\"><img decoding=\"async\" width=\"150\" height=\"150\" src=\"https:\/\/obera.fr\/wp-content\/uploads\/2023\/10\/design-sans-titre-36-150x150.png\" alt=\"isimsiz tasar&#x131;m 36\" class=\"wp-image-24781\" style=\"object-fit:cover;width:80px;height:80px\" srcset=\"https:\/\/obera.fr\/wp-content\/uploads\/2023\/10\/design-sans-titre-36-150x150.png 150w, https:\/\/obera.fr\/wp-content\/uploads\/2023\/10\/design-sans-titre-36.png 300w\" sizes=\"(max-width: 150px) 100vw, 150px\" \/><\/figure>\n<\/div>\n\n\n\n<div class=\"wp-block-column is-layout-flow wp-block-column-is-layout-flow\">\n<figure class=\"wp-block-image alignleft size-full is-resized\"><img decoding=\"async\" width=\"300\" height=\"300\" src=\"https:\/\/obera.fr\/wp-content\/uploads\/2023\/10\/design-sans-titre-37.png\" alt=\"isimsiz tasar&#x131;m 37\" class=\"wp-image-24784\" style=\"object-fit:cover;width:80px;height:80px\" srcset=\"https:\/\/obera.fr\/wp-content\/uploads\/2023\/10\/design-sans-titre-37.png 300w, https:\/\/obera.fr\/wp-content\/uploads\/2023\/10\/design-sans-titre-37-150x150.png 150w\" sizes=\"(max-width: 300px) 100vw, 300px\" \/><\/figure>\n<\/div>\n<\/div>\n<\/div>\n\n\n\n<div class=\"wp-block-column is-vertically-aligned-center is-layout-flow wp-block-column-is-layout-flow\" style=\"flex-basis:66.66%\">\n<p>Temel \u00e7al\u0131\u015fma prensibi, havay\u0131 \u00e7ekerek <strong>birka\u00e7 filtreleme a\u015famas\u0131ndan (G4\/F8)<\/strong> ge\u00e7irmektir. S\u0131cak havalarda, mevcut petek paneller nemlendirilebilir ve \u00e7al\u0131\u015fma alan\u0131n\u0131 ar\u0131t\u0131lm\u0131\u015f hava ile <strong>tazeler<\/strong>. <\/p>\n\n\n\n<p><strong>Ar\u0131t\u0131lm\u0131\u015f ve\/veya so\u011futulmu\u015f <\/strong>hava odaya \u00fcflenerek optimum hava kalitesi ve termal konfor sa\u011flan\u0131r.<\/p>\n\n\n\n<p>Ferahlat\u0131c\u0131 end\u00fcstriyel hava temizleyici, maksimum <strong>100 Pa<\/strong> ak\u0131\u015f h\u0131z\u0131nda mevcut bir bas\u0131n\u00e7la <strong>15.000 m3 \/ saat<\/strong>&#8216;lik bir hava ak\u0131\u015f h\u0131z\u0131 geli\u015ftirir. Kapasitesi <strong>70m\u00b2&#8217;den 400m\u00b2&#8217;ye kadar olan<\/strong> odalar i\u00e7in uygundur. <\/p>\n\n\n\n<div class=\"wp-block-columns is-layout-flex wp-container-core-columns-is-layout-28f84493 wp-block-columns-is-layout-flex\">\n<div class=\"wp-block-column is-layout-flow wp-block-column-is-layout-flow\">\n<div class=\"wp-block-buttons is-horizontal is-content-justification-center is-layout-flex wp-container-core-buttons-is-layout-03627597 wp-block-buttons-is-layout-flex\">\n<div class=\"wp-block-button has-custom-width wp-block-button__width-100\"><a class=\"wp-block-button__link wp-element-button\" href=\"https:\/\/obera.fr\/tr\/bize-ulasin\/\">Daha fazla bilgi edin<\/a><\/div>\n<\/div>\n<\/div>\n\n\n\n<div class=\"wp-block-column is-layout-flow wp-block-column-is-layout-flow\">\n<div class=\"wp-block-buttons is-layout-flex wp-block-buttons-is-layout-flex\">\n<div class=\"wp-block-button\"><a class=\"wp-block-button__link wp-element-button\" href=\"https:\/\/obera.fr\/wp-content\/uploads\/2025\/05\/catalogue-obera-2025-epur150.pdf\">bro\u015f\u00fcr\u00fc indirin<\/a><\/div>\n<\/div>\n<\/div>\n\n\n\n<div class=\"wp-block-column is-layout-flow wp-block-column-is-layout-flow\">\n<div class=\"wp-block-buttons is-content-justification-center is-layout-flex wp-container-core-buttons-is-layout-a89b3969 wp-block-buttons-is-layout-flex\">\n<div class=\"wp-block-button btn-devis-source\"><a class=\"wp-block-button__link wp-element-button\" href=\"https:\/\/obera.fr\/tr\/devis\/\">Fiyat teklifi isteyin<\/a><\/div>\n<\/div>\n\n\n<script>\r\ndocument.addEventListener('DOMContentLoaded', function() {\r\n    \/\/ 1. On cherche le titre H1 de la page\r\n    var h1 = document.querySelector('h1');\r\n    var productTitle = h1 ? h1.innerText.trim() : \"\";\r\n\r\n    \/\/ 2. On cherche les boutons via la classe CSS .btn-devis-source\r\n    var buttons = document.querySelectorAll('.btn-devis-source a');\r\n\r\n    \/\/ 3. Si on a le titre et les boutons, on ajoute le param\u00e8tre\r\n    if (buttons.length > 0 && productTitle !== \"\") {\r\n        var encodedTitle = encodeURIComponent(productTitle);\r\n\r\n        buttons.forEach(function(btn) {\r\n            var currentHref = btn.getAttribute('href');\r\n            \r\n            \/\/ S\u00e9curit\u00e9 pour ne pas ajouter le param\u00e8tre 2 fois\r\n            if (currentHref.indexOf('sujet=') === -1) {\r\n                var separator = currentHref.indexOf('?') !== -1 ? '&' : '?';\r\n                var newLink = currentHref + separator + 'sujet=' + encodedTitle;\r\n                \r\n                btn.setAttribute('href', newLink);\r\n            }\r\n        });\r\n    }\r\n});\r\n<\/script><\/div>\n<\/div>\n<\/div>\n<\/div>\n\n<div style=\"height:20px\" aria-hidden=\"true\" class=\"wp-block-spacer\"><\/div>\n\n<h3 class=\"wp-block-heading\">Avantajlar\u0131 nelerdir?<\/h3>\n\n<p><strong>ePUR150 FRESH<\/strong> temizleyici, iyile\u015ftirilmi\u015f hava kalitesi de dahil olmak \u00fczere bir\u00e7ok fayda sunar. Ana amac\u0131, \u00e7al\u0131\u015fanlar\u0131 ince partik\u00fcllerden ve kaba tozlardan korumak, akci\u011fer ve kalp hastal\u0131klar\u0131n\u0131n geli\u015fmesini \u00f6nlemektir. <\/p>\n\n<p>Hava kalitesini iyile\u015ftirmenin yan\u0131 s\u0131ra<strong>ePUR150 FRESH<\/strong>, y\u00fcksek s\u0131cakl\u0131klar i\u00e7in bir so\u011futucuya d\u00f6n\u00fc\u015ft\u00fcr\u00fclebilir. Petek paneller \u00fczerinden su ak\u0131\u015f\u0131 sayesinde, ar\u0131t\u0131lm\u0131\u015f hava tazelenebilir ve b\u00f6ylece \u00e7al\u0131\u015fma alanlar\u0131ndaki hava so\u011futulabilir. <\/p>\n\n<p>Enerji tasarrufu da dikkate al\u0131nmal\u0131d\u0131r. Cihaz taraf\u0131ndan \u00fcretilen hava ak\u0131m\u0131, s\u0131cak havay\u0131 yukar\u0131dan a\u015fa\u011f\u0131ya getirerek \u00e7al\u0131\u015fma alan\u0131n\u0131 ko\u015fulland\u0131r\u0131r.<\/p>\n\n<h3 class=\"wp-block-heading\">K\u0131saca ePUR150 FRESH  <\/h3>\n\n<div class=\"wp-block-columns is-layout-flex wp-container-core-columns-is-layout-28f84493 wp-block-columns-is-layout-flex\">\n<div class=\"wp-block-column is-layout-flow wp-block-column-is-layout-flow\">\n<ul class=\"wp-block-list\">\n<li>So\u011futucu olarak d\u00f6n\u00fc\u015ft\u00fcr\u00fclebilen ar\u0131tma cihaz\u0131<\/li>\n\n\n\n<li>Mandall\u0131 ba\u011flant\u0131 elemanlar\u0131 ile h\u0131zl\u0131 a\u00e7\u0131lan paneller<\/li>\n\n\n\n<li>So\u011futucu: otomatik su beslemesi ile bak\u0131m gerektirmez<\/li>\n\n\n\n<li>G\u00fc\u00e7l\u00fc ve sessiz<\/li>\n\n\n\n<li>\u00c7ok d\u00fc\u015f\u00fck enerji t\u00fcketimi<\/li>\n<\/ul>\n<\/div>\n\n\n\n<div class=\"wp-block-column is-layout-flow wp-block-column-is-layout-flow\">\n<ul class=\"wp-block-list\">\n<li>Filtreleri \u00f6zelle\u015ftirme (G4 \/ F8)<\/li>\n\n\n\n<li>Tak ve \u00c7al\u0131\u015ft\u0131r: h\u0131zl\u0131 ve kolay ba\u011flant\u0131<\/li>\n\n\n\n<li>Montaj yok, emi\u015f kanal\u0131 yok<\/li>\n\n\n\n<li>Frenli naylon tekerlekler sayesinde mobil ve sabit<\/li>\n\n\n\n<li>Manuel bo\u015faltma sistemi<\/li>\n\n\n\n<li>Kolay temizlenir<\/li>\n<\/ul>\n<\/div>\n<\/div>\n\n<h2 class=\"wp-block-heading\">ePUR150 FRESH ar\u0131tma cihaz\u0131n\u0131n bile\u015fenleri<\/h2>\n\n<div class=\"wp-block-columns is-layout-flex wp-container-core-columns-is-layout-28f84493 wp-block-columns-is-layout-flex\">\n<div class=\"wp-block-column is-layout-flow wp-block-column-is-layout-flow\">\n<ul class=\"wp-block-list\">\n<li>UV korumal\u0131 kal\u0131n polipropilen su tepsisi ve \u00e7at\u0131.<\/li>\n\n\n\n<li>AISI-304 paslanmaz \u00e7elikten k\u00f6\u015fe direkleri.<\/li>\n\n\n\n<li>So\u011futucu paneller tip 5090, 100 mm kal\u0131nl\u0131\u011f\u0131nda.<\/li>\n\n\n\n<li>F\u0131r\u0131n boyal\u0131 emi\u015f \u0131zgaralar\u0131 (gri polyester boya RAL 7035).<\/li>\n\n\n\n<li>Galvanizli \u00e7elikten santrif\u00fcj fan grubu.<\/li>\n\n\n\n<li>Oksitlenmeyi \u00f6nlemek i\u00e7in koruyucu yatak kapa\u011f\u0131.<\/li>\n<\/ul>\n\n\n\n<p><\/p>\n<\/div>\n\n\n\n<div class=\"wp-block-column is-layout-flow wp-block-column-is-layout-flow\">\n<ul class=\"wp-block-list\">\n<li>Kolay ta\u015f\u0131ma ve kurulum i\u00e7in frenli naylon tekerlekler.<\/li>\n\n\n\n<li>Korozyon \u00f6nleyici valfli manuel tahliye sistemi.<\/li>\n\n\n\n<li>H\u0131zl\u0131 konekt\u00f6rl\u00fc 10m hortum.<\/li>\n\n\n\n<li>Elektrik panosu 1 h\u0131z veya de\u011fi\u015fken h\u0131z.<\/li>\n\n\n\n<li>Fabrikada ba\u011flanm\u0131\u015f hidrolik ve elektrik sistemi.<\/li>\n\n\n\n<li>Paslanmaz \u00e7elik paneller tedarik edilebilir.<\/li>\n<\/ul>\n<\/div>\n<\/div>\n\n<div class=\"wp-block-buttons is-content-justification-center is-layout-flex wp-container-core-buttons-is-layout-a89b3969 wp-block-buttons-is-layout-flex\">\n<div class=\"wp-block-button\"><a class=\"wp-block-button__link wp-element-button\" href=\"https:\/\/obera.fr\/wp-content\/uploads\/2025\/05\/catalogue-obera-2025-epur150.pdf\">Bro\u015f\u00fcr\u00fc indirin<\/a><\/div>\n<\/div>\n\n<h3 class=\"wp-block-heading\"><strong>\u0130n\u015faat detaylar\u0131<\/strong><\/h3>\n\n<div class=\"wp-block-columns is-layout-flex wp-container-core-columns-is-layout-28f84493 wp-block-columns-is-layout-flex\">\n<div class=\"wp-block-column is-layout-flow wp-block-column-is-layout-flow\">\n<figure class=\"wp-block-image aligncenter size-full is-resized\"><img decoding=\"async\" width=\"600\" height=\"600\" src=\"https:\/\/obera.fr\/wp-content\/uploads\/2022\/10\/Panneau-alevolaire.jpg\" alt=\"g&#xFC;ne&#x15F; paneli\" class=\"wp-image-14984\" style=\"width:150px;height:150px\" srcset=\"https:\/\/obera.fr\/wp-content\/uploads\/2022\/10\/Panneau-alevolaire.jpg 600w, https:\/\/obera.fr\/wp-content\/uploads\/2022\/10\/Panneau-alevolaire-300x300.jpg 300w, https:\/\/obera.fr\/wp-content\/uploads\/2022\/10\/Panneau-alevolaire-150x150.jpg 150w\" sizes=\"(max-width: 600px) 100vw, 600px\" \/><figcaption class=\"wp-element-caption\">Petek panel<\/figcaption><\/figure>\n<\/div>\n\n\n\n<div class=\"wp-block-column is-layout-flow wp-block-column-is-layout-flow\">\n<figure class=\"wp-block-image aligncenter size-full is-resized\"><img decoding=\"async\" width=\"600\" height=\"600\" src=\"https:\/\/obera.fr\/wp-content\/uploads\/2022\/10\/Diffuseur-dair-1.jpg\" alt=\"hava dif&#xFC;z&#xF6;r&#xFC;\" class=\"wp-image-14981\" style=\"width:150px;height:150px\" srcset=\"https:\/\/obera.fr\/wp-content\/uploads\/2022\/10\/Diffuseur-dair-1.jpg 600w, https:\/\/obera.fr\/wp-content\/uploads\/2022\/10\/Diffuseur-dair-1-300x300.jpg 300w, https:\/\/obera.fr\/wp-content\/uploads\/2022\/10\/Diffuseur-dair-1-150x150.jpg 150w\" sizes=\"(max-width: 600px) 100vw, 600px\" \/><figcaption class=\"wp-element-caption\">Hava dif\u00fcz\u00f6r\u00fc<\/figcaption><\/figure>\n<\/div>\n\n\n\n<div class=\"wp-block-column is-layout-flow wp-block-column-is-layout-flow\">\n<figure class=\"wp-block-image aligncenter size-full is-resized\"><img decoding=\"async\" width=\"600\" height=\"600\" src=\"https:\/\/obera.fr\/wp-content\/uploads\/2022\/10\/Tuyau-10m-avec-raccord.jpg\" alt=\"Konekt&#xF6;rl&#xFC; 10m hortum\" class=\"wp-image-14978\" style=\"width:150px;height:150px\" srcset=\"https:\/\/obera.fr\/wp-content\/uploads\/2022\/10\/Tuyau-10m-avec-raccord.jpg 600w, https:\/\/obera.fr\/wp-content\/uploads\/2022\/10\/Tuyau-10m-avec-raccord-300x300.jpg 300w, https:\/\/obera.fr\/wp-content\/uploads\/2022\/10\/Tuyau-10m-avec-raccord-150x150.jpg 150w\" sizes=\"(max-width: 600px) 100vw, 600px\" \/><figcaption class=\"wp-element-caption\">Konekt\u00f6rl\u00fc 10m hortum<\/figcaption><\/figure>\n<\/div>\n\n\n\n<div class=\"wp-block-column is-layout-flow wp-block-column-is-layout-flow\">\n<figure class=\"wp-block-image aligncenter size-full is-resized\"><img decoding=\"async\" width=\"600\" height=\"600\" src=\"https:\/\/obera.fr\/wp-content\/uploads\/2022\/10\/Pompe-a-eau.jpg\" alt=\"su pompas&#x131;\" class=\"wp-image-14975\" style=\"width:150px;height:150px\" srcset=\"https:\/\/obera.fr\/wp-content\/uploads\/2022\/10\/Pompe-a-eau.jpg 600w, https:\/\/obera.fr\/wp-content\/uploads\/2022\/10\/Pompe-a-eau-300x300.jpg 300w, https:\/\/obera.fr\/wp-content\/uploads\/2022\/10\/Pompe-a-eau-150x150.jpg 150w\" sizes=\"(max-width: 600px) 100vw, 600px\" \/><figcaption class=\"wp-element-caption\">Su pompas\u0131<\/figcaption><\/figure>\n<\/div>\n\n\n\n<div class=\"wp-block-column is-vertically-aligned-bottom is-layout-flow wp-block-column-is-layout-flow\">\n<figure class=\"wp-block-image aligncenter size-medium is-resized\"><img decoding=\"async\" width=\"300\" height=\"257\" src=\"https:\/\/obera.fr\/wp-content\/uploads\/2023\/01\/prefiltre-g4-3-300x257.png\" alt=\"&#xF6;n fi&#x307;ltre g4 3\" class=\"wp-image-18378\" style=\"width:150px;height:129px\" srcset=\"https:\/\/obera.fr\/wp-content\/uploads\/2023\/01\/prefiltre-g4-3-300x257.png 300w, https:\/\/obera.fr\/wp-content\/uploads\/2023\/01\/prefiltre-g4-3.png 350w\" sizes=\"(max-width: 300px) 100vw, 300px\" \/><figcaption class=\"wp-element-caption\">G4 \u00f6n filtre ve F8&#8217;e kadar ana filtre<\/figcaption><\/figure>\n<\/div>\n<\/div>\n\n<h2 class=\"wp-block-heading\">End\u00fcstriyel hava temizleyicileri ke\u015ffedin<\/h2>\n\n<div class=\"wp-block-columns is-layout-flex wp-container-core-columns-is-layout-28f84493 wp-block-columns-is-layout-flex\">\n<div class=\"wp-block-column is-layout-flow wp-block-column-is-layout-flow\">\n<figure class=\"wp-block-image aligncenter size-medium is-resized\"><a href=\"https:\/\/obera.fr\/produits\/purificateurs-air\/industriel-epur\/\"><img decoding=\"async\" width=\"300\" height=\"300\" src=\"https:\/\/obera.fr\/wp-content\/uploads\/2023\/05\/gamme-purificateur-dair-epur-300x300.png\" alt=\"epur hava temi&#x307;zleyi&#x307;ci&#x307; seri&#x307;si&#x307;\" class=\"wp-image-22605\" style=\"width:225px;height:225px\" srcset=\"https:\/\/obera.fr\/wp-content\/uploads\/2023\/05\/gamme-purificateur-dair-epur-300x300.png 300w, https:\/\/obera.fr\/wp-content\/uploads\/2023\/05\/gamme-purificateur-dair-epur-150x150.png 150w, https:\/\/obera.fr\/wp-content\/uploads\/2023\/05\/gamme-purificateur-dair-epur.png 600w\" sizes=\"(max-width: 300px) 100vw, 300px\" \/><\/a><figcaption class=\"wp-element-caption\">ePUR oberA aral\u0131\u011f\u0131<\/figcaption><\/figure>\n<\/div>\n\n\n\n<div class=\"wp-block-column is-layout-flow wp-block-column-is-layout-flow\">\n<figure class=\"wp-block-image aligncenter size-medium is-resized\"><a href=\"https:\/\/obera.fr\/produits\/purificateurs-air\/poussieres-epur-b01-ecoprime\/\"><img decoding=\"async\" width=\"300\" height=\"300\" src=\"https:\/\/obera.fr\/wp-content\/uploads\/2023\/02\/ecoprime-300x300.png\" alt=\"ecoprime\" class=\"wp-image-19002\" style=\"width:225px;height:225px\" srcset=\"https:\/\/obera.fr\/wp-content\/uploads\/2023\/02\/ecoprime-300x300.png 300w, https:\/\/obera.fr\/wp-content\/uploads\/2023\/02\/ecoprime-150x150.png 150w, https:\/\/obera.fr\/wp-content\/uploads\/2023\/02\/ecoprime.png 500w\" sizes=\"(max-width: 300px) 100vw, 300px\" \/><\/a><figcaption class=\"wp-element-caption\">ePUR B01 ecoPRIME<\/figcaption><\/figure>\n<\/div>\n\n\n\n<div class=\"wp-block-column is-layout-flow wp-block-column-is-layout-flow\">\n<figure class=\"wp-block-image aligncenter size-medium is-resized\"><a href=\"https:\/\/obera.fr\/produits\/purificateurs-air\/filtower\/\"><img decoding=\"async\" width=\"300\" height=\"300\" src=\"https:\/\/obera.fr\/wp-content\/uploads\/2020\/09\/FILTOWER-SF-300x300.png\" alt=\"Sistem - &#xDC;r&#xFC;n tasar&#x131;m&#x131;\" class=\"wp-image-1017\" style=\"width:225px;height:225px\" srcset=\"https:\/\/obera.fr\/wp-content\/uploads\/2020\/09\/FILTOWER-SF-300x300.png 300w, https:\/\/obera.fr\/wp-content\/uploads\/2020\/09\/FILTOWER-SF-150x150.png 150w, https:\/\/obera.fr\/wp-content\/uploads\/2020\/09\/FILTOWER-SF.png 600w\" sizes=\"(max-width: 300px) 100vw, 300px\" \/><\/a><figcaption class=\"wp-element-caption\">Filtower<\/figcaption><\/figure>\n<\/div>\n\n\n\n<div class=\"wp-block-column is-layout-flow wp-block-column-is-layout-flow\">\n<figure class=\"wp-block-image aligncenter size-medium is-resized\"><a href=\"https:\/\/obera.fr\/produits\/purificateurs-air\/professionnel-epur-ca\/\"><img decoding=\"async\" width=\"300\" height=\"300\" src=\"https:\/\/obera.fr\/wp-content\/uploads\/2022\/02\/EPUR30-CA-300x300.png\" alt=\"epur30 ca\" class=\"wp-image-8923\" style=\"width:225px;height:225px\" srcset=\"https:\/\/obera.fr\/wp-content\/uploads\/2022\/02\/EPUR30-CA-300x300.png 300w, https:\/\/obera.fr\/wp-content\/uploads\/2022\/02\/EPUR30-CA-150x150.png 150w, https:\/\/obera.fr\/wp-content\/uploads\/2022\/02\/EPUR30-CA.png 500w\" sizes=\"(max-width: 300px) 100vw, 300px\" \/><\/a><figcaption class=\"wp-element-caption\">ePUR CA<\/figcaption><\/figure>\n<\/div>\n<\/div>\n","protected":false},"excerpt":{"rendered":"<p>Ar\u0131nd\u0131r\u0131n ve tazeleyin ePUR150 FRESH ferahlat\u0131c\u0131 end\u00fcstriyel hava temizleyici, her t\u00fcrl\u00fc \u00e7al\u0131\u015fma alan\u0131n\u0131, end\u00fcstriyel salonlar\u0131, s\u0131cak noktalar\u0131 vb. d\u00fc\u015f\u00fck enerji t\u00fcketimiyle tamamen do\u011fal bir \u015fekilde temizlemek ve so\u011futmak i\u00e7in idealdir. Nas\u0131l \u00e7al\u0131\u015f\u0131yor? Temel \u00e7al\u0131\u015fma prensibi, havay\u0131 \u00e7ekerek birka\u00e7 filtreleme a\u015famas\u0131ndan (G4\/F8) ge\u00e7irmektir. S\u0131cak havalarda, mevcut petek paneller nemlendirilebilir ve \u00e7al\u0131\u015fma alan\u0131n\u0131 ar\u0131t\u0131lm\u0131\u015f hava ile tazeler. Ar\u0131t\u0131lm\u0131\u015f ve\/veya so\u011futulmu\u015f hava odaya \u00fcflenerek optimum hava kalitesi ve termal konfor sa\u011flan\u0131r. Ferahlat\u0131c\u0131 end\u00fcstriyel hava temizleyici, maksimum 100 Pa ak\u0131\u015f h\u0131z\u0131nda mevcut bir bas\u0131n\u00e7la 15.000 m3 \/ saat&#8216;lik bir hava ak\u0131\u015f h\u0131z\u0131 geli\u015ftirir. Kapasitesi 70m\u00b2&#8217;den 400m\u00b2&#8217;ye kadar olan odalar i\u00e7in uygundur. Avantajlar\u0131 nelerdir? ePUR150 &#8230; <\/p>\n<p class=\"read-more-container\"><a title=\"ePUR150 FRESH ferahlat\u0131c\u0131 hava temizleyici\" class=\"read-more button\" href=\"https:\/\/obera.fr\/tr\/produits\/purificateurs-air\/purificateur-rafraichisseur-epur150-fresh\/#more-51267\" aria-label=\"Read more about ePUR150 FRESH ferahlat\u0131c\u0131 hava temizleyici\">Lire la suite<\/a><\/p>\n","protected":false},"author":4,"featured_media":83752,"parent":51942,"menu_order":0,"comment_status":"closed","ping_status":"closed","template":"","meta":{"_acf_changed":false,"_seopress_robots_primary_cat":"","_seopress_titles_title":"ePUR150 FRESH ferahlat\u0131c\u0131 hava temizleyici","_seopress_titles_desc":"\u0130\u015f istasyonunuzu yenilemek i\u00e7in de kullan\u0131labilen benzersiz hava temizleme \u00fcnitemize bir g\u00f6z at\u0131n.","_seopress_robots_index":"Evet.","footnotes":""},"class_list":{"0":"post-51267","1":"page","2":"type-page","3":"status-publish","4":"has-post-thumbnail","6":"no-featured-image-padding","7":"resize-featured-image"},"acf":[],"_links":{"self":[{"href":"https:\/\/obera.fr\/tr\/wp-json\/wp\/v2\/pages\/51267","targetHints":{"allow":["GET"]}}],"collection":[{"href":"https:\/\/obera.fr\/tr\/wp-json\/wp\/v2\/pages"}],"about":[{"href":"https:\/\/obera.fr\/tr\/wp-json\/wp\/v2\/types\/page"}],"author":[{"embeddable":true,"href":"https:\/\/obera.fr\/tr\/wp-json\/wp\/v2\/users\/4"}],"replies":[{"embeddable":true,"href":"https:\/\/obera.fr\/tr\/wp-json\/wp\/v2\/comments?post=51267"}],"version-history":[{"count":5,"href":"https:\/\/obera.fr\/tr\/wp-json\/wp\/v2\/pages\/51267\/revisions"}],"predecessor-version":[{"id":105115,"href":"https:\/\/obera.fr\/tr\/wp-json\/wp\/v2\/pages\/51267\/revisions\/105115"}],"up":[{"embeddable":true,"href":"https:\/\/obera.fr\/tr\/wp-json\/wp\/v2\/pages\/51942"}],"wp:featuredmedia":[{"embeddable":true,"href":"https:\/\/obera.fr\/tr\/wp-json\/wp\/v2\/media\/83752"}],"wp:attachment":[{"href":"https:\/\/obera.fr\/tr\/wp-json\/wp\/v2\/media?parent=51267"}],"curies":[{"name":"wp","href":"https:\/\/api.w.org\/{rel}","templated":true}]}}