{"id":51303,"date":"2022-09-13T10:52:39","date_gmt":"2022-09-13T08:52:39","guid":{"rendered":"https:\/\/obera.fr\/kollar-ve-toplama-cihazlari\/pouyes-yuzukleri\/"},"modified":"2025-08-29T09:25:51","modified_gmt":"2025-08-29T07:25:51","slug":"anneaux-de-pouyes","status":"publish","type":"page","link":"https:\/\/obera.fr\/tr\/produits\/bras-dispositifs-captation\/anneaux-de-pouyes\/","title":{"rendered":"Pouy\u00e8s y\u00fcz\u00fckleri"},"content":{"rendered":"\n<h2 class=\"wp-block-heading\">Emme ve halka sens\u00f6rleri<\/h2>\n\n<p>\u00c7al\u0131\u015fma ortam\u0131n\u0131 temiz ve sa\u011fl\u0131kl\u0131 tutmak ve b\u00f6ylece operat\u00f6rlerin sa\u011fl\u0131\u011f\u0131n\u0131 korumak i\u00e7in, kirleticiler \u00fcretildikleri anda, emisyon kayna\u011f\u0131na m\u00fcmk\u00fcn oldu\u011funca yak\u0131n ve m\u00fcmk\u00fcn oldu\u011funca verimli bir \u015fekilde yakalanmal\u0131d\u0131r. Bu, kirleticinin do\u011fas\u0131n\u0131, \u00f6zelliklerini ve konsantrasyonunu dikkate al\u0131r. OberA, m\u00fc\u015fterinin gereksinimlerine ba\u011fl\u0131 olarak farkl\u0131 Pouyes halkalar\u0131 ve emme sens\u00f6rleri tasarlar.<\/p>\n\n<p><\/p>\n\n<div class=\"wp-block-columns is-layout-flex wp-container-core-columns-is-layout-28f84493 wp-block-columns-is-layout-flex\">\n<div class=\"wp-block-column is-vertically-aligned-top is-layout-flow wp-block-column-is-layout-flow\" style=\"flex-basis:33.33%\">\n<p><\/p>\n\n\n\n<figure class=\"wp-block-image aligncenter size-large\"><img decoding=\"async\" width=\"1024\" height=\"768\" src=\"https:\/\/obera.fr\/wp-content\/uploads\/2025\/08\/img_20250827_130840-1024x768.jpg\" alt=\"img 20250827 130840\" class=\"wp-image-127390\" srcset=\"https:\/\/obera.fr\/wp-content\/uploads\/2025\/08\/img_20250827_130840-1024x768.jpg 1024w, https:\/\/obera.fr\/wp-content\/uploads\/2025\/08\/img_20250827_130840-300x225.jpg 300w, https:\/\/obera.fr\/wp-content\/uploads\/2025\/08\/img_20250827_130840-768x576.jpg 768w, https:\/\/obera.fr\/wp-content\/uploads\/2025\/08\/img_20250827_130840-1536x1152.jpg 1536w, https:\/\/obera.fr\/wp-content\/uploads\/2025\/08\/img_20250827_130840-2048x1536.jpg 2048w\" sizes=\"(max-width: 1024px) 100vw, 1024px\" \/><\/figure>\n<\/div>\n\n\n\n<div class=\"wp-block-column is-vertically-aligned-center is-layout-flow wp-block-column-is-layout-flow\" style=\"flex-basis:66.66%\">\n<h3 class=\"wp-block-heading\">HALKA SENS\u00d6RLER\u0130<\/h3>\n\n\n\n<p>Pouy\u00e8s halkalar\u0131 veya dairesel kolekt\u00f6rler, enerjiyi kayna\u011f\u0131nda yakalamak i\u00e7in \u00e7ok etkili ara\u00e7lard\u0131r. Optimum emi\u015f h\u0131z\u0131n\u0131 ve e\u015fit hava ak\u0131\u015f\u0131n\u0131 garanti ederken \u00e7al\u0131\u015fma alan\u0131n\u0131n \u00fczerindeki bo\u015flu\u011fu temiz b\u0131rakacak \u015fekilde tasarlanm\u0131\u015ft\u0131r.<\/p>\n\n\n\n<h3 class=\"wp-block-heading\">pouy\u00e8s y\u00fcz\u00fc\u011f\u00fc nas\u0131l \u00e7al\u0131\u015f\u0131r?<\/h3>\n\n\n\n<p>Fan\u0131n yaratt\u0131\u011f\u0131 negatif bas\u0131n\u00e7 sayesinde, u\u00e7ucu kirleticiler emisyon kayna\u011f\u0131na m\u00fcmk\u00fcn oldu\u011funca yak\u0131n bir yerde yakalan\u0131r ve buradan emme yar\u0131klar\u0131 arac\u0131l\u0131\u011f\u0131yla filtrasyon sistemine ba\u011fl\u0131 kolekt\u00f6re ta\u015f\u0131n\u0131r.<\/p>\n\n\n\n<h3 class=\"wp-block-heading\">FAYDALAR<\/h3>\n\n\n\n<p class=\"has-contrast-color has-text-color\">Operat\u00f6rlerin ve \u00e7al\u0131\u015fma ortamlar\u0131n\u0131n sa\u011fl\u0131\u011f\u0131n\u0131 koruman\u0131n yan\u0131 s\u0131ra, Pouy\u00e8s halkalar\u0131<span class=\"JsGRdQ\" style=\"color: rgb(33, 45, 87); font-weight: 400; font-style: normal; text-decoration: none;\"> emi\u015f oranlar\u0131n\u0131 optimize eder ve ger\u00e7ek enerji tasarrufu sa\u011flar<\/span>. Ergonomik a\u00e7\u0131dan bak\u0131ld\u0131\u011f\u0131nda, Pouy\u00e8s halkalar\u0131 operat\u00f6r i\u00e7in herhangi bir rahats\u0131zl\u0131\u011f\u0131 \u00f6nler. Bir torba dayana\u011f\u0131 ile yap\u0131land\u0131r\u0131ld\u0131\u011f\u0131nda, Pouy\u00e8s halkas\u0131 g\u00fcnl\u00fck \u00e7al\u0131\u015fmay\u0131 kullan\u0131c\u0131 i\u00e7in daha kolay ve daha rahat hale getirebilir. Tasar\u0131mlar\u0131 ayr\u0131ca bak\u0131m\u0131 h\u0131zl\u0131 ve kolay hale getirir.   <\/p>\n\n\n\n<div class=\"wp-block-columns is-layout-flex wp-container-core-columns-is-layout-28f84493 wp-block-columns-is-layout-flex\">\n<div class=\"wp-block-column is-vertically-aligned-top is-layout-flow wp-block-column-is-layout-flow\">\n<div class=\"wp-block-buttons is-content-justification-center is-layout-flex wp-container-core-buttons-is-layout-a89b3969 wp-block-buttons-is-layout-flex\">\n<div class=\"wp-block-button is-style-fill\"><a class=\"wp-block-button__link wp-element-button\" href=\"https:\/\/obera.fr\/wp-content\/uploads\/2025\/06\/brochure-anneaux-de-pouyes.pdf\">Bro\u015f\u00fcr\u00fc indirin<\/a><\/div>\n<\/div>\n<\/div>\n\n\n\n<div class=\"wp-block-column is-vertically-aligned-top is-layout-flow wp-block-column-is-layout-flow\">\n<div class=\"wp-block-buttons is-horizontal is-content-justification-center is-layout-flex wp-container-core-buttons-is-layout-03627597 wp-block-buttons-is-layout-flex\">\n<div class=\"wp-block-button has-custom-width wp-block-button__width-100\"><a class=\"wp-block-button__link wp-element-button\" href=\"https:\/\/obera.fr\/tr\/bize-ulasin\/\">Daha fazla bilgi edin<\/a><\/div>\n<\/div>\n<\/div>\n\n\n\n<div class=\"wp-block-column is-layout-flow wp-block-column-is-layout-flow\">\n<div class=\"wp-block-buttons is-content-justification-center is-layout-flex wp-container-core-buttons-is-layout-a89b3969 wp-block-buttons-is-layout-flex\">\n<div class=\"wp-block-button btn-devis-source\"><a class=\"wp-block-button__link wp-element-button\" href=\"https:\/\/obera.fr\/tr\/devis\/\">Fiyat teklifi isteyin<\/a><\/div>\n<\/div>\n\n\n<script>\r\ndocument.addEventListener('DOMContentLoaded', function() {\r\n    \/\/ 1. On cherche le titre H1 de la page\r\n    var h1 = document.querySelector('h1');\r\n    var productTitle = h1 ? h1.innerText.trim() : \"\";\r\n\r\n    \/\/ 2. On cherche les boutons via la classe CSS .btn-devis-source\r\n    var buttons = document.querySelectorAll('.btn-devis-source a');\r\n\r\n    \/\/ 3. Si on a le titre et les boutons, on ajoute le param\u00e8tre\r\n    if (buttons.length > 0 && productTitle !== \"\") {\r\n        var encodedTitle = encodeURIComponent(productTitle);\r\n\r\n        buttons.forEach(function(btn) {\r\n            var currentHref = btn.getAttribute('href');\r\n            \r\n            \/\/ S\u00e9curit\u00e9 pour ne pas ajouter le param\u00e8tre 2 fois\r\n            if (currentHref.indexOf('sujet=') === -1) {\r\n                var separator = currentHref.indexOf('?') !== -1 ? '&' : '?';\r\n                var newLink = currentHref + separator + 'sujet=' + encodedTitle;\r\n                \r\n                btn.setAttribute('href', newLink);\r\n            }\r\n        });\r\n    }\r\n});\r\n<\/script><\/div>\n<\/div>\n<\/div>\n<\/div>\n\n<h2 class=\"wp-block-heading\">Pouy\u00e8s halkalar\u0131 ile hangi kirleticileri ar\u0131tabilirim?<\/h2>\n\n<p><\/p>\n\n<div class=\"wp-block-columns is-layout-flex wp-container-core-columns-is-layout-28f84493 wp-block-columns-is-layout-flex\">\n<div class=\"wp-block-column is-layout-flow wp-block-column-is-layout-flow\" style=\"flex-basis:33.33%\">\n<figure class=\"wp-block-image aligncenter size-full is-resized\"><img decoding=\"async\" width=\"500\" height=\"500\" src=\"https:\/\/obera.fr\/wp-content\/uploads\/2024\/05\/anneau-de-pouyes-2-1.jpg\" alt=\"anneau de pouyes 2 1\" class=\"wp-image-31088\" style=\"width:169px;height:auto\" srcset=\"https:\/\/obera.fr\/wp-content\/uploads\/2024\/05\/anneau-de-pouyes-2-1.jpg 500w, https:\/\/obera.fr\/wp-content\/uploads\/2024\/05\/anneau-de-pouyes-2-1-300x300.jpg 300w, https:\/\/obera.fr\/wp-content\/uploads\/2024\/05\/anneau-de-pouyes-2-1-150x150.jpg 150w\" sizes=\"(max-width: 500px) 100vw, 500px\" \/><\/figure>\n<\/div>\n\n\n\n<div class=\"wp-block-column is-layout-flow wp-block-column-is-layout-flow\" style=\"flex-basis:66.66%\">\n<div class=\"wp-block-columns is-layout-flex wp-container-core-columns-is-layout-28f84493 wp-block-columns-is-layout-flex\">\n<div class=\"wp-block-column is-layout-flow wp-block-column-is-layout-flow\"><\/div>\n<\/div>\n\n\n\n<div class=\"wp-block-columns is-layout-flex wp-container-core-columns-is-layout-28f84493 wp-block-columns-is-layout-flex\">\n<div class=\"wp-block-column is-layout-flow wp-block-column-is-layout-flow\"><\/div>\n<\/div>\n\n\n\n<p>Dairesel sens\u00f6rler \u00e7e\u015fitli end\u00fcstriyel sekt\u00f6rlerde kullan\u0131labilir ve \u00f6zellikle kar\u0131\u015ft\u0131rma ve numune alma, torbalama, doldurma, paketleme, bo\u015faltma, \u00f6\u011f\u00fctme ve eleme, reakt\u00f6r y\u00fckleme ve tartma i\u015flemleri i\u00e7in \u00f6nerilir.<\/p>\n\n\n\n<div class=\"wp-block-columns is-layout-flex wp-container-core-columns-is-layout-28f84493 wp-block-columns-is-layout-flex\">\n<div class=\"wp-block-column is-layout-flow wp-block-column-is-layout-flow\"><\/div>\n<\/div>\n<\/div>\n<\/div>\n\n<div class=\"wp-block-columns is-layout-flex wp-container-core-columns-is-layout-28f84493 wp-block-columns-is-layout-flex\">\n<div class=\"wp-block-column is-layout-flow wp-block-column-is-layout-flow\"><\/div>\n<\/div>\n\n<div class=\"wp-block-columns is-layout-flex wp-container-core-columns-is-layout-28f84493 wp-block-columns-is-layout-flex\">\n<div class=\"wp-block-column is-layout-flow wp-block-column-is-layout-flow\"><\/div>\n\n\n\n<div class=\"wp-block-column is-layout-flow wp-block-column-is-layout-flow\"><\/div>\n<\/div>\n\n<h3 class=\"wp-block-heading\">Faaliyet g\u00f6sterilen sekt\u00f6rler<\/h3>\n\n<div class=\"wp-block-columns is-layout-flex wp-container-core-columns-is-layout-28f84493 wp-block-columns-is-layout-flex\">\n<div class=\"wp-block-column is-layout-flow wp-block-column-is-layout-flow\">\n<figure class=\"wp-block-image aligncenter size-full\"><img decoding=\"async\" width=\"150\" height=\"150\" src=\"https:\/\/obera.fr\/wp-content\/uploads\/2022\/02\/Chimie.png\" alt=\"K&#x130;MYA\" class=\"wp-image-8846\"\/><figcaption class=\"wp-element-caption\">Kimya<\/figcaption><\/figure>\n<\/div>\n\n\n\n<div class=\"wp-block-column is-layout-flow wp-block-column-is-layout-flow\">\n<figure class=\"wp-block-image aligncenter size-full\"><img decoding=\"async\" width=\"150\" height=\"150\" src=\"https:\/\/obera.fr\/wp-content\/uploads\/2022\/09\/Sans-titre-2022-09-13T095047.797.jpg\" alt=\"Kozmetik\" class=\"wp-image-14491\"\/><figcaption class=\"wp-element-caption\">Kozmetik<\/figcaption><\/figure>\n<\/div>\n\n\n\n<div class=\"wp-block-column is-layout-flow wp-block-column-is-layout-flow\">\n<figure class=\"wp-block-image aligncenter size-full\"><img decoding=\"async\" width=\"150\" height=\"150\" src=\"https:\/\/obera.fr\/wp-content\/uploads\/2022\/02\/AGROALIMENTAIRE.png\" alt=\"tar&#x131;msal g&#x131;da\" class=\"wp-image-8844\"\/><figcaption class=\"wp-element-caption\">G\u0131da end\u00fcstrisi<\/figcaption><\/figure>\n<\/div>\n\n\n\n<div class=\"wp-block-column is-layout-flow wp-block-column-is-layout-flow\">\n<figure class=\"wp-block-image aligncenter size-full\"><img decoding=\"async\" width=\"150\" height=\"150\" src=\"https:\/\/obera.fr\/wp-content\/uploads\/2022\/09\/Sans-titre-2022-09-13T095545.356.jpg\" alt=\"&#x130;la&#xE7;lar\" class=\"wp-image-14497\"\/><figcaption class=\"wp-element-caption\">\u0130la\u00e7lar<\/figcaption><\/figure>\n<\/div>\n\n\n\n<div class=\"wp-block-column is-layout-flow wp-block-column-is-layout-flow\">\n<figure class=\"wp-block-image aligncenter size-full\"><img decoding=\"async\" width=\"150\" height=\"150\" src=\"https:\/\/obera.fr\/wp-content\/uploads\/2022\/09\/Sans-titre-2022-09-13T095819.046.jpg\" alt=\"Makine M&#xFC;hendisli&#x11F;i\" class=\"wp-image-14500\"\/><figcaption class=\"wp-element-caption\">Makine M\u00fchendisli\u011fi<\/figcaption><\/figure>\n<\/div>\n<\/div>\n\n<h2 class=\"wp-block-heading\">\u00d6zellikleri nelerdir?<\/h2>\n\n<p>Halka kollekt\u00f6rler galvanizli \u00e7elik, boyal\u0131 \u00e7elik, 304L paslanmaz \u00e7elik ve 316L paslanmaz \u00e7elik olarak \u00f6l\u00e7\u00fcye g\u00f6re yap\u0131labilir. Uygulamaya ve \u00f6zel gereksinimlere ba\u011fl\u0131 olarak, end\u00fcstriyel veya farmas\u00f6tik y\u00fczeylerde ve tek par\u00e7a veya s\u00f6k\u00fclebilir versiyonlarda mevcuttur.<\/p>\n\n<figure class=\"wp-block-image aligncenter size-large is-resized\"><img decoding=\"async\" width=\"1024\" height=\"342\" src=\"https:\/\/obera.fr\/wp-content\/uploads\/2022\/09\/Sans-titre-2022-09-13T102420.496-1024x342.jpg\" alt=\"Pouy&#xE8;s OberA y&#xFC;z&#xFC;klerinin &#xF6;zellikleri\" class=\"wp-image-14505\" style=\"width:768px;height:257px\" srcset=\"https:\/\/obera.fr\/wp-content\/uploads\/2022\/09\/Sans-titre-2022-09-13T102420.496-1024x342.jpg 1024w, https:\/\/obera.fr\/wp-content\/uploads\/2022\/09\/Sans-titre-2022-09-13T102420.496-300x100.jpg 300w, https:\/\/obera.fr\/wp-content\/uploads\/2022\/09\/Sans-titre-2022-09-13T102420.496-768x256.jpg 768w, https:\/\/obera.fr\/wp-content\/uploads\/2022\/09\/Sans-titre-2022-09-13T102420.496-1536x512.jpg 1536w, https:\/\/obera.fr\/wp-content\/uploads\/2022\/09\/Sans-titre-2022-09-13T102420.496.jpg 2000w\" sizes=\"(max-width: 1024px) 100vw, 1024px\" \/><\/figure>\n\n<h2 class=\"wp-block-heading\">Di\u011fer OberA emme ve toplama ekipmanlar\u0131<\/h2>\n\n<div class=\"wp-block-columns is-layout-flex wp-container-core-columns-is-layout-28f84493 wp-block-columns-is-layout-flex\">\n<div class=\"wp-block-column is-layout-flow wp-block-column-is-layout-flow\">\n<figure class=\"wp-block-image aligncenter size-full is-resized\"><a href=\"https:\/\/obera.fr\/?page_id=489\"><img decoding=\"async\" width=\"433\" height=\"433\" src=\"https:\/\/obera.fr\/wp-content\/uploads\/2020\/10\/table-SF.png\" alt=\"Kaynak - Duman\" class=\"wp-image-1179\" style=\"object-fit:cover;width:120px;height:120px\" srcset=\"https:\/\/obera.fr\/wp-content\/uploads\/2020\/10\/table-SF.png 433w, https:\/\/obera.fr\/wp-content\/uploads\/2020\/10\/table-SF-300x300.png 300w, https:\/\/obera.fr\/wp-content\/uploads\/2020\/10\/table-SF-150x150.png 150w\" sizes=\"(max-width: 433px) 100vw, 433px\" \/><\/a><figcaption class=\"wp-element-caption\">Emme masas\u0131<\/figcaption><\/figure>\n<\/div>\n\n\n\n<div class=\"wp-block-column is-layout-flow wp-block-column-is-layout-flow\">\n<figure class=\"wp-block-image aligncenter size-large is-resized\"><a href=\"https:\/\/obera.fr\/produits\/bras-dispositifs-captation\/bras-de-laboratoire\/\"><img decoding=\"async\" width=\"1024\" height=\"1024\" src=\"https:\/\/obera.fr\/wp-content\/uploads\/2020\/11\/22-bras-de-labo-1024x1024.jpg\" alt=\"Fumex - Laboratuvar\" class=\"wp-image-1662\" style=\"object-fit:cover;width:120px;height:120px\" srcset=\"https:\/\/obera.fr\/wp-content\/uploads\/2020\/11\/22-bras-de-labo-1024x1024.jpg 1024w, https:\/\/obera.fr\/wp-content\/uploads\/2020\/11\/22-bras-de-labo-300x300.jpg 300w, https:\/\/obera.fr\/wp-content\/uploads\/2020\/11\/22-bras-de-labo-150x150.jpg 150w, https:\/\/obera.fr\/wp-content\/uploads\/2020\/11\/22-bras-de-labo-768x768.jpg 768w, https:\/\/obera.fr\/wp-content\/uploads\/2020\/11\/22-bras-de-labo.jpg 1500w\" sizes=\"(max-width: 1024px) 100vw, 1024px\" \/><\/a><figcaption class=\"wp-element-caption\">Laboratuvar kollar\u0131<\/figcaption><\/figure>\n<\/div>\n\n\n\n<div class=\"wp-block-column is-layout-flow wp-block-column-is-layout-flow\">\n<figure class=\"wp-block-image aligncenter size-thumbnail is-resized\"><a href=\"https:\/\/obera.fr\/produits\/bras-dispositifs-captation\/dosserets-aspirants\/\"><img decoding=\"async\" width=\"150\" height=\"150\" src=\"https:\/\/obera.fr\/wp-content\/uploads\/2020\/10\/Dosserets-oberA-150x150.png\" alt=\"&#xDC;r&#xFC;n - &#xDC;r&#xFC;n tasar&#x131;m&#x131;\" class=\"wp-image-1174\" style=\"object-fit:cover;width:120px;height:120px\"\/><\/a><figcaption class=\"wp-element-caption\">Emme backsplashler<\/figcaption><\/figure>\n<\/div>\n<\/div>\n\n<div class=\"wp-block-columns is-layout-flex wp-container-core-columns-is-layout-28f84493 wp-block-columns-is-layout-flex\">\n<div class=\"wp-block-column is-layout-flow wp-block-column-is-layout-flow\">\n<figure class=\"wp-block-image aligncenter size-thumbnail is-resized\"><img decoding=\"async\" width=\"150\" height=\"150\" src=\"https:\/\/obera.fr\/wp-content\/uploads\/2024\/06\/hotte-de-captation-rectangulaire-industrielle-600x600-1-1-150x150.png\" alt=\"end&#xFC;striyel dikd&#xF6;rtgen davlumbaz 600x600 1 1\" class=\"wp-image-31520\" style=\"object-fit:cover;width:120px;height:120px\" srcset=\"https:\/\/obera.fr\/wp-content\/uploads\/2024\/06\/hotte-de-captation-rectangulaire-industrielle-600x600-1-1-150x150.png 150w, https:\/\/obera.fr\/wp-content\/uploads\/2024\/06\/hotte-de-captation-rectangulaire-industrielle-600x600-1-1-300x300.png 300w, https:\/\/obera.fr\/wp-content\/uploads\/2024\/06\/hotte-de-captation-rectangulaire-industrielle-600x600-1-1-1024x1024.png 1024w, https:\/\/obera.fr\/wp-content\/uploads\/2024\/06\/hotte-de-captation-rectangulaire-industrielle-600x600-1-1-768x768.png 768w, https:\/\/obera.fr\/wp-content\/uploads\/2024\/06\/hotte-de-captation-rectangulaire-industrielle-600x600-1-1.png 1280w\" sizes=\"(max-width: 150px) 100vw, 150px\" \/><figcaption class=\"wp-element-caption\">End\u00fcstriyel dikd\u00f6rtgen emi\u015f davlumbaz\u0131<\/figcaption><\/figure>\n<\/div>\n\n\n\n<div class=\"wp-block-column is-layout-flow wp-block-column-is-layout-flow\">\n<figure class=\"wp-block-image aligncenter size-thumbnail is-resized\"><img decoding=\"async\" width=\"150\" height=\"150\" src=\"https:\/\/obera.fr\/wp-content\/uploads\/2024\/06\/hotte-de-captation-modulaire-600x600-1-150x150.png\" alt=\"mod&#xFC;ler &#xE7;eker ocak 600x600 1\" class=\"wp-image-31479\" style=\"object-fit:cover;width:120px;height:120px\" srcset=\"https:\/\/obera.fr\/wp-content\/uploads\/2024\/06\/hotte-de-captation-modulaire-600x600-1-150x150.png 150w, https:\/\/obera.fr\/wp-content\/uploads\/2024\/06\/hotte-de-captation-modulaire-600x600-1-300x300.png 300w, https:\/\/obera.fr\/wp-content\/uploads\/2024\/06\/hotte-de-captation-modulaire-600x600-1-1024x1024.png 1024w, https:\/\/obera.fr\/wp-content\/uploads\/2024\/06\/hotte-de-captation-modulaire-600x600-1-768x768.png 768w, https:\/\/obera.fr\/wp-content\/uploads\/2024\/06\/hotte-de-captation-modulaire-600x600-1.png 1280w\" sizes=\"(max-width: 150px) 100vw, 150px\" \/><figcaption class=\"wp-element-caption\">Mod\u00fcler Davlumbazlar<\/figcaption><\/figure>\n<\/div>\n\n\n\n<div class=\"wp-block-column is-layout-flow wp-block-column-is-layout-flow\">\n<figure class=\"wp-block-image aligncenter size-full is-resized\"><a href=\"https:\/\/obera.fr\/produits\/bras-dispositifs-captation\/capot-industriel\/\"><img decoding=\"async\" width=\"150\" height=\"150\" src=\"https:\/\/obera.fr\/wp-content\/uploads\/2020\/10\/capots.png\" alt=\"RAL renk standard&#x131; - Lake\" class=\"wp-image-1173\" style=\"object-fit:cover;width:120px;height:120px\"\/><\/a><figcaption class=\"wp-element-caption\">Emme ve toplama ba\u015fl\u0131\u011f\u0131<\/figcaption><\/figure>\n<\/div>\n<\/div>\n","protected":false},"excerpt":{"rendered":"<p>Emme ve halka sens\u00f6rleri \u00c7al\u0131\u015fma ortam\u0131n\u0131 temiz ve sa\u011fl\u0131kl\u0131 tutmak ve b\u00f6ylece operat\u00f6rlerin sa\u011fl\u0131\u011f\u0131n\u0131 korumak i\u00e7in, kirleticiler \u00fcretildikleri anda, emisyon kayna\u011f\u0131na m\u00fcmk\u00fcn oldu\u011funca yak\u0131n ve m\u00fcmk\u00fcn oldu\u011funca verimli bir \u015fekilde yakalanmal\u0131d\u0131r. Bu, kirleticinin do\u011fas\u0131n\u0131, \u00f6zelliklerini ve konsantrasyonunu dikkate al\u0131r. OberA, m\u00fc\u015fterinin gereksinimlerine ba\u011fl\u0131 olarak farkl\u0131 Pouyes halkalar\u0131 ve emme sens\u00f6rleri tasarlar. HALKA SENS\u00d6RLER\u0130 Pouy\u00e8s halkalar\u0131 veya dairesel kolekt\u00f6rler, enerjiyi kayna\u011f\u0131nda yakalamak i\u00e7in \u00e7ok etkili ara\u00e7lard\u0131r. Optimum emi\u015f h\u0131z\u0131n\u0131 ve e\u015fit hava ak\u0131\u015f\u0131n\u0131 garanti ederken \u00e7al\u0131\u015fma alan\u0131n\u0131n \u00fczerindeki bo\u015flu\u011fu temiz b\u0131rakacak \u015fekilde tasarlanm\u0131\u015ft\u0131r. pouy\u00e8s y\u00fcz\u00fc\u011f\u00fc nas\u0131l \u00e7al\u0131\u015f\u0131r? Fan\u0131n yaratt\u0131\u011f\u0131 negatif bas\u0131n\u00e7 sayesinde, u\u00e7ucu kirleticiler emisyon kayna\u011f\u0131na m\u00fcmk\u00fcn oldu\u011funca yak\u0131n bir yerde &#8230; <\/p>\n<p class=\"read-more-container\"><a title=\"Pouy\u00e8s y\u00fcz\u00fckleri\" class=\"read-more button\" href=\"https:\/\/obera.fr\/tr\/produits\/bras-dispositifs-captation\/anneaux-de-pouyes\/#more-51303\" aria-label=\"Read more about Pouy\u00e8s y\u00fcz\u00fckleri\">Lire la suite<\/a><\/p>\n","protected":false},"author":4,"featured_media":83752,"parent":51010,"menu_order":0,"comment_status":"closed","ping_status":"closed","template":"","meta":{"_acf_changed":false,"_seopress_robots_primary_cat":"","_seopress_titles_title":"Pouy\u00e8s y\u00fcz\u00fcklerinin ola\u011fan\u00fcst\u00fc faydalar\u0131n\u0131 ke\u015ffedin","_seopress_titles_desc":"Pouy\u00e8s Halkalar\u0131n\u0131n neden daha iyi i\u00e7 mekan hava kalitesi i\u00e7in en verimli hava temizleyicilerin temel anahtar\u0131 oldu\u011funu ke\u015ffedin.","_seopress_robots_index":"","footnotes":""},"class_list":{"0":"post-51303","1":"page","2":"type-page","3":"status-publish","4":"has-post-thumbnail","6":"no-featured-image-padding","7":"resize-featured-image"},"acf":[],"_links":{"self":[{"href":"https:\/\/obera.fr\/tr\/wp-json\/wp\/v2\/pages\/51303","targetHints":{"allow":["GET"]}}],"collection":[{"href":"https:\/\/obera.fr\/tr\/wp-json\/wp\/v2\/pages"}],"about":[{"href":"https:\/\/obera.fr\/tr\/wp-json\/wp\/v2\/types\/page"}],"author":[{"embeddable":true,"href":"https:\/\/obera.fr\/tr\/wp-json\/wp\/v2\/users\/4"}],"replies":[{"embeddable":true,"href":"https:\/\/obera.fr\/tr\/wp-json\/wp\/v2\/comments?post=51303"}],"version-history":[{"count":5,"href":"https:\/\/obera.fr\/tr\/wp-json\/wp\/v2\/pages\/51303\/revisions"}],"predecessor-version":[{"id":127530,"href":"https:\/\/obera.fr\/tr\/wp-json\/wp\/v2\/pages\/51303\/revisions\/127530"}],"up":[{"embeddable":true,"href":"https:\/\/obera.fr\/tr\/wp-json\/wp\/v2\/pages\/51010"}],"wp:featuredmedia":[{"embeddable":true,"href":"https:\/\/obera.fr\/tr\/wp-json\/wp\/v2\/media\/83752"}],"wp:attachment":[{"href":"https:\/\/obera.fr\/tr\/wp-json\/wp\/v2\/media?parent=51303"}],"curies":[{"name":"wp","href":"https:\/\/api.w.org\/{rel}","templated":true}]}}