{"id":51400,"date":"2021-09-17T09:11:07","date_gmt":"2021-09-17T07:11:07","guid":{"rendered":"https:\/\/obera.fr\/obcare-co2-sensoru\/"},"modified":"2025-06-03T15:06:32","modified_gmt":"2025-06-03T13:06:32","slug":"capteur-co2-obcare","status":"publish","type":"page","link":"https:\/\/obera.fr\/tr\/produits\/analyseurs-air\/capteur-co2-obcare\/","title":{"rendered":"OBCARE CO2 sens\u00f6r\u00fc"},"content":{"rendered":"\n<h2 class=\"wp-block-heading\">Trafik \u0131\u015f\u0131klar\u0131 ile hava kalitesinin \u00f6l\u00e7\u00fclmesi<\/h2>\n\n\n\n<div class=\"wp-block-columns is-layout-flex wp-container-core-columns-is-layout-28f84493 wp-block-columns-is-layout-flex\">\n<div class=\"wp-block-column is-layout-flow wp-block-column-is-layout-flow\" style=\"flex-basis:33.33%\">\n<figure class=\"wp-block-image aligncenter size-full is-resized\"><img decoding=\"async\" width=\"300\" height=\"212\" src=\"https:\/\/obera.fr\/wp-content\/uploads\/2021\/11\/Capteur_CO2_OBCARE.png\" alt=\"obcare co2 sens\u00f6r\u00fc\" class=\"wp-image-7611\" style=\"width:300px;height:212px\"\/><figcaption class=\"wp-element-caption\">OBCARE<\/figcaption><\/figure>\n<\/div>\n\n\n\n<div class=\"wp-block-column is-vertically-aligned-center is-layout-flow wp-block-column-is-layout-flow\" style=\"flex-basis:66.66%\">\n<p><strong>OBCARE <\/strong>CO2 sens\u00f6r\u00fc, kapal\u0131 alanlardaki hava kalitesini ger\u00e7ek zamanl\u0131 olarak izler. Uyar\u0131 \u0131\u015f\u0131klar\u0131na sahip \u00e7ok renkli ekran\u0131, hava kalitesine an\u0131nda genel bir bak\u0131\u015f sa\u011flar ve <strong>CO2 konsantrasyonunu ppm cinsinden<\/strong> g\u00f6sterir. Bu \u0131\u015f\u0131klar net g\u00f6rsel ipu\u00e7lar\u0131 sa\u011flar ve kullan\u0131c\u0131lar\u0131 almalar\u0131 gereken \u00f6nlemler konusunda uyar\u0131r: mobil hava temizleme \u00fcniteleri kurarak <strong>havay\u0131 temizleyin <\/strong>ve\/veya <strong>do\u011fal olarak havaland\u0131r\u0131n<\/strong>.  <\/p>\n\n\n\n<div class=\"wp-block-columns is-layout-flex wp-container-core-columns-is-layout-28f84493 wp-block-columns-is-layout-flex\">\n<div class=\"wp-block-column is-layout-flow wp-block-column-is-layout-flow\" style=\"flex-basis:33.34%\">\n<div class=\"wp-block-buttons is-content-justification-center is-layout-flex wp-container-core-buttons-is-layout-a89b3969 wp-block-buttons-is-layout-flex\">\n<div class=\"wp-block-button\"><a class=\"wp-block-button__link wp-element-button\" href=\"https:\/\/obera.fr\/wp-content\/uploads\/2025\/06\/en-brochure-obcare.pdf\">Bro\u015f\u00fcr\u00fc indirin<\/a><\/div>\n<\/div>\n<\/div>\n\n\n\n<div class=\"wp-block-column is-layout-flow wp-block-column-is-layout-flow\" style=\"flex-basis:33.34%\">\n<div class=\"wp-block-buttons is-horizontal is-content-justification-center is-layout-flex wp-container-core-buttons-is-layout-03627597 wp-block-buttons-is-layout-flex\">\n<div class=\"wp-block-button\"><a class=\"wp-block-button__link wp-element-button\" href=\"https:\/\/boutique.obera.fr\/52-acheter-capteur-co2-obcare.html\" target=\"_blank\" rel=\"noreferrer noopener\">OBCARE CO2 sens\u00f6r\u00fcn\u00fc sat\u0131n al\u0131n  <\/a><\/div>\n<\/div>\n<\/div>\n\n\n\n<div class=\"wp-block-column is-layout-flow wp-block-column-is-layout-flow\" style=\"flex-basis:33.33%\">\n<div class=\"wp-block-buttons is-content-justification-center is-layout-flex wp-container-core-buttons-is-layout-a89b3969 wp-block-buttons-is-layout-flex\">\n<div class=\"wp-block-button btn-devis-source\"><a class=\"wp-block-button__link wp-element-button\" href=\"https:\/\/obera.fr\/tr\/devis\/\">Fiyat teklifi isteyin<\/a><\/div>\n<\/div>\n\n\n<script>\r\ndocument.addEventListener('DOMContentLoaded', function() {\r\n    \/\/ 1. On cherche le titre H1 de la page\r\n    var h1 = document.querySelector('h1');\r\n    var productTitle = h1 ? h1.innerText.trim() : \"\";\r\n\r\n    \/\/ 2. On cherche les boutons via la classe CSS .btn-devis-source\r\n    var buttons = document.querySelectorAll('.btn-devis-source a');\r\n\r\n    \/\/ 3. Si on a le titre et les boutons, on ajoute le param\u00e8tre\r\n    if (buttons.length > 0 && productTitle !== \"\") {\r\n        var encodedTitle = encodeURIComponent(productTitle);\r\n\r\n        buttons.forEach(function(btn) {\r\n            var currentHref = btn.getAttribute('href');\r\n            \r\n            \/\/ S\u00e9curit\u00e9 pour ne pas ajouter le param\u00e8tre 2 fois\r\n            if (currentHref.indexOf('sujet=') === -1) {\r\n                var separator = currentHref.indexOf('?') !== -1 ? '&' : '?';\r\n                var newLink = currentHref + separator + 'sujet=' + encodedTitle;\r\n                \r\n                btn.setAttribute('href', newLink);\r\n            }\r\n        });\r\n    }\r\n});\r\n<\/script><\/div>\n<\/div>\n<\/div>\n<\/div>\n\n\n\n<h2 class=\"wp-block-heading\">OBCARE&#8217;in avantajlar\u0131<\/h2>\n\n\n\n<div class=\"wp-block-columns is-layout-flex wp-container-core-columns-is-layout-28f84493 wp-block-columns-is-layout-flex\">\n<div class=\"wp-block-column is-layout-flow wp-block-column-is-layout-flow\">\n<h3 class=\"wp-block-heading has-text-align-left\">CO2 kesici<\/h3>\n\n\n\n<p><strong>OBCARE <\/strong>CO2 sens\u00f6r\u00fc hava kalitesini s\u00fcrekli olarak \u00f6l\u00e7er. Ppm cinsinden g\u00f6r\u00fcnt\u00fclenen bilgiler ger\u00e7ek zamanl\u0131 olarak verilir. Cihaz\u0131n kurulumu ve hareket ettirilmesi kolayd\u0131r.    <\/p>\n<\/div>\n\n\n\n<div class=\"wp-block-column is-layout-flow wp-block-column-is-layout-flow\">\n<h3 class=\"wp-block-heading has-text-align-left\">SEKT\u00d6R \u00d6RNEKLERI\u0307<\/h3>\n\n\n\n<ul class=\"wp-block-list\">\n<li>ERP<\/li>\n\n\n\n<li>Ofisler<\/li>\n\n\n\n<li>Spor salonlar\u0131  <\/li>\n\n\n\n<li>Bekleme odalar\u0131<\/li>\n\n\n\n<li>Okullar<\/li>\n\n\n\n<li>A\u00e7\u0131k alanlar<\/li>\n\n\n\n<li>Stoklar<\/li>\n<\/ul>\n<\/div>\n<\/div>\n\n\n\n<h2 class=\"wp-block-heading\">Montaj t\u00fcrleri<\/h2>\n\n\n\n<p>Hava kalitesi \u00f6l\u00e7\u00fcm cihaz\u0131 bir masaya veya duvara monte edilebilir. Paslanmaz \u00e7elik stand\u0131<strong>(iste\u011fe ba\u011fl\u0131 olarak temin edilebilir<\/strong>), oda i\u00e7inde en uygun \u015fekilde konumland\u0131r\u0131lmas\u0131n\u0131 sa\u011flar. \u0130yi bir konumland\u0131rma esast\u0131r ve \u00f6l\u00e7\u00fcmlerin temsil kabiliyeti \u00fczerinde etkili olacakt\u0131r. \u00d6zellikle sens\u00f6rleri pencerelerin \u00fczerine veya yak\u0131n\u0131na yerle\u015ftirmekten ka\u00e7\u0131n\u0131n.   <\/p>\n\n\n\n<blockquote class=\"wp-block-quote is-layout-flow wp-block-quote-is-layout-flow\">\n<p><strong>Her 40 m\u00b2 alan i\u00e7in bir CO2 sens\u00f6r\u00fc takman\u0131z\u0131<\/strong> \u00f6neririz.<\/p>\n<\/blockquote>\n\n\n\n<div class=\"wp-block-buttons is-horizontal is-content-justification-center is-layout-flex wp-container-core-buttons-is-layout-03627597 wp-block-buttons-is-layout-flex\">\n<div class=\"wp-block-button has-custom-width wp-block-button__width-100\"><a class=\"wp-block-button__link wp-element-button\" href=\"https:\/\/obera.fr\/tr\/bize-ulasin\/\">Daha fazla bilgi edin<\/a><\/div>\n<\/div>\n\n\n\n<h2 class=\"wp-block-heading\">Teknik \u00f6zellikler<\/h2>\n\n\n\n<figure class=\"wp-block-table\"><table class=\"has-fixed-layout\"><tbody><tr><td>CO2 sens\u00f6r\u00fc<\/td><td>Otomatik kalibrasyonlu NDIR teknolojisi (da\u011f\u0131lmayan k\u0131z\u0131l\u00f6tesi sens\u00f6r)<br>\u00d6l\u00e7\u00fcm aral\u0131\u011f\u0131: 0 ila 5000 ppm (+- 60ppm)<\/td><\/tr><tr><td>Nem ve s\u0131cakl\u0131k sens\u00f6r\u00fc<\/td><td>Opsiyonel<\/td><\/tr><tr><td>Ye\u015fil\/sar\u0131\/k\u0131rm\u0131z\u0131 trafik \u0131\u015f\u0131\u011f\u0131 g\u00f6stergesi<\/td><td>Ye\u015fil: &lt; 800 ppm<br>Sar\u0131: 800 &#8211; 2000 ppm<br>K\u0131rm\u0131z\u0131 &gt; 2000 ppm<\/td><\/tr><tr><td>Sesli alarm<\/td><td>Se\u00e7enek<br>Alarm, e\u015fik a\u015f\u0131ld\u0131\u011f\u0131nda her dakika \u00e7alar.<\/td><\/tr><tr><td>G\u00fc\u00e7 kablosu<\/td><td>AB konekt\u00f6rl\u00fc 12V g\u00fc\u00e7 kayna\u011f\u0131 dahildir (uzunluk: 1,5 metre)<\/td><\/tr><tr><td>G\u00fc\u00e7 kayna\u011f\u0131<\/td><td>12V &#8211; 34V AC\/DC<\/td><\/tr><tr><td>G\u00fc\u00e7 t\u00fcketimi<\/td><td>40 &#8211; 80 mA<\/td><\/tr><tr><td>\u00d6l\u00e7\u00fclen fiziksel b\u00fcy\u00fckl\u00fckler<\/td><td>Ppm cinsinden CO2<\/td><\/tr><tr><td>Kutu<\/td><td>ABS kabuk, beyaz RAL 9010<br>Duvara montaj i\u00e7in delikler<br>Boyutlar 87,5 x 87,5 x 30mm<\/td><\/tr><tr><td>Masa montaj\u0131 i\u00e7in stand<\/td><td>Opsiyonel te\u015fhir stand\u0131<br>Paslanmaz \u00e7elik taban<\/td><\/tr><tr><td>Koruma s\u0131n\u0131f\u0131<\/td><td>IP30<\/td><\/tr><\/tbody><\/table><\/figure>\n\n\n\n<div style=\"height:25px\" aria-hidden=\"true\" class=\"wp-block-spacer\"><\/div>\n\n\n\n<h2 class=\"wp-block-heading\">Di\u011fer OberA hava analiz\u00f6rleri<\/h2>\n\n\n\n<div class=\"wp-block-columns is-layout-flex wp-container-core-columns-is-layout-28f84493 wp-block-columns-is-layout-flex\">\n<div class=\"wp-block-column is-layout-flow wp-block-column-is-layout-flow\">\n<figure class=\"wp-block-image aligncenter size-thumbnail is-resized\"><a href=\"https:\/\/obera.fr\/produits\/analyseurs-air\/compteur-particules\/\"><img decoding=\"async\" width=\"150\" height=\"150\" src=\"https:\/\/obera.fr\/wp-content\/uploads\/2020\/08\/compteur-de-particules-150x150.png\" alt=\"Partik\u00fcl Sayac\u0131 Trotec PC220 - Partik\u00fcl Sayac\u0131\" class=\"wp-image-714\" style=\"width:150px;height:150px\" srcset=\"https:\/\/obera.fr\/wp-content\/uploads\/2020\/08\/compteur-de-particules-150x150.png 150w, https:\/\/obera.fr\/wp-content\/uploads\/2020\/08\/compteur-de-particules-300x300.png 300w, https:\/\/obera.fr\/wp-content\/uploads\/2020\/08\/compteur-de-particules.png 433w\" sizes=\"(max-width: 150px) 100vw, 150px\" \/><\/a><figcaption class=\"wp-element-caption\">Partik\u00fcl \u00d6l\u00e7er<\/figcaption><\/figure>\n<\/div>\n<\/div>\n","protected":false},"excerpt":{"rendered":"<p>Trafik \u0131\u015f\u0131klar\u0131 ile hava kalitesinin \u00f6l\u00e7\u00fclmesi OBCARE CO2 sens\u00f6r\u00fc, kapal\u0131 alanlardaki hava kalitesini ger\u00e7ek zamanl\u0131 olarak izler. Uyar\u0131 \u0131\u015f\u0131klar\u0131na sahip \u00e7ok renkli ekran\u0131, hava kalitesine an\u0131nda genel bir bak\u0131\u015f sa\u011flar ve CO2 konsantrasyonunu ppm cinsinden g\u00f6sterir. Bu \u0131\u015f\u0131klar net g\u00f6rsel ipu\u00e7lar\u0131 sa\u011flar ve kullan\u0131c\u0131lar\u0131 almalar\u0131 gereken \u00f6nlemler konusunda uyar\u0131r: mobil hava temizleme \u00fcniteleri kurarak havay\u0131 temizleyin ve\/veya do\u011fal olarak havaland\u0131r\u0131n. OBCARE&#8217;in avantajlar\u0131 CO2 kesici OBCARE CO2 sens\u00f6r\u00fc hava kalitesini s\u00fcrekli olarak \u00f6l\u00e7er. Ppm cinsinden g\u00f6r\u00fcnt\u00fclenen bilgiler ger\u00e7ek zamanl\u0131 olarak verilir. Cihaz\u0131n kurulumu ve hareket ettirilmesi kolayd\u0131r. SEKT\u00d6R \u00d6RNEKLERI\u0307 Montaj t\u00fcrleri Hava kalitesi \u00f6l\u00e7\u00fcm cihaz\u0131 bir masaya veya duvara monte edilebilir. &#8230; <\/p>\n<p class=\"read-more-container\"><a title=\"OBCARE CO2 sens\u00f6r\u00fc\" class=\"read-more button\" href=\"https:\/\/obera.fr\/tr\/produits\/analyseurs-air\/capteur-co2-obcare\/#more-51400\" aria-label=\"Read more about OBCARE CO2 sens\u00f6r\u00fc\">Lire la suite<\/a><\/p>\n","protected":false},"author":4,"featured_media":83752,"parent":52176,"menu_order":0,"comment_status":"closed","ping_status":"closed","template":"","meta":{"_acf_changed":false,"_seopress_robots_primary_cat":"","_seopress_titles_title":"Hava kalitesini \u00f6l\u00e7mek i\u00e7in OBCARE CO2 sens\u00f6r\u00fc","_seopress_titles_desc":"Bir covid-19 tedavisini tamamlamak i\u00e7in ideal olan CO2 sens\u00f6r\u00fcm\u00fcz\u00fc ke\u015ffedin. CO2 seviyelerini ppm cinsinden g\u00f6sterir ve hava kalitesi hakk\u0131nda canl\u0131 bilgi sa\u011flar.","_seopress_robots_index":"","footnotes":""},"class_list":{"0":"post-51400","1":"page","2":"type-page","3":"status-publish","4":"has-post-thumbnail","6":"no-featured-image-padding","7":"resize-featured-image"},"acf":[],"_links":{"self":[{"href":"https:\/\/obera.fr\/tr\/wp-json\/wp\/v2\/pages\/51400","targetHints":{"allow":["GET"]}}],"collection":[{"href":"https:\/\/obera.fr\/tr\/wp-json\/wp\/v2\/pages"}],"about":[{"href":"https:\/\/obera.fr\/tr\/wp-json\/wp\/v2\/types\/page"}],"author":[{"embeddable":true,"href":"https:\/\/obera.fr\/tr\/wp-json\/wp\/v2\/users\/4"}],"replies":[{"embeddable":true,"href":"https:\/\/obera.fr\/tr\/wp-json\/wp\/v2\/comments?post=51400"}],"version-history":[{"count":4,"href":"https:\/\/obera.fr\/tr\/wp-json\/wp\/v2\/pages\/51400\/revisions"}],"predecessor-version":[{"id":108433,"href":"https:\/\/obera.fr\/tr\/wp-json\/wp\/v2\/pages\/51400\/revisions\/108433"}],"up":[{"embeddable":true,"href":"https:\/\/obera.fr\/tr\/wp-json\/wp\/v2\/pages\/52176"}],"wp:featuredmedia":[{"embeddable":true,"href":"https:\/\/obera.fr\/tr\/wp-json\/wp\/v2\/media\/83752"}],"wp:attachment":[{"href":"https:\/\/obera.fr\/tr\/wp-json\/wp\/v2\/media?parent=51400"}],"curies":[{"name":"wp","href":"https:\/\/api.w.org\/{rel}","templated":true}]}}