{"id":51425,"date":"2021-10-01T20:14:13","date_gmt":"2021-10-01T18:14:13","guid":{"rendered":"https:\/\/obera.fr\/tesekkur-ederim\/"},"modified":"2025-03-07T11:40:50","modified_gmt":"2025-03-07T09:40:50","slug":"tesekkur-ederim","status":"publish","type":"page","link":"https:\/\/obera.fr\/tr\/contact\/tesekkur-ederim\/","title":{"rendered":"Te\u015fekk\u00fcr ederim."},"content":{"rendered":"\n<p>Sizi m\u00fcmk\u00fcn olan en k\u0131sa s\u00fcrede arayaca\u011f\u0131z.<\/p>\n","protected":false},"excerpt":{"rendered":"<p>Sizi m\u00fcmk\u00fcn olan en k\u0131sa s\u00fcrede arayaca\u011f\u0131z.<\/p>\n","protected":false},"author":4,"featured_media":0,"parent":51910,"menu_order":0,"comment_status":"closed","ping_status":"closed","template":"","meta":{"_acf_changed":false,"_seopress_robots_primary_cat":"","_seopress_titles_title":"","_seopress_titles_desc":"","_seopress_robots_index":"Evet.","footnotes":""},"class_list":{"0":"post-51425","1":"page","2":"type-page","3":"status-publish","5":"no-featured-image-padding"},"acf":[],"_links":{"self":[{"href":"https:\/\/obera.fr\/tr\/wp-json\/wp\/v2\/pages\/51425","targetHints":{"allow":["GET"]}}],"collection":[{"href":"https:\/\/obera.fr\/tr\/wp-json\/wp\/v2\/pages"}],"about":[{"href":"https:\/\/obera.fr\/tr\/wp-json\/wp\/v2\/types\/page"}],"author":[{"embeddable":true,"href":"https:\/\/obera.fr\/tr\/wp-json\/wp\/v2\/users\/4"}],"replies":[{"embeddable":true,"href":"https:\/\/obera.fr\/tr\/wp-json\/wp\/v2\/comments?post=51425"}],"version-history":[{"count":1,"href":"https:\/\/obera.fr\/tr\/wp-json\/wp\/v2\/pages\/51425\/revisions"}],"predecessor-version":[{"id":51429,"href":"https:\/\/obera.fr\/tr\/wp-json\/wp\/v2\/pages\/51425\/revisions\/51429"}],"up":[{"embeddable":true,"href":"https:\/\/obera.fr\/tr\/wp-json\/wp\/v2\/pages\/51910"}],"wp:attachment":[{"href":"https:\/\/obera.fr\/tr\/wp-json\/wp\/v2\/media?parent=51425"}],"curies":[{"name":"wp","href":"https:\/\/api.w.org\/{rel}","templated":true}]}}