{"id":51508,"date":"2021-03-09T13:26:35","date_gmt":"2021-03-09T11:26:35","guid":{"rendered":"https:\/\/obera.fr\/360-emis-tablasi\/"},"modified":"2025-06-30T10:08:07","modified_gmt":"2025-06-30T08:08:07","slug":"table-rotative-360","status":"publish","type":"page","link":"https:\/\/obera.fr\/tr\/produits\/tables-aspirantes\/table-rotative-360\/","title":{"rendered":"360\u00b0 emi\u015f tablas\u0131"},"content":{"rendered":"\n\n<h2 class=\"wp-block-heading\" id=\"table-d-extraction-rotative\">D\u00f6ner ekstraksiyon masas\u0131<\/h2>\n\n<div class=\"wp-block-columns is-layout-flex wp-container-core-columns-is-layout-28f84493 wp-block-columns-is-layout-flex\">\n<div class=\"wp-block-column is-layout-flow wp-block-column-is-layout-flow\" style=\"flex-basis:33.33%\">\n<figure class=\"wp-block-image aligncenter size-large\"><img decoding=\"async\" width=\"1024\" height=\"1024\" src=\"https:\/\/obera.fr\/wp-content\/uploads\/2025\/01\/image-table-aspirante-rotative-1024x1024.jpg\" alt=\"g&#xF6;r&#xFC;nt&#xFC; d&#xF6;ner emi&#x15F; tablas&#x131;\" class=\"wp-image-57698\" srcset=\"https:\/\/obera.fr\/wp-content\/uploads\/2025\/01\/image-table-aspirante-rotative-1024x1024.jpg 1024w, https:\/\/obera.fr\/wp-content\/uploads\/2025\/01\/image-table-aspirante-rotative-300x300.jpg 300w, https:\/\/obera.fr\/wp-content\/uploads\/2025\/01\/image-table-aspirante-rotative-150x150.jpg 150w, https:\/\/obera.fr\/wp-content\/uploads\/2025\/01\/image-table-aspirante-rotative-768x768.jpg 768w, https:\/\/obera.fr\/wp-content\/uploads\/2025\/01\/image-table-aspirante-rotative-400x400.jpg 400w, https:\/\/obera.fr\/wp-content\/uploads\/2025\/01\/image-table-aspirante-rotative-600x600.jpg 600w, https:\/\/obera.fr\/wp-content\/uploads\/2025\/01\/image-table-aspirante-rotative.jpg 1200w\" sizes=\"(max-width: 1024px) 100vw, 1024px\" \/><figcaption class=\"wp-element-caption\">\nD\u00f6ner emi\u015f tablas\u0131 g\u00f6r\u00fcnt\u00fcs\u00fc<\/figcaption><\/figure>\n<\/div>\n\n\n\n<div class=\"wp-block-column is-layout-flow wp-block-column-is-layout-flow\" style=\"flex-basis:66.66%\">\n<p>360\u00b0 ekstraksiyon masas\u0131 \u00f6zellikle mekanik ve termal ay\u0131rma i\u015flemleri i\u00e7in \u00e7ok uygundur. Tablay\u0131 kendi ekseni etraf\u0131nda d\u00f6nd\u00fcrme i\u015flevi, kullan\u0131c\u0131lara i\u015f par\u00e7alar\u0131na tam eri\u015fim sa\u011flayarak s\u0131k\u0131c\u0131 geri ba\u011flama i\u015flemlerini azalt\u0131r.  <\/p>\n\n\n\n<p>Optimize edilmi\u015f hava ak\u0131\u015f\u0131 ve \u00e7al\u0131\u015fma alan\u0131 \u00fczerindeki esnek ba\u015fl\u0131\u011f\u0131 sayesinde 360\u00b0 emi\u015f tablas\u0131, \u00e7al\u0131\u015fanlar\u0131 toz ve dumandan etkili bir \u015fekilde korur.  <\/p>\n\n\n\n<p>Bu masan\u0131n ergonomik yap\u0131s\u0131, gerekti\u011finde y\u00fcksekli\u011finin ayarlanabilece\u011fi anlam\u0131na gelir ve g\u00fcvenli ve keyifli \u00e7al\u0131\u015fma ko\u015fullar\u0131n\u0131 garanti eder.<\/p>\n\n\n\n<div style=\"height:30px\" aria-hidden=\"true\" class=\"wp-block-spacer\"><\/div>\n\n\n\n<div class=\"wp-block-columns is-layout-flex wp-container-core-columns-is-layout-28f84493 wp-block-columns-is-layout-flex\">\n<div class=\"wp-block-column is-layout-flow wp-block-column-is-layout-flow\" style=\"flex-basis:33.33%\">\n<div class=\"wp-block-buttons is-layout-flex wp-block-buttons-is-layout-flex\">\n<div class=\"wp-block-button\"><a class=\"wp-block-button__link wp-element-button\" href=\"https:\/\/obera.fr\/wp-content\/uploads\/2025\/04\/brochure-table-aspirante-rotative-.pdf\">BRO\u015e\u00dcR\u00dc INDIRIN<\/a><\/div>\n<\/div>\n<\/div>\n\n\n\n<div class=\"wp-block-column is-layout-flow wp-block-column-is-layout-flow\" style=\"flex-basis:33.34%\">\n<div class=\"wp-block-buttons is-horizontal is-content-justification-center is-layout-flex wp-container-core-buttons-is-layout-03627597 wp-block-buttons-is-layout-flex\">\n<div class=\"wp-block-button has-custom-width wp-block-button__width-100\"><a class=\"wp-block-button__link wp-element-button\" href=\"https:\/\/obera.fr\/tr\/bize-ulasin\/\">Daha fazla bilgi edin<\/a><\/div>\n<\/div>\n<\/div>\n\n\n\n<div class=\"wp-block-column is-layout-flow wp-block-column-is-layout-flow\" style=\"flex-basis:33.34%\">\n<div class=\"wp-block-buttons is-content-justification-center is-layout-flex wp-container-core-buttons-is-layout-a89b3969 wp-block-buttons-is-layout-flex\">\n<div class=\"wp-block-button btn-devis-source\"><a class=\"wp-block-button__link wp-element-button\" href=\"https:\/\/obera.fr\/tr\/devis\/\">Fiyat teklifi isteyin<\/a><\/div>\n<\/div>\n\n\n<script>\r\ndocument.addEventListener('DOMContentLoaded', function() {\r\n    \/\/ 1. On cherche le titre H1 de la page\r\n    var h1 = document.querySelector('h1');\r\n    var productTitle = h1 ? h1.innerText.trim() : \"\";\r\n\r\n    \/\/ 2. On cherche les boutons via la classe CSS .btn-devis-source\r\n    var buttons = document.querySelectorAll('.btn-devis-source a');\r\n\r\n    \/\/ 3. Si on a le titre et les boutons, on ajoute le param\u00e8tre\r\n    if (buttons.length > 0 && productTitle !== \"\") {\r\n        var encodedTitle = encodeURIComponent(productTitle);\r\n\r\n        buttons.forEach(function(btn) {\r\n            var currentHref = btn.getAttribute('href');\r\n            \r\n            \/\/ S\u00e9curit\u00e9 pour ne pas ajouter le param\u00e8tre 2 fois\r\n            if (currentHref.indexOf('sujet=') === -1) {\r\n                var separator = currentHref.indexOf('?') !== -1 ? '&' : '?';\r\n                var newLink = currentHref + separator + 'sujet=' + encodedTitle;\r\n                \r\n                btn.setAttribute('href', newLink);\r\n            }\r\n        });\r\n    }\r\n});\r\n<\/script><\/div>\n<\/div>\n<\/div>\n<\/div>\n\n<p><\/p>\n\n<div class=\"wp-block-columns is-layout-flex wp-container-core-columns-is-layout-28f84493 wp-block-columns-is-layout-flex\">\n<div class=\"wp-block-column is-layout-flow wp-block-column-is-layout-flow\">\n<h3 class=\"wp-block-heading has-text-align-center\" id=\"avantages\">FAYDALAR<\/h3>\n\n\n\n<ul class=\"wp-block-list\">\n<li>Par\u00e7alar\u0131n i\u015flenmesinde daha y\u00fcksek verimlilik<\/li>\n\n\n\n<li>Zaman tasarrufu  <\/li>\n\n\n\n<li>Y\u00fcksek ergonomi<\/li>\n\n\n\n<li>\u0130\u015fyerinde kirlili\u011fin azalt\u0131lmas\u0131<\/li>\n\n\n\n<li>Optimize edilmi\u015f i\u015f g\u00fcvenli\u011fi<\/li>\n<\/ul>\n<\/div>\n\n\n\n<div class=\"wp-block-column is-layout-flow wp-block-column-is-layout-flow\">\n<h3 class=\"wp-block-heading has-text-align-center\" id=\"particularites\">\u00d6zel \u00f6zellikler<\/h3>\n\n\n\n<ul class=\"wp-block-list\">\n<li>Katlanabilir yan panel (kapaks\u0131z)<\/li>\n\n\n\n<li>Her taraftan eri\u015filebilir oda (360 dereceye kadar)<\/li>\n\n\n\n<li>Maksimum oda geni\u015fli\u011fi: 900 mm (kapal\u0131 duvarlarla)<\/li>\n\n\n\n<li>Yakla\u015f\u0131k 2500 m3\/h hava hacmi gerektirir<\/li>\n\n\n\n<li>\u00d6n alanda emme nozulu<\/li>\n\n\n\n<li>Ayarlanabilir durdurma<\/li>\n<\/ul>\n<\/div>\n\n\n\n<div class=\"wp-block-column is-layout-flow wp-block-column-is-layout-flow\">\n<h3 class=\"wp-block-heading has-text-align-center\" id=\"caracteristiques\">\u00d6zellikler<\/h3>\n\n\n\n<ul class=\"wp-block-list\">\n<li>Kademesiz elektrikli y\u00fckseklik ayar\u0131 (980 ila 1800 mm)<\/li>\n\n\n\n<li>Metal \u0131zgara veya mengene<\/li>\n\n\n\n<li>Manyetik koruma \u00e7eneleri<\/li>\n\n\n\n<li>Ayd\u0131nlatma<\/li>\n\n\n\n<li>Bireysel platform<\/li>\n\n\n\n<li>ATEX uyumlu  <\/li>\n<\/ul>\n\n\n\n<p><\/p>\n<\/div>\n<\/div>\n\n<div class=\"wp-block-buttons is-content-justification-center is-layout-flex wp-container-core-buttons-is-layout-a89b3969 wp-block-buttons-is-layout-flex\">\n<div class=\"wp-block-button\"><a class=\"wp-block-button__link wp-element-button\" href=\"https:\/\/obera.fr\/wp-content\/uploads\/2024\/02\/brochure-table-aspirante-rotative-.pdf\">Belgeleri indirin<\/a><\/div>\n<\/div>\n\n<h3 class=\"wp-block-heading\" id=\"quels-polluants-traiter-sur-notre-table-aspirante\">Emme masam\u0131zda hangi kirleticiler ar\u0131t\u0131lmal\u0131d\u0131r?<\/h3>\n\n<p>360\u00b0 <a href=\"https:\/\/obera.fr\/tr\/produits\/tables-aspirantes\/\">emi\u015f tablam\u0131z<\/a> \u00e7ok \u00e7e\u015fitli kirleticilerle, \u00f6zellikle de \u00e7\u00f6kelme e\u011filimi g\u00f6steren a\u011f\u0131r kirleticilerle ba\u015fa \u00e7\u0131kabilir.  <\/p>\n\n<p>\u00d6rnekler aras\u0131nda metal tozlar\u0131, kaynak dumanlar\u0131, plastik tala\u015flar\u0131, mineral tozlar\u0131, beton tozlar\u0131, buharlar ve kompozit malzemeler yer almaktad\u0131r.<\/p>\n\n<h2 class=\"wp-block-heading\" id=\"a-quelles-utilisations-convient-elle\">Kullan\u0131m alanlar\u0131 nelerdir?<\/h2>\n\n<p>Bu kirleticiler b\u00fcy\u00fck \u00f6l\u00e7\u00fcde kaynak, lehimleme, testere ile kesme, ta\u015flama, parlatma, i\u015fleme, frezeleme ve malzeme ay\u0131rma gibi i\u015flemler s\u0131ras\u0131nda ortaya \u00e7\u0131kmaktad\u0131r. Bu s\u00fcre\u00e7ler metal\u00fcrji, plastik, ah\u015fap i\u015fleme, tekstil, mineraller, kimyasallar\/petrokimyasallar ve ka\u011f\u0131t\/karton gibi sekt\u00f6rlerde ger\u00e7ekle\u015fmektedir.<\/p>\n\n<div class=\"wp-block-columns is-layout-flex wp-container-core-columns-is-layout-28f84493 wp-block-columns-is-layout-flex\">\n<div class=\"wp-block-column is-layout-flow wp-block-column-is-layout-flow\">\n<h3 class=\"wp-block-heading has-text-align-center\" id=\"polluants\">K\u0130RLET\u0130C\u0130LER<\/h3>\n\n\n\n<div class=\"wp-block-columns is-layout-flex wp-container-core-columns-is-layout-28f84493 wp-block-columns-is-layout-flex\">\n<div class=\"wp-block-column is-layout-flow wp-block-column-is-layout-flow\">\n<figure class=\"wp-block-image aligncenter size-large\"><img decoding=\"async\" width=\"70\" height=\"70\" src=\"https:\/\/obera.fr\/wp-content\/uploads\/2021\/03\/polluants-poussieres-1.jpg\" alt=\"toz ki&#x307;rleti&#x307;ci&#x307;ler 1\" class=\"wp-image-4969\"\/><figcaption class=\"wp-element-caption\">Toz<\/figcaption><\/figure>\n\n\n\n<figure class=\"wp-block-image aligncenter size-large\"><img decoding=\"async\" width=\"70\" height=\"70\" src=\"https:\/\/obera.fr\/wp-content\/uploads\/2021\/03\/industrie-fumees.jpg\" alt=\"end&#xFC;stri&#x307; dumanlari\" class=\"wp-image-4971\"\/><figcaption class=\"wp-element-caption\">Dumanlar<\/figcaption><\/figure>\n\n\n\n<figure class=\"wp-block-image aligncenter size-large\"><img decoding=\"async\" width=\"70\" height=\"70\" src=\"https:\/\/obera.fr\/wp-content\/uploads\/2021\/03\/industrie-brouillard-huile.jpg\" alt=\"ya&#x11F; buhari end&#xFC;stri&#x307;si&#x307;\" class=\"wp-image-4973\"\/><figcaption class=\"wp-element-caption\">Ya\u011f buhar\u0131<\/figcaption><\/figure>\n<\/div>\n\n\n\n<div class=\"wp-block-column is-layout-flow wp-block-column-is-layout-flow\">\n<figure class=\"wp-block-image aligncenter size-large\"><img decoding=\"async\" width=\"70\" height=\"70\" src=\"https:\/\/obera.fr\/wp-content\/uploads\/2021\/03\/polluants-copeaux-bois.jpg\" alt=\"odun yongas&#x131; kirleticileri\" class=\"wp-image-4970\"\/><figcaption class=\"wp-element-caption\">Cips<\/figcaption><\/figure>\n\n\n\n<figure class=\"wp-block-image aligncenter size-large\"><img decoding=\"async\" width=\"70\" height=\"70\" src=\"https:\/\/obera.fr\/wp-content\/uploads\/2021\/03\/industrie-odeur-2.jpg\" alt=\"koku end&#xFC;stri&#x307;si&#x307; 2\" class=\"wp-image-4972\"\/><figcaption class=\"wp-element-caption\">Kokular<\/figcaption><\/figure>\n\n\n\n<figure class=\"wp-block-image aligncenter size-large\"><img decoding=\"async\" width=\"70\" height=\"70\" src=\"https:\/\/obera.fr\/wp-content\/uploads\/2021\/03\/cov.jpg\" alt=\"cov\" class=\"wp-image-4974\"\/><figcaption class=\"wp-element-caption\">VOCS<\/figcaption><\/figure>\n<\/div>\n<\/div>\n<\/div>\n\n\n\n<div class=\"wp-block-column is-layout-flow wp-block-column-is-layout-flow\">\n<h3 class=\"wp-block-heading has-text-align-center\" id=\"industries\">end\u00fcstriler<\/h3>\n\n\n\n<div class=\"wp-block-columns is-layout-flex wp-container-core-columns-is-layout-28f84493 wp-block-columns-is-layout-flex\">\n<div class=\"wp-block-column is-layout-flow wp-block-column-is-layout-flow\">\n<figure class=\"wp-block-image aligncenter size-large\"><img decoding=\"async\" width=\"70\" height=\"70\" src=\"https:\/\/obera.fr\/wp-content\/uploads\/2021\/03\/industrie-metallurgie-1.jpg\" alt=\"metalurji end&#xFC;strisi 1\" class=\"wp-image-4975\"\/><figcaption class=\"wp-element-caption\">Metalurji<\/figcaption><\/figure>\n\n\n\n<figure class=\"wp-block-image aligncenter size-large\"><img decoding=\"async\" width=\"70\" height=\"70\" src=\"https:\/\/obera.fr\/wp-content\/uploads\/2021\/03\/industrie-plastique.jpg\" alt=\"plasti&#x307;k end&#xFC;stri&#x307;si&#x307;\" class=\"wp-image-4976\"\/><figcaption class=\"wp-element-caption\">Plastikler<\/figcaption><\/figure>\n\n\n\n<figure class=\"wp-block-image aligncenter size-large\"><img decoding=\"async\" width=\"70\" height=\"70\" src=\"https:\/\/obera.fr\/wp-content\/uploads\/2021\/03\/industrie-minerai.jpg\" alt=\"maden end&#xFC;stri&#x307;si&#x307;\" class=\"wp-image-4977\"\/><figcaption class=\"wp-element-caption\">Mineraller<\/figcaption><\/figure>\n\n\n\n<figure class=\"wp-block-image aligncenter size-large\"><img decoding=\"async\" width=\"70\" height=\"70\" src=\"https:\/\/obera.fr\/wp-content\/uploads\/2021\/03\/industrie-dechets.jpg\" alt=\"at&#x131;k end&#xFC;strisi\" class=\"wp-image-4978\"\/><figcaption class=\"wp-element-caption\">At\u0131k toplama ve ayr\u0131\u015ft\u0131rma<\/figcaption><\/figure>\n<\/div>\n\n\n\n<div class=\"wp-block-column is-layout-flow wp-block-column-is-layout-flow\">\n<figure class=\"wp-block-image aligncenter size-large\"><img decoding=\"async\" width=\"70\" height=\"70\" src=\"https:\/\/obera.fr\/wp-content\/uploads\/2021\/03\/industrie-bois.jpg\" alt=\"ah&#x15F;ap end&#xFC;stri&#x307;si&#x307;\" class=\"wp-image-4979\"\/><figcaption class=\"wp-element-caption\">A\u011fa\u00e7 \u0130\u015fleri<\/figcaption><\/figure>\n\n\n\n<figure class=\"wp-block-image aligncenter size-large\"><img decoding=\"async\" width=\"70\" height=\"70\" src=\"https:\/\/obera.fr\/wp-content\/uploads\/2021\/03\/industrie-textile.jpg\" alt=\"teksti&#x307;l end&#xFC;stri&#x307;si&#x307;\" class=\"wp-image-4980\"\/><figcaption class=\"wp-element-caption\">Tekstil<\/figcaption><\/figure>\n\n\n\n<figure class=\"wp-block-image aligncenter size-large\"><img decoding=\"async\" width=\"70\" height=\"70\" src=\"https:\/\/obera.fr\/wp-content\/uploads\/2021\/03\/industrie-chimie-1.jpg\" alt=\"ki&#x307;mya end&#xFC;stri&#x307;si&#x307; 1\" class=\"wp-image-4981\"\/><figcaption class=\"wp-element-caption\">Kimyasallar\/Petrokimyasallar<\/figcaption><\/figure>\n\n\n\n<figure class=\"wp-block-image aligncenter size-large\"><img decoding=\"async\" width=\"70\" height=\"70\" src=\"https:\/\/obera.fr\/wp-content\/uploads\/2021\/03\/industrie-papier-carton.jpg\" alt=\"ka&#x11F;it ve karton end&#xFC;stri&#x307;si&#x307;\" class=\"wp-image-4982\"\/><figcaption class=\"wp-element-caption\">Ka\u011f\u0131t\/karton<\/figcaption><\/figure>\n\n\n\n<p><\/p>\n<\/div>\n<\/div>\n\n\n\n<p><\/p>\n<\/div>\n<\/div>\n\n<h2 class=\"wp-block-heading\" id=\"les-autres-produits-de-captation-et-d-aspiration-obera\">Di\u011fer OberA emi\u015f masalar\u0131<\/h2>\n\n<div class=\"wp-block-columns is-layout-flex wp-container-core-columns-is-layout-28f84493 wp-block-columns-is-layout-flex\">\n<div class=\"wp-block-column is-layout-flow wp-block-column-is-layout-flow\">\n<figure class=\"wp-block-image aligncenter size-medium is-resized\"><a href=\"https:\/\/obera.fr\/produits\/tables-aspirantes\/table-aspirante-a-at\/\"><img decoding=\"async\" width=\"300\" height=\"300\" src=\"https:\/\/obera.fr\/wp-content\/uploads\/2020\/10\/table-SF-300x300.png\" alt=\"Emme masalar&#x131;\" class=\"wp-image-1179\" style=\"width:auto;height:150px\" srcset=\"https:\/\/obera.fr\/wp-content\/uploads\/2020\/10\/table-SF-300x300.png 300w, https:\/\/obera.fr\/wp-content\/uploads\/2020\/10\/table-SF-150x150.png 150w, https:\/\/obera.fr\/wp-content\/uploads\/2020\/10\/table-SF.png 433w\" sizes=\"(max-width: 300px) 100vw, 300px\" \/><\/a><figcaption class=\"wp-element-caption\">A &amp; AT emi\u015f masas\u0131<\/figcaption><\/figure>\n<\/div>\n\n\n\n<div class=\"wp-block-column is-layout-flow wp-block-column-is-layout-flow\">\n<figure class=\"wp-block-image aligncenter size-full\"><a href=\"https:\/\/obera.fr\/produits\/tables-aspirantes\/table-autonome\/\"><img decoding=\"async\" width=\"150\" height=\"150\" src=\"https:\/\/obera.fr\/wp-content\/uploads\/2022\/06\/Sans-titre-2022-06-07T101130.850.png\" alt=\"Ba&#x11F;&#x131;ms&#x131;z emi&#x15F; masalar&#x131;\" class=\"wp-image-13083\"\/><\/a><figcaption class=\"wp-element-caption\">Ba\u011f\u0131ms\u0131z emi\u015f masas\u0131<\/figcaption><\/figure>\n<\/div>\n\n\n\n<div class=\"wp-block-column is-layout-flow wp-block-column-is-layout-flow\">\n<figure class=\"wp-block-image aligncenter size-medium is-resized\"><img decoding=\"async\" width=\"300\" height=\"300\" src=\"https:\/\/obera.fr\/wp-content\/uploads\/2024\/05\/epurbox-tsp-300x300.png\" alt=\"epurbox tsp\" class=\"wp-image-30348\" style=\"width:auto;height:150px\" srcset=\"https:\/\/obera.fr\/wp-content\/uploads\/2024\/05\/epurbox-tsp-300x300.png 300w, https:\/\/obera.fr\/wp-content\/uploads\/2024\/05\/epurbox-tsp-1024x1024.png 1024w, https:\/\/obera.fr\/wp-content\/uploads\/2024\/05\/epurbox-tsp-150x150.png 150w, https:\/\/obera.fr\/wp-content\/uploads\/2024\/05\/epurbox-tsp-768x768.png 768w, https:\/\/obera.fr\/wp-content\/uploads\/2024\/05\/epurbox-tsp.png 1200w\" sizes=\"(max-width: 300px) 100vw, 300px\" \/><figcaption class=\"wp-element-caption\">ePURBOX Atex<\/figcaption><\/figure>\n<\/div>\n<\/div>\n","protected":false},"excerpt":{"rendered":"<p>D\u00f6ner ekstraksiyon masas\u0131 360\u00b0 ekstraksiyon masas\u0131 \u00f6zellikle mekanik ve termal ay\u0131rma i\u015flemleri i\u00e7in \u00e7ok uygundur. Tablay\u0131 kendi ekseni etraf\u0131nda d\u00f6nd\u00fcrme i\u015flevi, kullan\u0131c\u0131lara i\u015f par\u00e7alar\u0131na tam eri\u015fim sa\u011flayarak s\u0131k\u0131c\u0131 geri ba\u011flama i\u015flemlerini azalt\u0131r. Optimize edilmi\u015f hava ak\u0131\u015f\u0131 ve \u00e7al\u0131\u015fma alan\u0131 \u00fczerindeki esnek ba\u015fl\u0131\u011f\u0131 sayesinde 360\u00b0 emi\u015f tablas\u0131, \u00e7al\u0131\u015fanlar\u0131 toz ve dumandan etkili bir \u015fekilde korur. Bu masan\u0131n ergonomik yap\u0131s\u0131, gerekti\u011finde y\u00fcksekli\u011finin ayarlanabilece\u011fi anlam\u0131na gelir ve g\u00fcvenli ve keyifli \u00e7al\u0131\u015fma ko\u015fullar\u0131n\u0131 garanti eder. FAYDALAR \u00d6zel \u00f6zellikler \u00d6zellikler Emme masam\u0131zda hangi kirleticiler ar\u0131t\u0131lmal\u0131d\u0131r? 360\u00b0 emi\u015f tablam\u0131z \u00e7ok \u00e7e\u015fitli kirleticilerle, \u00f6zellikle de \u00e7\u00f6kelme e\u011filimi g\u00f6steren a\u011f\u0131r kirleticilerle ba\u015fa \u00e7\u0131kabilir. \u00d6rnekler aras\u0131nda metal tozlar\u0131, kaynak &#8230; <\/p>\n<p class=\"read-more-container\"><a title=\"360\u00b0 emi\u015f tablas\u0131\" class=\"read-more button\" href=\"https:\/\/obera.fr\/tr\/produits\/tables-aspirantes\/table-rotative-360\/#more-51508\" aria-label=\"Read more about 360\u00b0 emi\u015f tablas\u0131\">Lire la suite<\/a><\/p>\n","protected":false},"author":4,"featured_media":83752,"parent":51812,"menu_order":0,"comment_status":"closed","ping_status":"closed","template":"","meta":{"_acf_changed":false,"_seopress_robots_primary_cat":"","_seopress_titles_title":"oberA 360\u00b0 emi\u015f masas\u0131 veya d\u00f6ner ekstraksiyon masas\u0131","_seopress_titles_desc":"360\u00b0 ekstraksiyon masas\u0131 \u00f6zellikle mekanik ve termal ay\u0131rma i\u015flemleri i\u00e7in \u00e7ok uygundur. \u00c7al\u0131\u015fanlar i\u00e7in etkin koruma sa\u011flar.","_seopress_robots_index":"","footnotes":""},"class_list":{"0":"post-51508","1":"page","2":"type-page","3":"status-publish","4":"has-post-thumbnail","6":"no-featured-image-padding","7":"resize-featured-image"},"acf":[],"_links":{"self":[{"href":"https:\/\/obera.fr\/tr\/wp-json\/wp\/v2\/pages\/51508","targetHints":{"allow":["GET"]}}],"collection":[{"href":"https:\/\/obera.fr\/tr\/wp-json\/wp\/v2\/pages"}],"about":[{"href":"https:\/\/obera.fr\/tr\/wp-json\/wp\/v2\/types\/page"}],"author":[{"embeddable":true,"href":"https:\/\/obera.fr\/tr\/wp-json\/wp\/v2\/users\/4"}],"replies":[{"embeddable":true,"href":"https:\/\/obera.fr\/tr\/wp-json\/wp\/v2\/comments?post=51508"}],"version-history":[{"count":9,"href":"https:\/\/obera.fr\/tr\/wp-json\/wp\/v2\/pages\/51508\/revisions"}],"predecessor-version":[{"id":117759,"href":"https:\/\/obera.fr\/tr\/wp-json\/wp\/v2\/pages\/51508\/revisions\/117759"}],"up":[{"embeddable":true,"href":"https:\/\/obera.fr\/tr\/wp-json\/wp\/v2\/pages\/51812"}],"wp:featuredmedia":[{"embeddable":true,"href":"https:\/\/obera.fr\/tr\/wp-json\/wp\/v2\/media\/83752"}],"wp:attachment":[{"href":"https:\/\/obera.fr\/tr\/wp-json\/wp\/v2\/media?parent=51508"}],"curies":[{"name":"wp","href":"https:\/\/api.w.org\/{rel}","templated":true}]}}