{"id":51535,"date":"2020-11-11T20:40:03","date_gmt":"2020-11-11T18:40:03","guid":{"rendered":"https:\/\/obera.fr\/tk-serie\/"},"modified":"2025-06-29T21:40:09","modified_gmt":"2025-06-29T19:40:09","slug":"tk-serie","status":"publish","type":"page","link":"https:\/\/obera.fr\/tr\/produits\/depoussiereurs-industriels\/petits\/tk-serie\/","title":{"rendered":"TK-Serie"},"content":{"rendered":"\n<p>\u0130\u015fleme merkezlerinde do\u011frudan emi\u015f i\u00e7in <a href=\"https:\/\/obera.fr\/tr\/produits\/depoussiereurs-industriels\/kucuk-endustriyel-toz-toplayicilar\/\" data-type=\"page\" data-id=\"393\">k\u00fc\u00e7\u00fck toz toplay\u0131c\u0131lar<\/a> <\/p>\n\n<div class=\"wp-block-columns is-layout-flex wp-container-core-columns-is-layout-28f84493 wp-block-columns-is-layout-flex\">\n<div class=\"wp-block-column is-layout-flow wp-block-column-is-layout-flow\" style=\"flex-basis:33.33%\">\n<figure class=\"wp-block-image aligncenter size-full\"><img decoding=\"async\" width=\"600\" height=\"600\" src=\"https:\/\/obera.fr\/wp-content\/uploads\/2020\/11\/tk-series.jpg\" alt=\"TK Serisi\" class=\"wp-image-1607\" srcset=\"https:\/\/obera.fr\/wp-content\/uploads\/2020\/11\/tk-series.jpg 600w, https:\/\/obera.fr\/wp-content\/uploads\/2020\/11\/tk-series-300x300.jpg 300w, https:\/\/obera.fr\/wp-content\/uploads\/2020\/11\/tk-series-150x150.jpg 150w\" sizes=\"(max-width: 600px) 100vw, 600px\" \/><\/figure>\n<\/div>\n\n\n\n<div class=\"wp-block-column is-layout-flow wp-block-column-is-layout-flow\" style=\"flex-basis:66.66%\">\n<p><strong>K\u00fc\u00e7\u00fck<\/strong> TK Serisi <strong>toz<\/strong> emiciler, mekanik at\u00f6lyelerde ve metal i\u015fleme \u015firketlerinde tek noktadan emi\u015f i\u00e7in ara s\u0131ra kullan\u0131lmak \u00fczere tasarlanm\u0131\u015ft\u0131r. Tozlu hava, temizlenebilir kuma\u015f filtre taraf\u0131ndan temizlenir ve bu da havan\u0131n \u00e7al\u0131\u015fma alan\u0131na geri g\u00f6nderilmesini sa\u011flar. K\u00fc\u00e7\u00fck boyutlar\u0131 sayesinde toz toplay\u0131c\u0131lar masalar\u0131n alt\u0131na veya raflara h\u0131zl\u0131 ve kolay bir \u015fekilde tak\u0131labilir.  <\/p>\n\n\n\n<p>Bu kurulumu g\u00fc\u00e7lendirmek i\u00e7in <a href=\"https:\/\/obera.fr\/tr\/produits\/bras-dispositifs-captation\/capot-industriel\/\">end\u00fcstriyel bir kapa\u011f\u0131n<\/a> entegrasyonu d\u00fc\u015f\u00fcn\u00fclebilir. <strong>End\u00fcstriyel bir uygulama i\u00e7in \u00f6zel olarak tasarlanan<\/strong> bu ba\u015fl\u0131k, emilen hava ak\u0131\u015f\u0131n\u0131 yo\u011funla\u015ft\u0131rarak ve yak\u0131n \u00e7evreyi koruyarak toz toplama verimlili\u011fini art\u0131r\u0131r. <\/p>\n\n\n\n<p>Bir toz toplay\u0131c\u0131 se\u00e7mek s\u00f6z konusu oldu\u011funda \u015fu soruyu sormak \u00e7ok \u00f6nemlidir:<a href=\"https:\/\/obera.fr\/tr\/bizim-tavsiyemiz\/quel-depoussiereur-choisir-selon-type-poussiere\/\">&#8220;Hangi toz toplay\u0131c\u0131y\u0131 se\u00e7<\/a>meliyim? Bu soruyu yan\u0131tlamak i\u00e7in, \u00fcretilen tozun hacmi, partik\u00fcllerin t\u00fcr\u00fc ve at\u00f6lyenin \u00f6zel ko\u015fullar\u0131 gibi bir dizi fakt\u00f6r\u00fcn g\u00f6z \u00f6n\u00fcnde bulundurulmas\u0131 gerekir. <strong>Uygun <\/strong>bir <strong>end\u00fcstriyel toz toplay\u0131c\u0131 <\/strong>, mevcut alan i\u00e7in do\u011fru \u015fekilde boyutland\u0131r\u0131l\u0131rken, kar\u015f\u0131la\u015f\u0131lan toz t\u00fcrleriyle etkili bir \u015fekilde ba\u015fa \u00e7\u0131kabilmelidir.  <\/p>\n\n\n\n<p>Bir di\u011fer \u00f6nemli husus da g\u00fcvenlik, \u00f6zellikle de <a href=\"https:\/\/obera.fr\/tr\/bizim-tavsiyemiz\/procede-depoussierage-risque-explosion-incendie\/\">patlama riskidir<\/a>. Metal tozu veya di\u011fer yan\u0131c\u0131 partik\u00fcllerin bulundu\u011fu ortamlarda, <strong>toz toplay\u0131c\u0131<\/strong> patlama <strong>\u00f6nleme<\/strong> ve koruma <strong>sistemleriyle donat\u0131lmal\u0131d\u0131r<\/strong>. Bu, geri d\u00f6n\u00fc\u015fs\u00fcz valfler, patlama bast\u0131rma sistemleri ve k\u0131v\u0131lc\u0131m riskini en aza indiren tasar\u0131mlar gibi \u00f6zellikleri i\u00e7erir.  <\/p>\n\n\n\n<p>G\u00fcvenli ve temiz bir \u00e7al\u0131\u015fma ortam\u0131n\u0131 garanti etmek i\u00e7in, do\u011fru <a href=\"https:\/\/obera.fr\/tr\/produits\/depoussiereurs-industriels\/\">end\u00fcstriyel toz toplay\u0131c\u0131y\u0131<\/a> se\u00e7mek, gerekirse sistemi end\u00fcstriyel bir ba\u015fl\u0131k ile tamamlamak ve toz toplama verimlili\u011fini en \u00fcst d\u00fczeye \u00e7\u0131kar\u0131rken t\u00fcm ekipman\u0131n \u00f6zellikle patlama <strong>risklerini en aza indirecek \u015fekilde uyarland\u0131\u011f\u0131ndan<\/strong> emin olmak \u00e7ok \u00f6nemlidir.<\/p>\n\n\n\n<div class=\"wp-block-columns is-layout-flex wp-container-core-columns-is-layout-28f84493 wp-block-columns-is-layout-flex\">\n<div class=\"wp-block-column is-layout-flow wp-block-column-is-layout-flow\" style=\"flex-basis:33.34%\">\n<div class=\"wp-block-buttons is-content-justification-center is-layout-flex wp-container-core-buttons-is-layout-a89b3969 wp-block-buttons-is-layout-flex\">\n<div class=\"wp-block-button\"><a class=\"wp-block-button__link wp-element-button\" href=\"https:\/\/obera.fr\/wp-content\/uploads\/2025\/05\/brochure-tk-fr.pdf\">Bro\u015f\u00fcr\u00fc indirin<\/a><\/div>\n<\/div>\n<\/div>\n\n\n\n<div class=\"wp-block-column is-layout-flow wp-block-column-is-layout-flow\" style=\"flex-basis:33.34%\">\n<div class=\"wp-block-buttons is-horizontal is-content-justification-center is-layout-flex wp-container-core-buttons-is-layout-03627597 wp-block-buttons-is-layout-flex\">\n<div class=\"wp-block-button has-custom-width wp-block-button__width-100\"><a class=\"wp-block-button__link wp-element-button\" href=\"https:\/\/obera.fr\/tr\/bize-ulasin\/\">Daha fazla bilgi edin<\/a><\/div>\n<\/div>\n<\/div>\n\n\n\n<div class=\"wp-block-column is-layout-flow wp-block-column-is-layout-flow\" style=\"flex-basis:33.33%\">\n<div class=\"wp-block-buttons is-content-justification-center is-layout-flex wp-container-core-buttons-is-layout-a89b3969 wp-block-buttons-is-layout-flex\">\n<div class=\"wp-block-button btn-devis-source\"><a class=\"wp-block-button__link wp-element-button\" href=\"https:\/\/obera.fr\/tr\/devis\/\">Fiyat teklifi isteyin<\/a><\/div>\n<\/div>\n\n\n<script>\r\ndocument.addEventListener('DOMContentLoaded', function() {\r\n    \/\/ 1. On cherche le titre H1 de la page\r\n    var h1 = document.querySelector('h1');\r\n    var productTitle = h1 ? h1.innerText.trim() : \"\";\r\n\r\n    \/\/ 2. On cherche les boutons via la classe CSS .btn-devis-source\r\n    var buttons = document.querySelectorAll('.btn-devis-source a');\r\n\r\n    \/\/ 3. Si on a le titre et les boutons, on ajoute le param\u00e8tre\r\n    if (buttons.length > 0 && productTitle !== \"\") {\r\n        var encodedTitle = encodeURIComponent(productTitle);\r\n\r\n        buttons.forEach(function(btn) {\r\n            var currentHref = btn.getAttribute('href');\r\n            \r\n            \/\/ S\u00e9curit\u00e9 pour ne pas ajouter le param\u00e8tre 2 fois\r\n            if (currentHref.indexOf('sujet=') === -1) {\r\n                var separator = currentHref.indexOf('?') !== -1 ? '&' : '?';\r\n                var newLink = currentHref + separator + 'sujet=' + encodedTitle;\r\n                \r\n                btn.setAttribute('href', newLink);\r\n            }\r\n        });\r\n    }\r\n});\r\n<\/script><\/div>\n<\/div>\n<\/div>\n<\/div>\n\n<figure class=\"wp-block-gallery has-nested-images columns-default wp-block-gallery-1 is-layout-flex wp-block-gallery-is-layout-flex\">\n<figure class=\"wp-block-image size-large\"><img decoding=\"async\" width=\"1024\" height=\"576\" data-id=\"1791\" src=\"https:\/\/obera.fr\/wp-content\/uploads\/2020\/11\/TK-Filtration-1024x576.jpg\" alt=\"Tk Filtrasyon\" class=\"wp-image-1791\" srcset=\"https:\/\/obera.fr\/wp-content\/uploads\/2020\/11\/TK-Filtration-1024x576.jpg 1024w, https:\/\/obera.fr\/wp-content\/uploads\/2020\/11\/TK-Filtration-300x169.jpg 300w, https:\/\/obera.fr\/wp-content\/uploads\/2020\/11\/TK-Filtration-768x432.jpg 768w, https:\/\/obera.fr\/wp-content\/uploads\/2020\/11\/TK-Filtration.jpg 1200w\" sizes=\"(max-width: 1024px) 100vw, 1024px\" \/><figcaption class=\"wp-element-caption\">Filtrasyon<\/figcaption><\/figure>\n\n\n\n<figure class=\"wp-block-image size-large\"><img decoding=\"async\" width=\"1024\" height=\"576\" data-id=\"1792\" src=\"https:\/\/obera.fr\/wp-content\/uploads\/2020\/11\/TK-tiroir-des-dechets-1024x576.jpg\" alt=\"Tk Tiroir Des Dechets\" class=\"wp-image-1792\" srcset=\"https:\/\/obera.fr\/wp-content\/uploads\/2020\/11\/TK-tiroir-des-dechets-1024x576.jpg 1024w, https:\/\/obera.fr\/wp-content\/uploads\/2020\/11\/TK-tiroir-des-dechets-300x169.jpg 300w, https:\/\/obera.fr\/wp-content\/uploads\/2020\/11\/TK-tiroir-des-dechets-768x432.jpg 768w, https:\/\/obera.fr\/wp-content\/uploads\/2020\/11\/TK-tiroir-des-dechets.jpg 1200w\" sizes=\"(max-width: 1024px) 100vw, 1024px\" \/><figcaption class=\"wp-element-caption\">At\u0131k \u00e7ekmecesi<\/figcaption><\/figure>\n<\/figure>\n\n<div class=\"wp-block-columns is-layout-flex wp-container-core-columns-is-layout-28f84493 wp-block-columns-is-layout-flex\">\n<div class=\"wp-block-column is-layout-flow wp-block-column-is-layout-flow\">\n<h2 class=\"wp-block-heading has-text-align-center\">Avantajlar<\/h2>\n\n\n\n<ul class=\"wp-block-list\">\n<li>Kompakt tasar\u0131m sayesinde az yer kaplar<\/li>\n\n\n\n<li>Kullan\u0131m\u0131 kolay<\/li>\n\n\n\n<li>Temizlenebilir torba filtre sayesinde d\u00fc\u015f\u00fck i\u015fletme maliyetleri<\/li>\n\n\n\n<li>Az bak\u0131m gerektirir<\/li>\n\n\n\n<li>Temizlenebilir, uzun \u00f6m\u00fcrl\u00fc torba filtre<\/li>\n\n\n\n<li>Sa\u011flam toz toplama \u00e7ekmecesi<\/li>\n<\/ul>\n<\/div>\n\n\n\n<div class=\"wp-block-column is-layout-flow wp-block-column-is-layout-flow\">\n<h2 class=\"wp-block-heading has-text-align-center\">\u00d6zel \u00f6zellikler<\/h2>\n\n\n\n<ul class=\"wp-block-list\">\n<li>Torba filtrenin manuel olarak temizlenmesi<\/li>\n\n\n\n<li>Sabit kurulum<\/li>\n<\/ul>\n<\/div>\n\n\n\n<div class=\"wp-block-column is-layout-flow wp-block-column-is-layout-flow\">\n<h2 class=\"wp-block-heading has-text-align-center\">\u00d6zellikler<\/h2>\n\n\n\n<ul class=\"wp-block-list\">\n<li>Ta\u015flama, frezeleme ve \u00e7apak alma makinelerinde do\u011frudan ekstraksiyon i\u00e7in<\/li>\n\n\n\n<li>Az miktarda toz ile ara s\u0131ra kullan\u0131m i\u00e7in<\/li>\n<\/ul>\n<\/div>\n<\/div>\n\n<h2 class=\"wp-block-heading\">Uygulamalar<\/h2>\n\n<div class=\"wp-block-columns is-layout-flex wp-container-core-columns-is-layout-28f84493 wp-block-columns-is-layout-flex\">\n<div class=\"wp-block-column is-layout-flow wp-block-column-is-layout-flow\">\n<h3 class=\"wp-block-heading has-text-align-center\">Kirleticiler<\/h3>\n\n\n\n<hr class=\"wp-block-separator has-css-opacity is-style-wide\"\/>\n\n\n\n<div class=\"wp-block-columns is-layout-flex wp-container-core-columns-is-layout-28f84493 wp-block-columns-is-layout-flex\">\n<div class=\"wp-block-column is-layout-flow wp-block-column-is-layout-flow\">\n<figure class=\"wp-block-image aligncenter size-large\"><img decoding=\"async\" width=\"70\" height=\"70\" src=\"https:\/\/obera.fr\/wp-content\/uploads\/2020\/08\/polluants-poussieres.jpg\" alt=\"Kirleticiler Toz\" class=\"wp-image-675\"\/><figcaption class=\"wp-element-caption\">Toz<\/figcaption><\/figure>\n\n\n\n<figure class=\"wp-block-image aligncenter size-large\"><img decoding=\"async\" width=\"70\" height=\"70\" src=\"https:\/\/obera.fr\/wp-content\/uploads\/2020\/08\/polluants-copeaux-bois.jpg\" alt=\"Kirleticiler Odun yongalar&#x131;\" class=\"wp-image-674\"\/><figcaption class=\"wp-element-caption\">Cips<\/figcaption><\/figure>\n<\/div>\n\n\n\n<div class=\"wp-block-column is-layout-flow wp-block-column-is-layout-flow\">\n<figure class=\"wp-block-image aligncenter size-large\"><img decoding=\"async\" width=\"70\" height=\"70\" src=\"https:\/\/obera.fr\/wp-content\/uploads\/2020\/08\/industrie-fumees.jpg\" alt=\"End&#xFC;stri Duman&#x131;\" class=\"wp-image-722\"\/><figcaption class=\"wp-element-caption\">Dumanlar<\/figcaption><\/figure>\n<\/div>\n<\/div>\n\n\n\n<p><\/p>\n<\/div>\n\n\n\n<div class=\"wp-block-column is-layout-flow wp-block-column-is-layout-flow\">\n<h3 class=\"wp-block-heading has-text-align-center\">End\u00fcstriler<\/h3>\n\n\n\n<hr class=\"wp-block-separator has-css-opacity is-style-wide\"\/>\n\n\n\n<div class=\"wp-block-columns is-layout-flex wp-container-core-columns-is-layout-28f84493 wp-block-columns-is-layout-flex\">\n<div class=\"wp-block-column is-layout-flow wp-block-column-is-layout-flow\">\n<figure class=\"wp-block-image aligncenter size-large\"><img decoding=\"async\" width=\"70\" height=\"70\" src=\"https:\/\/obera.fr\/wp-content\/uploads\/2020\/08\/industrie-metallurgie.jpg\" alt=\"Metalurji end&#xFC;strisi\" class=\"wp-image-673\"\/><figcaption class=\"wp-element-caption\">Metalurji<\/figcaption><\/figure>\n<\/div>\n\n\n\n<div class=\"wp-block-column is-layout-flow wp-block-column-is-layout-flow\">\n<figure class=\"wp-block-image aligncenter size-large\"><img decoding=\"async\" width=\"70\" height=\"70\" src=\"https:\/\/obera.fr\/wp-content\/uploads\/2020\/08\/industrie-plastique.jpg\" alt=\"Plastik end&#xFC;strisi\" class=\"wp-image-669\"\/><figcaption class=\"wp-element-caption\">Plastikler<\/figcaption><\/figure>\n<\/div>\n<\/div>\n<\/div>\n<\/div>\n\n<div class=\"wp-block-buttons is-horizontal is-content-justification-center is-layout-flex wp-container-core-buttons-is-layout-03627597 wp-block-buttons-is-layout-flex\">\n<div class=\"wp-block-button has-custom-width wp-block-button__width-100\"><a class=\"wp-block-button__link wp-element-button\" href=\"https:\/\/obera.fr\/tr\/bize-ulasin\/\">Daha fazla bilgi edin<\/a><\/div>\n<\/div>\n\n<h2 class=\"wp-block-heading\">Teknik \u00f6zellikler<\/h2>\n\n<table id=\"tablepress-154\" class=\"tablepress tablepress-id-154\">\n<thead>\n<tr class=\"row-1\">\n\t<th class=\"column-1\">Appareil<\/th><td class=\"column-2\"><\/td><th class=\"column-3\">4<\/th><th class=\"column-4\">6<\/th>\n<\/tr>\n<\/thead>\n<tbody class=\"row-striping row-hover\">\n<tr class=\"row-2\">\n\t<td class=\"column-1\">D\u00e9bit<\/td><td class=\"column-2\">m3\/h<\/td><td class=\"column-3\">300<\/td><td class=\"column-4\">450<\/td>\n<\/tr>\n<tr class=\"row-3\">\n\t<td class=\"column-1\">Diam\u00e8tre d'entr\u00e9e<\/td><td class=\"column-2\">mm<\/td><td class=\"column-3\">60<\/td><td class=\"column-4\">80<\/td>\n<\/tr>\n<tr class=\"row-4\">\n\t<td class=\"column-1\">pression n\u00e9gative max<\/td><td class=\"column-2\">Pa<\/td><td class=\"column-3\">1400<\/td><td class=\"column-4\">1400<\/td>\n<\/tr>\n<tr class=\"row-5\">\n\t<td class=\"column-1\">Tension d'alimentation<\/td><td class=\"column-2\">V<\/td><td class=\"column-3\">400<\/td><td class=\"column-4\">400<\/td>\n<\/tr>\n<tr class=\"row-6\">\n\t<td class=\"column-1\">Puissance<\/td><td class=\"column-2\">kW<\/td><td class=\"column-3\">0.55<\/td><td class=\"column-4\">0.55<\/td>\n<\/tr>\n<tr class=\"row-7\">\n\t<td class=\"column-1\">Dimensions<\/td><td class=\"column-2\">l\/L\/h (mm)<\/td><td class=\"column-3\">400 x 400 x 590<\/td><td class=\"column-4\">400 x 400 x 590<\/td>\n<\/tr>\n<tr class=\"row-8\">\n\t<td class=\"column-1\">Poids<\/td><td class=\"column-2\">kg<\/td><td class=\"column-3\">40<\/td><td class=\"column-4\">40<\/td>\n<\/tr>\n<tr class=\"row-9\">\n\t<td class=\"column-1\">Niveau de Bruyance<\/td><td class=\"column-2\">dB(A)<\/td><td class=\"column-3\">68<\/td><td class=\"column-4\">68<\/td>\n<\/tr>\n<\/tbody>\n<\/table>\n\n\n<hr class=\"wp-block-separator has-css-opacity is-style-dots\"\/>\n\n<h2 class=\"wp-block-heading\">oberA markal\u0131 di\u011fer k\u00fc\u00e7\u00fck toz bezleri<\/h2>\n\n<div class=\"wp-block-columns is-layout-flex wp-container-core-columns-is-layout-28f84493 wp-block-columns-is-layout-flex\">\n<div class=\"wp-block-column is-layout-flow wp-block-column-is-layout-flow\">\n<figure class=\"wp-block-image aligncenter size-medium\"><a href=\"https:\/\/obera.fr\/produits\/depoussiereurs-industriels\/petits\/jumbo\/\"><img decoding=\"async\" width=\"300\" height=\"300\" src=\"https:\/\/obera.fr\/wp-content\/uploads\/2020\/10\/jumbo-300x300.png\" alt=\"Jumbo\" class=\"wp-image-1171\" srcset=\"https:\/\/obera.fr\/wp-content\/uploads\/2020\/10\/jumbo-300x300.png 300w, https:\/\/obera.fr\/wp-content\/uploads\/2020\/10\/jumbo-150x150.png 150w, https:\/\/obera.fr\/wp-content\/uploads\/2020\/10\/jumbo.png 500w\" sizes=\"(max-width: 300px) 100vw, 300px\" \/><\/a><figcaption class=\"wp-element-caption\">Jumbo<\/figcaption><\/figure>\n<\/div>\n\n\n\n<div class=\"wp-block-column is-layout-flow wp-block-column-is-layout-flow\">\n<figure class=\"wp-block-image aligncenter size-full is-resized\"><a href=\"https:\/\/obera.fr\/produits\/depoussiereurs-industriels\/petits\/srf-t\/\"><img decoding=\"async\" width=\"600\" height=\"600\" src=\"https:\/\/obera.fr\/wp-content\/uploads\/2020\/10\/SRF-T-SF.png\" alt=\"Duman - Toz toplay&#x131;c&#x131;\" class=\"wp-image-1310\" style=\"width:300px;height:300px\" srcset=\"https:\/\/obera.fr\/wp-content\/uploads\/2020\/10\/SRF-T-SF.png 600w, https:\/\/obera.fr\/wp-content\/uploads\/2020\/10\/SRF-T-SF-300x300.png 300w, https:\/\/obera.fr\/wp-content\/uploads\/2020\/10\/SRF-T-SF-150x150.png 150w\" sizes=\"(max-width: 600px) 100vw, 600px\" \/><\/a><figcaption class=\"wp-element-caption\">SRF-T<\/figcaption><\/figure>\n<\/div>\n\n\n\n<div class=\"wp-block-column is-layout-flow wp-block-column-is-layout-flow\">\n<figure class=\"wp-block-image aligncenter size-medium\"><a href=\"https:\/\/obera.fr\/produits\/depoussiereurs-industriels\/petits\/aspiration-fumees-soudage-laser-epur-b-ex\/\"><img decoding=\"async\" width=\"300\" height=\"300\" src=\"https:\/\/obera.fr\/wp-content\/uploads\/2023\/10\/epurb-ex-1000-3000-5000-300x300.png\" alt=\"oberA epur b ex 1000 3000 5000\" class=\"wp-image-25016\" srcset=\"https:\/\/obera.fr\/wp-content\/uploads\/2023\/10\/epurb-ex-1000-3000-5000-300x300.png 300w, https:\/\/obera.fr\/wp-content\/uploads\/2023\/10\/epurb-ex-1000-3000-5000-150x150.png 150w, https:\/\/obera.fr\/wp-content\/uploads\/2023\/10\/epurb-ex-1000-3000-5000.png 600w\" sizes=\"(max-width: 300px) 100vw, 300px\" \/><\/a><figcaption class=\"wp-element-caption\">EPUR B EX 1000<\/figcaption><\/figure>\n<\/div>\n<\/div>\n\n<p><\/p>\n","protected":false},"excerpt":{"rendered":"<p>\u0130\u015fleme merkezlerinde do\u011frudan emi\u015f i\u00e7in k\u00fc\u00e7\u00fck toz toplay\u0131c\u0131lar K\u00fc\u00e7\u00fck TK Serisi toz emiciler, mekanik at\u00f6lyelerde ve metal i\u015fleme \u015firketlerinde tek noktadan emi\u015f i\u00e7in ara s\u0131ra kullan\u0131lmak \u00fczere tasarlanm\u0131\u015ft\u0131r. Tozlu hava, temizlenebilir kuma\u015f filtre taraf\u0131ndan temizlenir ve bu da havan\u0131n \u00e7al\u0131\u015fma alan\u0131na geri g\u00f6nderilmesini sa\u011flar. K\u00fc\u00e7\u00fck boyutlar\u0131 sayesinde toz toplay\u0131c\u0131lar masalar\u0131n alt\u0131na veya raflara h\u0131zl\u0131 ve kolay bir \u015fekilde tak\u0131labilir. Bu kurulumu g\u00fc\u00e7lendirmek i\u00e7in end\u00fcstriyel bir kapa\u011f\u0131n entegrasyonu d\u00fc\u015f\u00fcn\u00fclebilir. End\u00fcstriyel bir uygulama i\u00e7in \u00f6zel olarak tasarlanan bu ba\u015fl\u0131k, emilen hava ak\u0131\u015f\u0131n\u0131 yo\u011funla\u015ft\u0131rarak ve yak\u0131n \u00e7evreyi koruyarak toz toplama verimlili\u011fini art\u0131r\u0131r. Bir toz toplay\u0131c\u0131 se\u00e7mek s\u00f6z konusu oldu\u011funda \u015fu soruyu sormak \u00e7ok &#8230; <\/p>\n<p class=\"read-more-container\"><a title=\"TK-Serie\" class=\"read-more button\" href=\"https:\/\/obera.fr\/tr\/produits\/depoussiereurs-industriels\/petits\/tk-serie\/#more-51535\" aria-label=\"Read more about TK-Serie\">Lire la suite<\/a><\/p>\n","protected":false},"author":4,"featured_media":50566,"parent":52154,"menu_order":0,"comment_status":"closed","ping_status":"closed","template":"","meta":{"_acf_changed":false,"_seopress_robots_primary_cat":"","_seopress_titles_title":"TK-Serisi: Do\u011frudan emi\u015f i\u00e7in k\u00fc\u00e7\u00fck toz toplay\u0131c\u0131lar","_seopress_titles_desc":"K\u00fc\u00e7\u00fck TK Serisi toz emiciler, mekanik at\u00f6lyelerde ve metal i\u015fleme i\u015fletmelerinde tek noktadan emi\u015f i\u00e7in tasarlanm\u0131\u015ft\u0131r.","_seopress_robots_index":"","footnotes":""},"class_list":{"0":"post-51535","1":"page","2":"type-page","3":"status-publish","4":"has-post-thumbnail","6":"no-featured-image-padding","7":"resize-featured-image"},"acf":[],"_links":{"self":[{"href":"https:\/\/obera.fr\/tr\/wp-json\/wp\/v2\/pages\/51535","targetHints":{"allow":["GET"]}}],"collection":[{"href":"https:\/\/obera.fr\/tr\/wp-json\/wp\/v2\/pages"}],"about":[{"href":"https:\/\/obera.fr\/tr\/wp-json\/wp\/v2\/types\/page"}],"author":[{"embeddable":true,"href":"https:\/\/obera.fr\/tr\/wp-json\/wp\/v2\/users\/4"}],"replies":[{"embeddable":true,"href":"https:\/\/obera.fr\/tr\/wp-json\/wp\/v2\/comments?post=51535"}],"version-history":[{"count":11,"href":"https:\/\/obera.fr\/tr\/wp-json\/wp\/v2\/pages\/51535\/revisions"}],"predecessor-version":[{"id":117549,"href":"https:\/\/obera.fr\/tr\/wp-json\/wp\/v2\/pages\/51535\/revisions\/117549"}],"up":[{"embeddable":true,"href":"https:\/\/obera.fr\/tr\/wp-json\/wp\/v2\/pages\/52154"}],"wp:featuredmedia":[{"embeddable":true,"href":"https:\/\/obera.fr\/tr\/wp-json\/wp\/v2\/media\/50566"}],"wp:attachment":[{"href":"https:\/\/obera.fr\/tr\/wp-json\/wp\/v2\/media?parent=51535"}],"curies":[{"name":"wp","href":"https:\/\/api.w.org\/{rel}","templated":true}]}}