{"id":51547,"date":"2020-10-20T00:27:55","date_gmt":"2020-10-19T22:27:55","guid":{"rendered":"https:\/\/obera.fr\/kollar-ve-toplama-cihazlari\/endustriyel-emis-ve-toplama-basligi\/"},"modified":"2025-06-03T09:16:54","modified_gmt":"2025-06-03T07:16:54","slug":"capot-industriel","status":"publish","type":"page","link":"https:\/\/obera.fr\/tr\/produits\/bras-dispositifs-captation\/capot-industriel\/","title":{"rendered":"End\u00fcstriyel emi\u015f ve toplama ba\u015fl\u0131\u011f\u0131"},"content":{"rendered":"\n<h2 class=\"wp-block-heading\">End\u00fcstriyel emi\u015f ve toplama ba\u015fl\u0131klar\u0131 serimiz<\/h2>\n\n\n\n<div class=\"wp-block-columns are-vertically-aligned-top is-layout-flex wp-container-core-columns-is-layout-28f84493 wp-block-columns-is-layout-flex\">\n<div class=\"wp-block-column is-vertically-aligned-top is-layout-flow wp-block-column-is-layout-flow\" style=\"flex-basis:33.33%\">\n<figure class=\"wp-block-image aligncenter size-full\"><img decoding=\"async\" width=\"150\" height=\"150\" src=\"https:\/\/obera.fr\/wp-content\/uploads\/2020\/10\/capots.png\" alt=\"Boneler\" class=\"wp-image-1173\"\/><figcaption class=\"wp-element-caption\">Emme ve toplama ba\u015fl\u0131\u011f\u0131<\/figcaption><\/figure>\n<\/div>\n\n\n\n<div class=\"wp-block-column is-vertically-aligned-top is-layout-flow wp-block-column-is-layout-flow\" style=\"flex-basis:66.66%\">\n<p><br><strong>OBERA emi\u015f ba\u015fl\u0131klar\u0131<\/strong> toz, duman ve gaz halindeki kirleticileri kayna\u011f\u0131nda yakalamak i\u00e7in idealdir.  <\/p>\n\n\n\n<p>OBERA end\u00fcstriyel egzoz ba\u015fl\u0131klar\u0131 bir <a href=\"https:\/\/obera.fr\/tr\/produits\/bras-dispositifs-captation\/\" data-type=\"page\" data-id=\"364\">toplama a\u011f\u0131na<\/a> veya bir toz toplay\u0131c\u0131ya ba\u011flan\u0131r.<\/p>\n\n\n\n<p>Farkl\u0131 ihtiya\u00e7lara ve kirleticilere uygun \u00e7e\u015fitli formlarda mevcuttur.<\/p>\n\n\n\n<div class=\"wp-block-columns is-layout-flex wp-container-core-columns-is-layout-28f84493 wp-block-columns-is-layout-flex\">\n<div class=\"wp-block-column is-layout-flow wp-block-column-is-layout-flow\" style=\"flex-basis:33.34%\">\n<div class=\"wp-block-buttons is-content-justification-center is-layout-flex wp-container-core-buttons-is-layout-a89b3969 wp-block-buttons-is-layout-flex\">\n<div class=\"wp-block-button\"><a class=\"wp-block-button__link wp-element-button\" href=\"https:\/\/obera.fr\/wp-content\/uploads\/2025\/06\/en-capots-daspiration.pdf\">Bro\u015f\u00fcr\u00fc indirin<\/a><\/div>\n<\/div>\n<\/div>\n\n\n\n<div class=\"wp-block-column is-layout-flow wp-block-column-is-layout-flow\" style=\"flex-basis:33.34%\">\n<div class=\"wp-block-buttons is-horizontal is-content-justification-center is-layout-flex wp-container-core-buttons-is-layout-03627597 wp-block-buttons-is-layout-flex\">\n<div class=\"wp-block-button has-custom-width wp-block-button__width-100\"><a class=\"wp-block-button__link wp-element-button\" href=\"https:\/\/obera.fr\/tr\/bize-ulasin\/\">Daha fazla bilgi edin<\/a><\/div>\n<\/div>\n<\/div>\n\n\n\n<div class=\"wp-block-column is-layout-flow wp-block-column-is-layout-flow\" style=\"flex-basis:33.33%\">\n<div class=\"wp-block-buttons is-content-justification-center is-layout-flex wp-container-core-buttons-is-layout-a89b3969 wp-block-buttons-is-layout-flex\">\n<div class=\"wp-block-button btn-devis-source\"><a class=\"wp-block-button__link wp-element-button\" href=\"https:\/\/obera.fr\/tr\/devis\/\">Fiyat teklifi isteyin<\/a><\/div>\n<\/div>\n\n\n<script>\r\ndocument.addEventListener('DOMContentLoaded', function() {\r\n    \/\/ 1. On cherche le titre H1 de la page\r\n    var h1 = document.querySelector('h1');\r\n    var productTitle = h1 ? h1.innerText.trim() : \"\";\r\n\r\n    \/\/ 2. On cherche les boutons via la classe CSS .btn-devis-source\r\n    var buttons = document.querySelectorAll('.btn-devis-source a');\r\n\r\n    \/\/ 3. Si on a le titre et les boutons, on ajoute le param\u00e8tre\r\n    if (buttons.length > 0 && productTitle !== \"\") {\r\n        var encodedTitle = encodeURIComponent(productTitle);\r\n\r\n        buttons.forEach(function(btn) {\r\n            var currentHref = btn.getAttribute('href');\r\n            \r\n            \/\/ S\u00e9curit\u00e9 pour ne pas ajouter le param\u00e8tre 2 fois\r\n            if (currentHref.indexOf('sujet=') === -1) {\r\n                var separator = currentHref.indexOf('?') !== -1 ? '&' : '?';\r\n                var newLink = currentHref + separator + 'sujet=' + encodedTitle;\r\n                \r\n                btn.setAttribute('href', newLink);\r\n            }\r\n        });\r\n    }\r\n});\r\n<\/script><\/div>\n<\/div>\n<\/div>\n<\/div>\n\n\n\n<h2 class=\"wp-block-heading\">Faydalar\u0131<\/h2>\n\n\n\n<div class=\"wp-block-columns is-layout-flex wp-container-core-columns-is-layout-28f84493 wp-block-columns-is-layout-flex\">\n<div class=\"wp-block-column is-layout-flow wp-block-column-is-layout-flow\">\n<h3 class=\"wp-block-heading has-text-align-center\"><strong>Avantajlar<\/strong><\/h3>\n\n\n\n<ul class=\"wp-block-list\">\n<li>Duman, solvent ve tozun kayna\u011f\u0131nda m\u00fckemmel \u015fekilde yakalanmas\u0131 i\u00e7in<\/li>\n\n\n\n<li>Bir veya daha fazla i\u015f istasyonunun vakumlanmas\u0131<\/li>\n\n\n\n<li>Bir toplama a\u011f\u0131na veya bir toz toplay\u0131c\u0131ya ba\u011flanmak i\u00e7in<\/li>\n<\/ul>\n<\/div>\n\n\n\n<div class=\"wp-block-column is-layout-flow wp-block-column-is-layout-flow\">\n<h3 class=\"wp-block-heading has-text-align-center\"><strong>\u00d6zel \u00f6zellikler<\/strong><\/h3>\n\n\n\n<ul class=\"wp-block-list\">\n<li>Kolay tasar\u0131m<\/li>\n\n\n\n<li>Kurulumu kolay<\/li>\n<\/ul>\n<\/div>\n\n\n\n<div class=\"wp-block-column is-layout-flow wp-block-column-is-layout-flow\">\n<h3 class=\"wp-block-heading has-text-align-center\"><strong>\u00d6zellikler<\/strong><\/h3>\n\n\n\n<ul class=\"wp-block-list\">\n<li>\u00c7e\u015fitli se\u00e7enekler mevcuttur<\/li>\n\n\n\n<li>Kayna\u011fa m\u00fcmk\u00fcn oldu\u011funca yak\u0131n emme<\/li>\n<\/ul>\n<\/div>\n<\/div>\n\n\n\n<h2 class=\"wp-block-heading\">Uygulamalar<\/h2>\n\n\n\n<div class=\"wp-block-columns is-layout-flex wp-container-core-columns-is-layout-28f84493 wp-block-columns-is-layout-flex\">\n<div class=\"wp-block-column is-layout-flow wp-block-column-is-layout-flow\">\n<h3 class=\"wp-block-heading has-text-align-center\">Kirleticiler<\/h3>\n\n\n\n<hr class=\"wp-block-separator has-css-opacity is-style-wide\"\/>\n\n\n\n<div class=\"wp-block-columns is-layout-flex wp-container-core-columns-is-layout-28f84493 wp-block-columns-is-layout-flex\">\n<div class=\"wp-block-column is-layout-flow wp-block-column-is-layout-flow\">\n<figure class=\"wp-block-image aligncenter size-large\"><img decoding=\"async\" width=\"70\" height=\"70\" src=\"https:\/\/obera.fr\/wp-content\/uploads\/2020\/08\/polluants-poussieres.jpg\" alt=\"Kirleticiler Toz\" class=\"wp-image-675\"\/><figcaption class=\"wp-element-caption\">Dumanlar<\/figcaption><\/figure>\n\n\n\n<figure class=\"wp-block-image aligncenter size-large\"><img decoding=\"async\" width=\"70\" height=\"70\" src=\"https:\/\/obera.fr\/wp-content\/uploads\/2020\/08\/industrie-odeur.jpg\" alt=\"End\u00fcstri Kokusu\" class=\"wp-image-723\"\/><figcaption class=\"wp-element-caption\">Kokular<\/figcaption><\/figure>\n\n\n\n<figure class=\"wp-block-image aligncenter size-large\"><img decoding=\"async\" width=\"70\" height=\"70\" src=\"https:\/\/obera.fr\/wp-content\/uploads\/2020\/08\/industrie-brouillard-huile.jpg\" alt=\"End\u00fcstri Sis Ya\u011f\u0131\" class=\"wp-image-721\"\/><figcaption class=\"wp-element-caption\">Ya\u011f buhar\u0131<\/figcaption><\/figure>\n<\/div>\n\n\n\n<div class=\"wp-block-column is-layout-flow wp-block-column-is-layout-flow\">\n<figure class=\"wp-block-image aligncenter size-large\"><img decoding=\"async\" width=\"70\" height=\"70\" src=\"https:\/\/obera.fr\/wp-content\/uploads\/2020\/08\/industrie-fumees.jpg\" alt=\"End\u00fcstri Duman\u0131\" class=\"wp-image-722\"\/><figcaption class=\"wp-element-caption\">Dumanlar<\/figcaption><\/figure>\n\n\n\n<figure class=\"wp-block-image aligncenter size-large\"><img decoding=\"async\" width=\"70\" height=\"70\" src=\"https:\/\/obera.fr\/wp-content\/uploads\/2020\/09\/cov.png\" alt=\"Cov\" class=\"wp-image-959\"\/><figcaption class=\"wp-element-caption\">VOCS<\/figcaption><\/figure>\n<\/div>\n<\/div>\n\n\n\n<p><\/p>\n<\/div>\n\n\n\n<div class=\"wp-block-column is-layout-flow wp-block-column-is-layout-flow\">\n<h3 class=\"wp-block-heading has-text-align-center\">End\u00fcstriler<\/h3>\n\n\n\n<hr class=\"wp-block-separator has-css-opacity is-style-wide\"\/>\n\n\n\n<div class=\"wp-block-columns is-layout-flex wp-container-core-columns-is-layout-28f84493 wp-block-columns-is-layout-flex\">\n<div class=\"wp-block-column is-layout-flow wp-block-column-is-layout-flow\">\n<figure class=\"wp-block-image aligncenter size-large\"><img decoding=\"async\" width=\"70\" height=\"70\" src=\"https:\/\/obera.fr\/wp-content\/uploads\/2020\/08\/industrie-metallurgie.jpg\" alt=\"Metalurji end\u00fcstrisi\" class=\"wp-image-673\"\/><figcaption class=\"wp-element-caption\">Metalurji<\/figcaption><\/figure>\n\n\n\n<figure class=\"wp-block-image aligncenter size-large\"><img decoding=\"async\" width=\"70\" height=\"70\" src=\"https:\/\/obera.fr\/wp-content\/uploads\/2020\/08\/industrie-chimie.jpg\" alt=\"Kimya end\u00fcstrisi\" class=\"wp-image-725\"\/><figcaption class=\"wp-element-caption\">Kimyasallar\/Petrokimyasallar<\/figcaption><\/figure>\n\n\n\n<figure class=\"wp-block-image aligncenter size-large\"><img decoding=\"async\" width=\"70\" height=\"70\" src=\"https:\/\/obera.fr\/wp-content\/uploads\/2020\/08\/industrie-textile.jpg\" alt=\"Tekstil end\u00fcstrisi\" class=\"wp-image-671\"\/><figcaption class=\"wp-element-caption\">Tekstil<\/figcaption><\/figure>\n\n\n\n<figure class=\"wp-block-image aligncenter size-large\"><img decoding=\"async\" width=\"70\" height=\"70\" src=\"https:\/\/obera.fr\/wp-content\/uploads\/2020\/08\/industrie-minerai.jpg\" alt=\"Cevher end\u00fcstrisi\" class=\"wp-image-724\"\/><figcaption class=\"wp-element-caption\">Mineraller<\/figcaption><\/figure>\n<\/div>\n\n\n\n<div class=\"wp-block-column is-layout-flow wp-block-column-is-layout-flow\">\n<figure class=\"wp-block-image aligncenter size-large\"><img decoding=\"async\" width=\"70\" height=\"70\" src=\"https:\/\/obera.fr\/wp-content\/uploads\/2020\/08\/industrie-plastique.jpg\" alt=\"Plastik end\u00fcstrisi\" class=\"wp-image-669\"\/><figcaption class=\"wp-element-caption\">Plastikler<\/figcaption><\/figure>\n\n\n\n<figure class=\"wp-block-image aligncenter size-large\"><img decoding=\"async\" width=\"70\" height=\"70\" src=\"https:\/\/obera.fr\/wp-content\/uploads\/2020\/08\/industrie-bois.jpg\" alt=\"Ah\u015fap end\u00fcstrisi\" class=\"wp-image-672\"\/><figcaption class=\"wp-element-caption\">A\u011fa\u00e7 \u0130\u015fleri<\/figcaption><\/figure>\n\n\n\n<figure class=\"wp-block-image aligncenter size-large\"><img decoding=\"async\" width=\"70\" height=\"70\" src=\"https:\/\/obera.fr\/wp-content\/uploads\/2020\/08\/industrie-papier-carton.jpg\" alt=\"Ka\u011f\u0131t ve karton end\u00fcstrisi\" class=\"wp-image-670\"\/><figcaption class=\"wp-element-caption\">Ka\u011f\u0131t\/karton<\/figcaption><\/figure>\n\n\n\n<figure class=\"wp-block-image aligncenter size-large\"><img decoding=\"async\" width=\"70\" height=\"70\" src=\"https:\/\/obera.fr\/wp-content\/uploads\/2020\/08\/industrie-dechets.jpg\" alt=\"End\u00fcstri At\u0131klar\u0131\" class=\"wp-image-726\"\/><figcaption class=\"wp-element-caption\">At\u0131k toplama ve ayr\u0131\u015ft\u0131rma<\/figcaption><\/figure>\n<\/div>\n<\/div>\n<\/div>\n<\/div>\n\n\n\n<h2 class=\"wp-block-heading\">Teknik \u00f6zellikler<\/h2>\n\n\n\n<figure class=\"wp-block-table\"><table class=\"has-fixed-layout\"><thead><tr><th>Boneler<\/th><th><\/th><th>\u0130nce yuva<\/th><th>Oval<\/th><th>Geni\u015f yuva<\/th><\/tr><\/thead><tbody><tr><td>Ba\u011flant\u0131 \u00e7ap\u0131<\/td><td>mm<\/td><td>\u00d8 50-180<\/td><td>\u00d8 50-180<\/td><td>\u00d8 50-180<\/td><\/tr><tr><td>Boyutlar (L x h)<\/td><td>mm<\/td><td>&#8211; \u00d8 50 (210 x 12)<br>&#8211; \u00d8 70 (300 x 30)<br>&#8211; \u00d8 80 (300 x 35)<br>&#8211; \u00d8 100 (400 x 35)<br>veya (600 x 80)<br>&#8211; \u00d8 125 (500 x 40)<br>veya (800 x 40)<br>&#8211; \u00d8 150 (500 x 65)<br>&#8211; \u00d8 160 (600 x 100)<br>&#8211; \u00d8 180 (500 x 60)<\/td><td>&#8211; \u00d8 50 (116 x 101)<br>&#8211; \u00d8 70 (147 x 126)<br>&#8211; \u00d8 80 (168 x 142)<br>&#8211; \u00d8 100 (215x 183)<br>&#8211; \u00d8 125 (268 x 228)<br>&#8211; \u00d8 140 (297 x 252)<br>&#8211; \u00d8 150 (312 x 264)<br>&#8211; \u00d8 160 (323 x 269)<br>&#8211; \u00d8 180 (374 x 321)<\/td><td>&#8211; \u00d8 50 (90 x 30)<br>&#8211; \u00d8 70 (200 x 60)<br>&#8211; \u00d8 80 (200 x 60)<br>&#8211; \u00d8 100 (200 x 80)<br>&#8211; \u00d8 125 (250 x 80)<br>&#8211; \u00d8 150 (300 x 80)<br>&#8211; \u00d8 180 (400 x 80)<\/td><\/tr><tr><td>Malzeme<\/td><td><\/td><td>\u00c7elik<\/td><td>Paslanmaz \u00e7elik<\/td><td>\u00c7elik<\/td><\/tr><\/tbody><\/table><\/figure>\n\n\n\n<div class=\"wp-block-buttons is-horizontal is-content-justification-center is-layout-flex wp-container-core-buttons-is-layout-03627597 wp-block-buttons-is-layout-flex\">\n<div class=\"wp-block-button has-custom-width wp-block-button__width-100\"><a class=\"wp-block-button__link wp-element-button\" href=\"https:\/\/obera.fr\/tr\/bize-ulasin\/\">Daha fazla bilgi edin<\/a><\/div>\n<\/div>\n\n\n\n<hr class=\"wp-block-separator has-css-opacity is-style-dots\"\/>\n\n\n\n<h2 class=\"wp-block-heading\">Di\u011fer OberA silahlar\u0131 ve yakalama cihazlar\u0131<\/h2>\n\n\n\n<div class=\"wp-block-columns is-layout-flex wp-container-core-columns-is-layout-28f84493 wp-block-columns-is-layout-flex\">\n<div class=\"wp-block-column is-layout-flow wp-block-column-is-layout-flow\">\n<figure class=\"wp-block-image aligncenter size-thumbnail\"><a href=\"https:\/\/obera.fr\/produits\/bras-dispositifs-captation\/bras-hotte-ovale-rectangulaire\/\"><img decoding=\"async\" width=\"150\" height=\"150\" src=\"https:\/\/obera.fr\/wp-content\/uploads\/2020\/09\/Bras-SF-150x150.jpg\" alt=\"Emme kolu\" class=\"wp-image-969\" srcset=\"https:\/\/obera.fr\/wp-content\/uploads\/2020\/09\/Bras-SF-150x150.jpg 150w, https:\/\/obera.fr\/wp-content\/uploads\/2020\/09\/Bras-SF-300x300.jpg 300w, https:\/\/obera.fr\/wp-content\/uploads\/2020\/09\/Bras-SF.jpg 433w\" sizes=\"(max-width: 150px) 100vw, 150px\" \/><\/a><figcaption class=\"wp-element-caption\">Emme kolu<\/figcaption><\/figure>\n<\/div>\n\n\n\n<div class=\"wp-block-column is-layout-flow wp-block-column-is-layout-flow\">\n<figure class=\"wp-block-image aligncenter size-thumbnail\"><a href=\"https:\/\/obera.fr\/produits\/bras-dispositifs-captation\/bras-de-laboratoire\/\"><img decoding=\"async\" width=\"150\" height=\"150\" src=\"https:\/\/obera.fr\/wp-content\/uploads\/2020\/11\/22-bras-de-labo-150x150.jpg\" alt=\"Laboratuvar kollar\u0131\" class=\"wp-image-1662\" srcset=\"https:\/\/obera.fr\/wp-content\/uploads\/2020\/11\/22-bras-de-labo-150x150.jpg 150w, https:\/\/obera.fr\/wp-content\/uploads\/2020\/11\/22-bras-de-labo-300x300.jpg 300w, https:\/\/obera.fr\/wp-content\/uploads\/2020\/11\/22-bras-de-labo-1024x1024.jpg 1024w, https:\/\/obera.fr\/wp-content\/uploads\/2020\/11\/22-bras-de-labo-768x768.jpg 768w, https:\/\/obera.fr\/wp-content\/uploads\/2020\/11\/22-bras-de-labo.jpg 1500w\" sizes=\"(max-width: 150px) 100vw, 150px\" \/><\/a><figcaption class=\"wp-element-caption\">Laboratuvar kollar\u0131<\/figcaption><\/figure>\n<\/div>\n\n\n\n<div class=\"wp-block-column is-layout-flow wp-block-column-is-layout-flow\">\n<figure class=\"wp-block-image aligncenter size-thumbnail\"><a href=\"https:\/\/obera.fr\/produits\/bras-dispositifs-captation\/dosserets-aspirants\/\"><img decoding=\"async\" width=\"150\" height=\"150\" src=\"https:\/\/obera.fr\/wp-content\/uploads\/2020\/10\/Dosserets-oberA-150x150.png\" alt=\"Obera su s\u0131\u00e7ratma raflar\u0131\" class=\"wp-image-1174\"\/><\/a><figcaption class=\"wp-element-caption\">Emme backsplashler<\/figcaption><\/figure>\n<\/div>\n\n\n\n<div class=\"wp-block-column is-layout-flow wp-block-column-is-layout-flow\">\n<figure class=\"wp-block-image aligncenter size-thumbnail\"><a href=\"https:\/\/obera.fr\/produits\/bras-dispositifs-captation\/anneaux-de-pouyes\/\"><img decoding=\"async\" width=\"150\" height=\"150\" src=\"https:\/\/obera.fr\/wp-content\/uploads\/2022\/09\/Anneau-de-pouyes-2-150x150.jpg\" alt=\"Tavuk halkalar\u0131\" class=\"wp-image-14482\" srcset=\"https:\/\/obera.fr\/wp-content\/uploads\/2022\/09\/Anneau-de-pouyes-2-150x150.jpg 150w, https:\/\/obera.fr\/wp-content\/uploads\/2022\/09\/Anneau-de-pouyes-2-300x300.jpg 300w, https:\/\/obera.fr\/wp-content\/uploads\/2022\/09\/Anneau-de-pouyes-2.jpg 500w\" sizes=\"(max-width: 150px) 100vw, 150px\" \/><\/a><figcaption class=\"wp-element-caption\">Tavuk halkalar\u0131<\/figcaption><\/figure>\n<\/div>\n<\/div>\n\n\n\n<div class=\"wp-block-columns is-layout-flex wp-container-core-columns-is-layout-28f84493 wp-block-columns-is-layout-flex\">\n<div class=\"wp-block-column is-layout-flow wp-block-column-is-layout-flow\">\n<figure class=\"wp-block-image aligncenter size-thumbnail\"><a href=\"https:\/\/obera.fr\/produits\/bras-dispositifs-captation\/hotte-rectangulaire\/\"><img decoding=\"async\" width=\"150\" height=\"150\" src=\"https:\/\/obera.fr\/wp-content\/uploads\/2020\/10\/hotte-rectangulaire-150x150.png\" alt=\"Dikd\u00f6rtgen ba\u015fl\u0131k\" class=\"wp-image-1178\" srcset=\"https:\/\/obera.fr\/wp-content\/uploads\/2020\/10\/hotte-rectangulaire-150x150.png 150w, https:\/\/obera.fr\/wp-content\/uploads\/2020\/10\/hotte-rectangulaire.png 158w\" sizes=\"(max-width: 150px) 100vw, 150px\" \/><\/a><figcaption class=\"wp-element-caption\">End\u00fcstriyel dikd\u00f6rtgen \u00e7eker ocaklar<\/figcaption><\/figure>\n<\/div>\n\n\n\n<div class=\"wp-block-column is-layout-flow wp-block-column-is-layout-flow\">\n<figure class=\"wp-block-image aligncenter size-thumbnail\"><a href=\"https:\/\/obera.fr\/produits\/bras-dispositifs-captation\/hotte-modulaire\/\"><img decoding=\"async\" width=\"150\" height=\"150\" src=\"https:\/\/obera.fr\/wp-content\/uploads\/2020\/10\/hotte-modulaire-A-logo-SF-150x150.png\" alt=\"Mod\u00fcler ba\u015fl\u0131k\" class=\"wp-image-1177\"\/><\/a><figcaption class=\"wp-element-caption\">Mod\u00fcler davlumbazlar<\/figcaption><\/figure>\n<\/div>\n\n\n\n<div class=\"wp-block-column is-layout-flow wp-block-column-is-layout-flow\">\n<figure class=\"wp-block-image aligncenter size-thumbnail\"><a href=\"https:\/\/obera.fr\/?page_id=489\"><img decoding=\"async\" width=\"150\" height=\"150\" src=\"https:\/\/obera.fr\/wp-content\/uploads\/2020\/10\/table-SF-150x150.png\" alt=\"Emme masalar\u0131\" class=\"wp-image-1179\" srcset=\"https:\/\/obera.fr\/wp-content\/uploads\/2020\/10\/table-SF-150x150.png 150w, https:\/\/obera.fr\/wp-content\/uploads\/2020\/10\/table-SF-300x300.png 300w, https:\/\/obera.fr\/wp-content\/uploads\/2020\/10\/table-SF.png 433w\" sizes=\"(max-width: 150px) 100vw, 150px\" \/><\/a><figcaption class=\"wp-element-caption\">Emme masalar\u0131<\/figcaption><\/figure>\n<\/div>\n\n\n\n<div class=\"wp-block-column is-layout-flow wp-block-column-is-layout-flow\"><\/div>\n<\/div>\n","protected":false},"excerpt":{"rendered":"<p>End\u00fcstriyel emi\u015f ve toplama ba\u015fl\u0131klar\u0131 serimiz OBERA emi\u015f ba\u015fl\u0131klar\u0131 toz, duman ve gaz halindeki kirleticileri kayna\u011f\u0131nda yakalamak i\u00e7in idealdir. OBERA end\u00fcstriyel egzoz ba\u015fl\u0131klar\u0131 bir toplama a\u011f\u0131na veya bir toz toplay\u0131c\u0131ya ba\u011flan\u0131r. Farkl\u0131 ihtiya\u00e7lara ve kirleticilere uygun \u00e7e\u015fitli formlarda mevcuttur. Faydalar\u0131 Avantajlar \u00d6zel \u00f6zellikler \u00d6zellikler Uygulamalar Kirleticiler End\u00fcstriler Teknik \u00f6zellikler Boneler \u0130nce yuva Oval Geni\u015f yuva Ba\u011flant\u0131 \u00e7ap\u0131 mm \u00d8 50-180 \u00d8 50-180 \u00d8 50-180 Boyutlar (L x h) mm &#8211; \u00d8 50 (210 x 12)&#8211; \u00d8 70 (300 x 30)&#8211; \u00d8 80 (300 x 35)&#8211; \u00d8 100 (400 x 35)veya (600 x 80)&#8211; \u00d8 125 (500 x 40)veya (800 x &#8230; <\/p>\n<p class=\"read-more-container\"><a title=\"End\u00fcstriyel emi\u015f ve toplama ba\u015fl\u0131\u011f\u0131\" class=\"read-more button\" href=\"https:\/\/obera.fr\/tr\/produits\/bras-dispositifs-captation\/capot-industriel\/#more-51547\" aria-label=\"Read more about End\u00fcstriyel emi\u015f ve toplama ba\u015fl\u0131\u011f\u0131\">Lire la suite<\/a><\/p>\n","protected":false},"author":4,"featured_media":83752,"parent":51010,"menu_order":0,"comment_status":"closed","ping_status":"closed","template":"","meta":{"_acf_changed":false,"_seopress_robots_primary_cat":"","_seopress_titles_title":"oberA end\u00fcstriyel emme ve toplama ba\u015fl\u0131\u011f\u0131","_seopress_titles_desc":"OBERA emi\u015f ba\u015fl\u0131klar\u0131 toz, duman ve gaz halindeki kirleticileri kayna\u011f\u0131nda yakalamak i\u00e7in idealdir. Bir toplama a\u011f\u0131na veya bir toz toplay\u0131c\u0131ya ba\u011flan\u0131rlar.","_seopress_robots_index":"","footnotes":""},"class_list":{"0":"post-51547","1":"page","2":"type-page","3":"status-publish","4":"has-post-thumbnail","6":"no-featured-image-padding","7":"resize-featured-image"},"acf":[],"_links":{"self":[{"href":"https:\/\/obera.fr\/tr\/wp-json\/wp\/v2\/pages\/51547","targetHints":{"allow":["GET"]}}],"collection":[{"href":"https:\/\/obera.fr\/tr\/wp-json\/wp\/v2\/pages"}],"about":[{"href":"https:\/\/obera.fr\/tr\/wp-json\/wp\/v2\/types\/page"}],"author":[{"embeddable":true,"href":"https:\/\/obera.fr\/tr\/wp-json\/wp\/v2\/users\/4"}],"replies":[{"embeddable":true,"href":"https:\/\/obera.fr\/tr\/wp-json\/wp\/v2\/comments?post=51547"}],"version-history":[{"count":4,"href":"https:\/\/obera.fr\/tr\/wp-json\/wp\/v2\/pages\/51547\/revisions"}],"predecessor-version":[{"id":106932,"href":"https:\/\/obera.fr\/tr\/wp-json\/wp\/v2\/pages\/51547\/revisions\/106932"}],"up":[{"embeddable":true,"href":"https:\/\/obera.fr\/tr\/wp-json\/wp\/v2\/pages\/51010"}],"wp:featuredmedia":[{"embeddable":true,"href":"https:\/\/obera.fr\/tr\/wp-json\/wp\/v2\/media\/83752"}],"wp:attachment":[{"href":"https:\/\/obera.fr\/tr\/wp-json\/wp\/v2\/media?parent=51547"}],"curies":[{"name":"wp","href":"https:\/\/api.w.org\/{rel}","templated":true}]}}