{"id":51630,"date":"2020-08-26T13:07:03","date_gmt":"2020-08-26T11:07:03","guid":{"rendered":"https:\/\/obera.fr\/spiral-kiliflar\/"},"modified":"2025-06-03T14:03:54","modified_gmt":"2025-06-03T12:03:54","slug":"gaines-spiralees","status":"publish","type":"page","link":"https:\/\/obera.fr\/tr\/produits\/tuyauteries-industrielles\/gaines-spiralees\/","title":{"rendered":"Spiral k\u0131l\u0131flar"},"content":{"rendered":"\n<div class=\"wp-block-columns is-layout-flex wp-container-core-columns-is-layout-28f84493 wp-block-columns-is-layout-flex\">\n<div class=\"wp-block-column is-layout-flow wp-block-column-is-layout-flow\" style=\"flex-basis:33.33%\">\n<figure class=\"wp-block-image aligncenter size-large\"><a href=\"https:\/\/obera.fr\/wp-content\/uploads\/2024\/02\/sr.webp\"><img decoding=\"async\" src=\"https:\/\/obera.fr\/wp-content\/uploads\/2024\/02\/sr.webp\" alt=\"Spiral k\u0131l\u0131flar\"\/><\/a><figcaption class=\"wp-element-caption\">Spiral kanallar<\/figcaption><\/figure>\n<\/div>\n\n\n\n<div class=\"wp-block-column is-layout-flow wp-block-column-is-layout-flow\" style=\"flex-basis:66.66%\">\n<p><a href=\"https:\/\/obera.fr\/tr\/produits\/tuyauteries-industrielles\/\" data-type=\"page\" data-id=\"380\">Borulama<\/a> sistemleri toz ve duman emisyonlar\u0131n\u0131 kayna\u011f\u0131nda yakalar ve bunlar\u0131 aeruli\u011fin temel ilkelerine uygun olarak tozsuzla\u015ft\u0131rma ve filtreleme sistemlerine iletir.<\/p>\n\n\n\n<p>OberA, \u00f6zel emi\u015f gereksinimlerinize hassas ve esnek bir \u015fekilde uyum sa\u011flamak i\u00e7in \u00e7ok \u00e7e\u015fitli sa\u011flam, y\u00fcksek kaliteli <strong>spiral kanallara<\/strong> sahiptir.<\/p>\n\n\n\n<p>Maksimum emi\u015f g\u00fcc\u00fc elde etmek ve enerji maliyetlerini optimize etmek i\u00e7in boru a\u011f\u0131n\u0131n hassas bir \u015fekilde boyutland\u0131r\u0131lmas\u0131 hayati \u00f6nem ta\u015f\u0131maktad\u0131r.<\/p>\n\n\n\n<div style=\"height:30px\" aria-hidden=\"true\" class=\"wp-block-spacer\"><\/div>\n\n\n\n<div class=\"wp-block-columns is-layout-flex wp-container-core-columns-is-layout-28f84493 wp-block-columns-is-layout-flex\">\n<div class=\"wp-block-column is-layout-flow wp-block-column-is-layout-flow\" style=\"flex-basis:33.34%\">\n<div class=\"wp-block-buttons is-horizontal is-content-justification-right is-layout-flex wp-container-core-buttons-is-layout-30af2ff6 wp-block-buttons-is-layout-flex\">\n<div class=\"wp-block-button\"><a class=\"wp-block-button__link wp-element-button\" href=\"https:\/\/obera.fr\/wp-content\/uploads\/2025\/06\/brochure-gaine-spiralee-en.pdf\">\u00fcr\u00fcn veri\u0307 sayfasini i\u0307ndi\u0307ri\u0307n<\/a><\/div>\n<\/div>\n<\/div>\n\n\n\n<div class=\"wp-block-column is-layout-flow wp-block-column-is-layout-flow\" style=\"flex-basis:33.34%\">\n<div class=\"wp-block-buttons is-horizontal is-content-justification-center is-layout-flex wp-container-core-buttons-is-layout-03627597 wp-block-buttons-is-layout-flex\">\n<div class=\"wp-block-button has-custom-width wp-block-button__width-100\"><a class=\"wp-block-button__link wp-element-button\" href=\"https:\/\/obera.fr\/tr\/bize-ulasin\/\">Daha fazla bilgi edin<\/a><\/div>\n<\/div>\n<\/div>\n\n\n\n<div class=\"wp-block-column is-layout-flow wp-block-column-is-layout-flow\" style=\"flex-basis:33.33%\">\n<div class=\"wp-block-buttons is-content-justification-center is-layout-flex wp-container-core-buttons-is-layout-a89b3969 wp-block-buttons-is-layout-flex\">\n<div class=\"wp-block-button btn-devis-source\"><a class=\"wp-block-button__link wp-element-button\" href=\"https:\/\/obera.fr\/tr\/devis\/\">Fiyat teklifi isteyin<\/a><\/div>\n<\/div>\n\n\n<script>\r\ndocument.addEventListener('DOMContentLoaded', function() {\r\n    \/\/ 1. On cherche le titre H1 de la page\r\n    var h1 = document.querySelector('h1');\r\n    var productTitle = h1 ? h1.innerText.trim() : \"\";\r\n\r\n    \/\/ 2. On cherche les boutons via la classe CSS .btn-devis-source\r\n    var buttons = document.querySelectorAll('.btn-devis-source a');\r\n\r\n    \/\/ 3. Si on a le titre et les boutons, on ajoute le param\u00e8tre\r\n    if (buttons.length > 0 && productTitle !== \"\") {\r\n        var encodedTitle = encodeURIComponent(productTitle);\r\n\r\n        buttons.forEach(function(btn) {\r\n            var currentHref = btn.getAttribute('href');\r\n            \r\n            \/\/ S\u00e9curit\u00e9 pour ne pas ajouter le param\u00e8tre 2 fois\r\n            if (currentHref.indexOf('sujet=') === -1) {\r\n                var separator = currentHref.indexOf('?') !== -1 ? '&' : '?';\r\n                var newLink = currentHref + separator + 'sujet=' + encodedTitle;\r\n                \r\n                btn.setAttribute('href', newLink);\r\n            }\r\n        });\r\n    }\r\n});\r\n<\/script><\/div>\n<\/div>\n\n\n\n<p><\/p>\n<\/div>\n<\/div>\n\n\n\n<h2 class=\"wp-block-heading\">Spiral k\u0131l\u0131f\u0131n avantajlar\u0131<\/h2>\n\n\n\n<div class=\"wp-block-columns is-layout-flex wp-container-core-columns-is-layout-28f84493 wp-block-columns-is-layout-flex\">\n<div class=\"wp-block-column is-layout-flow wp-block-column-is-layout-flow\">\n<h3 class=\"wp-block-heading has-text-align-center\"><strong>Avantajlar<\/strong><\/h3>\n\n\n\n<ul class=\"wp-block-list\">\n<li>Geni\u015f bir yelpaze<\/li>\n\n\n\n<li>Optimum ak\u0131\u015f<\/li>\n\n\n\n<li>Sa\u011flam<\/li>\n\n\n\n<li>Montaj\u0131 kolay<\/li>\n<\/ul>\n<\/div>\n\n\n\n<div class=\"wp-block-column is-layout-flow wp-block-column-is-layout-flow\">\n<h3 class=\"wp-block-heading has-text-align-center\"><strong>\u00d6zel \u00f6zellikler<\/strong><\/h3>\n\n\n\n<ul class=\"wp-block-list\">\n<li>EN 12237&#8217;ye g\u00f6re elektrogalvanize \u00e7elik<\/li>\n\n\n\n<li>3,0 m&#8217;ye kadar standart uzunluklar<\/li>\n\n\n\n<li>Stoktan d71 mm&#8217;den d450 mm&#8217;ye kadar<\/li>\n\n\n\n<li>\u00c7apa ba\u011fl\u0131 olarak 4\/10 mm&#8217;den 12\/10 mm&#8217;ye kadar kal\u0131nl\u0131k<\/li>\n<\/ul>\n\n\n\n<div style=\"height:38px\" aria-hidden=\"true\" class=\"wp-block-spacer\"><\/div>\n<\/div>\n\n\n\n<div class=\"wp-block-column is-layout-flow wp-block-column-is-layout-flow\">\n<h3 class=\"wp-block-heading has-text-align-center\"><strong>\u00d6zellikler<\/strong><\/h3>\n\n\n\n<ul class=\"wp-block-list\">\n<li>Orta bas\u0131n\u00e7 aral\u0131\u011f\u0131nda boru sistemi<\/li>\n\n\n\n<li>Bas\u0131n\u00e7 veya vakum<\/li>\n<\/ul>\n<\/div>\n<\/div>\n\n\n\n<div class=\"wp-block-columns is-layout-flex wp-container-core-columns-is-layout-28f84493 wp-block-columns-is-layout-flex\">\n<div class=\"wp-block-column is-layout-flow wp-block-column-is-layout-flow\"><\/div>\n\n\n\n<div class=\"wp-block-column is-layout-flow wp-block-column-is-layout-flow\">\n<div class=\"wp-block-buttons is-content-justification-center is-layout-flex wp-container-core-buttons-is-layout-a89b3969 wp-block-buttons-is-layout-flex\">\n<div class=\"wp-block-button\"><a class=\"wp-block-button__link wp-element-button\" href=\"https:\/\/obera.fr\/contact\/\">FI\u0307YAT LI\u0307STESI\u0307 TALEP EDI\u0307N<\/a><\/div>\n<\/div>\n<\/div>\n\n\n\n<div class=\"wp-block-column is-layout-flow wp-block-column-is-layout-flow\"><\/div>\n<\/div>\n\n\n\n<h2 class=\"wp-block-heading\">Uygulamalar<\/h2>\n\n\n\n<div class=\"wp-block-columns is-layout-flex wp-container-core-columns-is-layout-28f84493 wp-block-columns-is-layout-flex\">\n<div class=\"wp-block-column is-layout-flow wp-block-column-is-layout-flow\">\n<h3 class=\"wp-block-heading has-text-align-center\">Kirleticiler<\/h3>\n\n\n\n<hr class=\"wp-block-separator has-css-opacity is-style-wide\"\/>\n\n\n\n<div class=\"wp-block-columns is-layout-flex wp-container-core-columns-is-layout-28f84493 wp-block-columns-is-layout-flex\">\n<div class=\"wp-block-column is-layout-flow wp-block-column-is-layout-flow\">\n<figure class=\"wp-block-image aligncenter size-large\"><img decoding=\"async\" width=\"70\" height=\"70\" src=\"https:\/\/obera.fr\/wp-content\/uploads\/2020\/08\/polluants-poussieres.jpg\" alt=\"Kirleticiler Toz\" class=\"wp-image-675\"\/><figcaption class=\"wp-element-caption\">Dumanlar<\/figcaption><\/figure>\n\n\n\n<figure class=\"wp-block-image aligncenter size-large\"><img decoding=\"async\" width=\"70\" height=\"70\" src=\"https:\/\/obera.fr\/wp-content\/uploads\/2020\/08\/industrie-odeur.jpg\" alt=\"End\u00fcstri Kokusu\" class=\"wp-image-723\"\/><figcaption class=\"wp-element-caption\">Kokular<\/figcaption><\/figure>\n\n\n\n<figure class=\"wp-block-image aligncenter size-large\"><img decoding=\"async\" width=\"70\" height=\"70\" src=\"https:\/\/obera.fr\/wp-content\/uploads\/2020\/08\/industrie-brouillard-huile.jpg\" alt=\"End\u00fcstri Sis Ya\u011f\u0131\" class=\"wp-image-721\"\/><figcaption class=\"wp-element-caption\">Ya\u011f buhar\u0131<\/figcaption><\/figure>\n<\/div>\n\n\n\n<div class=\"wp-block-column is-layout-flow wp-block-column-is-layout-flow\">\n<figure class=\"wp-block-image aligncenter size-large\"><img decoding=\"async\" width=\"70\" height=\"70\" src=\"https:\/\/obera.fr\/wp-content\/uploads\/2020\/08\/industrie-fumees.jpg\" alt=\"End\u00fcstri Duman\u0131\" class=\"wp-image-722\"\/><figcaption class=\"wp-element-caption\">Dumanlar<\/figcaption><\/figure>\n\n\n\n<figure class=\"wp-block-image aligncenter size-large\"><img decoding=\"async\" width=\"70\" height=\"70\" src=\"https:\/\/obera.fr\/wp-content\/uploads\/2020\/09\/cov.png\" alt=\"Cov\" class=\"wp-image-959\"\/><figcaption class=\"wp-element-caption\">VOCS<\/figcaption><\/figure>\n\n\n\n<figure class=\"wp-block-image aligncenter size-large\"><img decoding=\"async\" width=\"70\" height=\"70\" src=\"https:\/\/obera.fr\/wp-content\/uploads\/2020\/08\/polluants-copeaux-bois.jpg\" alt=\"Kirleticiler Odun yongalar\u0131\" class=\"wp-image-674\"\/><figcaption class=\"wp-element-caption\">Cips<\/figcaption><\/figure>\n<\/div>\n<\/div>\n<\/div>\n\n\n\n<div class=\"wp-block-column is-layout-flow wp-block-column-is-layout-flow\">\n<h3 class=\"wp-block-heading has-text-align-center\">End\u00fcstriler<\/h3>\n\n\n\n<hr class=\"wp-block-separator has-css-opacity is-style-wide\"\/>\n\n\n\n<div class=\"wp-block-columns is-layout-flex wp-container-core-columns-is-layout-28f84493 wp-block-columns-is-layout-flex\">\n<div class=\"wp-block-column is-layout-flow wp-block-column-is-layout-flow\">\n<figure class=\"wp-block-image aligncenter size-large\"><img decoding=\"async\" width=\"70\" height=\"70\" src=\"https:\/\/obera.fr\/wp-content\/uploads\/2020\/08\/industrie-metallurgie.jpg\" alt=\"Metalurji end\u00fcstrisi\" class=\"wp-image-673\"\/><figcaption class=\"wp-element-caption\">Metalurji<\/figcaption><\/figure>\n\n\n\n<figure class=\"wp-block-image aligncenter size-large\"><img decoding=\"async\" width=\"70\" height=\"70\" src=\"https:\/\/obera.fr\/wp-content\/uploads\/2020\/08\/industrie-chimie.jpg\" alt=\"Kimya end\u00fcstrisi\" class=\"wp-image-725\"\/><figcaption class=\"wp-element-caption\">Kimyasallar\/Petrokimyasallar<\/figcaption><\/figure>\n\n\n\n<figure class=\"wp-block-image aligncenter size-large\"><img decoding=\"async\" width=\"70\" height=\"70\" src=\"https:\/\/obera.fr\/wp-content\/uploads\/2020\/08\/industrie-minerai.jpg\" alt=\"Cevher end\u00fcstrisi\" class=\"wp-image-724\"\/><figcaption class=\"wp-element-caption\">Mineraller<\/figcaption><\/figure>\n\n\n\n<figure class=\"wp-block-image aligncenter size-large\"><img decoding=\"async\" width=\"70\" height=\"70\" src=\"https:\/\/obera.fr\/wp-content\/uploads\/2020\/08\/industrie-papier-carton.jpg\" alt=\"Ka\u011f\u0131t ve karton end\u00fcstrisi\" class=\"wp-image-670\"\/><figcaption class=\"wp-element-caption\">Ka\u011f\u0131t\/karton<\/figcaption><\/figure>\n<\/div>\n\n\n\n<div class=\"wp-block-column is-layout-flow wp-block-column-is-layout-flow\">\n<figure class=\"wp-block-image aligncenter size-large\"><img decoding=\"async\" width=\"70\" height=\"70\" src=\"https:\/\/obera.fr\/wp-content\/uploads\/2020\/08\/industrie-plastique.jpg\" alt=\"Plastik end\u00fcstrisi\" class=\"wp-image-669\"\/><figcaption class=\"wp-element-caption\">Plastikler<\/figcaption><\/figure>\n\n\n\n<figure class=\"wp-block-image aligncenter size-large\"><img decoding=\"async\" width=\"70\" height=\"70\" src=\"https:\/\/obera.fr\/wp-content\/uploads\/2020\/08\/industrie-bois.jpg\" alt=\"Ah\u015fap end\u00fcstrisi\" class=\"wp-image-672\"\/><figcaption class=\"wp-element-caption\">A\u011fa\u00e7 \u0130\u015fleri<\/figcaption><\/figure>\n\n\n\n<figure class=\"wp-block-image aligncenter size-large\"><img decoding=\"async\" width=\"70\" height=\"70\" src=\"https:\/\/obera.fr\/wp-content\/uploads\/2020\/08\/industrie-textile.jpg\" alt=\"Tekstil end\u00fcstrisi\" class=\"wp-image-671\"\/><figcaption class=\"wp-element-caption\">Tekstil<\/figcaption><\/figure>\n\n\n\n<figure class=\"wp-block-image aligncenter size-large\"><img decoding=\"async\" width=\"70\" height=\"70\" src=\"https:\/\/obera.fr\/wp-content\/uploads\/2020\/08\/industrie-dechets.jpg\" alt=\"End\u00fcstri At\u0131klar\u0131\" class=\"wp-image-726\"\/><figcaption class=\"wp-element-caption\">At\u0131k toplama ve ayr\u0131\u015ft\u0131rma<\/figcaption><\/figure>\n<\/div>\n<\/div>\n<\/div>\n<\/div>\n\n\n\n<h2 class=\"wp-block-heading\">Opsiyonel<\/h2>\n\n\n\n<div class=\"wp-block-columns is-layout-flex wp-container-core-columns-is-layout-28f84493 wp-block-columns-is-layout-flex\">\n<div class=\"wp-block-column is-layout-flow wp-block-column-is-layout-flow\">\n<figure class=\"wp-block-image aligncenter size-large\"><img decoding=\"async\" width=\"100\" height=\"100\" src=\"https:\/\/obera.fr\/wp-content\/uploads\/2020\/08\/logo-atex.jpg\" alt=\"Atex logosu\" class=\"wp-image-668\"\/><figcaption class=\"wp-element-caption\">ATEX<\/figcaption><\/figure>\n<\/div>\n\n\n\n<div class=\"wp-block-column is-layout-flow wp-block-column-is-layout-flow\">\n<figure class=\"wp-block-image aligncenter size-large\"><img decoding=\"async\" width=\"100\" height=\"100\" src=\"https:\/\/obera.fr\/wp-content\/uploads\/2020\/09\/lumiere-integree.jpg\" alt=\"Entegre \u0131\u015f\u0131k\" class=\"wp-image-973\"\/><figcaption class=\"wp-element-caption\">Entegre I\u015f\u0131k<\/figcaption><\/figure>\n<\/div>\n\n\n\n<div class=\"wp-block-column is-layout-flow wp-block-column-is-layout-flow\"><\/div>\n\n\n\n<div class=\"wp-block-column is-layout-flow wp-block-column-is-layout-flow\"><\/div>\n<\/div>\n\n\n\n<div class=\"wp-block-buttons is-horizontal is-content-justification-center is-layout-flex wp-container-core-buttons-is-layout-03627597 wp-block-buttons-is-layout-flex\">\n<div class=\"wp-block-button has-custom-width wp-block-button__width-100\"><a class=\"wp-block-button__link wp-element-button\" href=\"https:\/\/obera.fr\/tr\/bize-ulasin\/\">Daha fazla bilgi edin<\/a><\/div>\n<\/div>\n\n\n\n<hr class=\"wp-block-separator has-css-opacity is-style-dots\"\/>\n\n\n\n<h2 class=\"wp-block-heading\">End\u00fcstriyel boru serisindeki di\u011fer \u00fcr\u00fcnler<\/h2>\n\n\n\n<div class=\"wp-block-columns is-layout-flex wp-container-core-columns-is-layout-28f84493 wp-block-columns-is-layout-flex\">\n<div class=\"wp-block-column is-layout-flow wp-block-column-is-layout-flow\">\n<figure class=\"wp-block-image aligncenter size-thumbnail\"><a href=\"https:\/\/obera.fr\/produits\/tuyauteries-industrielles\/gaines-lisses-acier\/\"><img decoding=\"async\" width=\"150\" height=\"150\" src=\"https:\/\/obera.fr\/wp-content\/uploads\/2020\/11\/Gaines-lisses-150x150.jpg\" alt=\"P\u00fcr\u00fczs\u00fcz k\u0131l\u0131flar\" class=\"wp-image-1735\" srcset=\"https:\/\/obera.fr\/wp-content\/uploads\/2020\/11\/Gaines-lisses-150x150.jpg 150w, https:\/\/obera.fr\/wp-content\/uploads\/2020\/11\/Gaines-lisses-300x300.jpg 300w, https:\/\/obera.fr\/wp-content\/uploads\/2020\/11\/Gaines-lisses.jpg 433w\" sizes=\"(max-width: 150px) 100vw, 150px\" \/><\/a><figcaption class=\"wp-element-caption\">P\u00fcr\u00fczs\u00fcz k\u0131l\u0131flar<\/figcaption><\/figure>\n<\/div>\n\n\n\n<div class=\"wp-block-column is-layout-flow wp-block-column-is-layout-flow\">\n<figure class=\"wp-block-image aligncenter size-thumbnail\"><a href=\"https:\/\/obera.fr\/produits\/tuyauteries-industrielles\/basse-moyenne-haute-pression\/\"><img decoding=\"async\" width=\"150\" height=\"150\" src=\"https:\/\/obera.fr\/wp-content\/uploads\/2020\/11\/Tuyauterie-basse-moyenne-haute-pression-150x150.jpg\" alt=\"D\u00fc\u015f\u00fck Orta Y\u00fcksek Bas\u0131n\u00e7 Borular\u0131\" class=\"wp-image-1734\"\/><\/a><figcaption class=\"wp-element-caption\">D\u00fc\u015f\u00fck Orta Y\u00fcksek Bas\u0131n\u00e7 Borular\u0131<\/figcaption><\/figure>\n<\/div>\n<\/div>\n\n\n\n<p><\/p>\n","protected":false},"excerpt":{"rendered":"<p>Borulama sistemleri toz ve duman emisyonlar\u0131n\u0131 kayna\u011f\u0131nda yakalar ve bunlar\u0131 aeruli\u011fin temel ilkelerine uygun olarak tozsuzla\u015ft\u0131rma ve filtreleme sistemlerine iletir. OberA, \u00f6zel emi\u015f gereksinimlerinize hassas ve esnek bir \u015fekilde uyum sa\u011flamak i\u00e7in \u00e7ok \u00e7e\u015fitli sa\u011flam, y\u00fcksek kaliteli spiral kanallara sahiptir. Maksimum emi\u015f g\u00fcc\u00fc elde etmek ve enerji maliyetlerini optimize etmek i\u00e7in boru a\u011f\u0131n\u0131n hassas bir \u015fekilde boyutland\u0131r\u0131lmas\u0131 hayati \u00f6nem ta\u015f\u0131maktad\u0131r. Spiral k\u0131l\u0131f\u0131n avantajlar\u0131 Avantajlar \u00d6zel \u00f6zellikler \u00d6zellikler Uygulamalar Kirleticiler End\u00fcstriler Opsiyonel End\u00fcstriyel boru serisindeki di\u011fer \u00fcr\u00fcnler<\/p>\n","protected":false},"author":4,"featured_media":83752,"parent":52198,"menu_order":0,"comment_status":"closed","ping_status":"closed","template":"","meta":{"_acf_changed":false,"_seopress_robots_primary_cat":"","_seopress_titles_title":"Boru sistemleri: oberA spiral kanallar","_seopress_titles_desc":"OBERA, \u00f6zel emi\u015f gereksinimlerinize uyacak geni\u015f bir yelpazede sa\u011flam, y\u00fcksek kaliteli spiral kanallara sahiptir.","_seopress_robots_index":"","footnotes":""},"class_list":{"0":"post-51630","1":"page","2":"type-page","3":"status-publish","4":"has-post-thumbnail","6":"no-featured-image-padding","7":"resize-featured-image"},"acf":[],"_links":{"self":[{"href":"https:\/\/obera.fr\/tr\/wp-json\/wp\/v2\/pages\/51630","targetHints":{"allow":["GET"]}}],"collection":[{"href":"https:\/\/obera.fr\/tr\/wp-json\/wp\/v2\/pages"}],"about":[{"href":"https:\/\/obera.fr\/tr\/wp-json\/wp\/v2\/types\/page"}],"author":[{"embeddable":true,"href":"https:\/\/obera.fr\/tr\/wp-json\/wp\/v2\/users\/4"}],"replies":[{"embeddable":true,"href":"https:\/\/obera.fr\/tr\/wp-json\/wp\/v2\/comments?post=51630"}],"version-history":[{"count":6,"href":"https:\/\/obera.fr\/tr\/wp-json\/wp\/v2\/pages\/51630\/revisions"}],"predecessor-version":[{"id":108171,"href":"https:\/\/obera.fr\/tr\/wp-json\/wp\/v2\/pages\/51630\/revisions\/108171"}],"up":[{"embeddable":true,"href":"https:\/\/obera.fr\/tr\/wp-json\/wp\/v2\/pages\/52198"}],"wp:featuredmedia":[{"embeddable":true,"href":"https:\/\/obera.fr\/tr\/wp-json\/wp\/v2\/media\/83752"}],"wp:attachment":[{"href":"https:\/\/obera.fr\/tr\/wp-json\/wp\/v2\/media?parent=51630"}],"curies":[{"name":"wp","href":"https:\/\/api.w.org\/{rel}","templated":true}]}}