{"id":51652,"date":"2020-08-26T16:20:46","date_gmt":"2020-08-26T14:20:46","guid":{"rendered":"https:\/\/obera.fr\/oberayi-kesfedin\/oberanin-tarihcesi\/"},"modified":"2025-05-15T10:20:11","modified_gmt":"2025-05-15T08:20:11","slug":"histoire","status":"publish","type":"page","link":"https:\/\/obera.fr\/tr\/decouvrir\/histoire\/","title":{"rendered":"OberA&#8217;n\u0131n tarih\u00e7esi"},"content":{"rendered":"\n<h2 class=\"wp-block-heading\">\u0130\u015fyerinde sa\u011fl\u0131kl\u0131 hava i\u00e7in orta\u011f\u0131n\u0131z!<\/h2>\n\n<p><\/p>\n\n<figure class=\"wp-block-image alignright size-medium is-resized\"><img decoding=\"async\" width=\"300\" height=\"85\" src=\"https:\/\/obera.fr\/wp-content\/uploads\/2025\/05\/obera-logo-fr-rvb-v2-300x85.png\" alt=\"obera logo en rvb v2\" class=\"wp-image-100991\" srcset=\"https:\/\/obera.fr\/wp-content\/uploads\/2025\/05\/obera-logo-fr-rvb-v2-300x85.png 300w, https:\/\/obera.fr\/wp-content\/uploads\/2025\/05\/obera-logo-fr-rvb-v2-1024x291.png 1024w, https:\/\/obera.fr\/wp-content\/uploads\/2025\/05\/obera-logo-fr-rvb-v2-768x218.png 768w, https:\/\/obera.fr\/wp-content\/uploads\/2025\/05\/obera-logo-fr-rvb-v2-1536x437.png 1536w, https:\/\/obera.fr\/wp-content\/uploads\/2025\/05\/obera-logo-fr-rvb-v2.png 1995w\" sizes=\"(max-width: 300px) 100vw, 300px\" \/><\/figure>\n\n<p>Fransa&#8217;da hava kirlili\u011fi y\u0131lda yakla\u015f\u0131k 50.000 ki\u015finin \u00f6l\u00fcm\u00fcnden sorumludur. Kentsel ortamlarda hava kalitesinin zorluklar\u0131 iyi bilinmesine ra\u011fmen, i\u015f yerlerinde bu sorun b\u00fcy\u00fck \u00f6l\u00e7\u00fcde g\u00f6z ard\u0131 edilmektedir. Yine de \u015firketlerdeki i\u00e7 ortam havas\u0131, d\u0131\u015f ortam havas\u0131ndan <strong>10 ila 50 kat daha kirli<\/strong> olabilir.  <\/p>\n\n<p><\/p>\n\n<p>Bir\u00e7ok kirlilik kayna\u011f\u0131 vard\u0131r:<\/p>\n\n<ul class=\"wp-block-list\">\n<li><strong>End\u00fcstriyel s\u00fcre\u00e7lerle ba\u011flant\u0131l\u0131 emisyonlar<\/strong> (buharlar, dumanlar, ya\u011f bu\u011fular\u0131),<\/li>\n\n\n\n<li>Hammaddelerin <strong>elle\u00e7lenmesi ve ta\u015f\u0131nmas\u0131<\/strong>,<\/li>\n\n\n\n<li><strong>\u00dcretimde kullan\u0131lan \u00fcr\u00fcnler<\/strong> (VOC&#8217;ler, kokular, toz, vir\u00fcsler, vb.).<\/li>\n<\/ul>\n\n<p><\/p>\n\n<p>\u0130ster gaz ister partik\u00fcl halinde olsun, bu kirleticiler \u00e7al\u0131\u015fanlar\u0131n sa\u011fl\u0131\u011f\u0131n\u0131 do\u011frudan etkiledi\u011fi gibi end\u00fcstriyel performans\u0131 da etkiler: artan hurda, m\u00fc\u015fteri \u015fikayetleri, daha d\u00fc\u015f\u00fck verimlilik ve daha y\u00fcksek bak\u0131m maliyetleri.<\/p>\n\n<p><\/p>\n\n<h3 class=\"wp-block-heading\">Z\u0131t s\u0131n\u0131rlara yenilik\u00e7i bir yan\u0131t<\/h3>\n\n<p>Kirleticilere maruz kalmak <strong>sa\u011fl\u0131k sorunlar\u0131na<\/strong> yol a\u00e7ar ve maruz kalan \u00e7al\u0131\u015fanlarda hastal\u0131\u011fa neden olabilir. Ayr\u0131ca, k\u00f6t\u00fc hava kalitesinin <strong>hurda oranlar\u0131<\/strong>, <strong>m\u00fc\u015fteri \u015fikayetleri<\/strong>, <strong>\u00fcretkenlik<\/strong> ve \u00fcretim ekipmanlar\u0131n\u0131n <strong>bak\u0131m<\/strong> s\u0131kl\u0131\u011f\u0131 \u00fczerinde de etkileri vard\u0131r. <\/p>\n\n<p>Bu kirleticilerle ba\u015fa \u00e7\u0131kmak i\u00e7in genellikle yakalama, toz giderme ve filtreleme \u00e7\u00f6z\u00fcmlerine y\u00f6neliriz ve bunda da hakl\u0131y\u0131z. Ancak bu \u00e7\u00f6z\u00fcmler, \u00f6zellikle kirlilik da\u011f\u0131n\u0131k oldu\u011funda, hava kalitesi sorunlar\u0131n\u0131 tamamen \u00e7\u00f6zmek i\u00e7in nadiren yeterli olmaktad\u0131r. Dahas\u0131, toz giderme ve filtreleme ekipman\u0131 \u00fcreticileri nadiren art\u0131k ortam kirlili\u011fi seviyelerini veya <strong>VLEP y\u00f6netmeliklerine uyumu<\/strong> taahh\u00fct etmektedir.  <\/p>\n\n<p><a href=\"https:\/\/obera.fr\/tr\/decouvrir\/\" data-type=\"page\" data-id=\"731\">OberA<\/a><strong>, <\/strong>size<strong> sa\u011fl\u0131kl\u0131 havay\u0131 garanti <\/strong>etmek i\u00e7in <strong>yenilik\u00e7i ve benzersiz bir yakla\u015f\u0131m <\/strong>getiriyor. Bu yakla\u015f\u0131m, toz giderme, filtreleme ve hava i\u015fleme alan\u0131ndaki 20 y\u0131l\u0131 a\u015fk\u0131n deneyimin \u00fcr\u00fcn\u00fcd\u00fcr.  <\/p>\n\n<p><\/p>\n\n<div class=\"wp-block-buttons is-content-justification-center is-layout-flex wp-container-core-buttons-is-layout-a89b3969 wp-block-buttons-is-layout-flex\">\n<div class=\"wp-block-button\"><a class=\"wp-block-button__link wp-element-button\" href=\"https:\/\/obera.fr\/tr\/produits\/\">Havan\u0131z\u0131n kalitesini garanti alt\u0131na almak i\u00e7in \u00e7\u00f6z\u00fcm yelpazemizi ke\u015ffedin<\/a><\/div>\n<\/div>\n\n<p><\/p>\n\n<h3 class=\"wp-block-heading\">OberA, hava \u015fartland\u0131rmada yeni bir vizyon<\/h3>\n\n<p>Toz giderme, filtreleme ve hava temizleme alanlar\u0131nda 20 y\u0131l\u0131 a\u015fk\u0131n uzmanl\u0131\u011fa sahip olan <strong>OberA<\/strong>, d\u00f6rt temel a\u015famaya dayanan <strong>k\u00fcresel, yenilik\u00e7i ve sonu\u00e7 odakl\u0131 bir yakla\u015f\u0131m sunmaktad\u0131r<\/strong>:<\/p>\n\n<ol class=\"wp-block-list\">\n<li><strong>Kesin te\u015fhis<\/strong>: kirlilik kaynaklar\u0131n\u0131n belirlenmesi ve partik\u00fcl konsantrasyonlar\u0131n\u0131n ve boyutlar\u0131n\u0131n \u00f6l\u00e7\u00fclmesi.<\/li>\n\n\n\n<li><strong>Y\u00fck\u00fcml\u00fcl\u00fck gerektirmeyen test a\u015famas\u0131<\/strong>: teknik performans\u0131 do\u011frulamak ve sonu\u00e7lar\u0131 garanti etmek i\u00e7in test veya kiralama ekipman\u0131n\u0131n kurulmas\u0131.<\/li>\n\n\n\n<li><strong>Uygun \u00e7\u00f6z\u00fcm\u00fcn<\/strong> uygulanmas\u0131: kaynakta yakalama, ortam havas\u0131 ar\u0131t\u0131m\u0131 (safla\u015ft\u0131rma), ince filtreleme.<\/li>\n\n\n\n<li><strong>Ger\u00e7ek zamanl\u0131 izleme<\/strong>: hava kalitesinin s\u00fcrekli izlenmesi ve ba\u011flant\u0131l\u0131 bak\u0131m (End\u00fcstri 4.0).<\/li>\n<\/ol>\n\n<blockquote class=\"wp-block-quote is-layout-flow wp-block-quote-is-layout-flow\">\n<p><strong>\u0130\u00e7eriden \u00f6\u011frenenlerin ticaretine izin verildi!<\/strong><\/p>\n<\/blockquote>\n\n<p>Bu \u015fekilde <a href=\"https:\/\/obera.fr\/tr\/decouvrir\/musterilerimiz\/\" data-type=\"page\" data-id=\"743\">OberA&#8217;n\u0131n m\u00fc\u015fterileri<\/a>, kendilerine daha iyi bir hava kalitesini garanti eden ekipmanlara yat\u0131r\u0131m yaparken, ayn\u0131 zamanda sonu\u00e7lar, yat\u0131r\u0131m maliyetleri ve i\u015fletme maliyetleri hakk\u0131nda tam bilgi sahibi olurlar.<\/p>\n\n<p><\/p>\n\n<div class=\"wp-block-buttons is-horizontal is-content-justification-center is-layout-flex wp-container-core-buttons-is-layout-03627597 wp-block-buttons-is-layout-flex\">\n<div class=\"wp-block-button\"><a class=\"wp-block-button__link wp-element-button\" href=\"https:\/\/obera.fr\/tr\/produits\/\">T\u00fcm \u00fcr\u00fcn yelpazemizi ke\u015ffedin<\/a><\/div>\n<\/div>\n\n<div style=\"height:35px\" aria-hidden=\"true\" class=\"wp-block-spacer\"><\/div>\n\n<div class=\"wp-block-columns is-layout-flex wp-container-core-columns-is-layout-28f84493 wp-block-columns-is-layout-flex\">\n<div class=\"wp-block-column is-layout-flow wp-block-column-is-layout-flow\"><\/div>\n\n\n\n<div class=\"wp-block-column is-layout-flow wp-block-column-is-layout-flow\">\n<figure class=\"wp-block-video\"><video height=\"1080\" style=\"aspect-ratio: 1920 \/ 1080;\" width=\"1920\" autoplay=\"\" controls=\"\" loop=\"\" muted=\"\" poster=\"https:\/\/obera.fr\/wp-content\/uploads\/2025\/05\/capture-decran-2025-05-14-100342.png\" src=\"https:\/\/obera.fr\/wp-content\/uploads\/2025\/05\/made_in_france_obera_fr.mp4\"><\/video><\/figure>\n<\/div>\n\n\n\n<div class=\"wp-block-column is-layout-flow wp-block-column-is-layout-flow\"><\/div>\n<\/div>\n\n<p><\/p>\n\n<h3 class=\"wp-block-heading\">Kesinlik ile yat\u0131r\u0131m yapmak<\/h3>\n\n<p>OberA ile, <strong>sonu\u00e7lar, yat\u0131r\u0131m ve i\u015fletme maliyetleri konusunda tam \u015feffafl\u0131k<\/strong> ile hava kalitesinde \u00f6l\u00e7\u00fclebilir bir iyile\u015fmeyi garanti eden kan\u0131tlanm\u0131\u015f \u00e7\u00f6z\u00fcmlerden yararlan\u0131rs\u0131n\u0131z.<\/p>\n\n<blockquote class=\"wp-block-quote is-layout-flow wp-block-quote-is-layout-flow\">\n<p>\u00c7\u00fcnk\u00fc sa\u011fl\u0131kl\u0131 hava bir se\u00e7enek de\u011fil, bir gerekliliktir.<\/p>\n\n\n\n<p><\/p>\n<\/blockquote>\n","protected":false},"excerpt":{"rendered":"<p>\u0130\u015fyerinde sa\u011fl\u0131kl\u0131 hava i\u00e7in orta\u011f\u0131n\u0131z! Fransa&#8217;da hava kirlili\u011fi y\u0131lda yakla\u015f\u0131k 50.000 ki\u015finin \u00f6l\u00fcm\u00fcnden sorumludur. Kentsel ortamlarda hava kalitesinin zorluklar\u0131 iyi bilinmesine ra\u011fmen, i\u015f yerlerinde bu sorun b\u00fcy\u00fck \u00f6l\u00e7\u00fcde g\u00f6z ard\u0131 edilmektedir. Yine de \u015firketlerdeki i\u00e7 ortam havas\u0131, d\u0131\u015f ortam havas\u0131ndan 10 ila 50 kat daha kirli olabilir. Bir\u00e7ok kirlilik kayna\u011f\u0131 vard\u0131r: \u0130ster gaz ister partik\u00fcl halinde olsun, bu kirleticiler \u00e7al\u0131\u015fanlar\u0131n sa\u011fl\u0131\u011f\u0131n\u0131 do\u011frudan etkiledi\u011fi gibi end\u00fcstriyel performans\u0131 da etkiler: artan hurda, m\u00fc\u015fteri \u015fikayetleri, daha d\u00fc\u015f\u00fck verimlilik ve daha y\u00fcksek bak\u0131m maliyetleri. Z\u0131t s\u0131n\u0131rlara yenilik\u00e7i bir yan\u0131t Kirleticilere maruz kalmak sa\u011fl\u0131k sorunlar\u0131na yol a\u00e7ar ve maruz kalan \u00e7al\u0131\u015fanlarda hastal\u0131\u011fa neden olabilir. Ayr\u0131ca, &#8230; <\/p>\n<p class=\"read-more-container\"><a title=\"OberA&#8217;n\u0131n tarih\u00e7esi\" class=\"read-more button\" href=\"https:\/\/obera.fr\/tr\/decouvrir\/histoire\/#more-51652\" aria-label=\"Read more about OberA&#8217;n\u0131n tarih\u00e7esi\">Lire la suite<\/a><\/p>\n","protected":false},"author":4,"featured_media":84825,"parent":51635,"menu_order":0,"comment_status":"closed","ping_status":"closed","template":"","meta":{"_acf_changed":false,"_seopress_robots_primary_cat":"","_seopress_titles_title":"oberA'n\u0131n 20 y\u0131l\u0131 a\u015fk\u0131n tarihini ke\u015ffedin","_seopress_titles_desc":"Toz giderme, filtreleme ve hava i\u015fleme alanlar\u0131nda 20 y\u0131l\u0131 a\u015fk\u0131n deneyim. OBERA yenilik\u00e7i ve benzersiz bir yakla\u015f\u0131m sunmaktad\u0131r.","_seopress_robots_index":"","footnotes":""},"class_list":{"0":"post-51652","1":"page","2":"type-page","3":"status-publish","4":"has-post-thumbnail","6":"no-featured-image-padding","7":"resize-featured-image"},"acf":[],"_links":{"self":[{"href":"https:\/\/obera.fr\/tr\/wp-json\/wp\/v2\/pages\/51652","targetHints":{"allow":["GET"]}}],"collection":[{"href":"https:\/\/obera.fr\/tr\/wp-json\/wp\/v2\/pages"}],"about":[{"href":"https:\/\/obera.fr\/tr\/wp-json\/wp\/v2\/types\/page"}],"author":[{"embeddable":true,"href":"https:\/\/obera.fr\/tr\/wp-json\/wp\/v2\/users\/4"}],"replies":[{"embeddable":true,"href":"https:\/\/obera.fr\/tr\/wp-json\/wp\/v2\/comments?post=51652"}],"version-history":[{"count":4,"href":"https:\/\/obera.fr\/tr\/wp-json\/wp\/v2\/pages\/51652\/revisions"}],"predecessor-version":[{"id":101305,"href":"https:\/\/obera.fr\/tr\/wp-json\/wp\/v2\/pages\/51652\/revisions\/101305"}],"up":[{"embeddable":true,"href":"https:\/\/obera.fr\/tr\/wp-json\/wp\/v2\/pages\/51635"}],"wp:featuredmedia":[{"embeddable":true,"href":"https:\/\/obera.fr\/tr\/wp-json\/wp\/v2\/media\/84825"}],"wp:attachment":[{"href":"https:\/\/obera.fr\/tr\/wp-json\/wp\/v2\/media?parent=51652"}],"curies":[{"name":"wp","href":"https:\/\/api.w.org\/{rel}","templated":true}]}}