{"id":51675,"date":"2020-08-26T13:06:25","date_gmt":"2020-08-26T11:06:25","guid":{"rendered":"https:\/\/obera.fr\/afs-yag-buhari-filtresi\/"},"modified":"2025-06-03T13:18:00","modified_gmt":"2025-06-03T11:18:00","slug":"afs","status":"publish","type":"page","link":"https:\/\/obera.fr\/tr\/produits\/filtres-brouillard-huile\/afs\/","title":{"rendered":"AFS ya\u011f buhar\u0131 filtresi"},"content":{"rendered":"\n<p>AFS <a href=\"https:\/\/obera.fr\/tr\/produits\/filtres-brouillard-huile\/\" data-type=\"page\" data-id=\"376\">ya\u011f buhar\u0131 filtreleri<\/a>, i\u015fleme makinelerinizi do\u011frudan donatmak veya merkezi olarak vakumlamak i\u00e7in \u00f6zel olarak tasarlanm\u0131\u015f bir \u00e7\u00f6z\u00fcmd\u00fcr.<\/p>\n\n\n\n<p>AFS serisi, <strong>400 ila 16.000 m\u00b3\/saat aras\u0131ndaki emi\u015f ak\u0131\u015flar\u0131n\u0131<\/strong> kapsar.<\/p>\n\n\n\n<h2 class=\"wp-block-heading\">Ya\u011f ve em\u00fclsiyon sisleri, dumanlar\u0131 ve aerosolleri i\u00e7in merkezi tesisler<\/h2>\n\n\n\n<div class=\"wp-block-columns is-layout-flex wp-container-core-columns-is-layout-28f84493 wp-block-columns-is-layout-flex\">\n<div class=\"wp-block-column is-layout-flow wp-block-column-is-layout-flow\" style=\"flex-basis:33.33%\">\n<figure class=\"wp-block-image aligncenter size-medium\"><img decoding=\"async\" width=\"300\" height=\"300\" src=\"https:\/\/obera.fr\/wp-content\/uploads\/2020\/08\/AFS-installation-centralisee-brouillards-huiles-300x300.png\" alt=\"Afs Installation Centralisee Brouillards Huiles\" class=\"wp-image-643\" srcset=\"https:\/\/obera.fr\/wp-content\/uploads\/2020\/08\/AFS-installation-centralisee-brouillards-huiles-300x300.png 300w, https:\/\/obera.fr\/wp-content\/uploads\/2020\/08\/AFS-installation-centralisee-brouillards-huiles-150x150.png 150w, https:\/\/obera.fr\/wp-content\/uploads\/2020\/08\/AFS-installation-centralisee-brouillards-huiles.png 433w\" sizes=\"(max-width: 300px) 100vw, 300px\" \/><\/figure>\n<\/div>\n\n\n\n<div class=\"wp-block-column is-layout-flow wp-block-column-is-layout-flow\" style=\"flex-basis:66.66%\">\n<p><strong>AFS teknolojisi<\/strong> 5 ar\u0131tma a\u015famas\u0131ndan olu\u015fur: metal a\u011f filtreler, polyester ke\u00e7eler ve ar\u0131tman\u0131n kalbini olu\u015fturan AFS-Longlife separat\u00f6r.<\/p>\n\n\n\n<p>&gt;\u00dcniteler <strong>HEPA H13 tipi mutlak terminal filtrasyonu<\/strong> ile donat\u0131lm\u0131\u015ft\u0131r (0,3\u00b5m partik\u00fcllerde standart verimlilik %99,95 garantilidir). Ana filtrasyonun \u00e7ok y\u00fcksek verimlili\u011fi g\u00f6z \u00f6n\u00fcne al\u0131nd\u0131\u011f\u0131nda, mutlak filtreler s\u00fcrekli 3 istasyonlu \u00e7al\u0131\u015fma i\u00e7in bile \u00e7ok uzun bir hizmet \u00f6mr\u00fcne sahiptir. <\/p>\n\n\n\n<p>Farkl\u0131 konfig\u00fcrasyonlar m\u00fcmk\u00fcnd\u00fcr: filtrelenmi\u015f havan\u0131n geri d\u00f6n\u00fc\u015f\u00fcm\u00fc ve binaya yeniden verilmesi veya filtrelenmi\u015f havan\u0131n bo\u015falt\u0131lmas\u0131 ve bir \u0131s\u0131 e\u015fanj\u00f6r\u00fc arac\u0131l\u0131\u011f\u0131yla kalorilerin geri kazan\u0131lmas\u0131yla taze havan\u0131n verilmesi. <strong>AFS emi\u015f \u00e7\u00f6z\u00fcmleri<\/strong> (geri d\u00f6n\u00fc\u015f\u00fcm veya \u0131s\u0131 e\u015fanj\u00f6rleri), emilen hava ak\u0131\u015flar\u0131nda bulunan \u0131s\u0131n\u0131n maksimum d\u00fczeyde yeniden kullan\u0131lmas\u0131n\u0131 sa\u011flar. <\/p>\n\n\n\n<hr class=\"wp-block-separator has-text-color has-black-color has-css-opacity has-black-background-color has-background is-style-dots\"\/>\n\n\n\n<div class=\"wp-block-columns is-layout-flex wp-container-core-columns-is-layout-28f84493 wp-block-columns-is-layout-flex\">\n<div class=\"wp-block-column is-layout-flow wp-block-column-is-layout-flow\" style=\"flex-basis:33.33%\">\n<div class=\"wp-block-buttons is-layout-flex wp-block-buttons-is-layout-flex\">\n<div class=\"wp-block-button\"><a class=\"wp-block-button__link wp-element-button\" href=\"https:\/\/obera.fr\/wp-content\/uploads\/2025\/06\/brochure-afs-en.pdf\">BRO\u015e\u00dcR\u00dc INDIRIN<\/a><\/div>\n<\/div>\n<\/div>\n\n\n\n<div class=\"wp-block-column is-layout-flow wp-block-column-is-layout-flow\" style=\"flex-basis:33.34%\">\n<div class=\"wp-block-buttons is-horizontal is-content-justification-center is-layout-flex wp-container-core-buttons-is-layout-03627597 wp-block-buttons-is-layout-flex\">\n<div class=\"wp-block-button has-custom-width wp-block-button__width-100\"><a class=\"wp-block-button__link wp-element-button\" href=\"https:\/\/obera.fr\/tr\/bize-ulasin\/\">Daha fazla bilgi edin<\/a><\/div>\n<\/div>\n<\/div>\n\n\n\n<div class=\"wp-block-column is-layout-flow wp-block-column-is-layout-flow\" style=\"flex-basis:33.34%\">\n<div class=\"wp-block-buttons is-content-justification-center is-layout-flex wp-container-core-buttons-is-layout-a89b3969 wp-block-buttons-is-layout-flex\">\n<div class=\"wp-block-button btn-devis-source\"><a class=\"wp-block-button__link wp-element-button\" href=\"https:\/\/obera.fr\/tr\/devis\/\">Fiyat teklifi isteyin<\/a><\/div>\n<\/div>\n\n\n<script>\r\ndocument.addEventListener('DOMContentLoaded', function() {\r\n    \/\/ 1. On cherche le titre H1 de la page\r\n    var h1 = document.querySelector('h1');\r\n    var productTitle = h1 ? h1.innerText.trim() : \"\";\r\n\r\n    \/\/ 2. On cherche les boutons via la classe CSS .btn-devis-source\r\n    var buttons = document.querySelectorAll('.btn-devis-source a');\r\n\r\n    \/\/ 3. Si on a le titre et les boutons, on ajoute le param\u00e8tre\r\n    if (buttons.length > 0 && productTitle !== \"\") {\r\n        var encodedTitle = encodeURIComponent(productTitle);\r\n\r\n        buttons.forEach(function(btn) {\r\n            var currentHref = btn.getAttribute('href');\r\n            \r\n            \/\/ S\u00e9curit\u00e9 pour ne pas ajouter le param\u00e8tre 2 fois\r\n            if (currentHref.indexOf('sujet=') === -1) {\r\n                var separator = currentHref.indexOf('?') !== -1 ? '&' : '?';\r\n                var newLink = currentHref + separator + 'sujet=' + encodedTitle;\r\n                \r\n                btn.setAttribute('href', newLink);\r\n            }\r\n        });\r\n    }\r\n});\r\n<\/script><\/div>\n<\/div>\n\n\n\n<p><\/p>\n<\/div>\n<\/div>\n\n\n\n<h2 class=\"wp-block-heading\">AFS&#8217;nin faydalar\u0131<\/h2>\n\n\n\n<div class=\"wp-block-columns is-layout-flex wp-container-core-columns-is-layout-28f84493 wp-block-columns-is-layout-flex\">\n<div class=\"wp-block-column is-layout-flow wp-block-column-is-layout-flow\">\n<h3 class=\"wp-block-heading has-text-align-center\"><strong>Avantajlar<\/strong><\/h3>\n\n\n\n<ul class=\"wp-block-list\">\n<li>\u00dcretim makinesine kolay ba\u011flant\u0131<\/li>\n\n\n\n<li>Makine \u00fczerinde veya merkezi<\/li>\n\n\n\n<li>Kompakt sistem<\/li>\n\n\n\n<li>Etkili hava i\u015fleme i\u00e7in 5 a\u015famal\u0131 filtreleme<\/li>\n\n\n\n<li>Aletsiz filtre de\u011fi\u015fimi ve bak\u0131m\u0131<\/li>\n<\/ul>\n<\/div>\n\n\n\n<div class=\"wp-block-column is-layout-flow wp-block-column-is-layout-flow\">\n<h3 class=\"wp-block-heading has-text-align-center\"><strong>\u00d6zel \u00f6zellikler<\/strong><\/h3>\n\n\n\n<ul class=\"wp-block-list\">\n<li>Patentli aletsiz filtre de\u011fi\u015ftirme sistemi<\/li>\n\n\n\n<li>Cihaz\u0131n manuel olarak temizlenmesi<\/li>\n\n\n\n<li>Mekanik filtrasyon<\/li>\n<\/ul>\n<\/div>\n\n\n\n<div class=\"wp-block-column is-layout-flow wp-block-column-is-layout-flow\">\n<h3 class=\"wp-block-heading has-text-align-center\"><strong>\u00d6zellikler<\/strong><\/h3>\n\n\n\n<ul class=\"wp-block-list\">\n<li>Ya\u011f bu\u011fular\u0131n\u0131n ve em\u00fclsiyonlar\u0131n\u0131n, dumanlar\u0131n ve aerosollerin ekstraksiyonu<\/li>\n\n\n\n<li>Do\u011frudan bir NC i\u015fleme merkezine veya merkezi olarak kurulabilir<\/li>\n<\/ul>\n<\/div>\n<\/div>\n\n\n\n<h2 class=\"wp-block-heading\">Uygulamalar<\/h2>\n\n\n\n<div class=\"wp-block-columns is-layout-flex wp-container-core-columns-is-layout-28f84493 wp-block-columns-is-layout-flex\">\n<div class=\"wp-block-column is-layout-flow wp-block-column-is-layout-flow\">\n<h3 class=\"wp-block-heading has-text-align-center\">Kirleticiler<\/h3>\n\n\n\n<hr class=\"wp-block-separator has-css-opacity is-style-wide\"\/>\n\n\n\n<div class=\"wp-block-columns is-layout-flex wp-container-core-columns-is-layout-28f84493 wp-block-columns-is-layout-flex\">\n<div class=\"wp-block-column is-layout-flow wp-block-column-is-layout-flow\">\n<figure class=\"wp-block-image aligncenter size-large\"><img decoding=\"async\" width=\"70\" height=\"70\" src=\"https:\/\/obera.fr\/wp-content\/uploads\/2020\/08\/industrie-brouillard-huile.jpg\" alt=\"End\u00fcstri Sis Ya\u011f\u0131\" class=\"wp-image-721\"\/><figcaption class=\"wp-element-caption\">Ya\u011f buhar\u0131<\/figcaption><\/figure>\n<\/div>\n\n\n\n<div class=\"wp-block-column is-layout-flow wp-block-column-is-layout-flow\">\n<figure class=\"wp-block-image aligncenter size-large\"><img decoding=\"async\" width=\"70\" height=\"70\" src=\"https:\/\/obera.fr\/wp-content\/uploads\/2020\/08\/industrie-fumees.jpg\" alt=\"End\u00fcstri Duman\u0131\" class=\"wp-image-722\"\/><figcaption class=\"wp-element-caption\">Dumanlar<\/figcaption><\/figure>\n\n\n\n<figure class=\"wp-block-image aligncenter size-large\"><img decoding=\"async\" width=\"70\" height=\"70\" src=\"https:\/\/obera.fr\/wp-content\/uploads\/2020\/09\/cov.png\" alt=\"Cov\" class=\"wp-image-959\"\/><figcaption class=\"wp-element-caption\">VOCS<\/figcaption><\/figure>\n<\/div>\n<\/div>\n<\/div>\n\n\n\n<div class=\"wp-block-column is-layout-flow wp-block-column-is-layout-flow\">\n<h3 class=\"wp-block-heading has-text-align-center\">End\u00fcstriler<\/h3>\n\n\n\n<hr class=\"wp-block-separator has-css-opacity is-style-wide\"\/>\n\n\n\n<div class=\"wp-block-columns is-layout-flex wp-container-core-columns-is-layout-28f84493 wp-block-columns-is-layout-flex\">\n<div class=\"wp-block-column is-layout-flow wp-block-column-is-layout-flow\">\n<figure class=\"wp-block-image aligncenter size-large\"><img decoding=\"async\" width=\"70\" height=\"70\" src=\"https:\/\/obera.fr\/wp-content\/uploads\/2020\/08\/industrie-metallurgie.jpg\" alt=\"Metalurji end\u00fcstrisi\" class=\"wp-image-673\"\/><figcaption class=\"wp-element-caption\">Metalurji<\/figcaption><\/figure>\n<\/div>\n\n\n\n<div class=\"wp-block-column is-layout-flow wp-block-column-is-layout-flow\"><\/div>\n<\/div>\n<\/div>\n<\/div>\n\n\n\n<div class=\"wp-block-buttons is-content-justification-center is-layout-flex wp-container-core-buttons-is-layout-a89b3969 wp-block-buttons-is-layout-flex\">\n<div class=\"wp-block-button is-style-outline is-style-outline--1\"><a class=\"wp-block-button__link wp-element-button\" href=\"https:\/\/obera.fr\/wp-content\/uploads\/2024\/02\/brochure-afs.pdf\">\u00dcr\u00fcn sayfas\u0131n\u0131 indirin<\/a><\/div>\n<\/div>\n\n\n\n<hr class=\"wp-block-separator has-css-opacity is-style-dots\"\/>\n\n\n\n<h2 class=\"wp-block-heading\">OberA markal\u0131 di\u011fer ya\u011f buhar\u0131 filtreleri<\/h2>\n\n\n\n<div class=\"wp-block-columns is-layout-flex wp-container-core-columns-is-layout-28f84493 wp-block-columns-is-layout-flex\">\n<div class=\"wp-block-column is-layout-flow wp-block-column-is-layout-flow\">\n<figure class=\"wp-block-image aligncenter size-medium\"><a href=\"https:\/\/obera.fr\/produits\/filtres-brouillard-huile\/oilmac\/\"><img decoding=\"async\" width=\"300\" height=\"300\" src=\"https:\/\/obera.fr\/wp-content\/uploads\/2020\/08\/filtre-compact-OILMAC-300x300.png\" alt=\"OILMAC Kompakt Filtre\" class=\"wp-image-641\" srcset=\"https:\/\/obera.fr\/wp-content\/uploads\/2020\/08\/filtre-compact-OILMAC-300x300.png 300w, https:\/\/obera.fr\/wp-content\/uploads\/2020\/08\/filtre-compact-OILMAC-150x150.png 150w, https:\/\/obera.fr\/wp-content\/uploads\/2020\/08\/filtre-compact-OILMAC.png 600w\" sizes=\"(max-width: 300px) 100vw, 300px\" \/><\/a><figcaption class=\"wp-element-caption\">OILMAC<\/figcaption><\/figure>\n<\/div>\n\n\n\n<div class=\"wp-block-column is-layout-flow wp-block-column-is-layout-flow\"><\/div>\n<\/div>\n\n\n\n<p><\/p>\n","protected":false},"excerpt":{"rendered":"<p>AFS ya\u011f buhar\u0131 filtreleri, i\u015fleme makinelerinizi do\u011frudan donatmak veya merkezi olarak vakumlamak i\u00e7in \u00f6zel olarak tasarlanm\u0131\u015f bir \u00e7\u00f6z\u00fcmd\u00fcr. AFS serisi, 400 ila 16.000 m\u00b3\/saat aras\u0131ndaki emi\u015f ak\u0131\u015flar\u0131n\u0131 kapsar. Ya\u011f ve em\u00fclsiyon sisleri, dumanlar\u0131 ve aerosolleri i\u00e7in merkezi tesisler AFS teknolojisi 5 ar\u0131tma a\u015famas\u0131ndan olu\u015fur: metal a\u011f filtreler, polyester ke\u00e7eler ve ar\u0131tman\u0131n kalbini olu\u015fturan AFS-Longlife separat\u00f6r. &gt;\u00dcniteler HEPA H13 tipi mutlak terminal filtrasyonu ile donat\u0131lm\u0131\u015ft\u0131r (0,3\u00b5m partik\u00fcllerde standart verimlilik %99,95 garantilidir). Ana filtrasyonun \u00e7ok y\u00fcksek verimlili\u011fi g\u00f6z \u00f6n\u00fcne al\u0131nd\u0131\u011f\u0131nda, mutlak filtreler s\u00fcrekli 3 istasyonlu \u00e7al\u0131\u015fma i\u00e7in bile \u00e7ok uzun bir hizmet \u00f6mr\u00fcne sahiptir. Farkl\u0131 konfig\u00fcrasyonlar m\u00fcmk\u00fcnd\u00fcr: filtrelenmi\u015f havan\u0131n geri d\u00f6n\u00fc\u015f\u00fcm\u00fc ve &#8230; <\/p>\n<p class=\"read-more-container\"><a title=\"AFS ya\u011f buhar\u0131 filtresi\" class=\"read-more button\" href=\"https:\/\/obera.fr\/tr\/produits\/filtres-brouillard-huile\/afs\/#more-51675\" aria-label=\"Read more about AFS ya\u011f buhar\u0131 filtresi\">Lire la suite<\/a><\/p>\n","protected":false},"author":4,"featured_media":83752,"parent":52199,"menu_order":0,"comment_status":"closed","ping_status":"closed","template":"","meta":{"_acf_changed":false,"_seopress_robots_primary_cat":"","_seopress_titles_title":"AFS merkezi ya\u011f buhar\u0131 sistemleri","_seopress_titles_desc":"AFS ya\u011f buhar\u0131 filtreleri, i\u015fleme makinelerinizi do\u011frudan donatmak veya merkezi olarak vakumlamak i\u00e7in \u00f6zel olarak tasarlanm\u0131\u015f bir \u00e7\u00f6z\u00fcmd\u00fcr.","_seopress_robots_index":"","footnotes":""},"class_list":{"0":"post-51675","1":"page","2":"type-page","3":"status-publish","4":"has-post-thumbnail","6":"no-featured-image-padding","7":"resize-featured-image"},"acf":[],"_links":{"self":[{"href":"https:\/\/obera.fr\/tr\/wp-json\/wp\/v2\/pages\/51675","targetHints":{"allow":["GET"]}}],"collection":[{"href":"https:\/\/obera.fr\/tr\/wp-json\/wp\/v2\/pages"}],"about":[{"href":"https:\/\/obera.fr\/tr\/wp-json\/wp\/v2\/types\/page"}],"author":[{"embeddable":true,"href":"https:\/\/obera.fr\/tr\/wp-json\/wp\/v2\/users\/4"}],"replies":[{"embeddable":true,"href":"https:\/\/obera.fr\/tr\/wp-json\/wp\/v2\/comments?post=51675"}],"version-history":[{"count":7,"href":"https:\/\/obera.fr\/tr\/wp-json\/wp\/v2\/pages\/51675\/revisions"}],"predecessor-version":[{"id":107922,"href":"https:\/\/obera.fr\/tr\/wp-json\/wp\/v2\/pages\/51675\/revisions\/107922"}],"up":[{"embeddable":true,"href":"https:\/\/obera.fr\/tr\/wp-json\/wp\/v2\/pages\/52199"}],"wp:featuredmedia":[{"embeddable":true,"href":"https:\/\/obera.fr\/tr\/wp-json\/wp\/v2\/media\/83752"}],"wp:attachment":[{"href":"https:\/\/obera.fr\/tr\/wp-json\/wp\/v2\/media?parent=51675"}],"curies":[{"name":"wp","href":"https:\/\/api.w.org\/{rel}","templated":true}]}}