{"id":51728,"date":"2020-08-26T13:05:50","date_gmt":"2020-08-26T11:05:50","guid":{"rendered":"https:\/\/obera.fr\/oilmac-yag-buhari-filtresi\/"},"modified":"2025-06-03T13:00:13","modified_gmt":"2025-06-03T11:00:13","slug":"oilmac","status":"publish","type":"page","link":"https:\/\/obera.fr\/tr\/produits\/filtres-brouillard-huile\/oilmac\/","title":{"rendered":"OILMAC ya\u011f buhar\u0131 filtresi"},"content":{"rendered":"\n<div class=\"wp-block-columns is-layout-flex wp-container-core-columns-is-layout-28f84493 wp-block-columns-is-layout-flex\">\n<div class=\"wp-block-column is-layout-flow wp-block-column-is-layout-flow\" style=\"flex-basis:33.33%\">\n<figure class=\"wp-block-image aligncenter size-large\"><img decoding=\"async\" width=\"1024\" height=\"768\" src=\"https:\/\/obera.fr\/wp-content\/uploads\/2020\/11\/OILMAC-series-1024x768.jpg\" alt=\"Oilmac Serisi\" class=\"wp-image-2031\" srcset=\"https:\/\/obera.fr\/wp-content\/uploads\/2020\/11\/OILMAC-series-1024x768.jpg 1024w, https:\/\/obera.fr\/wp-content\/uploads\/2020\/11\/OILMAC-series-300x225.jpg 300w, https:\/\/obera.fr\/wp-content\/uploads\/2020\/11\/OILMAC-series-768x576.jpg 768w, https:\/\/obera.fr\/wp-content\/uploads\/2020\/11\/OILMAC-series.jpg 1280w\" sizes=\"(max-width: 1024px) 100vw, 1024px\" \/><figcaption class=\"wp-element-caption\">OILMAC Serisi<\/figcaption><\/figure>\n<\/div>\n\n\n\n<div class=\"wp-block-column is-layout-flow wp-block-column-is-layout-flow\" style=\"flex-basis:66.66%\">\n<p><strong>OILMAC<\/strong> genellikle do\u011frudan \u00fcretim makinesine monte edilir ve esnek bir k\u0131l\u0131f arac\u0131l\u0131\u011f\u0131yla ba\u011flan\u0131r.<\/p>\n\n\n\n<p>Bu cihaz, i\u015fleme prosesi s\u0131ras\u0131nda olu\u015fan ya\u011f buhar\u0131 ve dumanla y\u00fckl\u00fc havay\u0131 temizlemek i\u00e7in <strong>4 filtreleme a\u015famas\u0131na<\/strong> sahiptir. Filtrelenen partik\u00fcller do\u011frudan \u00fcretim makinesine yeniden verilebilir. <\/p>\n\n\n\n<p>HEPA 13 terminal filtre ile %99,95&#8217;in \u00fczerinde ultra verimli filtreleme sayesinde, ar\u0131t\u0131lan hava do\u011frudan \u00e7al\u0131\u015fma alan\u0131na yeniden verilebilir.<\/p>\n\n\n\n<hr class=\"wp-block-separator has-text-color has-black-color has-css-opacity has-black-background-color has-background is-style-dots\"\/>\n\n\n\n<div class=\"wp-block-columns is-layout-flex wp-container-core-columns-is-layout-28f84493 wp-block-columns-is-layout-flex\">\n<div class=\"wp-block-column is-layout-flow wp-block-column-is-layout-flow\" style=\"flex-basis:33.33%\">\n<div class=\"wp-block-buttons is-layout-flex wp-block-buttons-is-layout-flex\">\n<div class=\"wp-block-button\"><a class=\"wp-block-button__link wp-element-button\" href=\"https:\/\/obera.fr\/wp-content\/uploads\/2025\/06\/brochure-oilmac-en.pdf\">BRO\u015e\u00dcR\u00dc INDIRIN<\/a><\/div>\n<\/div>\n<\/div>\n\n\n\n<div class=\"wp-block-column is-layout-flow wp-block-column-is-layout-flow\" style=\"flex-basis:33.34%\">\n<div class=\"wp-block-buttons is-horizontal is-content-justification-center is-layout-flex wp-container-core-buttons-is-layout-03627597 wp-block-buttons-is-layout-flex\">\n<div class=\"wp-block-button has-custom-width wp-block-button__width-100\"><a class=\"wp-block-button__link wp-element-button\" href=\"https:\/\/obera.fr\/tr\/bize-ulasin\/\">Daha fazla bilgi edin<\/a><\/div>\n<\/div>\n<\/div>\n\n\n\n<div class=\"wp-block-column is-layout-flow wp-block-column-is-layout-flow\" style=\"flex-basis:33.34%\">\n<div class=\"wp-block-buttons is-content-justification-center is-layout-flex wp-container-core-buttons-is-layout-a89b3969 wp-block-buttons-is-layout-flex\">\n<div class=\"wp-block-button btn-devis-source\"><a class=\"wp-block-button__link wp-element-button\" href=\"https:\/\/obera.fr\/tr\/devis\/\">Fiyat teklifi isteyin<\/a><\/div>\n<\/div>\n\n\n<script>\r\ndocument.addEventListener('DOMContentLoaded', function() {\r\n    \/\/ 1. On cherche le titre H1 de la page\r\n    var h1 = document.querySelector('h1');\r\n    var productTitle = h1 ? h1.innerText.trim() : \"\";\r\n\r\n    \/\/ 2. On cherche les boutons via la classe CSS .btn-devis-source\r\n    var buttons = document.querySelectorAll('.btn-devis-source a');\r\n\r\n    \/\/ 3. Si on a le titre et les boutons, on ajoute le param\u00e8tre\r\n    if (buttons.length > 0 && productTitle !== \"\") {\r\n        var encodedTitle = encodeURIComponent(productTitle);\r\n\r\n        buttons.forEach(function(btn) {\r\n            var currentHref = btn.getAttribute('href');\r\n            \r\n            \/\/ S\u00e9curit\u00e9 pour ne pas ajouter le param\u00e8tre 2 fois\r\n            if (currentHref.indexOf('sujet=') === -1) {\r\n                var separator = currentHref.indexOf('?') !== -1 ? '&' : '?';\r\n                var newLink = currentHref + separator + 'sujet=' + encodedTitle;\r\n                \r\n                btn.setAttribute('href', newLink);\r\n            }\r\n        });\r\n    }\r\n});\r\n<\/script><\/div>\n<\/div>\n\n\n\n<p><\/p>\n<\/div>\n<\/div>\n\n\n\n<figure class=\"wp-block-gallery has-nested-images columns-default is-cropped wp-block-gallery-1 is-layout-flex wp-block-gallery-is-layout-flex\">\n<figure class=\"wp-block-image size-large\"><img decoding=\"async\" width=\"1024\" height=\"768\" data-id=\"2030\" src=\"https:\/\/obera.fr\/wp-content\/uploads\/2020\/11\/OILMAC-ouvert-4-1024x768.jpg\" alt=\"Oilmac A\u00e7\u0131k 4\" class=\"wp-image-2030\" srcset=\"https:\/\/obera.fr\/wp-content\/uploads\/2020\/11\/OILMAC-ouvert-4-1024x768.jpg 1024w, https:\/\/obera.fr\/wp-content\/uploads\/2020\/11\/OILMAC-ouvert-4-300x225.jpg 300w, https:\/\/obera.fr\/wp-content\/uploads\/2020\/11\/OILMAC-ouvert-4-768x576.jpg 768w, https:\/\/obera.fr\/wp-content\/uploads\/2020\/11\/OILMAC-ouvert-4.jpg 1280w\" sizes=\"(max-width: 1024px) 100vw, 1024px\" \/><figcaption class=\"wp-element-caption\">OILMAC a\u00e7\u0131k<\/figcaption><\/figure>\n\n\n\n<figure class=\"wp-block-image size-large\"><img decoding=\"async\" width=\"1024\" height=\"768\" data-id=\"2029\" src=\"https:\/\/obera.fr\/wp-content\/uploads\/2020\/11\/OILMAC-ouvert-3-1024x768.jpg\" alt=\"Oilmac A\u00e7\u0131k 3\" class=\"wp-image-2029\" srcset=\"https:\/\/obera.fr\/wp-content\/uploads\/2020\/11\/OILMAC-ouvert-3-1024x768.jpg 1024w, https:\/\/obera.fr\/wp-content\/uploads\/2020\/11\/OILMAC-ouvert-3-300x225.jpg 300w, https:\/\/obera.fr\/wp-content\/uploads\/2020\/11\/OILMAC-ouvert-3-768x576.jpg 768w, https:\/\/obera.fr\/wp-content\/uploads\/2020\/11\/OILMAC-ouvert-3.jpg 1280w\" sizes=\"(max-width: 1024px) 100vw, 1024px\" \/><figcaption class=\"wp-element-caption\">OILMAC a\u00e7\u0131k<\/figcaption><\/figure>\n\n\n\n<figure class=\"wp-block-image size-large\"><img decoding=\"async\" width=\"1024\" height=\"768\" data-id=\"2028\" src=\"https:\/\/obera.fr\/wp-content\/uploads\/2020\/11\/OILMAC-ouvert-2-1024x768.jpg\" alt=\"Oilmac Ouvert 2\" class=\"wp-image-2028\" srcset=\"https:\/\/obera.fr\/wp-content\/uploads\/2020\/11\/OILMAC-ouvert-2-1024x768.jpg 1024w, https:\/\/obera.fr\/wp-content\/uploads\/2020\/11\/OILMAC-ouvert-2-300x225.jpg 300w, https:\/\/obera.fr\/wp-content\/uploads\/2020\/11\/OILMAC-ouvert-2-768x576.jpg 768w, https:\/\/obera.fr\/wp-content\/uploads\/2020\/11\/OILMAC-ouvert-2.jpg 1280w\" sizes=\"(max-width: 1024px) 100vw, 1024px\" \/><figcaption class=\"wp-element-caption\">OILMAC a\u00e7\u0131k<\/figcaption><\/figure>\n<\/figure>\n\n\n\n<h2 class=\"wp-block-heading\">Ya\u011f bu\u011fular\u0131, em\u00fclsiyonlar, dumanlar ve aerosoller i\u00e7in filtrenin avantajlar\u0131<\/h2>\n\n\n\n<div class=\"wp-block-columns is-layout-flex wp-container-core-columns-is-layout-28f84493 wp-block-columns-is-layout-flex\">\n<div class=\"wp-block-column is-layout-flow wp-block-column-is-layout-flow\">\n<h3 class=\"wp-block-heading has-text-align-center\"><strong>Avantajlar<\/strong><\/h3>\n\n\n\n<ul class=\"wp-block-list\">\n<li>\u00dcretim makinesine kolay ba\u011flant\u0131<\/li>\n\n\n\n<li>420 ila 3300 m3\/h aras\u0131nda 4 g\u00fc\u00e7 seviyesinde mevcuttur<\/li>\n\n\n\n<li>Kompakt sistem<\/li>\n\n\n\n<li>Etkili hava i\u015fleme i\u00e7in 4 a\u015famal\u0131 filtreleme<\/li>\n\n\n\n<li>Aletsiz filtre de\u011fi\u015fimi ve bak\u0131m\u0131<\/li>\n<\/ul>\n<\/div>\n\n\n\n<div class=\"wp-block-column is-layout-flow wp-block-column-is-layout-flow\">\n<h3 class=\"wp-block-heading has-text-align-center\"><strong>\u00d6zel \u00f6zellikler<\/strong><\/h3>\n\n\n\n<ul class=\"wp-block-list\">\n<li>Patentli aletsiz filtre de\u011fi\u015ftirme sistemi<\/li>\n\n\n\n<li>Cihaz\u0131n manuel olarak temizlenmesi<\/li>\n\n\n\n<li>Mekanik filtrasyon<\/li>\n\n\n\n<li>Sabit filtrasyon \u00fcnitesi olarak da kullan\u0131labilir<\/li>\n<\/ul>\n<\/div>\n\n\n\n<div class=\"wp-block-column is-layout-flow wp-block-column-is-layout-flow\">\n<h3 class=\"wp-block-heading has-text-align-center\"><strong>\u00d6zellikler<\/strong><\/h3>\n\n\n\n<ul class=\"wp-block-list\">\n<li>Ya\u011f bu\u011fular\u0131n\u0131n ve em\u00fclsiyonlar\u0131n\u0131n, dumanlar\u0131n ve aerosollerin ekstraksiyonu<\/li>\n\n\n\n<li>Do\u011frudan bir NC i\u015fleme merkezine kurulum<\/li>\n<\/ul>\n<\/div>\n<\/div>\n\n\n\n<h2 class=\"wp-block-heading\">Uygulamalar<\/h2>\n\n\n\n<div class=\"wp-block-columns is-layout-flex wp-container-core-columns-is-layout-28f84493 wp-block-columns-is-layout-flex\">\n<div class=\"wp-block-column is-layout-flow wp-block-column-is-layout-flow\">\n<h3 class=\"wp-block-heading has-text-align-center\">Kirleticiler<\/h3>\n\n\n\n<hr class=\"wp-block-separator has-css-opacity is-style-wide\"\/>\n\n\n\n<div class=\"wp-block-columns is-layout-flex wp-container-core-columns-is-layout-28f84493 wp-block-columns-is-layout-flex\">\n<div class=\"wp-block-column is-layout-flow wp-block-column-is-layout-flow\">\n<figure class=\"wp-block-image aligncenter size-large\"><img decoding=\"async\" width=\"70\" height=\"70\" src=\"https:\/\/obera.fr\/wp-content\/uploads\/2020\/08\/industrie-brouillard-huile.jpg\" alt=\"End\u00fcstri Sis Ya\u011f\u0131\" class=\"wp-image-721\"\/><figcaption class=\"wp-element-caption\">Ya\u011f buhar\u0131<\/figcaption><\/figure>\n<\/div>\n\n\n\n<div class=\"wp-block-column is-layout-flow wp-block-column-is-layout-flow\">\n<figure class=\"wp-block-image aligncenter size-large\"><img decoding=\"async\" width=\"70\" height=\"70\" src=\"https:\/\/obera.fr\/wp-content\/uploads\/2020\/08\/industrie-fumees.jpg\" alt=\"End\u00fcstri Duman\u0131\" class=\"wp-image-722\"\/><figcaption class=\"wp-element-caption\">Dumanlar<\/figcaption><\/figure>\n\n\n\n<figure class=\"wp-block-image aligncenter size-large\"><img decoding=\"async\" width=\"70\" height=\"70\" src=\"https:\/\/obera.fr\/wp-content\/uploads\/2020\/09\/cov.png\" alt=\"Cov\" class=\"wp-image-959\"\/><figcaption class=\"wp-element-caption\">VOCS<\/figcaption><\/figure>\n<\/div>\n<\/div>\n<\/div>\n\n\n\n<div class=\"wp-block-column is-layout-flow wp-block-column-is-layout-flow\">\n<h3 class=\"wp-block-heading has-text-align-center\">End\u00fcstriler<\/h3>\n\n\n\n<hr class=\"wp-block-separator has-css-opacity is-style-wide\"\/>\n\n\n\n<div class=\"wp-block-columns is-layout-flex wp-container-core-columns-is-layout-28f84493 wp-block-columns-is-layout-flex\">\n<div class=\"wp-block-column is-layout-flow wp-block-column-is-layout-flow\">\n<figure class=\"wp-block-image aligncenter size-large\"><img decoding=\"async\" width=\"70\" height=\"70\" src=\"https:\/\/obera.fr\/wp-content\/uploads\/2020\/08\/industrie-metallurgie.jpg\" alt=\"Metalurji end\u00fcstrisi\" class=\"wp-image-673\"\/><figcaption class=\"wp-element-caption\">Metalurji<\/figcaption><\/figure>\n<\/div>\n\n\n\n<div class=\"wp-block-column is-layout-flow wp-block-column-is-layout-flow\"><\/div>\n<\/div>\n<\/div>\n<\/div>\n\n\n\n<div class=\"wp-block-buttons is-horizontal is-content-justification-center is-layout-flex wp-container-core-buttons-is-layout-03627597 wp-block-buttons-is-layout-flex\">\n<div class=\"wp-block-button has-custom-width wp-block-button__width-100\"><a class=\"wp-block-button__link wp-element-button\" href=\"https:\/\/obera.fr\/tr\/bize-ulasin\/\">Daha fazla bilgi edin<\/a><\/div>\n<\/div>\n\n\n\n<h2 class=\"wp-block-heading\">Teknik \u00f6zellikler<\/h2>\n\n\n\n<figure class=\"wp-block-table\"><table class=\"has-fixed-layout\"><thead><tr><th>Cihaz<\/th><th><\/th><th>OILMAC 400<\/th><th>OILMAC 800<\/th><th>OILMAC 1600<\/th><th>OILMAC 3000<\/th><\/tr><\/thead><tbody><tr><td>Ak\u0131\u015f<\/td><td>m3\/h<\/td><td>420<\/td><td>840<\/td><td>1 800<\/td><td>3 300<\/td><\/tr><tr><td>Giri\u015f \u00e7ap\u0131<\/td><td>mm<\/td><td>150<\/td><td>200<\/td><td>250<\/td><td>300<\/td><\/tr><tr><td>Besleme gerilimi<\/td><td>V<\/td><td>230<\/td><td>400<\/td><td>400<\/td><td>400<\/td><\/tr><tr><td>G\u00fc\u00e7<\/td><td>kW<\/td><td>0.24<\/td><td>0.55<\/td><td>1.1<\/td><td>2.2<\/td><\/tr><tr><td>Boyutlar<\/td><td>l\/L\/h (mm)<\/td><td>640x650x510<\/td><td>1140x685x475<\/td><td>1270x685x805<\/td><td>1790x650x1265<\/td><\/tr><tr><td>A\u011f\u0131rl\u0131k<\/td><td>kg<\/td><td>50<\/td><td>80<\/td><td>130<\/td><td>220<\/td><\/tr><tr><td>G\u00fcr\u00fclt\u00fc seviyesi<\/td><td>dB(A)<\/td><td>66<\/td><td>69<\/td><td>71<\/td><td>74<\/td><\/tr><\/tbody><\/table><\/figure>\n\n\n\n<div class=\"wp-block-buttons is-content-justification-center is-layout-flex wp-container-core-buttons-is-layout-a89b3969 wp-block-buttons-is-layout-flex\">\n<div class=\"wp-block-button is-style-outline is-style-outline--2\"><a class=\"wp-block-button__link wp-element-button\" href=\"https:\/\/obera.fr\/wp-content\/uploads\/2024\/02\/brochure-oilmac.pdf\">\u00dcr\u00fcn sayfas\u0131n\u0131 indirin<\/a><\/div>\n<\/div>\n\n\n\n<hr class=\"wp-block-separator has-css-opacity is-style-dots\"\/>\n\n\n\n<h2 class=\"wp-block-heading\">OberA markal\u0131 di\u011fer ya\u011f buhar\u0131 filtreleri<\/h2>\n\n\n\n<div class=\"wp-block-columns is-layout-flex wp-container-core-columns-is-layout-28f84493 wp-block-columns-is-layout-flex\">\n<div class=\"wp-block-column is-layout-flow wp-block-column-is-layout-flow\">\n<figure class=\"wp-block-image aligncenter size-medium\"><a href=\"https:\/\/obera.fr\/produits\/filtres-brouillard-huile\/afs\/\"><img decoding=\"async\" width=\"300\" height=\"300\" src=\"https:\/\/obera.fr\/wp-content\/uploads\/2020\/08\/AFS-installation-centralisee-brouillards-huiles-300x300.png\" alt=\"Afs Installation Centralisee Brouillards Huiles\" class=\"wp-image-643\" srcset=\"https:\/\/obera.fr\/wp-content\/uploads\/2020\/08\/AFS-installation-centralisee-brouillards-huiles-300x300.png 300w, https:\/\/obera.fr\/wp-content\/uploads\/2020\/08\/AFS-installation-centralisee-brouillards-huiles-150x150.png 150w, https:\/\/obera.fr\/wp-content\/uploads\/2020\/08\/AFS-installation-centralisee-brouillards-huiles.png 433w\" sizes=\"(max-width: 300px) 100vw, 300px\" \/><\/a><figcaption class=\"wp-element-caption\">AFS<\/figcaption><\/figure>\n<\/div>\n\n\n\n<div class=\"wp-block-column is-layout-flow wp-block-column-is-layout-flow\"><\/div>\n<\/div>\n\n\n\n<p><\/p>\n","protected":false},"excerpt":{"rendered":"<p>OILMAC genellikle do\u011frudan \u00fcretim makinesine monte edilir ve esnek bir k\u0131l\u0131f arac\u0131l\u0131\u011f\u0131yla ba\u011flan\u0131r. Bu cihaz, i\u015fleme prosesi s\u0131ras\u0131nda olu\u015fan ya\u011f buhar\u0131 ve dumanla y\u00fckl\u00fc havay\u0131 temizlemek i\u00e7in 4 filtreleme a\u015famas\u0131na sahiptir. Filtrelenen partik\u00fcller do\u011frudan \u00fcretim makinesine yeniden verilebilir. HEPA 13 terminal filtre ile %99,95&#8217;in \u00fczerinde ultra verimli filtreleme sayesinde, ar\u0131t\u0131lan hava do\u011frudan \u00e7al\u0131\u015fma alan\u0131na yeniden verilebilir. Ya\u011f bu\u011fular\u0131, em\u00fclsiyonlar, dumanlar ve aerosoller i\u00e7in filtrenin avantajlar\u0131 Avantajlar \u00d6zel \u00f6zellikler \u00d6zellikler Uygulamalar Kirleticiler End\u00fcstriler Teknik \u00f6zellikler Cihaz OILMAC 400 OILMAC 800 OILMAC 1600 OILMAC 3000 Ak\u0131\u015f m3\/h 420 840 1 800 3 300 Giri\u015f \u00e7ap\u0131 mm 150 200 250 300 Besleme gerilimi &#8230; <\/p>\n<p class=\"read-more-container\"><a title=\"OILMAC ya\u011f buhar\u0131 filtresi\" class=\"read-more button\" href=\"https:\/\/obera.fr\/tr\/produits\/filtres-brouillard-huile\/oilmac\/#more-51728\" aria-label=\"Read more about OILMAC ya\u011f buhar\u0131 filtresi\">Lire la suite<\/a><\/p>\n","protected":false},"author":4,"featured_media":83752,"parent":52199,"menu_order":0,"comment_status":"closed","ping_status":"closed","template":"","meta":{"_acf_changed":false,"_seopress_robots_primary_cat":"","_seopress_titles_title":"Duman ve aerosoller i\u00e7in OILMAC ya\u011f buhar\u0131 filtresi","_seopress_titles_desc":"OILMAC, i\u015fleme prosesi s\u0131ras\u0131nda olu\u015fan ya\u011f buhar\u0131 ve dumanla y\u00fckl\u00fc havay\u0131 temizlemek i\u00e7in 4 filtreleme a\u015famas\u0131na sahiptir.","_seopress_robots_index":"","footnotes":""},"class_list":{"0":"post-51728","1":"page","2":"type-page","3":"status-publish","4":"has-post-thumbnail","6":"no-featured-image-padding","7":"resize-featured-image"},"acf":[],"_links":{"self":[{"href":"https:\/\/obera.fr\/tr\/wp-json\/wp\/v2\/pages\/51728","targetHints":{"allow":["GET"]}}],"collection":[{"href":"https:\/\/obera.fr\/tr\/wp-json\/wp\/v2\/pages"}],"about":[{"href":"https:\/\/obera.fr\/tr\/wp-json\/wp\/v2\/types\/page"}],"author":[{"embeddable":true,"href":"https:\/\/obera.fr\/tr\/wp-json\/wp\/v2\/users\/4"}],"replies":[{"embeddable":true,"href":"https:\/\/obera.fr\/tr\/wp-json\/wp\/v2\/comments?post=51728"}],"version-history":[{"count":5,"href":"https:\/\/obera.fr\/tr\/wp-json\/wp\/v2\/pages\/51728\/revisions"}],"predecessor-version":[{"id":107786,"href":"https:\/\/obera.fr\/tr\/wp-json\/wp\/v2\/pages\/51728\/revisions\/107786"}],"up":[{"embeddable":true,"href":"https:\/\/obera.fr\/tr\/wp-json\/wp\/v2\/pages\/52199"}],"wp:featuredmedia":[{"embeddable":true,"href":"https:\/\/obera.fr\/tr\/wp-json\/wp\/v2\/media\/83752"}],"wp:attachment":[{"href":"https:\/\/obera.fr\/tr\/wp-json\/wp\/v2\/media?parent=51728"}],"curies":[{"name":"wp","href":"https:\/\/api.w.org\/{rel}","templated":true}]}}