{"id":51758,"date":"2020-08-26T12:54:02","date_gmt":"2020-08-26T10:54:02","guid":{"rendered":"https:\/\/obera.fr\/kaynak-dumani-ve-lazer-ekstraksiyonu-epur-b-ex\/"},"modified":"2025-08-28T10:51:53","modified_gmt":"2025-08-28T08:51:53","slug":"aspiration-fumees-soudage-laser-epur-b-ex","status":"publish","type":"page","link":"https:\/\/obera.fr\/tr\/produits\/depoussiereurs-industriels\/petits\/aspiration-fumees-soudage-laser-epur-b-ex\/","title":{"rendered":"Kaynak duman\u0131 ve lazer ekstraksiyonu ePUR Ex"},"content":{"rendered":"\n<p><strong>EPUR Ex<\/strong>, ATEX sertifikal\u0131 3<a href=\"https:\/\/obera.fr\/tr\/produits\/depoussiereurs-industriels\/petits\/\" data-type=\"page\" data-id=\"393\">mobil hava tahliye<\/a> sisteminden olu\u015fan bir seridir.<\/p>\n\n\n<h2 class=\"wp-block-heading\">Kaynak\/lazer duman\u0131 emi\u015fi nas\u0131l \u00e7al\u0131\u015f\u0131r?<\/h2>\n\n<div class=\"wp-block-columns is-layout-flex wp-container-core-columns-is-layout-28f84493 wp-block-columns-is-layout-flex\">\n<div class=\"wp-block-column is-layout-flow wp-block-column-is-layout-flow\" style=\"flex-basis:33.33%\">\n<figure class=\"wp-block-image aligncenter size-full\"><img decoding=\"async\" width=\"600\" height=\"600\" src=\"https:\/\/obera.fr\/wp-content\/uploads\/2023\/10\/epurb-ex-1000-3000-5000.png\" alt=\"epurb ex 1000 3000 5000\" class=\"wp-image-25016\" srcset=\"https:\/\/obera.fr\/wp-content\/uploads\/2023\/10\/epurb-ex-1000-3000-5000.png 600w, https:\/\/obera.fr\/wp-content\/uploads\/2023\/10\/epurb-ex-1000-3000-5000-300x300.png 300w, https:\/\/obera.fr\/wp-content\/uploads\/2023\/10\/epurb-ex-1000-3000-5000-150x150.png 150w\" sizes=\"(max-width: 600px) 100vw, 600px\" \/><\/figure>\n<\/div>\n\n\n\n<div class=\"wp-block-column is-layout-flow wp-block-column-is-layout-flow\" style=\"flex-basis:66.66%\">\n<p>Kullan\u0131m\u0131 basittir: <strong>kirli hava do\u011frudan makineye ba\u011fl\u0131 esnek bir emme hortumu<\/strong>, bir emme kolu, bir emme davlumbaz\u0131 veya bir kanal a\u011f\u0131 arac\u0131l\u0131\u011f\u0131yla do\u011frudan bir \u00fcretim makinesine <strong>\u00e7ekilir<\/strong>.<\/p>\n\n\n\n<p><strong>Kirli hava<\/strong> yakalan\u0131r ve filtrasyonun \u00e7e\u015fitli a\u015famalar\u0131 ile ar\u0131t\u0131l\u0131r.<\/p>\n\n\n\n<p><strong>Ar\u0131t\u0131lan hava<\/strong> daha sonra bir egzoz kanal\u0131 a\u011f\u0131 kullan\u0131larak \u00fcnitenin alt\u0131ndan do\u011frudan \u00e7al\u0131\u015fma alan\u0131na veya d\u0131\u015far\u0131ya bo\u015falt\u0131l\u0131r.<\/p>\n\n\n\n<div style=\"height:15px\" aria-hidden=\"true\" class=\"wp-block-spacer\"><\/div>\n\n\n\n<div class=\"wp-block-columns is-layout-flex wp-container-core-columns-is-layout-28f84493 wp-block-columns-is-layout-flex\">\n<div class=\"wp-block-column is-layout-flow wp-block-column-is-layout-flow\" style=\"flex-basis:33.34%\">\n<div class=\"wp-block-buttons is-content-justification-center is-layout-flex wp-container-core-buttons-is-layout-a89b3969 wp-block-buttons-is-layout-flex\">\n<div class=\"wp-block-button\"><a class=\"wp-block-button__link wp-element-button\" href=\"https:\/\/obera.fr\/wp-content\/uploads\/2025\/04\/brochure-epur-ex-fr.pdf\">Bro\u015f\u00fcr\u00fc indirin<\/a><\/div>\n<\/div>\n<\/div>\n\n\n\n<div class=\"wp-block-column is-layout-flow wp-block-column-is-layout-flow\" style=\"flex-basis:33.34%\">\n<div class=\"wp-block-buttons is-horizontal is-content-justification-center is-layout-flex wp-container-core-buttons-is-layout-03627597 wp-block-buttons-is-layout-flex\">\n<div class=\"wp-block-button has-custom-width wp-block-button__width-100\"><a class=\"wp-block-button__link wp-element-button\" href=\"https:\/\/obera.fr\/tr\/bize-ulasin\/\">Daha fazla bilgi edin<\/a><\/div>\n<\/div>\n<\/div>\n\n\n\n<div class=\"wp-block-column is-layout-flow wp-block-column-is-layout-flow\" style=\"flex-basis:33.33%\">\n<div class=\"wp-block-buttons is-content-justification-center is-layout-flex wp-container-core-buttons-is-layout-a89b3969 wp-block-buttons-is-layout-flex\">\n<div class=\"wp-block-button btn-devis-source\"><a class=\"wp-block-button__link wp-element-button\" href=\"https:\/\/obera.fr\/tr\/devis\/\">Fiyat teklifi isteyin<\/a><\/div>\n<\/div>\n\n\n<script>\r\ndocument.addEventListener('DOMContentLoaded', function() {\r\n    \/\/ 1. On cherche le titre H1 de la page\r\n    var h1 = document.querySelector('h1');\r\n    var productTitle = h1 ? h1.innerText.trim() : \"\";\r\n\r\n    \/\/ 2. On cherche les boutons via la classe CSS .btn-devis-source\r\n    var buttons = document.querySelectorAll('.btn-devis-source a');\r\n\r\n    \/\/ 3. Si on a le titre et les boutons, on ajoute le param\u00e8tre\r\n    if (buttons.length > 0 && productTitle !== \"\") {\r\n        var encodedTitle = encodeURIComponent(productTitle);\r\n\r\n        buttons.forEach(function(btn) {\r\n            var currentHref = btn.getAttribute('href');\r\n            \r\n            \/\/ S\u00e9curit\u00e9 pour ne pas ajouter le param\u00e8tre 2 fois\r\n            if (currentHref.indexOf('sujet=') === -1) {\r\n                var separator = currentHref.indexOf('?') !== -1 ? '&' : '?';\r\n                var newLink = currentHref + separator + 'sujet=' + encodedTitle;\r\n                \r\n                btn.setAttribute('href', newLink);\r\n            }\r\n        });\r\n    }\r\n});\r\n<\/script><\/div>\n<\/div>\n<\/div>\n<\/div>\n\n<h2 class=\"wp-block-heading\">Hangi kullan\u0131mlar i\u00e7in?<\/h2>\n\n<p>Bu emi\u015f \u00fcniteleri <strong>kaynak<\/strong> ve <strong>lehim<\/strong> <strong>dumanlar\u0131n\u0131<\/strong>, <strong>tozlar\u0131<\/strong>, <strong>buharlar\u0131<\/strong>, <strong>solventleri<\/strong>, <strong>gazlar\u0131<\/strong>, <strong>kokular\u0131<\/strong> ve her t\u00fcrl\u00fc <strong>gazl\u0131<\/strong> <strong>kirleticiyi<\/strong> emmek i\u00e7in tasarlanm\u0131\u015ft\u0131r. \u00dcniteler tekerlekler \u00fczerine monte edilmi\u015ftir ve <a href=\"https:\/\/obera.fr\/tr\/produits\/depoussiereurs-industriels\/fixes\/\">sabit veya mobil i\u015f istasyonlar\u0131n\u0131<\/a> (en fazla 3 i\u015f istasyonu veya \u00fcretim makinesi) emmek i\u00e7in kullan\u0131labilir. Kompakt ve yerden tasarruf sa\u011flayan bu \u00fcniteler her t\u00fcr end\u00fcstri i\u00e7in uygundur. <a href=\"https:\/\/obera.fr\/tr\/produits\/atex\/\" data-type=\"page\" data-id=\"372\">ATEX sertifikal\u0131d\u0131r<\/a>, ATEX22 b\u00f6lgelerinde kullan\u0131lmak \u00fczere tasarlanm\u0131\u015ft\u0131r.  <\/p>\n\n<p><strong>EPUR Ex serisi<\/strong>, doygunluk filtreleriyle (doygunlu\u011fa ula\u015ft\u0131\u011f\u0131nda de\u011fi\u015ftirilmek \u00fczere) donat\u0131lm\u0131\u015ft\u0131r, bu da toz veya duman y\u00fck\u00fcn\u00fcn nispeten d\u00fc\u015f\u00fck oldu\u011fu anlam\u0131na gelir. Daha y\u00fcksek kirlilik y\u00fckleri ve b\u00fcy\u00fck miktarlarda toz i\u00e7in, <a href=\"https:\/\/obera.fr\/tr\/produits\/depoussiereurs-industriels\/mobiles\/extracteur-poussiere-dustomat-4\/\" data-type=\"page\" data-id=\"440\">DUSTOMAT<\/a> veya <a href=\"https:\/\/obera.fr\/tr\/produits\/depoussiereurs-industriels\/fixes\/aspiration-centralisee-industrielle-dustmac\/\" data-type=\"page\" data-id=\"467\">DUSTMAC<\/a>&#8230;. serileri gibi yenilenebilir (t\u0131kanmaz) filtre ortamlar\u0131 se\u00e7ilmelidir. <\/p>\n\n<div class=\"wp-block-columns is-layout-flex wp-container-core-columns-is-layout-28f84493 wp-block-columns-is-layout-flex\">\n<div class=\"wp-block-column is-layout-flow wp-block-column-is-layout-flow\">\n<h3 class=\"wp-block-heading has-text-align-center\">Kirleticiler<\/h3>\n\n\n\n<hr class=\"wp-block-separator has-css-opacity is-style-wide\"\/>\n\n\n\n<div class=\"wp-block-columns is-layout-flex wp-container-core-columns-is-layout-28f84493 wp-block-columns-is-layout-flex\">\n<div class=\"wp-block-column is-layout-flow wp-block-column-is-layout-flow\">\n<figure class=\"wp-block-image aligncenter size-large\"><img decoding=\"async\" width=\"70\" height=\"70\" src=\"https:\/\/obera.fr\/wp-content\/uploads\/2020\/08\/industrie-chimie.jpg\" alt=\"Kimya end&#xFC;strisi\" class=\"wp-image-725\"\/><figcaption class=\"wp-element-caption\">Kimyasal toz<\/figcaption><\/figure>\n\n\n\n<figure class=\"wp-block-image aligncenter size-large\"><img decoding=\"async\" width=\"70\" height=\"70\" src=\"https:\/\/obera.fr\/wp-content\/uploads\/2020\/08\/industrie-odeur.jpg\" alt=\"End&#xFC;stri Kokusu\" class=\"wp-image-723\"\/><figcaption class=\"wp-element-caption\">Kokular<\/figcaption><\/figure>\n<\/div>\n\n\n\n<div class=\"wp-block-column is-layout-flow wp-block-column-is-layout-flow\">\n<figure class=\"wp-block-image aligncenter size-large\"><img decoding=\"async\" width=\"70\" height=\"70\" src=\"https:\/\/obera.fr\/wp-content\/uploads\/2020\/08\/industrie-fumees.jpg\" alt=\"End&#xFC;stri Duman&#x131;\" class=\"wp-image-722\"\/><figcaption class=\"wp-element-caption\">Dumanlar<\/figcaption><\/figure>\n\n\n\n<figure class=\"wp-block-image aligncenter size-large\"><img decoding=\"async\" width=\"70\" height=\"70\" src=\"https:\/\/obera.fr\/wp-content\/uploads\/2020\/09\/cov.png\" alt=\"Cov\" class=\"wp-image-959\"\/><figcaption class=\"wp-element-caption\">VOCS<\/figcaption><\/figure>\n<\/div>\n<\/div>\n<\/div>\n\n\n\n<div class=\"wp-block-column is-layout-flow wp-block-column-is-layout-flow\">\n<h3 class=\"wp-block-heading has-text-align-center\">End\u00fcstriler<\/h3>\n\n\n\n<hr class=\"wp-block-separator has-css-opacity is-style-wide\"\/>\n\n\n\n<p class=\"has-text-align-center\">Her t\u00fcr end\u00fcstri i\u00e7in uygundur<\/p>\n<\/div>\n<\/div>\n\n<h2 class=\"wp-block-heading\">ePUR Ex&#8217;in \u00f6zellikleri nelerdir?<\/h2>\n\n<p><strong>ePUR Ex 1000, 3000 ve 5000,<\/strong> <strong>3 a\u015famaya kadar y\u00fcksek performansl\u0131 filtreleme<\/strong> i\u00e7erebilir. 13\/14 HEPA filtre ve 6 kg aktif karbon i\u00e7eren 2 a\u015famal\u0131 olmak \u00fczere \u00e7e\u015fitli konfig\u00fcrasyonlar m\u00fcmk\u00fcnd\u00fcr. Ya da ihtiya\u00e7lar\u0131n\u0131za g\u00f6re yap\u0131land\u0131r\u0131labilen bir ilk filtre ve ard\u0131ndan yar\u0131s\u0131 HEPA 13\/14 ve yar\u0131s\u0131 aktif karbon (3 kg) olan ba\u015fka bir filtre ile 3 a\u015famada.  <\/p>\n\n<p>Serideki orta boy \u00fcnite olan<strong>ePUR Ex 3000<\/strong> i\u00e7in, ihtiya\u00e7lar\u0131n\u0131za g\u00f6re tamamen yap\u0131land\u0131r\u0131labilen bir ilk filtre bulacaks\u0131n\u0131z. \u0130kinci filtre kutusu, 5,6m\u00b2 filtreleme y\u00fczey alan\u0131na sahip bir HEPA 13\/14&#8217;t\u00fcr. Son olarak, \u00fc\u00e7\u00fcnc\u00fc filtre kutusu 6 kg a\u011f\u0131rl\u0131\u011f\u0131nda bir aktif karbon kasetidir. Maksimum ak\u0131\u015f h\u0131z\u0131 <strong>260 m3\/saattir <\/strong>(y\u00fck alt\u0131nda). 65 kg a\u011f\u0131rl\u0131\u011f\u0131nda ve 99 cm y\u00fcksekli\u011findedir (filtresiz a\u011f\u0131rl\u0131k).    <\/p>\n\n<p><strong>ePUR Ex 5000<\/strong>&#8216;in fark\u0131, <strong>2800 m3\/saat&#8217;lik y\u00fcksek ak\u0131\u015f h\u0131z\u0131yla<\/strong> emi\u015f g\u00fcc\u00fcnde yatmaktad\u0131r. Filtreleri, \u00f6nceki 2 modelde oldu\u011fu gibi \u00f6zelle\u015ftirilebilir. Cihaz standart olarak 19m\u00b2 filtre y\u00fczeyine sahip E10 \u00f6n filtre ve 20m\u00b2 filtre y\u00fczeyine sahip H14 HEPA filtre ile birlikte gelir.  <\/p>\n\n<p>ePUR Ex 1000 63 cm y\u00fckseklik i\u00e7in 58 kg a\u011f\u0131rl\u0131\u011f\u0131nda ve ePUR Ex 5000 159 cm y\u00fckseklik i\u00e7in 240 kg a\u011f\u0131rl\u0131\u011f\u0131ndad\u0131r (filtreli a\u011f\u0131rl\u0131k).<\/p>\n\n<p>\u00c7al\u0131\u015fma s\u0131ras\u0131ndaki g\u00fcr\u00fclt\u00fc seviyeleri nispeten d\u00fc\u015f\u00fckt\u00fcr (62db). Paslanmaz \u00e7elik malzemeleri onlar\u0131 sa\u011flam ve g\u00fcvenilir k\u0131lar. Ayr\u0131ca kolay yap\u0131land\u0131rma i\u00e7in bir kontrol ekran\u0131 ile donat\u0131lm\u0131\u015ft\u0131r.<\/p>\n\n<figure class=\"wp-block-table\"><table class=\"has-fixed-layout\"><thead><tr><th>Cihaz<\/th><th><\/th><th>ePUR Ex 1000<\/th><th>ePUR Ex 3000<\/th><th>ePUR Ex 5000<\/th><\/tr><\/thead><tbody><tr><td>Ak\u0131\u015f<\/td><td>m3\/h<\/td><td>350<\/td><td>460<\/td><td>2.800<\/td><\/tr><tr><td>Giri\u015f \u00e7ap\u0131<\/td><td>mm<\/td><td>50<\/td><td>50<\/td><td>150<\/td><\/tr><tr><td>maksimum negatif bas\u0131n\u00e7<\/td><td>Pa<\/td><td>10 000<\/td><td>10 000<\/td><td>6000<\/td><\/tr><tr><td>Besleme gerilimi<\/td><td>V<\/td><td>230 (veya 110)<\/td><td>230 (veya 110)<\/td><td>400<\/td><\/tr><tr><td>G\u00fc\u00e7<\/td><td>kW<\/td><td>1.1<\/td><td>1.1<\/td><td>2.4<\/td><\/tr><tr><td>Filtreleme y\u00fczeyi 1. kat<\/td><td>m\u00b2<\/td><td>2.2<\/td><td>2.5<\/td><td>19<\/td><\/tr><tr><td>Filtre y\u00fczeyi 2. kat<\/td><td>m\u00b2<\/td><td>2.8<\/td><td>5.6<\/td><td>20<\/td><\/tr><tr><td>Aktif karbon miktar\u0131 3. a\u015fama<\/td><td>kg<\/td><td>3<\/td><td>5.8<\/td><td>X<\/td><\/tr><tr><td>Boyutlar<\/td><td>l\/L\/h (mm)<\/td><td>436 x 527 x 638<\/td><td>430 x 400 x 996 mm<\/td><td>780 x 970 x 1590<\/td><\/tr><tr><td>A\u011f\u0131rl\u0131k (filtresiz)<\/td><td>kg<\/td><td>58<\/td><td>65<\/td><td>240<\/td><\/tr><tr><td>G\u00fcr\u00fclt\u00fc seviyesi<\/td><td>dB(A)<\/td><td>62<\/td><td>62<\/td><td>75<\/td><\/tr><\/tbody><\/table><\/figure>\n\n<h2 class=\"wp-block-heading\">Elektronik kaynak duman\u0131 emme ekipman\u0131m\u0131z\u0131n avantajlar\u0131 nelerdir?<\/h2>\n\n<p><\/p>\n\n<div class=\"wp-block-columns is-layout-flex wp-container-core-columns-is-layout-28f84493 wp-block-columns-is-layout-flex\">\n<div class=\"wp-block-column is-layout-flow wp-block-column-is-layout-flow\" style=\"flex-basis:25%\"><\/div>\n\n\n\n<div class=\"wp-block-column is-layout-flow wp-block-column-is-layout-flow\" style=\"flex-basis:50%\">\n<figure class=\"wp-block-embed is-type-video is-provider-youtube wp-block-embed-youtube wp-embed-aspect-16-9 wp-has-aspect-ratio\"><div class=\"wp-block-embed__wrapper\">\n<iframe title=\"TRAITEMENT COV, ODEURS, POUSSI\u00c8RES ET POLLUANTS GAZEUX - ePUR EX1000 - Obera\" width=\"1200\" height=\"675\" src=\"https:\/\/www.youtube.com\/embed\/05A45bNzFEY?feature=oembed\" frameborder=\"0\" allow=\"accelerometer; autoplay; clipboard-write; encrypted-media; gyroscope; picture-in-picture; web-share\" referrerpolicy=\"strict-origin-when-cross-origin\" allowfullscreen><\/iframe>\n<\/div><\/figure>\n\n\n\n<p><\/p>\n<\/div>\n\n\n\n<div class=\"wp-block-column is-layout-flow wp-block-column-is-layout-flow\" style=\"flex-basis:25%\"><\/div>\n<\/div>\n\n<p>Pek \u00e7ok avantaj\u0131 vard\u0131r, ancak her \u015feyden \u00f6nce <strong>\u00e7al\u0131\u015fanlar\u0131n<\/strong> maruz kalabilecekleri bir\u00e7ok solunum ve cilt hastal\u0131\u011f\u0131na kar\u015f\u0131 <strong>korunmas\u0131d\u0131r<\/strong>. Bir di\u011fer avantaj ise \u00fcretim ara\u00e7lar\u0131n\u0131n korunmas\u0131d\u0131r; bu da daha az ar\u0131za ve daha uzun tak\u0131m \u00f6mr\u00fc anlam\u0131na gelir. Mevcut farkl\u0131 filtre konfig\u00fcrasyonlar\u0131, eldeki soruna tam olarak uyarlanabilecekleri anlam\u0131na gelir.    <\/p>\n\n<blockquote class=\"wp-block-quote is-layout-flow wp-block-quote-is-layout-flow\">\n<p>D\u00fc\u015f\u00fck \u00e7al\u0131\u015fma g\u00fcr\u00fclt\u00fcs\u00fc, do\u011frudan \u00e7al\u0131\u015fma alan\u0131na monte edilebilece\u011fi anlam\u0131na gelir.  <\/p>\n<\/blockquote>\n\n<p>Cihazlar, daha dayan\u0131kl\u0131 olmalar\u0131 i\u00e7in paslanmaz \u00e7elik gibi sa\u011flam malzemeler kullan\u0131larak tasarlanm\u0131\u015ft\u0131r. Filtreler h\u0131zl\u0131 ve kolay bir \u015fekilde de\u011fi\u015ftirilebilir. Optimize edilmi\u015f verimlilik ve sonsuz ayarlama i\u00e7in <strong>elektronik olarak kom\u00fctasyonlu EC fanlar<\/strong> kullan\u0131l\u0131r. Kontrol paneli, optimum kullan\u0131m kolayl\u0131\u011f\u0131 i\u00e7in uzaktan kumanda ve \u00fcnitenin durumunun g\u00f6r\u00fcnt\u00fclenmesi (t\u0131kal\u0131, delinmi\u015f filtre vb.) dahil olmak \u00fczere \u00e7ok \u00e7e\u015fitli ayarlar sunar. Yasalara g\u00f6re, cihazlar\u0131m\u0131z Mesleki Maruz Kalma S\u0131n\u0131r\u0131na (OEL) uyman\u0131z\u0131 sa\u011flar.    <\/p>\n\n<div class=\"wp-block-columns is-layout-flex wp-container-core-columns-is-layout-28f84493 wp-block-columns-is-layout-flex\">\n<div class=\"wp-block-column is-layout-flow wp-block-column-is-layout-flow\">\n<h3 class=\"wp-block-heading has-text-align-center\">Avantajlar<\/h3>\n\n\n\n<ul class=\"wp-block-list\">\n<li>3 a\u015famal\u0131 y\u00fcksek performansl\u0131 filtreleme<\/li>\n\n\n\n<li>Susturucu<\/li>\n\n\n\n<li>Filtrasyon a\u015famalar\u0131n\u0131n h\u0131zl\u0131 ve kolay de\u011fi\u015ftirilmesi<\/li>\n\n\n\n<li>Mobil ve yerden tasarruf sa\u011flayan<\/li>\n\n\n\n<li>En fazla 3 i\u015f istasyonunu veya \u00fcretim makinesini vakumlamak i\u00e7in kullan\u0131labilir<\/li>\n<\/ul>\n<\/div>\n\n\n\n<div class=\"wp-block-column is-layout-flow wp-block-column-is-layout-flow\">\n<h3 class=\"wp-block-heading has-text-align-center\">\u00d6zel \u00f6zellikler<\/h3>\n\n\n\n<ul class=\"wp-block-list\">\n<li>ATEX sertifikas\u0131<\/li>\n\n\n\n<li>Optimize edilmi\u015f verimlilik ve sonsuz ayarlanabilirlik i\u00e7in elektronik kom\u00fctasyonlu EC fan<\/li>\n\n\n\n<li>Geni\u015f bir aksesuar yelpazesi ile yap\u0131land\u0131r\u0131labilir<\/li>\n<\/ul>\n<\/div>\n\n\n\n<div class=\"wp-block-column is-layout-flow wp-block-column-is-layout-flow\">\n<h3 class=\"wp-block-heading has-text-align-center\">\u00d6zellikler<\/h3>\n\n\n\n<ul class=\"wp-block-list\">\n<li>Kokular\u0131, VOC&#8217;leri ve di\u011fer gaz kirleticileri ortadan kald\u0131rarak hava kalitesini \u00f6nemli \u00f6l\u00e7\u00fcde iyile\u015ftirir.<\/li>\n<\/ul>\n<\/div>\n<\/div>\n\n<h2 class=\"wp-block-heading\">Do\u011fru toz toplama sistemini nas\u0131l se\u00e7erim?<\/h2>\n\n<p>Ar\u0131zaya yol a\u00e7abilecek erken a\u015f\u0131nma ve y\u0131pranmay\u0131 \u00f6nlemek i\u00e7in do\u011fru toz toplay\u0131c\u0131y\u0131 se\u00e7mek \u00e7ok \u00f6nemlidir.<\/p>\n\n<p>ePUR Ex serisi <strong>g\u00fc\u00e7l\u00fc<\/strong>, <strong>basit<\/strong>, <strong>kompakt<\/strong> ve doygunluk filtreleri ile donat\u0131lm\u0131\u015ft\u0131r. Medya \u00f6mr\u00fcn\u00fc optimize etmek i\u00e7in filtreleme a\u015famalar\u0131n\u0131n kombinasyonunu \u00f6zg\u00fcrce ve mant\u0131kl\u0131 bir \u015fekilde se\u00e7ebilirsiniz. Bununla birlikte, doygunluk partik\u00fcl filtrelerinin \u00e7\u0131karmak istedi\u011finiz toz ve duman miktarlar\u0131na uygun oldu\u011fundan emin olun. Di\u011fer \u00fcniteler rejeneratif filtre medyas\u0131 ile mevcuttur.   <\/p>\n\n<p>Ara\u015ft\u0131rmay\u0131 kendiniz yap\u0131yorsan\u0131z, \u00fcnitenin filtreleme kapasitesi hakk\u0131nda bilgi edindi\u011finizden emin olun. Bu, kirletici maddeye, partik\u00fcl boyutuna, durumuna (kat\u0131 veya gaz) ve konsantrasyonuna ba\u011fl\u0131 olacakt\u0131r. Bu ara\u015ft\u0131rma, toz toplay\u0131c\u0131n\u0131n sahip olmas\u0131 gereken ideal filtre t\u00fcr\u00fcn\u00fc se\u00e7menizi sa\u011flayacakt\u0131r. \u0130kinci olarak, \u00fcnitenin ne kadar g\u00fc\u00e7l\u00fc oldu\u011funu, ba\u015fka bir deyi\u015fle ak\u0131\u015f h\u0131z\u0131n\u0131 \u00f6\u011frenin. Bir kez daha, \u00fcnitenin ak\u0131\u015f h\u0131z\u0131 kirleticinizin miktar\u0131na ve ar\u0131t\u0131lacak odan\u0131n y\u00fczey alan\u0131na ba\u011fl\u0131 olacakt\u0131r.    Alan ne kadar b\u00fcy\u00fckse, o kadar fazla ak\u0131\u015fa ihtiyac\u0131n\u0131z olacakt\u0131r.<\/p>\n\n<p>Bir sonraki ad\u0131m, makinenin hangi aksesuarla donat\u0131laca\u011f\u0131na karar vermektir: \u00fcretim makinesine ba\u011fl\u0131 bir kanal veya bir i\u015f istasyonu i\u00e7in bir<a href=\"https:\/\/obera.fr\/tr\/produits\/bras-dispositifs-captation\/capot-industriel\/\"> emme kolu<\/a>.<\/p>\n\n<hr class=\"wp-block-separator has-css-opacity is-style-dots\"\/>\n\n<div class=\"wp-block-buttons is-horizontal is-content-justification-center is-layout-flex wp-container-core-buttons-is-layout-03627597 wp-block-buttons-is-layout-flex\">\n<div class=\"wp-block-button has-custom-width wp-block-button__width-100\"><a class=\"wp-block-button__link wp-element-button\" href=\"https:\/\/obera.fr\/tr\/bize-ulasin\/\">Daha fazla bilgi edin<\/a><\/div>\n<\/div>\n\n<h2 class=\"wp-block-heading\">OberA markal\u0131 di\u011fer k\u00fc\u00e7\u00fck toz toplay\u0131c\u0131lar<\/h2>\n\n<div class=\"wp-block-columns is-layout-flex wp-container-core-columns-is-layout-28f84493 wp-block-columns-is-layout-flex\">\n<div class=\"wp-block-column is-layout-flow wp-block-column-is-layout-flow\">\n<figure class=\"wp-block-image aligncenter size-medium\"><a href=\"https:\/\/obera.fr\/produits\/depoussiereurs-industriels\/petits\/jumbo\/\"><img decoding=\"async\" width=\"300\" height=\"300\" src=\"https:\/\/obera.fr\/wp-content\/uploads\/2020\/10\/jumbo-300x300.png\" alt=\"Jumbo\" class=\"wp-image-1171\" srcset=\"https:\/\/obera.fr\/wp-content\/uploads\/2020\/10\/jumbo-300x300.png 300w, https:\/\/obera.fr\/wp-content\/uploads\/2020\/10\/jumbo-150x150.png 150w, https:\/\/obera.fr\/wp-content\/uploads\/2020\/10\/jumbo.png 500w\" sizes=\"(max-width: 300px) 100vw, 300px\" \/><\/a><figcaption class=\"wp-element-caption\">Jumbo<\/figcaption><\/figure>\n<\/div>\n\n\n\n<div class=\"wp-block-column is-layout-flow wp-block-column-is-layout-flow\">\n<figure class=\"wp-block-image aligncenter size-medium\"><a href=\"https:\/\/obera.fr\/produits\/depoussiereurs-industriels\/petits\/tk-serie\/\"><img decoding=\"async\" width=\"300\" height=\"300\" src=\"https:\/\/obera.fr\/wp-content\/uploads\/2020\/11\/tk-series-300x300.jpg\" alt=\"TK Serisi\" class=\"wp-image-1607\" srcset=\"https:\/\/obera.fr\/wp-content\/uploads\/2020\/11\/tk-series-300x300.jpg 300w, https:\/\/obera.fr\/wp-content\/uploads\/2020\/11\/tk-series-150x150.jpg 150w, https:\/\/obera.fr\/wp-content\/uploads\/2020\/11\/tk-series.jpg 600w\" sizes=\"(max-width: 300px) 100vw, 300px\" \/><\/a><figcaption class=\"wp-element-caption\">TK Serisi<\/figcaption><\/figure>\n<\/div>\n\n\n\n<div class=\"wp-block-column is-layout-flow wp-block-column-is-layout-flow\">\n<figure class=\"wp-block-image aligncenter size-medium\"><a href=\"https:\/\/obera.fr\/produits\/depoussiereurs-industriels\/petits\/srf-t\/\"><img decoding=\"async\" width=\"300\" height=\"300\" src=\"https:\/\/obera.fr\/wp-content\/uploads\/2020\/10\/SRF-T-SF-300x300.png\" alt=\"Srf T Sf\" class=\"wp-image-1310\" srcset=\"https:\/\/obera.fr\/wp-content\/uploads\/2020\/10\/SRF-T-SF-300x300.png 300w, https:\/\/obera.fr\/wp-content\/uploads\/2020\/10\/SRF-T-SF-150x150.png 150w, https:\/\/obera.fr\/wp-content\/uploads\/2020\/10\/SRF-T-SF.png 600w\" sizes=\"(max-width: 300px) 100vw, 300px\" \/><\/a><figcaption class=\"wp-element-caption\">SRF-T<\/figcaption><\/figure>\n<\/div>\n<\/div>\n","protected":false},"excerpt":{"rendered":"<p>EPUR Ex, ATEX sertifikal\u0131 3mobil hava tahliye sisteminden olu\u015fan bir seridir. Kaynak\/lazer duman\u0131 emi\u015fi nas\u0131l \u00e7al\u0131\u015f\u0131r? Kullan\u0131m\u0131 basittir: kirli hava do\u011frudan makineye ba\u011fl\u0131 esnek bir emme hortumu, bir emme kolu, bir emme davlumbaz\u0131 veya bir kanal a\u011f\u0131 arac\u0131l\u0131\u011f\u0131yla do\u011frudan bir \u00fcretim makinesine \u00e7ekilir. Kirli hava yakalan\u0131r ve filtrasyonun \u00e7e\u015fitli a\u015famalar\u0131 ile ar\u0131t\u0131l\u0131r. Ar\u0131t\u0131lan hava daha sonra bir egzoz kanal\u0131 a\u011f\u0131 kullan\u0131larak \u00fcnitenin alt\u0131ndan do\u011frudan \u00e7al\u0131\u015fma alan\u0131na veya d\u0131\u015far\u0131ya bo\u015falt\u0131l\u0131r. Hangi kullan\u0131mlar i\u00e7in? Bu emi\u015f \u00fcniteleri kaynak ve lehim dumanlar\u0131n\u0131, tozlar\u0131, buharlar\u0131, solventleri, gazlar\u0131, kokular\u0131 ve her t\u00fcrl\u00fc gazl\u0131 kirleticiyi emmek i\u00e7in tasarlanm\u0131\u015ft\u0131r. \u00dcniteler tekerlekler \u00fczerine monte edilmi\u015ftir ve sabit veya &#8230; <\/p>\n<p class=\"read-more-container\"><a title=\"Kaynak duman\u0131 ve lazer ekstraksiyonu ePUR Ex\" class=\"read-more button\" href=\"https:\/\/obera.fr\/tr\/produits\/depoussiereurs-industriels\/petits\/aspiration-fumees-soudage-laser-epur-b-ex\/#more-51758\" aria-label=\"Read more about Kaynak duman\u0131 ve lazer ekstraksiyonu ePUR Ex\">Lire la suite<\/a><\/p>\n","protected":false},"author":4,"featured_media":83752,"parent":52154,"menu_order":0,"comment_status":"closed","ping_status":"closed","template":"","meta":{"_acf_changed":false,"_seopress_robots_primary_cat":"","_seopress_titles_title":"Kaynak duman\u0131 ve lazer ekstraksiyonu ePUR Ex oberA","_seopress_titles_desc":"ePUR Ex 1000\/3000\/5000, 3 ATEX sertifikal\u0131 mobil hava emi\u015f sistemi serisidir. oberK\u00fc\u00e7\u00fck bir toz toplay\u0131c\u0131","_seopress_robots_index":"","footnotes":""},"class_list":{"0":"post-51758","1":"page","2":"type-page","3":"status-publish","4":"has-post-thumbnail","6":"no-featured-image-padding","7":"resize-featured-image"},"acf":[],"_links":{"self":[{"href":"https:\/\/obera.fr\/tr\/wp-json\/wp\/v2\/pages\/51758","targetHints":{"allow":["GET"]}}],"collection":[{"href":"https:\/\/obera.fr\/tr\/wp-json\/wp\/v2\/pages"}],"about":[{"href":"https:\/\/obera.fr\/tr\/wp-json\/wp\/v2\/types\/page"}],"author":[{"embeddable":true,"href":"https:\/\/obera.fr\/tr\/wp-json\/wp\/v2\/users\/4"}],"replies":[{"embeddable":true,"href":"https:\/\/obera.fr\/tr\/wp-json\/wp\/v2\/comments?post=51758"}],"version-history":[{"count":10,"href":"https:\/\/obera.fr\/tr\/wp-json\/wp\/v2\/pages\/51758\/revisions"}],"predecessor-version":[{"id":127244,"href":"https:\/\/obera.fr\/tr\/wp-json\/wp\/v2\/pages\/51758\/revisions\/127244"}],"up":[{"embeddable":true,"href":"https:\/\/obera.fr\/tr\/wp-json\/wp\/v2\/pages\/52154"}],"wp:featuredmedia":[{"embeddable":true,"href":"https:\/\/obera.fr\/tr\/wp-json\/wp\/v2\/media\/83752"}],"wp:attachment":[{"href":"https:\/\/obera.fr\/tr\/wp-json\/wp\/v2\/media?parent=51758"}],"curies":[{"name":"wp","href":"https:\/\/api.w.org\/{rel}","templated":true}]}}