{"id":51765,"date":"2020-08-26T13:00:52","date_gmt":"2020-08-26T11:00:52","guid":{"rendered":"https:\/\/obera.fr\/parcacik-sayaci\/"},"modified":"2025-06-03T15:22:49","modified_gmt":"2025-06-03T13:22:49","slug":"compteur-particules","status":"publish","type":"page","link":"https:\/\/obera.fr\/tr\/produits\/analyseurs-air\/compteur-particules\/","title":{"rendered":"Par\u00e7ac\u0131k sayac\u0131"},"content":{"rendered":"\n<h2 class=\"wp-block-heading\">Toz seviyelerinin izlenmesi<\/h2>\n\n\n\n<div class=\"wp-block-columns is-layout-flex wp-container-core-columns-is-layout-28f84493 wp-block-columns-is-layout-flex\">\n<div class=\"wp-block-column is-layout-flow wp-block-column-is-layout-flow\" style=\"flex-basis:33.33%\">\n<figure class=\"wp-block-image aligncenter size-thumbnail\"><img decoding=\"async\" width=\"150\" height=\"150\" src=\"https:\/\/obera.fr\/wp-content\/uploads\/2020\/08\/compteur-de-particules-150x150.png\" alt=\"Partik\u00fcl \u00d6l\u00e7er\" class=\"wp-image-714\" srcset=\"https:\/\/obera.fr\/wp-content\/uploads\/2020\/08\/compteur-de-particules-150x150.png 150w, https:\/\/obera.fr\/wp-content\/uploads\/2020\/08\/compteur-de-particules-300x300.png 300w, https:\/\/obera.fr\/wp-content\/uploads\/2020\/08\/compteur-de-particules.png 433w\" sizes=\"(max-width: 150px) 100vw, 150px\" \/><figcaption class=\"wp-element-caption\">Partik\u00fcl \u00d6l\u00e7er<\/figcaption><\/figure>\n<\/div>\n\n\n\n<div class=\"wp-block-column is-layout-flow wp-block-column-is-layout-flow\" style=\"flex-basis:66.66%\">\n<p><strong>OberA partik\u00fcl sayac\u0131<\/strong>, havadaki <strong>partik\u00fclleri<\/strong> saymak i\u00e7in kullan\u0131lan evrensel bir cihazd\u0131r.  <\/p>\n\n\n\n<p>Alt\u0131 farkl\u0131 gran\u00fclometrik toz fraksiyonunu (0,3 ila 10 \u00b5m aras\u0131 partik\u00fcller) hesaplayabilmenin yan\u0131 s\u0131ra ortam nemini ve s\u0131cakl\u0131\u011f\u0131n\u0131 da kaydedebilmektedir.  <\/p>\n\n\n\n<p>Bu, partik\u00fcl sayac\u0131n\u0131 evrensel bir ekipman par\u00e7as\u0131 haline getirir.<\/p>\n\n\n\n<hr class=\"wp-block-separator has-text-color has-black-color has-css-opacity has-black-background-color has-background is-style-dots\"\/>\n\n\n\n<div class=\"wp-block-columns is-layout-flex wp-container-core-columns-is-layout-28f84493 wp-block-columns-is-layout-flex\">\n<div class=\"wp-block-column is-layout-flow wp-block-column-is-layout-flow\" style=\"flex-basis:33.33%\">\n<div class=\"wp-block-buttons is-layout-flex wp-block-buttons-is-layout-flex\">\n<div class=\"wp-block-button\"><a class=\"wp-block-button__link wp-element-button\" href=\"https:\/\/obera.fr\/wp-content\/uploads\/2025\/04\/brochure-obdt-9883m-en.pdf\">BRO\u015e\u00dcR\u00dc<strong>INDIRIN<\/strong><\/a><\/div>\n<\/div>\n<\/div>\n\n\n\n<div class=\"wp-block-column is-layout-flow wp-block-column-is-layout-flow\" style=\"flex-basis:33.34%\">\n<div class=\"wp-block-buttons is-horizontal is-content-justification-center is-layout-flex wp-container-core-buttons-is-layout-03627597 wp-block-buttons-is-layout-flex\">\n<div class=\"wp-block-button has-custom-width wp-block-button__width-100\"><a class=\"wp-block-button__link wp-element-button\" href=\"https:\/\/obera.fr\/tr\/bize-ulasin\/\">Daha fazla bilgi edin<\/a><\/div>\n<\/div>\n<\/div>\n\n\n\n<div class=\"wp-block-column is-layout-flow wp-block-column-is-layout-flow\" style=\"flex-basis:33.34%\">\n<div class=\"wp-block-buttons is-content-justification-center is-layout-flex wp-container-core-buttons-is-layout-a89b3969 wp-block-buttons-is-layout-flex\">\n<div class=\"wp-block-button btn-devis-source\"><a class=\"wp-block-button__link wp-element-button\" href=\"https:\/\/obera.fr\/tr\/devis\/\">Fiyat teklifi isteyin<\/a><\/div>\n<\/div>\n\n\n<script>\r\ndocument.addEventListener('DOMContentLoaded', function() {\r\n    \/\/ 1. On cherche le titre H1 de la page\r\n    var h1 = document.querySelector('h1');\r\n    var productTitle = h1 ? h1.innerText.trim() : \"\";\r\n\r\n    \/\/ 2. On cherche les boutons via la classe CSS .btn-devis-source\r\n    var buttons = document.querySelectorAll('.btn-devis-source a');\r\n\r\n    \/\/ 3. Si on a le titre et les boutons, on ajoute le param\u00e8tre\r\n    if (buttons.length > 0 && productTitle !== \"\") {\r\n        var encodedTitle = encodeURIComponent(productTitle);\r\n\r\n        buttons.forEach(function(btn) {\r\n            var currentHref = btn.getAttribute('href');\r\n            \r\n            \/\/ S\u00e9curit\u00e9 pour ne pas ajouter le param\u00e8tre 2 fois\r\n            if (currentHref.indexOf('sujet=') === -1) {\r\n                var separator = currentHref.indexOf('?') !== -1 ? '&' : '?';\r\n                var newLink = currentHref + separator + 'sujet=' + encodedTitle;\r\n                \r\n                btn.setAttribute('href', newLink);\r\n            }\r\n        });\r\n    }\r\n});\r\n<\/script><\/div>\n<\/div>\n\n\n\n<p><\/p>\n<\/div>\n<\/div>\n\n\n\n<h2 class=\"wp-block-heading\">Partik\u00fcl saya\u00e7lar\u0131n\u0131n faydalar\u0131<\/h2>\n\n\n\n<div class=\"wp-block-columns is-layout-flex wp-container-core-columns-is-layout-28f84493 wp-block-columns-is-layout-flex\">\n<div class=\"wp-block-column is-layout-flow wp-block-column-is-layout-flow\">\n<h3 class=\"wp-block-heading has-text-align-center\"><strong>Avantajlar<\/strong><\/h3>\n\n\n\n<ul class=\"wp-block-list\">\n<li>6 boyutu alg\u0131lar (0.3\/0.5\/1.0\/2.5\/5.0\/10 \u03bcm)<\/li>\n\n\n\n<li>S\u0131cakl\u0131k ve nem \u00f6l\u00e7\u00fcm\u00fc<\/li>\n\n\n\n<li>G\u00f6r\u00fcnt\u00fc ve video kayd\u0131 i\u00e7in entegre kamera<\/li>\n<\/ul>\n<\/div>\n\n\n\n<div class=\"wp-block-column is-layout-flow wp-block-column-is-layout-flow\">\n<h3 class=\"wp-block-heading has-text-align-center\"><strong>Kullan\u0131c\u0131 sekt\u00f6rlerine \u00f6rnekler<\/strong><\/h3>\n\n\n\n<ul class=\"wp-block-list\">\n<li>Gri odalar<\/li>\n\n\n\n<li>Makine M\u00fchendisli\u011fi<\/li>\n\n\n\n<li>Metalurji<\/li>\n\n\n\n<li>Plastikler<\/li>\n\n\n\n<li>Ah\u015fap<\/li>\n\n\n\n<li>Petrokimyasallar<\/li>\n\n\n\n<li>Polimerler ve plastikler<\/li>\n\n\n\n<li>\u0130la\u00e7lar<\/li>\n\n\n\n<li>G\u0131da end\u00fcstrisi<\/li>\n<\/ul>\n<\/div>\n<\/div>\n\n\n\n<h2 class=\"wp-block-heading\">\u00d6l\u00e7\u00fclen kirleticiler<\/h2>\n\n\n\n<div class=\"wp-block-columns is-layout-flex wp-container-core-columns-is-layout-28f84493 wp-block-columns-is-layout-flex\">\n<div class=\"wp-block-column is-layout-flow wp-block-column-is-layout-flow\">\n<h3 class=\"wp-block-heading\"><strong>Toz sens\u00f6r\u00fc PM 0,3 ila PM 10<\/strong><\/h3>\n\n\n\n<p>(0,3\u00b5g ila 10\u00b5m&#8217;den b\u00fcy\u00fck partik\u00fcller)<\/p>\n\n\n\n<p>oberA partik\u00fcl analiz\u00f6r\u00fc ayn\u0131 anda 6 partik\u00fcl boyutunu \u00f6l\u00e7ebilir. :<\/p>\n\n\n\n<p>0.3\u00b5m \/ 0.5\u00b5m \/ 1\u00b5m \/ 2.5\u00b5m \/ 5\u00b5m \/ 10\u00b5m<\/p>\n<\/div>\n\n\n\n<div class=\"wp-block-column is-layout-flow wp-block-column-is-layout-flow\">\n<h3 class=\"wp-block-heading\"><strong>S\u0131cakl\u0131k sens\u00f6r\u00fc<\/strong><\/h3>\n\n\n\n<p>\u00d6l\u00e7\u00fcm aral\u0131\u011f\u0131 -0 ila +50 \u00b0C<\/p>\n<\/div>\n\n\n\n<div class=\"wp-block-column is-layout-flow wp-block-column-is-layout-flow\">\n<h3 class=\"wp-block-heading\"><strong>Ba\u011f\u0131l nem<\/strong><\/h3>\n\n\n\n<p>0 ila %100 ba\u011f\u0131l nemi \u00f6l\u00e7er<\/p>\n<\/div>\n<\/div>\n\n\n\n<div class=\"wp-block-buttons is-horizontal is-content-justification-center is-layout-flex wp-container-core-buttons-is-layout-03627597 wp-block-buttons-is-layout-flex\">\n<div class=\"wp-block-button\"><a class=\"wp-block-button__link wp-element-button\" href=\"https:\/\/obera.fr\/wp-content\/uploads\/2024\/02\/brochure-compteur-de-particules-.pdf\">\u00dcr\u00fcn sayfas\u0131n\u0131 indirin<\/a><\/div>\n<\/div>\n\n\n\n<hr class=\"wp-block-separator has-css-opacity is-style-dots\"\/>\n\n\n\n<h2 class=\"wp-block-heading\">Di\u011fer OberA hava analiz\u00f6rleri<\/h2>\n\n\n\n<div class=\"wp-block-columns is-layout-flex wp-container-core-columns-is-layout-28f84493 wp-block-columns-is-layout-flex\">\n<div class=\"wp-block-column is-layout-flow wp-block-column-is-layout-flow\"><\/div>\n\n\n\n<div class=\"wp-block-column is-layout-flow wp-block-column-is-layout-flow\">\n<figure class=\"wp-block-image aligncenter size-medium is-resized\"><a href=\"https:\/\/obera.fr\/produits\/analyseurs-air\/capteur-co2-obcare\/\"><img decoding=\"async\" width=\"300\" height=\"212\" src=\"https:\/\/obera.fr\/wp-content\/uploads\/2021\/09\/Capteur_CO2_OBCARE-2-300x212.png\" alt=\"obcare co2 sens\u00f6r\u00fc\" class=\"wp-image-6918\" srcset=\"https:\/\/obera.fr\/wp-content\/uploads\/2021\/09\/Capteur_CO2_OBCARE-2-300x212.png 300w, https:\/\/obera.fr\/wp-content\/uploads\/2021\/09\/Capteur_CO2_OBCARE-2-768x542.png 768w, https:\/\/obera.fr\/wp-content\/uploads\/2021\/09\/Capteur_CO2_OBCARE-2.png 921w\" sizes=\"(max-width: 300px) 100vw, 300px\" \/><\/a><figcaption class=\"wp-element-caption\">OBCARE<\/figcaption><\/figure>\n<\/div>\n\n\n\n<div class=\"wp-block-column is-layout-flow wp-block-column-is-layout-flow\"><\/div>\n\n\n\n<div class=\"wp-block-column is-layout-flow wp-block-column-is-layout-flow\"><\/div>\n<\/div>\n\n\n\n<p><\/p>\n","protected":false},"excerpt":{"rendered":"<p>Toz seviyelerinin izlenmesi OberA partik\u00fcl sayac\u0131, havadaki partik\u00fclleri saymak i\u00e7in kullan\u0131lan evrensel bir cihazd\u0131r. Alt\u0131 farkl\u0131 gran\u00fclometrik toz fraksiyonunu (0,3 ila 10 \u00b5m aras\u0131 partik\u00fcller) hesaplayabilmenin yan\u0131 s\u0131ra ortam nemini ve s\u0131cakl\u0131\u011f\u0131n\u0131 da kaydedebilmektedir. Bu, partik\u00fcl sayac\u0131n\u0131 evrensel bir ekipman par\u00e7as\u0131 haline getirir. Partik\u00fcl saya\u00e7lar\u0131n\u0131n faydalar\u0131 Avantajlar Kullan\u0131c\u0131 sekt\u00f6rlerine \u00f6rnekler \u00d6l\u00e7\u00fclen kirleticiler Toz sens\u00f6r\u00fc PM 0,3 ila PM 10 (0,3\u00b5g ila 10\u00b5m&#8217;den b\u00fcy\u00fck partik\u00fcller) oberA partik\u00fcl analiz\u00f6r\u00fc ayn\u0131 anda 6 partik\u00fcl boyutunu \u00f6l\u00e7ebilir. : 0.3\u00b5m \/ 0.5\u00b5m \/ 1\u00b5m \/ 2.5\u00b5m \/ 5\u00b5m \/ 10\u00b5m S\u0131cakl\u0131k sens\u00f6r\u00fc \u00d6l\u00e7\u00fcm aral\u0131\u011f\u0131 -0 ila +50 \u00b0C Ba\u011f\u0131l nem 0 ila %100 ba\u011f\u0131l nemi &#8230; <\/p>\n<p class=\"read-more-container\"><a title=\"Par\u00e7ac\u0131k sayac\u0131\" class=\"read-more button\" href=\"https:\/\/obera.fr\/tr\/produits\/analyseurs-air\/compteur-particules\/#more-51765\" aria-label=\"Read more about Par\u00e7ac\u0131k sayac\u0131\">Lire la suite<\/a><\/p>\n","protected":false},"author":4,"featured_media":83752,"parent":52176,"menu_order":0,"comment_status":"closed","ping_status":"closed","template":"","meta":{"_acf_changed":false,"_seopress_robots_primary_cat":"","_seopress_titles_title":"Compteur de particules de poussi\u00e8res dans l'air","_seopress_titles_desc":"Le compteur oberA permet de compter des particules dans l\u2019air. Il est capable de calculer six fractions granulom\u00e9triques de poussi\u00e8res diff\u00e9rentes.","_seopress_robots_index":"","footnotes":""},"class_list":{"0":"post-51765","1":"page","2":"type-page","3":"status-publish","4":"has-post-thumbnail","6":"no-featured-image-padding","7":"resize-featured-image"},"acf":[],"_links":{"self":[{"href":"https:\/\/obera.fr\/tr\/wp-json\/wp\/v2\/pages\/51765","targetHints":{"allow":["GET"]}}],"collection":[{"href":"https:\/\/obera.fr\/tr\/wp-json\/wp\/v2\/pages"}],"about":[{"href":"https:\/\/obera.fr\/tr\/wp-json\/wp\/v2\/types\/page"}],"author":[{"embeddable":true,"href":"https:\/\/obera.fr\/tr\/wp-json\/wp\/v2\/users\/4"}],"replies":[{"embeddable":true,"href":"https:\/\/obera.fr\/tr\/wp-json\/wp\/v2\/comments?post=51765"}],"version-history":[{"count":3,"href":"https:\/\/obera.fr\/tr\/wp-json\/wp\/v2\/pages\/51765\/revisions"}],"predecessor-version":[{"id":108457,"href":"https:\/\/obera.fr\/tr\/wp-json\/wp\/v2\/pages\/51765\/revisions\/108457"}],"up":[{"embeddable":true,"href":"https:\/\/obera.fr\/tr\/wp-json\/wp\/v2\/pages\/52176"}],"wp:featuredmedia":[{"embeddable":true,"href":"https:\/\/obera.fr\/tr\/wp-json\/wp\/v2\/media\/83752"}],"wp:attachment":[{"href":"https:\/\/obera.fr\/tr\/wp-json\/wp\/v2\/media?parent=51765"}],"curies":[{"name":"wp","href":"https:\/\/api.w.org\/{rel}","templated":true}]}}