{"id":51822,"date":"2020-08-26T12:58:52","date_gmt":"2020-08-26T10:58:52","guid":{"rendered":"https:\/\/obera.fr\/atex-cek-valf\/"},"modified":"2025-06-02T10:42:58","modified_gmt":"2025-06-02T08:42:58","slug":"clapet-anti-retour","status":"publish","type":"page","link":"https:\/\/obera.fr\/tr\/produits\/atex\/clapet-anti-retour\/","title":{"rendered":"ATEX \u00e7ek valf"},"content":{"rendered":"\n<div class=\"wp-block-columns is-layout-flex wp-container-core-columns-is-layout-28f84493 wp-block-columns-is-layout-flex\">\n<div class=\"wp-block-column is-layout-flow wp-block-column-is-layout-flow\" style=\"flex-basis:33.33%\">\n<figure class=\"wp-block-image aligncenter size-full\"><img decoding=\"async\" width=\"175\" height=\"175\" src=\"https:\/\/obera.fr\/wp-content\/uploads\/2020\/09\/Clapet-anti-retour-ATEX-1-175x175-1.png\" alt=\"\u00c7ek valf Atex 1 175x175 1\" class=\"wp-image-990\" srcset=\"https:\/\/obera.fr\/wp-content\/uploads\/2020\/09\/Clapet-anti-retour-ATEX-1-175x175-1.png 175w, https:\/\/obera.fr\/wp-content\/uploads\/2020\/09\/Clapet-anti-retour-ATEX-1-175x175-1-150x150.png 150w\" sizes=\"(max-width: 175px) 100vw, 175px\" \/><figcaption class=\"wp-element-caption\">ATEX \u00e7ek valf<\/figcaption><\/figure>\n<\/div>\n\n\n\n<div class=\"wp-block-column is-layout-flow wp-block-column-is-layout-flow\" style=\"flex-basis:66.66%\">\n<p><strong>ATEX \u00e7ek valfler<\/strong>, end\u00fcstride gazlar\u0131n veya s\u0131v\u0131lar\u0131n borulara ve kanallara geri akmas\u0131n\u0131 \u00f6nlemek i\u00e7in kullan\u0131lan g\u00fcvenlik cihazlar\u0131d\u0131r. Yan\u0131c\u0131 gazlar\u0131n veya tozlar\u0131n varl\u0131\u011f\u0131n\u0131n patlamalara neden olabilece\u011fi ve \u00e7al\u0131\u015fanlar\u0131n g\u00fcvenli\u011fini tehlikeye atabilece\u011fi potansiyel olarak patlay\u0131c\u0131 ortamlarda kullan\u0131lmak \u00fczere tasarlanm\u0131\u015ft\u0131r. ATEX terimi, patlay\u0131c\u0131 ortamlarda kullan\u0131lan ekipmanlar i\u00e7in gereklilikleri belirleyen 2014\/34\/EU say\u0131l\u0131 Avrupa Direktifini ifade eder.  <\/p>\n\n\n\n<p>ATEX \u00e7ek valfler bu direktifle uyumludur ve patlamaya kar\u015f\u0131 koruma i\u00e7in en y\u00fcksek g\u00fcvenlik standartlar\u0131n\u0131 kar\u015f\u0131layacak \u015fekilde tasarlanm\u0131\u015ft\u0131r.<\/p>\n\n\n\n<div class=\"wp-block-columns is-layout-flex wp-container-core-columns-is-layout-28f84493 wp-block-columns-is-layout-flex\">\n<div class=\"wp-block-column is-layout-flow wp-block-column-is-layout-flow\" style=\"flex-basis:33.34%\">\n<div class=\"wp-block-buttons is-content-justification-center is-layout-flex wp-container-core-buttons-is-layout-a89b3969 wp-block-buttons-is-layout-flex\">\n<div class=\"wp-block-button\"><a class=\"wp-block-button__link wp-element-button\" href=\"https:\/\/obera.fr\/wp-content\/uploads\/2025\/06\/clapet-anti-retour-atex-en.pdf\" target=\"_blank\" rel=\"noreferrer noopener\">Bro\u015f\u00fcr\u00fc indirin<\/a><\/div>\n<\/div>\n<\/div>\n\n\n\n<div class=\"wp-block-column is-layout-flow wp-block-column-is-layout-flow\" style=\"flex-basis:33.34%\">\n<div class=\"wp-block-buttons is-horizontal is-content-justification-center is-layout-flex wp-container-core-buttons-is-layout-03627597 wp-block-buttons-is-layout-flex\">\n<div class=\"wp-block-button has-custom-width wp-block-button__width-100\"><a class=\"wp-block-button__link wp-element-button\" href=\"https:\/\/obera.fr\/tr\/bize-ulasin\/\">Daha fazla bilgi edin<\/a><\/div>\n<\/div>\n<\/div>\n\n\n\n<div class=\"wp-block-column is-layout-flow wp-block-column-is-layout-flow\" style=\"flex-basis:33.33%\">\n<div class=\"wp-block-buttons is-content-justification-center is-layout-flex wp-container-core-buttons-is-layout-a89b3969 wp-block-buttons-is-layout-flex\">\n<div class=\"wp-block-button btn-devis-source\"><a class=\"wp-block-button__link wp-element-button\" href=\"https:\/\/obera.fr\/tr\/devis\/\">Fiyat teklifi isteyin<\/a><\/div>\n<\/div>\n\n\n<script>\r\ndocument.addEventListener('DOMContentLoaded', function() {\r\n    \/\/ 1. On cherche le titre H1 de la page\r\n    var h1 = document.querySelector('h1');\r\n    var productTitle = h1 ? h1.innerText.trim() : \"\";\r\n\r\n    \/\/ 2. On cherche les boutons via la classe CSS .btn-devis-source\r\n    var buttons = document.querySelectorAll('.btn-devis-source a');\r\n\r\n    \/\/ 3. Si on a le titre et les boutons, on ajoute le param\u00e8tre\r\n    if (buttons.length > 0 && productTitle !== \"\") {\r\n        var encodedTitle = encodeURIComponent(productTitle);\r\n\r\n        buttons.forEach(function(btn) {\r\n            var currentHref = btn.getAttribute('href');\r\n            \r\n            \/\/ S\u00e9curit\u00e9 pour ne pas ajouter le param\u00e8tre 2 fois\r\n            if (currentHref.indexOf('sujet=') === -1) {\r\n                var separator = currentHref.indexOf('?') !== -1 ? '&' : '?';\r\n                var newLink = currentHref + separator + 'sujet=' + encodedTitle;\r\n                \r\n                btn.setAttribute('href', newLink);\r\n            }\r\n        });\r\n    }\r\n});\r\n<\/script><\/div>\n<\/div>\n<\/div>\n<\/div>\n\n\n\n<h2 class=\"wp-block-heading\">ATEX \u00e7ek valf nas\u0131l \u00e7al\u0131\u015f\u0131r?<\/h2>\n\n\n\n<p>ATEX \u00e7ek valflerin \u00e7al\u0131\u015fmas\u0131 olduk\u00e7a basittir. S\u0131v\u0131lar\u0131n ters y\u00f6nde geri akmas\u0131n\u0131 \u00f6nlemek i\u00e7in borulara ve kanallara monte edilirler.<\/p>\n\n\n\n<p>ATEX \u00e7ek valflerin \u00e7al\u0131\u015fmas\u0131 olduk\u00e7a basittir. Bir muhafaza, bir disk ve bir yaydan olu\u015furlar. Muhafaza kanala veya ta\u015f\u0131ma borusuna monte edilir ve disk muhafazan\u0131n i\u00e7ine yerle\u015ftirilir. Yay disk \u00fczerinde bulunur ve vana \u00fczerinde sabit bas\u0131nc\u0131 korumak i\u00e7in kullan\u0131l\u0131r. Ak\u0131\u015fkan do\u011fru y\u00f6nde akt\u0131\u011f\u0131nda, disk kalkarak ak\u0131\u015fkan\u0131n valften ge\u00e7mesine izin verir. S\u0131v\u0131 geri akmaya \u00e7al\u0131\u015ft\u0131\u011f\u0131nda disk otomatik olarak kapanarak s\u0131v\u0131n\u0131n geri akmas\u0131n\u0131 engeller.<\/p>\n\n\n\n<h2 class=\"wp-block-heading\">ATEX \u00e7ek valflerin kullan\u0131m\u0131<\/h2>\n\n\n\n<p>ATEX \u00e7ek valfler, petrol ve gaz, kimyasallar, ila\u00e7, yiyecek ve i\u00e7ecek ve enerji \u00fcretimi dahil olmak \u00fczere \u00e7ok \u00e7e\u015fitli end\u00fcstriyel uygulamalarda kullan\u0131l\u0131r. Genellikle patlama ve yang\u0131nlar\u0131 \u00f6nlemek i\u00e7in boru sistemlerinde kullan\u0131l\u0131rlar, ancak valfler veya pompalar gibi ayr\u0131 ekipmanlarda da kullan\u0131labilirler.<\/p>\n\n\n\n<p>ATEX \u00e7ek valfler \u00f6zellikle patlama veya yang\u0131n riski olan end\u00fcstrilerde \u00f6nemlidir. Bir \u00e7ek valf ar\u0131zalan\u0131r veya \u00e7al\u0131\u015fmazsa, yan\u0131c\u0131 gazlar veya s\u0131v\u0131lar sisteme geri akabilir, bu da bas\u0131n\u00e7 art\u0131\u015f\u0131na ve olas\u0131 bir patlama veya yang\u0131na yol a\u00e7abilir. Bu nedenle ATEX \u00e7ek valfler, bu end\u00fcstrilerde \u00e7al\u0131\u015fanlar\u0131n, ekipmanlar\u0131n ve \u00e7evrenin g\u00fcvenli\u011fini garanti alt\u0131na almak i\u00e7in gereklidir.<\/p>\n\n\n\n<p>Patlama ve yang\u0131nlar\u0131 \u00f6nlemedeki yararl\u0131l\u0131klar\u0131na ek olarak, ATEX \u00e7ek valflerin \u015firketler i\u00e7in ba\u015fka avantajlar\u0131 da vard\u0131r. \u00d6rne\u011fin, ekipman \u00f6mr\u00fcn\u00fc uzatarak, ar\u0131za s\u00fcresini azaltarak ve maliyetli onar\u0131mlardan ka\u00e7\u0131narak bak\u0131m maliyetlerini d\u00fc\u015f\u00fcrebilirler. Ayr\u0131ca bas\u0131n\u00e7 kay\u0131plar\u0131n\u0131 azaltarak ve tehlikeli \u00fcr\u00fcnlerin s\u0131z\u0131nt\u0131lar\u0131n\u0131 en aza indirerek enerji verimlili\u011fini art\u0131rmaya yard\u0131mc\u0131 olabilirler.<\/p>\n\n\n\n<p>Kullan\u0131ld\u0131klar\u0131 potansiyel olarak tehlikeli ortamlar nedeniyle, ATEX \u00e7ek valfler g\u00fcvenilirliklerini ve g\u00fcvenliklerini garanti alt\u0131na almak i\u00e7in kat\u0131 d\u00fczenlemelere tabidir. Tasar\u0131m ve performans standartlar\u0131 Avrupa \u0130\u015f Sa\u011fl\u0131\u011f\u0131 ve G\u00fcvenli\u011fi Ajans\u0131 (EU-OSHA) gibi kurumlar taraf\u0131ndan belirlenmektedir.<\/p>\n\n\n\n<h2 class=\"wp-block-heading\">Teknik \u00f6zellikler<\/h2>\n\n\n\n<figure class=\"wp-block-table\"><table class=\"has-fixed-layout\"><tbody><tr><td>\u00c7ek valf<\/td><td>\u00d6zellikler<\/td><\/tr><tr><td>\u00c7al\u0131\u015fma s\u0131cakl\u0131\u011f\u0131 aral\u0131\u011f\u0131<\/td><td>-20\u00b0C Maks +40\u00b0C<\/td><\/tr><tr><td>Kst maks<\/td><td>200 bar m\/s<\/td><\/tr><tr><td>Maksimum hava h\u0131z\u0131<\/td><td>30 m\/s<\/td><\/tr><tr><td>Pred maks<\/td><td>0,5 bar<\/td><\/tr><tr><td>\u00c7al\u0131\u015fma bas\u0131nc\u0131<\/td><td>50,000 Pa<\/td><\/tr><tr><td>Koruma seviyesi<\/td><td>St1 (organik ve metalik olmayan)<\/td><\/tr><tr><td>Uygulama alan\u0131<\/td><td>20 &#8211; 21 &#8211; 22 (i\u00e7)<br>21 &#8211; 22 (d\u0131\u015f)<\/td><\/tr><\/tbody><\/table><\/figure>\n\n\n\n<div class=\"wp-block-columns is-layout-flex wp-container-core-columns-is-layout-28f84493 wp-block-columns-is-layout-flex\">\n<div class=\"wp-block-column is-vertically-aligned-center is-layout-flow wp-block-column-is-layout-flow\">\n<div class=\"wp-block-buttons is-content-justification-center is-layout-flex wp-container-core-buttons-is-layout-a89b3969 wp-block-buttons-is-layout-flex\">\n<div class=\"wp-block-button\"><a class=\"wp-block-button__link wp-element-button\" href=\"https:\/\/obera.fr\/contact\/\">Ki\u015fiselle\u015ftirilmi\u015f tavsiyeye mi ihtiyac\u0131n\u0131z var?<\/a><\/div>\n<\/div>\n<\/div>\n<\/div>\n\n\n\n<h2 class=\"wp-block-heading\">Faydalar\u0131<\/h2>\n\n\n\n<div class=\"wp-block-columns is-layout-flex wp-container-core-columns-is-layout-28f84493 wp-block-columns-is-layout-flex\">\n<div class=\"wp-block-column is-layout-flow wp-block-column-is-layout-flow\">\n<h3 class=\"wp-block-heading has-text-align-center\"><strong>Avantajlar<\/strong><\/h3>\n\n\n\n<ul class=\"wp-block-list\">\n<li>Patlaman\u0131n yay\u0131lma riskini ortadan kald\u0131r\u0131r.<\/li>\n\n\n\n<li>Sistem kapat\u0131ld\u0131\u011f\u0131nda tozun geri \u00fcflenmesini \u00f6nler.<\/li>\n\n\n\n<li>Bas\u0131nca kar\u015f\u0131 y\u00fcksek diren\u00e7<\/li>\n\n\n\n<li>Enerji t\u00fcketimi yok<\/li>\n\n\n\n<li>Tamamen mekaniktir, bak\u0131m gerektirmez.<\/li>\n<\/ul>\n<\/div>\n\n\n\n<div class=\"wp-block-column is-layout-flow wp-block-column-is-layout-flow\">\n<h3 class=\"wp-block-heading has-text-align-center\"><strong>\u00d6zel \u00f6zellikler<\/strong><\/h3>\n\n\n\n<ul class=\"wp-block-list\">\n<li>Sertifikal\u0131 koruma sistemi<\/li>\n\n\n\n<li>ATEX standartlar\u0131<\/li>\n<\/ul>\n<\/div>\n\n\n\n<div class=\"wp-block-column is-layout-flow wp-block-column-is-layout-flow\">\n<h3 class=\"wp-block-heading has-text-align-center\"><strong>\u00d6zellikler<\/strong><\/h3>\n\n\n\n<ul class=\"wp-block-list\">\n<li>\u00dcretim kalite g\u00fcvencesi alt\u0131nda \u00fcretilen ekipmanlar<\/li>\n\n\n\n<li>Kelep\u00e7e veya flan\u015f versiyonlar\u0131 mevcuttur.<\/li>\n\n\n\n<li>St1 s\u0131n\u0131f\u0131 patlay\u0131c\u0131 tozlar\u0131n ta\u015f\u0131nmas\u0131 i\u00e7in uygundur.<\/li>\n<\/ul>\n<\/div>\n<\/div>\n\n\n\n<h2 class=\"wp-block-heading\">Uygulamalar<\/h2>\n\n\n\n<div class=\"wp-block-columns is-layout-flex wp-container-core-columns-is-layout-28f84493 wp-block-columns-is-layout-flex\">\n<div class=\"wp-block-column is-layout-flow wp-block-column-is-layout-flow\">\n<h3 class=\"wp-block-heading has-text-align-center\">End\u00fcstriler<\/h3>\n\n\n\n<hr class=\"wp-block-separator has-css-opacity is-style-wide\"\/>\n\n\n\n<div class=\"wp-block-columns is-layout-flex wp-container-core-columns-is-layout-28f84493 wp-block-columns-is-layout-flex\">\n<div class=\"wp-block-column is-layout-flow wp-block-column-is-layout-flow\">\n<figure class=\"wp-block-image aligncenter size-large\"><img decoding=\"async\" width=\"70\" height=\"70\" src=\"https:\/\/obera.fr\/wp-content\/uploads\/2020\/08\/industrie-metallurgie.jpg\" alt=\"Metalurji end\u00fcstrisi\" class=\"wp-image-673\"\/><figcaption class=\"wp-element-caption\">Metalurji<\/figcaption><\/figure>\n<\/div>\n\n\n\n<div class=\"wp-block-column is-layout-flow wp-block-column-is-layout-flow\">\n<figure class=\"wp-block-image aligncenter size-large\"><img decoding=\"async\" width=\"70\" height=\"70\" src=\"https:\/\/obera.fr\/wp-content\/uploads\/2020\/08\/industrie-agroalimentaire.jpg\" alt=\"G\u0131da end\u00fcstrisi\" class=\"wp-image-727\"\/><figcaption class=\"wp-element-caption\">G\u0131da end\u00fcstrisi<\/figcaption><\/figure>\n<\/div>\n\n\n\n<div class=\"wp-block-column is-layout-flow wp-block-column-is-layout-flow\">\n<figure class=\"wp-block-image aligncenter size-large\"><img decoding=\"async\" width=\"70\" height=\"70\" src=\"https:\/\/obera.fr\/wp-content\/uploads\/2020\/08\/industrie-minerai.jpg\" alt=\"Cevher end\u00fcstrisi\" class=\"wp-image-724\"\/><figcaption class=\"wp-element-caption\">Mineraller<\/figcaption><\/figure>\n<\/div>\n\n\n\n<div class=\"wp-block-column is-layout-flow wp-block-column-is-layout-flow\">\n<figure class=\"wp-block-image aligncenter size-large\"><img decoding=\"async\" width=\"70\" height=\"70\" src=\"https:\/\/obera.fr\/wp-content\/uploads\/2020\/08\/industrie-bois.jpg\" alt=\"Ah\u015fap end\u00fcstrisi\" class=\"wp-image-672\"\/><figcaption class=\"wp-element-caption\">A\u011fa\u00e7 \u0130\u015fleri<\/figcaption><\/figure>\n<\/div>\n\n\n\n<div class=\"wp-block-column is-layout-flow wp-block-column-is-layout-flow\">\n<figure class=\"wp-block-image aligncenter size-large\"><img decoding=\"async\" width=\"70\" height=\"70\" src=\"https:\/\/obera.fr\/wp-content\/uploads\/2020\/08\/industrie-papier-carton.jpg\" alt=\"Ka\u011f\u0131t ve karton end\u00fcstrisi\" class=\"wp-image-670\"\/><figcaption class=\"wp-element-caption\">Ka\u011f\u0131t\/karton<\/figcaption><\/figure>\n<\/div>\n\n\n\n<div class=\"wp-block-column is-layout-flow wp-block-column-is-layout-flow\">\n<figure class=\"wp-block-image aligncenter size-large\"><img decoding=\"async\" width=\"70\" height=\"70\" src=\"https:\/\/obera.fr\/wp-content\/uploads\/2020\/08\/industrie-textile.jpg\" alt=\"Tekstil end\u00fcstrisi\" class=\"wp-image-671\"\/><figcaption class=\"wp-element-caption\">Tekstil<\/figcaption><\/figure>\n<\/div>\n<\/div>\n\n\n\n<p><\/p>\n<\/div>\n<\/div>\n","protected":false},"excerpt":{"rendered":"<p>ATEX \u00e7ek valfler, end\u00fcstride gazlar\u0131n veya s\u0131v\u0131lar\u0131n borulara ve kanallara geri akmas\u0131n\u0131 \u00f6nlemek i\u00e7in kullan\u0131lan g\u00fcvenlik cihazlar\u0131d\u0131r. Yan\u0131c\u0131 gazlar\u0131n veya tozlar\u0131n varl\u0131\u011f\u0131n\u0131n patlamalara neden olabilece\u011fi ve \u00e7al\u0131\u015fanlar\u0131n g\u00fcvenli\u011fini tehlikeye atabilece\u011fi potansiyel olarak patlay\u0131c\u0131 ortamlarda kullan\u0131lmak \u00fczere tasarlanm\u0131\u015ft\u0131r. ATEX terimi, patlay\u0131c\u0131 ortamlarda kullan\u0131lan ekipmanlar i\u00e7in gereklilikleri belirleyen 2014\/34\/EU say\u0131l\u0131 Avrupa Direktifini ifade eder. ATEX \u00e7ek valfler bu direktifle uyumludur ve patlamaya kar\u015f\u0131 koruma i\u00e7in en y\u00fcksek g\u00fcvenlik standartlar\u0131n\u0131 kar\u015f\u0131layacak \u015fekilde tasarlanm\u0131\u015ft\u0131r. ATEX \u00e7ek valf nas\u0131l \u00e7al\u0131\u015f\u0131r? ATEX \u00e7ek valflerin \u00e7al\u0131\u015fmas\u0131 olduk\u00e7a basittir. S\u0131v\u0131lar\u0131n ters y\u00f6nde geri akmas\u0131n\u0131 \u00f6nlemek i\u00e7in borulara ve kanallara monte edilirler. ATEX \u00e7ek valflerin \u00e7al\u0131\u015fmas\u0131 olduk\u00e7a basittir. Bir &#8230; <\/p>\n<p class=\"read-more-container\"><a title=\"ATEX \u00e7ek valf\" class=\"read-more button\" href=\"https:\/\/obera.fr\/tr\/produits\/atex\/clapet-anti-retour\/#more-51822\" aria-label=\"Read more about ATEX \u00e7ek valf\">Lire la suite<\/a><\/p>\n","protected":false},"author":4,"featured_media":83752,"parent":52167,"menu_order":0,"comment_status":"closed","ping_status":"closed","template":"","meta":{"_acf_changed":false,"_seopress_robots_primary_cat":"","_seopress_titles_title":"Patlamaya dayanacak \u015fekilde tasarlanm\u0131\u015f ATEX \u00e7ek valf","_seopress_titles_desc":"Bir patlaman\u0131n tehlikeli etkilerinin iletilmesini \u00f6nleyebilir ve potansiyel olarak patlay\u0131c\u0131 toz atmosferine sahip alanlar\u0131 izole edebilirler.","_seopress_robots_index":"","footnotes":""},"class_list":{"0":"post-51822","1":"page","2":"type-page","3":"status-publish","4":"has-post-thumbnail","6":"no-featured-image-padding","7":"resize-featured-image"},"acf":[],"_links":{"self":[{"href":"https:\/\/obera.fr\/tr\/wp-json\/wp\/v2\/pages\/51822","targetHints":{"allow":["GET"]}}],"collection":[{"href":"https:\/\/obera.fr\/tr\/wp-json\/wp\/v2\/pages"}],"about":[{"href":"https:\/\/obera.fr\/tr\/wp-json\/wp\/v2\/types\/page"}],"author":[{"embeddable":true,"href":"https:\/\/obera.fr\/tr\/wp-json\/wp\/v2\/users\/4"}],"replies":[{"embeddable":true,"href":"https:\/\/obera.fr\/tr\/wp-json\/wp\/v2\/comments?post=51822"}],"version-history":[{"count":7,"href":"https:\/\/obera.fr\/tr\/wp-json\/wp\/v2\/pages\/51822\/revisions"}],"predecessor-version":[{"id":105744,"href":"https:\/\/obera.fr\/tr\/wp-json\/wp\/v2\/pages\/51822\/revisions\/105744"}],"up":[{"embeddable":true,"href":"https:\/\/obera.fr\/tr\/wp-json\/wp\/v2\/pages\/52167"}],"wp:featuredmedia":[{"embeddable":true,"href":"https:\/\/obera.fr\/tr\/wp-json\/wp\/v2\/media\/83752"}],"wp:attachment":[{"href":"https:\/\/obera.fr\/tr\/wp-json\/wp\/v2\/media?parent=51822"}],"curies":[{"name":"wp","href":"https:\/\/api.w.org\/{rel}","templated":true}]}}