{"id":51938,"date":"2020-08-26T12:41:56","date_gmt":"2020-08-26T10:41:56","guid":{"rendered":"https:\/\/obera.fr\/epur-b01-ecoprime-toz-hava-temizleyici\/"},"modified":"2025-03-07T16:45:25","modified_gmt":"2025-03-07T14:45:25","slug":"epur-b01-ecoprime-toz-hava-temizleyici","status":"publish","type":"page","link":"https:\/\/obera.fr\/tr\/produits\/purificateurs-air\/epur-b01-ecoprime-toz-hava-temizleyici\/","title":{"rendered":"ePUR B01 Ecoprime toz hava temizleyici"},"content":{"rendered":"\n<p><strong>ePUR B01 Ecoprime<\/strong> est un <a href=\"https:\/\/obera.fr\/produits\/purificateurs-air\/\" data-type=\"page\" data-id=\"26\">purificateur d\u2019air professionnel<\/a> pour de petits volumes.<\/p>\n\n\n\n\n\n\n<h2 class=\"wp-block-heading\" id=\"comment-fonctionne-notre-purificateur-d-air\">Hava temizleme cihaz\u0131m\u0131z nas\u0131l \u00e7al\u0131\u015f\u0131r?<\/h2>\n\n\n\n<div class=\"wp-block-columns is-layout-flex wp-container-core-columns-is-layout-28f84493 wp-block-columns-is-layout-flex\">\n<div class=\"wp-block-column is-layout-flow wp-block-column-is-layout-flow\" style=\"flex-basis:33.33%\">\n<figure class=\"wp-block-image aligncenter size-medium\"><img decoding=\"async\" width=\"300\" height=\"300\" src=\"https:\/\/obera.fr\/wp-content\/uploads\/2020\/09\/epur-b01-ecoprime-300x300.jpg\" alt=\"Epur B01 Ecoprime\" class=\"wp-image-1008\" srcset=\"https:\/\/obera.fr\/wp-content\/uploads\/2020\/09\/epur-b01-ecoprime-300x300.jpg 300w, https:\/\/obera.fr\/wp-content\/uploads\/2020\/09\/epur-b01-ecoprime-150x150.jpg 150w, https:\/\/obera.fr\/wp-content\/uploads\/2020\/09\/epur-b01-ecoprime.jpg 433w\" sizes=\"(max-width: 300px) 100vw, 300px\" \/><\/figure>\n<\/div>\n\n\n\n<div class=\"wp-block-column is-layout-flow wp-block-column-is-layout-flow\" style=\"flex-basis:66.66%\">\n<p>\u00c7al\u0131\u015fma \u015fekli basittir: Kirli hava \u00fcnitenin \u00fcst k\u0131sm\u0131ndan i\u00e7eri \u00e7ekilir, ard\u0131ndan \u00fcnitenin i\u00e7indeki birka\u00e7 filtreleme katman\u0131ndan ge\u00e7er ve alt k\u0131s\u0131mdan do\u011frudan \u00e7al\u0131\u015fma alan\u0131n\u0131za bo\u015falt\u0131l\u0131r.<\/p>\n\n\n\n<h3 class=\"wp-block-heading\" id=\"a-quelles-utilisations-convient-il\">Kullan\u0131m alanlar\u0131 nelerdir?<\/h3>\n\n\n\n<p>Bu <strong>hava<\/strong> i\u015fleme \u00fcnitesi hemen hemen her t\u00fcr i\u015fletme i\u00e7in uygundur. Ofisler, toplant\u0131 odalar\u0131, kuaf\u00f6r salonlar\u0131, manik\u00fcr salonlar\u0131, oteller, kuru temizleyiciler, spor salonlar\u0131, doktor muayenehaneleri, di\u015f hekimleri, EPHAD, zanaatkarlar ve okullar gibi k\u00fc\u00e7\u00fck ve orta \u00f6l\u00e7ekli alanlarda etkili olacakt\u0131r. <\/p>\n\n\n\n<div class=\"wp-block-columns is-layout-flex wp-container-core-columns-is-layout-28f84493 wp-block-columns-is-layout-flex\">\n<div class=\"wp-block-column is-layout-flow wp-block-column-is-layout-flow\" style=\"flex-basis:33.34%\">\n<div class=\"wp-block-buttons is-content-justification-center is-layout-flex wp-container-core-buttons-is-layout-a89b3969 wp-block-buttons-is-layout-flex\">\n<div class=\"wp-block-button\"><a class=\"wp-block-button__link wp-element-button\" href=\"https:\/\/obera.fr\/wp-content\/uploads\/2025\/03\/ecoprime-en.pdf\">Bro\u015f\u00fcr\u00fc indirin<\/a><\/div>\n<\/div>\n<\/div>\n\n\n\n<div class=\"wp-block-column is-layout-flow wp-block-column-is-layout-flow\" style=\"flex-basis:33.34%\">\n<div class=\"wp-block-buttons is-horizontal is-content-justification-center is-layout-flex wp-container-core-buttons-is-layout-03627597 wp-block-buttons-is-layout-flex\">\n<div class=\"wp-block-button\"><a class=\"wp-block-button__link\" href=\"https:\/\/boutique.obera.fr\/22-acheter-purificateur-air-epur-b01-ecoprime-poussieres.html\" target=\"_blank\" rel=\"noreferrer noopener\">Acheter Epur B01 Ecoprime \u00e0 880,80\u20ac TTC<\/a><\/div>\n<\/div>\n<\/div>\n\n\n\n<div class=\"wp-block-column is-layout-flow wp-block-column-is-layout-flow\" style=\"flex-basis:33.33%\">\n<div class=\"wp-block-buttons is-content-justification-center is-layout-flex wp-container-core-buttons-is-layout-a89b3969 wp-block-buttons-is-layout-flex\">\n<div class=\"wp-block-button btn-devis-source\"><a class=\"wp-block-button__link wp-element-button\" href=\"https:\/\/obera.fr\/tr\/devis\/\">Fiyat teklifi isteyin<\/a><\/div>\n<\/div>\n\n\n<script>\r\ndocument.addEventListener('DOMContentLoaded', function() {\r\n    \/\/ 1. On cherche le titre H1 de la page\r\n    var h1 = document.querySelector('h1');\r\n    var productTitle = h1 ? h1.innerText.trim() : \"\";\r\n\r\n    \/\/ 2. On cherche les boutons via la classe CSS .btn-devis-source\r\n    var buttons = document.querySelectorAll('.btn-devis-source a');\r\n\r\n    \/\/ 3. Si on a le titre et les boutons, on ajoute le param\u00e8tre\r\n    if (buttons.length > 0 && productTitle !== \"\") {\r\n        var encodedTitle = encodeURIComponent(productTitle);\r\n\r\n        buttons.forEach(function(btn) {\r\n            var currentHref = btn.getAttribute('href');\r\n            \r\n            \/\/ S\u00e9curit\u00e9 pour ne pas ajouter le param\u00e8tre 2 fois\r\n            if (currentHref.indexOf('sujet=') === -1) {\r\n                var separator = currentHref.indexOf('?') !== -1 ? '&' : '?';\r\n                var newLink = currentHref + separator + 'sujet=' + encodedTitle;\r\n                \r\n                btn.setAttribute('href', newLink);\r\n            }\r\n        });\r\n    }\r\n});\r\n<\/script><\/div>\n<\/div>\n<\/div>\n<\/div>\n\n\n\n<h2 class=\"wp-block-heading\" id=\"quels-polluants-puis-je-traiter-avec-le-purificateur-d-air-epur-b01-ecoprime\">ePUR B01 Ecoprime hava temizleme cihaz\u0131 ile hangi kirleticileri ar\u0131tabilirim?<\/h2>\n\n\n\n<p>ePUR B01 Ecoprime hava temizleyici farkl\u0131 filtreleme konfig\u00fcrasyonlar\u0131 ile donat\u0131labilir. Standart olarak, <strong>gaz kirleticiler<\/strong> (VOC&#8217;ler, kokular, formaldehitler, vb.) i\u00e7in aktif karbonlu bir molek\u00fcler filtreleme a\u015famas\u0131 ve ince toz, gaz kirleticiler, kokular, VOC&#8217;ler ve havadaki vir\u00fcs ve bakterileri i\u015flemek i\u00e7in bir <strong>partik\u00fcl filtr<\/strong> eleme kat\u0131 (HEPA s\u0131n\u0131f F doygunluk filtresi) i\u00e7erir. <\/p>\n\n\n\n<div class=\"wp-block-buttons is-horizontal is-content-justification-center is-layout-flex wp-container-core-buttons-is-layout-03627597 wp-block-buttons-is-layout-flex\">\n<div class=\"wp-block-button has-custom-width wp-block-button__width-100\"><a class=\"wp-block-button__link wp-element-button\" href=\"https:\/\/obera.fr\/tr\/bize-ulasin\/\">Daha fazla bilgi edin<\/a><\/div>\n<\/div>\n\n\n\n<div style=\"height:20px\" aria-hidden=\"true\" class=\"wp-block-spacer\"><\/div>\n\n\n\n<div class=\"wp-block-columns is-layout-flex wp-container-core-columns-is-layout-28f84493 wp-block-columns-is-layout-flex\">\n<div class=\"wp-block-column is-layout-flow wp-block-column-is-layout-flow\">\n<h3 class=\"wp-block-heading has-text-align-center\" id=\"polluants\">Kirleticiler<\/h3>\n\n\n\n<hr class=\"wp-block-separator has-css-opacity is-style-wide\"\/>\n\n\n\n<div class=\"wp-block-columns is-layout-flex wp-container-core-columns-is-layout-28f84493 wp-block-columns-is-layout-flex\">\n<div class=\"wp-block-column is-layout-flow wp-block-column-is-layout-flow\">\n<figure class=\"wp-block-image aligncenter size-large\"><img decoding=\"async\" width=\"70\" height=\"70\" src=\"https:\/\/obera.fr\/wp-content\/uploads\/2020\/08\/polluants-poussieres.jpg\" alt=\"Kirleticiler Toz\" class=\"wp-image-675\"\/><figcaption class=\"wp-element-caption\">Kirleticiler Toz<\/figcaption><\/figure>\n<\/div>\n\n\n\n<div class=\"wp-block-column is-layout-flow wp-block-column-is-layout-flow\">\n<figure class=\"wp-block-image aligncenter size-large\"><img decoding=\"async\" width=\"70\" height=\"70\" src=\"https:\/\/obera.fr\/wp-content\/uploads\/2020\/10\/industrie-aerosols.jpg\" alt=\"End\u00fcstri Aerosolleri\" class=\"wp-image-1201\"\/><figcaption class=\"wp-element-caption\">Aerosoller<\/figcaption><\/figure>\n<\/div>\n<\/div>\n\n\n\n<p><\/p>\n<\/div>\n\n\n\n<div class=\"wp-block-column is-layout-flow wp-block-column-is-layout-flow\">\n<h3 class=\"wp-block-heading has-text-align-center\" id=\"industries\">End\u00fcstriler<\/h3>\n\n\n\n<hr class=\"wp-block-separator has-css-opacity is-style-wide\"\/>\n\n\n\n<p>Her t\u00fcr i\u015fletme i\u00e7in uygun olan bu \u00fcr\u00fcn, i\u015fletmelerin vazge\u00e7ilmezi haline gelecektir:<\/p>\n\n\n\n<ul class=\"wp-block-list\">\n<li>Ofisler ve toplant\u0131 odalar\u0131<\/li>\n\n\n\n<li>A\u00e7\u0131k alanlar<\/li>\n\n\n\n<li>Zanaatkarlar<\/li>\n\n\n\n<li>Kuaf\u00f6rler<\/li>\n\n\n\n<li>T\u0131rnak sanat\u0131<\/li>\n\n\n\n<li>Elektronik sigara ve e-sigara likitlerinin ticareti<\/li>\n\n\n\n<li>T\u0131bbi uygulamalar<\/li>\n\n\n\n<li>Di\u015f Hekimleri<\/li>\n\n\n\n<li>Di\u015f teknisyenleri<\/li>\n\n\n\n<li>EPHAD<\/li>\n\n\n\n<li>G\u00f6zl\u00fck\u00e7\u00fcler<\/li>\n\n\n\n<li>Oteller<\/li>\n\n\n\n<li>Restoranlar<\/li>\n\n\n\n<li>Haz\u0131r giyim ma\u011fazalar\u0131<\/li>\n\n\n\n<li>Basmak<\/li>\n\n\n\n<li>Spor ve fitness tesisleri<\/li>\n\n\n\n<li>Primeurs<\/li>\n\n\n\n<li>Kre\u015fler ve okullar<\/li>\n<\/ul>\n<\/div>\n<\/div>\n\n\n\n<h2 class=\"wp-block-heading\" id=\"quelles-sont-les-caracteristiques-du-purificateur-d-air-epur-b01-ecoprime\">ePUR B01 Ecoprime hava temizleyicinin \u00f6zellikleri nelerdir?<\/h2>\n\n\n\n<figure class=\"wp-block-image alignright size-medium\"><img decoding=\"async\" width=\"300\" height=\"206\" src=\"https:\/\/obera.fr\/wp-content\/uploads\/2020\/10\/epur-ecoprime-300x206.jpg\" alt=\"Epur Ecoprime\" class=\"wp-image-1240\" srcset=\"https:\/\/obera.fr\/wp-content\/uploads\/2020\/10\/epur-ecoprime-300x206.jpg 300w, https:\/\/obera.fr\/wp-content\/uploads\/2020\/10\/epur-ecoprime-768x528.jpg 768w, https:\/\/obera.fr\/wp-content\/uploads\/2020\/10\/epur-ecoprime.jpg 900w\" sizes=\"(max-width: 300px) 100vw, 300px\" \/><figcaption class=\"wp-element-caption\">EcoPrime<\/figcaption><\/figure>\n\n\n\n<p>Bu \u00fcnite, toz ve gaz kirleticilerin %99,9&#8217;undan fazlas\u0131n\u0131 yakalayan <strong>y\u00fcksek verimli, karbon emdirilmi\u015f<\/strong> bir <strong>partik\u00fcl filtresine<\/strong> sahiptir. G\u00fcc\u00fc tamamen ayarlanabilir ve ak\u0131\u015f h\u0131z\u0131n\u0131 ihtiya\u00e7lar\u0131n\u0131za g\u00f6re uyarlaman\u0131za olanak tan\u0131r. Kompakt, 25x25x33 cm boyutlar\u0131yla en k\u00fc\u00e7\u00fck \u00e7al\u0131\u015fma ortam\u0131na bile m\u00fckemmel uyum sa\u011flar.    <\/p>\n\n\n\n<p>60m\u00b2&#8217;ye kadar bir y\u00fczey alan\u0131ndaki kirleticileri etkili bir \u015fekilde ar\u0131tabilir. Sadece 14 W&#8217;l\u0131k A+ derecesi ile enerji tasarrufludur. ePUR B01 Ecoprime hava temizleyici <strong>sessizdir<\/strong> ve tam g\u00fc\u00e7te 48db&#8217;lik d\u00fc\u015f\u00fck g\u00fcr\u00fclt\u00fc seviyesi, sizi rahats\u0131z etmeden m\u00fcmk\u00fcn oldu\u011funca yak\u0131n\u0131n\u0131za yerle\u015ftirebilece\u011finiz anlam\u0131na gelir.  <\/p>\n\n\n\n<h2 class=\"wp-block-heading\" id=\"quels-sont-ses-avantages\"><strong>Faydalar\u0131 nelerdir?<\/strong><\/h2>\n\n\n\n<p>\u0130lk olarak, hava temizleyici \u00e7al\u0131\u015fanlar\u0131 ince partik\u00fcllerden ve di\u011fer gaz kirleticilerden koruyarak her t\u00fcrl\u00fc akci\u011fer ve kalp hastal\u0131\u011f\u0131n\u0131n \u00f6nlenmesine yard\u0131mc\u0131 olur. <strong>HEPA filtreleme<\/strong> ayr\u0131ca patojenlerin, havadaki ajanlar\u0131n ve alerjenlerin neden oldu\u011fu salg\u0131nlar\u0131 s\u0131n\u0131rlamak i\u00e7in vir\u00fcsleri, bakterileri ve sporlar\u0131 ortadan kald\u0131r\u0131r.<\/p>\n\n\n\n<p>Temizlik maliyetleri a\u00e7\u0131s\u0131ndan da bir avantaj vard\u0131r. Asl\u0131nda \u00fcnite, aksi takdirde \u00e7al\u0131\u015fma alan\u0131n\u0131za yerle\u015fecek toz ve di\u011fer kirleticileri ar\u0131t\u0131r. Dahas\u0131, neredeyse hi\u00e7 bak\u0131m gerektirmez. Kullan\u0131m\u0131na ve odada bulunan kirleticilerin seviyesine ba\u011fl\u0131 olarak, filtrelerinin y\u0131lda yaln\u0131zca bir kez de\u011fi\u015ftirilmesi gerekir. Bu kompakt hava temizleyici, \u015f\u0131k ve modern tasar\u0131m\u0131yla her odaya kolayca s\u0131\u011far.    <\/p>\n\n\n\n<p>Baz\u0131 durumlarda, profesyonel hava temizleyicilerimiz Mesleki Maruz Kalma S\u0131n\u0131r\u0131na (OEL) uymak i\u00e7in kullan\u0131l\u0131r.<\/p>\n\n\n\n<div class=\"wp-block-columns is-layout-flex wp-container-core-columns-is-layout-28f84493 wp-block-columns-is-layout-flex\">\n<div class=\"wp-block-column is-layout-flow wp-block-column-is-layout-flow\">\n<h3 class=\"wp-block-heading has-text-align-center\" id=\"avantages\">Avantajlar<\/h3>\n\n\n\n<ul class=\"wp-block-list\">\n<li>Y\u00fcksek verimli aktif karbon emdirilmi\u015f sentetik HEPA filtre.<\/li>\n\n\n\n<li>Econome: maks. 14W <\/li>\n\n\n\n<li>60m\u00b2&#8217;ye kadar maksimum verimlilik.<\/li>\n<\/ul>\n<\/div>\n\n\n\n<div class=\"wp-block-column is-layout-flow wp-block-column-is-layout-flow\">\n<h3 class=\"wp-block-heading has-text-align-center\" id=\"particularites\">\u00d6zel \u00f6zellikler<\/h3>\n\n\n\n<ul class=\"wp-block-list\">\n<li>G\u00fc\u00e7 %0 ila %100 aras\u0131nda ayarlanabilir.<\/li>\n\n\n\n<li>\u015e\u0131k, modern tasar\u0131m<\/li>\n\n\n\n<li>Kompakt 25cm x 25cm x 33cm<\/li>\n\n\n\n<li>Susturucu: maks. Tam g\u00fc\u00e7te 48 dB <\/li>\n<\/ul>\n<\/div>\n\n\n\n<div class=\"wp-block-column is-layout-flow wp-block-column-is-layout-flow\">\n<h3 class=\"wp-block-heading has-text-align-center\" id=\"caracteristiques\">\u00d6zellikler<\/h3>\n\n\n\n<ul class=\"wp-block-list\">\n<li>\u0130nce partik\u00fcllerin ve u\u00e7ucu organik bile\u015fiklerin (VOC&#8217;ler) %99,9&#8217;un \u00fczerinde filtrelenmesi<\/li>\n\n\n\n<li>Vir\u00fcsleri, bakterileri ve sporlar\u0131 filtreler: havadaki patojenlerin neden oldu\u011fu salg\u0131n hastal\u0131klar\u0131n s\u0131n\u0131rland\u0131r\u0131lmas\u0131na yard\u0131mc\u0131 olur<\/li>\n<\/ul>\n<\/div>\n<\/div>\n\n\n\n<div class=\"wp-block-buttons is-horizontal is-content-justification-center is-layout-flex wp-container-core-buttons-is-layout-03627597 wp-block-buttons-is-layout-flex\">\n<div class=\"wp-block-button has-custom-width wp-block-button__width-100\"><a class=\"wp-block-button__link wp-element-button\" href=\"https:\/\/obera.fr\/tr\/bize-ulasin\/\">Daha fazla bilgi edin<\/a><\/div>\n<\/div>\n\n\n\n<h2 class=\"wp-block-heading\" id=\"exemples-de-domaine-d-application-pour-le-epur-b01-ecoprime\">ePUR B01 Ecoprime i\u00e7in uygulama \u00f6rnekleri:<\/h2>\n\n\n\n<h3 class=\"wp-block-heading\" id=\"secteur-medical-hopitaux-ehpad-veterinaires-pedicures-podologues-dentistes-et-prothesistes-dentaires-cabinets-medicaux-espaces-funeraires\">Medikal sekt\u00f6r (hastaneler, bak\u0131m evleri, veteriner hekimler, kiropodistler, di\u015f hekimleri ve di\u015f teknisyenleri, muayenehaneler, cenaze evleri)<\/h3>\n\n\n\n<p>\u0130htiya\u00e7lar \u00e7ok \u00e7e\u015fitlidir:<\/p>\n\n\n\n<ul class=\"wp-block-list\">\n<li>Hava <strong>kaynakl\u0131 kontaminasyonu<\/strong>(vir\u00fcsler, bakteriler) <strong>azaltmak<\/strong> i\u00e7in hava kalitesini iyile\u015ftirmek<\/li>\n\n\n\n<li>Dezenfekte edin ve <strong>vir\u00fcslerin<\/strong>, bakterilerin vb. <strong>yay\u0131lmas\u0131n\u0131 \u00f6nleyin<\/strong>.<\/li>\n\n\n\n<li>Rahats\u0131z edici kokular\u0131 ortadan kald\u0131r\u0131r ve <strong>\u00e7e\u015fitli<\/strong> koku <strong>kirlili\u011fi t\u00fcrlerini n\u00f6tralize<\/strong> eder<\/li>\n\n\n\n<li>Toz \u00fcreten faaliyetlerde toz <strong>seviyelerinin azalt\u0131lmas\u0131<\/strong> <\/li>\n<\/ul>\n\n\n\n<h2 class=\"wp-block-heading\" id=\"les-autres-purificateur-d-air-de-la-marque-obera\">oberA markal\u0131 di\u011fer hava temizleyicileri<\/h2>\n\n\n\n<div class=\"wp-block-columns is-layout-flex wp-container-core-columns-is-layout-28f84493 wp-block-columns-is-layout-flex\">\n<div class=\"wp-block-column is-layout-flow wp-block-column-is-layout-flow\">\n<figure class=\"wp-block-image aligncenter size-medium is-resized\"><a href=\"https:\/\/obera.fr\/produits\/purificateurs-air\/filtower\/\"><img decoding=\"async\" width=\"300\" height=\"300\" src=\"https:\/\/obera.fr\/wp-content\/uploads\/2020\/09\/FILTOWER-SF-300x300.png\" alt=\"Filtower Sf\" class=\"wp-image-1017\" style=\"width:150px;height:150px\" srcset=\"https:\/\/obera.fr\/wp-content\/uploads\/2020\/09\/FILTOWER-SF-300x300.png 300w, https:\/\/obera.fr\/wp-content\/uploads\/2020\/09\/FILTOWER-SF-150x150.png 150w, https:\/\/obera.fr\/wp-content\/uploads\/2020\/09\/FILTOWER-SF.png 600w\" sizes=\"(max-width: 300px) 100vw, 300px\" \/><\/a><figcaption class=\"wp-element-caption\">Filtower<\/figcaption><\/figure>\n<\/div>\n\n\n\n<div class=\"wp-block-column is-layout-flow wp-block-column-is-layout-flow\">\n<figure class=\"wp-block-image aligncenter size-medium is-resized\"><a href=\"https:\/\/obera.fr\/produits\/purificateurs-air\/professionnel-epur-ca\/\"><img decoding=\"async\" width=\"300\" height=\"300\" src=\"https:\/\/obera.fr\/wp-content\/uploads\/2020\/09\/gamme-epur-ca-300x300.jpg\" alt=\"Epur Ca aral\u0131\u011f\u0131\" class=\"wp-image-1015\" style=\"width:150px;height:150px\" srcset=\"https:\/\/obera.fr\/wp-content\/uploads\/2020\/09\/gamme-epur-ca-300x300.jpg 300w, https:\/\/obera.fr\/wp-content\/uploads\/2020\/09\/gamme-epur-ca-150x150.jpg 150w, https:\/\/obera.fr\/wp-content\/uploads\/2020\/09\/gamme-epur-ca.jpg 433w\" sizes=\"(max-width: 300px) 100vw, 300px\" \/><\/a><figcaption class=\"wp-element-caption\">ePUR AC<\/figcaption><\/figure>\n<\/div>\n\n\n\n<div class=\"wp-block-column is-layout-flow wp-block-column-is-layout-flow\">\n<figure class=\"wp-block-image aligncenter size-full\"><a href=\"https:\/\/obera.fr\/produits\/purificateurs-air\/industriel-epur\/\"><img decoding=\"async\" width=\"150\" height=\"150\" src=\"https:\/\/obera.fr\/wp-content\/uploads\/2023\/05\/gamme-epur.png\" alt=\"epur aral\u0131\u011f\u0131\" class=\"wp-image-22632\"\/><\/a><figcaption class=\"wp-element-caption\">EPUR<\/figcaption><\/figure>\n<\/div>\n\n\n\n<div class=\"wp-block-column is-layout-flow wp-block-column-is-layout-flow\">\n<figure class=\"wp-block-image aligncenter size-full\"><a href=\"https:\/\/obera.fr\/produits\/purificateurs-air\/purificateur-rafraichisseur-epur150-fresh\/\"><img decoding=\"async\" width=\"150\" height=\"150\" src=\"https:\/\/obera.fr\/wp-content\/uploads\/2023\/04\/epur150-fresh-4.png\" alt=\"epur150 fresh (4)\" class=\"wp-image-22427\"\/><\/a><figcaption class=\"wp-element-caption\">ePUR150 TAZE<\/figcaption><\/figure>\n<\/div>\n<\/div>\n","protected":false},"excerpt":{"rendered":"<p>ePUR B01 Ecoprime est un purificateur d\u2019air professionnel pour de petits volumes. Hava temizleme cihaz\u0131m\u0131z nas\u0131l \u00e7al\u0131\u015f\u0131r? \u00c7al\u0131\u015fma \u015fekli basittir: Kirli hava \u00fcnitenin \u00fcst k\u0131sm\u0131ndan i\u00e7eri \u00e7ekilir, ard\u0131ndan \u00fcnitenin i\u00e7indeki birka\u00e7 filtreleme katman\u0131ndan ge\u00e7er ve alt k\u0131s\u0131mdan do\u011frudan \u00e7al\u0131\u015fma alan\u0131n\u0131za bo\u015falt\u0131l\u0131r. Kullan\u0131m alanlar\u0131 nelerdir? Bu hava i\u015fleme \u00fcnitesi hemen hemen her t\u00fcr i\u015fletme i\u00e7in uygundur. Ofisler, toplant\u0131 odalar\u0131, kuaf\u00f6r salonlar\u0131, manik\u00fcr salonlar\u0131, oteller, kuru temizleyiciler, spor salonlar\u0131, doktor muayenehaneleri, di\u015f hekimleri, EPHAD, zanaatkarlar ve okullar gibi k\u00fc\u00e7\u00fck ve orta \u00f6l\u00e7ekli alanlarda etkili olacakt\u0131r. ePUR B01 Ecoprime hava temizleme cihaz\u0131 ile hangi kirleticileri ar\u0131tabilirim? ePUR B01 Ecoprime hava temizleyici farkl\u0131 filtreleme &#8230; <\/p>\n<p class=\"read-more-container\"><a title=\"ePUR B01 Ecoprime toz hava temizleyici\" class=\"read-more button\" href=\"https:\/\/obera.fr\/tr\/produits\/purificateurs-air\/epur-b01-ecoprime-toz-hava-temizleyici\/#more-51938\" aria-label=\"Read more about ePUR B01 Ecoprime toz hava temizleyici\">Lire la suite<\/a><\/p>\n","protected":false},"author":4,"featured_media":83752,"parent":51942,"menu_order":0,"comment_status":"closed","ping_status":"closed","template":"","meta":{"_acf_changed":false,"_seopress_robots_primary_cat":"","_seopress_titles_title":"ePUR B01 Ecoprime toz hava temizleyici - oberA","_seopress_titles_desc":"ePUR B01 Ecoprime hava temizleme cihaz\u0131, farkl\u0131 filtreleme konfig\u00fcrasyonlar\u0131 ile donat\u0131lm\u0131\u015ft\u0131r. Bu klima santrali t\u00fcm i\u015fletmeler i\u00e7in uygundur","_seopress_robots_index":"","footnotes":""},"class_list":{"0":"post-51938","1":"page","2":"type-page","3":"status-publish","4":"has-post-thumbnail","6":"no-featured-image-padding","7":"resize-featured-image"},"acf":[],"_links":{"self":[{"href":"https:\/\/obera.fr\/tr\/wp-json\/wp\/v2\/pages\/51938","targetHints":{"allow":["GET"]}}],"collection":[{"href":"https:\/\/obera.fr\/tr\/wp-json\/wp\/v2\/pages"}],"about":[{"href":"https:\/\/obera.fr\/tr\/wp-json\/wp\/v2\/types\/page"}],"author":[{"embeddable":true,"href":"https:\/\/obera.fr\/tr\/wp-json\/wp\/v2\/users\/4"}],"replies":[{"embeddable":true,"href":"https:\/\/obera.fr\/tr\/wp-json\/wp\/v2\/comments?post=51938"}],"version-history":[{"count":2,"href":"https:\/\/obera.fr\/tr\/wp-json\/wp\/v2\/pages\/51938\/revisions"}],"predecessor-version":[{"id":71726,"href":"https:\/\/obera.fr\/tr\/wp-json\/wp\/v2\/pages\/51938\/revisions\/71726"}],"up":[{"embeddable":true,"href":"https:\/\/obera.fr\/tr\/wp-json\/wp\/v2\/pages\/51942"}],"wp:featuredmedia":[{"embeddable":true,"href":"https:\/\/obera.fr\/tr\/wp-json\/wp\/v2\/media\/83752"}],"wp:attachment":[{"href":"https:\/\/obera.fr\/tr\/wp-json\/wp\/v2\/media?parent=51938"}],"curies":[{"name":"wp","href":"https:\/\/api.w.org\/{rel}","templated":true}]}}