{"id":51975,"date":"2020-08-26T12:38:40","date_gmt":"2020-08-26T10:38:40","guid":{"rendered":"https:\/\/obera.fr\/urunlerimiz\/endustriyel-hava-temizleyicileri\/filtower-hava-temizleyici\/"},"modified":"2026-03-25T17:53:39","modified_gmt":"2026-03-25T15:53:39","slug":"filtower","status":"publish","type":"page","link":"https:\/\/obera.fr\/tr\/produits\/purificateurs-air\/filtower\/","title":{"rendered":"Filtower hava temizleyici"},"content":{"rendered":"\n\n\n\n<h2 class=\"wp-block-heading\" id=\"centrale-de-traitement-d-air-sans-tuyauterie-ni-montage\">Boru tesisat\u0131 veya montaj\u0131 olmayan klima santrali<\/h2>\n\n\n\n<div class=\"wp-block-columns is-layout-flex wp-container-core-columns-is-layout-28f84493 wp-block-columns-is-layout-flex\">\n<div class=\"wp-block-column is-layout-flow wp-block-column-is-layout-flow\" style=\"flex-basis:33.33%\">\n<figure class=\"wp-block-image aligncenter size-medium\"><img decoding=\"async\" width=\"184\" height=\"300\" src=\"https:\/\/obera.fr\/wp-content\/uploads\/2024\/02\/design-sans-titre-1-184x300.png\" alt=\"isimsiz tasar\u0131m 1\" class=\"wp-image-28336\" srcset=\"https:\/\/obera.fr\/wp-content\/uploads\/2024\/02\/design-sans-titre-1-184x300.png 184w, https:\/\/obera.fr\/wp-content\/uploads\/2024\/02\/design-sans-titre-1.png 496w\" sizes=\"(max-width: 184px) 100vw, 184px\" \/><\/figure>\n<\/div>\n\n\n\n<div class=\"wp-block-column is-layout-flow wp-block-column-is-layout-flow\" style=\"flex-basis:66.66%\">\n<p>FILTOWER <a href=\"https:\/\/obera.fr\/tr\/produits\/purificateurs-air\/\" data-type=\"page\" data-id=\"26\">hava temizleyici<\/a> genellikle toz, kaynak duman\u0131 ve ya\u011f bu\u011fusunu ay\u0131klamak ve filtrelemek i\u00e7in kaynakta bir ekstraksiyon sistemi ile birlikte kullan\u0131l\u0131r.<\/p>\n\n\n\n<p>FILTOWER i\u00e7in kullan\u0131l\u0131r:<\/p>\n\n\n\n<ul class=\"wp-block-list\">\n<li>At\u00f6lyedeki hava kalitesini \u00f6nemli \u00f6l\u00e7\u00fcde iyile\u015ftirin.<\/li>\n\n\n\n<li>\u0130\u015f istasyonundaki d\u00fczenleyici de\u011ferlere uyun.<\/li>\n\n\n\n<li>Bir kaynak yakalama sistemini tamamlay\u0131n.<\/li>\n\n\n\n<li>Kaynak yakalaman\u0131n m\u00fcmk\u00fcn olmad\u0131\u011f\u0131 veya \u00e7ok etkili olmad\u0131\u011f\u0131 kaynak i\u015flemleri.<\/li>\n\n\n\n<li>Yay\u0131l\u0131 emisyonlar\u0131 yakalay\u0131n.<\/li>\n<\/ul>\n\n\n\n<p><strong>FILTOWER<\/strong> serisindeki \u00fcniteler, filtrelenen havadan gelen \u0131s\u0131 binaya yeniden verildi\u011finden \u0131s\u0131tma maliyetlerinde %70&#8217;e kadar tasarruf sa\u011flayabilir.<\/p>\n\n\n\n<div class=\"wp-block-columns is-layout-flex wp-container-core-columns-is-layout-28f84493 wp-block-columns-is-layout-flex\">\n<div class=\"wp-block-column is-layout-flow wp-block-column-is-layout-flow\" style=\"flex-basis:33.34%\">\n<div class=\"wp-block-buttons is-content-justification-center is-layout-flex wp-container-core-buttons-is-layout-a89b3969 wp-block-buttons-is-layout-flex\">\n<div class=\"wp-block-button\"><a class=\"wp-block-button__link wp-element-button\" href=\"https:\/\/obera.fr\/wp-content\/uploads\/2025\/03\/en-brochure-filtower.pdf\">Bro\u015f\u00fcr\u00fc indirin<\/a><\/div>\n<\/div>\n<\/div>\n\n\n\n<div class=\"wp-block-column is-layout-flow wp-block-column-is-layout-flow\" style=\"flex-basis:33.34%\">\n<div class=\"wp-block-buttons is-horizontal is-content-justification-center is-layout-flex wp-container-core-buttons-is-layout-03627597 wp-block-buttons-is-layout-flex\">\n<div class=\"wp-block-button has-custom-width wp-block-button__width-100\"><a class=\"wp-block-button__link wp-element-button\" href=\"https:\/\/obera.fr\/tr\/bize-ulasin\/\">Daha fazla bilgi edin<\/a><\/div>\n<\/div>\n<\/div>\n\n\n\n<div class=\"wp-block-column is-layout-flow wp-block-column-is-layout-flow\" style=\"flex-basis:33.33%\">\n<div class=\"wp-block-buttons is-content-justification-center is-layout-flex wp-container-core-buttons-is-layout-a89b3969 wp-block-buttons-is-layout-flex\">\n<div class=\"wp-block-button btn-devis-source\"><a class=\"wp-block-button__link wp-element-button\" href=\"https:\/\/obera.fr\/tr\/devis\/\">Fiyat teklifi isteyin<\/a><\/div>\n<\/div>\n\n\n<script>\r\ndocument.addEventListener('DOMContentLoaded', function() {\r\n    \/\/ 1. On cherche le titre H1 de la page\r\n    var h1 = document.querySelector('h1');\r\n    var productTitle = h1 ? h1.innerText.trim() : \"\";\r\n\r\n    \/\/ 2. On cherche les boutons via la classe CSS .btn-devis-source\r\n    var buttons = document.querySelectorAll('.btn-devis-source a');\r\n\r\n    \/\/ 3. Si on a le titre et les boutons, on ajoute le param\u00e8tre\r\n    if (buttons.length > 0 && productTitle !== \"\") {\r\n        var encodedTitle = encodeURIComponent(productTitle);\r\n\r\n        buttons.forEach(function(btn) {\r\n            var currentHref = btn.getAttribute('href');\r\n            \r\n            \/\/ S\u00e9curit\u00e9 pour ne pas ajouter le param\u00e8tre 2 fois\r\n            if (currentHref.indexOf('sujet=') === -1) {\r\n                var separator = currentHref.indexOf('?') !== -1 ? '&' : '?';\r\n                var newLink = currentHref + separator + 'sujet=' + encodedTitle;\r\n                \r\n                btn.setAttribute('href', newLink);\r\n            }\r\n        });\r\n    }\r\n});\r\n<\/script><\/div>\n<\/div>\n<\/div>\n<\/div>\n\n\n\n<figure class=\"wp-block-gallery has-nested-images columns-default is-cropped wp-block-gallery-1 is-layout-flex wp-block-gallery-is-layout-flex\">\n<figure class=\"wp-block-image size-large\"><img decoding=\"async\" width=\"1024\" height=\"683\" data-id=\"1247\" src=\"https:\/\/obera.fr\/wp-content\/uploads\/2020\/10\/FILTOWER-fonctionnement.jpg\" alt=\"Filtower Nas\u0131l \u00e7al\u0131\u015f\u0131r\" class=\"wp-image-1247\" srcset=\"https:\/\/obera.fr\/wp-content\/uploads\/2020\/10\/FILTOWER-fonctionnement.jpg 1024w, https:\/\/obera.fr\/wp-content\/uploads\/2020\/10\/FILTOWER-fonctionnement-300x200.jpg 300w, https:\/\/obera.fr\/wp-content\/uploads\/2020\/10\/FILTOWER-fonctionnement-768x512.jpg 768w\" sizes=\"(max-width: 1024px) 100vw, 1024px\" \/><figcaption class=\"wp-element-caption\">Nas\u0131l \u00e7al\u0131\u015f\u0131r<\/figcaption><\/figure>\n\n\n\n<figure class=\"wp-block-image size-large\"><img decoding=\"async\" width=\"1024\" height=\"683\" data-id=\"1250\" src=\"https:\/\/obera.fr\/wp-content\/uploads\/2020\/10\/filtower-ouvert.jpg\" alt=\"Filtower A\u00e7\u0131k\" class=\"wp-image-1250\" srcset=\"https:\/\/obera.fr\/wp-content\/uploads\/2020\/10\/filtower-ouvert.jpg 1024w, https:\/\/obera.fr\/wp-content\/uploads\/2020\/10\/filtower-ouvert-300x200.jpg 300w, https:\/\/obera.fr\/wp-content\/uploads\/2020\/10\/filtower-ouvert-768x512.jpg 768w\" sizes=\"(max-width: 1024px) 100vw, 1024px\" \/><figcaption class=\"wp-element-caption\">A\u00e7\u0131k<\/figcaption><\/figure>\n\n\n\n<figure class=\"wp-block-image size-large\"><img decoding=\"async\" width=\"1024\" height=\"576\" data-id=\"1246\" src=\"https:\/\/obera.fr\/wp-content\/uploads\/2020\/10\/FILTOWER-BAC.jpg\" alt=\"Filtower Bac\" class=\"wp-image-1246\" srcset=\"https:\/\/obera.fr\/wp-content\/uploads\/2020\/10\/FILTOWER-BAC.jpg 1024w, https:\/\/obera.fr\/wp-content\/uploads\/2020\/10\/FILTOWER-BAC-300x169.jpg 300w, https:\/\/obera.fr\/wp-content\/uploads\/2020\/10\/FILTOWER-BAC-768x432.jpg 768w\" sizes=\"(max-width: 1024px) 100vw, 1024px\" \/><figcaption class=\"wp-element-caption\">Kutular<\/figcaption><\/figure>\n<\/figure>\n\n\n\n<div class=\"wp-block-columns is-layout-flex wp-container-core-columns-is-layout-28f84493 wp-block-columns-is-layout-flex\">\n<div class=\"wp-block-column is-layout-flow wp-block-column-is-layout-flow\">\n<h3 class=\"wp-block-heading has-text-align-center\" id=\"avantages\">Avantajlar<\/h3>\n\n\n\n<ul class=\"wp-block-list\">\n<li>Tak ve \u00c7al\u0131\u015ft\u0131r: g\u00fc\u00e7 kayna\u011f\u0131na, bas\u0131n\u00e7l\u0131 havaya ba\u011flars\u0131n\u0131z ve hepsi bu kadar.<\/li>\n\n\n\n<li>G\u00fc\u00e7l\u00fc ve sessiz<\/li>\n\n\n\n<li>Emme kanal\u0131 yok<\/li>\n\n\n\n<li>Forkliftle veya k\u00f6pr\u00fc \u00fczerinde kolayca ta\u015f\u0131nabilecek \u015fekilde tasarlanm\u0131\u015ft\u0131r<\/li>\n\n\n\n<li>Otomatik filtre kartu\u015fu temizli\u011fi sayesinde d\u00fc\u015f\u00fck bak\u0131m maliyetleri<\/li>\n<\/ul>\n<\/div>\n\n\n\n<div class=\"wp-block-column is-layout-flow wp-block-column-is-layout-flow\">\n<h3 class=\"wp-block-heading has-text-align-center\" id=\"particularites\">\u00d6zel \u00f6zellikler<\/h3>\n\n\n\n<ul class=\"wp-block-list\">\n<li>70&#8217;e varan \u0131s\u0131tma tasarrufu<\/li>\n\n\n\n<li>Kolay, tozsuz filtre de\u011fi\u015fimi<\/li>\n\n\n\n<li>Uzun \u00f6m\u00fcrl\u00fc filtre kartu\u015flar\u0131<\/li>\n\n\n\n<li>99,95&#8217;in \u00fczerinde filtreleme verimlili\u011fi i\u00e7in nanolifler<\/li>\n\n\n\n<li>Patentli partik\u00fcl \u00f6n ay\u0131rma sistemi<\/li>\n\n\n\n<li>Filtrelenmi\u015f havan\u0131n d\u00fc\u015f\u00fck \u00e7\u0131k\u0131\u015f h\u0131z\u0131<\/li>\n\n\n\n<li>\u00c7\u0131kar\u0131lan tozun kolay ve temiz tahliyesi<\/li>\n<\/ul>\n<\/div>\n\n\n\n<div class=\"wp-block-column is-layout-flow wp-block-column-is-layout-flow\">\n<h3 class=\"wp-block-heading has-text-align-center\" id=\"caracteristiques\">\u00d6zellikler<\/h3>\n\n\n\n<ul class=\"wp-block-list\">\n<li>Mevcut sistemleri tamamlayarak \u00fcretim at\u00f6lyelerindeki hava kalitesini \u00f6nemli \u00f6l\u00e7\u00fcde iyile\u015ftirir<\/li>\n<\/ul>\n<\/div>\n<\/div>\n\n\n\n<h2 class=\"wp-block-heading\" id=\"applications\">Uygulamalar<\/h2>\n\n\n\n<div class=\"wp-block-columns is-layout-flex wp-container-core-columns-is-layout-28f84493 wp-block-columns-is-layout-flex\">\n<div class=\"wp-block-column is-layout-flow wp-block-column-is-layout-flow\">\n<h3 class=\"wp-block-heading has-text-align-center\" id=\"polluants\">Kirleticiler<\/h3>\n\n\n\n<hr class=\"wp-block-separator has-css-opacity is-style-wide\"\/>\n\n\n\n<div class=\"wp-block-columns is-layout-flex wp-container-core-columns-is-layout-28f84493 wp-block-columns-is-layout-flex\">\n<div class=\"wp-block-column is-layout-flow wp-block-column-is-layout-flow\">\n<figure class=\"wp-block-image aligncenter size-large\"><img decoding=\"async\" width=\"70\" height=\"70\" src=\"https:\/\/obera.fr\/wp-content\/uploads\/2020\/08\/polluants-poussieres.jpg\" alt=\"Kirleticiler Toz\" class=\"wp-image-675\"\/><figcaption class=\"wp-element-caption\">Toz<\/figcaption><\/figure>\n\n\n\n<figure class=\"wp-block-image aligncenter size-large\"><img decoding=\"async\" width=\"70\" height=\"70\" src=\"https:\/\/obera.fr\/wp-content\/uploads\/2020\/08\/industrie-fumees.jpg\" alt=\"End\u00fcstri Duman\u0131\" class=\"wp-image-722\"\/><figcaption class=\"wp-element-caption\">Dumanlar<\/figcaption><\/figure>\n\n\n\n<figure class=\"wp-block-image aligncenter size-large\"><img decoding=\"async\" width=\"70\" height=\"70\" src=\"https:\/\/obera.fr\/wp-content\/uploads\/2020\/09\/cov.png\" alt=\"Cov\" class=\"wp-image-959\"\/><figcaption class=\"wp-element-caption\">VOCS<\/figcaption><\/figure>\n<\/div>\n\n\n\n<div class=\"wp-block-column is-layout-flow wp-block-column-is-layout-flow\">\n<figure class=\"wp-block-image aligncenter size-large\"><img decoding=\"async\" width=\"70\" height=\"70\" src=\"https:\/\/obera.fr\/wp-content\/uploads\/2020\/08\/industrie-odeur.jpg\" alt=\"End\u00fcstri Kokusu\" class=\"wp-image-723\"\/><figcaption class=\"wp-element-caption\">Kokular<\/figcaption><\/figure>\n\n\n\n<figure class=\"wp-block-image aligncenter size-large\"><img decoding=\"async\" width=\"70\" height=\"70\" src=\"https:\/\/obera.fr\/wp-content\/uploads\/2020\/08\/industrie-brouillard-huile.jpg\" alt=\"End\u00fcstri Sis Ya\u011f\u0131\" class=\"wp-image-721\"\/><figcaption class=\"wp-element-caption\">Ya\u011f buhar\u0131<\/figcaption><\/figure>\n<\/div>\n<\/div>\n<\/div>\n\n\n\n<div class=\"wp-block-column is-layout-flow wp-block-column-is-layout-flow\">\n<h3 class=\"wp-block-heading has-text-align-center\" id=\"industries\">End\u00fcstriler<\/h3>\n\n\n\n<hr class=\"wp-block-separator has-css-opacity is-style-wide\"\/>\n\n\n\n<div class=\"wp-block-columns is-layout-flex wp-container-core-columns-is-layout-28f84493 wp-block-columns-is-layout-flex\">\n<div class=\"wp-block-column is-layout-flow wp-block-column-is-layout-flow\">\n<figure class=\"wp-block-image aligncenter size-large\"><img decoding=\"async\" width=\"70\" height=\"70\" src=\"https:\/\/obera.fr\/wp-content\/uploads\/2020\/08\/industrie-metallurgie.jpg\" alt=\"Metalurji end\u00fcstrisi\" class=\"wp-image-673\"\/><figcaption class=\"wp-element-caption\">Metalurji<\/figcaption><\/figure>\n\n\n\n<figure class=\"wp-block-image aligncenter size-large\"><img decoding=\"async\" width=\"70\" height=\"70\" src=\"https:\/\/obera.fr\/wp-content\/uploads\/2020\/08\/industrie-plastique.jpg\" alt=\"Plastik end\u00fcstrisi\" class=\"wp-image-669\"\/><figcaption class=\"wp-element-caption\">Plastikler<\/figcaption><\/figure>\n\n\n\n<figure class=\"wp-block-image aligncenter size-large\"><img decoding=\"async\" width=\"70\" height=\"70\" src=\"https:\/\/obera.fr\/wp-content\/uploads\/2020\/08\/industrie-chimie.jpg\" alt=\"Kimya end\u00fcstrisi\" class=\"wp-image-725\"\/><figcaption class=\"wp-element-caption\">Kimyasallar\/Petrokimyasallar<\/figcaption><\/figure>\n<\/div>\n\n\n\n<div class=\"wp-block-column is-layout-flow wp-block-column-is-layout-flow\">\n<figure class=\"wp-block-image aligncenter size-large\"><img decoding=\"async\" width=\"70\" height=\"70\" src=\"https:\/\/obera.fr\/wp-content\/uploads\/2020\/08\/industrie-bois.jpg\" alt=\"Ah\u015fap end\u00fcstrisi\" class=\"wp-image-672\"\/><figcaption class=\"wp-element-caption\">A\u011fa\u00e7 \u0130\u015fleri<\/figcaption><\/figure>\n\n\n\n<figure class=\"wp-block-image aligncenter size-large\"><img decoding=\"async\" width=\"70\" height=\"70\" src=\"https:\/\/obera.fr\/wp-content\/uploads\/2020\/08\/industrie-papier-carton.jpg\" alt=\"Ka\u011f\u0131t ve karton end\u00fcstrisi\" class=\"wp-image-670\"\/><figcaption class=\"wp-element-caption\">Ka\u011f\u0131t\/karton<\/figcaption><\/figure>\n\n\n\n<figure class=\"wp-block-image aligncenter size-large\"><img decoding=\"async\" width=\"70\" height=\"70\" src=\"https:\/\/obera.fr\/wp-content\/uploads\/2020\/08\/industrie-minerai.jpg\" alt=\"Cevher end\u00fcstrisi\" class=\"wp-image-724\"\/><figcaption class=\"wp-element-caption\">Mineraller<\/figcaption><\/figure>\n<\/div>\n<\/div>\n<\/div>\n<\/div>\n\n\n\n<h2 class=\"wp-block-heading\" id=\"caracteristiques-techniques\">Teknik \u00f6zellikler<\/h2>\n\n\n\n<figure class=\"wp-block-table\"><table class=\"has-fixed-layout\"><thead><tr><th>Cihaz<\/th><th><\/th><th>FILTOWER 100<\/th><th>FILTOWER 160<\/th><th>FILTOWER 200<\/th><\/tr><\/thead><tbody><tr><td>Ak\u0131\u015f<\/td><td>m3\/h<\/td><td>10 000<\/td><td>15 000<\/td><td>20 000<\/td><\/tr><tr><td>maksimum negatif bas\u0131n\u00e7<\/td><td>Pa<\/td><td>2 800<\/td><td>2 800<\/td><td>2 800<\/td><\/tr><tr><td>Besleme gerilimi<\/td><td>V<\/td><td>400<\/td><td>400<\/td><td>400<\/td><\/tr><tr><td>G\u00fc\u00e7<\/td><td>kW<\/td><td>2 x 3.0<\/td><td>2 x 4.0<\/td><td>2 x 7.5<\/td><\/tr><tr><td>Filtre y\u00fczeyi<\/td><td>m\u00b2<\/td><td>100<\/td><td>160<\/td><td>200<\/td><\/tr><tr><td>Filtre say\u0131s\u0131<\/td><td>Par\u00e7a<\/td><td>4<\/td><td>4<\/td><td>4<\/td><\/tr><tr><td>Toz depolama kapasitesi<\/td><td>l<\/td><td>150<\/td><td>150<\/td><td>150<\/td><\/tr><tr><td>Boyutlar<\/td><td>l\/L\/h (mm)<\/td><td>2060x1510x2950<\/td><td>2060x1510x3350<\/td><td>2060x1510x3850<\/td><\/tr><tr><td>A\u011f\u0131rl\u0131k<\/td><td>kg<\/td><td>1 100<\/td><td>1 200<\/td><td>1 500<\/td><\/tr><tr><td>Ses seviyesi<\/td><td>dB(A)<\/td><td>71<\/td><td>75<\/td><td>77<\/td><\/tr><\/tbody><\/table><\/figure>\n\n\n\n<h3 class=\"wp-block-heading\" id=\"en-option\">Opsiyonel<\/h3>\n\n\n\n<div class=\"wp-block-columns is-layout-flex wp-container-core-columns-is-layout-28f84493 wp-block-columns-is-layout-flex\">\n<div class=\"wp-block-column is-layout-flow wp-block-column-is-layout-flow\">\n<figure class=\"wp-block-image aligncenter size-large\"><img decoding=\"async\" width=\"100\" height=\"100\" src=\"https:\/\/obera.fr\/wp-content\/uploads\/2020\/09\/Appareil-de-controle.jpg\" alt=\"Kontrol Cihaz\u0131\" class=\"wp-image-961\"\/><figcaption class=\"wp-element-caption\">S\u00fcrekli \u00f6l\u00e7\u00fcm<\/figcaption><\/figure>\n<\/div>\n\n\n\n<div class=\"wp-block-column is-layout-flow wp-block-column-is-layout-flow\">\n<figure class=\"wp-block-image aligncenter size-large\"><img decoding=\"async\" width=\"100\" height=\"100\" src=\"https:\/\/obera.fr\/wp-content\/uploads\/2020\/09\/Charbon-actif-100x100-1.jpg\" alt=\"Aktif Karbon 100x100\" class=\"wp-image-963\"\/><\/figure>\n\n\n\n<p class=\"has-text-align-center\">Aktif karbon filtre<\/p>\n<\/div>\n\n\n\n<div class=\"wp-block-column is-layout-flow wp-block-column-is-layout-flow\">\n<figure class=\"wp-block-image aligncenter size-large\"><img decoding=\"async\" width=\"150\" height=\"150\" src=\"https:\/\/obera.fr\/wp-content\/uploads\/2020\/11\/4-industrie-4-0.jpg\" alt=\"4 End\u00fcstri 4 0\" class=\"wp-image-1641\"\/><figcaption class=\"wp-element-caption\">End\u00fcstri 4.0<\/figcaption><\/figure>\n<\/div>\n<\/div>\n\n\n\n<hr class=\"wp-block-separator has-css-opacity is-style-dots\"\/>\n\n\n\n<div class=\"wp-block-buttons is-horizontal is-content-justification-center is-layout-flex wp-container-core-buttons-is-layout-03627597 wp-block-buttons-is-layout-flex\">\n<div class=\"wp-block-button has-custom-width wp-block-button__width-100\"><a class=\"wp-block-button__link wp-element-button\" href=\"https:\/\/obera.fr\/tr\/bize-ulasin\/\">Daha fazla bilgi edin<\/a><\/div>\n<\/div>\n\n\n\n<h2 class=\"wp-block-heading\" id=\"les-autres-purificateurs-d-air\">Di\u011fer hava temizleyicileri<\/h2>\n\n\n\n<div class=\"wp-block-columns is-layout-flex wp-container-core-columns-is-layout-28f84493 wp-block-columns-is-layout-flex\">\n<div class=\"wp-block-column is-vertically-aligned-center is-layout-flow wp-block-column-is-layout-flow\">\n<figure class=\"wp-block-image aligncenter size-thumbnail\"><a href=\"https:\/\/obera.fr\/produits\/purificateurs-air\/poussieres-epur-b01-ecoprime\/\"><img decoding=\"async\" width=\"150\" height=\"150\" src=\"https:\/\/obera.fr\/wp-content\/uploads\/2020\/09\/epur-b01-ecoprime-150x150.jpg\" alt=\"Epur B01 Ecoprime\" class=\"wp-image-1008\" srcset=\"https:\/\/obera.fr\/wp-content\/uploads\/2020\/09\/epur-b01-ecoprime-150x150.jpg 150w, https:\/\/obera.fr\/wp-content\/uploads\/2020\/09\/epur-b01-ecoprime-300x300.jpg 300w, https:\/\/obera.fr\/wp-content\/uploads\/2020\/09\/epur-b01-ecoprime.jpg 433w\" sizes=\"(max-width: 150px) 100vw, 150px\" \/><\/a><figcaption class=\"wp-element-caption\">ePUR B01 Ecoprime<\/figcaption><\/figure>\n<\/div>\n\n\n\n<div class=\"wp-block-column is-layout-flow wp-block-column-is-layout-flow\">\n<figure class=\"wp-block-image aligncenter size-medium is-resized\"><a href=\"https:\/\/obera.fr\/produits\/purificateurs-air\/professionnel-epur-ca\/\"><img decoding=\"async\" width=\"300\" height=\"300\" src=\"https:\/\/obera.fr\/wp-content\/uploads\/2020\/09\/gamme-epur-ca-300x300.jpg\" alt=\"Epur Ca aral\u0131\u011f\u0131\" class=\"wp-image-1015\" style=\"width:150px;height:150px\" srcset=\"https:\/\/obera.fr\/wp-content\/uploads\/2020\/09\/gamme-epur-ca-300x300.jpg 300w, https:\/\/obera.fr\/wp-content\/uploads\/2020\/09\/gamme-epur-ca-150x150.jpg 150w, https:\/\/obera.fr\/wp-content\/uploads\/2020\/09\/gamme-epur-ca.jpg 433w\" sizes=\"(max-width: 300px) 100vw, 300px\" \/><\/a><figcaption class=\"wp-element-caption\">ePUR CA<\/figcaption><\/figure>\n<\/div>\n\n\n\n<div class=\"wp-block-column is-layout-flow wp-block-column-is-layout-flow\">\n<figure class=\"wp-block-image aligncenter size-full\"><a href=\"https:\/\/obera.fr\/produits\/purificateurs-air\/industriel-epur\/\"><img decoding=\"async\" width=\"150\" height=\"150\" src=\"https:\/\/obera.fr\/wp-content\/uploads\/2023\/05\/gamme-epur.png\" alt=\"epur aral\u0131\u011f\u0131\" class=\"wp-image-22632\"\/><\/a><figcaption class=\"wp-element-caption\">ePUR<\/figcaption><\/figure>\n<\/div>\n\n\n\n<div class=\"wp-block-column is-layout-flow wp-block-column-is-layout-flow\">\n<figure class=\"wp-block-image aligncenter size-full is-resized\"><a href=\"https:\/\/obera.fr\/produits\/purificateurs-air\/purificateur-rafraichisseur-epur150-fresh\/\"><img decoding=\"async\" width=\"150\" height=\"150\" src=\"https:\/\/obera.fr\/wp-content\/uploads\/2023\/04\/epur150-fresh-4.png\" alt=\"epur150 fresh (4)\" class=\"wp-image-22427\" style=\"width:150px;height:150px\"\/><\/a><figcaption class=\"wp-element-caption\">ePUR150 TAZE<\/figcaption><\/figure>\n<\/div>\n<\/div>\n","protected":false},"excerpt":{"rendered":"<p>Boru tesisat\u0131 veya montaj\u0131 olmayan klima santrali FILTOWER hava temizleyici genellikle toz, kaynak duman\u0131 ve ya\u011f bu\u011fusunu ay\u0131klamak ve filtrelemek i\u00e7in kaynakta bir ekstraksiyon sistemi ile birlikte kullan\u0131l\u0131r. FILTOWER i\u00e7in kullan\u0131l\u0131r: FILTOWER serisindeki \u00fcniteler, filtrelenen havadan gelen \u0131s\u0131 binaya yeniden verildi\u011finden \u0131s\u0131tma maliyetlerinde %70&#8217;e kadar tasarruf sa\u011flayabilir. Avantajlar \u00d6zel \u00f6zellikler \u00d6zellikler Uygulamalar Kirleticiler End\u00fcstriler Teknik \u00f6zellikler Cihaz FILTOWER 100 FILTOWER 160 FILTOWER 200 Ak\u0131\u015f m3\/h 10 000 15 000 20 000 maksimum negatif bas\u0131n\u00e7 Pa 2 800 2 800 2 800 Besleme gerilimi V 400 400 400 G\u00fc\u00e7 kW 2 x 3.0 2 x 4.0 2 x 7.5 Filtre y\u00fczeyi &#8230; <\/p>\n<p class=\"read-more-container\"><a title=\"Filtower hava temizleyici\" class=\"read-more button\" href=\"https:\/\/obera.fr\/tr\/produits\/purificateurs-air\/filtower\/#more-51975\" aria-label=\"Read more about Filtower hava temizleyici\">Lire la suite<\/a><\/p>\n","protected":false},"author":4,"featured_media":83752,"parent":51942,"menu_order":0,"comment_status":"closed","ping_status":"closed","template":"","meta":{"_acf_changed":false,"_seopress_robots_primary_cat":"","_seopress_titles_title":"OberA'n\u0131n Filtower hava temizleyicisini ke\u015ffedin","_seopress_titles_desc":"oberA'n\u0131n FILTOWER hava temizleyicisi toz, kaynak duman\u0131 ve ya\u011f buhar\u0131 \u00e7\u0131karmak ve filtrelemek i\u00e7in kullan\u0131l\u0131r.","_seopress_robots_index":"","footnotes":""},"class_list":{"0":"post-51975","1":"page","2":"type-page","3":"status-publish","4":"has-post-thumbnail","6":"no-featured-image-padding","7":"resize-featured-image"},"acf":[],"_links":{"self":[{"href":"https:\/\/obera.fr\/tr\/wp-json\/wp\/v2\/pages\/51975","targetHints":{"allow":["GET"]}}],"collection":[{"href":"https:\/\/obera.fr\/tr\/wp-json\/wp\/v2\/pages"}],"about":[{"href":"https:\/\/obera.fr\/tr\/wp-json\/wp\/v2\/types\/page"}],"author":[{"embeddable":true,"href":"https:\/\/obera.fr\/tr\/wp-json\/wp\/v2\/users\/4"}],"replies":[{"embeddable":true,"href":"https:\/\/obera.fr\/tr\/wp-json\/wp\/v2\/comments?post=51975"}],"version-history":[{"count":5,"href":"https:\/\/obera.fr\/tr\/wp-json\/wp\/v2\/pages\/51975\/revisions"}],"predecessor-version":[{"id":150034,"href":"https:\/\/obera.fr\/tr\/wp-json\/wp\/v2\/pages\/51975\/revisions\/150034"}],"up":[{"embeddable":true,"href":"https:\/\/obera.fr\/tr\/wp-json\/wp\/v2\/pages\/51942"}],"wp:featuredmedia":[{"embeddable":true,"href":"https:\/\/obera.fr\/tr\/wp-json\/wp\/v2\/media\/83752"}],"wp:attachment":[{"href":"https:\/\/obera.fr\/tr\/wp-json\/wp\/v2\/media?parent=51975"}],"curies":[{"name":"wp","href":"https:\/\/api.w.org\/{rel}","templated":true}]}}