{"id":52062,"date":"2020-08-26T12:34:20","date_gmt":"2020-08-26T10:34:20","guid":{"rendered":"https:\/\/obera.fr\/mobil-toz-toplayicilar\/"},"modified":"2025-06-30T10:03:40","modified_gmt":"2025-06-30T08:03:40","slug":"mobiles","status":"publish","type":"page","link":"https:\/\/obera.fr\/tr\/produits\/depoussiereurs-industriels\/mobiles\/","title":{"rendered":"Mobil toz toplay\u0131c\u0131lar"},"content":{"rendered":"\n<p><strong>Mobil toz topl<\/strong> ay\u0131c\u0131lar\u0131m\u0131z, hareket ettirilmesi kolay, g\u00fc\u00e7l\u00fc <a href=\"https:\/\/obera.fr\/tr\/produits\/depoussiereurs-industriels\/\" data-type=\"page\" data-id=\"31\">end\u00fcstriyel toz toplay\u0131c\u0131lard\u0131r<\/a>. Bu \u00fcniteler, optimum \u00e7al\u0131\u015fma konforu ve garantili verimlilik i\u00e7in ortam\u0131n\u0131za m\u00fckemmel \u015fekilde uyum sa\u011flar.   <\/p>\n\n<p>Bu <strong>hava i\u015fleme<\/strong> sistemleri, her t\u00fcrl\u00fc tozu ve b\u00fcy\u00fck miktarlardaki kirleticiyi do\u011frudan kayna\u011f\u0131nda toplamak i\u00e7in bir kanal a\u011f\u0131 arac\u0131l\u0131\u011f\u0131yla do\u011frudan \u00fcretim makinelerine ba\u011flanacak veya bir <a href=\"https:\/\/obera.fr\/tr\/produits\/bras-dispositifs-captation\/capot-industriel\/\">emme kolu<\/a> ya da davlumbaz kullanarak mobil bir i\u015f istasyonundan hava \u00e7ekecek \u015fekilde tasarlanm\u0131\u015ft\u0131r.<\/p>\n\n\n<h2 class=\"wp-block-heading\">Mobil toz toplay\u0131c\u0131 serimiz:<\/h2>\n\n<div class=\"wp-block-columns is-layout-flex wp-container-core-columns-is-layout-28f84493 wp-block-columns-is-layout-flex\">\n<div class=\"wp-block-column is-vertically-aligned-top is-layout-flow wp-block-column-is-layout-flow\">\n<h3 class=\"wp-block-heading has-text-align-center\"><a href=\"https:\/\/obera.fr\/tr\/produits\/depoussiereurs-industriels\/mobiles\/extracteur-de-poussiere-dustomat-dry\/\">DUSTOMAT DRY<\/a><\/h3>\n\n\n\n<figure class=\"wp-block-image aligncenter size-medium is-resized\"><a href=\"https:\/\/obera.fr\/produits\/depoussiereurs-industriels\/mobiles\/extracteur-de-poussiere-dustomat-dry\/\"><img decoding=\"async\" width=\"300\" height=\"300\" src=\"https:\/\/obera.fr\/wp-content\/uploads\/2023\/09\/dustomat-dry-300x300.png\" alt=\"dustomat kuru\" class=\"wp-image-24355\" srcset=\"https:\/\/obera.fr\/wp-content\/uploads\/2023\/09\/dustomat-dry-300x300.png 300w, https:\/\/obera.fr\/wp-content\/uploads\/2023\/09\/dustomat-dry-150x150.png 150w, https:\/\/obera.fr\/wp-content\/uploads\/2023\/09\/dustomat-dry.png 320w\" sizes=\"(max-width: 300px) 100vw, 300px\" \/><\/a><figcaption class=\"wp-element-caption\">DUSTOMAT DRY<\/figcaption><\/figure>\n\n\n\n<p>DUSTOMAT DRY, \u00e7ok \u00e7e\u015fitli end\u00fcstriyel sekt\u00f6rler i\u00e7in ideal bir <a href=\"https:\/\/obera.fr\/tr\/produits\/depoussiereurs-industriels\/mobiles\/extracteur-de-poussiere-dustomat-dry\/#more-24274\">toz giderme<\/a> sistemidir. Toz partik\u00fcllerini ve tala\u015flar\u0131 do\u011frudan \u00fcretim makinelerinden veya bir emme ba\u015fl\u0131\u011f\u0131na, emme koluna veya boru \u015febekesine ba\u011flayarak etkili bir \u015fekilde temizleme olana\u011f\u0131 sunar. D\u00f6rt g\u00fc\u00e7 seviyesinde mevcut olup, saatte 2000 ila 3500 metrek\u00fcp aras\u0131nda ortalama ak\u0131\u015f aral\u0131klar\u0131 i\u00e7in uygundur.  <\/p>\n\n\n\n<p>DUSTOMAT DRY, kayda de\u011fer emi\u015f g\u00fcc\u00fcne ra\u011fmen son derece sessiz ve enerji tasarrufludur. Ayr\u0131ca a\u011f\u0131r ve kaba partik\u00fclleri yakalayabilen bir \u00f6n ay\u0131r\u0131c\u0131ya sahiptir. Bu sistemin bak\u0131m\u0131, filtreleri temizlemek i\u00e7in bas\u0131n\u00e7l\u0131 hava kullan\u0131lmas\u0131yla basitle\u015ftirilmi\u015ftir, bu sadece bak\u0131m\u0131 kolayla\u015ft\u0131rmakla kalmaz, ayn\u0131 zamanda filtre \u00f6mr\u00fcn\u00fc uzatmaya da yard\u0131mc\u0131 olur.<\/p>\n\n\n\n<p class=\"has-text-align-center\"><a href=\"https:\/\/obera.fr\/tr\/produits\/atex\/\">ATEX<\/a> versiyonu mevcuttur.<\/p>\n<\/div>\n\n\n\n<div class=\"wp-block-column is-vertically-aligned-top is-layout-flow wp-block-column-is-layout-flow\">\n<h3 class=\"wp-block-heading has-text-align-center\"><strong><a href=\"https:\/\/obera.fr\/tr\/produits\/depoussiereurs-industriels\/mobiles\/aspiration-poussiere-dustomat-10\/\">DUSTOMAT 10<\/a><\/strong><\/h3>\n\n\n\n<figure class=\"wp-block-image aligncenter size-medium is-resized\"><a href=\"https:\/\/obera.fr\/produits\/depoussiereurs-industriels\/mobiles\/aspiration-poussiere-dustomat-10\/\"><img decoding=\"async\" width=\"300\" height=\"300\" src=\"https:\/\/obera.fr\/wp-content\/uploads\/2020\/10\/extracteur-poussiere-mobile-DUSTOMAT-10-300x300.png\" alt=\"Dustomat 10 Mobil Toz Emici\" class=\"wp-image-1306\" srcset=\"https:\/\/obera.fr\/wp-content\/uploads\/2020\/10\/extracteur-poussiere-mobile-DUSTOMAT-10-300x300.png 300w, https:\/\/obera.fr\/wp-content\/uploads\/2020\/10\/extracteur-poussiere-mobile-DUSTOMAT-10-150x150.png 150w, https:\/\/obera.fr\/wp-content\/uploads\/2020\/10\/extracteur-poussiere-mobile-DUSTOMAT-10.png 600w\" sizes=\"(max-width: 300px) 100vw, 300px\" \/><\/a><figcaption class=\"wp-element-caption\">DUSTOMAT 10<\/figcaption><\/figure>\n\n\n\n<p><a href=\"https:\/\/obera.fr\/tr\/produits\/depoussiereurs-industriels\/mobiles\/aspiration-poussiere-dustomat-10\/\" data-type=\"page\" data-id=\"445\">DUSTOMAT 10 toz toplay\u0131c\u0131<\/a> y\u00fcksek emi\u015f g\u00fcc\u00fcne sahiptir. Tozun yan\u0131 s\u0131ra ah\u015fap, plastik ve metal tala\u015flar\u0131n\u0131 da i\u015fleyebilir. Bir kanal a\u011f\u0131 arac\u0131l\u0131\u011f\u0131yla do\u011frudan \u00fcretim makinesine ba\u011flanabilir veya bir emme kolu veya hava emi\u015f ba\u015fl\u0131\u011f\u0131 eklenebilir.    <\/p>\n\n\n\n<p>Kartu\u015f filtreler d\u00f6ner f\u0131r\u00e7a sistemi kullan\u0131larak manuel olarak veya bas\u0131n\u00e7l\u0131 hava jeti kullan\u0131larak otomatik olarak temizlenebilir. Bu <strong>filtreleme \u00fcnitesi<\/strong> bireysel i\u015f istasyonlar\u0131nda, bir \u00fcretim makinesinde veya manuel bir \u00e7al\u0131\u015fma alan\u0131n\u0131n yak\u0131n\u0131nda kullan\u0131m i\u00e7in idealdir. E\u011filebilir muhafaza ve toplama torbas\u0131, toplanan at\u0131klar\u0131n h\u0131zl\u0131 ve kolay bir \u015fekilde bertaraf edilmesini sa\u011flar.  <\/p>\n<\/div>\n\n\n\n<div class=\"wp-block-column is-layout-flow wp-block-column-is-layout-flow\">\n<h3 class=\"wp-block-heading has-text-align-center\"><strong><a href=\"https:\/\/obera.fr\/tr\/produits\/depoussiereurs-industriels\/mobiles\/extracteur-poussiere-pulverulente-dustomat-16m\/\">DUSTOMAT 16<\/a><\/strong><\/h3>\n\n\n\n<figure class=\"wp-block-image aligncenter size-medium\"><a href=\"https:\/\/obera.fr\/produits\/depoussiereurs-industriels\/mobiles\/extracteur-poussiere-pulverulente-dustomat-16m\/\"><img decoding=\"async\" width=\"300\" height=\"300\" src=\"https:\/\/obera.fr\/wp-content\/uploads\/2020\/10\/extracteur-poussiere-pulverulente-DUSTOMAT-16-300x300.png\" alt=\"Pulverulent Toz Emici Dustomat 16\" class=\"wp-image-1307\" srcset=\"https:\/\/obera.fr\/wp-content\/uploads\/2020\/10\/extracteur-poussiere-pulverulente-DUSTOMAT-16-300x300.png 300w, https:\/\/obera.fr\/wp-content\/uploads\/2020\/10\/extracteur-poussiere-pulverulente-DUSTOMAT-16-150x150.png 150w, https:\/\/obera.fr\/wp-content\/uploads\/2020\/10\/extracteur-poussiere-pulverulente-DUSTOMAT-16.png 600w\" sizes=\"(max-width: 300px) 100vw, 300px\" \/><\/a><figcaption class=\"wp-element-caption\">DUSTOMAT 16<\/figcaption><\/figure>\n\n\n\n<p><strong>DUSTOMAT 16<\/strong>, mobil kullan\u0131m i\u00e7in, \u00f6zellikle<a href=\"https:\/\/obera.fr\/tr\/produits\/depoussiereurs-industriels\/mobiles\/extracteur-poussiere-pulverulente-dustomat-16m\/\" data-type=\"page\" data-id=\"449\">toz formundaki tozlar\u0131 \u00e7\u0131karmak<\/a> i\u00e7in geli\u015ftirilmi\u015ftir. Ba\u015fka bir deyi\u015fle, mineral tozu (ta\u015f, grafit veya beton), plastik veya metal tozu, ah\u015fap ve metal tala\u015f\u0131.   <\/p>\n\n\n\n<p><strong>Toz<\/strong>, bir emme kolu kullan\u0131larak<strong>\u00e7\u0131kar\u0131l\u0131r<\/strong>. Kartu\u015f filtreler, filtre kartu\u015flar\u0131n\u0131n uzun \u00f6m\u00fcrl\u00fc olmas\u0131n\u0131 sa\u011flamak i\u00e7in manuel veya otomatik olarak temizlenebilir. Toz toplama torbas\u0131 sa\u011flamd\u0131r ve d\u00fc\u015f\u00fck sarf malzemesi maliyetleri i\u00e7in yeniden kullan\u0131labilir.  <\/p>\n<\/div>\n<\/div>\n\n<div class=\"wp-block-columns is-layout-flex wp-container-core-columns-is-layout-28f84493 wp-block-columns-is-layout-flex\">\n<div class=\"wp-block-column is-layout-flow wp-block-column-is-layout-flow\">\n<h3 class=\"wp-block-heading has-text-align-center\"><strong><strong><a href=\"https:\/\/obera.fr\/tr\/produits\/depoussiereurs-industriels\/mobiles\/srf-k\/\">SRF K<\/a><\/strong><\/strong><\/h3>\n\n\n\n<figure class=\"wp-block-image aligncenter size-medium\"><a href=\"https:\/\/obera.fr\/produits\/depoussiereurs-industriels\/mobiles\/srf-k\/\"><img decoding=\"async\" width=\"240\" height=\"300\" src=\"https:\/\/obera.fr\/wp-content\/uploads\/2025\/05\/srf-k-1-240x300.png\" alt=\"SRF-K mobil toz toplay&#x131;c&#x131;\" class=\"wp-image-104035\" srcset=\"https:\/\/obera.fr\/wp-content\/uploads\/2025\/05\/srf-k-1-240x300.png 240w, https:\/\/obera.fr\/wp-content\/uploads\/2025\/05\/srf-k-1-819x1024.png 819w, https:\/\/obera.fr\/wp-content\/uploads\/2025\/05\/srf-k-1-768x960.png 768w, https:\/\/obera.fr\/wp-content\/uploads\/2025\/05\/srf-k-1.png 1080w\" sizes=\"(max-width: 240px) 100vw, 240px\" \/><\/a><figcaption class=\"wp-element-caption\">SRF-K<\/figcaption><\/figure>\n\n\n\n<p>SRF K ayr\u0131ca tek seferlik veya s\u00fcrekli ekstraksiyon i\u00e7in daha g\u00fc\u00e7l\u00fc bir <a href=\"https:\/\/obera.fr\/tr\/produits\/depoussiereurs-industriels\/mobiles\/srf-k\/\" data-type=\"page\" data-id=\"436\">kaynak duman\u0131 asp<\/a>irat\u00f6r\u00fcd\u00fcr. Dumanlar %99,9 oran\u0131nda filtrelenir ve filtrelenmi\u015f havan\u0131n \u00e7al\u0131\u015fma alan\u0131na yeniden verilmesine olanak tan\u0131r.   <\/p>\n\n\n\n<p>\u0130ki versiyonu bulunan <strong>SRF K-10<\/strong>, bir kaynak istasyonu i\u00e7in ideal olan bir emme kolu veya emme ba\u015fl\u0131\u011f\u0131 ba\u011flaman\u0131za olanak tan\u0131r ve <strong>SRF K-15<\/strong>, iki adede kadar emme kolunu donatman\u0131za ve b\u00f6ylece ayn\u0131 anda iki kaynak istasyonunu idare etmenize olanak tan\u0131r.  <\/p>\n\n\n\n<p>Uygulamaya ba\u011fl\u0131 olarak, lehim dumanlar\u0131n\u0131 veya koku olu\u015fturabilecek di\u011fer kirleticileri \u00e7\u0131karmak i\u00e7in tasarlanm\u0131\u015f aktif karbon filtrelerle (iste\u011fe ba\u011fl\u0131 olarak) donat\u0131labilir. Filtre ortam\u0131n\u0131 temizlemek i\u00e7in, bu \u00fcniteler manuel d\u00f6ner t\u0131kan\u0131kl\u0131k a\u00e7ma sistemi veya otomatik t\u0131kan\u0131kl\u0131k a\u00e7ma sistemi ile donat\u0131labilir.<\/p>\n\n\n\n<p><\/p>\n<\/div>\n\n\n\n<div class=\"wp-block-column is-vertically-aligned-top is-layout-flow wp-block-column-is-layout-flow\">\n<h3 class=\"wp-block-heading has-text-align-center\"><strong><a href=\"https:\/\/obera.fr\/tr\/produits\/depoussiereurs-industriels\/mobiles\/extracteur-poussiere-dustomat-4\/\">DUSTOMAT 4<\/a><\/strong><\/h3>\n\n\n\n<figure class=\"wp-block-image aligncenter size-medium\"><a href=\"https:\/\/obera.fr\/produits\/depoussiereurs-industriels\/mobiles\/extracteur-poussiere-dustomat-4\/\"><img decoding=\"async\" width=\"300\" height=\"300\" src=\"https:\/\/obera.fr\/wp-content\/uploads\/2020\/08\/extracteur-poussiere-Dustomat-4-ATEX-300x300.png\" alt=\"Dustomat 4 Atex Toz Emici\" class=\"wp-image-677\" srcset=\"https:\/\/obera.fr\/wp-content\/uploads\/2020\/08\/extracteur-poussiere-Dustomat-4-ATEX-300x300.png 300w, https:\/\/obera.fr\/wp-content\/uploads\/2020\/08\/extracteur-poussiere-Dustomat-4-ATEX-150x150.png 150w, https:\/\/obera.fr\/wp-content\/uploads\/2020\/08\/extracteur-poussiere-Dustomat-4-ATEX.png 600w\" sizes=\"(max-width: 300px) 100vw, 300px\" \/><\/a><figcaption class=\"wp-element-caption\">Dustomat 4<\/figcaption><\/figure>\n\n\n\n<p>DUSTOMAT 4, <a href=\"https:\/\/obera.fr\/tr\/produits\/depoussiereurs-industriels\/mobiles\/extracteur-poussiere-dustomat-4\/\" data-type=\"page\" data-id=\"440\">neredeyse t\u00fcm end\u00fcstriyel sekt\u00f6rler i\u00e7in uygun bir toz toplay\u0131c\u0131d\u0131r<\/a>. Toz ve tala\u015f\u0131 do\u011frudan \u00fcretim makinesinden \u00e7ekebilir, ancak ayn\u0131 zamanda bir emme ba\u015fl\u0131\u011f\u0131na, bir emme koluna veya bir kanal a\u011f\u0131na da ba\u011flanabilir. \u0130ki emi\u015f g\u00fcc\u00fcne sahip olan bu \u00fcr\u00fcn, verimli ve y\u00fcksek performansl\u0131 hava sirk\u00fclasyonu sa\u011flamak \u00fczere tasarlanm\u0131\u015ft\u0131r.   <\/p>\n\n\n\n<p><strong>Sessizdir<\/strong> ve y\u00fcksek emi\u015f g\u00fcc\u00fcne ra\u011fmen \u00e7ok az enerji t\u00fcketir. A\u011f\u0131r ve kaba partik\u00fcller i\u00e7in bir \u00f6n ay\u0131r\u0131c\u0131 ile donat\u0131lm\u0131\u015ft\u0131r. Filtreler bas\u0131n\u00e7l\u0131 hava ile temizlenir (t\u0131kan\u0131kl\u0131klar\u0131 a\u00e7\u0131l\u0131r), bu da bak\u0131mlar\u0131n\u0131 kolayla\u015ft\u0131r\u0131r ve filtre kartu\u015flar\u0131n\u0131n uzun \u00f6m\u00fcrl\u00fc olmas\u0131n\u0131 garanti eder.  <\/p>\n\n\n\n<p>( <a href=\"https:\/\/obera.fr\/tr\/produits\/atex\/\" data-type=\"page\" data-id=\"372\">ATEX<\/a> versiyonu mevcuttur)<\/p>\n<\/div>\n\n\n\n<div class=\"wp-block-column is-layout-flow wp-block-column-is-layout-flow\">\n<h3 class=\"wp-block-heading has-text-align-center\"><a href=\"https:\/\/obera.fr\/tr\/produits\/depoussiereurs-industriels\/mobiles\/na-2-2-depoussiereur-a-voie-humide\/\" data-type=\"page\" data-id=\"29480\">NA 2.2<\/a><\/h3>\n\n\n\n<figure class=\"wp-block-image aligncenter size-medium\"><a href=\"https:\/\/obera.fr\/produits\/depoussiereurs-industriels\/mobiles\/na-2-2-depoussiereur-a-voie-humide\/\"><img decoding=\"async\" width=\"300\" height=\"300\" src=\"https:\/\/obera.fr\/wp-content\/uploads\/2024\/04\/obera-na-2-2-depoussiereur-a-voie-humide-mobile-300x300.jpg\" alt=\"obera na 2 2 mobi&#x307;l islak toz toplayici\" class=\"wp-image-29475\" srcset=\"https:\/\/obera.fr\/wp-content\/uploads\/2024\/04\/obera-na-2-2-depoussiereur-a-voie-humide-mobile-300x300.jpg 300w, https:\/\/obera.fr\/wp-content\/uploads\/2024\/04\/obera-na-2-2-depoussiereur-a-voie-humide-mobile-150x150.jpg 150w, https:\/\/obera.fr\/wp-content\/uploads\/2024\/04\/obera-na-2-2-depoussiereur-a-voie-humide-mobile.jpg 600w\" sizes=\"(max-width: 300px) 100vw, 300px\" \/><\/a><figcaption class=\"wp-element-caption\">NA 2.2<\/figcaption><\/figure>\n<\/div>\n<\/div>\n\n<div class=\"wp-block-buttons is-horizontal is-content-justification-center is-layout-flex wp-container-core-buttons-is-layout-03627597 wp-block-buttons-is-layout-flex\">\n<div class=\"wp-block-button has-custom-width wp-block-button__width-100\"><a class=\"wp-block-button__link wp-element-button\" href=\"https:\/\/obera.fr\/tr\/bize-ulasin\/\">Daha fazla bilgi edin<\/a><\/div>\n<\/div>\n\n<h2 class=\"wp-block-heading\">Mobil tozsuzla\u015ft\u0131rma sistemlerimiz hangi kirleticilerle ba\u015fa \u00e7\u0131kabilir?<\/h2>\n\n<p><a href=\"https:\/\/obera.fr\/tr\/produits\/depoussiereurs-industriels\/petits\/\">K\u00fc\u00e7\u00fck mobil toz toplay\u0131c\u0131lar\u0131m\u0131z<\/a> metal, plastik, ah\u015fap, mineral, tekstil ve ka\u011f\u0131t\/karton gibi \u00e7e\u015fitli end\u00fcstriyel sekt\u00f6rlerde <strong>ince toz ve tala\u015f\u0131n<\/strong> yan\u0131 s\u0131ra ya\u011f buhar\u0131, duman ve kokular\u0131 da i\u015fleyebilir.<\/p>\n\n<p>Tozlar ve di\u011fer kirleticiler insan v\u00fccudu i\u00e7in risk te\u015fkil etti\u011finden ar\u0131t\u0131lmal\u0131d\u0131r. Kirli havay\u0131 solumak kanserojen, mutajen ve reprotoksik hastal\u0131klara neden olabilir. Kirli havan\u0131n ar\u0131t\u0131lmas\u0131 \u00e7al\u0131\u015fanlar, \u00fcretim kalitesi ve yasal uyumluluk i\u00e7in \u00e7ok \u00f6nemlidir.<\/p>\n\n<h2 class=\"wp-block-heading\">Do\u011fru toz toplama sistemini nas\u0131l se\u00e7erim?<\/h2>\n\n<p>Do\u011fru <a href=\"https:\/\/obera.fr\/tr\/produits\/depoussiereurs-industriels\/fixes\/\" data-type=\"link\" data-id=\"https:\/\/obera.fr\/produits\/depoussiereurs-industriels\/fixes\/\">sabit toz toplay\u0131c\u0131y\u0131<\/a> se\u00e7mek \u00f6nemlidir \u00e7\u00fcnk\u00fc \u00fcnite y\u0131pranabilir ve \u00e7al\u0131\u015fmay\u0131 durdurabilir. Bu, kirleticiye, boyutuna, durumuna (kat\u0131 veya gaz) ve miktar\u0131na ba\u011fl\u0131 olacakt\u0131r. Bu, <a href=\"https:\/\/obera.fr\/tr\/produits\/depoussiereurs-industriels\/fixes\/depoussiereur-a-voie-humide-dustomat-hydro\/\" data-type=\"page\" data-id=\"15983\">\u0131slak end\u00fcstriyel toz toplay\u0131c\u0131n\u0131n<\/a> sahip olmas\u0131 gereken filtre t\u00fcr\u00fcn\u00fc se\u00e7menizi sa\u011flayacakt\u0131r. \u0130kinci olarak, \u00fcnitenin g\u00fcc\u00fc, ba\u015fka bir deyi\u015fle ak\u0131\u015f h\u0131z\u0131 hakk\u0131nda bilgi edinmeniz gerekir. Bir kez daha, \u00fcnitenin ak\u0131\u015f h\u0131z\u0131 kirleticinizin miktar\u0131na ve ayn\u0131 zamanda ar\u0131t\u0131lacak odan\u0131n y\u00fczey alan\u0131na ba\u011fl\u0131 olacakt\u0131r. Alan ne kadar b\u00fcy\u00fckse, gereken ak\u0131\u015f h\u0131z\u0131 da o kadar b\u00fcy\u00fck olacakt\u0131r.     <\/p>\n\n<p>Ard\u0131ndan, makinenizi hangi aksesuarla donataca\u011f\u0131n\u0131za karar vermeniz gerekir: \u00fcretim makinesine ba\u011flamak i\u00e7in bir kanal veya bir i\u015f istasyonu i\u00e7in bir emme kolu.<\/p>\n\n<div class=\"wp-block-buttons is-horizontal is-content-justification-center is-layout-flex wp-container-core-buttons-is-layout-03627597 wp-block-buttons-is-layout-flex\">\n<div class=\"wp-block-button has-custom-width wp-block-button__width-100\"><a class=\"wp-block-button__link wp-element-button\" href=\"https:\/\/obera.fr\/tr\/bize-ulasin\/\">Daha fazla bilgi edin<\/a><\/div>\n<\/div>\n\n<hr class=\"wp-block-separator has-css-opacity\"\/>\n\n<div class=\"wp-block-group is-layout-flow wp-block-group-is-layout-flow\">\n<h2 class=\"wp-block-heading\">oberA end\u00fcstriyel toz toplay\u0131c\u0131 serisindeki di\u011fer \u00fcr\u00fcnler<\/h2>\n\n\n\n<div class=\"wp-block-buttons is-content-justification-center is-layout-flex wp-container-core-buttons-is-layout-a89b3969 wp-block-buttons-is-layout-flex\">\n<div class=\"wp-block-button\"><a class=\"wp-block-button__link wp-element-button\" href=\"https:\/\/obera.fr\/produits\/depoussiereurs-industriels\/fixes\/\">SAB\u0130T toz toplay\u0131c\u0131lar  <\/a><\/div>\n\n\n\n<div class=\"wp-block-button\"><a class=\"wp-block-button__link wp-element-button\" href=\"https:\/\/obera.fr\/produits\/depoussiereurs-industriels\/petits\/\"> <strong>K\u00fc\u00e7\u00fck toz toplay\u0131c\u0131lar<\/strong><\/a><\/div>\n<\/div>\n<\/div>\n","protected":false},"excerpt":{"rendered":"<p>Mobil toz topl ay\u0131c\u0131lar\u0131m\u0131z, hareket ettirilmesi kolay, g\u00fc\u00e7l\u00fc end\u00fcstriyel toz toplay\u0131c\u0131lard\u0131r. Bu \u00fcniteler, optimum \u00e7al\u0131\u015fma konforu ve garantili verimlilik i\u00e7in ortam\u0131n\u0131za m\u00fckemmel \u015fekilde uyum sa\u011flar. Bu hava i\u015fleme sistemleri, her t\u00fcrl\u00fc tozu ve b\u00fcy\u00fck miktarlardaki kirleticiyi do\u011frudan kayna\u011f\u0131nda toplamak i\u00e7in bir kanal a\u011f\u0131 arac\u0131l\u0131\u011f\u0131yla do\u011frudan \u00fcretim makinelerine ba\u011flanacak veya bir emme kolu ya da davlumbaz kullanarak mobil bir i\u015f istasyonundan hava \u00e7ekecek \u015fekilde tasarlanm\u0131\u015ft\u0131r. Mobil toz toplay\u0131c\u0131 serimiz: DUSTOMAT DRY DUSTOMAT DRY, \u00e7ok \u00e7e\u015fitli end\u00fcstriyel sekt\u00f6rler i\u00e7in ideal bir toz giderme sistemidir. Toz partik\u00fcllerini ve tala\u015flar\u0131 do\u011frudan \u00fcretim makinelerinden veya bir emme ba\u015fl\u0131\u011f\u0131na, emme koluna veya boru \u015febekesine ba\u011flayarak etkili &#8230; <\/p>\n<p class=\"read-more-container\"><a title=\"Mobil toz toplay\u0131c\u0131lar\" class=\"read-more button\" href=\"https:\/\/obera.fr\/tr\/produits\/depoussiereurs-industriels\/mobiles\/#more-52062\" aria-label=\"Read more about Mobil toz toplay\u0131c\u0131lar\">Lire la suite<\/a><\/p>\n","protected":false},"author":4,"featured_media":83752,"parent":52060,"menu_order":0,"comment_status":"closed","ping_status":"closed","template":"","meta":{"_acf_changed":false,"_seopress_robots_primary_cat":"","_seopress_titles_title":"DUSTOMAT, SRF-K ve ePURBOX mobil toz toplay\u0131c\u0131lar - oberA","_seopress_titles_desc":"Mobil end\u00fcstriyel toz toplay\u0131c\u0131lar\u0131m\u0131z, optimum \u00e7al\u0131\u015fma konforu ve garantili verimlilik i\u00e7in ortam\u0131n\u0131za m\u00fckemmel \u015fekilde uyum sa\u011flar.","_seopress_robots_index":"","footnotes":""},"class_list":{"0":"post-52062","1":"page","2":"type-page","3":"status-publish","4":"has-post-thumbnail","6":"no-featured-image-padding","7":"resize-featured-image"},"acf":[],"_links":{"self":[{"href":"https:\/\/obera.fr\/tr\/wp-json\/wp\/v2\/pages\/52062","targetHints":{"allow":["GET"]}}],"collection":[{"href":"https:\/\/obera.fr\/tr\/wp-json\/wp\/v2\/pages"}],"about":[{"href":"https:\/\/obera.fr\/tr\/wp-json\/wp\/v2\/types\/page"}],"author":[{"embeddable":true,"href":"https:\/\/obera.fr\/tr\/wp-json\/wp\/v2\/users\/4"}],"replies":[{"embeddable":true,"href":"https:\/\/obera.fr\/tr\/wp-json\/wp\/v2\/comments?post=52062"}],"version-history":[{"count":8,"href":"https:\/\/obera.fr\/tr\/wp-json\/wp\/v2\/pages\/52062\/revisions"}],"predecessor-version":[{"id":117690,"href":"https:\/\/obera.fr\/tr\/wp-json\/wp\/v2\/pages\/52062\/revisions\/117690"}],"up":[{"embeddable":true,"href":"https:\/\/obera.fr\/tr\/wp-json\/wp\/v2\/pages\/52060"}],"wp:featuredmedia":[{"embeddable":true,"href":"https:\/\/obera.fr\/tr\/wp-json\/wp\/v2\/media\/83752"}],"wp:attachment":[{"href":"https:\/\/obera.fr\/tr\/wp-json\/wp\/v2\/media?parent=52062"}],"curies":[{"name":"wp","href":"https:\/\/api.w.org\/{rel}","templated":true}]}}