{"id":52125,"date":"2020-08-26T12:34:42","date_gmt":"2020-08-26T10:34:42","guid":{"rendered":"https:\/\/obera.fr\/urunlerimiz\/endustriyel-toz-toplayicilar\/sabit-toz-toplayicilar\/"},"modified":"2025-07-11T11:14:07","modified_gmt":"2025-07-11T09:14:07","slug":"fixes","status":"publish","type":"page","link":"https:\/\/obera.fr\/tr\/produits\/depoussiereurs-industriels\/fixes\/","title":{"rendered":"Sabit toz toplay\u0131c\u0131lar"},"content":{"rendered":"\n<p><strong>Sabit toz toplay\u0131c\u0131lar\u0131m\u0131z<\/strong> <strong>, at\u00f6lyelerinizin ve depolar\u0131n\u0131z\u0131n<\/strong> yan\u0131 s\u0131ra sabit i\u015f <strong>istasyonlar\u0131n\u0131z\u0131n toz<\/strong> unu do\u011frudan bir emme kolu veya davlumbaz arac\u0131l\u0131\u011f\u0131yla almak i\u00e7in g\u00fc\u00e7l\u00fc bir kurulum yelpazesidir. Ekipmanlar\u0131m\u0131z metal, plastik, ah\u015fap, mineraller, tekstil, kimyasallar ve ka\u011f\u0131t\/karton dahil olmak \u00fczere \u00e7ok \u00e7e\u015fitli end\u00fcstriyel sekt\u00f6rlerde <strong>ince toz ve tala\u015flar\u0131n<\/strong> yan\u0131 s\u0131ra <strong>ya\u011f<\/strong> buhar\u0131, <strong>duman<\/strong> ve <strong>kokularla<\/strong> da <strong>ba\u015fa<\/strong> \u00e7\u0131kabilir. <\/p>\n\n<blockquote class=\"wp-block-quote is-layout-flow wp-block-quote-is-layout-flow\">\n<p>Tozlar ve di\u011fer kirleticiler <strong>insan v\u00fccudu i\u00e7in risk te\u015fkil<\/strong> etti\u011finden ar\u0131t\u0131lmal\u0131d\u0131r.<\/p>\n<\/blockquote>\n\n<p>Kirli havay\u0131 solumak, \u00f6zellikle <strong>kirleticiler kanserojen<\/strong>, <strong>mutajen<\/strong> veya <strong>reprotoksik<\/strong> oldu\u011funda hastal\u0131\u011fa neden olabilir. Kirli havan\u0131n ar\u0131t\u0131lmas\u0131, \u00e7al\u0131\u015fanlar\u0131 ve \u00fcretim ekiplerini koruman\u0131n yan\u0131 s\u0131ra \u00fcretilen \u00fcr\u00fcnlerin kalitesini garanti etmek ve elbette yasalara uymak i\u00e7in de gereklidir. <\/p>\n\n\n<h2 class=\"wp-block-heading\">Torbal\u0131 veya kartu\u015flu kompakt merkezi kuru toz toplay\u0131c\u0131lar veya \u0131slak toz toplay\u0131c\u0131lar serimiz<\/h2>\n\n<div class=\"wp-block-group is-layout-flow wp-block-group-is-layout-flow\">\n<div class=\"wp-block-columns is-layout-flex wp-container-core-columns-is-layout-28f84493 wp-block-columns-is-layout-flex\">\n<div class=\"wp-block-column is-vertically-aligned-top is-layout-flow wp-block-column-is-layout-flow\">\n<h3 class=\"wp-block-heading has-text-align-center\"><strong><a href=\"https:\/\/obera.fr\/tr\/produits\/depoussiereurs-industriels\/fixes\/aspiration-centralisee-industrielle-dustmac\/\" data-type=\"URL\" data-id=\"https:\/\/obera.fr\/produits\/depoussiereurs-industriels\/fixes\/aspiration-centralisee-industrielle-dustmac\/\">DUSTMAC Serisi<\/a><\/strong><\/h3>\n\n\n\n<figure class=\"wp-block-image aligncenter size-medium\"><a href=\"https:\/\/obera.fr\/produits\/depoussiereurs-industriels\/fixes\/aspiration-centralisee-industrielle-dustmac\/\"><img decoding=\"async\" width=\"300\" height=\"300\" src=\"https:\/\/obera.fr\/wp-content\/uploads\/2020\/08\/depoussiereur-centralise-filtres-a-manches-DUSTMAC-S-300x300.png\" alt=\"Sistem - &#xDC;r&#xFC;n tasar&#x131;m&#x131;\" class=\"wp-image-637\" srcset=\"https:\/\/obera.fr\/wp-content\/uploads\/2020\/08\/depoussiereur-centralise-filtres-a-manches-DUSTMAC-S-300x300.png 300w, https:\/\/obera.fr\/wp-content\/uploads\/2020\/08\/depoussiereur-centralise-filtres-a-manches-DUSTMAC-S-150x150.png 150w, https:\/\/obera.fr\/wp-content\/uploads\/2020\/08\/depoussiereur-centralise-filtres-a-manches-DUSTMAC-S.png 600w\" sizes=\"(max-width: 300px) 100vw, 300px\" \/><\/a><\/figure>\n\n\n\n<p><strong>DUSTMAC S\u00e9ries<\/strong>, mod\u00fcler tasar\u0131m\u0131 sayesinde \u00e7ok \u00e7e\u015fitli uygulamalar i\u00e7in kullan\u0131labilen <a href=\"https:\/\/obera.fr\/tr\/produits\/depoussiereurs-industriels\/fixes\/aspiration-centralisee-industrielle-dustmac\/\" data-type=\"page\" data-id=\"467\">merkezi bir toz toplay\u0131c\u0131d\u0131r<\/a>. <strong>Yap\u0131land\u0131rma se\u00e7enekleri neredeyse s\u0131n\u0131rs\u0131zd\u0131r<\/strong> ve optimum verimlilik i\u00e7in \u00fcnitenizi \u00f6zel gereksinimlerinize g\u00f6re tamamen \u00f6zelle\u015ftirmenize olanak tan\u0131r. Kartu\u015flar bir bas\u0131n\u00e7l\u0131 hava jeti (Jet-pulse) ile otomatik olarak temizlenir.   <\/p>\n\n\n\n<p>Bu cihaz 3 seride mevcuttur: DUSTMAC P, DUSTMAC S ve DUSTMAC F.<\/p>\n\n\n\n<p><strong>T\u00fcm DUSTMAC <\/strong>&#8216;ler<strong> CMR bile\u015fikleri <\/strong>i\u00e7in farkl\u0131 M veya H filtrasyon s\u0131n\u0131flar\u0131nda ve <strong>ATEX toz<\/strong> versiyonunda mevcuttur.<\/p>\n<\/div>\n\n\n\n<div class=\"wp-block-column is-vertically-aligned-top is-layout-flow wp-block-column-is-layout-flow\">\n<h3 class=\"wp-block-heading has-text-align-center\"><strong><a href=\"https:\/\/obera.fr\/tr\/produits\/depoussiereurs-industriels\/fixes\/depoussiereur-a-voie-humide-dustomat-hydro\/\" data-type=\"page\" data-id=\"15983\">DUSTOMAT H\u0130DRO<\/a><\/strong><\/h3>\n\n\n\n<figure class=\"wp-block-image aligncenter size-medium\"><a href=\"https:\/\/obera.fr\/produits\/depoussiereurs-industriels\/fixes\/depoussiereur-a-voie-humide-dustomat-hydro\/\"><img decoding=\"async\" width=\"300\" height=\"300\" src=\"https:\/\/obera.fr\/wp-content\/uploads\/2022\/11\/dustomat-hydro-1-300x300.png\" alt=\"dustomat hidro 1\" class=\"wp-image-15989\" srcset=\"https:\/\/obera.fr\/wp-content\/uploads\/2022\/11\/dustomat-hydro-1-300x300.png 300w, https:\/\/obera.fr\/wp-content\/uploads\/2022\/11\/dustomat-hydro-1-150x150.png 150w, https:\/\/obera.fr\/wp-content\/uploads\/2022\/11\/dustomat-hydro-1.png 600w\" sizes=\"(max-width: 300px) 100vw, 300px\" \/><\/a><\/figure>\n\n\n\n<p><strong>DUSTOMAT HYDRO<\/strong>, \u00f6zellikle ta\u015flama, f\u0131r\u00e7alama, parlatma veya kaynak i\u015flemleri s\u0131ras\u0131nda metal tozlar\u0131, k\u0131v\u0131lc\u0131mlar ve y\u00fcksek derecede yan\u0131c\u0131 tozlar dahil olmak \u00fczere bir veya daha fazla i\u015f istasyonundan toz emmek i\u00e7in \u00f6zel olarak tasarlanm\u0131\u015f yeni bir y\u00fcksek performansl\u0131 <a href=\"https:\/\/obera.fr\/tr\/produits\/depoussiereurs-industriels\/fixes\/depoussiereur-a-voie-humide-dustomat-hydro\/\" data-type=\"page\" data-id=\"15983\">\u0131slak toz toplay\u0131c\u0131<\/a> serisidir.<\/p>\n\n\n\n<p>Yenilik\u00e7i su ay\u0131rma teknolojisi, toz ve k\u0131v\u0131lc\u0131mlar\u0131n g\u00fcvenli bir \u015fekilde \u00e7\u0131kar\u0131lmas\u0131n\u0131 sa\u011flar.  <\/p>\n\n\n\n<p>Separat\u00f6rler <strong>sessiz <\/strong>\u00e7al\u0131\u015f\u0131r ve iki g\u00fc\u00e7 seviyesinin yan\u0131 s\u0131ra <strong>ATEX versiyonu<\/strong> da mevcuttur. Teknolojisi sayesinde yeni separat\u00f6rler d\u00fc\u015f\u00fck enerji t\u00fcketimiyle tam g\u00fc\u00e7te \u00e7al\u0131\u015f\u0131r. <\/p>\n<\/div>\n<\/div>\n<\/div>\n\n<div class=\"wp-block-group is-layout-flow wp-block-group-is-layout-flow\">\n<div class=\"wp-block-columns is-layout-flex wp-container-core-columns-is-layout-28f84493 wp-block-columns-is-layout-flex\">\n<div class=\"wp-block-column is-layout-flow wp-block-column-is-layout-flow\">\n<h3 class=\"wp-block-heading has-text-align-center\"><a href=\"https:\/\/obera.fr\/tr\/produits\/depoussiereurs-industriels\/fixes\/depoussiereur-a-sec-estmac\/\" data-type=\"URL\" data-id=\"https:\/\/obera.fr\/produits\/depoussiereurs-industriels\/fixes\/depoussiereur-a-sec-estmac\/\">ESTMAC<\/a><\/h3>\n\n\n\n<figure class=\"wp-block-image aligncenter size-medium\"><a href=\"https:\/\/obera.fr\/produits\/depoussiereurs-industriels\/fixes\/depoussiereur-a-sec-estmac\/\"><img decoding=\"async\" width=\"300\" height=\"264\" src=\"https:\/\/obera.fr\/wp-content\/uploads\/2021\/02\/Depoussiereur-fixe-ESTMAC-300x264.png\" alt=\"Estmac Sabit Toz Toplay&#x131;c&#x131;\" class=\"wp-image-4475\" srcset=\"https:\/\/obera.fr\/wp-content\/uploads\/2021\/02\/Depoussiereur-fixe-ESTMAC-300x264.png 300w, https:\/\/obera.fr\/wp-content\/uploads\/2021\/02\/Depoussiereur-fixe-ESTMAC.png 480w\" sizes=\"(max-width: 300px) 100vw, 300px\" \/><\/a><\/figure>\n\n\n\n<p><strong>ESTMAC <\/strong>sabit ancak <strong>kompakt<\/strong> bir <a href=\"https:\/\/obera.fr\/tr\/produits\/depoussiereurs-industriels\/fixes\/depoussiereur-a-sec-estmac\/\">kuru toz toplay\u0131c\u0131d\u0131r<\/a>, bu da <strong>hareket etmesini<\/strong> nispeten <strong>kolayla\u015ft\u0131r\u0131r<\/strong>. Bu nedenle \u00e7ok \u00e7e\u015fitli uygulamalara uyarlanabilir.   <\/p>\n\n\n\n<p>Bu makine, metal ve plastik <strong>tozu ve tala\u015f\u0131n\u0131n<\/strong> yan\u0131 s\u0131ra mineral tozu ve kompozit malzemelerin vakumlanmas\u0131 i\u00e7in idealdir.  <\/p>\n\n\n\n<p>ESTMAC&#8217;in 2 farkl\u0131 g\u00fcc\u00fc vard\u0131r:  <\/p>\n\n\n\n<p><strong>ESTMAC 1500<\/strong>, 2040 Pa negatif bas\u0131n\u00e7 i\u00e7in 1500 m3\/sa hava ak\u0131\u015f\u0131na ve<strong> ESTMAC 1800<\/strong>, 2650 Pa negatif bas\u0131n\u00e7 i\u00e7in 1800 m3\/sa hava ak\u0131\u015f\u0131na sahiptir.<\/p>\n<\/div>\n<\/div>\n\n\n\n<div class=\"wp-block-columns is-layout-flex wp-container-core-columns-is-layout-28f84493 wp-block-columns-is-layout-flex\">\n<div class=\"wp-block-column is-layout-flow wp-block-column-is-layout-flow\"><\/div>\n<\/div>\n<\/div>\n\n<h2 class=\"wp-block-heading\"><strong>Do\u011fru toz toplama sistemini nas\u0131l se\u00e7erim?<\/strong><\/h2>\n\n<p><strong>Do\u011fru toz toplay\u0131c\u0131y\u0131 se\u00e7mek<\/strong> \u00e7ok \u00f6nemlidir, aksi takdirde cihaz h\u0131zla y\u0131pranabilir ve \u00e7al\u0131\u015fmay\u0131 durdurabilir. Bu, kirleticiye, boyutuna, durumuna (kat\u0131 veya gaz) ve miktar\u0131na ba\u011fl\u0131 olacakt\u0131r. Bu, <a href=\"https:\/\/obera.fr\/tr\/produits\/depoussiereurs-industriels\/\" data-type=\"page\" data-id=\"31\">toz toplay\u0131c\u0131n\u0131n<\/a> sahip olmas\u0131 gereken filtre t\u00fcr\u00fcn\u00fc se\u00e7menizi sa\u011flayacakt\u0131r. \u0130kinci olarak, \u00fcnitenin g\u00fcc\u00fcn\u00fc, ba\u015fka bir deyi\u015fle ak\u0131\u015f h\u0131z\u0131n\u0131 \u00f6\u011frenmeniz gerekir. \u00dcnitenin ak\u0131\u015f h\u0131z\u0131, vakumlanacak malzeme miktar\u0131na, toplama noktas\u0131nda garanti edilecek h\u0131zlara ve vakum makinelerinin mevcut giri\u015flerine giden boru tesisat\u0131nda garanti edilecek ta\u015f\u0131ma h\u0131zlar\u0131na ba\u011fl\u0131 olacakt\u0131r.    <\/p>\n\n<p>Bir sonraki ad\u0131m, makineye hangi aksesuarlar\u0131n tak\u0131laca\u011f\u0131na karar vermektir: \u00fcretim makinesine ba\u011flanacak bir kanal, bir toplama cihaz\u0131, bir s\u0131rtl\u0131k veya hatta bir i\u015f istasyonu i\u00e7in bir <a href=\"https:\/\/obera.fr\/tr\/produits\/bras-dispositifs-captation\/capot-industriel\/\">emme kolu<\/a>.<\/p>\n\n<blockquote class=\"wp-block-quote is-layout-flow wp-block-quote-is-layout-flow\">\n<p>Yap\u0131lacak en iyi \u015fey, projelerinizde size yard\u0131mc\u0131 olabilecek ve \u00f6zel ihtiya\u00e7lar\u0131n\u0131za g\u00f6re uyarlanm\u0131\u015f bir \u00fcr\u00fcn sunabilecek <strong>uzmanlar\u0131m\u0131za sormakt\u0131r<\/strong>.<\/p>\n<\/blockquote>\n\n<div class=\"wp-block-buttons is-horizontal is-content-justification-center is-layout-flex wp-container-core-buttons-is-layout-03627597 wp-block-buttons-is-layout-flex\">\n<div class=\"wp-block-button has-custom-width wp-block-button__width-100\"><a class=\"wp-block-button__link wp-element-button\" href=\"https:\/\/obera.fr\/tr\/bize-ulasin\/\">Daha fazla bilgi edin<\/a><\/div>\n<\/div>\n\n<hr class=\"wp-block-separator has-css-opacity\"\/>\n\n<div class=\"wp-block-group is-layout-flow wp-block-group-is-layout-flow\">\n<h2 class=\"wp-block-heading\">Di\u011fer oberA end\u00fcstriyel toz toplay\u0131c\u0131 serileri<\/h2>\n\n\n\n<div class=\"wp-block-columns is-layout-flex wp-container-core-columns-is-layout-28f84493 wp-block-columns-is-layout-flex\">\n<div class=\"wp-block-column is-layout-flow wp-block-column-is-layout-flow\">\n<div class=\"wp-block-buttons is-horizontal is-content-justification-center is-layout-flex wp-container-core-buttons-is-layout-03627597 wp-block-buttons-is-layout-flex\">\n<div class=\"wp-block-button\"><a class=\"wp-block-button__link wp-element-button\" href=\"https:\/\/obera.fr\/produits\/depoussiereurs-industriels\/mobiles\/\">Mobil toz toplay\u0131c\u0131lar<\/a><\/div>\n<\/div>\n<\/div>\n\n\n\n<div class=\"wp-block-column is-layout-flow wp-block-column-is-layout-flow\">\n<div class=\"wp-block-buttons is-horizontal is-content-justification-center is-layout-flex wp-container-core-buttons-is-layout-03627597 wp-block-buttons-is-layout-flex\">\n<div class=\"wp-block-button\"><a class=\"wp-block-button__link wp-element-button\" href=\"https:\/\/obera.fr\/produits\/depoussiereurs-industriels\/petits\/\">K\u00fc\u00e7\u00fck toz toplay\u0131c\u0131lar<\/a><\/div>\n<\/div>\n<\/div>\n<\/div>\n<\/div>\n","protected":false},"excerpt":{"rendered":"<p>Sabit toz toplay\u0131c\u0131lar\u0131m\u0131z , at\u00f6lyelerinizin ve depolar\u0131n\u0131z\u0131n yan\u0131 s\u0131ra sabit i\u015f istasyonlar\u0131n\u0131z\u0131n toz unu do\u011frudan bir emme kolu veya davlumbaz arac\u0131l\u0131\u011f\u0131yla almak i\u00e7in g\u00fc\u00e7l\u00fc bir kurulum yelpazesidir. Ekipmanlar\u0131m\u0131z metal, plastik, ah\u015fap, mineraller, tekstil, kimyasallar ve ka\u011f\u0131t\/karton dahil olmak \u00fczere \u00e7ok \u00e7e\u015fitli end\u00fcstriyel sekt\u00f6rlerde ince toz ve tala\u015flar\u0131n yan\u0131 s\u0131ra ya\u011f buhar\u0131, duman ve kokularla da ba\u015fa \u00e7\u0131kabilir. Tozlar ve di\u011fer kirleticiler insan v\u00fccudu i\u00e7in risk te\u015fkil etti\u011finden ar\u0131t\u0131lmal\u0131d\u0131r. Kirli havay\u0131 solumak, \u00f6zellikle kirleticiler kanserojen, mutajen veya reprotoksik oldu\u011funda hastal\u0131\u011fa neden olabilir. Kirli havan\u0131n ar\u0131t\u0131lmas\u0131, \u00e7al\u0131\u015fanlar\u0131 ve \u00fcretim ekiplerini koruman\u0131n yan\u0131 s\u0131ra \u00fcretilen \u00fcr\u00fcnlerin kalitesini garanti etmek ve elbette yasalara uymak &#8230; <\/p>\n<p class=\"read-more-container\"><a title=\"Sabit toz toplay\u0131c\u0131lar\" class=\"read-more button\" href=\"https:\/\/obera.fr\/tr\/produits\/depoussiereurs-industriels\/fixes\/#more-52125\" aria-label=\"Read more about Sabit toz toplay\u0131c\u0131lar\">Lire la suite<\/a><\/p>\n","protected":false},"author":4,"featured_media":103631,"parent":52060,"menu_order":0,"comment_status":"closed","ping_status":"closed","template":"","meta":{"_acf_changed":false,"_seopress_robots_primary_cat":"","_seopress_titles_title":"Islak\/kuru sabit toz toplay\u0131c\u0131lar, torbalar\/kartu\u015flar","_seopress_titles_desc":"Sabit toz toplay\u0131c\u0131lar\u0131m\u0131zla at\u00f6lyelerinizin ve depolar\u0131n\u0131z\u0131n yan\u0131 s\u0131ra i\u015f istasyonlar\u0131n\u0131z\u0131n tozunu do\u011frudan bir kol veya emi\u015f ba\u015fl\u0131\u011f\u0131 arac\u0131l\u0131\u011f\u0131yla al\u0131n","_seopress_robots_index":"","footnotes":""},"class_list":{"0":"post-52125","1":"page","2":"type-page","3":"status-publish","4":"has-post-thumbnail","6":"no-featured-image-padding","7":"resize-featured-image"},"acf":[],"_links":{"self":[{"href":"https:\/\/obera.fr\/tr\/wp-json\/wp\/v2\/pages\/52125","targetHints":{"allow":["GET"]}}],"collection":[{"href":"https:\/\/obera.fr\/tr\/wp-json\/wp\/v2\/pages"}],"about":[{"href":"https:\/\/obera.fr\/tr\/wp-json\/wp\/v2\/types\/page"}],"author":[{"embeddable":true,"href":"https:\/\/obera.fr\/tr\/wp-json\/wp\/v2\/users\/4"}],"replies":[{"embeddable":true,"href":"https:\/\/obera.fr\/tr\/wp-json\/wp\/v2\/comments?post=52125"}],"version-history":[{"count":4,"href":"https:\/\/obera.fr\/tr\/wp-json\/wp\/v2\/pages\/52125\/revisions"}],"predecessor-version":[{"id":121487,"href":"https:\/\/obera.fr\/tr\/wp-json\/wp\/v2\/pages\/52125\/revisions\/121487"}],"up":[{"embeddable":true,"href":"https:\/\/obera.fr\/tr\/wp-json\/wp\/v2\/pages\/52060"}],"wp:featuredmedia":[{"embeddable":true,"href":"https:\/\/obera.fr\/tr\/wp-json\/wp\/v2\/media\/103631"}],"wp:attachment":[{"href":"https:\/\/obera.fr\/tr\/wp-json\/wp\/v2\/media?parent=52125"}],"curies":[{"name":"wp","href":"https:\/\/api.w.org\/{rel}","templated":true}]}}