{"id":52154,"date":"2020-08-26T12:35:06","date_gmt":"2020-08-26T10:35:06","guid":{"rendered":"https:\/\/obera.fr\/urunlerimiz\/endustriyel-toz-toplayicilar\/kucuk-endustriyel-toz-toplayicilar\/"},"modified":"2025-08-29T09:23:54","modified_gmt":"2025-08-29T07:23:54","slug":"petits","status":"publish","type":"page","link":"https:\/\/obera.fr\/tr\/produits\/depoussiereurs-industriels\/petits\/","title":{"rendered":"K\u00fc\u00e7\u00fck end\u00fcstriyel toz toplay\u0131c\u0131lar"},"content":{"rendered":"\n\n<h2 class=\"wp-block-heading\">K\u00fc\u00e7\u00fck end\u00fcstriyel toz toplay\u0131c\u0131 nedir?<\/h2>\n\n<p>K\u00fc\u00e7\u00fck bir toz toplay\u0131c\u0131 genellikle <strong>80 m3\/saat ila 500 m3\/saat emme kapasitesine sahip k\u00fc\u00e7\u00fck bir hava i\u015fleme \u00fcnitesidir<\/strong>. Bu toz toplay\u0131c\u0131lar genellikle d\u00fc\u015f\u00fck g\u00fcr\u00fclt\u00fcl\u00fcd\u00fcr, hareketlidir ve ta\u015f\u0131nmas\u0131 kolayd\u0131r ve genellikle tek bir \u00fcretim makinesini emebilir. Bu kompakt toz toplay\u0131c\u0131lar, doygunluk filtresi ortam\u0131 (ePUR ex 1000\/3000 i\u00e7in) veya manuel olarak \u00e7\u0131kar\u0131labilir bir filtre ile donat\u0131lm\u0131\u015ft\u0131r.  <\/p>\n\n<p>K\u00fc\u00e7\u00fck toz toplay\u0131c\u0131lar, d\u00fc\u015f\u00fck ila orta toz i\u00e7eri\u011fine sahip havay\u0131 toplamak i\u00e7in kullan\u0131l\u0131r. Bu toz toplay\u0131c\u0131lar lazer grav\u00fcr makinelerinden, kaynak istasyonlar\u0131ndan ve k\u00fc\u00e7\u00fck tart\u0131m istasyonlar\u0131ndan gelen toz <strong>ve duman\u0131 yakalar<\/strong>. Rejeneratif filtrelerle donat\u0131lm\u0131\u015f toz toplay\u0131c\u0131lar ince, kuru tozlar i\u00e7in uygundur ve bir torba tak\u0131labilen bir toz tutma tepsisine sahiptir. Bu torba, toplanan tozun kolayca ve temiz bir \u015fekilde bo\u015falt\u0131lmas\u0131n\u0131 sa\u011flar.     <\/p>\n\n<p><a href=\"https:\/\/obera.fr\/tr\/produits\/depoussiereurs-industriels\/\" data-type=\"page\" data-id=\"31\">Doygunluk<\/a> filtreleri <a href=\"https:\/\/obera.fr\/tr\/produits\/depoussiereurs-industriels\/petits\/aspiration-fumees-soudage-laser-epur-b-ex\/\" data-type=\"page\" data-id=\"480\">(ePUR ex<\/a> modeli) ile donat\u0131lm\u0131\u015f toz toplay\u0131c\u0131lar, k\u00fc\u00e7\u00fck miktarlardaki her t\u00fcrl\u00fc toz ve duman i\u00e7in uygundur. Filtrenin kendisi tozu tutar ve depolar. Filtre doldu\u011funda, \u00f6zel bir torbaya bo\u015falt\u0131l\u0131r. T\u00fcm k\u00fc\u00e7\u00fck toz toplay\u0131c\u0131lar\u0131m\u0131zdaki filtre malzemelerine eri\u015fmek ve de\u011fi\u015ftirmek kolayd\u0131r. Bu toz toplay\u0131c\u0131lar <strong>ta\u015flama<\/strong> tozunu, <strong>z\u0131mpara<\/strong> tozunu ve <strong>dozajlama<\/strong> ve <strong>tart\u0131m<\/strong> istasyonlar\u0131ndan gelen tozu yakalar.    <\/p>\n\n<h2 class=\"wp-block-heading\">T\u00fcm kompakt toz toplay\u0131c\u0131lar\u0131m\u0131z\u0131 ke\u015ffedin:<\/h2>\n\n<p><\/p>\n\n<p><\/p>\n\n<div class=\"wp-block-columns is-layout-flex wp-container-core-columns-is-layout-28f84493 wp-block-columns-is-layout-flex\">\n<div class=\"wp-block-column is-layout-flow wp-block-column-is-layout-flow\">\n<h3 class=\"wp-block-heading has-text-align-center\">TK SER\u0130S\u0130<\/h3>\n\n\n\n<figure class=\"wp-block-image aligncenter size-full is-resized\"><a href=\"https:\/\/obera.fr\/produits\/depoussiereurs-industriels\/petits\/tk-serie\/\"><img decoding=\"async\" width=\"600\" height=\"600\" src=\"https:\/\/obera.fr\/wp-content\/uploads\/2020\/11\/tk-series.jpg\" alt=\"Laboratuvar - laboratuvar ekipmanlar&#x131;\" class=\"wp-image-1607\" style=\"width:300px;height:300px\" srcset=\"https:\/\/obera.fr\/wp-content\/uploads\/2020\/11\/tk-series.jpg 600w, https:\/\/obera.fr\/wp-content\/uploads\/2020\/11\/tk-series-300x300.jpg 300w, https:\/\/obera.fr\/wp-content\/uploads\/2020\/11\/tk-series-150x150.jpg 150w\" sizes=\"(max-width: 600px) 100vw, 600px\" \/><\/a><figcaption class=\"wp-element-caption\">TK Serisi<\/figcaption><\/figure>\n\n\n\n<p><a href=\"https:\/\/obera.fr\/tr\/produits\/depoussiereurs-industriels\/petits\/tk-serie\/\" data-type=\"page\" data-id=\"1589\">TK serisi<\/a> toz toplay\u0131c\u0131lar<strong> <\/strong>k\u00fc\u00e7\u00fck \u00f6l\u00e7ekli veya end\u00fcstriyel uygulamalar i\u00e7in k\u00fc\u00e7\u00fck miktarlarda toz \u00e7\u0131karmak \u00fczere tasarlanm\u0131\u015f kompakt toz emicilerdir ve tozu kayna\u011f\u0131nda yakalamak i\u00e7in do\u011frudan \u00fcretim makinelerine ba\u011flanabilir. \u00dcnite aral\u0131kl\u0131 kullan\u0131m i\u00e7in idealdir. Bu \u00fcniteler, \u00f6zellikle kuyumculuk sekt\u00f6r\u00fcndeki metal \u00f6\u011f\u00fctme i\u015flemlerinden kaynaklanan kaba metal tozlar\u0131n\u0131n ar\u0131t\u0131lmas\u0131nda etkilidir. Kullan\u0131m\u0131 \u00e7ok basittir ve boyutu ve hafifli\u011fi sayesinde ta\u015f\u0131nmas\u0131 kolayd\u0131r.     <\/p>\n\n\n\n<p>K\u00fc\u00e7\u00fck <strong>TK 4<\/strong> toz toplay\u0131c\u0131n\u0131n maksimum ak\u0131\u015f h\u0131z\u0131 300 m3\/saat ve k\u00fc\u00e7\u00fck TK 6 toz toplay\u0131c\u0131n\u0131n ak\u0131\u015f h\u0131z\u0131 450 m3\/saattir. Temizlenen hava do\u011frudan \u00e7al\u0131\u015fma alan\u0131na bo\u015falt\u0131l\u0131r. <\/p>\n<\/div>\n\n\n\n<div class=\"wp-block-column is-layout-flow wp-block-column-is-layout-flow\">\n<h3 class=\"wp-block-heading has-text-align-center\">EPUR Ex 1000-3000-5000<\/h3>\n\n\n\n<figure class=\"wp-block-image aligncenter size-medium is-resized\"><a href=\"https:\/\/obera.fr\/produits\/depoussiereurs-industriels\/petits\/aspiration-fumees-soudage-laser-epur-b-ex\/\"><img decoding=\"async\" width=\"300\" height=\"300\" src=\"https:\/\/obera.fr\/wp-content\/uploads\/2023\/10\/epurb-ex-1000-3000-5000-300x300.png\" alt=\"oberA epur b ex 1000 3000 5000\" class=\"wp-image-25016\" style=\"width:298px;height:auto\" srcset=\"https:\/\/obera.fr\/wp-content\/uploads\/2023\/10\/epurb-ex-1000-3000-5000-300x300.png 300w, https:\/\/obera.fr\/wp-content\/uploads\/2023\/10\/epurb-ex-1000-3000-5000-150x150.png 150w, https:\/\/obera.fr\/wp-content\/uploads\/2023\/10\/epurb-ex-1000-3000-5000.png 600w\" sizes=\"(max-width: 300px) 100vw, 300px\" \/><\/a><figcaption class=\"wp-element-caption\">EPUR EX 1000-3000-5000<\/figcaption><\/figure>\n\n\n\n<p><a href=\"https:\/\/obera.fr\/tr\/produits\/depoussiereurs-industriels\/petits\/aspiration-fumees-soudage-laser-epur-b-ex\/\" data-type=\"page\" data-id=\"480\">EPUR Ex 1000-3000-5000 serisi toz toplay\u0131c\u0131lar<\/a><strong> <\/strong>doygunluk filtresi medyas\u0131 ile donat\u0131lm\u0131\u015f mobil ekstraksiyon \u00fcniteleridir. \u00d6zellikle kaynak ve lehim duman\u0131, toz, buhar, solvent ve gazlar\u0131n emilmesi i\u00e7in uygundurlar. Bu \u00e7ok y\u00f6nl\u00fc toz toplay\u0131c\u0131lar, \u00fc\u00e7 filtreleme a\u015famas\u0131 sayesinde neredeyse t\u00fcm end\u00fcstriyel sekt\u00f6rlere uyarlanabilir. M\u00fckemmel kullan\u0131m kolayl\u0131\u011f\u0131 i\u00e7in dokunmatik ekran \u00fczerinden veya uzaktan kontrol edilebilir. Sessiz ve g\u00fc\u00e7l\u00fcd\u00fcr, \u00fc\u00e7 k\u00fc\u00e7\u00fck i\u015f istasyonunu veya \u00fcretim makinesini vakumlayabilirsiniz.    <\/p>\n\n\n\n<p>Bu toz toplay\u0131c\u0131lar ATEX b\u00f6lgelerinde kullan\u0131m i\u00e7in uygundur.  <\/p>\n\n\n\n<p>Bu \u00fcnitelerin avantaj\u0131, y\u00fcksek emi\u015f g\u00fcc\u00fc (10.000 Pa vakuma kadar) sunmalar\u0131 ve tamamen yap\u0131land\u0131r\u0131labilir olmalar\u0131d\u0131r. Asl\u0131nda, filtre ortam\u0131 tozun inceli\u011fine ve tehlikesine tam olarak uyarlanabilen iki veya \u00fc\u00e7 filtreleme a\u015famas\u0131na sahiptirler (G4&#8217;ten HEPA 14&#8217;e kadar de\u011fi\u015fen filtreleme a\u015famalar\u0131). Gaz halindeki kirleticilerle ba\u015fa \u00e7\u0131kmak i\u00e7in \u00f6zel olarak tasarlanm\u0131\u015f bir aktif karbon a\u015famas\u0131 se\u00e7mek de m\u00fcmk\u00fcnd\u00fcr. Ak\u0131\u015f h\u0131z\u0131n\u0131 y\u00fczde 0 ila 100 aras\u0131nda de\u011fi\u015ftirmek i\u00e7in elektronik olarak kom\u00fctasyonlu bir motor da kullan\u0131labilir. Filtreler, filtre kapa\u011f\u0131, tek kullan\u0131ml\u0131k hava ge\u00e7irmez torba, ki\u015fisel koruyucu maske ve tek kullan\u0131ml\u0131k eldivenlerden olu\u015fan mevcut bir de\u011fi\u015ftirme kiti kullan\u0131larak temiz ve g\u00fcvenli bir \u015fekilde de\u011fi\u015ftirilebilir.    <\/p>\n<\/div>\n<\/div>\n\n<p><\/p>\n\n<p><\/p>\n\n<div class=\"wp-block-columns is-layout-flex wp-container-core-columns-is-layout-28f84493 wp-block-columns-is-layout-flex\">\n<div class=\"wp-block-column is-layout-flow wp-block-column-is-layout-flow\">\n<h3 class=\"wp-block-heading has-text-align-center\"><strong>SRF-T<\/strong><\/h3>\n\n\n\n<div class=\"wp-block-columns is-layout-flex wp-container-core-columns-is-layout-28f84493 wp-block-columns-is-layout-flex\">\n<div class=\"wp-block-column is-layout-flow wp-block-column-is-layout-flow\">\n<figure class=\"wp-block-image aligncenter size-large is-resized\"><a href=\"https:\/\/obera.fr\/produits\/depoussiereurs-industriels\/petits\/srf-t\/\"><img decoding=\"async\" width=\"600\" height=\"600\" src=\"https:\/\/obera.fr\/wp-content\/uploads\/2020\/10\/SRF-T-SF.png\" alt=\"Duman - Toz toplay&#x131;c&#x131;\" class=\"wp-image-1310\" style=\"width:259px;height:259px\" srcset=\"https:\/\/obera.fr\/wp-content\/uploads\/2020\/10\/SRF-T-SF.png 600w, https:\/\/obera.fr\/wp-content\/uploads\/2020\/10\/SRF-T-SF-300x300.png 300w, https:\/\/obera.fr\/wp-content\/uploads\/2020\/10\/SRF-T-SF-150x150.png 150w\" sizes=\"(max-width: 600px) 100vw, 600px\" \/><\/a><figcaption class=\"wp-element-caption\">SRF-T<\/figcaption><\/figure>\n<\/div>\n<\/div>\n\n\n\n<p><a href=\"https:\/\/obera.fr\/tr\/produits\/depoussiereurs-industriels\/petits\/srf-t\/\">SRF T<\/a>, <strong>kaynak duman\u0131n\u0131 \u00e7\u0131karmak<\/strong> i\u00e7in tasarlanm\u0131\u015f ta\u015f\u0131nabilir bir cihazd\u0131r. Y\u00fcksek vakuma sahiptir, bu nedenle kaynakta do\u011frudan i\u015flem i\u00e7in do\u011frudan kaynak tor\u00e7lar\u0131na ba\u011flanabilir. <\/p>\n\n\n\n<p>Bir ekstraksiyon kolunu ba\u011flayan <strong>SRF T-2<\/strong> ve iki kola kadar ba\u011flayan <strong>SRF T-4<\/strong> dahil olmak \u00fczere \u00e7e\u015fitli modeller mevcuttur.  <\/p>\n\n\n\n<p>Bu cihaz \u00f6zellikle tersaneler, k\u00fc\u00e7\u00fck par\u00e7a kaynak istasyonlar\u0131 ve otomotiv \u00fcretim tesisleri gibi uygulamalar i\u00e7in \u00e7ok uygundur. Filtre kartu\u015flar\u0131 temizlenebilir ve yeniden kullan\u0131labilir. <\/p>\n<\/div>\n\n\n\n<div class=\"wp-block-column is-layout-flow wp-block-column-is-layout-flow\">\n<h3 class=\"wp-block-heading has-text-align-center\"><strong>JUMBO<\/strong><\/h3>\n\n\n\n<figure class=\"wp-block-image aligncenter size-large is-resized\"><a href=\"https:\/\/obera.fr\/produits\/depoussiereurs-industriels\/petits\/jumbo\/\"><img decoding=\"async\" width=\"500\" height=\"500\" src=\"https:\/\/obera.fr\/wp-content\/uploads\/2020\/12\/Jumbo2.png\" alt=\"Jumbo2\" class=\"wp-image-3839\" style=\"width:256px;height:auto\" srcset=\"https:\/\/obera.fr\/wp-content\/uploads\/2020\/12\/Jumbo2.png 500w, https:\/\/obera.fr\/wp-content\/uploads\/2020\/12\/Jumbo2-300x300.png 300w, https:\/\/obera.fr\/wp-content\/uploads\/2020\/12\/Jumbo2-150x150.png 150w\" sizes=\"(max-width: 500px) 100vw, 500px\" \/><\/a><figcaption class=\"wp-element-caption\"><a href=\"https:\/\/obera.fr\/tr\/produits\/depoussiereurs-industriels\/petits\/jumbo\/\">JUMBO<\/a><\/figcaption><\/figure>\n\n\n\n<p><a href=\"https:\/\/obera.fr\/tr\/produits\/depoussiereurs-industriels\/petits\/jumbo\/\">Jumbo <\/a>, <strong>\u00e7ok \u00e7e\u015fitli uygulamalara uyarlanabilen<\/strong> k\u00fc\u00e7\u00fck, kapsaml\u0131 bir toz toplay\u0131c\u0131d\u0131r. Dahas\u0131, 170 m3\/saatlik ak\u0131\u015f h\u0131z\u0131 ve 2800 Pa&#8217;l\u0131k vakumu, 1 ila 2 i\u015f istasyonunu vakumlayabilece\u011fi anlam\u0131na gelir.<\/p>\n\n\n\n<p>Bu k\u00fc\u00e7\u00fck toz toplay\u0131c\u0131 <strong>, ince ve kaba tozlar\u0131n<\/strong> yan\u0131 s\u0131ra <strong>duman, buhar ve kokular\u0131n<\/strong> \u00e7\u0131kar\u0131lmas\u0131 i\u00e7in \u00f6zellikle uygundur.<\/p>\n\n\n\n<p>Yerde \u00e7ok<strong> az<\/strong> yer kaplar ve \u00e7ok az enerji t\u00fcketir. Birka\u00e7 mafsalla donat\u0131lm\u0131\u015f oldu\u011fundan, farkl\u0131 pozisyonlarda vakum yapabilir ve<strong> her duruma uyum<\/strong> sa\u011flayabilir. <\/p>\n<\/div>\n<\/div>\n\n<div class=\"wp-block-buttons is-horizontal is-content-justification-center is-layout-flex wp-container-core-buttons-is-layout-03627597 wp-block-buttons-is-layout-flex\">\n<div class=\"wp-block-button has-custom-width wp-block-button__width-100\"><a class=\"wp-block-button__link wp-element-button\" href=\"https:\/\/obera.fr\/tr\/bize-ulasin\/\">Daha fazla bilgi edin<\/a><\/div>\n<\/div>\n\n<hr class=\"wp-block-separator has-css-opacity\"\/>\n\n<div class=\"wp-block-group is-layout-flow wp-block-group-is-layout-flow\">\n<h2 class=\"wp-block-heading\">Di\u011fer oberA end\u00fcstriyel toz toplay\u0131c\u0131 serileri<\/h2>\n\n\n\n<div class=\"wp-block-buttons is-content-justification-center is-layout-flex wp-container-core-buttons-is-layout-a89b3969 wp-block-buttons-is-layout-flex\">\n<div class=\"wp-block-button\"><a class=\"wp-block-button__link wp-element-button\" href=\"https:\/\/obera.fr\/produits\/depoussiereurs-industriels\/mobiles\/\">mobil toz toplay\u0131c\u0131lar  <\/a><\/div>\n\n\n\n<div class=\"wp-block-button\"><a class=\"wp-block-button__link wp-element-button\" href=\"https:\/\/obera.fr\/produits\/depoussiereurs-industriels\/fixes\/\"> Sabit <strong>toz toplay\u0131c\u0131lar<\/strong><\/a><\/div>\n<\/div>\n<\/div>\n\n<p><\/p>\n","protected":false},"excerpt":{"rendered":"<p>K\u00fc\u00e7\u00fck end\u00fcstriyel toz toplay\u0131c\u0131 nedir? K\u00fc\u00e7\u00fck bir toz toplay\u0131c\u0131 genellikle 80 m3\/saat ila 500 m3\/saat emme kapasitesine sahip k\u00fc\u00e7\u00fck bir hava i\u015fleme \u00fcnitesidir. Bu toz toplay\u0131c\u0131lar genellikle d\u00fc\u015f\u00fck g\u00fcr\u00fclt\u00fcl\u00fcd\u00fcr, hareketlidir ve ta\u015f\u0131nmas\u0131 kolayd\u0131r ve genellikle tek bir \u00fcretim makinesini emebilir. Bu kompakt toz toplay\u0131c\u0131lar, doygunluk filtresi ortam\u0131 (ePUR ex 1000\/3000 i\u00e7in) veya manuel olarak \u00e7\u0131kar\u0131labilir bir filtre ile donat\u0131lm\u0131\u015ft\u0131r. K\u00fc\u00e7\u00fck toz toplay\u0131c\u0131lar, d\u00fc\u015f\u00fck ila orta toz i\u00e7eri\u011fine sahip havay\u0131 toplamak i\u00e7in kullan\u0131l\u0131r. Bu toz toplay\u0131c\u0131lar lazer grav\u00fcr makinelerinden, kaynak istasyonlar\u0131ndan ve k\u00fc\u00e7\u00fck tart\u0131m istasyonlar\u0131ndan gelen toz ve duman\u0131 yakalar. Rejeneratif filtrelerle donat\u0131lm\u0131\u015f toz toplay\u0131c\u0131lar ince, kuru tozlar i\u00e7in uygundur ve &#8230; <\/p>\n<p class=\"read-more-container\"><a title=\"K\u00fc\u00e7\u00fck end\u00fcstriyel toz toplay\u0131c\u0131lar\" class=\"read-more button\" href=\"https:\/\/obera.fr\/tr\/produits\/depoussiereurs-industriels\/petits\/#more-52154\" aria-label=\"Read more about K\u00fc\u00e7\u00fck end\u00fcstriyel toz toplay\u0131c\u0131lar\">Lire la suite<\/a><\/p>\n","protected":false},"author":4,"featured_media":103631,"parent":52060,"menu_order":0,"comment_status":"closed","ping_status":"closed","template":"","meta":{"_acf_changed":false,"_seopress_robots_primary_cat":"","_seopress_titles_title":"K\u00fc\u00e7\u00fck toz toplay\u0131c\u0131lar EPUR B Ex, SRF-T Torba filtreler ve ePURBOX","_seopress_titles_desc":"K\u00fc\u00e7\u00fck toz toplay\u0131c\u0131lar k\u00fc\u00e7\u00fck hava i\u015fleme \u00fcniteleridir. Bu end\u00fcstriyel toz toplay\u0131c\u0131lar sessiz, mobil ve ta\u015f\u0131nmas\u0131 kolayd\u0131r. ","_seopress_robots_index":"","footnotes":""},"class_list":{"0":"post-52154","1":"page","2":"type-page","3":"status-publish","4":"has-post-thumbnail","6":"no-featured-image-padding","7":"resize-featured-image"},"acf":[],"_links":{"self":[{"href":"https:\/\/obera.fr\/tr\/wp-json\/wp\/v2\/pages\/52154","targetHints":{"allow":["GET"]}}],"collection":[{"href":"https:\/\/obera.fr\/tr\/wp-json\/wp\/v2\/pages"}],"about":[{"href":"https:\/\/obera.fr\/tr\/wp-json\/wp\/v2\/types\/page"}],"author":[{"embeddable":true,"href":"https:\/\/obera.fr\/tr\/wp-json\/wp\/v2\/users\/4"}],"replies":[{"embeddable":true,"href":"https:\/\/obera.fr\/tr\/wp-json\/wp\/v2\/comments?post=52154"}],"version-history":[{"count":6,"href":"https:\/\/obera.fr\/tr\/wp-json\/wp\/v2\/pages\/52154\/revisions"}],"predecessor-version":[{"id":127497,"href":"https:\/\/obera.fr\/tr\/wp-json\/wp\/v2\/pages\/52154\/revisions\/127497"}],"up":[{"embeddable":true,"href":"https:\/\/obera.fr\/tr\/wp-json\/wp\/v2\/pages\/52060"}],"wp:featuredmedia":[{"embeddable":true,"href":"https:\/\/obera.fr\/tr\/wp-json\/wp\/v2\/media\/103631"}],"wp:attachment":[{"href":"https:\/\/obera.fr\/tr\/wp-json\/wp\/v2\/media?parent=52154"}],"curies":[{"name":"wp","href":"https:\/\/api.w.org\/{rel}","templated":true}]}}