{"id":52176,"date":"2020-05-01T17:19:45","date_gmt":"2020-05-01T15:19:45","guid":{"rendered":"https:\/\/obera.fr\/urunlerimiz\/hava-analizorleri\/"},"modified":"2025-04-22T09:40:07","modified_gmt":"2025-04-22T07:40:07","slug":"analyseurs-air","status":"publish","type":"page","link":"https:\/\/obera.fr\/tr\/produits\/analyseurs-air\/","title":{"rendered":"Hava analiz\u00f6rleri"},"content":{"rendered":"\n<p>OberA 5 hava analiz cihaz\u0131ndan olu\u015fan bir \u00fcr\u00fcn yelpazesine sahiptir. Bu cihazlar\u0131n amac\u0131, i\u015f yerinizde bulunan \u00e7e\u015fitli hava parametrelerini ortaya \u00e7\u0131karmakt\u0131r. <\/p>\n\n\n<h2 class=\"wp-block-heading\" id=\"les-produits-de-la-gamme-obera\">OberA serisindeki \u00fcr\u00fcnler<\/h2>\n\n<div class=\"wp-block-columns is-layout-flex wp-container-core-columns-is-layout-28f84493 wp-block-columns-is-layout-flex\">\n<div class=\"wp-block-column is-layout-flow wp-block-column-is-layout-flow\">\n<h3 class=\"wp-block-heading has-text-align-center\" id=\"obcare\"><a href=\"https:\/\/obera.fr\/tr\/urunlerimiz\/analyseurs-air\/obcare-co2-sensoru\/\">OBCARE<\/a><\/h3>\n\n\n\n<figure class=\"wp-block-image aligncenter size-medium is-resized\"><a href=\"https:\/\/obera.fr\/produits\/analyseurs-air\/capteur-co2-obcare\/\"><img decoding=\"async\" width=\"300\" height=\"212\" src=\"https:\/\/obera.fr\/wp-content\/uploads\/2021\/09\/Capteur_CO2_OBCARE-2-300x212.png\" alt=\"obcare co2 sens&#xF6;r&#xFC;\" class=\"wp-image-6918\" style=\"aspect-ratio:1.4180327868852458;width:216px;height:auto\" srcset=\"https:\/\/obera.fr\/wp-content\/uploads\/2021\/09\/Capteur_CO2_OBCARE-2-300x212.png 300w, https:\/\/obera.fr\/wp-content\/uploads\/2021\/09\/Capteur_CO2_OBCARE-2-768x542.png 768w, https:\/\/obera.fr\/wp-content\/uploads\/2021\/09\/Capteur_CO2_OBCARE-2.png 921w\" sizes=\"(max-width: 300px) 100vw, 300px\" \/><\/a><\/figure>\n\n\n\n<p><\/p>\n\n\n\n<p><a href=\"https:\/\/obera.fr\/tr\/urunlerimiz\/analyseurs-air\/obcare-co2-sensoru\/\" data-type=\"page\" data-id=\"6812\"><strong>OBCARE <\/strong>saf bir C02 sens\u00f6r\u00fcd\u00fcr<\/a>. Otomatik kalibrasyonlu NDIR teknolojisini (da\u011f\u0131lmayan k\u0131z\u0131l\u00f6tesi sens\u00f6rler) kullanarak, amac\u0131 konsantrasyonu ger\u00e7ek zamanl\u0131 olarak ppm cinsinden do\u011fru bir \u015fekilde g\u00f6stermektir (do\u011fruluk \u00b1 60ppm). <\/p>\n<\/div>\n\n\n\n<div class=\"wp-block-column is-layout-flow wp-block-column-is-layout-flow\">\n<h3 class=\"wp-block-heading has-text-align-center\" id=\"compteur-de-particules\"><a href=\"https:\/\/obera.fr\/tr\/urunlerimiz\/analyseurs-air\/parcacik-sayaci\/\">Par\u00e7ac\u0131k sayac\u0131<\/a><\/h3>\n\n\n\n<figure class=\"wp-block-image aligncenter size-thumbnail\"><a href=\"https:\/\/obera.fr\/produits\/analyseurs-air\/compteur-particules\/\"><img decoding=\"async\" width=\"150\" height=\"150\" src=\"https:\/\/obera.fr\/wp-content\/uploads\/2020\/08\/compteur-de-particules-150x150.png\" alt=\"Partik&#xFC;l &#xD6;l&#xE7;er\" class=\"wp-image-714\" srcset=\"https:\/\/obera.fr\/wp-content\/uploads\/2020\/08\/compteur-de-particules-150x150.png 150w, https:\/\/obera.fr\/wp-content\/uploads\/2020\/08\/compteur-de-particules-300x300.png 300w, https:\/\/obera.fr\/wp-content\/uploads\/2020\/08\/compteur-de-particules.png 433w\" sizes=\"(max-width: 150px) 100vw, 150px\" \/><\/a><\/figure>\n\n\n\n<p><a href=\"https:\/\/obera.fr\/tr\/urunlerimiz\/analyseurs-air\/parcacik-sayaci\/\" data-type=\"page\" data-id=\"539\">OberA partik\u00fcl sayac\u0131, PM0,3 ila PM10 toz partik\u00fcllerini (0,3um ila 10um aras\u0131 partik\u00fcller<\/a> ) \u00f6l\u00e7ebilir. 0\u00b0C ila 50\u00b0C aras\u0131ndaki s\u0131cakl\u0131\u011f\u0131 ve ba\u011f\u0131l nemi izler. <\/p>\n<\/div>\n<\/div>\n\n<div style=\"height:30px\" aria-hidden=\"true\" class=\"wp-block-spacer\"><\/div>\n\n<div class=\"wp-block-buttons is-horizontal is-content-justification-center is-layout-flex wp-container-core-buttons-is-layout-03627597 wp-block-buttons-is-layout-flex\">\n<div class=\"wp-block-button has-custom-width wp-block-button__width-100\"><a class=\"wp-block-button__link wp-element-button\" href=\"https:\/\/obera.fr\/tr\/bize-ulasin\/\">Daha fazla bilgi edin<\/a><\/div>\n<\/div>\n\n<p><\/p>\n\n<h2 class=\"wp-block-heading\" id=\"pourquoi-mesurer-la-qualite-de-mon-air\">Havam\u0131n kalitesini neden \u00f6l\u00e7meliyim?<\/h2>\n\n<p>Hava insanlar i\u00e7in vazge\u00e7ilmez bir unsurdur ve sa\u011fl\u0131kl\u0131 hava solumak \u00e7al\u0131\u015fanlar\u0131n sa\u011fl\u0131\u011f\u0131 ve refah\u0131 i\u00e7in gereklidir. Bu, \u00e7al\u0131\u015fanlar\u0131n\u0131z\u0131n soludu\u011fu havay\u0131 analiz etmeyi ve i\u015f yerinize bir hava \u015fartland\u0131rma sistemi kurmaya de\u011fip de\u011fmeyece\u011fine karar vermeyi i\u00e7erir. <\/p>\n\n<p>Bu hava analizi, i\u015fyerinizde bulunan kirleticilerin t\u00fcr\u00fcn\u00fc ve konsantrasyon seviyelerini de ortaya \u00e7\u0131karacak ve bu da hava i\u015fleme sisteminiz i\u00e7in filtreleme sistemi se\u00e7erken faydal\u0131 olacakt\u0131r.<\/p>\n","protected":false},"excerpt":{"rendered":"<p>OberA 5 hava analiz cihaz\u0131ndan olu\u015fan bir \u00fcr\u00fcn yelpazesine sahiptir. Bu cihazlar\u0131n amac\u0131, i\u015f yerinizde bulunan \u00e7e\u015fitli hava parametrelerini ortaya \u00e7\u0131karmakt\u0131r. OberA serisindeki \u00fcr\u00fcnler OBCARE OBCARE saf bir C02 sens\u00f6r\u00fcd\u00fcr. Otomatik kalibrasyonlu NDIR teknolojisini (da\u011f\u0131lmayan k\u0131z\u0131l\u00f6tesi sens\u00f6rler) kullanarak, amac\u0131 konsantrasyonu ger\u00e7ek zamanl\u0131 olarak ppm cinsinden do\u011fru bir \u015fekilde g\u00f6stermektir (do\u011fruluk \u00b1 60ppm). Par\u00e7ac\u0131k sayac\u0131 OberA partik\u00fcl sayac\u0131, PM0,3 ila PM10 toz partik\u00fcllerini (0,3um ila 10um aras\u0131 partik\u00fcller ) \u00f6l\u00e7ebilir. 0\u00b0C ila 50\u00b0C aras\u0131ndaki s\u0131cakl\u0131\u011f\u0131 ve ba\u011f\u0131l nemi izler. Havam\u0131n kalitesini neden \u00f6l\u00e7meliyim? Hava insanlar i\u00e7in vazge\u00e7ilmez bir unsurdur ve sa\u011fl\u0131kl\u0131 hava solumak \u00e7al\u0131\u015fanlar\u0131n sa\u011fl\u0131\u011f\u0131 ve refah\u0131 i\u00e7in gereklidir. Bu, \u00e7al\u0131\u015fanlar\u0131n\u0131z\u0131n &#8230; <\/p>\n<p class=\"read-more-container\"><a title=\"Hava analiz\u00f6rleri\" class=\"read-more button\" href=\"https:\/\/obera.fr\/tr\/produits\/analyseurs-air\/#more-52176\" aria-label=\"Read more about Hava analiz\u00f6rleri\">Lire la suite<\/a><\/p>\n","protected":false},"author":4,"featured_media":83752,"parent":51918,"menu_order":7,"comment_status":"closed","ping_status":"closed","template":"","meta":{"_acf_changed":false,"_seopress_robots_primary_cat":"","_seopress_titles_title":"Retrouvez tous nos analyseurs d\u2019air de la gamme oberA","_seopress_titles_desc":"OberA dispose d\u2019une gamme de 5 analyseurs d\u2019air. Ces appareils ont pour but de r\u00e9v\u00e9ler les diff\u00e9rents param\u00e8tres de l\u2019air pr\u00e9sent sur votre lieu de travail.","_seopress_robots_index":"","footnotes":""},"class_list":{"0":"post-52176","1":"page","2":"type-page","3":"status-publish","4":"has-post-thumbnail","6":"no-featured-image-padding","7":"resize-featured-image"},"acf":[],"_links":{"self":[{"href":"https:\/\/obera.fr\/tr\/wp-json\/wp\/v2\/pages\/52176","targetHints":{"allow":["GET"]}}],"collection":[{"href":"https:\/\/obera.fr\/tr\/wp-json\/wp\/v2\/pages"}],"about":[{"href":"https:\/\/obera.fr\/tr\/wp-json\/wp\/v2\/types\/page"}],"author":[{"embeddable":true,"href":"https:\/\/obera.fr\/tr\/wp-json\/wp\/v2\/users\/4"}],"replies":[{"embeddable":true,"href":"https:\/\/obera.fr\/tr\/wp-json\/wp\/v2\/comments?post=52176"}],"version-history":[{"count":5,"href":"https:\/\/obera.fr\/tr\/wp-json\/wp\/v2\/pages\/52176\/revisions"}],"predecessor-version":[{"id":83905,"href":"https:\/\/obera.fr\/tr\/wp-json\/wp\/v2\/pages\/52176\/revisions\/83905"}],"up":[{"embeddable":true,"href":"https:\/\/obera.fr\/tr\/wp-json\/wp\/v2\/pages\/51918"}],"wp:featuredmedia":[{"embeddable":true,"href":"https:\/\/obera.fr\/tr\/wp-json\/wp\/v2\/media\/83752"}],"wp:attachment":[{"href":"https:\/\/obera.fr\/tr\/wp-json\/wp\/v2\/media?parent=52176"}],"curies":[{"name":"wp","href":"https:\/\/api.w.org\/{rel}","templated":true}]}}