{"id":52199,"date":"2020-08-26T12:33:11","date_gmt":"2020-08-26T10:33:11","guid":{"rendered":"https:\/\/obera.fr\/urunlerimiz\/yag-buhari-filtreleri\/"},"modified":"2025-04-22T09:42:45","modified_gmt":"2025-04-22T07:42:45","slug":"filtres-brouillard-huile","status":"publish","type":"page","link":"https:\/\/obera.fr\/tr\/produits\/filtres-brouillard-huile\/","title":{"rendered":"Ya\u011f buhar\u0131 filtreleri"},"content":{"rendered":"\n<p>Do\u011frudan \u00fcretim makinesine ba\u011flanacak y\u00fcksek performansl\u0131 bir <strong>ya\u011f buhar\u0131<\/strong> filtresi.<\/p>\n\n<h2 class=\"wp-block-heading\" id=\"notre-gamme-de-filtres-a-brouillard-d-huile\">Ya\u011f buhar\u0131 filtreleri yelpazemiz<\/h2>\n\n<div class=\"wp-block-columns is-layout-flex wp-container-core-columns-is-layout-28f84493 wp-block-columns-is-layout-flex\">\n<div class=\"wp-block-column is-vertically-aligned-top is-layout-flow wp-block-column-is-layout-flow\">\n<h3 class=\"wp-block-heading has-text-align-center\" id=\"oilmac\"><a href=\"https:\/\/obera.fr\/tr\/produits\/filtres-brouillard-huile\/oilmac\/\">Oilmac<\/a><\/h3>\n\n\n\n<figure class=\"wp-block-image aligncenter size-medium\"><a href=\"https:\/\/obera.fr\/produits\/filtres-brouillard-huile\/oilmac\/\"><img decoding=\"async\" width=\"300\" height=\"300\" src=\"https:\/\/obera.fr\/wp-content\/uploads\/2020\/08\/filtre-compact-OILMAC-300x300.png\" alt=\"Oilmac Kompakt Filtre\" class=\"wp-image-641\" srcset=\"https:\/\/obera.fr\/wp-content\/uploads\/2020\/08\/filtre-compact-OILMAC-300x300.png 300w, https:\/\/obera.fr\/wp-content\/uploads\/2020\/08\/filtre-compact-OILMAC-150x150.png 150w, https:\/\/obera.fr\/wp-content\/uploads\/2020\/08\/filtre-compact-OILMAC.png 600w\" sizes=\"(max-width: 300px) 100vw, 300px\" \/><\/a><\/figure>\n\n\n\n<p><strong>OILMAC <\/strong>, ya\u011f ve em\u00fclsiyon sislerini, dumanlar\u0131 ve aerosolleri ar\u0131tabilen <a href=\"https:\/\/obera.fr\/tr\/produits\/filtres-brouillard-huile\/oilmac\/\" data-type=\"page\" data-id=\"585\">kompakt, g\u00fc\u00e7l\u00fc bir filtredir<\/a>. \u00dcnite genellikle do\u011frudan \u00fcretim makinesine monte edilir ve esnek bir kanalla ba\u011flan\u0131r.   <\/p>\n\n\n\n<p>HEPA 13 terminal filtresi de dahil olmak \u00fczere d\u00f6rt a\u015famal\u0131 y\u00fcksek performansl\u0131 filtreleme sistemi sayesinde partik\u00fcller %99,95 oran\u0131nda filtrelenir ve hava do\u011frudan \u00e7al\u0131\u015fma alan\u0131na yeniden verilebilir. Filtreler alet kullanmadan de\u011fi\u015ftirilebildi\u011fi i\u00e7in bak\u0131m ihtiyac\u0131 azal\u0131r. <\/p>\n<\/div>\n\n\n\n<div class=\"wp-block-column is-vertically-aligned-top is-layout-flow wp-block-column-is-layout-flow\">\n<h3 class=\"wp-block-heading has-text-align-center\" id=\"afs\"><a href=\"https:\/\/obera.fr\/tr\/produits\/filtres-brouillard-huile\/afs\/\">AFS<\/a><\/h3>\n\n\n\n<figure class=\"wp-block-image aligncenter size-medium\"><a href=\"https:\/\/obera.fr\/produits\/filtres-brouillard-huile\/afs\/\"><img decoding=\"async\" width=\"300\" height=\"300\" src=\"https:\/\/obera.fr\/wp-content\/uploads\/2020\/08\/AFS-installation-centralisee-brouillards-huiles-300x300.png\" alt=\"Afs Installation Centralisee Brouillards Huiles\" class=\"wp-image-643\" srcset=\"https:\/\/obera.fr\/wp-content\/uploads\/2020\/08\/AFS-installation-centralisee-brouillards-huiles-300x300.png 300w, https:\/\/obera.fr\/wp-content\/uploads\/2020\/08\/AFS-installation-centralisee-brouillards-huiles-150x150.png 150w, https:\/\/obera.fr\/wp-content\/uploads\/2020\/08\/AFS-installation-centralisee-brouillards-huiles.png 433w\" sizes=\"(max-width: 300px) 100vw, 300px\" \/><\/a><\/figure>\n\n\n\n<p><strong>AFS<\/strong> <a href=\"https:\/\/obera.fr\/tr\/produits\/filtres-brouillard-huile\/afs\/\" data-type=\"page\" data-id=\"590\">, ya\u011f ve em\u00fclsiyon sisleri, dumanlar ve aerosoller i\u00e7in merkezi bir kurulumdur<\/a>. \u0130\u015fleme merkezlerinize do\u011frudan kurulum i\u00e7in \u00f6zel olarak \u00fcretilmi\u015f bir \u00e7\u00f6z\u00fcmd\u00fcr. Bu \u00fcnite, %99,95 partik\u00fcl filtreleme verimlili\u011fini garanti eden mutlak HEPA 13 tipi bir u\u00e7 filtre de dahil olmak \u00fczere 5 filtreleme a\u015famas\u0131na sahiptir.    <\/p>\n\n\n\n<p>Farkl\u0131 konfig\u00fcrasyonlar m\u00fcmk\u00fcnd\u00fcr: filtrelenmi\u015f havan\u0131n geri d\u00f6n\u00fc\u015f\u00fcm\u00fc ve binaya yeniden verilmesi veya filtrelenmi\u015f havan\u0131n bo\u015falt\u0131lmas\u0131 ve bir \u0131s\u0131 e\u015fanj\u00f6r\u00fc arac\u0131l\u0131\u011f\u0131yla \u0131s\u0131 geri kazan\u0131m\u0131 ile taze hava verilmesi. Her iki konfig\u00fcrasyon da \u00e7\u0131kar\u0131lan hava ak\u0131\u015flar\u0131nda bulunan \u0131s\u0131dan maksimum d\u00fczeyde yararlan\u0131r. <\/p>\n\n\n\n<p><\/p>\n<\/div>\n<\/div>\n\n<div class=\"wp-block-buttons is-horizontal is-content-justification-center is-layout-flex wp-container-core-buttons-is-layout-03627597 wp-block-buttons-is-layout-flex\">\n<div class=\"wp-block-button has-custom-width wp-block-button__width-100\"><a class=\"wp-block-button__link wp-element-button\" href=\"https:\/\/obera.fr\/tr\/bize-ulasin\/\">Daha fazla bilgi edin<\/a><\/div>\n<\/div>\n","protected":false},"excerpt":{"rendered":"<p>Do\u011frudan \u00fcretim makinesine ba\u011flanacak y\u00fcksek performansl\u0131 bir ya\u011f buhar\u0131 filtresi. Ya\u011f buhar\u0131 filtreleri yelpazemiz Oilmac OILMAC , ya\u011f ve em\u00fclsiyon sislerini, dumanlar\u0131 ve aerosolleri ar\u0131tabilen kompakt, g\u00fc\u00e7l\u00fc bir filtredir. \u00dcnite genellikle do\u011frudan \u00fcretim makinesine monte edilir ve esnek bir kanalla ba\u011flan\u0131r. HEPA 13 terminal filtresi de dahil olmak \u00fczere d\u00f6rt a\u015famal\u0131 y\u00fcksek performansl\u0131 filtreleme sistemi sayesinde partik\u00fcller %99,95 oran\u0131nda filtrelenir ve hava do\u011frudan \u00e7al\u0131\u015fma alan\u0131na yeniden verilebilir. Filtreler alet kullanmadan de\u011fi\u015ftirilebildi\u011fi i\u00e7in bak\u0131m ihtiyac\u0131 azal\u0131r. AFS AFS , ya\u011f ve em\u00fclsiyon sisleri, dumanlar ve aerosoller i\u00e7in merkezi bir kurulumdur. \u0130\u015fleme merkezlerinize do\u011frudan kurulum i\u00e7in \u00f6zel olarak \u00fcretilmi\u015f bir \u00e7\u00f6z\u00fcmd\u00fcr. Bu &#8230; <\/p>\n<p class=\"read-more-container\"><a title=\"Ya\u011f buhar\u0131 filtreleri\" class=\"read-more button\" href=\"https:\/\/obera.fr\/tr\/produits\/filtres-brouillard-huile\/#more-52199\" aria-label=\"Read more about Ya\u011f buhar\u0131 filtreleri\">Lire la suite<\/a><\/p>\n","protected":false},"author":4,"featured_media":83752,"parent":51918,"menu_order":10,"comment_status":"closed","ping_status":"closed","template":"","meta":{"_acf_changed":false,"_seopress_robots_primary_cat":"","_seopress_titles_title":"End\u00fcstriyel ya\u011f buhar\u0131 filtreleri - oberA","_seopress_titles_desc":"Do\u011frudan \u00fcretim makinesine ba\u011flanacak y\u00fcksek performansl\u0131 ya\u011f buhar\u0131 filtreleri serimizi, OILMAC ve AFS'yi ke\u015ffedin.","_seopress_robots_index":"","footnotes":""},"class_list":{"0":"post-52199","1":"page","2":"type-page","3":"status-publish","4":"has-post-thumbnail","6":"no-featured-image-padding","7":"resize-featured-image"},"acf":[],"_links":{"self":[{"href":"https:\/\/obera.fr\/tr\/wp-json\/wp\/v2\/pages\/52199","targetHints":{"allow":["GET"]}}],"collection":[{"href":"https:\/\/obera.fr\/tr\/wp-json\/wp\/v2\/pages"}],"about":[{"href":"https:\/\/obera.fr\/tr\/wp-json\/wp\/v2\/types\/page"}],"author":[{"embeddable":true,"href":"https:\/\/obera.fr\/tr\/wp-json\/wp\/v2\/users\/4"}],"replies":[{"embeddable":true,"href":"https:\/\/obera.fr\/tr\/wp-json\/wp\/v2\/comments?post=52199"}],"version-history":[{"count":3,"href":"https:\/\/obera.fr\/tr\/wp-json\/wp\/v2\/pages\/52199\/revisions"}],"predecessor-version":[{"id":83944,"href":"https:\/\/obera.fr\/tr\/wp-json\/wp\/v2\/pages\/52199\/revisions\/83944"}],"up":[{"embeddable":true,"href":"https:\/\/obera.fr\/tr\/wp-json\/wp\/v2\/pages\/51918"}],"wp:featuredmedia":[{"embeddable":true,"href":"https:\/\/obera.fr\/tr\/wp-json\/wp\/v2\/media\/83752"}],"wp:attachment":[{"href":"https:\/\/obera.fr\/tr\/wp-json\/wp\/v2\/media?parent=52199"}],"curies":[{"name":"wp","href":"https:\/\/api.w.org\/{rel}","templated":true}]}}