{"id":63131,"date":"2020-05-01T20:06:12","date_gmt":"2020-05-01T18:06:12","guid":{"rendered":"https:\/\/obera.fr\/bize-ulasin\/merci\/"},"modified":"2025-03-07T11:40:45","modified_gmt":"2025-03-07T09:40:45","slug":"merci","status":"publish","type":"page","link":"https:\/\/obera.fr\/tr\/contact\/merci\/","title":{"rendered":"Te\u015fekk\u00fcr ederim."},"content":{"rendered":"\n<p>Te\u015fekk\u00fcrler, mesaj\u0131n\u0131z g\u00f6nderildi.<\/p>\n","protected":false},"excerpt":{"rendered":"<p>Te\u015fekk\u00fcrler, mesaj\u0131n\u0131z g\u00f6nderildi.<\/p>\n","protected":false},"author":4,"featured_media":0,"parent":51910,"menu_order":0,"comment_status":"closed","ping_status":"closed","template":"","meta":{"_acf_changed":false,"_seopress_robots_primary_cat":"","_seopress_titles_title":"","_seopress_titles_desc":"","_seopress_robots_index":"Evet.","footnotes":""},"class_list":{"0":"post-63131","1":"page","2":"type-page","3":"status-publish","5":"no-featured-image-padding"},"acf":[],"_links":{"self":[{"href":"https:\/\/obera.fr\/tr\/wp-json\/wp\/v2\/pages\/63131","targetHints":{"allow":["GET"]}}],"collection":[{"href":"https:\/\/obera.fr\/tr\/wp-json\/wp\/v2\/pages"}],"about":[{"href":"https:\/\/obera.fr\/tr\/wp-json\/wp\/v2\/types\/page"}],"author":[{"embeddable":true,"href":"https:\/\/obera.fr\/tr\/wp-json\/wp\/v2\/users\/4"}],"replies":[{"embeddable":true,"href":"https:\/\/obera.fr\/tr\/wp-json\/wp\/v2\/comments?post=63131"}],"version-history":[{"count":1,"href":"https:\/\/obera.fr\/tr\/wp-json\/wp\/v2\/pages\/63131\/revisions"}],"predecessor-version":[{"id":63133,"href":"https:\/\/obera.fr\/tr\/wp-json\/wp\/v2\/pages\/63131\/revisions\/63133"}],"up":[{"embeddable":true,"href":"https:\/\/obera.fr\/tr\/wp-json\/wp\/v2\/pages\/51910"}],"wp:attachment":[{"href":"https:\/\/obera.fr\/tr\/wp-json\/wp\/v2\/media?parent=63131"}],"curies":[{"name":"wp","href":"https:\/\/api.w.org\/{rel}","templated":true}]}}