{"id":42658,"date":"2024-05-07T09:41:18","date_gmt":"2024-05-07T07:41:18","guid":{"rendered":"https:\/\/obera.fr\/%d0%bd%d0%b0%d1%88%d0%b0-%d0%bf%d1%80%d0%be%d0%b4%d1%83%d0%ba%d1%86%d1%96%d1%8f\/%d0%bc%d0%be%d0%b1%d1%96%d0%bb%d1%8c%d0%bd%d1%96-%d0%b2%d1%96%d0%b4%d1%81%d0%bc%d0%be%d0%ba%d1%82%d1%83%d0%b2%d0%b0%d1%87%d1%96\/epurbox-tb\/"},"modified":"2025-06-30T13:59:42","modified_gmt":"2025-06-30T11:59:42","slug":"epurbox-tb","status":"publish","type":"page","link":"https:\/\/obera.fr\/uk\/produits\/caissons-mobiles-aspiration\/epurbox-tb\/","title":{"rendered":"ePURBox TB"},"content":{"rendered":"\n<p><\/p>\n\n<div class=\"wp-block-columns is-layout-flex wp-container-core-columns-is-layout-28f84493 wp-block-columns-is-layout-flex\">\n<div class=\"wp-block-column is-layout-flow wp-block-column-is-layout-flow\" style=\"flex-basis:33.33%\">\n<figure class=\"wp-block-image aligncenter size-full\"><img decoding=\"async\" width=\"1200\" height=\"1200\" src=\"https:\/\/obera.fr\/wp-content\/uploads\/2024\/05\/epurbox-tb.png\" alt=\"epurbox tb\" class=\"wp-image-30359\" srcset=\"https:\/\/obera.fr\/wp-content\/uploads\/2024\/05\/epurbox-tb.png 1200w, https:\/\/obera.fr\/wp-content\/uploads\/2024\/05\/epurbox-tb-300x300.png 300w, https:\/\/obera.fr\/wp-content\/uploads\/2024\/05\/epurbox-tb-1024x1024.png 1024w, https:\/\/obera.fr\/wp-content\/uploads\/2024\/05\/epurbox-tb-150x150.png 150w, https:\/\/obera.fr\/wp-content\/uploads\/2024\/05\/epurbox-tb-768x768.png 768w\" sizes=\"(max-width: 1200px) 100vw, 1200px\" \/><\/figure>\n<\/div>\n\n\n\n<div class=\"wp-block-column is-layout-flow wp-block-column-is-layout-flow\" style=\"flex-basis:66.66%\">\n<p>\u041e\u0447\u0438\u0449\u0435\u043d\u043d\u044f \u0433\u0430\u0437\u0456\u0432, \u0437\u0430\u043f\u0430\u0445\u0456\u0432, \u0440\u043e\u0437\u0447\u0438\u043d\u043d\u0438\u043a\u0456\u0432, \u043f\u0438\u043b\u0443 \u0442\u0430 \u0434\u0438\u043c\u0443.<\/p>\n\n\n\n<div class=\"wp-block-columns is-layout-flex wp-container-core-columns-is-layout-28f84493 wp-block-columns-is-layout-flex\">\n<div class=\"wp-block-column is-vertically-aligned-bottom is-layout-flow wp-block-column-is-layout-flow\" style=\"flex-basis:33.34%\">\n<div class=\"wp-block-buttons is-content-justification-center is-layout-flex wp-container-core-buttons-is-layout-098cc607 wp-block-buttons-is-layout-flex\">\n<div class=\"wp-block-button\"><a class=\"wp-block-button__link wp-element-button\" href=\"https:\/\/obera.fr\/wp-content\/uploads\/2025\/06\/caisson-mobile-atex-sortie-tubee-fr.pdf\">\u0417\u0430\u0432\u0430\u043d\u0442\u0430\u0436\u0438\u0442\u0438 \u0431\u0440\u043e\u0448\u0443\u0440\u0443<\/a><\/div>\n<\/div>\n<\/div>\n\n\n\n<div class=\"wp-block-column is-vertically-aligned-bottom is-layout-flow wp-block-column-is-layout-flow\" style=\"flex-basis:33.34%\">\n<div class=\"wp-block-buttons is-horizontal is-content-justification-center is-layout-flex wp-container-core-buttons-is-layout-03627597 wp-block-buttons-is-layout-flex\">\n<div class=\"wp-block-button has-custom-width wp-block-button__width-100\"><a class=\"wp-block-button__link wp-element-button\" href=\"https:\/\/obera.fr\/uk\/%D0%B7%D0%B2%D1%8F%D0%B6%D1%96%D1%82%D1%8C%D1%81%D1%8F-%D0%B7-%D0%BD%D0%B0%D0%BC%D0%B8\/\">\u0414\u0456\u0437\u043d\u0430\u0439\u0442\u0435\u0441\u044c \u0431\u0456\u043b\u044c\u0448\u0435<\/a><\/div>\n<\/div>\n<\/div>\n\n\n\n<div class=\"wp-block-column is-layout-flow wp-block-column-is-layout-flow\" style=\"flex-basis:33.33%\">\n<div class=\"wp-block-buttons is-content-justification-center is-layout-flex wp-container-core-buttons-is-layout-a89b3969 wp-block-buttons-is-layout-flex\">\n<div class=\"wp-block-button btn-devis-source\"><a class=\"wp-block-button__link wp-element-button\" href=\"https:\/\/obera.fr\/uk\/devis\/\">\u0417\u0430\u043f\u0440\u043e\u0441\u0438\u0442\u0438 \u043f\u0440\u043e\u043f\u043e\u0437\u0438\u0446\u0456\u044e<\/a><\/div>\n<\/div>\n\n\n<script>\r\ndocument.addEventListener('DOMContentLoaded', function() {\r\n    \/\/ 1. On cherche le titre H1 de la page\r\n    var h1 = document.querySelector('h1');\r\n    var productTitle = h1 ? h1.innerText.trim() : \"\";\r\n\r\n    \/\/ 2. On cherche les boutons via la classe CSS .btn-devis-source\r\n    var buttons = document.querySelectorAll('.btn-devis-source a');\r\n\r\n    \/\/ 3. Si on a le titre et les boutons, on ajoute le param\u00e8tre\r\n    if (buttons.length > 0 && productTitle !== \"\") {\r\n        var encodedTitle = encodeURIComponent(productTitle);\r\n\r\n        buttons.forEach(function(btn) {\r\n            var currentHref = btn.getAttribute('href');\r\n            \r\n            \/\/ S\u00e9curit\u00e9 pour ne pas ajouter le param\u00e8tre 2 fois\r\n            if (currentHref.indexOf('sujet=') === -1) {\r\n                var separator = currentHref.indexOf('?') !== -1 ? '&' : '?';\r\n                var newLink = currentHref + separator + 'sujet=' + encodedTitle;\r\n                \r\n                btn.setAttribute('href', newLink);\r\n            }\r\n        });\r\n    }\r\n});\r\n<\/script><\/div>\n<\/div>\n<\/div>\n<\/div>\n\n<div class=\"wp-block-columns is-layout-flex wp-container-core-columns-is-layout-28f84493 wp-block-columns-is-layout-flex\">\n<div class=\"wp-block-column is-layout-flow wp-block-column-is-layout-flow\">\n<h2 class=\"wp-block-heading has-text-align-center\">\u041f\u0435\u0440\u0435\u0432\u0430\u0433\u0438<\/h2>\n\n\n\n<ul class=\"wp-block-list\">\n<li>\u0414\u0443\u0436\u0435 \u0432\u0438\u0441\u043e\u043a\u043e\u0435\u0444\u0435\u043a\u0442\u0438\u0432\u043d\u0438\u0439 \u0432\u0435\u043d\u0442\u0438\u043b\u044f\u0442\u043e\u0440<\/li>\n\n\n\n<li>\u0413\u043b\u0443\u0448\u043d\u0438\u043a<\/li>\n\n\n\n<li>\u041c\u043e\u0431\u0456\u043b\u044c\u043d\u0438\u0439, \u043b\u0435\u0433\u043a\u0438\u0439, \u043f\u0440\u043e\u0441\u0442\u0438\u0439 \u0443 \u0432\u0438\u043a\u043e\u0440\u0438\u0441\u0442\u0430\u043d\u043d\u0456<\/li>\n\n\n\n<li>\u041d\u0435\u0432\u0435\u043b\u0438\u043a\u0430 \u043f\u043b\u043e\u0449\u0430<\/li>\n\n\n\n<li>\u041f\u0440\u043e\u0441\u0442\u0435 \u043e\u0431\u0441\u043b\u0443\u0433\u043e\u0432\u0443\u0432\u0430\u043d\u043d\u044f \u0444\u0456\u043b\u044c\u0442\u0440\u0430<\/li>\n\n\n\n<li>\u0428\u0432\u0438\u0434\u043a\u0456\u0441\u0442\u044c \u043f\u043e\u0442\u043e\u043a\u0443 \u0440\u0435\u0433\u0443\u043b\u044e\u0454\u0442\u044c\u0441\u044f \u0432\u0456\u0434 0 \u0434\u043e 100%.<\/li>\n\n\n\n<li>\u0421\u0438\u0441\u0442\u0435\u043c\u0430 Plug &amp; Play<\/li>\n<\/ul>\n\n\n\n<p><\/p>\n<\/div>\n\n\n\n<div class=\"wp-block-column is-layout-flow wp-block-column-is-layout-flow\">\n<h2 class=\"wp-block-heading has-text-align-center\">\u041e\u0441\u043e\u0431\u043b\u0438\u0432\u043e\u0441\u0442\u0456<\/h2>\n\n\n\n<ul class=\"wp-block-list\">\n<li>\u041b\u0435\u0433\u043a\u0430 \u0437\u0430\u043c\u0456\u043d\u0430 \u0444\u0456\u043b\u044c\u0442\u0440\u0443\u0432\u0430\u043b\u044c\u043d\u0438\u0445 \u043c\u0430\u0442\u0435\u0440\u0456\u0430\u043b\u0456\u0432<\/li>\n\n\n\n<li>\u041c\u043e\u0434\u0435\u0440\u043d\u0456\u0437\u0430\u0446\u0456\u044f \u0442\u0430 \u043a\u043e\u043d\u0444\u0456\u0433\u0443\u0440\u0430\u0446\u0456\u044f<\/li>\n\n\n\n<li>Atex 2 \u0433\u0430\u0437 \/ Atex 22 \u043f\u0438\u043b<\/li>\n\n\n\n<li>\u0412\u0438\u0441\u043e\u043a\u0430 \u0430\u0434\u0441\u043e\u0440\u0431\u0446\u0456\u0439\u043d\u0430 \u0437\u0434\u0430\u0442\u043d\u0456\u0441\u0442\u044c<\/li>\n\n\n\n<li>\u041b\u0456\u0447\u0438\u043b\u044c\u043d\u0438\u043a \u0433\u043e\u0434\u0438\u043d<\/li>\n\n\n\n<li>\u0406\u043d\u0434\u0438\u043a\u0430\u0442\u043e\u0440 \u0437\u0430\u0431\u0440\u0443\u0434\u043d\u0435\u043d\u043d\u044f \u0444\u0456\u043b\u044c\u0442\u0440\u0430<\/li>\n\n\n\n<li>220V<\/li>\n<\/ul>\n\n\n\n<p><\/p>\n<\/div>\n\n\n\n<div class=\"wp-block-column is-layout-flow wp-block-column-is-layout-flow\">\n<h2 class=\"wp-block-heading has-text-align-center\">\u041e\u0441\u043e\u0431\u043b\u0438\u0432\u043e\u0441\u0442\u0456<\/h2>\n\n\n\n<ul class=\"wp-block-list\">\n<li>\u041c\u0430\u043a\u0441\u0438\u043c\u0430\u043b\u044c\u043d\u0430 \u0432\u0438\u0442\u0440\u0430\u0442\u0430 1200 \u043c3\/\u0433\u043e\u0434<\/li>\n\n\n\n<li>\u0414\u0456\u0430\u043c\u0435\u0442\u0440 \u0432\u0445\u0456\u0434\u043d\u043e\u0433\u043e \u043e\u0442\u0432\u043e\u0440\u0443 140 \u043c\u043c<\/li>\n\n\n\n<li>\u041c\u0430\u043a\u0441\u0438\u043c\u0430\u043b\u044c\u043d\u0438\u0439 \u0432\u0430\u043a\u0443\u0443\u043c 1350 \u041f\u0430<\/li>\n\n\n\n<li>\u041d\u043e\u043c\u0456\u043d\u0430\u043b\u044c\u043d\u0430 \u043f\u043e\u0442\u0443\u0436\u043d\u0456\u0441\u0442\u044c 0,75 \u043a\u0412\u0442<\/li>\n\n\n\n<li>15 \u043a\u0433 \u0444\u0456\u043b\u044c\u0442\u0440 \u0437 \u0430\u043a\u0442\u0438\u0432\u043e\u0432\u0430\u043d\u0438\u043c \u0432\u0443\u0433\u0456\u043b\u043b\u044f\u043c<\/li>\n\n\n\n<li>\u0420\u043e\u0437\u043c\u0456\u0440\u0438: 700 x 710 x 1060 \u043c\u043c<\/li>\n\n\n\n<li>\u0412\u0430\u0433\u0430 90 \u043a\u0433<\/li>\n\n\n\n<li>\u0420\u0456\u0432\u0435\u043d\u044c \u0448\u0443\u043c\u0443 68 \u0434\u0411<\/li>\n<\/ul>\n\n\n\n<p><\/p>\n<\/div>\n<\/div>\n\n<div class=\"wp-block-columns is-layout-flex wp-container-core-columns-is-layout-28f84493 wp-block-columns-is-layout-flex\">\n<div class=\"wp-block-column is-layout-flow wp-block-column-is-layout-flow\" style=\"flex-basis:25%\"><\/div>\n\n\n\n<div class=\"wp-block-column is-layout-flow wp-block-column-is-layout-flow\" style=\"flex-basis:50%\">\n<figure class=\"wp-block-embed is-type-video is-provider-youtube wp-block-embed-youtube wp-embed-aspect-16-9 wp-has-aspect-ratio\"><div class=\"wp-block-embed__wrapper\">\n<iframe title=\"Caisson mobile d&#039;aspiration - ePURbox Atex - OberA\" width=\"1200\" height=\"675\" src=\"https:\/\/www.youtube.com\/embed\/vpDttbOwJGQ?feature=oembed\" frameborder=\"0\" allow=\"accelerometer; autoplay; clipboard-write; encrypted-media; gyroscope; picture-in-picture; web-share\" referrerpolicy=\"strict-origin-when-cross-origin\" allowfullscreen><\/iframe>\n<\/div><\/figure>\n\n\n\n<p><\/p>\n<\/div>\n\n\n\n<div class=\"wp-block-column is-layout-flow wp-block-column-is-layout-flow\" style=\"flex-basis:25%\"><\/div>\n<\/div>\n\n<h2 class=\"wp-block-heading\">\u0414\u043e\u0434\u0430\u0442\u043a\u0438<\/h2>\n\n<div class=\"wp-block-columns is-layout-flex wp-container-core-columns-is-layout-28f84493 wp-block-columns-is-layout-flex\">\n<div class=\"wp-block-column is-layout-flow wp-block-column-is-layout-flow\">\n<h3 class=\"wp-block-heading has-text-align-center\">\u0417\u0430\u0431\u0440\u0443\u0434\u043d\u044e\u044e\u0447\u0456 \u0440\u0435\u0447\u043e\u0432\u0438\u043d\u0438<\/h3>\n\n\n\n<hr class=\"wp-block-separator has-css-opacity is-style-wide\"\/>\n\n\n\n<div class=\"wp-block-columns is-layout-flex wp-container-core-columns-is-layout-28f84493 wp-block-columns-is-layout-flex\">\n<div class=\"wp-block-column is-layout-flow wp-block-column-is-layout-flow\">\n<figure class=\"wp-block-image aligncenter size-large\"><img decoding=\"async\" width=\"70\" height=\"70\" src=\"https:\/\/obera.fr\/wp-content\/uploads\/2020\/08\/polluants-poussieres.jpg\" alt=\"&#x417;&#x430;&#x431;&#x440;&#x443;&#x434;&#x43D;&#x44E;&#x44E;&#x447;&#x456; &#x440;&#x435;&#x447;&#x43E;&#x432;&#x438;&#x43D;&#x438; &#x41F;&#x438;&#x43B;\" class=\"wp-image-675\"\/><figcaption class=\"wp-element-caption\">\u041f\u0438\u043b<\/figcaption><\/figure>\n\n\n\n<figure class=\"wp-block-image aligncenter size-large\"><img decoding=\"async\" width=\"70\" height=\"70\" src=\"https:\/\/obera.fr\/wp-content\/uploads\/2020\/08\/polluants-copeaux-bois.jpg\" alt=\"&#x417;&#x430;&#x431;&#x440;&#x443;&#x434;&#x43D;&#x44E;&#x44E;&#x447;&#x456; &#x440;&#x435;&#x447;&#x43E;&#x432;&#x438;&#x43D;&#x438; &#x414;&#x435;&#x440;&#x435;&#x432;&#x43D;&#x430; &#x442;&#x440;&#x456;&#x441;&#x43A;&#x430;\" class=\"wp-image-674\"\/><figcaption class=\"wp-element-caption\">\u0427\u0456\u043f\u0441\u0438.<\/figcaption><\/figure>\n<\/div>\n\n\n\n<div class=\"wp-block-column is-layout-flow wp-block-column-is-layout-flow\">\n<figure class=\"wp-block-image aligncenter size-large\"><img decoding=\"async\" width=\"70\" height=\"70\" src=\"https:\/\/obera.fr\/wp-content\/uploads\/2020\/08\/industrie-fumees.jpg\" alt=\"&#x41F;&#x440;&#x43E;&#x43C;&#x438;&#x441;&#x43B;&#x43E;&#x432;&#x438;&#x439; &#x434;&#x438;&#x43C;\" class=\"wp-image-722\"\/><figcaption class=\"wp-element-caption\">\u0412\u0438\u043f\u0430\u0440\u0438<\/figcaption><\/figure>\n<\/div>\n<\/div>\n\n\n\n<p><\/p>\n<\/div>\n\n\n\n<div class=\"wp-block-column is-layout-flow wp-block-column-is-layout-flow\">\n<h3 class=\"wp-block-heading has-text-align-center\">\u0413\u0430\u043b\u0443\u0437\u0456 \u043f\u0440\u043e\u043c\u0438\u0441\u043b\u043e\u0432\u043e\u0441\u0442\u0456<\/h3>\n\n\n\n<hr class=\"wp-block-separator has-css-opacity is-style-wide\"\/>\n\n\n\n<div class=\"wp-block-columns is-layout-flex wp-container-core-columns-is-layout-28f84493 wp-block-columns-is-layout-flex\">\n<div class=\"wp-block-column is-layout-flow wp-block-column-is-layout-flow\">\n<figure class=\"wp-block-image aligncenter size-large\"><img decoding=\"async\" width=\"70\" height=\"70\" src=\"https:\/\/obera.fr\/wp-content\/uploads\/2020\/08\/industrie-metallurgie.jpg\" alt=\"&#x41C;&#x435;&#x442;&#x430;&#x43B;&#x443;&#x440;&#x433;&#x456;&#x439;&#x43D;&#x430; &#x43F;&#x440;&#x43E;&#x43C;&#x438;&#x441;&#x43B;&#x43E;&#x432;&#x456;&#x441;&#x442;&#x44C;\" class=\"wp-image-673\"\/><figcaption class=\"wp-element-caption\">\u041c\u0435\u0442\u0430\u043b\u0443\u0440\u0433\u0456\u044f<\/figcaption><\/figure>\n<\/div>\n\n\n\n<div class=\"wp-block-column is-layout-flow wp-block-column-is-layout-flow\">\n<figure class=\"wp-block-image aligncenter size-large\"><img decoding=\"async\" width=\"70\" height=\"70\" src=\"https:\/\/obera.fr\/wp-content\/uploads\/2020\/08\/industrie-plastique.jpg\" alt=\"&#x41F;&#x440;&#x43E;&#x43C;&#x438;&#x441;&#x43B;&#x43E;&#x432;&#x456;&#x441;&#x442;&#x44C; &#x43F;&#x43B;&#x430;&#x441;&#x442;&#x43C;&#x430;&#x441;\" class=\"wp-image-669\"\/><figcaption class=\"wp-element-caption\">\u041f\u043b\u0430\u0441\u0442\u043c\u0430\u0441\u0438<\/figcaption><\/figure>\n<\/div>\n<\/div>\n<\/div>\n<\/div>\n\n<div class=\"wp-block-buttons is-horizontal is-content-justification-center is-layout-flex wp-container-core-buttons-is-layout-03627597 wp-block-buttons-is-layout-flex\">\n<div class=\"wp-block-button has-custom-width wp-block-button__width-100\"><a class=\"wp-block-button__link wp-element-button\" href=\"https:\/\/obera.fr\/uk\/%D0%B7%D0%B2%D1%8F%D0%B6%D1%96%D1%82%D1%8C%D1%81%D1%8F-%D0%B7-%D0%BD%D0%B0%D0%BC%D0%B8\/\">\u0414\u0456\u0437\u043d\u0430\u0439\u0442\u0435\u0441\u044c \u0431\u0456\u043b\u044c\u0448\u0435<\/a><\/div>\n<\/div>\n\n<hr class=\"wp-block-separator has-css-opacity is-style-dots\"\/>\n\n<p><\/p>\n","protected":false},"excerpt":{"rendered":"<p>\u041e\u0447\u0438\u0449\u0435\u043d\u043d\u044f \u0433\u0430\u0437\u0456\u0432, \u0437\u0430\u043f\u0430\u0445\u0456\u0432, \u0440\u043e\u0437\u0447\u0438\u043d\u043d\u0438\u043a\u0456\u0432, \u043f\u0438\u043b\u0443 \u0442\u0430 \u0434\u0438\u043c\u0443. \u041f\u0435\u0440\u0435\u0432\u0430\u0433\u0438 \u041e\u0441\u043e\u0431\u043b\u0438\u0432\u043e\u0441\u0442\u0456 \u041e\u0441\u043e\u0431\u043b\u0438\u0432\u043e\u0441\u0442\u0456 \u0414\u043e\u0434\u0430\u0442\u043a\u0438 \u0417\u0430\u0431\u0440\u0443\u0434\u043d\u044e\u044e\u0447\u0456 \u0440\u0435\u0447\u043e\u0432\u0438\u043d\u0438 \u0413\u0430\u043b\u0443\u0437\u0456 \u043f\u0440\u043e\u043c\u0438\u0441\u043b\u043e\u0432\u043e\u0441\u0442\u0456<\/p>\n","protected":false},"author":4,"featured_media":83753,"parent":39641,"menu_order":0,"comment_status":"closed","ping_status":"closed","template":"","meta":{"_acf_changed":false,"_seopress_robots_primary_cat":"","_seopress_titles_title":"Caissons mobile d'aspiration ePURBOX TB - oberA","_seopress_titles_desc":"D\u00e9couvrez notre Caissons mobile d'aspiration ePURBOX TB par  oberA expert en caisson mobile d'aspiration","_seopress_robots_index":"","footnotes":""},"class_list":{"0":"post-42658","1":"page","2":"type-page","3":"status-publish","4":"has-post-thumbnail","6":"no-featured-image-padding","7":"resize-featured-image"},"acf":[],"_links":{"self":[{"href":"https:\/\/obera.fr\/uk\/wp-json\/wp\/v2\/pages\/42658","targetHints":{"allow":["GET"]}}],"collection":[{"href":"https:\/\/obera.fr\/uk\/wp-json\/wp\/v2\/pages"}],"about":[{"href":"https:\/\/obera.fr\/uk\/wp-json\/wp\/v2\/types\/page"}],"author":[{"embeddable":true,"href":"https:\/\/obera.fr\/uk\/wp-json\/wp\/v2\/users\/4"}],"replies":[{"embeddable":true,"href":"https:\/\/obera.fr\/uk\/wp-json\/wp\/v2\/comments?post=42658"}],"version-history":[{"count":9,"href":"https:\/\/obera.fr\/uk\/wp-json\/wp\/v2\/pages\/42658\/revisions"}],"predecessor-version":[{"id":117154,"href":"https:\/\/obera.fr\/uk\/wp-json\/wp\/v2\/pages\/42658\/revisions\/117154"}],"up":[{"embeddable":true,"href":"https:\/\/obera.fr\/uk\/wp-json\/wp\/v2\/pages\/39641"}],"wp:featuredmedia":[{"embeddable":true,"href":"https:\/\/obera.fr\/uk\/wp-json\/wp\/v2\/media\/83753"}],"wp:attachment":[{"href":"https:\/\/obera.fr\/uk\/wp-json\/wp\/v2\/media?parent=42658"}],"curies":[{"name":"wp","href":"https:\/\/api.w.org\/{rel}","templated":true}]}}