{"id":47011,"date":"2020-11-11T20:39:11","date_gmt":"2020-11-11T18:39:11","guid":{"rendered":"https:\/\/obera.fr\/%d0%bc%d0%b0%d0%bb%d0%b8%d0%b9-%d0%bf%d0%b8%d0%bb%d0%be%d0%b7%d0%b1%d1%96%d1%80%d0%bd%d0%b8%d0%ba-jumbo\/"},"modified":"2025-06-29T21:34:39","modified_gmt":"2025-06-29T19:34:39","slug":"jumbo","status":"publish","type":"page","link":"https:\/\/obera.fr\/uk\/produits\/depoussiereurs-industriels\/petits\/jumbo\/","title":{"rendered":"\u041c\u0430\u043b\u0438\u0439 \u043f\u0438\u043b\u043e\u0437\u0431\u0456\u0440\u043d\u0438\u043a Jumbo"},"content":{"rendered":"\n<div class=\"wp-block-columns is-layout-flex wp-container-core-columns-is-layout-28f84493 wp-block-columns-is-layout-flex\">\n<div class=\"wp-block-column is-layout-flow wp-block-column-is-layout-flow\" style=\"flex-basis:33.33%\">\n<figure class=\"wp-block-image aligncenter size-medium\"><img decoding=\"async\" width=\"300\" height=\"300\" src=\"https:\/\/obera.fr\/wp-content\/uploads\/2020\/10\/jumbo-300x300.png\" alt=\"&#x414;&#x436;&#x430;&#x43C;&#x431;&#x43E;!\" class=\"wp-image-1171\" srcset=\"https:\/\/obera.fr\/wp-content\/uploads\/2020\/10\/jumbo-300x300.png 300w, https:\/\/obera.fr\/wp-content\/uploads\/2020\/10\/jumbo-150x150.png 150w, https:\/\/obera.fr\/wp-content\/uploads\/2020\/10\/jumbo.png 500w\" sizes=\"(max-width: 300px) 100vw, 300px\" \/><\/figure>\n<\/div>\n\n\n\n<div class=\"wp-block-column is-layout-flow wp-block-column-is-layout-flow\" style=\"flex-basis:66.66%\">\n<p>\u0426\u0435\u0439 \u043d\u0435\u0432\u0435\u043b\u0438\u043a\u0438\u0439 \u043f\u0438\u043b\u043e\u0437\u0431\u0456\u0440\u043d\u0438\u043a \u043f\u0456\u0434\u0445\u043e\u0434\u0438\u0442\u044c \u0434\u043b\u044f \u0448\u0438\u0440\u043e\u043a\u043e\u0433\u043e \u0441\u043f\u0435\u043a\u0442\u0440\u0443 \u0437\u0430\u0441\u0442\u043e\u0441\u0443\u0432\u0430\u043d\u044c. \u0417\u0430\u0432\u0434\u044f\u043a\u0438 \u043f\u043e\u0442\u0443\u0436\u043d\u043e\u0441\u0442\u0456 \u0432\u0441\u043c\u043e\u043a\u0442\u0443\u0432\u0430\u043d\u043d\u044f \u0432\u0456\u043d \u043c\u043e\u0436\u0435 \u043e\u0431\u0441\u043b\u0443\u0433\u043e\u0432\u0443\u0432\u0430\u0442\u0438 \u0432\u0456\u0434 1 \u0434\u043e 2 \u0440\u043e\u0431\u043e\u0447\u0438\u0445 \u043c\u0456\u0441\u0446\u044c \u043e\u0434\u043d\u043e\u0447\u0430\u0441\u043d\u043e.<\/p>\n\n\n\n<p>\u0412\u0456\u043d \u043e\u0441\u043e\u0431\u043b\u0438\u0432\u043e \u0434\u043e\u0431\u0440\u0435 \u043f\u0456\u0434\u0445\u043e\u0434\u0438\u0442\u044c \u0434\u043b\u044f \u0442\u0430\u043a\u0438\u0445 \u0437\u0430\u0431\u0440\u0443\u0434\u043d\u044e\u0432\u0430\u0447\u0456\u0432, \u044f\u043a \u0434\u0440\u0456\u0431\u043d\u0438\u0439 \u0456 \u0432\u0435\u043b\u0438\u043a\u0438\u0439 \u043f\u0438\u043b, \u0434\u0438\u043c, \u043f\u0430\u0440\u0438 \u0456 \u0437\u0430\u043f\u0430\u0445\u0438.<\/p>\n\n\n\n<p>Jumbo \u0437\u0430\u043c\u0456\u043d\u044e\u0454 \u043d\u0430\u0448 \u0441\u0442\u0430\u0440\u0438\u0439 \u043c\u043e\u0431\u0456\u043b\u044c\u043d\u0438\u0439 \u0432\u0456\u0434\u0441\u043c\u043e\u043a\u0442\u0443\u0432\u0430\u0447 Obam.  <\/p>\n\n\n\n<div style=\"height:15px\" aria-hidden=\"true\" class=\"wp-block-spacer\"><\/div>\n\n\n\n<div class=\"wp-block-columns is-layout-flex wp-container-core-columns-is-layout-28f84493 wp-block-columns-is-layout-flex\">\n<div class=\"wp-block-column is-layout-flow wp-block-column-is-layout-flow\" style=\"flex-basis:33.34%\">\n<div class=\"wp-block-buttons is-content-justification-center is-layout-flex wp-container-core-buttons-is-layout-a89b3969 wp-block-buttons-is-layout-flex\">\n<div class=\"wp-block-button\"><a class=\"wp-block-button__link wp-element-button\" href=\"https:\/\/obera.fr\/wp-content\/uploads\/2025\/04\/jumbo-.pdf\">\u0417\u0430\u0432\u0430\u043d\u0442\u0430\u0436\u0438\u0442\u0438 \u0431\u0440\u043e\u0448\u0443\u0440\u0443<\/a><\/div>\n<\/div>\n<\/div>\n\n\n\n<div class=\"wp-block-column is-layout-flow wp-block-column-is-layout-flow\" style=\"flex-basis:33.34%\">\n<div class=\"wp-block-buttons is-horizontal is-content-justification-center is-layout-flex wp-container-core-buttons-is-layout-03627597 wp-block-buttons-is-layout-flex\">\n<div class=\"wp-block-button has-custom-width wp-block-button__width-100\"><a class=\"wp-block-button__link wp-element-button\" href=\"https:\/\/obera.fr\/uk\/%D0%B7%D0%B2%D1%8F%D0%B6%D1%96%D1%82%D1%8C%D1%81%D1%8F-%D0%B7-%D0%BD%D0%B0%D0%BC%D0%B8\/\">\u0414\u0456\u0437\u043d\u0430\u0439\u0442\u0435\u0441\u044c \u0431\u0456\u043b\u044c\u0448\u0435<\/a><\/div>\n<\/div>\n<\/div>\n\n\n\n<div class=\"wp-block-column is-layout-flow wp-block-column-is-layout-flow\" style=\"flex-basis:33.33%\">\n<div class=\"wp-block-buttons is-content-justification-center is-layout-flex wp-container-core-buttons-is-layout-a89b3969 wp-block-buttons-is-layout-flex\">\n<div class=\"wp-block-button btn-devis-source\"><a class=\"wp-block-button__link wp-element-button\" href=\"https:\/\/obera.fr\/uk\/devis\/\">\u0417\u0430\u043f\u0440\u043e\u0441\u0438\u0442\u0438 \u043f\u0440\u043e\u043f\u043e\u0437\u0438\u0446\u0456\u044e<\/a><\/div>\n<\/div>\n\n\n<script>\r\ndocument.addEventListener('DOMContentLoaded', function() {\r\n    \/\/ 1. On cherche le titre H1 de la page\r\n    var h1 = document.querySelector('h1');\r\n    var productTitle = h1 ? h1.innerText.trim() : \"\";\r\n\r\n    \/\/ 2. On cherche les boutons via la classe CSS .btn-devis-source\r\n    var buttons = document.querySelectorAll('.btn-devis-source a');\r\n\r\n    \/\/ 3. Si on a le titre et les boutons, on ajoute le param\u00e8tre\r\n    if (buttons.length > 0 && productTitle !== \"\") {\r\n        var encodedTitle = encodeURIComponent(productTitle);\r\n\r\n        buttons.forEach(function(btn) {\r\n            var currentHref = btn.getAttribute('href');\r\n            \r\n            \/\/ S\u00e9curit\u00e9 pour ne pas ajouter le param\u00e8tre 2 fois\r\n            if (currentHref.indexOf('sujet=') === -1) {\r\n                var separator = currentHref.indexOf('?') !== -1 ? '&' : '?';\r\n                var newLink = currentHref + separator + 'sujet=' + encodedTitle;\r\n                \r\n                btn.setAttribute('href', newLink);\r\n            }\r\n        });\r\n    }\r\n});\r\n<\/script><\/div>\n<\/div>\n<\/div>\n<\/div>\n\n<h2 class=\"wp-block-heading\" id=\"les-avantages-du-jumbo\">\u041f\u0435\u0440\u0435\u0432\u0430\u0433\u0438 Jumbo<\/h2>\n\n<div class=\"wp-block-columns is-layout-flex wp-container-core-columns-is-layout-28f84493 wp-block-columns-is-layout-flex\">\n<div class=\"wp-block-column is-layout-flow wp-block-column-is-layout-flow\">\n<h4 class=\"wp-block-heading has-text-align-center\" id=\"avantages\"><strong>\u041f\u0435\u0440\u0435\u0432\u0430\u0433\u0438<\/strong><\/h4>\n\n\n\n<ul class=\"wp-block-list\">\n<li>\u041d\u0435\u0432\u0435\u043b\u0438\u043a\u0430 \u043f\u043b\u043e\u0449\u0430<\/li>\n\n\n\n<li>\u041d\u0438\u0437\u044c\u043a\u0435 \u0441\u043f\u043e\u0436\u0438\u0432\u0430\u043d\u043d\u044f \u0435\u043d\u0435\u0440\u0433\u0456\u0457<\/li>\n\n\n\n<li>\u0414\u0443\u0436\u0435 \u043f\u0440\u043e\u0441\u0442\u0438\u0439 \u0443 \u0432\u0438\u043a\u043e\u0440\u0438\u0441\u0442\u0430\u043d\u043d\u0456<\/li>\n\n\n\n<li>\u0413\u043b\u0443\u0448\u043d\u0438\u043a<\/li>\n<\/ul>\n<\/div>\n\n\n\n<div class=\"wp-block-column is-layout-flow wp-block-column-is-layout-flow\">\n<h4 class=\"wp-block-heading has-text-align-center\" id=\"particularites\"><strong>\u041e\u0441\u043e\u0431\u043b\u0438\u0432\u043e\u0441\u0442\u0456<\/strong><\/h4>\n\n\n\n<ul class=\"wp-block-list\">\n<li>\u041f\u0440\u0438\u0441\u0442\u043e\u0441\u043e\u0432\u0430\u043d\u0438\u0439 \u0434\u043e \u0448\u0438\u0440\u043e\u043a\u043e\u0433\u043e \u0441\u043f\u0435\u043a\u0442\u0440\u0443 \u0437\u0430\u0441\u0442\u043e\u0441\u0443\u0432\u0430\u043d\u044c<\/li>\n\n\n\n<li>\u041c\u043e\u0436\u043d\u0430 \u0432\u0438\u043a\u043e\u0440\u0438\u0441\u0442\u043e\u0432\u0443\u0432\u0430\u0442\u0438 \u0432 \u0440\u0456\u0437\u043d\u0438\u0445 \u043f\u043e\u043b\u043e\u0436\u0435\u043d\u043d\u044f\u0445<\/li>\n\n\n\n<li>\u0422\u0435\u043b\u0435\u0441\u043a\u043e\u043f\u0456\u0447\u043d\u0430 \u0440\u0443\u0447\u043a\u0430 \u0434\u043b\u044f \u0437\u0440\u0443\u0447\u043d\u043e\u0433\u043e \u0442\u0440\u0430\u043d\u0441\u043f\u043e\u0440\u0442\u0443\u0432\u0430\u043d\u043d\u044f<\/li>\n<\/ul>\n<\/div>\n\n\n\n<div class=\"wp-block-column is-layout-flow wp-block-column-is-layout-flow\">\n<h4 class=\"wp-block-heading has-text-align-center\" id=\"caracteristiques\"><strong>\u041e\u0441\u043e\u0431\u043b\u0438\u0432\u043e\u0441\u0442\u0456<\/strong><\/h4>\n\n\n\n<ul class=\"wp-block-list\">\n<li>\u0412\u0438\u0441\u043e\u043a\u0430 \u0443\u043d\u0456\u0432\u0435\u0440\u0441\u0430\u043b\u044c\u043d\u0456\u0441\u0442\u044c \u0434\u043b\u044f \u0448\u0438\u0440\u043e\u043a\u043e\u0433\u043e \u0441\u043f\u0435\u043a\u0442\u0440\u0443 \u0437\u0430\u0441\u0442\u043e\u0441\u0443\u0432\u0430\u043d\u044c<\/li>\n\n\n\n<li>\u0414\u043b\u044f \u0432\u0438\u043b\u0443\u0447\u0435\u043d\u043d\u044f \u043e\u0434\u043d\u0456\u0454\u0457 \u0430\u0431\u043e \u0434\u0432\u043e\u0445 \u0440\u043e\u0431\u043e\u0447\u0438\u0445 \u0441\u0442\u0430\u043d\u0446\u0456\u0439<\/li>\n\n\n\n<li>\u0424\u0456\u043b\u044c\u0442\u0440\u0438 \u043c\u043e\u0436\u043d\u0430 \u043f\u0435\u0440\u0435\u0440\u043e\u0431\u043b\u044f\u0442\u0438 \u0437\u0430 \u043f\u043e\u0442\u0440\u0435\u0431\u0438<\/li>\n<\/ul>\n<\/div>\n<\/div>\n\n<h2 class=\"wp-block-heading\" id=\"applications\">\u0414\u043e\u0434\u0430\u0442\u043a\u0438<\/h2>\n\n<div class=\"wp-block-columns is-layout-flex wp-container-core-columns-is-layout-28f84493 wp-block-columns-is-layout-flex\">\n<div class=\"wp-block-column is-layout-flow wp-block-column-is-layout-flow\">\n<h3 class=\"wp-block-heading has-text-align-center\" id=\"polluants\">\u0417\u0430\u0431\u0440\u0443\u0434\u043d\u044e\u044e\u0447\u0456 \u0440\u0435\u0447\u043e\u0432\u0438\u043d\u0438<\/h3>\n\n\n\n<hr class=\"wp-block-separator has-css-opacity is-style-wide\"\/>\n\n\n\n<div class=\"wp-block-columns is-layout-flex wp-container-core-columns-is-layout-28f84493 wp-block-columns-is-layout-flex\">\n<div class=\"wp-block-column is-layout-flow wp-block-column-is-layout-flow\">\n<figure class=\"wp-block-image aligncenter size-large\"><img decoding=\"async\" width=\"70\" height=\"70\" src=\"https:\/\/obera.fr\/wp-content\/uploads\/2020\/08\/polluants-poussieres.jpg\" alt=\"&#x417;&#x430;&#x431;&#x440;&#x443;&#x434;&#x43D;&#x44E;&#x44E;&#x447;&#x456; &#x440;&#x435;&#x447;&#x43E;&#x432;&#x438;&#x43D;&#x438; &#x41F;&#x438;&#x43B;\" class=\"wp-image-675\"\/><figcaption class=\"wp-element-caption\">\u0412\u0438\u043f\u0430\u0440\u0438<\/figcaption><\/figure>\n\n\n\n<figure class=\"wp-block-image aligncenter size-large\"><img decoding=\"async\" width=\"70\" height=\"70\" src=\"https:\/\/obera.fr\/wp-content\/uploads\/2020\/08\/industrie-odeur.jpg\" alt=\"&#x41F;&#x440;&#x43E;&#x43C;&#x438;&#x441;&#x43B;&#x43E;&#x432;&#x438;&#x439; &#x437;&#x430;&#x43F;&#x430;&#x445;\" class=\"wp-image-723\"\/><figcaption class=\"wp-element-caption\">\u0417\u0430\u043f\u0430\u0445\u0438<\/figcaption><\/figure>\n<\/div>\n\n\n\n<div class=\"wp-block-column is-layout-flow wp-block-column-is-layout-flow\">\n<figure class=\"wp-block-image aligncenter size-large\"><img decoding=\"async\" width=\"70\" height=\"70\" src=\"https:\/\/obera.fr\/wp-content\/uploads\/2020\/08\/industrie-fumees.jpg\" alt=\"&#x41F;&#x440;&#x43E;&#x43C;&#x438;&#x441;&#x43B;&#x43E;&#x432;&#x438;&#x439; &#x434;&#x438;&#x43C;\" class=\"wp-image-722\"\/><figcaption class=\"wp-element-caption\">\u0412\u0438\u043f\u0430\u0440\u0438<\/figcaption><\/figure>\n\n\n\n<figure class=\"wp-block-image aligncenter size-large\"><img decoding=\"async\" width=\"70\" height=\"70\" src=\"https:\/\/obera.fr\/wp-content\/uploads\/2020\/09\/cov.png\" alt=\"&#x41A;&#x43E;&#x432;\" class=\"wp-image-959\"\/><figcaption class=\"wp-element-caption\">\u041b\u041e\u0421<\/figcaption><\/figure>\n<\/div>\n<\/div>\n\n\n\n<p><\/p>\n<\/div>\n\n\n\n<div class=\"wp-block-column is-layout-flow wp-block-column-is-layout-flow\">\n<h3 class=\"wp-block-heading has-text-align-center\" id=\"industries\">\u0413\u0430\u043b\u0443\u0437\u0456 \u043f\u0440\u043e\u043c\u0438\u0441\u043b\u043e\u0432\u043e\u0441\u0442\u0456<\/h3>\n\n\n\n<hr class=\"wp-block-separator has-css-opacity is-style-wide\"\/>\n\n\n\n<div class=\"wp-block-columns is-layout-flex wp-container-core-columns-is-layout-28f84493 wp-block-columns-is-layout-flex\">\n<div class=\"wp-block-column is-layout-flow wp-block-column-is-layout-flow\">\n<figure class=\"wp-block-image aligncenter size-large\"><img decoding=\"async\" width=\"70\" height=\"70\" src=\"https:\/\/obera.fr\/wp-content\/uploads\/2020\/08\/industrie-metallurgie.jpg\" alt=\"&#x41C;&#x435;&#x442;&#x430;&#x43B;&#x443;&#x440;&#x433;&#x456;&#x439;&#x43D;&#x430; &#x43F;&#x440;&#x43E;&#x43C;&#x438;&#x441;&#x43B;&#x43E;&#x432;&#x456;&#x441;&#x442;&#x44C;\" class=\"wp-image-673\"\/><figcaption class=\"wp-element-caption\">\u041c\u0435\u0442\u0430\u043b\u0443\u0440\u0433\u0456\u044f<\/figcaption><\/figure>\n\n\n\n<figure class=\"wp-block-image aligncenter size-large\"><img decoding=\"async\" width=\"70\" height=\"70\" src=\"https:\/\/obera.fr\/wp-content\/uploads\/2020\/08\/industrie-chimie.jpg\" alt=\"&#x425;&#x456;&#x43C;&#x456;&#x447;&#x43D;&#x430; &#x43F;&#x440;&#x43E;&#x43C;&#x438;&#x441;&#x43B;&#x43E;&#x432;&#x456;&#x441;&#x442;&#x44C;\" class=\"wp-image-725\"\/><figcaption class=\"wp-element-caption\">\u0425\u0456\u043c\u0456\u044f\/\u041d\u0430\u0444\u0442\u043e\u0445\u0456\u043c\u0456\u044f<\/figcaption><\/figure>\n\n\n\n<figure class=\"wp-block-image aligncenter size-large\"><img decoding=\"async\" width=\"70\" height=\"70\" src=\"https:\/\/obera.fr\/wp-content\/uploads\/2020\/08\/industrie-bois.jpg\" alt=\"&#x414;&#x435;&#x440;&#x435;&#x432;&#x43E;&#x43E;&#x431;&#x440;&#x43E;&#x431;&#x43D;&#x430; &#x43F;&#x440;&#x43E;&#x43C;&#x438;&#x441;&#x43B;&#x43E;&#x432;&#x456;&#x441;&#x442;&#x44C;\" class=\"wp-image-672\"\/><figcaption class=\"wp-element-caption\">\u0414\u0435\u0440\u0435\u0432\u043e\u043e\u0431\u0440\u043e\u0431\u043a\u0430<\/figcaption><\/figure>\n\n\n\n<figure class=\"wp-block-image aligncenter size-large\"><img decoding=\"async\" width=\"70\" height=\"70\" src=\"https:\/\/obera.fr\/wp-content\/uploads\/2020\/08\/industrie-papier-carton.jpg\" alt=\"&#x41F;&#x430;&#x43F;&#x435;&#x440;&#x43E;&#x432;&#x430; &#x442;&#x430; &#x43A;&#x430;&#x440;&#x442;&#x43E;&#x43D;&#x43D;&#x430; &#x43F;&#x440;&#x43E;&#x43C;&#x438;&#x441;&#x43B;&#x43E;&#x432;&#x456;&#x441;&#x442;&#x44C;\" class=\"wp-image-670\"\/><figcaption class=\"wp-element-caption\">\u041f\u0430\u043f\u0456\u0440\/\u043a\u0430\u0440\u0442\u043e\u043d<\/figcaption><\/figure>\n<\/div>\n\n\n\n<div class=\"wp-block-column is-layout-flow wp-block-column-is-layout-flow\">\n<figure class=\"wp-block-image aligncenter size-large\"><img decoding=\"async\" width=\"70\" height=\"70\" src=\"https:\/\/obera.fr\/wp-content\/uploads\/2020\/08\/industrie-plastique.jpg\" alt=\"&#x41F;&#x440;&#x43E;&#x43C;&#x438;&#x441;&#x43B;&#x43E;&#x432;&#x456;&#x441;&#x442;&#x44C; &#x43F;&#x43B;&#x430;&#x441;&#x442;&#x43C;&#x430;&#x441;\" class=\"wp-image-669\"\/><figcaption class=\"wp-element-caption\">\u041f\u043b\u0430\u0441\u0442\u043c\u0430\u0441\u0438<\/figcaption><\/figure>\n\n\n\n<figure class=\"wp-block-image aligncenter size-large\"><img decoding=\"async\" width=\"70\" height=\"70\" src=\"https:\/\/obera.fr\/wp-content\/uploads\/2020\/08\/industrie-dechets.jpg\" alt=\"&#x41F;&#x440;&#x43E;&#x43C;&#x438;&#x441;&#x43B;&#x43E;&#x432;&#x456; &#x432;&#x456;&#x434;&#x445;&#x43E;&#x434;&#x438;\" class=\"wp-image-726\"\/><figcaption class=\"wp-element-caption\">\u0417\u0431\u0456\u0440 \u0442\u0430 \u0441\u043e\u0440\u0442\u0443\u0432\u0430\u043d\u043d\u044f \u0432\u0456\u0434\u0445\u043e\u0434\u0456\u0432<\/figcaption><\/figure>\n\n\n\n<figure class=\"wp-block-image aligncenter size-large\"><img decoding=\"async\" width=\"70\" height=\"70\" src=\"https:\/\/obera.fr\/wp-content\/uploads\/2020\/08\/industrie-agroalimentaire.jpg\" alt=\"&#x425;&#x430;&#x440;&#x447;&#x43E;&#x432;&#x430; &#x43F;&#x440;&#x43E;&#x43C;&#x438;&#x441;&#x43B;&#x43E;&#x432;&#x456;&#x441;&#x442;&#x44C;\" class=\"wp-image-727\"\/><figcaption class=\"wp-element-caption\">\u0425\u0430\u0440\u0447\u043e\u0432\u0430 \u043f\u0440\u043e\u043c\u0438\u0441\u043b\u043e\u0432\u0456\u0441\u0442\u044c<\/figcaption><\/figure>\n\n\n\n<figure class=\"wp-block-image aligncenter size-large\"><img decoding=\"async\" width=\"70\" height=\"70\" src=\"https:\/\/obera.fr\/wp-content\/uploads\/2020\/08\/industrie-textile.jpg\" alt=\"&#x422;&#x435;&#x43A;&#x441;&#x442;&#x438;&#x43B;&#x44C;&#x43D;&#x430; &#x43F;&#x440;&#x43E;&#x43C;&#x438;&#x441;&#x43B;&#x43E;&#x432;&#x456;&#x441;&#x442;&#x44C;\" class=\"wp-image-671\"\/><figcaption class=\"wp-element-caption\">\u0422\u0435\u043a\u0441\u0442\u0438\u043b\u044c<\/figcaption><\/figure>\n<\/div>\n<\/div>\n<\/div>\n<\/div>\n\n<div class=\"wp-block-buttons is-horizontal is-content-justification-center is-layout-flex wp-container-core-buttons-is-layout-03627597 wp-block-buttons-is-layout-flex\">\n<div class=\"wp-block-button has-custom-width wp-block-button__width-100\"><a class=\"wp-block-button__link wp-element-button\" href=\"https:\/\/obera.fr\/uk\/%D0%B7%D0%B2%D1%8F%D0%B6%D1%96%D1%82%D1%8C%D1%81%D1%8F-%D0%B7-%D0%BD%D0%B0%D0%BC%D0%B8\/\">\u0414\u0456\u0437\u043d\u0430\u0439\u0442\u0435\u0441\u044c \u0431\u0456\u043b\u044c\u0448\u0435<\/a><\/div>\n<\/div>\n\n<h2 class=\"wp-block-heading\" id=\"caracteristiques-techniques\">\u0422\u0435\u0445\u043d\u0456\u0447\u043d\u0456 \u0445\u0430\u0440\u0430\u043a\u0442\u0435\u0440\u0438\u0441\u0442\u0438\u043a\u0438<\/h2>\n\n<figure class=\"wp-block-table\"><table class=\"has-fixed-layout\"><thead><tr><th>\u041f\u0440\u0438\u0441\u0442\u0440\u0456\u0439<\/th><th><\/th><th>OB-JUMBO<\/th><\/tr><\/thead><tbody><tr><td>\u041c\u0430\u043a\u0441. \u0432\u0438\u0442\u0440\u0430\u0442\u0430<\/td><td>\u043c3\/\u0433\u043e\u0434<\/td><td>170<\/td><\/tr><tr><td>\u041c\u0430\u043a\u0441\u0438\u043c\u0430\u043b\u044c\u043d\u0438\u0439 \u0432\u0430\u043a\u0443\u0443\u043c<\/td><td>\u041f\u0430.<\/td><td>2800<\/td><\/tr><tr><td>\u041d\u0430\u043f\u0440\u0443\u0433\u0430 \u0436\u0438\u0432\u043b\u0435\u043d\u043d\u044f<\/td><td>V<\/td><td>230<\/td><\/tr><tr><td>\u0421\u043f\u043e\u0436\u0438\u0432\u0430\u043d\u043d\u044f \u0435\u043d\u0435\u0440\u0433\u0456\u0457<\/td><td>W<\/td><td>150<\/td><\/tr><tr><td>\u0420\u043e\u0437\u043c\u0456\u0440\u0438<\/td><td>\u043b\/\u043b\/\u0433\u043e\u0434 (\u043c\u043c)<\/td><td>450 x 340 x 530<\/td><\/tr><tr><td>\u0412\u0430\u0433\u0430<\/td><td>\u041a\u0433<\/td><td>18<\/td><\/tr><tr><td>\u0420\u0456\u0432\u0435\u043d\u044c \u0448\u0443\u043c\u0443<\/td><td>\u0434\u0411(\u0410)<\/td><td>49<\/td><\/tr><\/tbody><\/table><\/figure>\n\n<hr class=\"wp-block-separator has-css-opacity is-style-dots\"\/>\n\n<h2 class=\"wp-block-heading\" id=\"les-autres-petits-depoussiereurs-de-la-marque-obera\">\u0406\u043d\u0448\u0456 \u043c\u0430\u043b\u0435\u043d\u044c\u043a\u0456 \u043f\u0438\u043b\u043e\u0441\u043e\u0441\u0438 \u0432\u0456\u0434 \u0431\u0440\u0435\u043d\u0434\u0443 oberA<\/h2>\n\n<div class=\"wp-block-columns is-layout-flex wp-container-core-columns-is-layout-28f84493 wp-block-columns-is-layout-flex\">\n<div class=\"wp-block-column is-layout-flow wp-block-column-is-layout-flow\">\n<figure class=\"wp-block-image aligncenter size-medium\"><a href=\"https:\/\/obera.fr\/produits\/depoussiereurs-industriels\/petits\/srf-t\/\"><img decoding=\"async\" width=\"300\" height=\"300\" src=\"https:\/\/obera.fr\/wp-content\/uploads\/2020\/10\/SRF-T-SF-300x300.png\" alt=\"Srf T Sf\" class=\"wp-image-1310\" srcset=\"https:\/\/obera.fr\/wp-content\/uploads\/2020\/10\/SRF-T-SF-300x300.png 300w, https:\/\/obera.fr\/wp-content\/uploads\/2020\/10\/SRF-T-SF-150x150.png 150w, https:\/\/obera.fr\/wp-content\/uploads\/2020\/10\/SRF-T-SF.png 600w\" sizes=\"(max-width: 300px) 100vw, 300px\" \/><\/a><figcaption class=\"wp-element-caption\">SRF-T<\/figcaption><\/figure>\n<\/div>\n\n\n\n<div class=\"wp-block-column is-layout-flow wp-block-column-is-layout-flow\">\n<figure class=\"wp-block-image aligncenter size-medium\"><a href=\"https:\/\/obera.fr\/produits\/depoussiereurs-industriels\/petits\/tk-serie\/\"><img decoding=\"async\" width=\"300\" height=\"300\" src=\"https:\/\/obera.fr\/wp-content\/uploads\/2020\/11\/tk-series-300x300.jpg\" alt=\"&#x421;&#x435;&#x440;&#x456;&#x44F; TK\" class=\"wp-image-1607\" srcset=\"https:\/\/obera.fr\/wp-content\/uploads\/2020\/11\/tk-series-300x300.jpg 300w, https:\/\/obera.fr\/wp-content\/uploads\/2020\/11\/tk-series-150x150.jpg 150w, https:\/\/obera.fr\/wp-content\/uploads\/2020\/11\/tk-series.jpg 600w\" sizes=\"(max-width: 300px) 100vw, 300px\" \/><\/a><figcaption class=\"wp-element-caption\">\u0421\u0435\u0440\u0456\u044f TK<\/figcaption><\/figure>\n<\/div>\n\n\n\n<div class=\"wp-block-column is-layout-flow wp-block-column-is-layout-flow\">\n<figure class=\"wp-block-image aligncenter size-medium\"><a href=\"https:\/\/obera.fr\/produits\/depoussiereurs-industriels\/petits\/aspiration-fumees-soudage-laser-epur-b-ex\/\"><img decoding=\"async\" width=\"300\" height=\"300\" src=\"https:\/\/obera.fr\/wp-content\/uploads\/2023\/10\/epurb-ex-1000-3000-5000-300x300.png\" alt=\"oberA epur b ex 1000 3000 5000\" class=\"wp-image-25016\" srcset=\"https:\/\/obera.fr\/wp-content\/uploads\/2023\/10\/epurb-ex-1000-3000-5000-300x300.png 300w, https:\/\/obera.fr\/wp-content\/uploads\/2023\/10\/epurb-ex-1000-3000-5000-150x150.png 150w, https:\/\/obera.fr\/wp-content\/uploads\/2023\/10\/epurb-ex-1000-3000-5000.png 600w\" sizes=\"(max-width: 300px) 100vw, 300px\" \/><\/a><figcaption class=\"wp-element-caption\">EPUR B EX<\/figcaption><\/figure>\n<\/div>\n<\/div>\n","protected":false},"excerpt":{"rendered":"<p>\u0426\u0435\u0439 \u043d\u0435\u0432\u0435\u043b\u0438\u043a\u0438\u0439 \u043f\u0438\u043b\u043e\u0437\u0431\u0456\u0440\u043d\u0438\u043a \u043f\u0456\u0434\u0445\u043e\u0434\u0438\u0442\u044c \u0434\u043b\u044f \u0448\u0438\u0440\u043e\u043a\u043e\u0433\u043e \u0441\u043f\u0435\u043a\u0442\u0440\u0443 \u0437\u0430\u0441\u0442\u043e\u0441\u0443\u0432\u0430\u043d\u044c. \u0417\u0430\u0432\u0434\u044f\u043a\u0438 \u043f\u043e\u0442\u0443\u0436\u043d\u043e\u0441\u0442\u0456 \u0432\u0441\u043c\u043e\u043a\u0442\u0443\u0432\u0430\u043d\u043d\u044f \u0432\u0456\u043d \u043c\u043e\u0436\u0435 \u043e\u0431\u0441\u043b\u0443\u0433\u043e\u0432\u0443\u0432\u0430\u0442\u0438 \u0432\u0456\u0434 1 \u0434\u043e 2 \u0440\u043e\u0431\u043e\u0447\u0438\u0445 \u043c\u0456\u0441\u0446\u044c \u043e\u0434\u043d\u043e\u0447\u0430\u0441\u043d\u043e. \u0412\u0456\u043d \u043e\u0441\u043e\u0431\u043b\u0438\u0432\u043e \u0434\u043e\u0431\u0440\u0435 \u043f\u0456\u0434\u0445\u043e\u0434\u0438\u0442\u044c \u0434\u043b\u044f \u0442\u0430\u043a\u0438\u0445 \u0437\u0430\u0431\u0440\u0443\u0434\u043d\u044e\u0432\u0430\u0447\u0456\u0432, \u044f\u043a \u0434\u0440\u0456\u0431\u043d\u0438\u0439 \u0456 \u0432\u0435\u043b\u0438\u043a\u0438\u0439 \u043f\u0438\u043b, \u0434\u0438\u043c, \u043f\u0430\u0440\u0438 \u0456 \u0437\u0430\u043f\u0430\u0445\u0438. Jumbo \u0437\u0430\u043c\u0456\u043d\u044e\u0454 \u043d\u0430\u0448 \u0441\u0442\u0430\u0440\u0438\u0439 \u043c\u043e\u0431\u0456\u043b\u044c\u043d\u0438\u0439 \u0432\u0456\u0434\u0441\u043c\u043e\u043a\u0442\u0443\u0432\u0430\u0447 Obam. \u041f\u0435\u0440\u0435\u0432\u0430\u0433\u0438 Jumbo \u041f\u0435\u0440\u0435\u0432\u0430\u0433\u0438 \u041e\u0441\u043e\u0431\u043b\u0438\u0432\u043e\u0441\u0442\u0456 \u041e\u0441\u043e\u0431\u043b\u0438\u0432\u043e\u0441\u0442\u0456 \u0414\u043e\u0434\u0430\u0442\u043a\u0438 \u0417\u0430\u0431\u0440\u0443\u0434\u043d\u044e\u044e\u0447\u0456 \u0440\u0435\u0447\u043e\u0432\u0438\u043d\u0438 \u0413\u0430\u043b\u0443\u0437\u0456 \u043f\u0440\u043e\u043c\u0438\u0441\u043b\u043e\u0432\u043e\u0441\u0442\u0456 \u0422\u0435\u0445\u043d\u0456\u0447\u043d\u0456 \u0445\u0430\u0440\u0430\u043a\u0442\u0435\u0440\u0438\u0441\u0442\u0438\u043a\u0438 \u041f\u0440\u0438\u0441\u0442\u0440\u0456\u0439 OB-JUMBO \u041c\u0430\u043a\u0441. \u0432\u0438\u0442\u0440\u0430\u0442\u0430 \u043c3\/\u0433\u043e\u0434 170 \u041c\u0430\u043a\u0441\u0438\u043c\u0430\u043b\u044c\u043d\u0438\u0439 \u0432\u0430\u043a\u0443\u0443\u043c \u041f\u0430. 2800 \u041d\u0430\u043f\u0440\u0443\u0433\u0430 \u0436\u0438\u0432\u043b\u0435\u043d\u043d\u044f V 230 \u0421\u043f\u043e\u0436\u0438\u0432\u0430\u043d\u043d\u044f \u0435\u043d\u0435\u0440\u0433\u0456\u0457 W 150 \u0420\u043e\u0437\u043c\u0456\u0440\u0438 \u043b\/\u043b\/\u0433\u043e\u0434 (\u043c\u043c) 450 x 340 x 530 \u0412\u0430\u0433\u0430 \u041a\u0433 18 \u0420\u0456\u0432\u0435\u043d\u044c \u0448\u0443\u043c\u0443 \u0434\u0411(\u0410) 49 \u0406\u043d\u0448\u0456 \u043c\u0430\u043b\u0435\u043d\u044c\u043a\u0456 \u043f\u0438\u043b\u043e\u0441\u043e\u0441\u0438 \u0432\u0456\u0434 \u0431\u0440\u0435\u043d\u0434\u0443 oberA<\/p>\n","protected":false},"author":4,"featured_media":83753,"parent":48194,"menu_order":0,"comment_status":"closed","ping_status":"closed","template":"","meta":{"_acf_changed":false,"_seopress_robots_primary_cat":"","_seopress_titles_title":"\u041c\u0430\u043b\u0438\u0439 \u043f\u0440\u043e\u043c\u0438\u0441\u043b\u043e\u0432\u0438\u0439 \u043f\u0438\u043b\u043e\u0432\u043b\u043e\u0432\u043b\u044e\u0432\u0430\u0447 Jumbo \u0434\u043b\u044f 1 - 2 \u0441\u0442\u0430\u043d\u0446\u0456\u0439","_seopress_titles_desc":"\u0426\u0435\u0439 \u043d\u0435\u0432\u0435\u043b\u0438\u043a\u0438\u0439 \u043f\u0438\u043b\u043e\u0437\u0431\u0456\u0440\u043d\u0438\u043a \u043f\u0456\u0434\u0445\u043e\u0434\u0438\u0442\u044c \u0434\u043b\u044f \u0448\u0438\u0440\u043e\u043a\u043e\u0433\u043e \u0441\u043f\u0435\u043a\u0442\u0440\u0443 \u0437\u0430\u0441\u0442\u043e\u0441\u0443\u0432\u0430\u043d\u044c. \u0417\u0430\u0432\u0434\u044f\u043a\u0438 \u043f\u043e\u0442\u0443\u0436\u043d\u043e\u0441\u0442\u0456 \u0432\u0441\u043c\u043e\u043a\u0442\u0443\u0432\u0430\u043d\u043d\u044f \u0432\u0456\u043d \u043c\u043e\u0436\u0435 \u043e\u0431\u0441\u043b\u0443\u0433\u043e\u0432\u0443\u0432\u0430\u0442\u0438 \u0432\u0456\u0434 1 \u0434\u043e 2 \u0440\u043e\u0431\u043e\u0447\u0438\u0445 \u043c\u0456\u0441\u0446\u044c \u043e\u0434\u043d\u043e\u0447\u0430\u0441\u043d\u043e.","_seopress_robots_index":"","footnotes":""},"class_list":{"0":"post-47011","1":"page","2":"type-page","3":"status-publish","4":"has-post-thumbnail","6":"no-featured-image-padding","7":"resize-featured-image"},"acf":[],"_links":{"self":[{"href":"https:\/\/obera.fr\/uk\/wp-json\/wp\/v2\/pages\/47011","targetHints":{"allow":["GET"]}}],"collection":[{"href":"https:\/\/obera.fr\/uk\/wp-json\/wp\/v2\/pages"}],"about":[{"href":"https:\/\/obera.fr\/uk\/wp-json\/wp\/v2\/types\/page"}],"author":[{"embeddable":true,"href":"https:\/\/obera.fr\/uk\/wp-json\/wp\/v2\/users\/4"}],"replies":[{"embeddable":true,"href":"https:\/\/obera.fr\/uk\/wp-json\/wp\/v2\/comments?post=47011"}],"version-history":[{"count":7,"href":"https:\/\/obera.fr\/uk\/wp-json\/wp\/v2\/pages\/47011\/revisions"}],"predecessor-version":[{"id":117486,"href":"https:\/\/obera.fr\/uk\/wp-json\/wp\/v2\/pages\/47011\/revisions\/117486"}],"up":[{"embeddable":true,"href":"https:\/\/obera.fr\/uk\/wp-json\/wp\/v2\/pages\/48194"}],"wp:featuredmedia":[{"embeddable":true,"href":"https:\/\/obera.fr\/uk\/wp-json\/wp\/v2\/media\/83753"}],"wp:attachment":[{"href":"https:\/\/obera.fr\/uk\/wp-json\/wp\/v2\/media?parent=47011"}],"curies":[{"name":"wp","href":"https:\/\/api.w.org\/{rel}","templated":true}]}}