{"id":47201,"date":"2021-09-17T09:11:07","date_gmt":"2021-09-17T07:11:07","guid":{"rendered":"https:\/\/obera.fr\/%d0%b4%d0%b0%d1%82%d1%87%d0%b8%d0%ba-co2-obcare\/"},"modified":"2025-06-03T15:04:27","modified_gmt":"2025-06-03T13:04:27","slug":"capteur-co2-obcare","status":"publish","type":"page","link":"https:\/\/obera.fr\/uk\/produits\/analyseurs-air\/capteur-co2-obcare\/","title":{"rendered":"\u0414\u0430\u0442\u0447\u0438\u043a CO2 OBCARE"},"content":{"rendered":"\n<h2 class=\"wp-block-heading\">\u0412\u0438\u043c\u0456\u0440\u044e\u0432\u0430\u043d\u043d\u044f \u044f\u043a\u043e\u0441\u0442\u0456 \u043f\u043e\u0432\u0456\u0442\u0440\u044f \u0437\u0430 \u0434\u043e\u043f\u043e\u043c\u043e\u0433\u043e\u044e \u0441\u0432\u0456\u0442\u043b\u043e\u0444\u043e\u0440\u0430<\/h2>\n\n\n\n<div class=\"wp-block-columns is-layout-flex wp-container-core-columns-is-layout-28f84493 wp-block-columns-is-layout-flex\">\n<div class=\"wp-block-column is-layout-flow wp-block-column-is-layout-flow\" style=\"flex-basis:33.33%\">\n<figure class=\"wp-block-image aligncenter size-full is-resized\"><img decoding=\"async\" width=\"300\" height=\"212\" src=\"https:\/\/obera.fr\/wp-content\/uploads\/2021\/11\/Capteur_CO2_OBCARE.png\" alt=\"\u0434\u0430\u0442\u0447\u0438\u043a co2 obcare\" class=\"wp-image-7611\" style=\"width:300px;height:212px\"\/><figcaption class=\"wp-element-caption\">OBCARE<\/figcaption><\/figure>\n<\/div>\n\n\n\n<div class=\"wp-block-column is-vertically-aligned-center is-layout-flow wp-block-column-is-layout-flow\" style=\"flex-basis:66.66%\">\n<p>\u0414\u0430\u0442\u0447\u0438\u043a CO2 <strong>OBCARE <\/strong>\u043a\u043e\u043d\u0442\u0440\u043e\u043b\u044e\u0454 \u044f\u043a\u0456\u0441\u0442\u044c \u043f\u043e\u0432\u0456\u0442\u0440\u044f \u0432 \u0437\u0430\u043a\u0440\u0438\u0442\u0438\u0445 \u043f\u0440\u0438\u043c\u0456\u0449\u0435\u043d\u043d\u044f\u0445 \u0432 \u0440\u0435\u0436\u0438\u043c\u0456 \u0440\u0435\u0430\u043b\u044c\u043d\u043e\u0433\u043e \u0447\u0430\u0441\u0443. \u0419\u043e\u0433\u043e \u0431\u0430\u0433\u0430\u0442\u043e\u043a\u043e\u043b\u0456\u0440\u043d\u0438\u0439 \u0434\u0438\u0441\u043f\u043b\u0435\u0439 \u0437 \u043f\u043e\u043f\u0435\u0440\u0435\u0434\u0436\u0443\u0432\u0430\u043b\u044c\u043d\u0438\u043c\u0438 \u0441\u0432\u0456\u0442\u043b\u043e\u0432\u0438\u043c\u0438 \u0456\u043d\u0434\u0438\u043a\u0430\u0442\u043e\u0440\u0430\u043c\u0438 \u0434\u0430\u0454 \u043c\u0438\u0442\u0442\u0454\u0432\u0438\u0439 \u043e\u0433\u043b\u044f\u0434 \u044f\u043a\u043e\u0441\u0442\u0456 \u043f\u043e\u0432\u0456\u0442\u0440\u044f \u0456 \u0432\u0456\u0434\u043e\u0431\u0440\u0430\u0436\u0430\u0454 <strong>\u043a\u043e\u043d\u0446\u0435\u043d\u0442\u0440\u0430\u0446\u0456\u044e CO2 \u0432 \u043f\u0440\u043e\u043c\u0456\u043b\u0435<\/strong>. \u0426\u0456 \u0456\u043d\u0434\u0438\u043a\u0430\u0442\u043e\u0440\u0438 \u043d\u0430\u0434\u0430\u044e\u0442\u044c \u0447\u0456\u0442\u043a\u0456 \u0432\u0456\u0437\u0443\u0430\u043b\u044c\u043d\u0456 \u043f\u0456\u0434\u043a\u0430\u0437\u043a\u0438 \u0442\u0430 \u043f\u043e\u043f\u0435\u0440\u0435\u0434\u0436\u0430\u044e\u0442\u044c \u043a\u043e\u0440\u0438\u0441\u0442\u0443\u0432\u0430\u0447\u0456\u0432 \u043f\u0440\u043e \u043d\u0435\u043e\u0431\u0445\u0456\u0434\u043d\u0456 \u0434\u0456\u0457: <strong>\u043e\u0447\u0438\u0441\u0442\u0438\u0442\u0438 \u043f\u043e\u0432\u0456\u0442\u0440\u044f <\/strong>\u0437\u0430 \u0434\u043e\u043f\u043e\u043c\u043e\u0433\u043e\u044e \u043c\u043e\u0431\u0456\u043b\u044c\u043d\u0438\u0445 \u0443\u0441\u0442\u0430\u043d\u043e\u0432\u043e\u043a \u043e\u0447\u0438\u0449\u0435\u043d\u043d\u044f \u043f\u043e\u0432\u0456\u0442\u0440\u044f \u0442\u0430\/\u0430\u0431\u043e <strong>\u043f\u0440\u043e\u0432\u0456\u0442\u0440\u0438\u0442\u0438 \u043f\u0440\u0438\u043c\u0456\u0449\u0435\u043d\u043d\u044f \u043f\u0440\u0438\u0440\u043e\u0434\u043d\u0438\u043c<\/strong> \u0447\u0438\u043d\u043e\u043c.  <\/p>\n\n\n\n<div class=\"wp-block-columns is-layout-flex wp-container-core-columns-is-layout-28f84493 wp-block-columns-is-layout-flex\">\n<div class=\"wp-block-column is-layout-flow wp-block-column-is-layout-flow\" style=\"flex-basis:33.34%\">\n<div class=\"wp-block-buttons is-content-justification-center is-layout-flex wp-container-core-buttons-is-layout-a89b3969 wp-block-buttons-is-layout-flex\">\n<div class=\"wp-block-button\"><a class=\"wp-block-button__link wp-element-button\" href=\"https:\/\/obera.fr\/wp-content\/uploads\/2025\/06\/en-brochure-obcare.pdf\">\u0417\u0430\u0432\u0430\u043d\u0442\u0430\u0436\u0438\u0442\u0438 \u0431\u0440\u043e\u0448\u0443\u0440\u0443<\/a><\/div>\n<\/div>\n<\/div>\n\n\n\n<div class=\"wp-block-column is-layout-flow wp-block-column-is-layout-flow\" style=\"flex-basis:33.34%\">\n<div class=\"wp-block-buttons is-horizontal is-content-justification-center is-layout-flex wp-container-core-buttons-is-layout-03627597 wp-block-buttons-is-layout-flex\">\n<div class=\"wp-block-button\"><a class=\"wp-block-button__link wp-element-button\" href=\"https:\/\/boutique.obera.fr\/52-acheter-capteur-co2-obcare.html\" target=\"_blank\" rel=\"noreferrer noopener\">\u041a\u0443\u043f\u0438\u0442\u0438 \u0434\u0430\u0442\u0447\u0438\u043a CO2 OBCARE  <\/a><\/div>\n<\/div>\n<\/div>\n\n\n\n<div class=\"wp-block-column is-layout-flow wp-block-column-is-layout-flow\" style=\"flex-basis:33.33%\">\n<div class=\"wp-block-buttons is-content-justification-center is-layout-flex wp-container-core-buttons-is-layout-a89b3969 wp-block-buttons-is-layout-flex\">\n<div class=\"wp-block-button btn-devis-source\"><a class=\"wp-block-button__link wp-element-button\" href=\"https:\/\/obera.fr\/uk\/devis\/\">\u0417\u0430\u043f\u0440\u043e\u0441\u0438\u0442\u0438 \u043f\u0440\u043e\u043f\u043e\u0437\u0438\u0446\u0456\u044e<\/a><\/div>\n<\/div>\n\n\n<script>\r\ndocument.addEventListener('DOMContentLoaded', function() {\r\n    \/\/ 1. On cherche le titre H1 de la page\r\n    var h1 = document.querySelector('h1');\r\n    var productTitle = h1 ? h1.innerText.trim() : \"\";\r\n\r\n    \/\/ 2. On cherche les boutons via la classe CSS .btn-devis-source\r\n    var buttons = document.querySelectorAll('.btn-devis-source a');\r\n\r\n    \/\/ 3. Si on a le titre et les boutons, on ajoute le param\u00e8tre\r\n    if (buttons.length > 0 && productTitle !== \"\") {\r\n        var encodedTitle = encodeURIComponent(productTitle);\r\n\r\n        buttons.forEach(function(btn) {\r\n            var currentHref = btn.getAttribute('href');\r\n            \r\n            \/\/ S\u00e9curit\u00e9 pour ne pas ajouter le param\u00e8tre 2 fois\r\n            if (currentHref.indexOf('sujet=') === -1) {\r\n                var separator = currentHref.indexOf('?') !== -1 ? '&' : '?';\r\n                var newLink = currentHref + separator + 'sujet=' + encodedTitle;\r\n                \r\n                btn.setAttribute('href', newLink);\r\n            }\r\n        });\r\n    }\r\n});\r\n<\/script><\/div>\n<\/div>\n<\/div>\n<\/div>\n\n\n\n<h2 class=\"wp-block-heading\">\u041f\u0435\u0440\u0435\u0432\u0430\u0433\u0438 OBCARE<\/h2>\n\n\n\n<div class=\"wp-block-columns is-layout-flex wp-container-core-columns-is-layout-28f84493 wp-block-columns-is-layout-flex\">\n<div class=\"wp-block-column is-layout-flow wp-block-column-is-layout-flow\">\n<h3 class=\"wp-block-heading has-text-align-left\">\u0423\u043b\u043e\u0432\u043b\u044e\u0432\u0430\u0447 CO2<\/h3>\n\n\n\n<p>\u0414\u0430\u0442\u0447\u0438\u043a CO2 <strong>OBCARE <\/strong>\u0431\u0435\u0437\u043f\u0435\u0440\u0435\u0440\u0432\u043d\u043e \u0432\u0438\u043c\u0456\u0440\u044e\u0454 \u044f\u043a\u0456\u0441\u0442\u044c \u043f\u043e\u0432\u0456\u0442\u0440\u044f. \u0406\u043d\u0444\u043e\u0440\u043c\u0430\u0446\u0456\u044f \u0432\u0456\u0434\u043e\u0431\u0440\u0430\u0436\u0430\u0454\u0442\u044c\u0441\u044f \u0432 \u043f\u0440\u043e\u043c\u0456\u043b\u0435 \u0432 \u0440\u0435\u0436\u0438\u043c\u0456 \u0440\u0435\u0430\u043b\u044c\u043d\u043e\u0433\u043e \u0447\u0430\u0441\u0443. \u041f\u0440\u0438\u0441\u0442\u0440\u0456\u0439 \u043b\u0435\u0433\u043a\u043e \u043d\u0430\u043b\u0430\u0448\u0442\u043e\u0432\u0443\u0432\u0430\u0442\u0438 \u0442\u0430 \u043f\u0435\u0440\u0435\u043c\u0456\u0449\u0430\u0442\u0438.    <\/p>\n<\/div>\n\n\n\n<div class=\"wp-block-column is-layout-flow wp-block-column-is-layout-flow\">\n<h3 class=\"wp-block-heading has-text-align-left\">\u041f\u0420\u0418\u041a\u041b\u0410\u0414\u0418 \u0413\u0410\u041b\u0423\u0417\u0415\u0419<\/h3>\n\n\n\n<ul class=\"wp-block-list\">\n<li>ERP<\/li>\n\n\n\n<li>\u041e\u0444\u0456\u0441\u0438<\/li>\n\n\n\n<li>\u0421\u043f\u043e\u0440\u0442\u0438\u0432\u043d\u0456 \u0437\u0430\u043b\u0438  <\/li>\n\n\n\n<li>\u0417\u0430\u043b\u0438 \u043e\u0447\u0456\u043a\u0443\u0432\u0430\u043d\u043d\u044f<\/li>\n\n\n\n<li>\u0428\u043a\u043e\u043b\u0438<\/li>\n\n\n\n<li>\u0412\u0456\u0434\u043a\u0440\u0438\u0442\u0456 \u043f\u0440\u043e\u0441\u0442\u043e\u0440\u0438<\/li>\n\n\n\n<li>\u0410\u043a\u0446\u0456\u0457<\/li>\n<\/ul>\n<\/div>\n<\/div>\n\n\n\n<h2 class=\"wp-block-heading\">\u0422\u0438\u043f\u0438 \u0437\u0431\u0456\u0440\u043a\u0438<\/h2>\n\n\n\n<p>\u0412\u0438\u043c\u0456\u0440\u044e\u0432\u0430\u0447 \u044f\u043a\u043e\u0441\u0442\u0456 \u043f\u043e\u0432\u0456\u0442\u0440\u044f \u043c\u043e\u0436\u0435 \u0431\u0443\u0442\u0438 \u0432\u0441\u0442\u0430\u043d\u043e\u0432\u043b\u0435\u043d\u0438\u0439 \u043d\u0430 \u0441\u0442\u043e\u043b\u0456 \u0430\u0431\u043e \u0441\u0442\u0456\u043d\u0456. \u041f\u0456\u0434\u0441\u0442\u0430\u0432\u043a\u0430 \u0437 \u043d\u0435\u0440\u0436\u0430\u0432\u0456\u044e\u0447\u043e\u0457 \u0441\u0442\u0430\u043b\u0456<strong>(\u0434\u043e\u0441\u0442\u0443\u043f\u043d\u0430 \u044f\u043a \u043e\u043f\u0446\u0456\u044f<\/strong>) \u0434\u043e\u0437\u0432\u043e\u043b\u044f\u0454 \u043e\u043f\u0442\u0438\u043c\u0430\u043b\u044c\u043d\u043e \u0440\u043e\u0437\u0442\u0430\u0448\u0443\u0432\u0430\u0442\u0438 \u0439\u043e\u0433\u043e \u0432 \u043f\u0440\u0438\u043c\u0456\u0449\u0435\u043d\u043d\u0456. \u041f\u0440\u0430\u0432\u0438\u043b\u044c\u043d\u0435 \u043f\u043e\u0437\u0438\u0446\u0456\u043e\u043d\u0443\u0432\u0430\u043d\u043d\u044f \u043c\u0430\u0454 \u0432\u0430\u0436\u043b\u0438\u0432\u0435 \u0437\u043d\u0430\u0447\u0435\u043d\u043d\u044f \u0456 \u0432\u043f\u043b\u0438\u0432\u0430\u0454 \u043d\u0430 \u0440\u0435\u043f\u0440\u0435\u0437\u0435\u043d\u0442\u0430\u0442\u0438\u0432\u043d\u0456\u0441\u0442\u044c \u0432\u0438\u043c\u0456\u0440\u044e\u0432\u0430\u043d\u044c. \u0417\u043e\u043a\u0440\u0435\u043c\u0430, \u0443\u043d\u0438\u043a\u0430\u0439\u0442\u0435 \u0440\u043e\u0437\u043c\u0456\u0449\u0435\u043d\u043d\u044f \u0434\u0430\u0442\u0447\u0438\u043a\u0456\u0432 \u043d\u0430 \u0432\u0456\u043a\u043d\u0430\u0445 \u0430\u0431\u043e \u0432 \u0431\u0435\u0437\u043f\u043e\u0441\u0435\u0440\u0435\u0434\u043d\u0456\u0439 \u0431\u043b\u0438\u0437\u044c\u043a\u043e\u0441\u0442\u0456 \u0432\u0456\u0434 \u043d\u0438\u0445.   <\/p>\n\n\n\n<blockquote class=\"wp-block-quote is-layout-flow wp-block-quote-is-layout-flow\">\n<p>\u041c\u0438 \u0440\u0435\u043a\u043e\u043c\u0435\u043d\u0434\u0443\u0454\u043c\u043e <strong>\u0432\u0441\u0442\u0430\u043d\u043e\u0432\u043b\u044e\u0432\u0430\u0442\u0438 \u043e\u0434\u0438\u043d \u0434\u0430\u0442\u0447\u0438\u043a CO2 \u043d\u0430 40 \u043c\u00b2 \u043f\u043b\u043e\u0449\u0456<\/strong>.<\/p>\n<\/blockquote>\n\n\n\n<div class=\"wp-block-buttons is-horizontal is-content-justification-center is-layout-flex wp-container-core-buttons-is-layout-03627597 wp-block-buttons-is-layout-flex\">\n<div class=\"wp-block-button has-custom-width wp-block-button__width-100\"><a class=\"wp-block-button__link wp-element-button\" href=\"https:\/\/obera.fr\/uk\/%D0%B7%D0%B2%D1%8F%D0%B6%D1%96%D1%82%D1%8C%D1%81%D1%8F-%D0%B7-%D0%BD%D0%B0%D0%BC%D0%B8\/\">\u0414\u0456\u0437\u043d\u0430\u0439\u0442\u0435\u0441\u044c \u0431\u0456\u043b\u044c\u0448\u0435<\/a><\/div>\n<\/div>\n\n\n\n<h2 class=\"wp-block-heading\">\u0422\u0435\u0445\u043d\u0456\u0447\u043d\u0456 \u0445\u0430\u0440\u0430\u043a\u0442\u0435\u0440\u0438\u0441\u0442\u0438\u043a\u0438<\/h2>\n\n\n\n<figure class=\"wp-block-table\"><table class=\"has-fixed-layout\"><tbody><tr><td>\u0414\u0430\u0442\u0447\u0438\u043a CO2<\/td><td>\u0422\u0435\u0445\u043d\u043e\u043b\u043e\u0433\u0456\u044f NDIR (\u043d\u0435\u0434\u0438\u0441\u043f\u0435\u0440\u0441\u0456\u0439\u043d\u0438\u0439 \u0456\u043d\u0444\u0440\u0430\u0447\u0435\u0440\u0432\u043e\u043d\u0438\u0439 \u0434\u0430\u0442\u0447\u0438\u043a) \u0437 \u0430\u0432\u0442\u043e\u043c\u0430\u0442\u0438\u0447\u043d\u0438\u043c \u043a\u0430\u043b\u0456\u0431\u0440\u0443\u0432\u0430\u043d\u043d\u044f\u043c<br>\u0414\u0456\u0430\u043f\u0430\u0437\u043e\u043d \u0432\u0438\u043c\u0456\u0440\u044e\u0432\u0430\u043d\u043d\u044f: \u0432\u0456\u0434 0 \u0434\u043e 5000 ppm (+- 60ppm)<\/td><\/tr><tr><td>\u0414\u0430\u0442\u0447\u0438\u043a \u0432\u043e\u043b\u043e\u0433\u043e\u0441\u0442\u0456 \u0442\u0430 \u0442\u0435\u043c\u043f\u0435\u0440\u0430\u0442\u0443\u0440\u0438<\/td><td>\u041d\u0435\u043e\u0431\u043e\u0432&#8217;\u044f\u0437\u043a\u043e\u0432\u043e<\/td><\/tr><tr><td>\u0417\u0435\u043b\u0435\u043d\u0438\u0439\/\u0436\u043e\u0432\u0442\u0438\u0439\/\u0447\u0435\u0440\u0432\u043e\u043d\u0438\u0439 \u0456\u043d\u0434\u0438\u043a\u0430\u0442\u043e\u0440 \u0441\u0432\u0456\u0442\u043b\u043e\u0444\u043e\u0440\u0430<\/td><td>\u0417\u0435\u043b\u0435\u043d\u0438\u0439: &lt; 800 ppm<br>\u0416\u043e\u0432\u0442\u0438\u0439: 800 &#8211; 2000 ppm<br>\u0427\u0435\u0440\u0432\u043e\u043d\u0438\u0439 &gt; 2000 ppm<\/td><\/tr><tr><td>\u0417\u0432\u0443\u043a\u043e\u0432\u0430 \u0441\u0438\u0433\u043d\u0430\u043b\u0456\u0437\u0430\u0446\u0456\u044f<\/td><td>\u041e\u043f\u0446\u0456\u044f<br>\u0421\u0438\u0433\u043d\u0430\u043b \u0442\u0440\u0438\u0432\u043e\u0433\u0438 \u043b\u0443\u043d\u0430\u0454 \u0449\u043e\u0445\u0432\u0438\u043b\u0438\u043d\u0438 \u043f\u0440\u0438 \u043f\u0435\u0440\u0435\u0432\u0438\u0449\u0435\u043d\u043d\u0456 \u043f\u043e\u0440\u043e\u0433\u043e\u0432\u043e\u0433\u043e \u0437\u043d\u0430\u0447\u0435\u043d\u043d\u044f.<\/td><\/tr><tr><td>\u041a\u0430\u0431\u0435\u043b\u044c \u0436\u0438\u0432\u043b\u0435\u043d\u043d\u044f<\/td><td>\u0411\u043b\u043e\u043a \u0436\u0438\u0432\u043b\u0435\u043d\u043d\u044f 12 \u0412 \u0437 \u0440\u043e\u0437&#8217;\u0454\u043c\u043e\u043c \u0404\u0421 \u0432 \u043a\u043e\u043c\u043f\u043b\u0435\u043a\u0442\u0456 (\u0434\u043e\u0432\u0436\u0438\u043d\u0430: 1,5 \u043c\u0435\u0442\u0440\u0430)<\/td><\/tr><tr><td>\u0415\u043b\u0435\u043a\u0442\u0440\u043e\u0436\u0438\u0432\u043b\u0435\u043d\u043d\u044f<\/td><td>12\u0412 &#8211; 34\u0412 \u0417\u041c\u0406\u041d\u041d\u041e\u0413\u041e\/\u041f\u041e\u0421\u0422\u0406\u0419\u041d\u041e\u0413\u041e \u0421\u0422\u0420\u0423\u041c\u0423<\/td><\/tr><tr><td>\u0415\u043d\u0435\u0440\u0433\u043e\u0441\u043f\u043e\u0436\u0438\u0432\u0430\u043d\u043d\u044f<\/td><td>40 &#8211; 80 \u043c\u0410<\/td><\/tr><tr><td>\u0412\u0438\u043c\u0456\u0440\u044f\u043d\u0456 \u0444\u0456\u0437\u0438\u0447\u043d\u0456 \u0432\u0435\u043b\u0438\u0447\u0438\u043d\u0438<\/td><td>CO2 \u0432 \u043f\u0440\u043e\u043c\u0456\u043b\u0435<\/td><\/tr><tr><td>\u041a\u043e\u0440\u043e\u0431\u043a\u0430<\/td><td>\u041a\u043e\u0440\u043f\u0443\u0441 \u0437 \u0410\u0411\u0421, \u0431\u0456\u043b\u0438\u0439 RAL 9010<br>\u041e\u0442\u0432\u043e\u0440\u0438 \u0434\u043b\u044f \u043d\u0430\u0441\u0442\u0456\u043d\u043d\u043e\u0433\u043e \u043a\u0440\u0456\u043f\u043b\u0435\u043d\u043d\u044f<br>\u0420\u043e\u0437\u043c\u0456\u0440\u0438 87,5 x 87,5 x 30 \u043c\u043c<\/td><\/tr><tr><td>\u041f\u0456\u0434\u0441\u0442\u0430\u0432\u043a\u0430 \u0434\u043b\u044f \u043d\u0430\u0441\u0442\u0456\u043b\u044c\u043d\u043e\u0433\u043e \u043c\u043e\u043d\u0442\u0430\u0436\u0443<\/td><td>\u0414\u043e\u0434\u0430\u0442\u043a\u043e\u0432\u0430 \u043f\u0456\u0434\u0441\u0442\u0430\u0432\u043a\u0430 \u0434\u043b\u044f \u0434\u0438\u0441\u043f\u043b\u0435\u044f<br>\u041e\u0441\u043d\u043e\u0432\u0430 \u0437 \u043d\u0435\u0440\u0436\u0430\u0432\u0456\u044e\u0447\u043e\u0457 \u0441\u0442\u0430\u043b\u0456<\/td><\/tr><tr><td>\u041a\u043b\u0430\u0441 \u0437\u0430\u0445\u0438\u0441\u0442\u0443<\/td><td>IP30<\/td><\/tr><\/tbody><\/table><\/figure>\n\n\n\n<div style=\"height:25px\" aria-hidden=\"true\" class=\"wp-block-spacer\"><\/div>\n\n\n\n<h2 class=\"wp-block-heading\">\u0406\u043d\u0448\u0456 \u0430\u043d\u0430\u043b\u0456\u0437\u0430\u0442\u043e\u0440\u0438 \u043f\u043e\u0432\u0456\u0442\u0440\u044f OberA<\/h2>\n\n\n\n<div class=\"wp-block-columns is-layout-flex wp-container-core-columns-is-layout-28f84493 wp-block-columns-is-layout-flex\">\n<div class=\"wp-block-column is-layout-flow wp-block-column-is-layout-flow\">\n<figure class=\"wp-block-image aligncenter size-thumbnail is-resized\"><a href=\"https:\/\/obera.fr\/produits\/analyseurs-air\/compteur-particules\/\"><img decoding=\"async\" width=\"150\" height=\"150\" src=\"https:\/\/obera.fr\/wp-content\/uploads\/2020\/08\/compteur-de-particules-150x150.png\" alt=\"\u041b\u0456\u0447\u0438\u043b\u044c\u043d\u0438\u043a \u0447\u0430\u0441\u0442\u0438\u043d\u043e\u043a Trotec PC220 - \u043b\u0456\u0447\u0438\u043b\u044c\u043d\u0438\u043a \u0447\u0430\u0441\u0442\u0438\u043d\u043e\u043a\" class=\"wp-image-714\" style=\"width:150px;height:150px\" srcset=\"https:\/\/obera.fr\/wp-content\/uploads\/2020\/08\/compteur-de-particules-150x150.png 150w, https:\/\/obera.fr\/wp-content\/uploads\/2020\/08\/compteur-de-particules-300x300.png 300w, https:\/\/obera.fr\/wp-content\/uploads\/2020\/08\/compteur-de-particules.png 433w\" sizes=\"(max-width: 150px) 100vw, 150px\" \/><\/a><figcaption class=\"wp-element-caption\">\u0412\u0438\u043c\u0456\u0440\u044e\u0432\u0430\u0447 \u0442\u0432\u0435\u0440\u0434\u0438\u0445 \u0447\u0430\u0441\u0442\u0438\u043d\u043e\u043a<\/figcaption><\/figure>\n<\/div>\n<\/div>\n","protected":false},"excerpt":{"rendered":"<p>\u0412\u0438\u043c\u0456\u0440\u044e\u0432\u0430\u043d\u043d\u044f \u044f\u043a\u043e\u0441\u0442\u0456 \u043f\u043e\u0432\u0456\u0442\u0440\u044f \u0437\u0430 \u0434\u043e\u043f\u043e\u043c\u043e\u0433\u043e\u044e \u0441\u0432\u0456\u0442\u043b\u043e\u0444\u043e\u0440\u0430 \u0414\u0430\u0442\u0447\u0438\u043a CO2 OBCARE \u043a\u043e\u043d\u0442\u0440\u043e\u043b\u044e\u0454 \u044f\u043a\u0456\u0441\u0442\u044c \u043f\u043e\u0432\u0456\u0442\u0440\u044f \u0432 \u0437\u0430\u043a\u0440\u0438\u0442\u0438\u0445 \u043f\u0440\u0438\u043c\u0456\u0449\u0435\u043d\u043d\u044f\u0445 \u0432 \u0440\u0435\u0436\u0438\u043c\u0456 \u0440\u0435\u0430\u043b\u044c\u043d\u043e\u0433\u043e \u0447\u0430\u0441\u0443. \u0419\u043e\u0433\u043e \u0431\u0430\u0433\u0430\u0442\u043e\u043a\u043e\u043b\u0456\u0440\u043d\u0438\u0439 \u0434\u0438\u0441\u043f\u043b\u0435\u0439 \u0437 \u043f\u043e\u043f\u0435\u0440\u0435\u0434\u0436\u0443\u0432\u0430\u043b\u044c\u043d\u0438\u043c\u0438 \u0441\u0432\u0456\u0442\u043b\u043e\u0432\u0438\u043c\u0438 \u0456\u043d\u0434\u0438\u043a\u0430\u0442\u043e\u0440\u0430\u043c\u0438 \u0434\u0430\u0454 \u043c\u0438\u0442\u0442\u0454\u0432\u0438\u0439 \u043e\u0433\u043b\u044f\u0434 \u044f\u043a\u043e\u0441\u0442\u0456 \u043f\u043e\u0432\u0456\u0442\u0440\u044f \u0456 \u0432\u0456\u0434\u043e\u0431\u0440\u0430\u0436\u0430\u0454 \u043a\u043e\u043d\u0446\u0435\u043d\u0442\u0440\u0430\u0446\u0456\u044e CO2 \u0432 \u043f\u0440\u043e\u043c\u0456\u043b\u0435. \u0426\u0456 \u0456\u043d\u0434\u0438\u043a\u0430\u0442\u043e\u0440\u0438 \u043d\u0430\u0434\u0430\u044e\u0442\u044c \u0447\u0456\u0442\u043a\u0456 \u0432\u0456\u0437\u0443\u0430\u043b\u044c\u043d\u0456 \u043f\u0456\u0434\u043a\u0430\u0437\u043a\u0438 \u0442\u0430 \u043f\u043e\u043f\u0435\u0440\u0435\u0434\u0436\u0430\u044e\u0442\u044c \u043a\u043e\u0440\u0438\u0441\u0442\u0443\u0432\u0430\u0447\u0456\u0432 \u043f\u0440\u043e \u043d\u0435\u043e\u0431\u0445\u0456\u0434\u043d\u0456 \u0434\u0456\u0457: \u043e\u0447\u0438\u0441\u0442\u0438\u0442\u0438 \u043f\u043e\u0432\u0456\u0442\u0440\u044f \u0437\u0430 \u0434\u043e\u043f\u043e\u043c\u043e\u0433\u043e\u044e \u043c\u043e\u0431\u0456\u043b\u044c\u043d\u0438\u0445 \u0443\u0441\u0442\u0430\u043d\u043e\u0432\u043e\u043a \u043e\u0447\u0438\u0449\u0435\u043d\u043d\u044f \u043f\u043e\u0432\u0456\u0442\u0440\u044f \u0442\u0430\/\u0430\u0431\u043e \u043f\u0440\u043e\u0432\u0456\u0442\u0440\u0438\u0442\u0438 \u043f\u0440\u0438\u043c\u0456\u0449\u0435\u043d\u043d\u044f \u043f\u0440\u0438\u0440\u043e\u0434\u043d\u0438\u043c \u0447\u0438\u043d\u043e\u043c. \u041f\u0435\u0440\u0435\u0432\u0430\u0433\u0438 OBCARE \u0423\u043b\u043e\u0432\u043b\u044e\u0432\u0430\u0447 CO2 \u0414\u0430\u0442\u0447\u0438\u043a CO2 OBCARE \u0431\u0435\u0437\u043f\u0435\u0440\u0435\u0440\u0432\u043d\u043e \u0432\u0438\u043c\u0456\u0440\u044e\u0454 \u044f\u043a\u0456\u0441\u0442\u044c \u043f\u043e\u0432\u0456\u0442\u0440\u044f. \u0406\u043d\u0444\u043e\u0440\u043c\u0430\u0446\u0456\u044f \u0432\u0456\u0434\u043e\u0431\u0440\u0430\u0436\u0430\u0454\u0442\u044c\u0441\u044f \u0432 \u043f\u0440\u043e\u043c\u0456\u043b\u0435 \u0432 \u0440\u0435\u0436\u0438\u043c\u0456 \u0440\u0435\u0430\u043b\u044c\u043d\u043e\u0433\u043e \u0447\u0430\u0441\u0443. \u041f\u0440\u0438\u0441\u0442\u0440\u0456\u0439 \u043b\u0435\u0433\u043a\u043e \u043d\u0430\u043b\u0430\u0448\u0442\u043e\u0432\u0443\u0432\u0430\u0442\u0438 \u0442\u0430 \u043f\u0435\u0440\u0435\u043c\u0456\u0449\u0430\u0442\u0438. \u041f\u0420\u0418\u041a\u041b\u0410\u0414\u0418 \u0413\u0410\u041b\u0423\u0417\u0415\u0419 \u0422\u0438\u043f\u0438 \u0437\u0431\u0456\u0440\u043a\u0438 \u0412\u0438\u043c\u0456\u0440\u044e\u0432\u0430\u0447 \u044f\u043a\u043e\u0441\u0442\u0456 \u043f\u043e\u0432\u0456\u0442\u0440\u044f \u043c\u043e\u0436\u0435 \u0431\u0443\u0442\u0438 \u0432\u0441\u0442\u0430\u043d\u043e\u0432\u043b\u0435\u043d\u0438\u0439 \u043d\u0430 \u0441\u0442\u043e\u043b\u0456 \u0430\u0431\u043e \u0441\u0442\u0456\u043d\u0456. &#8230; <\/p>\n<p class=\"read-more-container\"><a title=\"\u0414\u0430\u0442\u0447\u0438\u043a CO2 OBCARE\" class=\"read-more button\" href=\"https:\/\/obera.fr\/uk\/produits\/analyseurs-air\/capteur-co2-obcare\/#more-47201\" aria-label=\"\u0414\u043e\u043a\u043b\u0430\u0434\u043d\u0456\u0448\u0435 \u043f\u0440\u043e \u0414\u0430\u0442\u0447\u0438\u043a CO2 OBCARE\">Lire la suite<\/a><\/p>\n","protected":false},"author":4,"featured_media":83753,"parent":48407,"menu_order":0,"comment_status":"closed","ping_status":"closed","template":"","meta":{"_acf_changed":false,"_seopress_robots_primary_cat":"","_seopress_titles_title":"\u0414\u0430\u0442\u0447\u0438\u043a OBCARE CO2 \u0434\u043b\u044f \u0432\u0438\u043c\u0456\u0440\u044e\u0432\u0430\u043d\u043d\u044f \u044f\u043a\u043e\u0441\u0442\u0456 \u043f\u043e\u0432\u0456\u0442\u0440\u044f","_seopress_titles_desc":"\u0412\u0456\u0434\u043a\u0440\u0438\u0439\u0442\u0435 \u0434\u043b\u044f \u0441\u0435\u0431\u0435 \u043d\u0430\u0448 \u0434\u0430\u0442\u0447\u0438\u043a CO2, \u0449\u043e \u0456\u0434\u0435\u0430\u043b\u044c\u043d\u043e \u0434\u043e\u043f\u043e\u0432\u043d\u044e\u0454 \u043b\u0456\u043a\u0443\u0432\u0430\u043d\u043d\u044f covid-19. \u041f\u043e\u043a\u0430\u0437\u0443\u0454 \u0440\u0456\u0432\u0435\u043d\u044c CO2 \u0432 \u043f\u0440\u043e\u043c\u0456\u043b\u0435 \u0442\u0430 \u043d\u0430\u0434\u0430\u0454 \u043e\u043f\u0435\u0440\u0430\u0442\u0438\u0432\u043d\u0443 \u0456\u043d\u0444\u043e\u0440\u043c\u0430\u0446\u0456\u044e \u043f\u0440\u043e \u044f\u043a\u0456\u0441\u0442\u044c \u043f\u043e\u0432\u0456\u0442\u0440\u044f.","_seopress_robots_index":"","footnotes":""},"class_list":{"0":"post-47201","1":"page","2":"type-page","3":"status-publish","4":"has-post-thumbnail","6":"no-featured-image-padding","7":"resize-featured-image"},"acf":[],"_links":{"self":[{"href":"https:\/\/obera.fr\/uk\/wp-json\/wp\/v2\/pages\/47201","targetHints":{"allow":["GET"]}}],"collection":[{"href":"https:\/\/obera.fr\/uk\/wp-json\/wp\/v2\/pages"}],"about":[{"href":"https:\/\/obera.fr\/uk\/wp-json\/wp\/v2\/types\/page"}],"author":[{"embeddable":true,"href":"https:\/\/obera.fr\/uk\/wp-json\/wp\/v2\/users\/4"}],"replies":[{"embeddable":true,"href":"https:\/\/obera.fr\/uk\/wp-json\/wp\/v2\/comments?post=47201"}],"version-history":[{"count":5,"href":"https:\/\/obera.fr\/uk\/wp-json\/wp\/v2\/pages\/47201\/revisions"}],"predecessor-version":[{"id":108429,"href":"https:\/\/obera.fr\/uk\/wp-json\/wp\/v2\/pages\/47201\/revisions\/108429"}],"up":[{"embeddable":true,"href":"https:\/\/obera.fr\/uk\/wp-json\/wp\/v2\/pages\/48407"}],"wp:featuredmedia":[{"embeddable":true,"href":"https:\/\/obera.fr\/uk\/wp-json\/wp\/v2\/media\/83753"}],"wp:attachment":[{"href":"https:\/\/obera.fr\/uk\/wp-json\/wp\/v2\/media?parent=47201"}],"curies":[{"name":"wp","href":"https:\/\/api.w.org\/{rel}","templated":true}]}}