{"id":48361,"date":"2020-08-26T13:00:52","date_gmt":"2020-08-26T11:00:52","guid":{"rendered":"https:\/\/obera.fr\/%d0%bb%d1%96%d1%87%d0%b8%d0%bb%d1%8c%d0%bd%d0%b8%d0%ba-%d1%87%d0%b0%d1%81%d1%82%d0%b8%d0%bd%d0%be%d0%ba\/"},"modified":"2025-06-03T15:20:09","modified_gmt":"2025-06-03T13:20:09","slug":"compteur-particules","status":"publish","type":"page","link":"https:\/\/obera.fr\/uk\/produits\/analyseurs-air\/compteur-particules\/","title":{"rendered":"\u041b\u0456\u0447\u0438\u043b\u044c\u043d\u0438\u043a \u0447\u0430\u0441\u0442\u0438\u043d\u043e\u043a"},"content":{"rendered":"\n<h2 class=\"wp-block-heading\">\u041c\u043e\u043d\u0456\u0442\u043e\u0440\u0438\u043d\u0433 \u0440\u0456\u0432\u043d\u044f \u043f\u0438\u043b\u0443<\/h2>\n\n\n\n<div class=\"wp-block-columns is-layout-flex wp-container-core-columns-is-layout-28f84493 wp-block-columns-is-layout-flex\">\n<div class=\"wp-block-column is-layout-flow wp-block-column-is-layout-flow\" style=\"flex-basis:33.33%\">\n<figure class=\"wp-block-image aligncenter size-thumbnail\"><img decoding=\"async\" width=\"150\" height=\"150\" src=\"https:\/\/obera.fr\/wp-content\/uploads\/2020\/08\/compteur-de-particules-150x150.png\" alt=\"\u0412\u0438\u043c\u0456\u0440\u044e\u0432\u0430\u0447 \u0442\u0432\u0435\u0440\u0434\u0438\u0445 \u0447\u0430\u0441\u0442\u0438\u043d\u043e\u043a\" class=\"wp-image-714\" srcset=\"https:\/\/obera.fr\/wp-content\/uploads\/2020\/08\/compteur-de-particules-150x150.png 150w, https:\/\/obera.fr\/wp-content\/uploads\/2020\/08\/compteur-de-particules-300x300.png 300w, https:\/\/obera.fr\/wp-content\/uploads\/2020\/08\/compteur-de-particules.png 433w\" sizes=\"(max-width: 150px) 100vw, 150px\" \/><figcaption class=\"wp-element-caption\">\u0412\u0438\u043c\u0456\u0440\u044e\u0432\u0430\u0447 \u0442\u0432\u0435\u0440\u0434\u0438\u0445 \u0447\u0430\u0441\u0442\u0438\u043d\u043e\u043a<\/figcaption><\/figure>\n<\/div>\n\n\n\n<div class=\"wp-block-column is-layout-flow wp-block-column-is-layout-flow\" style=\"flex-basis:66.66%\">\n<p><strong>\u041b\u0456\u0447\u0438\u043b\u044c\u043d\u0438\u043a \u0447\u0430\u0441\u0442\u0438\u043d\u043e\u043a OberA<\/strong> &#8211; \u0446\u0435 \u0443\u043d\u0456\u0432\u0435\u0440\u0441\u0430\u043b\u044c\u043d\u0438\u0439 \u043f\u0440\u0438\u043b\u0430\u0434 \u0434\u043b\u044f \u043f\u0456\u0434\u0440\u0430\u0445\u0443\u043d\u043a\u0443 \u0447\u0430\u0441\u0442\u0438\u043d\u043e\u043a \u0443 \u043f\u043e\u0432\u0456\u0442\u0440\u0456.  <\/p>\n\n\n\n<p>\u0412\u0456\u043d \u0437\u0434\u0430\u0442\u043d\u0438\u0439 \u043e\u0431\u0447\u0438\u0441\u043b\u044e\u0432\u0430\u0442\u0438 \u0448\u0456\u0441\u0442\u044c \u0440\u0456\u0437\u043d\u0438\u0445 \u0433\u0440\u0430\u043d\u0443\u043b\u043e\u043c\u0435\u0442\u0440\u0438\u0447\u043d\u0438\u0445 \u0444\u0440\u0430\u043a\u0446\u0456\u0439 \u043f\u0438\u043b\u0443 (\u0447\u0430\u0441\u0442\u0438\u043d\u043a\u0438 \u0432\u0456\u0434 0,3 \u0434\u043e 10 \u043c\u043a\u043c), \u0430 \u0442\u0430\u043a\u043e\u0436 \u0440\u0435\u0454\u0441\u0442\u0440\u0443\u0432\u0430\u0442\u0438 \u0432\u043e\u043b\u043e\u0433\u0456\u0441\u0442\u044c \u0456 \u0442\u0435\u043c\u043f\u0435\u0440\u0430\u0442\u0443\u0440\u0443 \u043d\u0430\u0432\u043a\u043e\u043b\u0438\u0448\u043d\u044c\u043e\u0433\u043e \u0441\u0435\u0440\u0435\u0434\u043e\u0432\u0438\u0449\u0430.  <\/p>\n\n\n\n<p>\u0426\u0435 \u0440\u043e\u0431\u0438\u0442\u044c \u043b\u0456\u0447\u0438\u043b\u044c\u043d\u0438\u043a \u0447\u0430\u0441\u0442\u0438\u043d\u043e\u043a \u0443\u043d\u0456\u0432\u0435\u0440\u0441\u0430\u043b\u044c\u043d\u0438\u043c \u043e\u0431\u043b\u0430\u0434\u043d\u0430\u043d\u043d\u044f\u043c.<\/p>\n\n\n\n<hr class=\"wp-block-separator has-text-color has-black-color has-css-opacity has-black-background-color has-background is-style-dots\"\/>\n\n\n\n<div class=\"wp-block-columns is-layout-flex wp-container-core-columns-is-layout-28f84493 wp-block-columns-is-layout-flex\">\n<div class=\"wp-block-column is-layout-flow wp-block-column-is-layout-flow\" style=\"flex-basis:33.33%\">\n<div class=\"wp-block-buttons is-layout-flex wp-block-buttons-is-layout-flex\">\n<div class=\"wp-block-button\"><a class=\"wp-block-button__link wp-element-button\" href=\"https:\/\/obera.fr\/wp-content\/uploads\/2025\/04\/brochure-obdt-9883m-en.pdf\"><strong>\u0417\u0410\u0412\u0410\u041d\u0422\u0410\u0416\u0418\u0422\u0418<\/strong>\u0411\u0420\u041e\u0428\u0423\u0420\u0423<\/a><\/div>\n<\/div>\n<\/div>\n\n\n\n<div class=\"wp-block-column is-layout-flow wp-block-column-is-layout-flow\" style=\"flex-basis:33.34%\">\n<div class=\"wp-block-buttons is-horizontal is-content-justification-center is-layout-flex wp-container-core-buttons-is-layout-03627597 wp-block-buttons-is-layout-flex\">\n<div class=\"wp-block-button has-custom-width wp-block-button__width-100\"><a class=\"wp-block-button__link wp-element-button\" href=\"https:\/\/obera.fr\/uk\/%D0%B7%D0%B2%D1%8F%D0%B6%D1%96%D1%82%D1%8C%D1%81%D1%8F-%D0%B7-%D0%BD%D0%B0%D0%BC%D0%B8\/\">\u0414\u0456\u0437\u043d\u0430\u0439\u0442\u0435\u0441\u044c \u0431\u0456\u043b\u044c\u0448\u0435<\/a><\/div>\n<\/div>\n<\/div>\n\n\n\n<div class=\"wp-block-column is-layout-flow wp-block-column-is-layout-flow\" style=\"flex-basis:33.34%\">\n<div class=\"wp-block-buttons is-content-justification-center is-layout-flex wp-container-core-buttons-is-layout-a89b3969 wp-block-buttons-is-layout-flex\">\n<div class=\"wp-block-button btn-devis-source\"><a class=\"wp-block-button__link wp-element-button\" href=\"https:\/\/obera.fr\/uk\/devis\/\">\u0417\u0430\u043f\u0440\u043e\u0441\u0438\u0442\u0438 \u043f\u0440\u043e\u043f\u043e\u0437\u0438\u0446\u0456\u044e<\/a><\/div>\n<\/div>\n\n\n<script>\r\ndocument.addEventListener('DOMContentLoaded', function() {\r\n    \/\/ 1. On cherche le titre H1 de la page\r\n    var h1 = document.querySelector('h1');\r\n    var productTitle = h1 ? h1.innerText.trim() : \"\";\r\n\r\n    \/\/ 2. On cherche les boutons via la classe CSS .btn-devis-source\r\n    var buttons = document.querySelectorAll('.btn-devis-source a');\r\n\r\n    \/\/ 3. Si on a le titre et les boutons, on ajoute le param\u00e8tre\r\n    if (buttons.length > 0 && productTitle !== \"\") {\r\n        var encodedTitle = encodeURIComponent(productTitle);\r\n\r\n        buttons.forEach(function(btn) {\r\n            var currentHref = btn.getAttribute('href');\r\n            \r\n            \/\/ S\u00e9curit\u00e9 pour ne pas ajouter le param\u00e8tre 2 fois\r\n            if (currentHref.indexOf('sujet=') === -1) {\r\n                var separator = currentHref.indexOf('?') !== -1 ? '&' : '?';\r\n                var newLink = currentHref + separator + 'sujet=' + encodedTitle;\r\n                \r\n                btn.setAttribute('href', newLink);\r\n            }\r\n        });\r\n    }\r\n});\r\n<\/script><\/div>\n<\/div>\n\n\n\n<p><\/p>\n<\/div>\n<\/div>\n\n\n\n<h2 class=\"wp-block-heading\">\u041f\u0435\u0440\u0435\u0432\u0430\u0433\u0438 \u043b\u0456\u0447\u0438\u043b\u044c\u043d\u0438\u043a\u0456\u0432 \u0447\u0430\u0441\u0442\u0438\u043d\u043e\u043a<\/h2>\n\n\n\n<div class=\"wp-block-columns is-layout-flex wp-container-core-columns-is-layout-28f84493 wp-block-columns-is-layout-flex\">\n<div class=\"wp-block-column is-layout-flow wp-block-column-is-layout-flow\">\n<h3 class=\"wp-block-heading has-text-align-center\"><strong>\u041f\u0435\u0440\u0435\u0432\u0430\u0433\u0438<\/strong><\/h3>\n\n\n\n<ul class=\"wp-block-list\">\n<li>\u0412\u0438\u044f\u0432\u043b\u044f\u0454 6 \u0440\u043e\u0437\u043c\u0456\u0440\u0456\u0432 (0,3\/0,5\/1,0\/2,5\/5,0\/10 \u043c\u043a\u043c)<\/li>\n\n\n\n<li>\u0412\u0438\u043c\u0456\u0440\u044e\u0432\u0430\u043d\u043d\u044f \u0442\u0435\u043c\u043f\u0435\u0440\u0430\u0442\u0443\u0440\u0438 \u0442\u0430 \u0432\u043e\u043b\u043e\u0433\u043e\u0441\u0442\u0456<\/li>\n\n\n\n<li>\u0412\u0431\u0443\u0434\u043e\u0432\u0430\u043d\u0430 \u043a\u0430\u043c\u0435\u0440\u0430 \u0434\u043b\u044f \u0437\u0430\u043f\u0438\u0441\u0443 \u0437\u043e\u0431\u0440\u0430\u0436\u0435\u043d\u044c \u0456 \u0432\u0456\u0434\u0435\u043e<\/li>\n<\/ul>\n<\/div>\n\n\n\n<div class=\"wp-block-column is-layout-flow wp-block-column-is-layout-flow\">\n<h3 class=\"wp-block-heading has-text-align-center\"><strong>\u041f\u0440\u0438\u043a\u043b\u0430\u0434\u0438 \u0433\u0430\u043b\u0443\u0437\u0435\u0439-\u043a\u043e\u0440\u0438\u0441\u0442\u0443\u0432\u0430\u0447\u0456\u0432<\/strong><\/h3>\n\n\n\n<ul class=\"wp-block-list\">\n<li>\u0421\u0456\u0440\u0456 \u043a\u0456\u043c\u043d\u0430\u0442\u0438<\/li>\n\n\n\n<li>\u041c\u0430\u0448\u0438\u043d\u043e\u0431\u0443\u0434\u0443\u0432\u0430\u043d\u043d\u044f<\/li>\n\n\n\n<li>\u041c\u0435\u0442\u0430\u043b\u0443\u0440\u0433\u0456\u044f<\/li>\n\n\n\n<li>\u041f\u043b\u0430\u0441\u0442\u043c\u0430\u0441\u0438<\/li>\n\n\n\n<li>\u0414\u0435\u0440\u0435\u0432\u043e<\/li>\n\n\n\n<li>\u041d\u0430\u0444\u0442\u043e\u0445\u0456\u043c\u0456\u044f<\/li>\n\n\n\n<li>\u041f\u043e\u043b\u0456\u043c\u0435\u0440\u0438 \u0442\u0430 \u043f\u043b\u0430\u0441\u0442\u043c\u0430\u0441\u0438<\/li>\n\n\n\n<li>\u0424\u0430\u0440\u043c\u0430\u0446\u0435\u0432\u0442\u0438\u043a\u0430<\/li>\n\n\n\n<li>\u0425\u0430\u0440\u0447\u043e\u0432\u0430 \u043f\u0440\u043e\u043c\u0438\u0441\u043b\u043e\u0432\u0456\u0441\u0442\u044c<\/li>\n<\/ul>\n<\/div>\n<\/div>\n\n\n\n<h2 class=\"wp-block-heading\">\u0412\u0438\u043c\u0456\u0440\u044e\u0432\u0430\u043d\u043d\u044f \u0437\u0430\u0431\u0440\u0443\u0434\u043d\u044e\u044e\u0447\u0438\u0445 \u0440\u0435\u0447\u043e\u0432\u0438\u043d<\/h2>\n\n\n\n<div class=\"wp-block-columns is-layout-flex wp-container-core-columns-is-layout-28f84493 wp-block-columns-is-layout-flex\">\n<div class=\"wp-block-column is-layout-flow wp-block-column-is-layout-flow\">\n<h3 class=\"wp-block-heading\"><strong>\u0414\u0430\u0442\u0447\u0438\u043a \u043f\u0438\u043b\u0443 PM 0,3 \u0434\u043e PM 10<\/strong><\/h3>\n\n\n\n<p>(\u0447\u0430\u0441\u0442\u0438\u043d\u043a\u0438 \u0440\u043e\u0437\u043c\u0456\u0440\u043e\u043c \u0432\u0456\u0434 0,3 \u043c\u043a\u0433 \u0434\u043e 10 \u043c\u043a\u043c)<\/p>\n\n\n\n<p>\u0410\u043d\u0430\u043b\u0456\u0437\u0430\u0442\u043e\u0440 \u0447\u0430\u0441\u0442\u0438\u043d\u043e\u043a oberA \u043c\u043e\u0436\u0435 \u043e\u0434\u043d\u043e\u0447\u0430\u0441\u043d\u043e \u0432\u0438\u043c\u0456\u0440\u044e\u0432\u0430\u0442\u0438 6 \u0440\u043e\u0437\u043c\u0456\u0440\u0456\u0432 \u0447\u0430\u0441\u0442\u0438\u043d\u043e\u043a. :<\/p>\n\n\n\n<p>0,3 \u043c\u043a\u043c \/ 0,5 \u043c\u043a\u043c \/ 1 \u043c\u043a\u043c \/ 2,5 \u043c\u043a\u043c \/ 5 \u043c\u043a\u043c \/ 10 \u043c\u043a\u043c<\/p>\n<\/div>\n\n\n\n<div class=\"wp-block-column is-layout-flow wp-block-column-is-layout-flow\">\n<h3 class=\"wp-block-heading\"><strong>\u0414\u0430\u0442\u0447\u0438\u043a \u0442\u0435\u043c\u043f\u0435\u0440\u0430\u0442\u0443\u0440\u0438<\/strong><\/h3>\n\n\n\n<p>\u0414\u0456\u0430\u043f\u0430\u0437\u043e\u043d \u0432\u0438\u043c\u0456\u0440\u044e\u0432\u0430\u043d\u043d\u044f \u0432\u0456\u0434 -0 \u0434\u043e +50 \u00b0C<\/p>\n<\/div>\n\n\n\n<div class=\"wp-block-column is-layout-flow wp-block-column-is-layout-flow\">\n<h3 class=\"wp-block-heading\"><strong>\u0412\u0456\u0434\u043d\u043e\u0441\u043d\u0430 \u0432\u043e\u043b\u043e\u0433\u0456\u0441\u0442\u044c \u043f\u043e\u0432\u0456\u0442\u0440\u044f<\/strong><\/h3>\n\n\n\n<p>\u0412\u0438\u043c\u0456\u0440\u044e\u0454 \u0432\u0456\u0434 0 \u0434\u043e 100% \u0432\u0456\u0434\u043d\u043e\u0441\u043d\u043e\u0457 \u0432\u043e\u043b\u043e\u0433\u043e\u0441\u0442\u0456<\/p>\n<\/div>\n<\/div>\n\n\n\n<div class=\"wp-block-buttons is-horizontal is-content-justification-center is-layout-flex wp-container-core-buttons-is-layout-03627597 wp-block-buttons-is-layout-flex\">\n<div class=\"wp-block-button\"><a class=\"wp-block-button__link wp-element-button\" href=\"https:\/\/obera.fr\/wp-content\/uploads\/2024\/02\/brochure-compteur-de-particules-.pdf\">\u0417\u0430\u0432\u0430\u043d\u0442\u0430\u0436\u0438\u0442\u0438 \u043b\u0438\u0441\u0442\u043e\u043a \u0437 \u0456\u043d\u0444\u043e\u0440\u043c\u0430\u0446\u0456\u0454\u044e \u043f\u0440\u043e \u043f\u0440\u043e\u0434\u0443\u043a\u0442<\/a><\/div>\n<\/div>\n\n\n\n<hr class=\"wp-block-separator has-css-opacity is-style-dots\"\/>\n\n\n\n<h2 class=\"wp-block-heading\">\u0406\u043d\u0448\u0456 \u0430\u043d\u0430\u043b\u0456\u0437\u0430\u0442\u043e\u0440\u0438 \u043f\u043e\u0432\u0456\u0442\u0440\u044f OberA<\/h2>\n\n\n\n<div class=\"wp-block-columns is-layout-flex wp-container-core-columns-is-layout-28f84493 wp-block-columns-is-layout-flex\">\n<div class=\"wp-block-column is-layout-flow wp-block-column-is-layout-flow\"><\/div>\n\n\n\n<div class=\"wp-block-column is-layout-flow wp-block-column-is-layout-flow\">\n<figure class=\"wp-block-image aligncenter size-medium is-resized\"><a href=\"https:\/\/obera.fr\/produits\/analyseurs-air\/capteur-co2-obcare\/\"><img decoding=\"async\" width=\"300\" height=\"212\" src=\"https:\/\/obera.fr\/wp-content\/uploads\/2021\/09\/Capteur_CO2_OBCARE-2-300x212.png\" alt=\"\u0434\u0430\u0442\u0447\u0438\u043a co2 obcare\" class=\"wp-image-6918\" srcset=\"https:\/\/obera.fr\/wp-content\/uploads\/2021\/09\/Capteur_CO2_OBCARE-2-300x212.png 300w, https:\/\/obera.fr\/wp-content\/uploads\/2021\/09\/Capteur_CO2_OBCARE-2-768x542.png 768w, https:\/\/obera.fr\/wp-content\/uploads\/2021\/09\/Capteur_CO2_OBCARE-2.png 921w\" sizes=\"(max-width: 300px) 100vw, 300px\" \/><\/a><figcaption class=\"wp-element-caption\">OBCARE<\/figcaption><\/figure>\n<\/div>\n\n\n\n<div class=\"wp-block-column is-layout-flow wp-block-column-is-layout-flow\"><\/div>\n\n\n\n<div class=\"wp-block-column is-layout-flow wp-block-column-is-layout-flow\"><\/div>\n<\/div>\n\n\n\n<p><\/p>\n","protected":false},"excerpt":{"rendered":"<p>\u041c\u043e\u043d\u0456\u0442\u043e\u0440\u0438\u043d\u0433 \u0440\u0456\u0432\u043d\u044f \u043f\u0438\u043b\u0443 \u041b\u0456\u0447\u0438\u043b\u044c\u043d\u0438\u043a \u0447\u0430\u0441\u0442\u0438\u043d\u043e\u043a OberA &#8211; \u0446\u0435 \u0443\u043d\u0456\u0432\u0435\u0440\u0441\u0430\u043b\u044c\u043d\u0438\u0439 \u043f\u0440\u0438\u043b\u0430\u0434 \u0434\u043b\u044f \u043f\u0456\u0434\u0440\u0430\u0445\u0443\u043d\u043a\u0443 \u0447\u0430\u0441\u0442\u0438\u043d\u043e\u043a \u0443 \u043f\u043e\u0432\u0456\u0442\u0440\u0456. \u0412\u0456\u043d \u0437\u0434\u0430\u0442\u043d\u0438\u0439 \u043e\u0431\u0447\u0438\u0441\u043b\u044e\u0432\u0430\u0442\u0438 \u0448\u0456\u0441\u0442\u044c \u0440\u0456\u0437\u043d\u0438\u0445 \u0433\u0440\u0430\u043d\u0443\u043b\u043e\u043c\u0435\u0442\u0440\u0438\u0447\u043d\u0438\u0445 \u0444\u0440\u0430\u043a\u0446\u0456\u0439 \u043f\u0438\u043b\u0443 (\u0447\u0430\u0441\u0442\u0438\u043d\u043a\u0438 \u0432\u0456\u0434 0,3 \u0434\u043e 10 \u043c\u043a\u043c), \u0430 \u0442\u0430\u043a\u043e\u0436 \u0440\u0435\u0454\u0441\u0442\u0440\u0443\u0432\u0430\u0442\u0438 \u0432\u043e\u043b\u043e\u0433\u0456\u0441\u0442\u044c \u0456 \u0442\u0435\u043c\u043f\u0435\u0440\u0430\u0442\u0443\u0440\u0443 \u043d\u0430\u0432\u043a\u043e\u043b\u0438\u0448\u043d\u044c\u043e\u0433\u043e \u0441\u0435\u0440\u0435\u0434\u043e\u0432\u0438\u0449\u0430. \u0426\u0435 \u0440\u043e\u0431\u0438\u0442\u044c \u043b\u0456\u0447\u0438\u043b\u044c\u043d\u0438\u043a \u0447\u0430\u0441\u0442\u0438\u043d\u043e\u043a \u0443\u043d\u0456\u0432\u0435\u0440\u0441\u0430\u043b\u044c\u043d\u0438\u043c \u043e\u0431\u043b\u0430\u0434\u043d\u0430\u043d\u043d\u044f\u043c. \u041f\u0435\u0440\u0435\u0432\u0430\u0433\u0438 \u043b\u0456\u0447\u0438\u043b\u044c\u043d\u0438\u043a\u0456\u0432 \u0447\u0430\u0441\u0442\u0438\u043d\u043e\u043a \u041f\u0435\u0440\u0435\u0432\u0430\u0433\u0438 \u041f\u0440\u0438\u043a\u043b\u0430\u0434\u0438 \u0433\u0430\u043b\u0443\u0437\u0435\u0439-\u043a\u043e\u0440\u0438\u0441\u0442\u0443\u0432\u0430\u0447\u0456\u0432 \u0412\u0438\u043c\u0456\u0440\u044e\u0432\u0430\u043d\u043d\u044f \u0437\u0430\u0431\u0440\u0443\u0434\u043d\u044e\u044e\u0447\u0438\u0445 \u0440\u0435\u0447\u043e\u0432\u0438\u043d \u0414\u0430\u0442\u0447\u0438\u043a \u043f\u0438\u043b\u0443 PM 0,3 \u0434\u043e PM 10 (\u0447\u0430\u0441\u0442\u0438\u043d\u043a\u0438 \u0440\u043e\u0437\u043c\u0456\u0440\u043e\u043c \u0432\u0456\u0434 0,3 \u043c\u043a\u0433 \u0434\u043e 10 \u043c\u043a\u043c) \u0410\u043d\u0430\u043b\u0456\u0437\u0430\u0442\u043e\u0440 \u0447\u0430\u0441\u0442\u0438\u043d\u043e\u043a oberA \u043c\u043e\u0436\u0435 \u043e\u0434\u043d\u043e\u0447\u0430\u0441\u043d\u043e \u0432\u0438\u043c\u0456\u0440\u044e\u0432\u0430\u0442\u0438 6 \u0440\u043e\u0437\u043c\u0456\u0440\u0456\u0432 \u0447\u0430\u0441\u0442\u0438\u043d\u043e\u043a. : 0,3 \u043c\u043a\u043c \/ 0,5 \u043c\u043a\u043c \/ 1 \u043c\u043a\u043c \/ 2,5 \u043c\u043a\u043c \/ 5 \u043c\u043a\u043c \/ 10 \u043c\u043a\u043c \u0414\u0430\u0442\u0447\u0438\u043a \u0442\u0435\u043c\u043f\u0435\u0440\u0430\u0442\u0443\u0440\u0438 \u0414\u0456\u0430\u043f\u0430\u0437\u043e\u043d \u0432\u0438\u043c\u0456\u0440\u044e\u0432\u0430\u043d\u043d\u044f \u0432\u0456\u0434 -0 &#8230; <\/p>\n<p class=\"read-more-container\"><a title=\"\u041b\u0456\u0447\u0438\u043b\u044c\u043d\u0438\u043a \u0447\u0430\u0441\u0442\u0438\u043d\u043e\u043a\" class=\"read-more button\" href=\"https:\/\/obera.fr\/uk\/produits\/analyseurs-air\/compteur-particules\/#more-48361\" aria-label=\"\u0414\u043e\u043a\u043b\u0430\u0434\u043d\u0456\u0448\u0435 \u043f\u0440\u043e \u041b\u0456\u0447\u0438\u043b\u044c\u043d\u0438\u043a \u0447\u0430\u0441\u0442\u0438\u043d\u043e\u043a\">Lire la suite<\/a><\/p>\n","protected":false},"author":4,"featured_media":83753,"parent":48407,"menu_order":0,"comment_status":"closed","ping_status":"closed","template":"","meta":{"_acf_changed":false,"_seopress_robots_primary_cat":"","_seopress_titles_title":"Compteur de particules de poussi\u00e8res dans l'air","_seopress_titles_desc":"Le compteur oberA permet de compter des particules dans l\u2019air. Il est capable de calculer six fractions granulom\u00e9triques de poussi\u00e8res diff\u00e9rentes.","_seopress_robots_index":"","footnotes":""},"class_list":{"0":"post-48361","1":"page","2":"type-page","3":"status-publish","4":"has-post-thumbnail","6":"no-featured-image-padding","7":"resize-featured-image"},"acf":[],"_links":{"self":[{"href":"https:\/\/obera.fr\/uk\/wp-json\/wp\/v2\/pages\/48361","targetHints":{"allow":["GET"]}}],"collection":[{"href":"https:\/\/obera.fr\/uk\/wp-json\/wp\/v2\/pages"}],"about":[{"href":"https:\/\/obera.fr\/uk\/wp-json\/wp\/v2\/types\/page"}],"author":[{"embeddable":true,"href":"https:\/\/obera.fr\/uk\/wp-json\/wp\/v2\/users\/4"}],"replies":[{"embeddable":true,"href":"https:\/\/obera.fr\/uk\/wp-json\/wp\/v2\/comments?post=48361"}],"version-history":[{"count":3,"href":"https:\/\/obera.fr\/uk\/wp-json\/wp\/v2\/pages\/48361\/revisions"}],"predecessor-version":[{"id":108453,"href":"https:\/\/obera.fr\/uk\/wp-json\/wp\/v2\/pages\/48361\/revisions\/108453"}],"up":[{"embeddable":true,"href":"https:\/\/obera.fr\/uk\/wp-json\/wp\/v2\/pages\/48407"}],"wp:featuredmedia":[{"embeddable":true,"href":"https:\/\/obera.fr\/uk\/wp-json\/wp\/v2\/media\/83753"}],"wp:attachment":[{"href":"https:\/\/obera.fr\/uk\/wp-json\/wp\/v2\/media?parent=48361"}],"curies":[{"name":"wp","href":"https:\/\/api.w.org\/{rel}","templated":true}]}}