{"id":48529,"date":"2020-05-01T17:18:39","date_gmt":"2020-05-01T15:18:39","guid":{"rendered":"https:\/\/obera.fr\/%d0%bd%d0%b0%d1%88%d0%b0-%d0%bf%d1%80%d0%be%d0%b4%d1%83%d0%ba%d1%86%d1%96%d1%8f\/%d0%bf%d1%80%d0%be%d0%bc%d0%b8%d1%81%d0%bb%d0%be%d0%b2%d1%96-%d0%bf%d0%b8%d0%bb%d0%be%d1%81%d0%be%d1%81%d0%b8\/"},"modified":"2025-04-22T09:37:50","modified_gmt":"2025-04-22T07:37:50","slug":"aspirateurs-industriels","status":"publish","type":"page","link":"https:\/\/obera.fr\/uk\/produits\/aspirateurs-industriels\/","title":{"rendered":"\u041f\u0440\u043e\u043c\u0438\u0441\u043b\u043e\u0432\u0456 \u043f\u0438\u043b\u043e\u0441\u043e\u0441\u0438"},"content":{"rendered":"\n<p>\u0412\u0438\u0441\u043e\u043a\u043e\u043f\u0440\u043e\u0434\u0443\u043a\u0442\u0438\u0432\u043d\u0456 <strong>\u043f\u0440\u043e\u043c\u0438\u0441\u043b\u043e\u0432\u0456 \u043f\u0438\u043b\u043e\u0441\u043e\u0441\u0438<\/strong> \u0434\u043b\u044f \u043f\u0440\u0438\u0431\u0438\u0440\u0430\u043d\u043d\u044f \u0432\u0441\u0456\u0445 \u0432\u0438\u0434\u0456\u0432 \u0441\u0443\u0445\u043e\u0433\u043e \u043f\u0438\u043b\u0443 \u0437 \u043f\u0456\u0434\u043b\u043e\u0433\u0438 \u0442\u0430 \u0440\u043e\u0431\u043e\u0447\u0438\u0445 \u043f\u0440\u0438\u043c\u0456\u0449\u0435\u043d\u044c.<\/p>\n\n<div class=\"wp-block-buttons is-horizontal is-content-justification-center is-layout-flex wp-container-core-buttons-is-layout-03627597 wp-block-buttons-is-layout-flex\">\n<div class=\"wp-block-button has-custom-width wp-block-button__width-100\"><a class=\"wp-block-button__link wp-element-button\" href=\"https:\/\/obera.fr\/uk\/%D0%B7%D0%B2%D1%8F%D0%B6%D1%96%D1%82%D1%8C%D1%81%D1%8F-%D0%B7-%D0%BD%D0%B0%D0%BC%D0%B8\/\">\u0414\u0456\u0437\u043d\u0430\u0439\u0442\u0435\u0441\u044c \u0431\u0456\u043b\u044c\u0448\u0435<\/a><\/div>\n<\/div>\n\n<p><\/p>\n\n<h2 class=\"wp-block-heading\">\u041d\u0430\u0448\u0456 \u043f\u0440\u043e\u043c\u0438\u0441\u043b\u043e\u0432\u0456 \u043f\u0438\u043b\u043e\u0441\u043e\u0441\u0438 \u0434\u043b\u044f \u0441\u0443\u0445\u043e\u0433\u043e \u0442\u0430 \u0432\u043e\u043b\u043e\u0433\u043e\u0433\u043e \u043f\u0440\u0438\u0431\u0438\u0440\u0430\u043d\u043d\u044f<\/h2>\n\n<div class=\"wp-block-columns is-layout-flex wp-container-core-columns-is-layout-28f84493 wp-block-columns-is-layout-flex\">\n<div class=\"wp-block-column is-layout-flow wp-block-column-is-layout-flow\">\n<h3 class=\"wp-block-heading has-text-align-center\"><a href=\"https:\/\/obera.fr\/uk\/produits\/aspirateurs-industriels\/w2-xr-atex-22\/\" data-type=\"page\" data-id=\"29423\">W2 XR<\/a><\/h3>\n\n\n\n<figure class=\"wp-block-image aligncenter size-full is-resized\"><a href=\"https:\/\/obera.fr\/produits\/aspirateurs-industriels\/w2-xr-atex-22\/\"><img decoding=\"async\" width=\"566\" height=\"671\" src=\"https:\/\/obera.fr\/wp-content\/uploads\/2024\/10\/w2-xr-2.png\" alt=\"&#x41F;&#x440;&#x43E;&#x43C;&#x438;&#x441;&#x43B;&#x43E;&#x432;&#x456; &#x43F;&#x438;&#x43B;&#x43E;&#x441;&#x43E;&#x441;&#x438;  \" class=\"wp-image-35431\" style=\"width:250px\" srcset=\"https:\/\/obera.fr\/wp-content\/uploads\/2024\/10\/w2-xr-2.png 566w, https:\/\/obera.fr\/wp-content\/uploads\/2024\/10\/w2-xr-2-253x300.png 253w\" sizes=\"(max-width: 566px) 100vw, 566px\" \/><\/a><\/figure>\n<\/div>\n\n\n\n<div class=\"wp-block-column is-layout-flow wp-block-column-is-layout-flow\">\n<h3 class=\"wp-block-heading has-text-align-center\"><a href=\"https:\/\/obera.fr\/uk\/produits\/aspirateurs-industriels\/w2-haute-filtration-polyvalence\/\" data-type=\"page\" data-id=\"29386\">W2<\/a><\/h3>\n\n\n\n<figure class=\"wp-block-image aligncenter size-full is-resized\"><a href=\"https:\/\/obera.fr\/produits\/aspirateurs-industriels\/w2-haute-filtration-polyvalence\/\"><img decoding=\"async\" width=\"711\" height=\"622\" src=\"https:\/\/obera.fr\/wp-content\/uploads\/2024\/10\/w2.png\" alt=\"&#x41F;&#x440;&#x43E;&#x43C;&#x438;&#x441;&#x43B;&#x43E;&#x432;&#x456; &#x43F;&#x438;&#x43B;&#x43E;&#x441;&#x43E;&#x441;&#x438;  \" class=\"wp-image-35424\" style=\"object-fit:cover;width:250px;height:280px\" srcset=\"https:\/\/obera.fr\/wp-content\/uploads\/2024\/10\/w2.png 711w, https:\/\/obera.fr\/wp-content\/uploads\/2024\/10\/w2-300x262.png 300w\" sizes=\"(max-width: 711px) 100vw, 711px\" \/><\/a><\/figure>\n<\/div>\n\n\n\n<div class=\"wp-block-column is-layout-flow wp-block-column-is-layout-flow\">\n<h3 class=\"wp-block-heading has-text-align-center\"><a href=\"https:\/\/obera.fr\/uk\/produits\/aspirateurs-industriels\/w3-pour-nettoyage-general\/\">W3<\/a><\/h3>\n\n\n\n<figure class=\"wp-block-image aligncenter size-full is-resized\"><a href=\"https:\/\/obera.fr\/produits\/aspirateurs-industriels\/w3-pour-nettoyage-general\/\"><img decoding=\"async\" width=\"658\" height=\"652\" src=\"https:\/\/obera.fr\/wp-content\/uploads\/2024\/10\/w3.png\" alt=\"&#x41F;&#x440;&#x43E;&#x43C;&#x438;&#x441;&#x43B;&#x43E;&#x432;&#x456; &#x43F;&#x438;&#x43B;&#x43E;&#x441;&#x43E;&#x441;&#x438;\" class=\"wp-image-35427\" style=\"object-fit:cover;width:250px;height:280px\" srcset=\"https:\/\/obera.fr\/wp-content\/uploads\/2024\/10\/w3.png 658w, https:\/\/obera.fr\/wp-content\/uploads\/2024\/10\/w3-300x297.png 300w, https:\/\/obera.fr\/wp-content\/uploads\/2024\/10\/w3-150x150.png 150w, https:\/\/obera.fr\/wp-content\/uploads\/2024\/10\/w3-24x24.png 24w, https:\/\/obera.fr\/wp-content\/uploads\/2024\/10\/w3-48x48.png 48w, https:\/\/obera.fr\/wp-content\/uploads\/2024\/10\/w3-96x96.png 96w\" sizes=\"(max-width: 658px) 100vw, 658px\" \/><\/a><\/figure>\n<\/div>\n<\/div>\n\n<div class=\"wp-block-columns is-layout-flex wp-container-core-columns-is-layout-28f84493 wp-block-columns-is-layout-flex\">\n<div class=\"wp-block-column is-layout-flow wp-block-column-is-layout-flow\"><\/div>\n\n\n\n<div class=\"wp-block-column is-layout-flow wp-block-column-is-layout-flow\"><\/div>\n<\/div>\n\n<h2 class=\"wp-block-heading\">\u041f\u0440\u0438\u043f\u043b\u0438\u0432\u043d\u0456 \u0432\u0435\u043d\u0442\u0438\u043b\u044f\u0442\u043e\u0440\u0438<\/h2>\n\n<h4 class=\"wp-block-heading\"><a href=\"https:\/\/obera.fr\/uk\/produits\/aspirateurs-industriels\/ventilateurs-aspiration-gamme-eurosog-rg-100-800\/\" data-type=\"page\" data-id=\"29434\">RG 100-800<\/a><\/h4>\n\n<div class=\"wp-block-columns is-layout-flex wp-container-core-columns-is-layout-28f84493 wp-block-columns-is-layout-flex\">\n<div class=\"wp-block-column is-layout-flow wp-block-column-is-layout-flow\">\n<figure class=\"wp-block-image aligncenter size-full is-resized\"><a href=\"https:\/\/obera.fr\/produits\/aspirateurs-industriels\/ventilateurs-aspiration-gamme-eurosog-rg-100-800\/\"><img decoding=\"async\" width=\"320\" height=\"321\" src=\"https:\/\/obera.fr\/wp-content\/uploads\/2024\/05\/rg-serie.jpg\" alt=\"&#x441;&#x435;&#x440;&#x456;&#x44F; rg\" class=\"wp-image-31125\" style=\"width:263px\" srcset=\"https:\/\/obera.fr\/wp-content\/uploads\/2024\/05\/rg-serie.jpg 320w, https:\/\/obera.fr\/wp-content\/uploads\/2024\/05\/rg-serie-300x300.jpg 300w, https:\/\/obera.fr\/wp-content\/uploads\/2024\/05\/rg-serie-150x150.jpg 150w\" sizes=\"(max-width: 320px) 100vw, 320px\" \/><\/a><figcaption class=\"wp-element-caption\">RG 300<\/figcaption><\/figure>\n<\/div>\n\n\n\n<div class=\"wp-block-column is-layout-flow wp-block-column-is-layout-flow\">\n<p class=\"has-text-align-center\"><\/p>\n\n\n\n<figure class=\"wp-block-image aligncenter size-full is-resized\"><a href=\"https:\/\/obera.fr\/produits\/aspirateurs-industriels\/ventilateurs-aspiration-gamme-eurosog-rg-100-800\/\"><img decoding=\"async\" width=\"1280\" height=\"1280\" src=\"https:\/\/obera.fr\/wp-content\/uploads\/2024\/06\/rg-400.png\" alt=\"rg 400\" class=\"wp-image-31502\" style=\"width:248px\" srcset=\"https:\/\/obera.fr\/wp-content\/uploads\/2024\/06\/rg-400.png 1280w, https:\/\/obera.fr\/wp-content\/uploads\/2024\/06\/rg-400-300x300.png 300w, https:\/\/obera.fr\/wp-content\/uploads\/2024\/06\/rg-400-1024x1024.png 1024w, https:\/\/obera.fr\/wp-content\/uploads\/2024\/06\/rg-400-150x150.png 150w, https:\/\/obera.fr\/wp-content\/uploads\/2024\/06\/rg-400-768x768.png 768w\" sizes=\"(max-width: 1280px) 100vw, 1280px\" \/><\/a><\/figure>\n\n\n\n<p class=\"has-text-align-center\">RG 400<\/p>\n<\/div>\n<\/div>\n","protected":false},"excerpt":{"rendered":"<p>\u0412\u0438\u0441\u043e\u043a\u043e\u043f\u0440\u043e\u0434\u0443\u043a\u0442\u0438\u0432\u043d\u0456 \u043f\u0440\u043e\u043c\u0438\u0441\u043b\u043e\u0432\u0456 \u043f\u0438\u043b\u043e\u0441\u043e\u0441\u0438 \u0434\u043b\u044f \u043f\u0440\u0438\u0431\u0438\u0440\u0430\u043d\u043d\u044f \u0432\u0441\u0456\u0445 \u0432\u0438\u0434\u0456\u0432 \u0441\u0443\u0445\u043e\u0433\u043e \u043f\u0438\u043b\u0443 \u0437 \u043f\u0456\u0434\u043b\u043e\u0433\u0438 \u0442\u0430 \u0440\u043e\u0431\u043e\u0447\u0438\u0445 \u043f\u0440\u0438\u043c\u0456\u0449\u0435\u043d\u044c. \u041d\u0430\u0448\u0456 \u043f\u0440\u043e\u043c\u0438\u0441\u043b\u043e\u0432\u0456 \u043f\u0438\u043b\u043e\u0441\u043e\u0441\u0438 \u0434\u043b\u044f \u0441\u0443\u0445\u043e\u0433\u043e \u0442\u0430 \u0432\u043e\u043b\u043e\u0433\u043e\u0433\u043e \u043f\u0440\u0438\u0431\u0438\u0440\u0430\u043d\u043d\u044f W2 XR W2 W3 \u041f\u0440\u0438\u043f\u043b\u0438\u0432\u043d\u0456 \u0432\u0435\u043d\u0442\u0438\u043b\u044f\u0442\u043e\u0440\u0438 RG 100-800 RG 400<\/p>\n","protected":false},"author":4,"featured_media":83753,"parent":37919,"menu_order":9,"comment_status":"closed","ping_status":"closed","template":"","meta":{"_acf_changed":false,"_seopress_robots_primary_cat":"","_seopress_titles_title":"Aspirateurs industriels et ventilateurs d'aspiration OberA","_seopress_titles_desc":"Nettoyeurs industriels haute performance pour aspirer tous types de poussi\u00e8res s\u00e8ches et humides accumul\u00e9es sur les sols et les espaces de travail.","_seopress_robots_index":"","footnotes":""},"class_list":{"0":"post-48529","1":"page","2":"type-page","3":"status-publish","4":"has-post-thumbnail","6":"no-featured-image-padding","7":"resize-featured-image"},"acf":[],"_links":{"self":[{"href":"https:\/\/obera.fr\/uk\/wp-json\/wp\/v2\/pages\/48529","targetHints":{"allow":["GET"]}}],"collection":[{"href":"https:\/\/obera.fr\/uk\/wp-json\/wp\/v2\/pages"}],"about":[{"href":"https:\/\/obera.fr\/uk\/wp-json\/wp\/v2\/types\/page"}],"author":[{"embeddable":true,"href":"https:\/\/obera.fr\/uk\/wp-json\/wp\/v2\/users\/4"}],"replies":[{"embeddable":true,"href":"https:\/\/obera.fr\/uk\/wp-json\/wp\/v2\/comments?post=48529"}],"version-history":[{"count":6,"href":"https:\/\/obera.fr\/uk\/wp-json\/wp\/v2\/pages\/48529\/revisions"}],"predecessor-version":[{"id":69739,"href":"https:\/\/obera.fr\/uk\/wp-json\/wp\/v2\/pages\/48529\/revisions\/69739"}],"up":[{"embeddable":true,"href":"https:\/\/obera.fr\/uk\/wp-json\/wp\/v2\/pages\/37919"}],"wp:featuredmedia":[{"embeddable":true,"href":"https:\/\/obera.fr\/uk\/wp-json\/wp\/v2\/media\/83753"}],"wp:attachment":[{"href":"https:\/\/obera.fr\/uk\/wp-json\/wp\/v2\/media?parent=48529"}],"curies":[{"name":"wp","href":"https:\/\/api.w.org\/{rel}","templated":true}]}}