{"id":48641,"date":"2020-08-26T13:06:25","date_gmt":"2020-08-26T11:06:25","guid":{"rendered":"https:\/\/obera.fr\/%d1%84%d1%96%d0%bb%d1%8c%d1%82%d1%80-%d0%bc%d0%b0%d1%81%d0%bb%d1%8f%d0%bd%d0%be%d0%b3%d0%be-%d1%82%d1%83%d0%bc%d0%b0%d0%bd%d1%83-afs\/"},"modified":"2025-06-03T13:15:52","modified_gmt":"2025-06-03T11:15:52","slug":"afs","status":"publish","type":"page","link":"https:\/\/obera.fr\/uk\/produits\/filtres-brouillard-huile\/afs\/","title":{"rendered":"\u0424\u0456\u043b\u044c\u0442\u0440 \u043c\u0430\u0441\u043b\u044f\u043d\u043e\u0433\u043e \u0442\u0443\u043c\u0430\u043d\u0443 AFS"},"content":{"rendered":"\n<p><a href=\"https:\/\/obera.fr\/uk\/produits\/filtres-brouillard-huile\/\" data-type=\"page\" data-id=\"376\">\u0424\u0456\u043b\u044c\u0442\u0440\u0438 \u043c\u0430\u0441\u043b\u044f\u043d\u043e\u0433\u043e \u0442\u0443\u043c\u0430\u043d\u0443<\/a> AFS &#8211; \u0446\u0435 \u0456\u043d\u0434\u0438\u0432\u0456\u0434\u0443\u0430\u043b\u044c\u043d\u0435 \u0440\u0456\u0448\u0435\u043d\u043d\u044f \u0434\u043b\u044f \u043e\u0441\u043d\u0430\u0449\u0435\u043d\u043d\u044f \u0432\u0430\u0448\u0438\u0445 \u043e\u0431\u0440\u043e\u0431\u043d\u0438\u0445 \u0432\u0435\u0440\u0441\u0442\u0430\u0442\u0456\u0432 \u0431\u0435\u0437\u043f\u043e\u0441\u0435\u0440\u0435\u0434\u043d\u044c\u043e \u0430\u0431\u043e \u0446\u0435\u043d\u0442\u0440\u0430\u043b\u0456\u0437\u043e\u0432\u0430\u043d\u043e\u0433\u043e \u0432\u0430\u043a\u0443\u0443\u043c\u0443\u0432\u0430\u043d\u043d\u044f.<\/p>\n\n\n\n<p>\u041b\u0456\u043d\u0456\u0439\u043a\u0430 AFS \u043e\u0445\u043e\u043f\u043b\u044e\u0454 <strong>\u0432\u0441\u043c\u043e\u043a\u0442\u0443\u0432\u0430\u043b\u044c\u043d\u0456 \u043f\u043e\u0442\u043e\u043a\u0438 \u0432\u0456\u0434 400 \u0434\u043e 16 000 \u043c\u00b3\/\u0433\u043e\u0434<\/strong>.<\/p>\n\n\n\n<h2 class=\"wp-block-heading\">\u0426\u0435\u043d\u0442\u0440\u0430\u043b\u0456\u0437\u043e\u0432\u0430\u043d\u0456 \u0443\u0441\u0442\u0430\u043d\u043e\u0432\u043a\u0438 \u0434\u043b\u044f \u043c\u0430\u0441\u043b\u044f\u043d\u0438\u0445 \u0456 \u0435\u043c\u0443\u043b\u044c\u0441\u0456\u0439\u043d\u0438\u0445 \u0442\u0443\u043c\u0430\u043d\u0456\u0432, \u0434\u0438\u043c\u0456\u0432 \u0456 \u0430\u0435\u0440\u043e\u0437\u043e\u043b\u0456\u0432<\/h2>\n\n\n\n<div class=\"wp-block-columns is-layout-flex wp-container-core-columns-is-layout-28f84493 wp-block-columns-is-layout-flex\">\n<div class=\"wp-block-column is-layout-flow wp-block-column-is-layout-flow\" style=\"flex-basis:33.33%\">\n<figure class=\"wp-block-image aligncenter size-medium\"><img decoding=\"async\" width=\"300\" height=\"300\" src=\"https:\/\/obera.fr\/wp-content\/uploads\/2020\/08\/AFS-installation-centralisee-brouillards-huiles-300x300.png\" alt=\"Afs Installation Centralisee Brouillards Huiles\" class=\"wp-image-643\" srcset=\"https:\/\/obera.fr\/wp-content\/uploads\/2020\/08\/AFS-installation-centralisee-brouillards-huiles-300x300.png 300w, https:\/\/obera.fr\/wp-content\/uploads\/2020\/08\/AFS-installation-centralisee-brouillards-huiles-150x150.png 150w, https:\/\/obera.fr\/wp-content\/uploads\/2020\/08\/AFS-installation-centralisee-brouillards-huiles.png 433w\" sizes=\"(max-width: 300px) 100vw, 300px\" \/><\/figure>\n<\/div>\n\n\n\n<div class=\"wp-block-column is-layout-flow wp-block-column-is-layout-flow\" style=\"flex-basis:66.66%\">\n<p><strong>\u0422\u0435\u0445\u043d\u043e\u043b\u043e\u0433\u0456\u044f AFS<\/strong> \u0441\u043a\u043b\u0430\u0434\u0430\u0454\u0442\u044c\u0441\u044f \u0437 5 \u0435\u0442\u0430\u043f\u0456\u0432 \u043e\u0447\u0438\u0449\u0435\u043d\u043d\u044f: \u043c\u0435\u0442\u0430\u043b\u0435\u0432\u0456 \u0441\u0456\u0442\u0447\u0430\u0441\u0442\u0456 \u0444\u0456\u043b\u044c\u0442\u0440\u0438, \u043f\u043e\u043b\u0456\u0435\u0444\u0456\u0440\u043d\u0456 \u043f\u043e\u0432\u0441\u0442\u0456 \u0442\u0430 \u0441\u0435\u043f\u0430\u0440\u0430\u0442\u043e\u0440 AFS-Longlife, \u044f\u043a\u0438\u0439 \u0454 \u043e\u0441\u043d\u043e\u0432\u043e\u044e \u043e\u0447\u0438\u0449\u0435\u043d\u043d\u044f.<\/p>\n\n\n\n<p>&gt;\u0410\u0433\u0440\u0435\u0433\u0430\u0442\u0438 \u043e\u0441\u043d\u0430\u0449\u0435\u043d\u0456 <strong>\u0430\u0431\u0441\u043e\u043b\u044e\u0442\u043d\u043e\u044e \u043a\u0456\u043d\u0446\u0435\u0432\u043e\u044e \u0444\u0456\u043b\u044c\u0442\u0440\u0430\u0446\u0456\u0454\u044e \u0442\u0438\u043f\u0443 HEPA H13<\/strong> (\u0441\u0442\u0430\u043d\u0434\u0430\u0440\u0442\u0438\u0437\u043e\u0432\u0430\u043d\u0430 \u0435\u0444\u0435\u043a\u0442\u0438\u0432\u043d\u0456\u0441\u0442\u044c \u0433\u0430\u0440\u0430\u043d\u0442\u043e\u0432\u0430\u043d\u0430 \u043d\u0430 \u0440\u0456\u0432\u043d\u0456 99,95% \u043f\u0440\u0438 \u0437\u0430\u0442\u0440\u0438\u043c\u0430\u043d\u043d\u0456 \u0447\u0430\u0441\u0442\u0438\u043d\u043e\u043a \u0440\u043e\u0437\u043c\u0456\u0440\u043e\u043c 0,3 \u043c\u043a\u043c). \u0412\u0440\u0430\u0445\u043e\u0432\u0443\u044e\u0447\u0438 \u0434\u0443\u0436\u0435 \u0432\u0438\u0441\u043e\u043a\u0443 \u0435\u0444\u0435\u043a\u0442\u0438\u0432\u043d\u0456\u0441\u0442\u044c \u043e\u0441\u043d\u043e\u0432\u043d\u043e\u0457 \u0444\u0456\u043b\u044c\u0442\u0440\u0430\u0446\u0456\u0457, \u0430\u0431\u0441\u043e\u043b\u044e\u0442\u043d\u0456 \u0444\u0456\u043b\u044c\u0442\u0440\u0438 \u043c\u0430\u044e\u0442\u044c \u0434\u0443\u0436\u0435 \u0434\u043e\u0432\u0433\u0438\u0439 \u0442\u0435\u0440\u043c\u0456\u043d \u0441\u043b\u0443\u0436\u0431\u0438, \u043d\u0430\u0432\u0456\u0442\u044c \u043f\u0440\u0438 \u0431\u0435\u0437\u043f\u0435\u0440\u0435\u0440\u0432\u043d\u0456\u0439 \u0440\u043e\u0431\u043e\u0442\u0456 \u043d\u0430 3 \u0441\u0442\u0430\u043d\u0446\u0456\u0457. <\/p>\n\n\n\n<p>\u041c\u043e\u0436\u043b\u0438\u0432\u0456 \u0440\u0456\u0437\u043d\u0456 \u043a\u043e\u043d\u0444\u0456\u0433\u0443\u0440\u0430\u0446\u0456\u0457: \u0440\u0435\u0446\u0438\u0440\u043a\u0443\u043b\u044f\u0446\u0456\u044f \u0456 \u043f\u043e\u0432\u0442\u043e\u0440\u043d\u0435 \u0432\u0432\u0435\u0434\u0435\u043d\u043d\u044f \u0432\u0456\u0434\u0444\u0456\u043b\u044c\u0442\u0440\u043e\u0432\u0430\u043d\u043e\u0433\u043e \u043f\u043e\u0432\u0456\u0442\u0440\u044f \u0432 \u0431\u0443\u0434\u0456\u0432\u043b\u044e \u0430\u0431\u043e \u0432\u0438\u0434\u0430\u043b\u0435\u043d\u043d\u044f \u0432\u0456\u0434\u0444\u0456\u043b\u044c\u0442\u0440\u043e\u0432\u0430\u043d\u043e\u0433\u043e \u043f\u043e\u0432\u0456\u0442\u0440\u044f \u0456 \u0432\u0432\u0435\u0434\u0435\u043d\u043d\u044f \u0441\u0432\u0456\u0436\u043e\u0433\u043e \u043f\u043e\u0432\u0456\u0442\u0440\u044f \u0437 \u0440\u0435\u043a\u0443\u043f\u0435\u0440\u0430\u0446\u0456\u0454\u044e \u043a\u0430\u043b\u043e\u0440\u0456\u0439 \u0447\u0435\u0440\u0435\u0437 \u0442\u0435\u043f\u043b\u043e\u043e\u0431\u043c\u0456\u043d\u043d\u0438\u043a. <strong>\u0412\u0438\u0442\u044f\u0436\u043d\u0456 \u0440\u0456\u0448\u0435\u043d\u043d\u044f AFS<\/strong> (\u0440\u0435\u0446\u0438\u0440\u043a\u0443\u043b\u044f\u0446\u0456\u044f \u0430\u0431\u043e \u0442\u0435\u043f\u043b\u043e\u043e\u0431\u043c\u0456\u043d\u043d\u0438\u043a\u0438) \u0434\u043e\u0437\u0432\u043e\u043b\u044f\u044e\u0442\u044c \u043c\u0430\u043a\u0441\u0438\u043c\u0430\u043b\u044c\u043d\u043e \u043f\u043e\u0432\u0442\u043e\u0440\u043d\u043e \u0432\u0438\u043a\u043e\u0440\u0438\u0441\u0442\u043e\u0432\u0443\u0432\u0430\u0442\u0438 \u0442\u0435\u043f\u043b\u043e, \u0449\u043e \u043c\u0456\u0441\u0442\u0438\u0442\u044c\u0441\u044f \u0443 \u0432\u0438\u0442\u044f\u0436\u043d\u0438\u0445 \u043f\u043e\u0432\u0456\u0442\u0440\u044f\u043d\u0438\u0445 \u043f\u043e\u0442\u043e\u043a\u0430\u0445. <\/p>\n\n\n\n<hr class=\"wp-block-separator has-text-color has-black-color has-css-opacity has-black-background-color has-background is-style-dots\"\/>\n\n\n\n<div class=\"wp-block-columns is-layout-flex wp-container-core-columns-is-layout-28f84493 wp-block-columns-is-layout-flex\">\n<div class=\"wp-block-column is-layout-flow wp-block-column-is-layout-flow\" style=\"flex-basis:33.33%\">\n<div class=\"wp-block-buttons is-layout-flex wp-block-buttons-is-layout-flex\">\n<div class=\"wp-block-button\"><a class=\"wp-block-button__link wp-element-button\" href=\"https:\/\/obera.fr\/wp-content\/uploads\/2025\/06\/brochure-afs-en.pdf\">\u0417\u0410\u0412\u0410\u041d\u0422\u0410\u0416\u0418\u0422\u0418 \u0411\u0420\u041e\u0428\u0423\u0420\u0423<\/a><\/div>\n<\/div>\n<\/div>\n\n\n\n<div class=\"wp-block-column is-layout-flow wp-block-column-is-layout-flow\" style=\"flex-basis:33.34%\">\n<div class=\"wp-block-buttons is-horizontal is-content-justification-center is-layout-flex wp-container-core-buttons-is-layout-03627597 wp-block-buttons-is-layout-flex\">\n<div class=\"wp-block-button has-custom-width wp-block-button__width-100\"><a class=\"wp-block-button__link wp-element-button\" href=\"https:\/\/obera.fr\/uk\/%D0%B7%D0%B2%D1%8F%D0%B6%D1%96%D1%82%D1%8C%D1%81%D1%8F-%D0%B7-%D0%BD%D0%B0%D0%BC%D0%B8\/\">\u0414\u0456\u0437\u043d\u0430\u0439\u0442\u0435\u0441\u044c \u0431\u0456\u043b\u044c\u0448\u0435<\/a><\/div>\n<\/div>\n<\/div>\n\n\n\n<div class=\"wp-block-column is-layout-flow wp-block-column-is-layout-flow\" style=\"flex-basis:33.34%\">\n<div class=\"wp-block-buttons is-content-justification-center is-layout-flex wp-container-core-buttons-is-layout-a89b3969 wp-block-buttons-is-layout-flex\">\n<div class=\"wp-block-button btn-devis-source\"><a class=\"wp-block-button__link wp-element-button\" href=\"https:\/\/obera.fr\/uk\/devis\/\">\u0417\u0430\u043f\u0440\u043e\u0441\u0438\u0442\u0438 \u043f\u0440\u043e\u043f\u043e\u0437\u0438\u0446\u0456\u044e<\/a><\/div>\n<\/div>\n\n\n<script>\r\ndocument.addEventListener('DOMContentLoaded', function() {\r\n    \/\/ 1. On cherche le titre H1 de la page\r\n    var h1 = document.querySelector('h1');\r\n    var productTitle = h1 ? h1.innerText.trim() : \"\";\r\n\r\n    \/\/ 2. On cherche les boutons via la classe CSS .btn-devis-source\r\n    var buttons = document.querySelectorAll('.btn-devis-source a');\r\n\r\n    \/\/ 3. Si on a le titre et les boutons, on ajoute le param\u00e8tre\r\n    if (buttons.length > 0 && productTitle !== \"\") {\r\n        var encodedTitle = encodeURIComponent(productTitle);\r\n\r\n        buttons.forEach(function(btn) {\r\n            var currentHref = btn.getAttribute('href');\r\n            \r\n            \/\/ S\u00e9curit\u00e9 pour ne pas ajouter le param\u00e8tre 2 fois\r\n            if (currentHref.indexOf('sujet=') === -1) {\r\n                var separator = currentHref.indexOf('?') !== -1 ? '&' : '?';\r\n                var newLink = currentHref + separator + 'sujet=' + encodedTitle;\r\n                \r\n                btn.setAttribute('href', newLink);\r\n            }\r\n        });\r\n    }\r\n});\r\n<\/script><\/div>\n<\/div>\n\n\n\n<p><\/p>\n<\/div>\n<\/div>\n\n\n\n<h2 class=\"wp-block-heading\">\u041f\u0435\u0440\u0435\u0432\u0430\u0433\u0438 AFS<\/h2>\n\n\n\n<div class=\"wp-block-columns is-layout-flex wp-container-core-columns-is-layout-28f84493 wp-block-columns-is-layout-flex\">\n<div class=\"wp-block-column is-layout-flow wp-block-column-is-layout-flow\">\n<h3 class=\"wp-block-heading has-text-align-center\"><strong>\u041f\u0435\u0440\u0435\u0432\u0430\u0433\u0438<\/strong><\/h3>\n\n\n\n<ul class=\"wp-block-list\">\n<li>\u041b\u0435\u0433\u043a\u0435 \u043f\u0456\u0434\u043a\u043b\u044e\u0447\u0435\u043d\u043d\u044f \u0434\u043e \u0432\u0438\u0440\u043e\u0431\u043d\u0438\u0447\u043e\u0457 \u043c\u0430\u0448\u0438\u043d\u0438<\/li>\n\n\n\n<li>\u041d\u0430 \u043c\u0430\u0448\u0438\u043d\u0456 \u0430\u0431\u043e \u0446\u0435\u043d\u0442\u0440\u0430\u043b\u0456\u0437\u043e\u0432\u0430\u043d\u043e<\/li>\n\n\n\n<li>\u041a\u043e\u043c\u043f\u0430\u043a\u0442\u043d\u0430 \u0441\u0438\u0441\u0442\u0435\u043c\u0430<\/li>\n\n\n\n<li>5 \u0435\u0442\u0430\u043f\u0456\u0432 \u0444\u0456\u043b\u044c\u0442\u0440\u0430\u0446\u0456\u0457 \u0434\u043b\u044f \u0435\u0444\u0435\u043a\u0442\u0438\u0432\u043d\u043e\u0433\u043e \u043e\u0447\u0438\u0449\u0435\u043d\u043d\u044f \u043f\u043e\u0432\u0456\u0442\u0440\u044f<\/li>\n\n\n\n<li>\u0417\u0430\u043c\u0456\u043d\u0430 \u0442\u0430 \u043e\u0431\u0441\u043b\u0443\u0433\u043e\u0432\u0443\u0432\u0430\u043d\u043d\u044f \u0444\u0456\u043b\u044c\u0442\u0440\u0456\u0432 \u0431\u0435\u0437 \u0456\u043d\u0441\u0442\u0440\u0443\u043c\u0435\u043d\u0442\u0456\u0432<\/li>\n<\/ul>\n<\/div>\n\n\n\n<div class=\"wp-block-column is-layout-flow wp-block-column-is-layout-flow\">\n<h3 class=\"wp-block-heading has-text-align-center\"><strong>\u041e\u0441\u043e\u0431\u043b\u0438\u0432\u043e\u0441\u0442\u0456<\/strong><\/h3>\n\n\n\n<ul class=\"wp-block-list\">\n<li>\u0417\u0430\u043f\u0430\u0442\u0435\u043d\u0442\u043e\u0432\u0430\u043d\u0430 \u0441\u0438\u0441\u0442\u0435\u043c\u0430 \u0437\u0430\u043c\u0456\u043d\u0438 \u0444\u0456\u043b\u044c\u0442\u0440\u0456\u0432 \u0431\u0435\u0437 \u0432\u0438\u043a\u043e\u0440\u0438\u0441\u0442\u0430\u043d\u043d\u044f \u0456\u043d\u0441\u0442\u0440\u0443\u043c\u0435\u043d\u0442\u0456\u0432<\/li>\n\n\n\n<li>\u041e\u0447\u0438\u0449\u0435\u043d\u043d\u044f \u043f\u0440\u0438\u043b\u0430\u0434\u0443 \u0432\u0440\u0443\u0447\u043d\u0443<\/li>\n\n\n\n<li>\u041c\u0435\u0445\u0430\u043d\u0456\u0447\u043d\u0430 \u0444\u0456\u043b\u044c\u0442\u0440\u0430\u0446\u0456\u044f<\/li>\n<\/ul>\n<\/div>\n\n\n\n<div class=\"wp-block-column is-layout-flow wp-block-column-is-layout-flow\">\n<h3 class=\"wp-block-heading has-text-align-center\"><strong>\u041e\u0441\u043e\u0431\u043b\u0438\u0432\u043e\u0441\u0442\u0456<\/strong><\/h3>\n\n\n\n<ul class=\"wp-block-list\">\n<li>\u0412\u0438\u0434\u0430\u043b\u0435\u043d\u043d\u044f \u043d\u0430\u0444\u0442\u043e\u0432\u0438\u0445 \u0442\u0443\u043c\u0430\u043d\u0456\u0432 \u0456 \u0435\u043c\u0443\u043b\u044c\u0441\u0456\u0439, \u043f\u0430\u0440\u0456\u0432 \u0456 \u0430\u0435\u0440\u043e\u0437\u043e\u043b\u0456\u0432<\/li>\n\n\n\n<li>\u041c\u043e\u0436\u0435 \u0431\u0443\u0442\u0438 \u0432\u0441\u0442\u0430\u043d\u043e\u0432\u043b\u0435\u043d\u0438\u0439 \u0431\u0435\u0437\u043f\u043e\u0441\u0435\u0440\u0435\u0434\u043d\u044c\u043e \u043d\u0430 \u043e\u0431\u0440\u043e\u0431\u043d\u043e\u043c\u0443 \u0446\u0435\u043d\u0442\u0440\u0456 \u0437 \u0427\u041f\u041a \u0430\u0431\u043e \u0446\u0435\u043d\u0442\u0440\u0430\u043b\u0456\u0437\u043e\u0432\u0430\u043d\u043e<\/li>\n<\/ul>\n<\/div>\n<\/div>\n\n\n\n<h2 class=\"wp-block-heading\">\u0414\u043e\u0434\u0430\u0442\u043a\u0438<\/h2>\n\n\n\n<div class=\"wp-block-columns is-layout-flex wp-container-core-columns-is-layout-28f84493 wp-block-columns-is-layout-flex\">\n<div class=\"wp-block-column is-layout-flow wp-block-column-is-layout-flow\">\n<h3 class=\"wp-block-heading has-text-align-center\">\u0417\u0430\u0431\u0440\u0443\u0434\u043d\u044e\u044e\u0447\u0456 \u0440\u0435\u0447\u043e\u0432\u0438\u043d\u0438<\/h3>\n\n\n\n<hr class=\"wp-block-separator has-css-opacity is-style-wide\"\/>\n\n\n\n<div class=\"wp-block-columns is-layout-flex wp-container-core-columns-is-layout-28f84493 wp-block-columns-is-layout-flex\">\n<div class=\"wp-block-column is-layout-flow wp-block-column-is-layout-flow\">\n<figure class=\"wp-block-image aligncenter size-large\"><img decoding=\"async\" width=\"70\" height=\"70\" src=\"https:\/\/obera.fr\/wp-content\/uploads\/2020\/08\/industrie-brouillard-huile.jpg\" alt=\"\u041f\u0440\u043e\u043c\u0438\u0441\u043b\u043e\u0432\u0435 \u043c\u0430\u0441\u0442\u0438\u043b\u043e \u0434\u043b\u044f \u0442\u0443\u043c\u0430\u043d\u0443\" class=\"wp-image-721\"\/><figcaption class=\"wp-element-caption\">\u041c\u0430\u0441\u043b\u044f\u043d\u0438\u0439 \u0442\u0443\u043c\u0430\u043d<\/figcaption><\/figure>\n<\/div>\n\n\n\n<div class=\"wp-block-column is-layout-flow wp-block-column-is-layout-flow\">\n<figure class=\"wp-block-image aligncenter size-large\"><img decoding=\"async\" width=\"70\" height=\"70\" src=\"https:\/\/obera.fr\/wp-content\/uploads\/2020\/08\/industrie-fumees.jpg\" alt=\"\u041f\u0440\u043e\u043c\u0438\u0441\u043b\u043e\u0432\u0438\u0439 \u0434\u0438\u043c\" class=\"wp-image-722\"\/><figcaption class=\"wp-element-caption\">\u0412\u0438\u043f\u0430\u0440\u0438<\/figcaption><\/figure>\n\n\n\n<figure class=\"wp-block-image aligncenter size-large\"><img decoding=\"async\" width=\"70\" height=\"70\" src=\"https:\/\/obera.fr\/wp-content\/uploads\/2020\/09\/cov.png\" alt=\"\u041a\u043e\u0432\" class=\"wp-image-959\"\/><figcaption class=\"wp-element-caption\">\u041b\u041e\u0421<\/figcaption><\/figure>\n<\/div>\n<\/div>\n<\/div>\n\n\n\n<div class=\"wp-block-column is-layout-flow wp-block-column-is-layout-flow\">\n<h3 class=\"wp-block-heading has-text-align-center\">\u0413\u0430\u043b\u0443\u0437\u0456 \u043f\u0440\u043e\u043c\u0438\u0441\u043b\u043e\u0432\u043e\u0441\u0442\u0456<\/h3>\n\n\n\n<hr class=\"wp-block-separator has-css-opacity is-style-wide\"\/>\n\n\n\n<div class=\"wp-block-columns is-layout-flex wp-container-core-columns-is-layout-28f84493 wp-block-columns-is-layout-flex\">\n<div class=\"wp-block-column is-layout-flow wp-block-column-is-layout-flow\">\n<figure class=\"wp-block-image aligncenter size-large\"><img decoding=\"async\" width=\"70\" height=\"70\" src=\"https:\/\/obera.fr\/wp-content\/uploads\/2020\/08\/industrie-metallurgie.jpg\" alt=\"\u041c\u0435\u0442\u0430\u043b\u0443\u0440\u0433\u0456\u0439\u043d\u0430 \u043f\u0440\u043e\u043c\u0438\u0441\u043b\u043e\u0432\u0456\u0441\u0442\u044c\" class=\"wp-image-673\"\/><figcaption class=\"wp-element-caption\">\u041c\u0435\u0442\u0430\u043b\u0443\u0440\u0433\u0456\u044f<\/figcaption><\/figure>\n<\/div>\n\n\n\n<div class=\"wp-block-column is-layout-flow wp-block-column-is-layout-flow\"><\/div>\n<\/div>\n<\/div>\n<\/div>\n\n\n\n<div class=\"wp-block-buttons is-content-justification-center is-layout-flex wp-container-core-buttons-is-layout-a89b3969 wp-block-buttons-is-layout-flex\">\n<div class=\"wp-block-button is-style-outline is-style-outline--1\"><a class=\"wp-block-button__link wp-element-button\" href=\"https:\/\/obera.fr\/wp-content\/uploads\/2024\/02\/brochure-afs.pdf\">\u0417\u0430\u0432\u0430\u043d\u0442\u0430\u0436\u0438\u0442\u0438 \u043b\u0438\u0441\u0442\u043e\u043a \u0437 \u0456\u043d\u0444\u043e\u0440\u043c\u0430\u0446\u0456\u0454\u044e \u043f\u0440\u043e \u043f\u0440\u043e\u0434\u0443\u043a\u0442<\/a><\/div>\n<\/div>\n\n\n\n<hr class=\"wp-block-separator has-css-opacity is-style-dots\"\/>\n\n\n\n<h2 class=\"wp-block-heading\">\u0406\u043d\u0448\u0456 \u0444\u0456\u043b\u044c\u0442\u0440\u0438 \u043c\u0430\u0441\u043b\u044f\u043d\u043e\u0433\u043e \u0442\u0443\u043c\u0430\u043d\u0443 \u0432\u0456\u0434 \u0431\u0440\u0435\u043d\u0434\u0443 OberA<\/h2>\n\n\n\n<div class=\"wp-block-columns is-layout-flex wp-container-core-columns-is-layout-28f84493 wp-block-columns-is-layout-flex\">\n<div class=\"wp-block-column is-layout-flow wp-block-column-is-layout-flow\">\n<figure class=\"wp-block-image aligncenter size-medium\"><a href=\"https:\/\/obera.fr\/produits\/filtres-brouillard-huile\/oilmac\/\"><img decoding=\"async\" width=\"300\" height=\"300\" src=\"https:\/\/obera.fr\/wp-content\/uploads\/2020\/08\/filtre-compact-OILMAC-300x300.png\" alt=\"\u041a\u043e\u043c\u043f\u0430\u043a\u0442\u043d\u0438\u0439 \u0444\u0456\u043b\u044c\u0442\u0440 OILMAC\" class=\"wp-image-641\" srcset=\"https:\/\/obera.fr\/wp-content\/uploads\/2020\/08\/filtre-compact-OILMAC-300x300.png 300w, https:\/\/obera.fr\/wp-content\/uploads\/2020\/08\/filtre-compact-OILMAC-150x150.png 150w, https:\/\/obera.fr\/wp-content\/uploads\/2020\/08\/filtre-compact-OILMAC.png 600w\" sizes=\"(max-width: 300px) 100vw, 300px\" \/><\/a><figcaption class=\"wp-element-caption\">OILMAC<\/figcaption><\/figure>\n<\/div>\n\n\n\n<div class=\"wp-block-column is-layout-flow wp-block-column-is-layout-flow\"><\/div>\n<\/div>\n\n\n\n<p><\/p>\n","protected":false},"excerpt":{"rendered":"<p>\u0424\u0456\u043b\u044c\u0442\u0440\u0438 \u043c\u0430\u0441\u043b\u044f\u043d\u043e\u0433\u043e \u0442\u0443\u043c\u0430\u043d\u0443 AFS &#8211; \u0446\u0435 \u0456\u043d\u0434\u0438\u0432\u0456\u0434\u0443\u0430\u043b\u044c\u043d\u0435 \u0440\u0456\u0448\u0435\u043d\u043d\u044f \u0434\u043b\u044f \u043e\u0441\u043d\u0430\u0449\u0435\u043d\u043d\u044f \u0432\u0430\u0448\u0438\u0445 \u043e\u0431\u0440\u043e\u0431\u043d\u0438\u0445 \u0432\u0435\u0440\u0441\u0442\u0430\u0442\u0456\u0432 \u0431\u0435\u0437\u043f\u043e\u0441\u0435\u0440\u0435\u0434\u043d\u044c\u043e \u0430\u0431\u043e \u0446\u0435\u043d\u0442\u0440\u0430\u043b\u0456\u0437\u043e\u0432\u0430\u043d\u043e\u0433\u043e \u0432\u0430\u043a\u0443\u0443\u043c\u0443\u0432\u0430\u043d\u043d\u044f. \u041b\u0456\u043d\u0456\u0439\u043a\u0430 AFS \u043e\u0445\u043e\u043f\u043b\u044e\u0454 \u0432\u0441\u043c\u043e\u043a\u0442\u0443\u0432\u0430\u043b\u044c\u043d\u0456 \u043f\u043e\u0442\u043e\u043a\u0438 \u0432\u0456\u0434 400 \u0434\u043e 16 000 \u043c\u00b3\/\u0433\u043e\u0434. \u0426\u0435\u043d\u0442\u0440\u0430\u043b\u0456\u0437\u043e\u0432\u0430\u043d\u0456 \u0443\u0441\u0442\u0430\u043d\u043e\u0432\u043a\u0438 \u0434\u043b\u044f \u043c\u0430\u0441\u043b\u044f\u043d\u0438\u0445 \u0456 \u0435\u043c\u0443\u043b\u044c\u0441\u0456\u0439\u043d\u0438\u0445 \u0442\u0443\u043c\u0430\u043d\u0456\u0432, \u0434\u0438\u043c\u0456\u0432 \u0456 \u0430\u0435\u0440\u043e\u0437\u043e\u043b\u0456\u0432 \u0422\u0435\u0445\u043d\u043e\u043b\u043e\u0433\u0456\u044f AFS \u0441\u043a\u043b\u0430\u0434\u0430\u0454\u0442\u044c\u0441\u044f \u0437 5 \u0435\u0442\u0430\u043f\u0456\u0432 \u043e\u0447\u0438\u0449\u0435\u043d\u043d\u044f: \u043c\u0435\u0442\u0430\u043b\u0435\u0432\u0456 \u0441\u0456\u0442\u0447\u0430\u0441\u0442\u0456 \u0444\u0456\u043b\u044c\u0442\u0440\u0438, \u043f\u043e\u043b\u0456\u0435\u0444\u0456\u0440\u043d\u0456 \u043f\u043e\u0432\u0441\u0442\u0456 \u0442\u0430 \u0441\u0435\u043f\u0430\u0440\u0430\u0442\u043e\u0440 AFS-Longlife, \u044f\u043a\u0438\u0439 \u0454 \u043e\u0441\u043d\u043e\u0432\u043e\u044e \u043e\u0447\u0438\u0449\u0435\u043d\u043d\u044f. &gt;\u0410\u0433\u0440\u0435\u0433\u0430\u0442\u0438 \u043e\u0441\u043d\u0430\u0449\u0435\u043d\u0456 \u0430\u0431\u0441\u043e\u043b\u044e\u0442\u043d\u043e\u044e \u043a\u0456\u043d\u0446\u0435\u0432\u043e\u044e \u0444\u0456\u043b\u044c\u0442\u0440\u0430\u0446\u0456\u0454\u044e \u0442\u0438\u043f\u0443 HEPA H13 (\u0441\u0442\u0430\u043d\u0434\u0430\u0440\u0442\u0438\u0437\u043e\u0432\u0430\u043d\u0430 \u0435\u0444\u0435\u043a\u0442\u0438\u0432\u043d\u0456\u0441\u0442\u044c \u0433\u0430\u0440\u0430\u043d\u0442\u043e\u0432\u0430\u043d\u0430 \u043d\u0430 \u0440\u0456\u0432\u043d\u0456 99,95% \u043f\u0440\u0438 \u0437\u0430\u0442\u0440\u0438\u043c\u0430\u043d\u043d\u0456 \u0447\u0430\u0441\u0442\u0438\u043d\u043e\u043a \u0440\u043e\u0437\u043c\u0456\u0440\u043e\u043c 0,3 \u043c\u043a\u043c). \u0412\u0440\u0430\u0445\u043e\u0432\u0443\u044e\u0447\u0438 \u0434\u0443\u0436\u0435 \u0432\u0438\u0441\u043e\u043a\u0443 \u0435\u0444\u0435\u043a\u0442\u0438\u0432\u043d\u0456\u0441\u0442\u044c \u043e\u0441\u043d\u043e\u0432\u043d\u043e\u0457 \u0444\u0456\u043b\u044c\u0442\u0440\u0430\u0446\u0456\u0457, \u0430\u0431\u0441\u043e\u043b\u044e\u0442\u043d\u0456 \u0444\u0456\u043b\u044c\u0442\u0440\u0438 \u043c\u0430\u044e\u0442\u044c \u0434\u0443\u0436\u0435 \u0434\u043e\u0432\u0433\u0438\u0439 \u0442\u0435\u0440\u043c\u0456\u043d \u0441\u043b\u0443\u0436\u0431\u0438, \u043d\u0430\u0432\u0456\u0442\u044c \u043f\u0440\u0438 \u0431\u0435\u0437\u043f\u0435\u0440\u0435\u0440\u0432\u043d\u0456\u0439 \u0440\u043e\u0431\u043e\u0442\u0456 \u043d\u0430 3 \u0441\u0442\u0430\u043d\u0446\u0456\u0457. \u041c\u043e\u0436\u043b\u0438\u0432\u0456 \u0440\u0456\u0437\u043d\u0456 \u043a\u043e\u043d\u0444\u0456\u0433\u0443\u0440\u0430\u0446\u0456\u0457: &#8230; <\/p>\n<p class=\"read-more-container\"><a title=\"\u0424\u0456\u043b\u044c\u0442\u0440 \u043c\u0430\u0441\u043b\u044f\u043d\u043e\u0433\u043e \u0442\u0443\u043c\u0430\u043d\u0443 AFS\" class=\"read-more button\" href=\"https:\/\/obera.fr\/uk\/produits\/filtres-brouillard-huile\/afs\/#more-48641\" aria-label=\"\u0414\u043e\u043a\u043b\u0430\u0434\u043d\u0456\u0448\u0435 \u043f\u0440\u043e \u0424\u0456\u043b\u044c\u0442\u0440 \u043c\u0430\u0441\u043b\u044f\u043d\u043e\u0433\u043e \u0442\u0443\u043c\u0430\u043d\u0443 AFS\">Lire la suite<\/a><\/p>\n","protected":false},"author":4,"featured_media":83753,"parent":48661,"menu_order":0,"comment_status":"closed","ping_status":"closed","template":"","meta":{"_acf_changed":false,"_seopress_robots_primary_cat":"","_seopress_titles_title":"\u0426\u0435\u043d\u0442\u0440\u0430\u043b\u0456\u0437\u043e\u0432\u0430\u043d\u0456 \u0441\u0438\u0441\u0442\u0435\u043c\u0438 \u043c\u0430\u0441\u043b\u044f\u043d\u043e\u0433\u043e \u0442\u0443\u043c\u0430\u043d\u0443 AFS","_seopress_titles_desc":"\u0424\u0456\u043b\u044c\u0442\u0440\u0438 \u043c\u0430\u0441\u043b\u044f\u043d\u043e\u0433\u043e \u0442\u0443\u043c\u0430\u043d\u0443 AFS - \u0446\u0435 \u0456\u043d\u0434\u0438\u0432\u0456\u0434\u0443\u0430\u043b\u044c\u043d\u0435 \u0440\u0456\u0448\u0435\u043d\u043d\u044f \u0434\u043b\u044f \u043e\u0441\u043d\u0430\u0449\u0435\u043d\u043d\u044f \u0432\u0430\u0448\u0438\u0445 \u043e\u0431\u0440\u043e\u0431\u043d\u0438\u0445 \u0432\u0435\u0440\u0441\u0442\u0430\u0442\u0456\u0432 \u0431\u0435\u0437\u043f\u043e\u0441\u0435\u0440\u0435\u0434\u043d\u044c\u043e \u0430\u0431\u043e \u0446\u0435\u043d\u0442\u0440\u0430\u043b\u0456\u0437\u043e\u0432\u0430\u043d\u043e\u0433\u043e \u0432\u0430\u043a\u0443\u0443\u043c\u0443\u0432\u0430\u043d\u043d\u044f.","_seopress_robots_index":"","footnotes":""},"class_list":{"0":"post-48641","1":"page","2":"type-page","3":"status-publish","4":"has-post-thumbnail","6":"no-featured-image-padding","7":"resize-featured-image"},"acf":[],"_links":{"self":[{"href":"https:\/\/obera.fr\/uk\/wp-json\/wp\/v2\/pages\/48641","targetHints":{"allow":["GET"]}}],"collection":[{"href":"https:\/\/obera.fr\/uk\/wp-json\/wp\/v2\/pages"}],"about":[{"href":"https:\/\/obera.fr\/uk\/wp-json\/wp\/v2\/types\/page"}],"author":[{"embeddable":true,"href":"https:\/\/obera.fr\/uk\/wp-json\/wp\/v2\/users\/4"}],"replies":[{"embeddable":true,"href":"https:\/\/obera.fr\/uk\/wp-json\/wp\/v2\/comments?post=48641"}],"version-history":[{"count":7,"href":"https:\/\/obera.fr\/uk\/wp-json\/wp\/v2\/pages\/48641\/revisions"}],"predecessor-version":[{"id":107914,"href":"https:\/\/obera.fr\/uk\/wp-json\/wp\/v2\/pages\/48641\/revisions\/107914"}],"up":[{"embeddable":true,"href":"https:\/\/obera.fr\/uk\/wp-json\/wp\/v2\/pages\/48661"}],"wp:featuredmedia":[{"embeddable":true,"href":"https:\/\/obera.fr\/uk\/wp-json\/wp\/v2\/media\/83753"}],"wp:attachment":[{"href":"https:\/\/obera.fr\/uk\/wp-json\/wp\/v2\/media?parent=48641"}],"curies":[{"name":"wp","href":"https:\/\/api.w.org\/{rel}","templated":true}]}}